{"id":8101,"date":"2025-06-02T23:38:01","date_gmt":"2025-06-02T16:38:01","guid":{"rendered":"https:\/\/mpvane.com\/?post_type=product&#038;p=8101"},"modified":"2025-06-02T23:40:43","modified_gmt":"2025-06-02T16:40:43","slug":"bo-4-canh-than-carbon-orion-0410088801004009565010cbf2525","status":"publish","type":"product","link":"https:\/\/mpvane.com\/en\/san-pham\/bo-4-canh-than-carbon-orion-0410088801004009565010cbf2525\/","title":{"rendered":"B\u1ed9 4 c\u00e1nh than carbon ORION 04100888010,04009565010,CBF2525"},"content":{"rendered":"<div id=\"ez-toc-container\" class=\"ez-toc-v2_0_75 counter-hierarchy ez-toc-counter ez-toc-grey ez-toc-container-direction\">\n<div class=\"ez-toc-title-container\">\n<p class=\"ez-toc-title\" style=\"cursor:inherit\">Table of Contents<\/p>\n<span class=\"ez-toc-title-toggle\"><a href=\"#\" class=\"ez-toc-pull-right ez-toc-btn ez-toc-btn-xs ez-toc-btn-default ez-toc-toggle\" aria-label=\"Toggle Table of Content\"><span class=\"ez-toc-js-icon-con\"><span class=\"\"><span class=\"eztoc-hide\" style=\"display:none;\">Toggle<\/span><span class=\"ez-toc-icon-toggle-span\"><svg style=\"fill: #999;color:#999\" xmlns=\"http:\/\/www.w3.org\/2000\/svg\" class=\"list-377408\" width=\"20px\" height=\"20px\" viewBox=\"0 0 24 24\" fill=\"none\"><path d=\"M6 6H4v2h2V6zm14 0H8v2h12V6zM4 11h2v2H4v-2zm16 0H8v2h12v-2zM4 16h2v2H4v-2zm16 0H8v2h12v-2z\" fill=\"currentColor\"><\/path><\/svg><svg style=\"fill: #999;color:#999\" class=\"arrow-unsorted-368013\" xmlns=\"http:\/\/www.w3.org\/2000\/svg\" width=\"10px\" height=\"10px\" viewBox=\"0 0 24 24\" version=\"1.2\" baseProfile=\"tiny\"><path d=\"M18.2 9.3l-6.2-6.3-6.2 6.3c-.2.2-.3.4-.3.7s.1.5.3.7c.2.2.4.3.7.3h11c.3 0 .5-.1.7-.3.2-.2.3-.5.3-.7s-.1-.5-.3-.7zM5.8 14.7l6.2 6.3 6.2-6.3c.2-.2.3-.5.3-.7s-.1-.5-.3-.7c-.2-.2-.4-.3-.7-.3h-11c-.3 0-.5.1-.7.3-.2.2-.3.5-.3.7s.1.5.3.7z\"\/><\/svg><\/span><\/span><\/span><\/a><\/span><\/div>\n<nav><ul class='ez-toc-list ez-toc-list-level-1 ' ><li class='ez-toc-page-1 ez-toc-heading-level-1'><a class=\"ez-toc-link ez-toc-heading-1\" href=\"https:\/\/mpvane.com\/en\/san-pham\/bo-4-canh-than-carbon-orion-0410088801004009565010cbf2525\/#Bo_canh_than_carbon_ORION_04100888010_04009565010_CBF2525_%E2%80%93_Phu_kien_chinh_hang_cho_may_bom_chan_khong_ORION_CBF2525\" >B\u1ed9 c\u00e1nh than carbon ORION 04100888010, 04009565010, CBF2525 \u2013 Ph\u1ee5 ki\u1ec7n ch\u00ednh h\u00e3ng cho m\u00e1y b\u01a1m ch\u00e2n kh\u00f4ng ORION CBF2525<\/a><ul class='ez-toc-list-level-2' ><li class='ez-toc-heading-level-2'><a class=\"ez-toc-link ez-toc-heading-2\" href=\"https:\/\/mpvane.com\/en\/san-pham\/bo-4-canh-than-carbon-orion-0410088801004009565010cbf2525\/#%F0%9F%94%A7_Thong_tin_san_pham\" >\ud83d\udd27 Th\u00f4ng tin s\u1ea3n ph\u1ea9m<\/a><\/li><li class='ez-toc-page-1 ez-toc-heading-level-2'><a class=\"ez-toc-link ez-toc-heading-3\" href=\"https:\/\/mpvane.com\/en\/san-pham\/bo-4-canh-than-carbon-orion-0410088801004009565010cbf2525\/#%F0%9F%9A%80_Cong_dung_va_ung_dung\" >\ud83d\ude80 C\u00f4ng d\u1ee5ng v\u00e0 \u1ee9ng d\u1ee5ng<\/a><\/li><li class='ez-toc-page-1 ez-toc-heading-level-2'><a class=\"ez-toc-link ez-toc-heading-4\" href=\"https:\/\/mpvane.com\/en\/san-pham\/bo-4-canh-than-carbon-orion-0410088801004009565010cbf2525\/#%F0%9F%8F%AD_Gioi_thieu_may_bom_chan_khong_kho_ORION_CBF2525\" >\ud83c\udfed Gi\u1edbi thi\u1ec7u m\u00e1y b\u01a1m ch\u00e2n kh\u00f4ng kh\u00f4 ORION CBF2525<\/a><ul class='ez-toc-list-level-3' ><li class='ez-toc-heading-level-3'><a class=\"ez-toc-link ez-toc-heading-5\" href=\"https:\/\/mpvane.com\/en\/san-pham\/bo-4-canh-than-carbon-orion-0410088801004009565010cbf2525\/#1_Dac_diem_noi_bat\" >1. \u0110\u1eb7c \u0111i\u1ec3m n\u1ed5i b\u1eadt<\/a><\/li><li class='ez-toc-page-1 ez-toc-heading-level-3'><a class=\"ez-toc-link ez-toc-heading-6\" href=\"https:\/\/mpvane.com\/en\/san-pham\/bo-4-canh-than-carbon-orion-0410088801004009565010cbf2525\/#2_Nguyen_ly_hoat_dong\" >2. Nguy\u00ean l\u00fd ho\u1ea1t \u0111\u1ed9ng<\/a><\/li><\/ul><\/li><li class='ez-toc-page-1 ez-toc-heading-level-2'><a class=\"ez-toc-link ez-toc-heading-7\" href=\"https:\/\/mpvane.com\/en\/san-pham\/bo-4-canh-than-carbon-orion-0410088801004009565010cbf2525\/#%E2%9A%A0%EF%B8%8F_Luu_y_khi_su_dung_va_bao_tri_may_bom_ORION\" >\u26a0\ufe0f L\u01b0u \u00fd khi s\u1eed d\u1ee5ng v\u00e0 b\u1ea3o tr\u00ec m\u00e1y b\u01a1m ORION<\/a><ul class='ez-toc-list-level-3' ><li class='ez-toc-heading-level-3'><a class=\"ez-toc-link ez-toc-heading-8\" href=\"https:\/\/mpvane.com\/en\/san-pham\/bo-4-canh-than-carbon-orion-0410088801004009565010cbf2525\/#%E2%9C%85_Khong_hut_khi_de_chayno\" >\u2705 Kh\u00f4ng h\u00fat kh\u00ed d\u1ec5 ch\u00e1y\/n\u1ed5<\/a><\/li><li class='ez-toc-page-1 ez-toc-heading-level-3'><a class=\"ez-toc-link ez-toc-heading-9\" href=\"https:\/\/mpvane.com\/en\/san-pham\/bo-4-canh-than-carbon-orion-0410088801004009565010cbf2525\/#%E2%9C%85_Khong_van_hanh_khi_bi_chan_duong_hut_hoac_xa\" >\u2705 Kh\u00f4ng v\u1eadn h\u00e0nh khi b\u1ecb ch\u1eb7n \u0111\u01b0\u1eddng h\u00fat ho\u1eb7c x\u1ea3<\/a><\/li><li class='ez-toc-page-1 ez-toc-heading-level-3'><a class=\"ez-toc-link ez-toc-heading-10\" href=\"https:\/\/mpvane.com\/en\/san-pham\/bo-4-canh-than-carbon-orion-0410088801004009565010cbf2525\/#%E2%9C%85_Su_dung_dung_dieu_kien\" >\u2705 S\u1eed d\u1ee5ng \u0111\u00fang \u0111i\u1ec1u ki\u1ec7n<\/a><\/li><\/ul><\/li><li class='ez-toc-page-1 ez-toc-heading-level-2'><a class=\"ez-toc-link ez-toc-heading-11\" href=\"https:\/\/mpvane.com\/en\/san-pham\/bo-4-canh-than-carbon-orion-0410088801004009565010cbf2525\/#%F0%9F%94%84_Thay_the_dinh_ky_canh_bom_than_ORION\" >\ud83d\udd04 Thay th\u1ebf \u0111\u1ecbnh k\u1ef3 c\u00e1nh b\u01a1m than ORION<\/a><ul class='ez-toc-list-level-3' ><li class='ez-toc-heading-level-3'><a class=\"ez-toc-link ez-toc-heading-12\" href=\"https:\/\/mpvane.com\/en\/san-pham\/bo-4-canh-than-carbon-orion-0410088801004009565010cbf2525\/#%E2%8F%B3_Thoi_gian_khuyen_nghi_thay_the\" >\u23f3 Th\u1eddi gian khuy\u1ebfn ngh\u1ecb thay th\u1ebf<\/a><\/li><\/ul><\/li><li class='ez-toc-page-1 ez-toc-heading-level-2'><a class=\"ez-toc-link ez-toc-heading-13\" href=\"https:\/\/mpvane.com\/en\/san-pham\/bo-4-canh-than-carbon-orion-0410088801004009565010cbf2525\/#%F0%9F%93%A6_Bo_phu_kien_thay_the_chinh_hang_ORION\" >\ud83d\udce6 B\u1ed9 ph\u1ee5 ki\u1ec7n thay th\u1ebf ch\u00ednh h\u00e3ng ORION<\/a><\/li><li class='ez-toc-page-1 ez-toc-heading-level-2'><a class=\"ez-toc-link ez-toc-heading-14\" href=\"https:\/\/mpvane.com\/en\/san-pham\/bo-4-canh-than-carbon-orion-0410088801004009565010cbf2525\/#%F0%9F%93%9E_Lien_he_ngay_de_duoc_tu_van_dat_hang\" >\ud83d\udcde Li\u00ean h\u1ec7 ngay \u0111\u1ec3 \u0111\u01b0\u1ee3c t\u01b0 v\u1ea5n &amp; \u0111\u1eb7t h\u00e0ng<\/a><\/li><li class='ez-toc-page-1 ez-toc-heading-level-2'><a class=\"ez-toc-link ez-toc-heading-15\" href=\"https:\/\/mpvane.com\/en\/san-pham\/bo-4-canh-than-carbon-orion-0410088801004009565010cbf2525\/#%F0%9F%94%8E_Tu_khoa_SEO_goi_y_tich_hop\" >\ud83d\udd0e T\u1eeb kh\u00f3a SEO g\u1ee3i \u00fd t\u00edch h\u1ee3p<\/a><\/li><\/ul><\/li><\/ul><\/nav><\/div>\n<div class=\"dad65929\">\n<div class=\"_4f9bf79 d7dc56a8 _43c05b5\">\n<div class=\"ds-markdown ds-markdown--block\">\n<h1 data-start=\"214\" data-end=\"338\"><span class=\"ez-toc-section\" id=\"Bo_canh_than_carbon_ORION_04100888010_04009565010_CBF2525_%E2%80%93_Phu_kien_chinh_hang_cho_may_bom_chan_khong_ORION_CBF2525\"><\/span><strong data-start=\"216\" data-end=\"338\">B\u1ed9 c\u00e1nh than carbon ORION 04100888010, 04009565010, CBF2525 \u2013 Ph\u1ee5 ki\u1ec7n ch\u00ednh h\u00e3ng cho m\u00e1y b\u01a1m ch\u00e2n kh\u00f4ng ORION CBF2525<\/strong><span class=\"ez-toc-section-end\"><\/span><\/h1>\n<h2 data-start=\"340\" data-end=\"368\"><span class=\"ez-toc-section\" id=\"%F0%9F%94%A7_Thong_tin_san_pham\"><\/span>\ud83d\udd27 <strong data-start=\"346\" data-end=\"368\">Th\u00f4ng tin s\u1ea3n ph\u1ea9m<\/strong><span class=\"ez-toc-section-end\"><\/span><\/h2>\n<ul data-start=\"369\" data-end=\"838\">\n<li data-start=\"369\" data-end=\"411\">\n<p data-start=\"371\" data-end=\"411\"><strong data-start=\"371\" data-end=\"387\">T\u00ean s\u1ea3n ph\u1ea9m<\/strong>: B\u1ed9 4 c\u00e1nh than ORION<\/p>\n<\/li>\n<li data-start=\"412\" data-end=\"483\">\n<p data-start=\"414\" data-end=\"483\"><strong data-start=\"414\" data-end=\"429\">M\u00e3 s\u1ea3n ph\u1ea9m<\/strong>: 04100888010 | 04009565010 (M\u00e3 c\u0169 &#8211; ng\u1eebng s\u1ea3n xu\u1ea5t)<\/p>\n<\/li>\n<li data-start=\"484\" data-end=\"662\">\n<p data-start=\"486\" data-end=\"662\"><strong data-start=\"486\" data-end=\"507\">Ph\u00f9 h\u1ee3p v\u1edbi model<\/strong>: M\u00e1y b\u01a1m ch\u00e2n kh\u00f4ng kh\u00f4 ORION CBF2525 v\u00e0 c\u00e1c bi\u1ebfn th\u1ec3 CBF2525-VB-01B, CBF2525-VB-04B, CBF2525-VBVB-01B, CBF2525-VBVB-04B, CBF2525-VV-01B, CBF2525-BB-01B<\/p>\n<\/li>\n<li data-start=\"663\" data-end=\"733\">\n<p data-start=\"665\" data-end=\"733\"><strong data-start=\"665\" data-end=\"690\">K\u00edch th\u01b0\u1edbc ti\u00eau chu\u1ea9n<\/strong>: 38 mm (r\u1ed9ng) \u00d7 95 mm (d\u00e0i) \u00d7 5 mm (d\u00e0y)<\/p>\n<\/li>\n<li data-start=\"734\" data-end=\"797\">\n<p data-start=\"736\" data-end=\"797\"><strong data-start=\"736\" data-end=\"748\">V\u1eadt li\u1ec7u<\/strong>: Carbon KRF25 cao c\u1ea5p, t\u1ef1 b\u00f4i tr\u01a1n, \u0111\u1ed9 b\u1ec1n cao<\/p>\n<\/li>\n<li data-start=\"798\" data-end=\"838\">\n<p data-start=\"800\" data-end=\"838\"><strong data-start=\"800\" data-end=\"812\">S\u1ed1 l\u01b0\u1ee3ng<\/strong>: 01 b\u1ed9 g\u1ed3m 04 c\u00e1nh than<\/p>\n<\/li>\n<\/ul>\n<h2 data-start=\"840\" data-end=\"871\"><span class=\"ez-toc-section\" id=\"%F0%9F%9A%80_Cong_dung_va_ung_dung\"><\/span>\ud83d\ude80 <strong data-start=\"846\" data-end=\"871\">C\u00f4ng d\u1ee5ng v\u00e0 \u1ee9ng d\u1ee5ng<\/strong><span class=\"ez-toc-section-end\"><\/span><\/h2>\n<p data-start=\"872\" data-end=\"1089\">B\u1ed9 c\u00e1nh than ORION 04100888010 \u0111\u01b0\u1ee3c s\u1eed d\u1ee5ng trong <strong data-start=\"922\" data-end=\"967\">m\u00e1y b\u01a1m ch\u00e2n kh\u00f4ng quay kh\u00f4 ORION CBF2525<\/strong>, \u0111\u00f3ng vai tr\u00f2 quan tr\u1ecdng trong qu\u00e1 tr\u00ecnh h\u00fat v\u00e0 x\u1ea3 kh\u00ed, \u0111\u1ea3m b\u1ea3o hi\u1ec7u su\u1ea5t l\u00e0m vi\u1ec7c t\u1ed1i \u01b0u, \u0111\u1ed9 b\u1ec1n cao v\u00e0 ho\u1ea1t \u0111\u1ed9ng \u00eam \u00e1i.<\/p>\n<p data-start=\"1091\" data-end=\"1295\">M\u00e1y b\u01a1m ORION s\u1eed d\u1ee5ng c\u00f4ng ngh\u1ec7 kh\u00f4ng d\u1ea7u ti\u00ean ti\u1ebfn, tr\u00e1nh t\u00ecnh tr\u1ea1ng nhi\u1ec5m b\u1ea9n d\u1ea7u v\u00e0o s\u1ea3n ph\u1ea9m ho\u1eb7c m\u00f4i tr\u01b0\u1eddng l\u00e0m vi\u1ec7c \u2013 l\u00fd t\u01b0\u1edfng cho c\u00e1c ng\u00e0nh c\u00f4ng nghi\u1ec7p th\u1ef1c ph\u1ea9m, d\u01b0\u1ee3c ph\u1ea9m, \u0111i\u1ec7n t\u1eed v\u00e0 t\u1ef1 \u0111\u1ed9ng h\u00f3a.<\/p>\n<hr data-start=\"1297\" data-end=\"1300\" \/>\n<h2 data-start=\"1302\" data-end=\"1359\"><span class=\"ez-toc-section\" id=\"%F0%9F%8F%AD_Gioi_thieu_may_bom_chan_khong_kho_ORION_CBF2525\"><\/span>\ud83c\udfed <strong data-start=\"1308\" data-end=\"1359\">Gi\u1edbi thi\u1ec7u m\u00e1y b\u01a1m ch\u00e2n kh\u00f4ng kh\u00f4 ORION CBF2525<\/strong><span class=\"ez-toc-section-end\"><\/span><\/h2>\n<h3 data-start=\"1361\" data-end=\"1388\"><span class=\"ez-toc-section\" id=\"1_Dac_diem_noi_bat\"><\/span><strong data-start=\"1365\" data-end=\"1388\">1. \u0110\u1eb7c \u0111i\u1ec3m n\u1ed5i b\u1eadt<\/strong><span class=\"ez-toc-section-end\"><\/span><\/h3>\n<ul data-start=\"1389\" data-end=\"1690\">\n<li data-start=\"1389\" data-end=\"1464\">\n<p data-start=\"1391\" data-end=\"1464\"><strong data-start=\"1391\" data-end=\"1413\">Kh\u00f4ng d\u1ea7u, s\u1ea1ch s\u1ebd<\/strong>: Kh\u00f4ng g\u00e2y nhi\u1ec5m d\u1ea7u cho s\u1ea3n ph\u1ea9m ho\u1eb7c m\u00f4i tr\u01b0\u1eddng.<\/p>\n<\/li>\n<li data-start=\"1465\" data-end=\"1549\">\n<p data-start=\"1467\" data-end=\"1549\"><strong data-start=\"1467\" data-end=\"1498\">Ti\u1ebfng \u1ed3n th\u1ea5p, tu\u1ed5i th\u1ecd cao<\/strong>: Thi\u1ebft k\u1ebf t\u1ed1i \u01b0u v\u1edbi c\u00e1nh than carbon t\u1ef1 b\u00f4i tr\u01a1n.<\/p>\n<\/li>\n<li data-start=\"1550\" data-end=\"1617\">\n<p data-start=\"1552\" data-end=\"1617\"><strong data-start=\"1552\" data-end=\"1569\">Hi\u1ec7u su\u1ea5t cao<\/strong>: T\u1ed1c \u0111\u1ed9 quay l\u1edbn, h\u00fat x\u1ea3 \u1ed5n \u0111\u1ecbnh, \u0111\u1ed9 rung th\u1ea5p.<\/p>\n<\/li>\n<li data-start=\"1618\" data-end=\"1690\">\n<p data-start=\"1620\" data-end=\"1690\"><strong data-start=\"1620\" data-end=\"1648\">\u0110\u1ed3ng h\u1ed3 v\u00e0 b\u1ed9 \u0111i\u1ec1u khi\u1ec3n<\/strong>: L\u00e0 trang b\u1ecb ti\u00eau chu\u1ea9n tr\u00ean nhi\u1ec1u model.<\/p>\n<\/li>\n<\/ul>\n<h3 data-start=\"1692\" data-end=\"1722\"><span class=\"ez-toc-section\" id=\"2_Nguyen_ly_hoat_dong\"><\/span><strong data-start=\"1696\" data-end=\"1722\">2. Nguy\u00ean l\u00fd ho\u1ea1t \u0111\u1ed9ng<\/strong><span class=\"ez-toc-section-end\"><\/span><\/h3>\n<p data-start=\"1723\" data-end=\"1869\">M\u00e1y ho\u1ea1t \u0111\u1ed9ng theo nguy\u00ean l\u00fd <strong data-start=\"1752\" data-end=\"1770\">rotor l\u1ec7ch t\u00e2m<\/strong> v\u00e0 s\u1eed d\u1ee5ng <strong data-start=\"1782\" data-end=\"1817\">c\u00e1nh than carbon tr\u01b0\u1ee3t li\u00ean t\u1ee5c<\/strong>, gi\u00fap t\u1ea1o ra v\u00f9ng ch\u00e2n kh\u00f4ng ho\u1eb7c \u0111\u1ea9y kh\u00ed hi\u1ec7u qu\u1ea3.<\/p>\n<p data-start=\"1871\" data-end=\"1979\">V\u1edbi c\u1ea5u tr\u00fac 4 c\u00e1nh g\u1ea1t, m\u00e1y ho\u00e0n t\u1ea5t chu tr\u00ecnh h\u00fat-n\u00e9n-x\u1ea3 <strong data-start=\"1930\" data-end=\"1953\">4 l\u1ea7n m\u1ed7i v\u00f2ng quay<\/strong>, t\u0103ng hi\u1ec7u su\u1ea5t l\u00e0m vi\u1ec7c.<\/p>\n<hr data-start=\"1981\" data-end=\"1984\" \/>\n<h2 data-start=\"1986\" data-end=\"2038\"><span class=\"ez-toc-section\" id=\"%E2%9A%A0%EF%B8%8F_Luu_y_khi_su_dung_va_bao_tri_may_bom_ORION\"><\/span>\u26a0\ufe0f <strong data-start=\"1992\" data-end=\"2038\">L\u01b0u \u00fd khi s\u1eed d\u1ee5ng v\u00e0 b\u1ea3o tr\u00ec m\u00e1y b\u01a1m ORION<\/strong><span class=\"ez-toc-section-end\"><\/span><\/h2>\n<h3 data-start=\"2040\" data-end=\"2074\"><span class=\"ez-toc-section\" id=\"%E2%9C%85_Khong_hut_khi_de_chayno\"><\/span>\u2705 <strong data-start=\"2046\" data-end=\"2074\">Kh\u00f4ng h\u00fat kh\u00ed d\u1ec5 ch\u00e1y\/n\u1ed5<\/strong><span class=\"ez-toc-section-end\"><\/span><\/h3>\n<p data-start=\"2075\" data-end=\"2139\">S\u1eed d\u1ee5ng sai c\u00f3 th\u1ec3 g\u00e2y ch\u00e1y n\u1ed5 ho\u1eb7c h\u01b0 h\u1ea1i nghi\u00eam tr\u1ecdng cho m\u00e1y.<\/p>\n<h3 data-start=\"2141\" data-end=\"2195\"><span class=\"ez-toc-section\" id=\"%E2%9C%85_Khong_van_hanh_khi_bi_chan_duong_hut_hoac_xa\"><\/span>\u2705 <strong data-start=\"2147\" data-end=\"2195\">Kh\u00f4ng v\u1eadn h\u00e0nh khi b\u1ecb ch\u1eb7n \u0111\u01b0\u1eddng h\u00fat ho\u1eb7c x\u1ea3<\/strong><span class=\"ez-toc-section-end\"><\/span><\/h3>\n<p data-start=\"2196\" data-end=\"2256\">D\u1ec5 g\u00e2y qu\u00e1 nhi\u1ec7t, ch\u00e1y \u0111\u1ed9ng c\u01a1, v\u1ee1 \u0111\u01b0\u1eddng \u1ed1ng v\u00e0 m\u1ea5t an to\u00e0n.<\/p>\n<h3 data-start=\"2258\" data-end=\"2290\"><span class=\"ez-toc-section\" id=\"%E2%9C%85_Su_dung_dung_dieu_kien\"><\/span>\u2705 <strong data-start=\"2264\" data-end=\"2290\">S\u1eed d\u1ee5ng \u0111\u00fang \u0111i\u1ec1u ki\u1ec7n<\/strong><span class=\"ez-toc-section-end\"><\/span><\/h3>\n<ul data-start=\"2291\" data-end=\"2434\">\n<li data-start=\"2291\" data-end=\"2328\">\n<p data-start=\"2293\" data-end=\"2328\">Nhi\u1ec7t \u0111\u1ed9 m\u00f4i tr\u01b0\u1eddng: <strong data-start=\"2314\" data-end=\"2326\">0 \u2013 40\u00b0C<\/strong><\/p>\n<\/li>\n<li data-start=\"2329\" data-end=\"2363\">\n<p data-start=\"2331\" data-end=\"2363\">\u0110\u1ed9 \u1ea9m ti\u00eau chu\u1ea9n: <strong data-start=\"2349\" data-end=\"2361\">65% \u00b120%<\/strong><\/p>\n<\/li>\n<li data-start=\"2364\" data-end=\"2434\">\n<p data-start=\"2366\" data-end=\"2434\">Kh\u00f4ng kh\u00ed \u0111\u1ea7u v\u00e0o ph\u1ea3i s\u1ea1ch, kh\u00f4ng c\u00f3 h\u01a1i n\u01b0\u1edbc, b\u1ee5i ho\u1eb7c kh\u00ed \u0103n m\u00f2n.<\/p>\n<\/li>\n<\/ul>\n<hr data-start=\"2436\" data-end=\"2439\" \/>\n<h2 data-start=\"2441\" data-end=\"2487\"><span class=\"ez-toc-section\" id=\"%F0%9F%94%84_Thay_the_dinh_ky_canh_bom_than_ORION\"><\/span>\ud83d\udd04 <strong data-start=\"2447\" data-end=\"2487\">Thay th\u1ebf \u0111\u1ecbnh k\u1ef3 c\u00e1nh b\u01a1m than ORION<\/strong><span class=\"ez-toc-section-end\"><\/span><\/h2>\n<h3 data-start=\"2489\" data-end=\"2529\"><span class=\"ez-toc-section\" id=\"%E2%8F%B3_Thoi_gian_khuyen_nghi_thay_the\"><\/span>\u23f3 <strong data-start=\"2495\" data-end=\"2529\">Th\u1eddi gian khuy\u1ebfn ngh\u1ecb thay th\u1ebf<\/strong><span class=\"ez-toc-section-end\"><\/span><\/h3>\n<ul data-start=\"2530\" data-end=\"2638\">\n<li data-start=\"2530\" data-end=\"2581\">\n<p data-start=\"2532\" data-end=\"2581\"><strong data-start=\"2532\" data-end=\"2546\">12.000 gi\u1edd<\/strong> ho\u1ea1t \u0111\u1ed9ng \u1edf \u0111i\u1ec1u ki\u1ec7n b\u00ecnh th\u01b0\u1eddng.<\/p>\n<\/li>\n<li data-start=\"2582\" data-end=\"2638\">\n<p data-start=\"2584\" data-end=\"2638\"><strong data-start=\"2584\" data-end=\"2597\">9.500 gi\u1edd<\/strong> n\u1ebfu m\u00e1y v\u1eadn h\u00e0nh g\u1ea7n m\u1ee9c \u00e1p su\u1ea5t t\u1ed1i \u0111a.<\/p>\n<\/li>\n<\/ul>\n<blockquote data-start=\"2640\" data-end=\"2776\">\n<p data-start=\"2642\" data-end=\"2776\">N\u1ebfu hi\u1ec7u su\u1ea5t gi\u1ea3m ho\u1eb7c m\u00e1y g\u00e2y ti\u1ebfng \u1ed3n b\u1ea5t th\u01b0\u1eddng, <strong data-start=\"2695\" data-end=\"2730\">h\u00e3y thay c\u00e1nh than ngay l\u1eadp t\u1ee9c<\/strong> \u0111\u1ec3 tr\u00e1nh k\u1eb9t m\u00e1y, h\u1ecfng h\u00f3c ho\u1eb7c g\u00e3y c\u00e1nh b\u01a1m.<\/p>\n<\/blockquote>\n<hr data-start=\"2778\" data-end=\"2781\" \/>\n<h2 data-start=\"2783\" data-end=\"2830\"><span class=\"ez-toc-section\" id=\"%F0%9F%93%A6_Bo_phu_kien_thay_the_chinh_hang_ORION\"><\/span>\ud83d\udce6 <strong data-start=\"2789\" data-end=\"2830\">B\u1ed9 ph\u1ee5 ki\u1ec7n thay th\u1ebf ch\u00ednh h\u00e3ng ORION<\/strong><span class=\"ez-toc-section-end\"><\/span><\/h2>\n<ul data-start=\"2831\" data-end=\"2962\">\n<li data-start=\"2831\" data-end=\"2878\">\n<p data-start=\"2833\" data-end=\"2878\"><strong data-start=\"2833\" data-end=\"2860\">Cam k\u1ebft ch\u00ednh h\u00e3ng 100%<\/strong> t\u1eeb Orion Nh\u1eadt B\u1ea3n<\/p>\n<\/li>\n<li data-start=\"2879\" data-end=\"2913\">\n<p data-start=\"2881\" data-end=\"2913\"><strong data-start=\"2881\" data-end=\"2913\">Ph\u00f9 h\u1ee3p m\u1ecdi d\u00f2ng m\u00e1y CBF2525<\/strong><\/p>\n<\/li>\n<li data-start=\"2914\" data-end=\"2962\">\n<p data-start=\"2916\" data-end=\"2962\"><strong data-start=\"2916\" data-end=\"2962\">H\u1ed7 tr\u1ee3 t\u01b0 v\u1ea5n k\u1ef9 thu\u1eadt, l\u1eafp \u0111\u1eb7t v\u00e0 b\u1ea3o tr\u00ec<\/strong><\/p>\n<\/li>\n<\/ul>\n<hr data-start=\"2964\" data-end=\"2967\" \/>\n<h2 data-start=\"2969\" data-end=\"3017\"><span class=\"ez-toc-section\" id=\"%F0%9F%93%9E_Lien_he_ngay_de_duoc_tu_van_dat_hang\"><\/span>\ud83d\udcde <strong data-start=\"2975\" data-end=\"3017\">Li\u00ean h\u1ec7 ngay \u0111\u1ec3 \u0111\u01b0\u1ee3c t\u01b0 v\u1ea5n &amp; \u0111\u1eb7t h\u00e0ng<\/strong><span class=\"ez-toc-section-end\"><\/span><\/h2>\n<ul data-start=\"3018\" data-end=\"3190\">\n<li data-start=\"3018\" data-end=\"3083\">\n<p data-start=\"3020\" data-end=\"3083\">\ud83c\udf10 <strong data-start=\"3023\" data-end=\"3034\">Website<\/strong>: <a class=\"\" href=\"http:\/\/www.minhphuco.com\" target=\"_new\" rel=\"noopener\" data-start=\"3036\" data-end=\"3081\">www.minhphuco.com<\/a><\/p>\n<\/li>\n<li data-start=\"3084\" data-end=\"3120\">\n<p data-start=\"3086\" data-end=\"3120\">\ud83d\udce7 <strong data-start=\"3089\" data-end=\"3098\">Email<\/strong>: <a class=\"cursor-pointer\" rel=\"noopener\" data-start=\"3100\" data-end=\"3118\">sales@minhphuco.vn<\/a><\/p>\n<\/li>\n<li data-start=\"3121\" data-end=\"3190\">\n<p data-start=\"3123\" data-end=\"3190\">\ud83d\udcf2 <strong data-start=\"3126\" data-end=\"3144\">Zalo \/ Hotline<\/strong>: 0985 459 559 | 0985 490 343 | 0985 843 778<\/p>\n<\/li>\n<\/ul>\n<p data-start=\"3192\" data-end=\"3298\">\ud83d\udd27 <strong data-start=\"3195\" data-end=\"3298\">Minh Ph\u00fa Co., Ltd \u2013 Chuy\u00ean cung c\u1ea5p linh ki\u1ec7n v\u00e0 thi\u1ebft b\u1ecb m\u00e1y b\u01a1m ch\u00e2n kh\u00f4ng ch\u00ednh h\u00e3ng t\u1eeb Nh\u1eadt B\u1ea3n<\/strong><\/p>\n<hr data-start=\"3300\" data-end=\"3303\" \/>\n<h2 data-start=\"3305\" data-end=\"3341\"><span class=\"ez-toc-section\" id=\"%F0%9F%94%8E_Tu_khoa_SEO_goi_y_tich_hop\"><\/span>\ud83d\udd0e <strong data-start=\"3311\" data-end=\"3341\">T\u1eeb kh\u00f3a SEO g\u1ee3i \u00fd t\u00edch h\u1ee3p<\/strong><span class=\"ez-toc-section-end\"><\/span><\/h2>\n<ul data-start=\"3342\" data-end=\"3546\">\n<li data-start=\"3342\" data-end=\"3373\">\n<p data-start=\"3344\" data-end=\"3373\">c\u00e1nh than ORION 04100888010<\/p>\n<\/li>\n<li data-start=\"3374\" data-end=\"3415\">\n<p data-start=\"3376\" data-end=\"3415\">c\u00e1nh b\u01a1m ch\u00e2n kh\u00f4ng ORION 04009565010<\/p>\n<\/li>\n<li data-start=\"3416\" data-end=\"3445\">\n<p data-start=\"3418\" data-end=\"3445\">ORION CBF2525 carbon vane<\/p>\n<\/li>\n<li data-start=\"3446\" data-end=\"3479\">\n<p data-start=\"3448\" data-end=\"3479\">ph\u1ee5 ki\u1ec7n b\u01a1m ORION ch\u00ednh h\u00e3ng<\/p>\n<\/li>\n<li data-start=\"3480\" data-end=\"3514\">\n<p data-start=\"3482\" data-end=\"3514\">c\u00e1nh g\u1ea1t carbon ORION Nh\u1eadt B\u1ea3n<\/p>\n<\/li>\n<li data-start=\"3515\" data-end=\"3546\">\n<p data-start=\"3517\" data-end=\"3546\">ORION dry vacuum pump parts<\/p>\n<\/li>\n<\/ul>\n<\/div>\n<\/div>\n<\/div>\n","protected":false},"excerpt":{"rendered":"<p>K\u00edch th\u01b0\u1edbc: 38 mm (chi\u1ec1u r\u1ed9ng\/cao) \u00d7 95 mm (chi\u1ec1u d\u00e0i)\u00d7 5 mm (\u0111\u1ed9 d\u00e0y)<br \/>\nD\u00f9ng cho c\u00e1c m\u00e1y b\u01a1m : ORION CBF2525<br \/>\nV\u1eadt li\u1ec7u Carbon<\/p>\n","protected":false},"featured_media":8099,"comment_status":"open","ping_status":"closed","template":"","meta":{"_acf_changed":false},"product_brand":[],"product_cat":[69,707],"product_tag":[2167,2166,2168,2176],"class_list":{"0":"post-8101","1":"product","2":"type-product","3":"status-publish","4":"has-post-thumbnail","6":"product_cat-canh-vane","7":"product_cat-orion-vanes","8":"product_tag-2167","9":"product_tag-2166","10":"product_tag-38-95-5-mm","11":"product_tag-cbf2525","13":"first","14":"instock","15":"shipping-taxable","16":"product-type-simple"},"acf":[],"_links":{"self":[{"href":"https:\/\/mpvane.com\/en\/wp-json\/wp\/v2\/product\/8101","targetHints":{"allow":["GET"]}}],"collection":[{"href":"https:\/\/mpvane.com\/en\/wp-json\/wp\/v2\/product"}],"about":[{"href":"https:\/\/mpvane.com\/en\/wp-json\/wp\/v2\/types\/product"}],"replies":[{"embeddable":true,"href":"https:\/\/mpvane.com\/en\/wp-json\/wp\/v2\/comments?post=8101"}],"version-history":[{"count":1,"href":"https:\/\/mpvane.com\/en\/wp-json\/wp\/v2\/product\/8101\/revisions"}],"predecessor-version":[{"id":8102,"href":"https:\/\/mpvane.com\/en\/wp-json\/wp\/v2\/product\/8101\/revisions\/8102"}],"wp:featuredmedia":[{"embeddable":true,"href":"https:\/\/mpvane.com\/en\/wp-json\/wp\/v2\/media\/8099"}],"wp:attachment":[{"href":"https:\/\/mpvane.com\/en\/wp-json\/wp\/v2\/media?parent=8101"}],"wp:term":[{"taxonomy":"product_brand","embeddable":true,"href":"https:\/\/mpvane.com\/en\/wp-json\/wp\/v2\/product_brand?post=8101"},{"taxonomy":"product_cat","embeddable":true,"href":"https:\/\/mpvane.com\/en\/wp-json\/wp\/v2\/product_cat?post=8101"},{"taxonomy":"product_tag","embeddable":true,"href":"https:\/\/mpvane.com\/en\/wp-json\/wp\/v2\/product_tag?post=8101"}],"curies":[{"name":"wp","href":"https:\/\/api.w.org\/{rel}","templated":true}]}}