{"id":8093,"date":"2025-06-02T23:11:44","date_gmt":"2025-06-02T16:11:44","guid":{"rendered":"https:\/\/mpvane.com\/?post_type=product&#038;p=8093"},"modified":"2025-06-02T23:31:59","modified_gmt":"2025-06-02T16:31:59","slug":"bo-4-canh-than-carbon-orion-0410088801004009565010krf25","status":"publish","type":"product","link":"https:\/\/mpvane.com\/en\/san-pham\/bo-4-canh-than-carbon-orion-0410088801004009565010krf25\/","title":{"rendered":"B\u1ed9 4 c\u00e1nh than carbon ORION 04100888010,04009565010,KRF25"},"content":{"rendered":"<div id=\"ez-toc-container\" class=\"ez-toc-v2_0_75 counter-hierarchy ez-toc-counter ez-toc-grey ez-toc-container-direction\">\n<div class=\"ez-toc-title-container\">\n<p class=\"ez-toc-title\" style=\"cursor:inherit\">Table of Contents<\/p>\n<span class=\"ez-toc-title-toggle\"><a href=\"#\" class=\"ez-toc-pull-right ez-toc-btn ez-toc-btn-xs ez-toc-btn-default ez-toc-toggle\" aria-label=\"Toggle Table of Content\"><span class=\"ez-toc-js-icon-con\"><span class=\"\"><span class=\"eztoc-hide\" style=\"display:none;\">Toggle<\/span><span class=\"ez-toc-icon-toggle-span\"><svg style=\"fill: #999;color:#999\" xmlns=\"http:\/\/www.w3.org\/2000\/svg\" class=\"list-377408\" width=\"20px\" height=\"20px\" viewBox=\"0 0 24 24\" fill=\"none\"><path d=\"M6 6H4v2h2V6zm14 0H8v2h12V6zM4 11h2v2H4v-2zm16 0H8v2h12v-2zM4 16h2v2H4v-2zm16 0H8v2h12v-2z\" fill=\"currentColor\"><\/path><\/svg><svg style=\"fill: #999;color:#999\" class=\"arrow-unsorted-368013\" xmlns=\"http:\/\/www.w3.org\/2000\/svg\" width=\"10px\" height=\"10px\" viewBox=\"0 0 24 24\" version=\"1.2\" baseProfile=\"tiny\"><path d=\"M18.2 9.3l-6.2-6.3-6.2 6.3c-.2.2-.3.4-.3.7s.1.5.3.7c.2.2.4.3.7.3h11c.3 0 .5-.1.7-.3.2-.2.3-.5.3-.7s-.1-.5-.3-.7zM5.8 14.7l6.2 6.3 6.2-6.3c.2-.2.3-.5.3-.7s-.1-.5-.3-.7c-.2-.2-.4-.3-.7-.3h-11c-.3 0-.5.1-.7.3-.2.2-.3.5-.3.7s.1.5.3.7z\"\/><\/svg><\/span><\/span><\/span><\/a><\/span><\/div>\n<nav><ul class='ez-toc-list ez-toc-list-level-1 ' ><li class='ez-toc-page-1 ez-toc-heading-level-1'><a class=\"ez-toc-link ez-toc-heading-1\" href=\"https:\/\/mpvane.com\/en\/san-pham\/bo-4-canh-than-carbon-orion-0410088801004009565010krf25\/#Bo_4_Canh_Than_Carbon_ORION_04100888010_04009565010_KRF25_%E2%80%93_Phu_Tung_Chinh_Hang\" >B\u1ed9 4 C\u00e1nh Than Carbon ORION 04100888010, 04009565010, KRF25 \u2013 Ph\u1ee5 T\u00f9ng Ch\u00ednh H\u00e3ng<\/a><ul class='ez-toc-list-level-2' ><li class='ez-toc-heading-level-2'><a class=\"ez-toc-link ez-toc-heading-2\" href=\"https:\/\/mpvane.com\/en\/san-pham\/bo-4-canh-than-carbon-orion-0410088801004009565010krf25\/#Thong_Tin_San_Pham\" >Th\u00f4ng Tin S\u1ea3n Ph\u1ea9m<\/a><\/li><li class='ez-toc-page-1 ez-toc-heading-level-2'><a class=\"ez-toc-link ez-toc-heading-3\" href=\"https:\/\/mpvane.com\/en\/san-pham\/bo-4-canh-than-carbon-orion-0410088801004009565010krf25\/#Ung_Dung\" >\u1ee8ng D\u1ee5ng<\/a><\/li><li class='ez-toc-page-1 ez-toc-heading-level-2'><a class=\"ez-toc-link ez-toc-heading-4\" href=\"https:\/\/mpvane.com\/en\/san-pham\/bo-4-canh-than-carbon-orion-0410088801004009565010krf25\/#Gioi_Thieu_Ve_Bom_Chan_Khong_Kho_ORION\" >Gi\u1edbi Thi\u1ec7u V\u1ec1 B\u01a1m Ch\u00e2n Kh\u00f4ng Kh\u00f4 ORION<\/a><\/li><li class='ez-toc-page-1 ez-toc-heading-level-2'><a class=\"ez-toc-link ez-toc-heading-5\" href=\"https:\/\/mpvane.com\/en\/san-pham\/bo-4-canh-than-carbon-orion-0410088801004009565010krf25\/#Nguyen_Ly_Hoat_Dong\" >Nguy\u00ean L\u00fd Ho\u1ea1t \u0110\u1ed9ng<\/a><\/li><li class='ez-toc-page-1 ez-toc-heading-level-2'><a class=\"ez-toc-link ez-toc-heading-6\" href=\"https:\/\/mpvane.com\/en\/san-pham\/bo-4-canh-than-carbon-orion-0410088801004009565010krf25\/#Luu_Y_Khi_Su_Dung_Bao_Tri\" >L\u01b0u \u00dd Khi S\u1eed D\u1ee5ng &amp; B\u1ea3o Tr\u00ec<\/a><\/li><li class='ez-toc-page-1 ez-toc-heading-level-2'><a class=\"ez-toc-link ez-toc-heading-7\" href=\"https:\/\/mpvane.com\/en\/san-pham\/bo-4-canh-than-carbon-orion-0410088801004009565010krf25\/#Thoi_Gian_Thay_The_Canh_Gat\" >Th\u1eddi Gian Thay Th\u1ebf C\u00e1nh G\u1ea1t<\/a><\/li><li class='ez-toc-page-1 ez-toc-heading-level-2'><a class=\"ez-toc-link ez-toc-heading-8\" href=\"https:\/\/mpvane.com\/en\/san-pham\/bo-4-canh-than-carbon-orion-0410088801004009565010krf25\/#Lien_He_Dat_Hang\" >Li\u00ean H\u1ec7 \u0110\u1eb7t H\u00e0ng<\/a><\/li><\/ul><\/li><\/ul><\/nav><\/div>\n<div class=\"dad65929\">\n<div class=\"_4f9bf79 d7dc56a8 _43c05b5\">\n<div class=\"ds-markdown ds-markdown--block\">\n<h1><span class=\"ez-toc-section\" id=\"Bo_4_Canh_Than_Carbon_ORION_04100888010_04009565010_KRF25_%E2%80%93_Phu_Tung_Chinh_Hang\"><\/span><strong>B\u1ed9 4 C\u00e1nh Than Carbon ORION 04100888010, 04009565010, KRF25 \u2013 Ph\u1ee5 T\u00f9ng Ch\u00ednh H\u00e3ng<\/strong><span class=\"ez-toc-section-end\"><\/span><\/h1>\n<h2><span class=\"ez-toc-section\" id=\"Thong_Tin_San_Pham\"><\/span><strong>Th\u00f4ng Tin S\u1ea3n Ph\u1ea9m<\/strong><span class=\"ez-toc-section-end\"><\/span><\/h2>\n<p class=\"ds-markdown-paragraph\">\u2705\u00a0<strong>M\u00e3 s\u1ea3n ph\u1ea9m:<\/strong>\u00a004100888010 (M\u00e3 m\u1edbi), 04009565010 (M\u00e3 c\u0169 ng\u1eebng s\u1ea3n xu\u1ea5t)<br \/>\n\u2705\u00a0<strong>K\u00edch th\u01b0\u1edbc:<\/strong>\u00a038mm (r\u1ed9ng\/cao) \u00d7 95mm (d\u00e0i) \u00d7 5mm (d\u00e0y)<br \/>\n\u2705\u00a0<strong>Ch\u1ea5t li\u1ec7u:<\/strong>\u00a0Carbon cao c\u1ea5p<br \/>\n\u2705\u00a0<strong>B\u1ed9 s\u1ea3n ph\u1ea9m:<\/strong>\u00a004 c\u00e1nh g\u1ea1t<\/p>\n<h2><span class=\"ez-toc-section\" id=\"Ung_Dung\"><\/span><strong>\u1ee8ng D\u1ee5ng<\/strong><span class=\"ez-toc-section-end\"><\/span><\/h2>\n<p class=\"ds-markdown-paragraph\">B\u1ed9 c\u00e1nh than ORION KRF25 ph\u00f9 h\u1ee3p v\u1edbi c\u00e1c d\u00f2ng m\u00e1y b\u01a1m ch\u00e2n kh\u00f4ng kh\u00f4 ORION:<\/p>\n<ul>\n<li>\n<p class=\"ds-markdown-paragraph\"><strong>ORION Dry Vacuum Pump Model KRF25<\/strong><\/p>\n<\/li>\n<li>\n<p class=\"ds-markdown-paragraph\"><strong>ORION KRF25A-V-01B<\/strong><\/p>\n<\/li>\n<li>\n<p class=\"ds-markdown-paragraph\"><strong>ORION KRF25A-V-02<\/strong><\/p>\n<\/li>\n<li>\n<p class=\"ds-markdown-paragraph\"><strong>ORION KRF25A-V-04B<\/strong><\/p>\n<\/li>\n<li>\n<p class=\"ds-markdown-paragraph\"><strong>ORION KRF25A-B-01B<\/strong><\/p>\n<\/li>\n<li>\n<p class=\"ds-markdown-paragraph\"><strong>ORION KRF25A-B-02<\/strong><\/p>\n<\/li>\n<li>\n<p class=\"ds-markdown-paragraph\"><strong>ORION KRF25A-B-04B<\/strong><\/p>\n<\/li>\n<li>\n<p class=\"ds-markdown-paragraph\"><strong>ORION KRF25A-VB-01B<\/strong><\/p>\n<\/li>\n<li>\n<p class=\"ds-markdown-paragraph\"><strong>ORION KRF25A-VB-02<\/strong><\/p>\n<\/li>\n<li>\n<p class=\"ds-markdown-paragraph\"><strong>ORION KRF25A-VB-04B<\/strong><\/p>\n<\/li>\n<\/ul>\n<h2><span class=\"ez-toc-section\" id=\"Gioi_Thieu_Ve_Bom_Chan_Khong_Kho_ORION\"><\/span><strong>Gi\u1edbi Thi\u1ec7u V\u1ec1 B\u01a1m Ch\u00e2n Kh\u00f4ng Kh\u00f4 ORION<\/strong><span class=\"ez-toc-section-end\"><\/span><\/h2>\n<p class=\"ds-markdown-paragraph\">M\u00e1y b\u01a1m ch\u00e2n kh\u00f4ng kh\u00f4 ORION l\u00e0 thi\u1ebft b\u1ecb\u00a0<strong>kh\u00f4ng d\u1ea7u<\/strong>, ho\u1ea1t \u0111\u1ed9ng \u00eam,\u00a0<strong>tu\u1ed5i th\u1ecd cao<\/strong>, \u0111\u01b0\u1ee3c s\u1eed d\u1ee5ng r\u1ed9ng r\u00e3i trong c\u00f4ng nghi\u1ec7p nh\u1edd:<br \/>\n\u2714\u00a0<strong>Kh\u00f4ng g\u00e2y nhi\u1ec5m d\u1ea7u<\/strong>\u00a0v\u00e0o s\u1ea3n ph\u1ea9m ho\u1eb7c m\u00f4i tr\u01b0\u1eddng l\u00e0m vi\u1ec7c.<br \/>\n\u2714\u00a0<strong>\u0110\u1ed9 b\u1ec1n v\u01b0\u1ee3t tr\u1ed9i<\/strong>\u00a0nh\u1edd c\u00e1nh than carbon t\u1ef1 b\u00f4i tr\u01a1n.<br \/>\n\u2714\u00a0<strong>V\u1eadn h\u00e0nh \u1ed5n \u0111\u1ecbnh<\/strong>, \u0111\u1ed9 rung th\u1ea5p, ti\u1ebfng \u1ed3n gi\u1ea3m \u0111\u00e1ng k\u1ec3.<\/p>\n<h2><span class=\"ez-toc-section\" id=\"Nguyen_Ly_Hoat_Dong\"><\/span><strong>Nguy\u00ean L\u00fd Ho\u1ea1t \u0110\u1ed9ng<\/strong><span class=\"ez-toc-section-end\"><\/span><\/h2>\n<p class=\"ds-markdown-paragraph\">B\u01a1m ORION s\u1eed d\u1ee5ng c\u01a1 ch\u1ebf\u00a0<strong>quay ly t\u00e2m<\/strong>\u00a0v\u1edbi 4 c\u00e1nh g\u1ea1t carbon. Khi rotor quay, l\u1ef1c ly t\u00e2m \u0111\u1ea9y c\u00e1nh g\u1ea1t \u00e1p s\u00e1t th\u00e0nh xi-lanh, t\u1ea1o ra ch\u00e2n kh\u00f4ng hi\u1ec7u qu\u1ea3.<\/p>\n<h2><span class=\"ez-toc-section\" id=\"Luu_Y_Khi_Su_Dung_Bao_Tri\"><\/span><strong>L\u01b0u \u00dd Khi S\u1eed D\u1ee5ng &amp; B\u1ea3o Tr\u00ec<\/strong><span class=\"ez-toc-section-end\"><\/span><\/h2>\n<p class=\"ds-markdown-paragraph\">\u26a0\u00a0<strong>Kh\u00f4ng h\u00fat kh\u00ed d\u1ec5 ch\u00e1y\/n\u1ed5<\/strong>\u00a0\u0111\u1ec3 tr\u00e1nh nguy c\u01a1 ch\u00e1y n\u1ed5.<br \/>\n\u26a0\u00a0<strong>Tr\u00e1nh t\u1eafc ngh\u1ebdn \u0111\u01b0\u1eddng \u1ed1ng h\u00fat\/x\u1ea3<\/strong>\u00a0\u0111\u1ec3 ng\u0103n qu\u00e1 nhi\u1ec7t, h\u01b0 h\u1ecfng.<br \/>\n\u26a0\u00a0<strong>Thay c\u00e1nh g\u1ea1t \u0111\u1ecbnh k\u1ef3<\/strong>\u00a0(12.000 gi\u1edd v\u1edbi \u0111i\u1ec1u ki\u1ec7n ti\u00eau chu\u1ea9n) \u0111\u1ec3 \u0111\u1ea3m b\u1ea3o hi\u1ec7u su\u1ea5t.<br \/>\n\u26a0\u00a0<strong>S\u1eed d\u1ee5ng \u1ed1ng m\u1ec1m ch\u1ecbu nhi\u1ec7t<\/strong>, tr\u00e1nh \u1ed1ng th\u00e9p c\u1ee9ng g\u00e2y rung, \u1ed3n.<\/p>\n<h2><span class=\"ez-toc-section\" id=\"Thoi_Gian_Thay_The_Canh_Gat\"><\/span><strong>Th\u1eddi Gian Thay Th\u1ebf C\u00e1nh G\u1ea1t<\/strong><span class=\"ez-toc-section-end\"><\/span><\/h2>\n<ul>\n<li>\n<p class=\"ds-markdown-paragraph\"><strong>12.000 gi\u1edd<\/strong>\u00a0trong \u0111i\u1ec1u ki\u1ec7n \u00e1p su\u1ea5t ti\u00eau chu\u1ea9n.<\/p>\n<\/li>\n<li>\n<p class=\"ds-markdown-paragraph\"><strong>9.500 gi\u1edd<\/strong>\u00a0n\u1ebfu ho\u1ea1t \u0111\u1ed9ng \u1edf \u00e1p su\u1ea5t t\u1ed1i \u0111a.<\/p>\n<\/li>\n<\/ul>\n<h2><span class=\"ez-toc-section\" id=\"Lien_He_Dat_Hang\"><\/span><strong>Li\u00ean H\u1ec7 \u0110\u1eb7t H\u00e0ng<\/strong><span class=\"ez-toc-section-end\"><\/span><\/h2>\n<p class=\"ds-markdown-paragraph\">\ud83d\udcde\u00a0<strong>Hotline:<\/strong>\u00a0<a target=\"_blank\" rel=\"noreferrer\">0985 459 559<\/a><br \/>\n\ud83c\udf10\u00a0<strong>Website:<\/strong>\u00a0<a href=\"https:\/\/www.minhphuco.com\/\" target=\"_blank\" rel=\"noopener noreferrer\">www.minhphuco.com<\/a><br \/>\n\ud83d\udce7\u00a0<strong>Email:<\/strong>\u00a0<a href=\"https:\/\/mailto:sales@minhphuco.vn\/\" target=\"_blank\" rel=\"noopener noreferrer\">sales@minhphuco.vn<\/a><br \/>\n\ud83d\udcac\u00a0<strong>Zalo:<\/strong>\u00a00985 490 343 ho\u1eb7c 0985 843 778<\/p>\n<p class=\"ds-markdown-paragraph\">\ud83d\udd39\u00a0<strong>Minh Ph\u00fac Co.<\/strong>\u00a0\u2013 \u0110\u01a1n v\u1ecb cung c\u1ea5p ph\u1ee5 t\u00f9ng\u00a0<strong>ORION ch\u00ednh h\u00e3ng<\/strong>, cam k\u1ebft ch\u1ea5t l\u01b0\u1ee3ng &amp; gi\u00e1 t\u1ed1t nh\u1ea5t th\u1ecb tr\u01b0\u1eddng!<\/p>\n<hr \/>\n<p class=\"ds-markdown-paragraph\"><strong>#CanhThanOrion #BomChanKhongKho #OrionKRF25 #PhuTungChinhHang #MinhPhucCo<\/strong><\/p>\n<p class=\"ds-markdown-paragraph\">\ud83d\udd0e\u00a0<strong>T\u1ed1i \u01b0u SEO:<\/strong><\/p>\n<ul>\n<li>\n<p class=\"ds-markdown-paragraph\"><strong>T\u1eeb kh\u00f3a ch\u00ednh:<\/strong>\u00a0&#8220;B\u1ed9 c\u00e1nh than ORION 04100888010&#8221;, &#8220;C\u00e1nh g\u1ea1t ORION KRF25&#8221;, &#8220;Ph\u1ee5 t\u00f9ng b\u01a1m ch\u00e2n kh\u00f4ng ORION&#8221;.<\/p>\n<\/li>\n<li>\n<p class=\"ds-markdown-paragraph\"><strong>T\u1eeb kh\u00f3a ph\u1ee5:<\/strong>\u00a0&#8220;Mua c\u00e1nh than carbon ORION&#8221;, &#8220;Thay c\u00e1nh g\u1ea1t b\u01a1m ch\u00e2n kh\u00f4ng&#8221;, &#8220;B\u01a1m kh\u00f4 ORION ch\u00ednh h\u00e3ng&#8221;.<\/p>\n<\/li>\n<li>\n<p class=\"ds-markdown-paragraph\"><strong>M\u00f4 t\u1ea3 ng\u1eafn:<\/strong>\u00a0Cung c\u1ea5p b\u1ed9 4 c\u00e1nh than carbon ORION 04100888010 ch\u1ea5t l\u01b0\u1ee3ng cao, ph\u00f9 h\u1ee3p b\u01a1m ch\u00e2n kh\u00f4ng KRF25. Li\u00ean h\u1ec7 ngay \u0111\u1ec3 nh\u1eadn b\u00e1o gi\u00e1 t\u1ed1t!<\/p>\n<\/li>\n<\/ul>\n<\/div>\n<div class=\"ds-flex\">\n<div class=\"ds-flex _965abe9\"><\/div>\n<\/div>\n<\/div>\n<\/div>\n","protected":false},"excerpt":{"rendered":"<p>K\u00edch th\u01b0\u1edbc: 38 mm (chi\u1ec1u r\u1ed9ng\/cao) \u00d7 95 mm (chi\u1ec1u d\u00e0i)\u00d7 5 mm (\u0111\u1ed9 d\u00e0y)<br \/>\nD\u00f9ng cho c\u00e1c m\u00e1y b\u01a1m : ORION KRF25<br \/>\nV\u1eadt li\u1ec7u Carbon<\/p>\n","protected":false},"featured_media":8099,"comment_status":"open","ping_status":"closed","template":"","meta":{"_acf_changed":false},"product_brand":[],"product_cat":[69,707],"product_tag":[2167,2166,2168,2165],"class_list":{"0":"post-8093","1":"product","2":"type-product","3":"status-publish","4":"has-post-thumbnail","6":"product_cat-canh-vane","7":"product_cat-orion-vanes","8":"product_tag-2167","9":"product_tag-2166","10":"product_tag-38-95-5-mm","11":"product_tag-krf25","13":"first","14":"instock","15":"shipping-taxable","16":"product-type-simple"},"acf":[],"_links":{"self":[{"href":"https:\/\/mpvane.com\/en\/wp-json\/wp\/v2\/product\/8093","targetHints":{"allow":["GET"]}}],"collection":[{"href":"https:\/\/mpvane.com\/en\/wp-json\/wp\/v2\/product"}],"about":[{"href":"https:\/\/mpvane.com\/en\/wp-json\/wp\/v2\/types\/product"}],"replies":[{"embeddable":true,"href":"https:\/\/mpvane.com\/en\/wp-json\/wp\/v2\/comments?post=8093"}],"version-history":[{"count":1,"href":"https:\/\/mpvane.com\/en\/wp-json\/wp\/v2\/product\/8093\/revisions"}],"predecessor-version":[{"id":8094,"href":"https:\/\/mpvane.com\/en\/wp-json\/wp\/v2\/product\/8093\/revisions\/8094"}],"wp:featuredmedia":[{"embeddable":true,"href":"https:\/\/mpvane.com\/en\/wp-json\/wp\/v2\/media\/8099"}],"wp:attachment":[{"href":"https:\/\/mpvane.com\/en\/wp-json\/wp\/v2\/media?parent=8093"}],"wp:term":[{"taxonomy":"product_brand","embeddable":true,"href":"https:\/\/mpvane.com\/en\/wp-json\/wp\/v2\/product_brand?post=8093"},{"taxonomy":"product_cat","embeddable":true,"href":"https:\/\/mpvane.com\/en\/wp-json\/wp\/v2\/product_cat?post=8093"},{"taxonomy":"product_tag","embeddable":true,"href":"https:\/\/mpvane.com\/en\/wp-json\/wp\/v2\/product_tag?post=8093"}],"curies":[{"name":"wp","href":"https:\/\/api.w.org\/{rel}","templated":true}]}}