{"id":8088,"date":"2025-06-02T22:56:17","date_gmt":"2025-06-02T15:56:17","guid":{"rendered":"https:\/\/mpvane.com\/?post_type=product&#038;p=8088"},"modified":"2025-06-03T10:42:10","modified_gmt":"2025-06-03T03:42:10","slug":"bo-4-canh-than-carbon-orion-0410175401004009564010krf15a-copy","status":"publish","type":"product","link":"https:\/\/mpvane.com\/en\/san-pham\/bo-4-canh-than-carbon-orion-0410175401004009564010krf15a-copy\/","title":{"rendered":"B\u1ed9 4 c\u00e1nh than carbon ORION 04101754010,04009564010,CBF1515"},"content":{"rendered":"<div id=\"ez-toc-container\" class=\"ez-toc-v2_0_75 counter-hierarchy ez-toc-counter ez-toc-grey ez-toc-container-direction\">\n<div class=\"ez-toc-title-container\">\n<p class=\"ez-toc-title\" style=\"cursor:inherit\">Table of Contents<\/p>\n<span class=\"ez-toc-title-toggle\"><a href=\"#\" class=\"ez-toc-pull-right ez-toc-btn ez-toc-btn-xs ez-toc-btn-default ez-toc-toggle\" aria-label=\"Toggle Table of Content\"><span class=\"ez-toc-js-icon-con\"><span class=\"\"><span class=\"eztoc-hide\" style=\"display:none;\">Toggle<\/span><span class=\"ez-toc-icon-toggle-span\"><svg style=\"fill: #999;color:#999\" xmlns=\"http:\/\/www.w3.org\/2000\/svg\" class=\"list-377408\" width=\"20px\" height=\"20px\" viewBox=\"0 0 24 24\" fill=\"none\"><path d=\"M6 6H4v2h2V6zm14 0H8v2h12V6zM4 11h2v2H4v-2zm16 0H8v2h12v-2zM4 16h2v2H4v-2zm16 0H8v2h12v-2z\" fill=\"currentColor\"><\/path><\/svg><svg style=\"fill: #999;color:#999\" class=\"arrow-unsorted-368013\" xmlns=\"http:\/\/www.w3.org\/2000\/svg\" width=\"10px\" height=\"10px\" viewBox=\"0 0 24 24\" version=\"1.2\" baseProfile=\"tiny\"><path d=\"M18.2 9.3l-6.2-6.3-6.2 6.3c-.2.2-.3.4-.3.7s.1.5.3.7c.2.2.4.3.7.3h11c.3 0 .5-.1.7-.3.2-.2.3-.5.3-.7s-.1-.5-.3-.7zM5.8 14.7l6.2 6.3 6.2-6.3c.2-.2.3-.5.3-.7s-.1-.5-.3-.7c-.2-.2-.4-.3-.7-.3h-11c-.3 0-.5.1-.7.3-.2.2-.3.5-.3.7s.1.5.3.7z\"\/><\/svg><\/span><\/span><\/span><\/a><\/span><\/div>\n<nav><ul class='ez-toc-list ez-toc-list-level-1 ' ><li class='ez-toc-page-1 ez-toc-heading-level-2'><a class=\"ez-toc-link ez-toc-heading-1\" href=\"https:\/\/mpvane.com\/en\/san-pham\/bo-4-canh-than-carbon-orion-0410175401004009564010krf15a-copy\/#Bo_Canh_Than_ORION_04101754010_04009564010_CBF1515_%E2%80%93_Chinh_Hang_Chat_Luong_Cao\" >B\u1ed9 C\u00e1nh Than ORION 04101754010 | 04009564010 | CBF1515 \u2013 Ch\u00ednh H\u00e3ng, Ch\u1ea5t L\u01b0\u1ee3ng Cao<\/a><ul class='ez-toc-list-level-3' ><li class='ez-toc-heading-level-3'><a class=\"ez-toc-link ez-toc-heading-2\" href=\"https:\/\/mpvane.com\/en\/san-pham\/bo-4-canh-than-carbon-orion-0410175401004009564010krf15a-copy\/#%E2%9C%85_Thong_Tin_Ky_Thuat_San_Pham\" >\u2705 Th\u00f4ng Tin K\u1ef9 Thu\u1eadt S\u1ea3n Ph\u1ea9m<\/a><\/li><li class='ez-toc-page-1 ez-toc-heading-level-3'><a class=\"ez-toc-link ez-toc-heading-3\" href=\"https:\/\/mpvane.com\/en\/san-pham\/bo-4-canh-than-carbon-orion-0410175401004009564010krf15a-copy\/#%F0%9F%94%A7_Dung_Cho_Cac_Dong_May_Bom_Chan_Khong_ORION_Sau\" >\ud83d\udd27 D\u00f9ng Cho C\u00e1c D\u00f2ng M\u00e1y B\u01a1m Ch\u00e2n Kh\u00f4ng ORION Sau:<\/a><\/li><li class='ez-toc-page-1 ez-toc-heading-level-3'><a class=\"ez-toc-link ez-toc-heading-4\" href=\"https:\/\/mpvane.com\/en\/san-pham\/bo-4-canh-than-carbon-orion-0410175401004009564010krf15a-copy\/#%F0%9F%8C%9F_Uu_Diem_Cua_Canh_Than_ORION_Chinh_Hang\" >\ud83c\udf1f \u01afu \u0110i\u1ec3m C\u1ee7a C\u00e1nh Than ORION Ch\u00ednh H\u00e3ng<\/a><\/li><li class='ez-toc-page-1 ez-toc-heading-level-3'><a class=\"ez-toc-link ez-toc-heading-5\" href=\"https:\/\/mpvane.com\/en\/san-pham\/bo-4-canh-than-carbon-orion-0410175401004009564010krf15a-copy\/#%E2%9A%99%EF%B8%8F_Tai_Sao_Can_Thay_The_Canh_Than_Dung_Chu_Ky\" >\u2699\ufe0f T\u1ea1i Sao C\u1ea7n Thay Th\u1ebf C\u00e1nh Than \u0110\u00fang Chu K\u1ef3?<\/a><\/li><\/ul><\/li><li class='ez-toc-page-1 ez-toc-heading-level-2'><a class=\"ez-toc-link ez-toc-heading-6\" href=\"https:\/\/mpvane.com\/en\/san-pham\/bo-4-canh-than-carbon-orion-0410175401004009564010krf15a-copy\/#%F0%9F%94%8E_Gioi_Thieu_May_Bom_Chan_Khong_Kho_ORION_CBF1515\" >\ud83d\udd0e Gi\u1edbi Thi\u1ec7u M\u00e1y B\u01a1m Ch\u00e2n Kh\u00f4ng Kh\u00f4 ORION CBF1515<\/a><ul class='ez-toc-list-level-3' ><li class='ez-toc-heading-level-3'><a class=\"ez-toc-link ez-toc-heading-7\" href=\"https:\/\/mpvane.com\/en\/san-pham\/bo-4-canh-than-carbon-orion-0410175401004009564010krf15a-copy\/#%E2%9A%99%EF%B8%8F_Uu_diem_cua_may_bom_kho_ORION\" >\u2699\ufe0f \u01afu \u0111i\u1ec3m c\u1ee7a m\u00e1y b\u01a1m kh\u00f4 ORION<\/a><\/li><li class='ez-toc-page-1 ez-toc-heading-level-3'><a class=\"ez-toc-link ez-toc-heading-8\" href=\"https:\/\/mpvane.com\/en\/san-pham\/bo-4-canh-than-carbon-orion-0410175401004009564010krf15a-copy\/#%E2%9A%A0%EF%B8%8F_Luu_Y_Khi_Su_Dung_Va_Bao_Tri\" >\u26a0\ufe0f L\u01b0u \u00dd Khi S\u1eed D\u1ee5ng V\u00e0 B\u1ea3o Tr\u00ec<\/a><\/li><\/ul><\/li><li class='ez-toc-page-1 ez-toc-heading-level-2'><a class=\"ez-toc-link ez-toc-heading-9\" href=\"https:\/\/mpvane.com\/en\/san-pham\/bo-4-canh-than-carbon-orion-0410175401004009564010krf15a-copy\/#%F0%9F%93%A6_Minh_Phuc_Co_%E2%80%93_Don_Vi_Cung_Cap_Linh_Kien_May_Bom_ORION_Chinh_Hang\" >\ud83d\udce6 Minh Ph\u00fac Co \u2013 \u0110\u01a1n V\u1ecb Cung C\u1ea5p Linh Ki\u1ec7n M\u00e1y B\u01a1m ORION Ch\u00ednh H\u00e3ng<\/a><ul class='ez-toc-list-level-3' ><li class='ez-toc-heading-level-3'><a class=\"ez-toc-link ez-toc-heading-10\" href=\"https:\/\/mpvane.com\/en\/san-pham\/bo-4-canh-than-carbon-orion-0410175401004009564010krf15a-copy\/#%F0%9F%93%9E_Lien_He_Ngay\" >\ud83d\udcde Li\u00ean H\u1ec7 Ngay<\/a><\/li><\/ul><\/li><\/ul><\/nav><\/div>\n<h2 data-start=\"258\" data-end=\"348\"><span class=\"ez-toc-section\" id=\"Bo_Canh_Than_ORION_04101754010_04009564010_CBF1515_%E2%80%93_Chinh_Hang_Chat_Luong_Cao\"><\/span><strong data-start=\"261\" data-end=\"348\">B\u1ed9 C\u00e1nh Than ORION 04101754010 | 04009564010 | CBF1515 \u2013 Ch\u00ednh H\u00e3ng, Ch\u1ea5t L\u01b0\u1ee3ng Cao<\/strong><span class=\"ez-toc-section-end\"><\/span><\/h2>\n<p data-start=\"350\" data-end=\"619\">B\u1ea1n \u0111ang t\u00ecm ki\u1ebfm <strong data-start=\"368\" data-end=\"401\">b\u1ed9 c\u00e1nh than ORION ch\u00ednh h\u00e3ng<\/strong> cho m\u00e1y b\u01a1m ch\u00e2n kh\u00f4ng kh\u00f4 d\u00f2ng <strong data-start=\"434\" data-end=\"445\">CBF1515<\/strong>? Minh Ph\u00fac Co cung c\u1ea5p <strong data-start=\"469\" data-end=\"534\">b\u1ed9 4 c\u00e1nh than carbon ORION 04101754010, 04009564010, CBF1515<\/strong> ch\u00ednh h\u00e3ng v\u1edbi ch\u1ea5t l\u01b0\u1ee3ng \u1ed5n \u0111\u1ecbnh, \u0111\u1ed9 b\u1ec1n cao, \u0111\u1ea3m b\u1ea3o hi\u1ec7u su\u1ea5t t\u1ed1i \u01b0u cho m\u00e1y b\u01a1m.<\/p>\n<hr data-start=\"621\" data-end=\"624\" \/>\n<h3 data-start=\"626\" data-end=\"663\"><span class=\"ez-toc-section\" id=\"%E2%9C%85_Thong_Tin_Ky_Thuat_San_Pham\"><\/span>\u2705 <strong data-start=\"632\" data-end=\"663\">Th\u00f4ng Tin K\u1ef9 Thu\u1eadt S\u1ea3n Ph\u1ea9m<\/strong><span class=\"ez-toc-section-end\"><\/span><\/h3>\n<ul data-start=\"664\" data-end=\"900\">\n<li data-start=\"664\" data-end=\"717\">\n<p data-start=\"666\" data-end=\"717\"><strong data-start=\"666\" data-end=\"682\">T\u00ean s\u1ea3n ph\u1ea9m<\/strong>: B\u1ed9 c\u00e1nh than ORION (Carbon Blade)<\/p>\n<\/li>\n<li data-start=\"718\" data-end=\"772\">\n<p data-start=\"720\" data-end=\"772\"><strong data-start=\"720\" data-end=\"735\">M\u00e3 s\u1ea3n ph\u1ea9m<\/strong>: 04101754010 | 04009564010 | CBF1515<\/p>\n<\/li>\n<li data-start=\"773\" data-end=\"826\">\n<p data-start=\"775\" data-end=\"826\"><strong data-start=\"775\" data-end=\"789\">K\u00edch th\u01b0\u1edbc<\/strong>: 34mm (cao) x 66mm (d\u00e0i) x 4mm (d\u00e0y)<\/p>\n<\/li>\n<li data-start=\"827\" data-end=\"862\">\n<p data-start=\"829\" data-end=\"862\"><strong data-start=\"829\" data-end=\"842\">Ch\u1ea5t li\u1ec7u<\/strong>: Carbon t\u1ef1 b\u00f4i tr\u01a1n<\/p>\n<\/li>\n<li data-start=\"863\" data-end=\"900\">\n<p data-start=\"865\" data-end=\"900\"><strong data-start=\"865\" data-end=\"877\">S\u1ed1 l\u01b0\u1ee3ng<\/strong>: 01 b\u1ed9 g\u1ed3m 4 c\u00e1nh than<\/p>\n<\/li>\n<\/ul>\n<hr data-start=\"902\" data-end=\"905\" \/>\n<h3 data-start=\"907\" data-end=\"965\"><span class=\"ez-toc-section\" id=\"%F0%9F%94%A7_Dung_Cho_Cac_Dong_May_Bom_Chan_Khong_ORION_Sau\"><\/span>\ud83d\udd27 <strong data-start=\"914\" data-end=\"965\">D\u00f9ng Cho C\u00e1c D\u00f2ng M\u00e1y B\u01a1m Ch\u00e2n Kh\u00f4ng ORION Sau:<\/strong><span class=\"ez-toc-section-end\"><\/span><\/h3>\n<ul data-start=\"966\" data-end=\"1150\">\n<li data-start=\"966\" data-end=\"1007\">\n<p data-start=\"968\" data-end=\"1007\">ORION Dry Vacuum Pump model <strong data-start=\"996\" data-end=\"1007\">CBF1515<\/strong><\/p>\n<\/li>\n<li data-start=\"1008\" data-end=\"1150\">\n<p data-start=\"1010\" data-end=\"1021\">Bi\u1ebfn th\u1ec3:<\/p>\n<ul data-start=\"1024\" data-end=\"1150\">\n<li data-start=\"1024\" data-end=\"1042\">\n<p data-start=\"1026\" data-end=\"1042\">CBF1515-VB-01B<\/p>\n<\/li>\n<li data-start=\"1045\" data-end=\"1063\">\n<p data-start=\"1047\" data-end=\"1063\">CBF1515-VB-04B<\/p>\n<\/li>\n<li data-start=\"1066\" data-end=\"1086\">\n<p data-start=\"1068\" data-end=\"1086\">CBF1515-VBVB-01B<\/p>\n<\/li>\n<li data-start=\"1089\" data-end=\"1110\">\n<p data-start=\"1091\" data-end=\"1110\">CBF1515-VBVB-041B<\/p>\n<\/li>\n<li data-start=\"1113\" data-end=\"1131\">\n<p data-start=\"1115\" data-end=\"1131\">CBF1515-VV-01B<\/p>\n<\/li>\n<li data-start=\"1134\" data-end=\"1150\">\n<p data-start=\"1136\" data-end=\"1150\">CBF1515-BB-01B<\/p>\n<\/li>\n<\/ul>\n<\/li>\n<\/ul>\n<p data-start=\"1152\" data-end=\"1245\">\ud83d\udccc M\u1ed7i m\u00e1y CBF1515 s\u1eed d\u1ee5ng <strong data-start=\"1179\" data-end=\"1244\">2 b\u1ed9 c\u00e1nh than ORION 04101754010 ho\u1eb7c m\u00e3 thay th\u1ebf 04009564010<\/strong>.<\/p>\n<hr data-start=\"1247\" data-end=\"1250\" \/>\n<h3 data-start=\"1252\" data-end=\"1301\"><span class=\"ez-toc-section\" id=\"%F0%9F%8C%9F_Uu_Diem_Cua_Canh_Than_ORION_Chinh_Hang\"><\/span>\ud83c\udf1f <strong data-start=\"1259\" data-end=\"1301\">\u01afu \u0110i\u1ec3m C\u1ee7a C\u00e1nh Than ORION Ch\u00ednh H\u00e3ng<\/strong><span class=\"ez-toc-section-end\"><\/span><\/h3>\n<ul data-start=\"1302\" data-end=\"1545\">\n<li data-start=\"1302\" data-end=\"1381\">\n<p data-start=\"1304\" data-end=\"1381\"><strong data-start=\"1304\" data-end=\"1332\">Ch\u1ea5t li\u1ec7u carbon cao c\u1ea5p<\/strong>: T\u1ef1 b\u00f4i tr\u01a1n, gi\u00fap gi\u1ea3m ma s\u00e1t v\u00e0 t\u0103ng tu\u1ed5i th\u1ecd.<\/p>\n<\/li>\n<li data-start=\"1382\" data-end=\"1456\">\n<p data-start=\"1384\" data-end=\"1456\"><strong data-start=\"1384\" data-end=\"1404\">\u0110\u1ed9 ch\u00ednh x\u00e1c cao<\/strong>: Gi\u00fap m\u00e1y ho\u1ea1t \u0111\u1ed9ng \u1ed5n \u0111\u1ecbnh, gi\u1ea3m rung v\u00e0 ti\u1ebfng \u1ed3n.<\/p>\n<\/li>\n<li data-start=\"1457\" data-end=\"1545\">\n<p data-start=\"1459\" data-end=\"1545\"><strong data-start=\"1459\" data-end=\"1484\">T\u01b0\u01a1ng th\u00edch tuy\u1ec7t \u0111\u1ed1i<\/strong>: L\u1eafp \u0111\u1eb7t d\u1ec5 d\u00e0ng, \u0111\u00fang chu\u1ea9n v\u1edbi c\u00e1c d\u00f2ng m\u00e1y ORION CBF1515.<\/p>\n<\/li>\n<\/ul>\n<hr data-start=\"1547\" data-end=\"1550\" \/>\n<h3 data-start=\"1552\" data-end=\"1606\"><span class=\"ez-toc-section\" id=\"%E2%9A%99%EF%B8%8F_Tai_Sao_Can_Thay_The_Canh_Than_Dung_Chu_Ky\"><\/span>\u2699\ufe0f <strong data-start=\"1559\" data-end=\"1606\">T\u1ea1i Sao C\u1ea7n Thay Th\u1ebf C\u00e1nh Than \u0110\u00fang Chu K\u1ef3?<\/strong><span class=\"ez-toc-section-end\"><\/span><\/h3>\n<ul data-start=\"1607\" data-end=\"1771\">\n<li data-start=\"1607\" data-end=\"1771\">\n<p data-start=\"1609\" data-end=\"1646\"><strong data-start=\"1609\" data-end=\"1643\">Th\u1eddi gian khuy\u1ebfn ngh\u1ecb thay th\u1ebf<\/strong>:<\/p>\n<ul data-start=\"1649\" data-end=\"1771\">\n<li data-start=\"1649\" data-end=\"1704\">\n<p data-start=\"1651\" data-end=\"1704\">Trong \u0111i\u1ec1u ki\u1ec7n b\u00ecnh th\u01b0\u1eddng: <strong data-start=\"1680\" data-end=\"1704\">12.000 gi\u1edd ho\u1ea1t \u0111\u1ed9ng<\/strong><\/p>\n<\/li>\n<li data-start=\"1707\" data-end=\"1771\">\n<p data-start=\"1709\" data-end=\"1771\">Trong \u0111i\u1ec1u ki\u1ec7n \u00e1p su\u1ea5t\/vacuum t\u1ed1i \u0111a: <strong data-start=\"1748\" data-end=\"1771\">9.500 gi\u1edd ho\u1ea1t \u0111\u1ed9ng<\/strong><\/p>\n<\/li>\n<\/ul>\n<\/li>\n<\/ul>\n<p data-start=\"1773\" data-end=\"1817\">\u26d4 <strong data-start=\"1775\" data-end=\"1817\">Kh\u00f4ng thay \u0111\u00fang chu k\u1ef3 c\u00f3 th\u1ec3 d\u1eabn \u0111\u1ebfn:<\/strong><\/p>\n<ul data-start=\"1818\" data-end=\"1887\">\n<li data-start=\"1818\" data-end=\"1833\">\n<p data-start=\"1820\" data-end=\"1833\">G\u00e3y c\u00e1nh than<\/p>\n<\/li>\n<li data-start=\"1834\" data-end=\"1843\">\n<p data-start=\"1836\" data-end=\"1843\">K\u1eb9t b\u01a1m<\/p>\n<\/li>\n<li data-start=\"1844\" data-end=\"1860\">\n<p data-start=\"1846\" data-end=\"1860\">Gi\u1ea3m hi\u1ec7u su\u1ea5t<\/p>\n<\/li>\n<li data-start=\"1861\" data-end=\"1876\">\n<p data-start=\"1863\" data-end=\"1876\">T\u0103ng ti\u1ebfng \u1ed3n<\/p>\n<\/li>\n<li data-start=\"1877\" data-end=\"1887\">\n<p data-start=\"1879\" data-end=\"1887\">H\u1ecfng m\u00e1y<\/p>\n<\/li>\n<\/ul>\n<hr data-start=\"1889\" data-end=\"1892\" \/>\n<h2 data-start=\"1894\" data-end=\"1951\"><span class=\"ez-toc-section\" id=\"%F0%9F%94%8E_Gioi_Thieu_May_Bom_Chan_Khong_Kho_ORION_CBF1515\"><\/span>\ud83d\udd0e <strong data-start=\"1900\" data-end=\"1951\">Gi\u1edbi Thi\u1ec7u M\u00e1y B\u01a1m Ch\u00e2n Kh\u00f4ng Kh\u00f4 ORION CBF1515<\/strong><span class=\"ez-toc-section-end\"><\/span><\/h2>\n<p data-start=\"1953\" data-end=\"2138\">M\u00e1y b\u01a1m ch\u00e2n kh\u00f4ng ORION d\u00f2ng CBF1515 l\u00e0 thi\u1ebft b\u1ecb <strong data-start=\"2003\" data-end=\"2016\">kh\u00f4ng d\u1ea7u<\/strong>, chuy\u00ean d\u00f9ng \u0111\u1ec3 t\u1ea1o m\u00f4i tr\u01b0\u1eddng ch\u00e2n kh\u00f4ng ho\u1eb7c th\u1ed5i kh\u00ed s\u1ea1ch cho c\u00e1c \u1ee9ng d\u1ee5ng c\u00f4ng nghi\u1ec7p, ph\u00f2ng s\u1ea1ch, y t\u1ebf, th\u1ef1c ph\u1ea9m&#8230;<\/p>\n<h3 data-start=\"2140\" data-end=\"2180\"><span class=\"ez-toc-section\" id=\"%E2%9A%99%EF%B8%8F_Uu_diem_cua_may_bom_kho_ORION\"><\/span>\u2699\ufe0f <strong data-start=\"2147\" data-end=\"2180\">\u01afu \u0111i\u1ec3m c\u1ee7a m\u00e1y b\u01a1m kh\u00f4 ORION<\/strong><span class=\"ez-toc-section-end\"><\/span><\/h3>\n<ul data-start=\"2181\" data-end=\"2323\">\n<li data-start=\"2181\" data-end=\"2208\">\n<p data-start=\"2183\" data-end=\"2208\">Kh\u00f4ng d\u1ea7u \u2013 kh\u00f4ng \u00f4 nhi\u1ec5m<\/p>\n<\/li>\n<li data-start=\"2209\" data-end=\"2235\">\n<p data-start=\"2211\" data-end=\"2235\">V\u1eadn h\u00e0nh \u00eam, \u00edt ti\u1ebfng \u1ed3n<\/p>\n<\/li>\n<li data-start=\"2236\" data-end=\"2291\">\n<p data-start=\"2238\" data-end=\"2291\">Tu\u1ed5i th\u1ecd cao nh\u1edd s\u1eed d\u1ee5ng <strong data-start=\"2263\" data-end=\"2291\">l\u01b0\u1ee1i dao carbon \u0111\u1eb7c bi\u1ec7t<\/strong><\/p>\n<\/li>\n<li data-start=\"2292\" data-end=\"2323\">\n<p data-start=\"2294\" data-end=\"2323\">D\u1ec5 b\u1ea3o tr\u00ec, hi\u1ec7u su\u1ea5t \u1ed5n \u0111\u1ecbnh<\/p>\n<\/li>\n<\/ul>\n<hr data-start=\"2325\" data-end=\"2328\" \/>\n<h3 data-start=\"2330\" data-end=\"2369\"><span class=\"ez-toc-section\" id=\"%E2%9A%A0%EF%B8%8F_Luu_Y_Khi_Su_Dung_Va_Bao_Tri\"><\/span>\u26a0\ufe0f <strong data-start=\"2337\" data-end=\"2369\">L\u01b0u \u00dd Khi S\u1eed D\u1ee5ng V\u00e0 B\u1ea3o Tr\u00ec<\/strong><span class=\"ez-toc-section-end\"><\/span><\/h3>\n<ul data-start=\"2370\" data-end=\"2610\">\n<li data-start=\"2370\" data-end=\"2400\">\n<p data-start=\"2372\" data-end=\"2400\"><strong data-start=\"2372\" data-end=\"2400\">Kh\u00f4ng h\u00fat kh\u00ed d\u1ec5 ch\u00e1y\/n\u1ed5<\/strong><\/p>\n<\/li>\n<li data-start=\"2401\" data-end=\"2430\">\n<p data-start=\"2403\" data-end=\"2430\">Kh\u00f4ng ch\u1eb7n \u0111\u01b0\u1eddng \u1ed1ng n\u1ea1p\/x\u1ea3<\/p>\n<\/li>\n<li data-start=\"2431\" data-end=\"2472\">\n<p data-start=\"2433\" data-end=\"2472\">Kh\u00f4ng \u0111\u1ec3 h\u01a1i n\u01b0\u1edbc, ng\u01b0ng t\u1ee5 l\u1ecdt v\u00e0o m\u00e1y<\/p>\n<\/li>\n<li data-start=\"2473\" data-end=\"2515\">\n<p data-start=\"2475\" data-end=\"2515\">L\u1eafp \u0111\u1eb7t \u1ed1ng m\u1ec1m ch\u1ed1ng rung v\u00e0 ch\u1ecbu nhi\u1ec7t<\/p>\n<\/li>\n<li data-start=\"2516\" data-end=\"2562\">\n<p data-start=\"2518\" data-end=\"2562\">S\u1eed d\u1ee5ng van m\u1ed9t chi\u1ec1u, l\u1ed7 tho\u00e1t n\u01b0\u1edbc ph\u00f9 h\u1ee3p<\/p>\n<\/li>\n<li data-start=\"2563\" data-end=\"2610\">\n<p data-start=\"2565\" data-end=\"2610\">Ch\u1ea1y kh\u00f4ng t\u1ea3i 10\u201315 ph\u00fat sau m\u1ed7i l\u1ea7n s\u1eed d\u1ee5ng<\/p>\n<\/li>\n<\/ul>\n<hr data-start=\"2612\" data-end=\"2615\" \/>\n<h2 data-start=\"2617\" data-end=\"2692\"><span class=\"ez-toc-section\" id=\"%F0%9F%93%A6_Minh_Phuc_Co_%E2%80%93_Don_Vi_Cung_Cap_Linh_Kien_May_Bom_ORION_Chinh_Hang\"><\/span>\ud83d\udce6 <strong data-start=\"2623\" data-end=\"2692\">Minh Ph\u00fac Co \u2013 \u0110\u01a1n V\u1ecb Cung C\u1ea5p Linh Ki\u1ec7n M\u00e1y B\u01a1m ORION Ch\u00ednh H\u00e3ng<\/strong><span class=\"ez-toc-section-end\"><\/span><\/h2>\n<p data-start=\"2694\" data-end=\"2835\">Ch\u00fang t\u00f4i chuy\u00ean ph\u00e2n ph\u1ed1i <strong data-start=\"2721\" data-end=\"2751\">c\u00e1nh than ORION ch\u00ednh h\u00e3ng<\/strong> c\u00f9ng \u0111\u1ea7y \u0111\u1ee7 <strong data-start=\"2764\" data-end=\"2825\">ph\u1ee5 ki\u1ec7n, linh ki\u1ec7n thay th\u1ebf cho m\u00e1y b\u01a1m ch\u00e2n kh\u00f4ng ORION<\/strong>. Cam k\u1ebft:<\/p>\n<ul data-start=\"2836\" data-end=\"2931\">\n<li data-start=\"2836\" data-end=\"2867\">\n<p data-start=\"2838\" data-end=\"2867\">H\u00e0ng <strong data-start=\"2843\" data-end=\"2855\">m\u1edbi 100%<\/strong>, <strong data-start=\"2857\" data-end=\"2867\">c\u00f3 s\u1eb5n<\/strong><\/p>\n<\/li>\n<li data-start=\"2868\" data-end=\"2900\">\n<p data-start=\"2870\" data-end=\"2900\"><strong data-start=\"2870\" data-end=\"2889\">Giao h\u00e0ng nhanh<\/strong>, to\u00e0n qu\u1ed1c<\/p>\n<\/li>\n<li data-start=\"2901\" data-end=\"2931\">\n<p data-start=\"2903\" data-end=\"2931\"><strong data-start=\"2903\" data-end=\"2931\">T\u01b0 v\u1ea5n k\u1ef9 thu\u1eadt mi\u1ec5n ph\u00ed<\/strong><\/p>\n<\/li>\n<\/ul>\n<hr data-start=\"2933\" data-end=\"2936\" \/>\n<h3 data-start=\"2938\" data-end=\"2961\"><span class=\"ez-toc-section\" id=\"%F0%9F%93%9E_Lien_He_Ngay\"><\/span>\ud83d\udcde <strong data-start=\"2945\" data-end=\"2961\">Li\u00ean H\u1ec7 Ngay<\/strong><span class=\"ez-toc-section-end\"><\/span><\/h3>\n<ul data-start=\"2962\" data-end=\"3142\">\n<li data-start=\"2962\" data-end=\"2989\">\n<p data-start=\"2964\" data-end=\"2989\">Hotline: <strong data-start=\"2973\" data-end=\"2989\">0985 459 559<\/strong><\/p>\n<\/li>\n<li data-start=\"2990\" data-end=\"3049\">\n<p data-start=\"2992\" data-end=\"3049\">Website: \ud83c\udf10 <a class=\"\" href=\"http:\/\/www.minhphuco.com\" target=\"_new\" rel=\"noopener\" data-start=\"3004\" data-end=\"3049\">www.minhphuco.com<\/a><\/p>\n<\/li>\n<li data-start=\"3050\" data-end=\"3082\">\n<p data-start=\"3052\" data-end=\"3082\">Email: \ud83d\udce7 <a class=\"cursor-pointer\" rel=\"noopener\" data-start=\"3062\" data-end=\"3080\">sales@minhphuco.vn<\/a><\/p>\n<\/li>\n<li data-start=\"3083\" data-end=\"3142\">\n<p data-start=\"3085\" data-end=\"3142\">Zalo h\u1ed7 tr\u1ee3 k\u1ef9 thu\u1eadt: <strong data-start=\"3107\" data-end=\"3123\">0985 490 343<\/strong> | <strong data-start=\"3126\" data-end=\"3142\">0985 843 778<\/strong><\/p>\n<\/li>\n<\/ul>\n<hr data-start=\"3144\" data-end=\"3147\" \/>\n<p data-start=\"3149\" data-end=\"3344\"><strong data-start=\"3149\" data-end=\"3170\">T\u1eeb kh\u00f3a SEO g\u1ee3i \u00fd<\/strong>:<br data-start=\"3171\" data-end=\"3174\" \/><code data-start=\"3174\" data-end=\"3203\">c\u00e1nh than ORION 04101754010<\/code>, <code data-start=\"3205\" data-end=\"3224\">04009564010 ORION<\/code>, <code data-start=\"3226\" data-end=\"3250\">c\u00e1nh b\u01a1m ORION CBF1515<\/code>, <code data-start=\"3252\" data-end=\"3283\">ph\u1ee5 t\u00f9ng b\u01a1m ch\u00e2n kh\u00f4ng ORION<\/code>, <code data-start=\"3285\" data-end=\"3316\">carbon blade ORION ch\u00ednh h\u00e3ng<\/code>, <code data-start=\"3318\" data-end=\"3344\">thay c\u00e1nh than m\u00e1y ORION<\/code><\/p>\n","protected":false},"excerpt":{"rendered":"<p>K\u00edch th\u01b0\u1edbc: 34 mm (chi\u1ec1u r\u1ed9ng\/cao) \u00d7 66 mm (chi\u1ec1u d\u00e0i)\u00d7 4 mm (\u0111\u1ed9 d\u00e0y)<br \/>\nD\u00f9ng cho c\u00e1c m\u00e1y b\u01a1m : ORION CBF1515 d\u00f9ng 2 b\u1ed9 = 8 c\u00e1nh<br \/>\nV\u1eadt li\u1ec7u Carbon<\/p>\n","protected":false},"featured_media":8103,"comment_status":"open","ping_status":"closed","template":"","meta":{"_acf_changed":false},"product_brand":[],"product_cat":[69,707],"product_tag":[2136,2135,2137,2153],"class_list":{"0":"post-8088","1":"product","2":"type-product","3":"status-publish","4":"has-post-thumbnail","6":"product_cat-canh-vane","7":"product_cat-orion-vanes","8":"product_tag-2136","9":"product_tag-2135","10":"product_tag-34-66-4","11":"product_tag-cbf1515","13":"first","14":"instock","15":"shipping-taxable","16":"product-type-simple"},"acf":[],"_links":{"self":[{"href":"https:\/\/mpvane.com\/en\/wp-json\/wp\/v2\/product\/8088","targetHints":{"allow":["GET"]}}],"collection":[{"href":"https:\/\/mpvane.com\/en\/wp-json\/wp\/v2\/product"}],"about":[{"href":"https:\/\/mpvane.com\/en\/wp-json\/wp\/v2\/types\/product"}],"replies":[{"embeddable":true,"href":"https:\/\/mpvane.com\/en\/wp-json\/wp\/v2\/comments?post=8088"}],"version-history":[{"count":4,"href":"https:\/\/mpvane.com\/en\/wp-json\/wp\/v2\/product\/8088\/revisions"}],"predecessor-version":[{"id":8092,"href":"https:\/\/mpvane.com\/en\/wp-json\/wp\/v2\/product\/8088\/revisions\/8092"}],"wp:featuredmedia":[{"embeddable":true,"href":"https:\/\/mpvane.com\/en\/wp-json\/wp\/v2\/media\/8103"}],"wp:attachment":[{"href":"https:\/\/mpvane.com\/en\/wp-json\/wp\/v2\/media?parent=8088"}],"wp:term":[{"taxonomy":"product_brand","embeddable":true,"href":"https:\/\/mpvane.com\/en\/wp-json\/wp\/v2\/product_brand?post=8088"},{"taxonomy":"product_cat","embeddable":true,"href":"https:\/\/mpvane.com\/en\/wp-json\/wp\/v2\/product_cat?post=8088"},{"taxonomy":"product_tag","embeddable":true,"href":"https:\/\/mpvane.com\/en\/wp-json\/wp\/v2\/product_tag?post=8088"}],"curies":[{"name":"wp","href":"https:\/\/api.w.org\/{rel}","templated":true}]}}