{"id":8084,"date":"2025-06-02T22:28:56","date_gmt":"2025-06-02T15:28:56","guid":{"rendered":"https:\/\/mpvane.com\/?post_type=product&#038;p=8084"},"modified":"2025-06-03T10:41:12","modified_gmt":"2025-06-03T03:41:12","slug":"bo-4-canh-than-carbon-orion-0410175401004009564010krf15a","status":"publish","type":"product","link":"https:\/\/mpvane.com\/en\/san-pham\/bo-4-canh-than-carbon-orion-0410175401004009564010krf15a\/","title":{"rendered":"B\u1ed9 4 c\u00e1nh than carbon ORION 04101754010,04009564010,KRF15A"},"content":{"rendered":"<div id=\"ez-toc-container\" class=\"ez-toc-v2_0_75 counter-hierarchy ez-toc-counter ez-toc-grey ez-toc-container-direction\">\n<div class=\"ez-toc-title-container\">\n<p class=\"ez-toc-title\" style=\"cursor:inherit\">Table of Contents<\/p>\n<span class=\"ez-toc-title-toggle\"><a href=\"#\" class=\"ez-toc-pull-right ez-toc-btn ez-toc-btn-xs ez-toc-btn-default ez-toc-toggle\" aria-label=\"Toggle Table of Content\"><span class=\"ez-toc-js-icon-con\"><span class=\"\"><span class=\"eztoc-hide\" style=\"display:none;\">Toggle<\/span><span class=\"ez-toc-icon-toggle-span\"><svg style=\"fill: #999;color:#999\" xmlns=\"http:\/\/www.w3.org\/2000\/svg\" class=\"list-377408\" width=\"20px\" height=\"20px\" viewBox=\"0 0 24 24\" fill=\"none\"><path d=\"M6 6H4v2h2V6zm14 0H8v2h12V6zM4 11h2v2H4v-2zm16 0H8v2h12v-2zM4 16h2v2H4v-2zm16 0H8v2h12v-2z\" fill=\"currentColor\"><\/path><\/svg><svg style=\"fill: #999;color:#999\" class=\"arrow-unsorted-368013\" xmlns=\"http:\/\/www.w3.org\/2000\/svg\" width=\"10px\" height=\"10px\" viewBox=\"0 0 24 24\" version=\"1.2\" baseProfile=\"tiny\"><path d=\"M18.2 9.3l-6.2-6.3-6.2 6.3c-.2.2-.3.4-.3.7s.1.5.3.7c.2.2.4.3.7.3h11c.3 0 .5-.1.7-.3.2-.2.3-.5.3-.7s-.1-.5-.3-.7zM5.8 14.7l6.2 6.3 6.2-6.3c.2-.2.3-.5.3-.7s-.1-.5-.3-.7c-.2-.2-.4-.3-.7-.3h-11c-.3 0-.5.1-.7.3-.2.2-.3.5-.3.7s.1.5.3.7z\"\/><\/svg><\/span><\/span><\/span><\/a><\/span><\/div>\n<nav><ul class='ez-toc-list ez-toc-list-level-1 ' ><li class='ez-toc-page-1 ez-toc-heading-level-1'><a class=\"ez-toc-link ez-toc-heading-1\" href=\"https:\/\/mpvane.com\/en\/san-pham\/bo-4-canh-than-carbon-orion-0410175401004009564010krf15a\/#Bo_4_Canh_Than_Carbon_ORION_04101754010_04009564010_KRF15A_%E2%80%93_Phu_Tung_Chinh_Hang\" >B\u1ed9 4 C\u00e1nh Than Carbon ORION 04101754010, 04009564010, KRF15A \u2013 Ph\u1ee5 T\u00f9ng Ch\u00ednh H\u00e3ng<\/a><ul class='ez-toc-list-level-2' ><li class='ez-toc-heading-level-2'><a class=\"ez-toc-link ez-toc-heading-2\" href=\"https:\/\/mpvane.com\/en\/san-pham\/bo-4-canh-than-carbon-orion-0410175401004009564010krf15a\/#Thong_Tin_Chi_Tiet_San_Pham\" >Th\u00f4ng Tin Chi Ti\u1ebft S\u1ea3n Ph\u1ea9m<\/a><\/li><li class='ez-toc-page-1 ez-toc-heading-level-2'><a class=\"ez-toc-link ez-toc-heading-3\" href=\"https:\/\/mpvane.com\/en\/san-pham\/bo-4-canh-than-carbon-orion-0410175401004009564010krf15a\/#Ung_Dung_Cua_Bo_Canh_Than_ORION\" >\u1ee8ng D\u1ee5ng C\u1ee7a B\u1ed9 C\u00e1nh Than ORION<\/a><\/li><li class='ez-toc-page-1 ez-toc-heading-level-2'><a class=\"ez-toc-link ez-toc-heading-4\" href=\"https:\/\/mpvane.com\/en\/san-pham\/bo-4-canh-than-carbon-orion-0410175401004009564010krf15a\/#Uu_Diem_Cua_Bom_Chan_Khong_Kho_ORION\" >\u01afu \u0110i\u1ec3m C\u1ee7a B\u01a1m Ch\u00e2n Kh\u00f4ng Kh\u00f4 ORION<\/a><\/li><li class='ez-toc-page-1 ez-toc-heading-level-2'><a class=\"ez-toc-link ez-toc-heading-5\" href=\"https:\/\/mpvane.com\/en\/san-pham\/bo-4-canh-than-carbon-orion-0410175401004009564010krf15a\/#Nguyen_Ly_Hoat_Dong\" >Nguy\u00ean L\u00fd Ho\u1ea1t \u0110\u1ed9ng<\/a><\/li><li class='ez-toc-page-1 ez-toc-heading-level-2'><a class=\"ez-toc-link ez-toc-heading-6\" href=\"https:\/\/mpvane.com\/en\/san-pham\/bo-4-canh-than-carbon-orion-0410175401004009564010krf15a\/#Luu_Y_Khi_Su_Dung_Bao_Tri\" >L\u01b0u \u00dd Khi S\u1eed D\u1ee5ng &amp; B\u1ea3o Tr\u00ec<\/a><\/li><li class='ez-toc-page-1 ez-toc-heading-level-2'><a class=\"ez-toc-link ez-toc-heading-7\" href=\"https:\/\/mpvane.com\/en\/san-pham\/bo-4-canh-than-carbon-orion-0410175401004009564010krf15a\/#Thoi_Gian_Thay_The_Khuyen_Nghi\" >Th\u1eddi Gian Thay Th\u1ebf Khuy\u1ebfn Ngh\u1ecb<\/a><\/li><li class='ez-toc-page-1 ez-toc-heading-level-2'><a class=\"ez-toc-link ez-toc-heading-8\" href=\"https:\/\/mpvane.com\/en\/san-pham\/bo-4-canh-than-carbon-orion-0410175401004009564010krf15a\/#Lien_He_Dat_Hang\" >Li\u00ean H\u1ec7 \u0110\u1eb7t H\u00e0ng<\/a><\/li><\/ul><\/li><\/ul><\/nav><\/div>\n<h1><span class=\"ez-toc-section\" id=\"Bo_4_Canh_Than_Carbon_ORION_04101754010_04009564010_KRF15A_%E2%80%93_Phu_Tung_Chinh_Hang\"><\/span><strong>B\u1ed9 4 C\u00e1nh Than Carbon ORION 04101754010, 04009564010, KRF15A \u2013 Ph\u1ee5 T\u00f9ng Ch\u00ednh H\u00e3ng<\/strong><span class=\"ez-toc-section-end\"><\/span><\/h1>\n<h2><span class=\"ez-toc-section\" id=\"Thong_Tin_Chi_Tiet_San_Pham\"><\/span><strong>Th\u00f4ng Tin Chi Ti\u1ebft S\u1ea3n Ph\u1ea9m<\/strong><span class=\"ez-toc-section-end\"><\/span><\/h2>\n<p class=\"ds-markdown-paragraph\">\u2705\u00a0<strong>M\u00e3 s\u1ea3n ph\u1ea9m:<\/strong>\u00a0ORION 04101754010, 04009564010, KRF15A<br \/>\n\u2705\u00a0<strong>Ch\u1ea5t li\u1ec7u:<\/strong>\u00a0Carbon cao c\u1ea5p<br \/>\n\u2705\u00a0<strong>K\u00edch th\u01b0\u1edbc:<\/strong>\u00a034mm (r\u1ed9ng\/cao) \u00d7 66mm (d\u00e0i) \u00d7 4mm (d\u00e0y)<br \/>\n\u2705\u00a0<strong>S\u1ed1 l\u01b0\u1ee3ng:<\/strong>\u00a004 c\u00e1nh g\u1ea1t\/b\u1ed9<br \/>\n\u2705\u00a0<strong>T\u01b0\u01a1ng th\u00edch:<\/strong>\u00a0M\u00e1y b\u01a1m ch\u00e2n kh\u00f4ng kh\u00f4 ORION model KRF15A v\u00e0 c\u00e1c bi\u1ebfn th\u1ec3:<\/p>\n<ul>\n<li>\n<p class=\"ds-markdown-paragraph\">KRF15A-V-01A, KRF15A-V-02, KRF15A-V-04<\/p>\n<\/li>\n<li>\n<p class=\"ds-markdown-paragraph\">KRF15A-B-01A, KRF15A-B-02, KRF15A-B-04<\/p>\n<\/li>\n<li>\n<p class=\"ds-markdown-paragraph\">KRF15A-VB-01A, KRF15A-VB-02, KRF15A-VB-04<\/p>\n<\/li>\n<\/ul>\n<h2><span class=\"ez-toc-section\" id=\"Ung_Dung_Cua_Bo_Canh_Than_ORION\"><\/span><strong>\u1ee8ng D\u1ee5ng C\u1ee7a B\u1ed9 C\u00e1nh Than ORION<\/strong><span class=\"ez-toc-section-end\"><\/span><\/h2>\n<p class=\"ds-markdown-paragraph\">B\u1ed9 c\u00e1nh than ORION l\u00e0\u00a0<strong>ph\u1ee5 ki\u1ec7n thay th\u1ebf ch\u00ednh h\u00e3ng<\/strong>, gi\u00fap duy tr\u00ec hi\u1ec7u su\u1ea5t t\u1ed1i \u01b0u cho m\u00e1y b\u01a1m ch\u00e2n kh\u00f4ng kh\u00f4 ORION. S\u1ea3n ph\u1ea9m \u0111\u01b0\u1ee3c s\u1eed d\u1ee5ng r\u1ed9ng r\u00e3i trong c\u00e1c ng\u00e0nh:<br \/>\n\u2714\u00a0<strong>C\u00f4ng nghi\u1ec7p \u0111i\u1ec7n t\u1eed<\/strong><br \/>\n\u2714\u00a0<strong>S\u1ea3n xu\u1ea5t \u00f4 t\u00f4<\/strong><br \/>\n\u2714\u00a0<strong>Y t\u1ebf &amp; thi\u1ebft b\u1ecb ph\u00f2ng th\u00ed nghi\u1ec7m<\/strong><br \/>\n\u2714\u00a0<strong>\u0110\u00f3ng g\u00f3i &amp; ch\u1ebf bi\u1ebfn th\u1ef1c ph\u1ea9m<\/strong><br \/>\n\u2714\u00a0<strong>C\u01a1 kh\u00ed &amp; t\u1ef1 \u0111\u1ed9ng h\u00f3a<\/strong><\/p>\n<h2><span class=\"ez-toc-section\" id=\"Uu_Diem_Cua_Bom_Chan_Khong_Kho_ORION\"><\/span><strong>\u01afu \u0110i\u1ec3m C\u1ee7a B\u01a1m Ch\u00e2n Kh\u00f4ng Kh\u00f4 ORION<\/strong><span class=\"ez-toc-section-end\"><\/span><\/h2>\n<p class=\"ds-markdown-paragraph\">\ud83d\udd39\u00a0<strong>Kh\u00f4ng nhi\u1ec5m d\u1ea7u:<\/strong>\u00a0\u0110\u1ea3m b\u1ea3o m\u00f4i tr\u01b0\u1eddng l\u00e0m vi\u1ec7c s\u1ea1ch, kh\u00f4ng l\u1eabn t\u1ea1p ch\u1ea5t.<br \/>\n\ud83d\udd39\u00a0<strong>Tu\u1ed5i th\u1ecd cao:<\/strong>\u00a0S\u1eed d\u1ee5ng c\u00e1nh than carbon t\u1ef1 b\u00f4i tr\u01a1n, ch\u1ecbu m\u00e0i m\u00f2n t\u1ed1t.<br \/>\n\ud83d\udd39\u00a0<strong>V\u1eadn h\u00e0nh \u00eam:<\/strong>\u00a0Gi\u1ea3m ti\u1ebfng \u1ed3n, \u0111\u1ed9 rung th\u1ea5p.<br \/>\n\ud83d\udd39\u00a0<strong>Hi\u1ec7u su\u1ea5t \u1ed5n \u0111\u1ecbnh:<\/strong>\u00a0T\u1ed1c \u0111\u1ed9 quay cao, h\u00fat ch\u00e2n kh\u00f4ng m\u1ea1nh m\u1ebd.<\/p>\n<h2><span class=\"ez-toc-section\" id=\"Nguyen_Ly_Hoat_Dong\"><\/span><strong>Nguy\u00ean L\u00fd Ho\u1ea1t \u0110\u1ed9ng<\/strong><span class=\"ez-toc-section-end\"><\/span><\/h2>\n<p class=\"ds-markdown-paragraph\">B\u01a1m ch\u00e2n kh\u00f4ng ORION ho\u1ea1t \u0111\u1ed9ng d\u1ef1a tr\u00ean c\u01a1 ch\u1ebf:<\/p>\n<ol start=\"1\">\n<li>\n<p class=\"ds-markdown-paragraph\"><strong>Rotor l\u1ec7ch t\u00e2m<\/strong>\u00a0quay trong xi-lanh, t\u1ea1o khoang ch\u00e2n kh\u00f4ng.<\/p>\n<\/li>\n<li>\n<p class=\"ds-markdown-paragraph\"><strong>L\u1ef1c ly t\u00e2m<\/strong>\u00a0\u0111\u1ea9y c\u00e1nh than \u00e1p s\u00e1t th\u00e0nh xi-lanh, gi\u00fap h\u00fat v\u00e0 n\u00e9n kh\u00ed li\u00ean t\u1ee5c.<\/p>\n<\/li>\n<li>\n<p class=\"ds-markdown-paragraph\"><strong>4 chu k\u1ef3 h\u00fat-x\u1ea3\/v\u00f2ng quay<\/strong>, \u0111\u1ea3m b\u1ea3o l\u01b0u l\u01b0\u1ee3ng kh\u00ed \u1ed5n \u0111\u1ecbnh.<\/p>\n<\/li>\n<\/ol>\n<h2><span class=\"ez-toc-section\" id=\"Luu_Y_Khi_Su_Dung_Bao_Tri\"><\/span><strong>L\u01b0u \u00dd Khi S\u1eed D\u1ee5ng &amp; B\u1ea3o Tr\u00ec<\/strong><span class=\"ez-toc-section-end\"><\/span><\/h2>\n<p class=\"ds-markdown-paragraph\">\u26a0\u00a0<strong>Kh\u00f4ng h\u00fat kh\u00ed d\u1ec5 ch\u00e1y\/n\u1ed5<\/strong>\u00a0\u2013 G\u00e2y nguy hi\u1ec3m.<br \/>\n\u26a0\u00a0<strong>Tr\u00e1nh t\u1eafc \u0111\u01b0\u1eddng \u1ed1ng h\u00fat\/x\u1ea3<\/strong>\u00a0\u2013 D\u1eabn \u0111\u1ebfn qu\u00e1 nhi\u1ec7t, h\u01b0 h\u1ecfng.<br \/>\n\u26a0\u00a0<strong>Thay c\u00e1nh than \u0111\u1ecbnh k\u1ef3<\/strong>\u00a0(12.000 gi\u1edd v\u1edbi \u00e1p su\u1ea5t ti\u00eau chu\u1ea9n) \u0111\u1ec3 tr\u00e1nh m\u00e0i m\u00f2n, g\u00e3y c\u00e1nh.<br \/>\n\u26a0\u00a0<strong>S\u1eed d\u1ee5ng \u1ed1ng m\u1ec1m ch\u1ecbu nhi\u1ec7t<\/strong>, tr\u00e1nh \u1ed1ng c\u1ee9ng g\u00e2y rung, \u1ed3n.<br \/>\n\u26a0\u00a0<strong>Ki\u1ec3m tra n\u01b0\u1edbc ng\u01b0ng t\u1ee5<\/strong>\u00a0trong \u0111\u01b0\u1eddng \u1ed1ng, tr\u00e1nh g\u1ec9 s\u00e9t.<\/p>\n<h2><span class=\"ez-toc-section\" id=\"Thoi_Gian_Thay_The_Khuyen_Nghi\"><\/span><strong>Th\u1eddi Gian Thay Th\u1ebf Khuy\u1ebfn Ngh\u1ecb<\/strong><span class=\"ez-toc-section-end\"><\/span><\/h2>\n<ul>\n<li>\n<p class=\"ds-markdown-paragraph\"><strong>\u00c1p su\u1ea5t ti\u00eau chu\u1ea9n:<\/strong>\u00a012.000 gi\u1edd<\/p>\n<\/li>\n<li>\n<p class=\"ds-markdown-paragraph\"><strong>\u00c1p su\u1ea5t t\u1ed1i \u0111a:<\/strong>\u00a09.500 gi\u1edd<\/p>\n<\/li>\n<\/ul>\n<h2><span class=\"ez-toc-section\" id=\"Lien_He_Dat_Hang\"><\/span><strong>Li\u00ean H\u1ec7 \u0110\u1eb7t H\u00e0ng<\/strong><span class=\"ez-toc-section-end\"><\/span><\/h2>\n<p class=\"ds-markdown-paragraph\">\ud83d\udcde\u00a0<strong>Hotline:<\/strong>\u00a0<a target=\"_blank\" rel=\"noreferrer\">0985 459 559<\/a>\u00a0|\u00a0<strong>Zalo:<\/strong>\u00a00985 490 343 \/ 0985 843 778<br \/>\n\ud83c\udf10\u00a0<strong>Website:<\/strong>\u00a0<a href=\"https:\/\/www.minhphuco.com\/\" target=\"_blank\" rel=\"noopener noreferrer\">www.minhphuco.com<\/a><br \/>\n\ud83d\udce7\u00a0<strong>Email:<\/strong>\u00a0<a href=\"https:\/\/mailto:sales@minhphuco.vn\/\" target=\"_blank\" rel=\"noopener noreferrer\">sales@minhphuco.vn<\/a><\/p>\n<p class=\"ds-markdown-paragraph\"><strong>Minh Ph\u00fac Co.<\/strong>\u00a0\u2013 \u0110\u01a1n v\u1ecb cung c\u1ea5p\u00a0<strong>ph\u1ee5 t\u00f9ng ORION ch\u00ednh h\u00e3ng<\/strong>, cam k\u1ebft ch\u1ea5t l\u01b0\u1ee3ng &amp; gi\u00e1 t\u1ed1t nh\u1ea5t th\u1ecb tr\u01b0\u1eddng!<\/p>\n<hr \/>\n<p class=\"ds-markdown-paragraph\"><strong>#B\u01a1mCh\u00e2nKh\u00f4ngOrion #C\u00e1nhThanCarbon #Orion04101754010 #M\u00e1yB\u01a1mCh\u00e2nKh\u00f4ngKh\u00f4 #Ph\u1ee5T\u00f9ngC\u00f4ngNghi\u1ec7p<\/strong><\/p>\n<p class=\"ds-markdown-paragraph\">\ud83d\udd0d\u00a0<strong>T\u00ecm ki\u1ebfm li\u00ean quan:<\/strong><\/p>\n<ul>\n<li>\n<p class=\"ds-markdown-paragraph\">B\u1ed9 c\u00e1nh g\u1ea1t ORION KRF15A<\/p>\n<\/li>\n<li>\n<p class=\"ds-markdown-paragraph\">C\u00e1nh than carbon cho b\u01a1m ch\u00e2n kh\u00f4ng<\/p>\n<\/li>\n<li>\n<p class=\"ds-markdown-paragraph\">Thay l\u01b0\u1ee1i g\u1ea1t ORION 04009564010<\/p>\n<\/li>\n<li>\n<p class=\"ds-markdown-paragraph\">B\u01a1m kh\u00f4 ORION ch\u00ednh h\u00e3ng<\/p>\n<\/li>\n<\/ul>\n","protected":false},"excerpt":{"rendered":"<p>K\u00edch th\u01b0\u1edbc: 34 mm (chi\u1ec1u r\u1ed9ng\/cao) \u00d7 66 mm (chi\u1ec1u d\u00e0i)\u00d7 4 mm (\u0111\u1ed9 d\u00e0y)<br \/>\nD\u00f9ng cho c\u00e1c m\u00e1y b\u01a1m : ORION KRF15A<br \/>\nV\u1eadt li\u1ec7u Carbon<\/p>\n","protected":false},"featured_media":8103,"comment_status":"open","ping_status":"closed","template":"","meta":{"_acf_changed":false},"product_brand":[],"product_cat":[69,707],"product_tag":[2136,2135,2137,2138],"class_list":{"0":"post-8084","1":"product","2":"type-product","3":"status-publish","4":"has-post-thumbnail","6":"product_cat-canh-vane","7":"product_cat-orion-vanes","8":"product_tag-2136","9":"product_tag-2135","10":"product_tag-34-66-4","11":"product_tag-krf15a","13":"first","14":"instock","15":"shipping-taxable","16":"product-type-simple"},"acf":[],"_links":{"self":[{"href":"https:\/\/mpvane.com\/en\/wp-json\/wp\/v2\/product\/8084","targetHints":{"allow":["GET"]}}],"collection":[{"href":"https:\/\/mpvane.com\/en\/wp-json\/wp\/v2\/product"}],"about":[{"href":"https:\/\/mpvane.com\/en\/wp-json\/wp\/v2\/types\/product"}],"replies":[{"embeddable":true,"href":"https:\/\/mpvane.com\/en\/wp-json\/wp\/v2\/comments?post=8084"}],"version-history":[{"count":1,"href":"https:\/\/mpvane.com\/en\/wp-json\/wp\/v2\/product\/8084\/revisions"}],"predecessor-version":[{"id":8085,"href":"https:\/\/mpvane.com\/en\/wp-json\/wp\/v2\/product\/8084\/revisions\/8085"}],"wp:featuredmedia":[{"embeddable":true,"href":"https:\/\/mpvane.com\/en\/wp-json\/wp\/v2\/media\/8103"}],"wp:attachment":[{"href":"https:\/\/mpvane.com\/en\/wp-json\/wp\/v2\/media?parent=8084"}],"wp:term":[{"taxonomy":"product_brand","embeddable":true,"href":"https:\/\/mpvane.com\/en\/wp-json\/wp\/v2\/product_brand?post=8084"},{"taxonomy":"product_cat","embeddable":true,"href":"https:\/\/mpvane.com\/en\/wp-json\/wp\/v2\/product_cat?post=8084"},{"taxonomy":"product_tag","embeddable":true,"href":"https:\/\/mpvane.com\/en\/wp-json\/wp\/v2\/product_tag?post=8084"}],"curies":[{"name":"wp","href":"https:\/\/api.w.org\/{rel}","templated":true}]}}