{"id":8081,"date":"2025-06-02T22:14:12","date_gmt":"2025-06-02T15:14:12","guid":{"rendered":"https:\/\/mpvane.com\/?post_type=product&#038;p=8081"},"modified":"2025-06-02T22:20:31","modified_gmt":"2025-06-02T15:20:31","slug":"bo-4-canh-than-carbon-orion-04040723010krf04a-copy","status":"publish","type":"product","link":"https:\/\/mpvane.com\/en\/san-pham\/bo-4-canh-than-carbon-orion-04040723010krf04a-copy\/","title":{"rendered":"B\u1ed9 4 c\u00e1nh than carbon ORION 04101753010,KRF08A"},"content":{"rendered":"<div id=\"ez-toc-container\" class=\"ez-toc-v2_0_75 counter-hierarchy ez-toc-counter ez-toc-grey ez-toc-container-direction\">\n<div class=\"ez-toc-title-container\">\n<p class=\"ez-toc-title\" style=\"cursor:inherit\">Table of Contents<\/p>\n<span class=\"ez-toc-title-toggle\"><a href=\"#\" class=\"ez-toc-pull-right ez-toc-btn ez-toc-btn-xs ez-toc-btn-default ez-toc-toggle\" aria-label=\"Toggle Table of Content\"><span class=\"ez-toc-js-icon-con\"><span class=\"\"><span class=\"eztoc-hide\" style=\"display:none;\">Toggle<\/span><span class=\"ez-toc-icon-toggle-span\"><svg style=\"fill: #999;color:#999\" xmlns=\"http:\/\/www.w3.org\/2000\/svg\" class=\"list-377408\" width=\"20px\" height=\"20px\" viewBox=\"0 0 24 24\" fill=\"none\"><path d=\"M6 6H4v2h2V6zm14 0H8v2h12V6zM4 11h2v2H4v-2zm16 0H8v2h12v-2zM4 16h2v2H4v-2zm16 0H8v2h12v-2z\" fill=\"currentColor\"><\/path><\/svg><svg style=\"fill: #999;color:#999\" class=\"arrow-unsorted-368013\" xmlns=\"http:\/\/www.w3.org\/2000\/svg\" width=\"10px\" height=\"10px\" viewBox=\"0 0 24 24\" version=\"1.2\" baseProfile=\"tiny\"><path d=\"M18.2 9.3l-6.2-6.3-6.2 6.3c-.2.2-.3.4-.3.7s.1.5.3.7c.2.2.4.3.7.3h11c.3 0 .5-.1.7-.3.2-.2.3-.5.3-.7s-.1-.5-.3-.7zM5.8 14.7l6.2 6.3 6.2-6.3c.2-.2.3-.5.3-.7s-.1-.5-.3-.7c-.2-.2-.4-.3-.7-.3h-11c-.3 0-.5.1-.7.3-.2.2-.3.5-.3.7s.1.5.3.7z\"\/><\/svg><\/span><\/span><\/span><\/a><\/span><\/div>\n<nav><ul class='ez-toc-list ez-toc-list-level-1 ' ><li class='ez-toc-page-1 ez-toc-heading-level-2'><a class=\"ez-toc-link ez-toc-heading-1\" href=\"https:\/\/mpvane.com\/en\/san-pham\/bo-4-canh-than-carbon-orion-04040723010krf04a-copy\/#Bo_Canh_Than_Carbon_ORION_04101753010_Chinh_Hang_%E2%80%93_Phu_Tung_Thay_The_Cho_May_Bom_Chan_Khong_ORION_KRF08A\" >B\u1ed9 C\u00e1nh Than Carbon ORION 04101753010 Ch\u00ednh H\u00e3ng \u2013 Ph\u1ee5 T\u00f9ng Thay Th\u1ebf Cho M\u00e1y B\u01a1m Ch\u00e2n Kh\u00f4ng ORION KRF08A<\/a><ul class='ez-toc-list-level-3' ><li class='ez-toc-heading-level-3'><a class=\"ez-toc-link ez-toc-heading-2\" href=\"https:\/\/mpvane.com\/en\/san-pham\/bo-4-canh-than-carbon-orion-04040723010krf04a-copy\/#1_Thong_tin_san_pham_Bo_canh_than_ORION_04101753010\" >1. Th\u00f4ng tin s\u1ea3n ph\u1ea9m: B\u1ed9 c\u00e1nh than ORION 04101753010<\/a><\/li><li class='ez-toc-page-1 ez-toc-heading-level-3'><a class=\"ez-toc-link ez-toc-heading-3\" href=\"https:\/\/mpvane.com\/en\/san-pham\/bo-4-canh-than-carbon-orion-04040723010krf04a-copy\/#2_Tuong_thich_voi_cac_dong_may_bom_chan_khong_ORION_KRF08A\" >2. T\u01b0\u01a1ng th\u00edch v\u1edbi c\u00e1c d\u00f2ng m\u00e1y b\u01a1m ch\u00e2n kh\u00f4ng ORION KRF08A<\/a><\/li><li class='ez-toc-page-1 ez-toc-heading-level-3'><a class=\"ez-toc-link ez-toc-heading-4\" href=\"https:\/\/mpvane.com\/en\/san-pham\/bo-4-canh-than-carbon-orion-04040723010krf04a-copy\/#3_Vi_sao_nen_chon_canh_than_carbon_ORION_chinh_hang\" >3. V\u00ec sao n\u00ean ch\u1ecdn c\u00e1nh than carbon ORION ch\u00ednh h\u00e3ng?<\/a><\/li><li class='ez-toc-page-1 ez-toc-heading-level-3'><a class=\"ez-toc-link ez-toc-heading-5\" href=\"https:\/\/mpvane.com\/en\/san-pham\/bo-4-canh-than-carbon-orion-04040723010krf04a-copy\/#4_Tim_hieu_them_ve_may_bom_kho_chan_khong_ORION_KRF08A\" >4. T\u00ecm hi\u1ec3u th\u00eam v\u1ec1 m\u00e1y b\u01a1m kh\u00f4 ch\u00e2n kh\u00f4ng ORION KRF08A<\/a><ul class='ez-toc-list-level-4' ><li class='ez-toc-heading-level-4'><a class=\"ez-toc-link ez-toc-heading-6\" href=\"https:\/\/mpvane.com\/en\/san-pham\/bo-4-canh-than-carbon-orion-04040723010krf04a-copy\/#Nguyen_ly_hoat_dong\" >Nguy\u00ean l\u00fd ho\u1ea1t \u0111\u1ed9ng:<\/a><\/li><li class='ez-toc-page-1 ez-toc-heading-level-4'><a class=\"ez-toc-link ez-toc-heading-7\" href=\"https:\/\/mpvane.com\/en\/san-pham\/bo-4-canh-than-carbon-orion-04040723010krf04a-copy\/#Uu_diem_vuot_troi\" >\u01afu \u0111i\u1ec3m v\u01b0\u1ee3t tr\u1ed9i:<\/a><\/li><li class='ez-toc-page-1 ez-toc-heading-level-4'><a class=\"ez-toc-link ez-toc-heading-8\" href=\"https:\/\/mpvane.com\/en\/san-pham\/bo-4-canh-than-carbon-orion-04040723010krf04a-copy\/#Ung_dung_trong_nhieu_nganh_cong_nghiep\" >\u1ee8ng d\u1ee5ng trong nhi\u1ec1u ng\u00e0nh c\u00f4ng nghi\u1ec7p:<\/a><\/li><\/ul><\/li><li class='ez-toc-page-1 ez-toc-heading-level-3'><a class=\"ez-toc-link ez-toc-heading-9\" href=\"https:\/\/mpvane.com\/en\/san-pham\/bo-4-canh-than-carbon-orion-04040723010krf04a-copy\/#5_Huong_dan_su_dung_va_bao_tri_may_bom_kho_ORION\" >5. H\u01b0\u1edbng d\u1eabn s\u1eed d\u1ee5ng v\u00e0 b\u1ea3o tr\u00ec m\u00e1y b\u01a1m kh\u00f4 ORION<\/a><ul class='ez-toc-list-level-4' ><li class='ez-toc-heading-level-4'><a class=\"ez-toc-link ez-toc-heading-10\" href=\"https:\/\/mpvane.com\/en\/san-pham\/bo-4-canh-than-carbon-orion-04040723010krf04a-copy\/#Luu_y_khi_van_hanh\" >L\u01b0u \u00fd khi v\u1eadn h\u00e0nh:<\/a><\/li><li class='ez-toc-page-1 ez-toc-heading-level-4'><a class=\"ez-toc-link ez-toc-heading-11\" href=\"https:\/\/mpvane.com\/en\/san-pham\/bo-4-canh-than-carbon-orion-04040723010krf04a-copy\/#Bao_tri_dinh_ky\" >B\u1ea3o tr\u00ec \u0111\u1ecbnh k\u1ef3:<\/a><\/li><\/ul><\/li><li class='ez-toc-page-1 ez-toc-heading-level-3'><a class=\"ez-toc-link ez-toc-heading-12\" href=\"https:\/\/mpvane.com\/en\/san-pham\/bo-4-canh-than-carbon-orion-04040723010krf04a-copy\/#6_Lien_he_tu_van_va_dat_hang_canh_than_ORION_04101753010\" >6. Li\u00ean h\u1ec7 t\u01b0 v\u1ea5n v\u00e0 \u0111\u1eb7t h\u00e0ng c\u00e1nh than ORION 04101753010<\/a><\/li><\/ul><\/li><\/ul><\/nav><\/div>\n<h2 data-start=\"220\" data-end=\"331\"><span class=\"ez-toc-section\" id=\"Bo_Canh_Than_Carbon_ORION_04101753010_Chinh_Hang_%E2%80%93_Phu_Tung_Thay_The_Cho_May_Bom_Chan_Khong_ORION_KRF08A\"><\/span><strong data-start=\"223\" data-end=\"331\">B\u1ed9 C\u00e1nh Than Carbon ORION 04101753010 Ch\u00ednh H\u00e3ng \u2013 Ph\u1ee5 T\u00f9ng Thay Th\u1ebf Cho M\u00e1y B\u01a1m Ch\u00e2n Kh\u00f4ng ORION KRF08A<\/strong><span class=\"ez-toc-section-end\"><\/span><\/h2>\n<h3 data-start=\"333\" data-end=\"394\"><span class=\"ez-toc-section\" id=\"1_Thong_tin_san_pham_Bo_canh_than_ORION_04101753010\"><\/span><strong data-start=\"337\" data-end=\"394\">1. Th\u00f4ng tin s\u1ea3n ph\u1ea9m: B\u1ed9 c\u00e1nh than ORION 04101753010<\/strong><span class=\"ez-toc-section-end\"><\/span><\/h3>\n<ul data-start=\"395\" data-end=\"706\">\n<li data-start=\"395\" data-end=\"456\">\n<p data-start=\"397\" data-end=\"456\"><strong data-start=\"397\" data-end=\"414\">T\u00ean s\u1ea3n ph\u1ea9m:<\/strong> B\u1ed9 4 c\u00e1nh than carbon ORION 04101753010<\/p>\n<\/li>\n<li data-start=\"457\" data-end=\"490\">\n<p data-start=\"459\" data-end=\"490\"><strong data-start=\"459\" data-end=\"475\">M\u00e3 s\u1ea3n ph\u1ea9m:<\/strong> ORION KRF08A<\/p>\n<\/li>\n<li data-start=\"491\" data-end=\"527\">\n<p data-start=\"493\" data-end=\"527\"><strong data-start=\"493\" data-end=\"506\">V\u1eadt li\u1ec7u:<\/strong> Carbon nguy\u00ean kh\u1ed1i<\/p>\n<\/li>\n<li data-start=\"528\" data-end=\"624\">\n<p data-start=\"530\" data-end=\"558\"><strong data-start=\"530\" data-end=\"556\">K\u00edch th\u01b0\u1edbc ti\u00eau chu\u1ea9n:<\/strong><\/p>\n<ul data-start=\"561\" data-end=\"624\">\n<li data-start=\"561\" data-end=\"582\">\n<p data-start=\"563\" data-end=\"582\">Chi\u1ec1u r\u1ed9ng: 32 mm<\/p>\n<\/li>\n<li data-start=\"585\" data-end=\"605\">\n<p data-start=\"587\" data-end=\"605\">Chi\u1ec1u d\u00e0i: 41 mm<\/p>\n<\/li>\n<li data-start=\"608\" data-end=\"624\">\n<p data-start=\"610\" data-end=\"624\">\u0110\u1ed9 d\u00e0y: 4 mm<\/p>\n<\/li>\n<\/ul>\n<\/li>\n<li data-start=\"625\" data-end=\"661\">\n<p data-start=\"627\" data-end=\"661\"><strong data-start=\"627\" data-end=\"651\">S\u1ed1 l\u01b0\u1ee3ng trong 1 b\u1ed9:<\/strong> 04 c\u00e1nh<\/p>\n<\/li>\n<li data-start=\"662\" data-end=\"706\">\n<p data-start=\"664\" data-end=\"706\"><strong data-start=\"664\" data-end=\"676\">Xu\u1ea5t x\u1ee9:<\/strong> Ch\u00ednh h\u00e3ng ORION \u2013 Nh\u1eadt B\u1ea3n<\/p>\n<\/li>\n<\/ul>\n<h3 data-start=\"708\" data-end=\"775\"><span class=\"ez-toc-section\" id=\"2_Tuong_thich_voi_cac_dong_may_bom_chan_khong_ORION_KRF08A\"><\/span><strong data-start=\"712\" data-end=\"775\">2. T\u01b0\u01a1ng th\u00edch v\u1edbi c\u00e1c d\u00f2ng m\u00e1y b\u01a1m ch\u00e2n kh\u00f4ng ORION KRF08A<\/strong><span class=\"ez-toc-section-end\"><\/span><\/h3>\n<p data-start=\"776\" data-end=\"849\">B\u1ed9 c\u00e1nh than ORION 04101753010 d\u00f9ng cho c\u00e1c model m\u00e1y b\u01a1m kh\u00f4 ch\u00e2n kh\u00f4ng:<\/p>\n<ul data-start=\"850\" data-end=\"1027\">\n<li data-start=\"850\" data-end=\"880\">\n<p data-start=\"852\" data-end=\"880\">ORION dry vacuum pump KRF08A<\/p>\n<\/li>\n<li data-start=\"881\" data-end=\"928\">\n<p data-start=\"883\" data-end=\"928\">ORION KRF08A-V-01, KRF08A-V-02A, KRF08A-V-08A<\/p>\n<\/li>\n<li data-start=\"929\" data-end=\"976\">\n<p data-start=\"931\" data-end=\"976\">ORION KRF08A-B-01, KRF08A-B-02A, KRF08A-B-08A<\/p>\n<\/li>\n<li data-start=\"977\" data-end=\"1027\">\n<p data-start=\"979\" data-end=\"1027\">ORION KRF08A-VB-01, KRF08A-VB-02A, KRF08A-VB-08A<\/p>\n<\/li>\n<\/ul>\n<p data-start=\"1029\" data-end=\"1140\">\u0110\u1ea3m b\u1ea3o <strong data-start=\"1037\" data-end=\"1104\">hi\u1ec7u su\u1ea5t h\u00fat ch\u00e2n kh\u00f4ng cao, ho\u1ea1t \u0111\u1ed9ng \u00eam \u00e1i, \u0111\u1ed9 b\u1ec1n v\u01b0\u1ee3t tr\u1ed9i<\/strong> nh\u1edd thi\u1ebft k\u1ebf c\u00e1nh than t\u1ef1 b\u00f4i tr\u01a1n.<\/p>\n<hr data-start=\"1142\" data-end=\"1145\" \/>\n<h3 data-start=\"1147\" data-end=\"1208\"><span class=\"ez-toc-section\" id=\"3_Vi_sao_nen_chon_canh_than_carbon_ORION_chinh_hang\"><\/span><strong data-start=\"1151\" data-end=\"1208\">3. V\u00ec sao n\u00ean ch\u1ecdn c\u00e1nh than carbon ORION ch\u00ednh h\u00e3ng?<\/strong><span class=\"ez-toc-section-end\"><\/span><\/h3>\n<p data-start=\"1209\" data-end=\"1432\">\u2705 <strong data-start=\"1211\" data-end=\"1253\">Ch\u1ea5t l\u01b0\u1ee3ng Nh\u1eadt B\u1ea3n \u2013 B\u1ec1n b\u1ec9, hi\u1ec7u qu\u1ea3<\/strong><br data-start=\"1253\" data-end=\"1256\" \/>\u2705 <strong data-start=\"1258\" data-end=\"1297\">Thi\u1ebft k\u1ebf chu\u1ea9n x\u00e1c, l\u1eafp \u0111\u1eb7t d\u1ec5 d\u00e0ng<\/strong><br data-start=\"1297\" data-end=\"1300\" \/>\u2705 <strong data-start=\"1302\" data-end=\"1347\">T\u1ed1i \u01b0u hi\u1ec7u su\u1ea5t h\u00fat ch\u00e2n kh\u00f4ng v\u00e0 x\u1ea3 kh\u00ed<\/strong><br data-start=\"1347\" data-end=\"1350\" \/>\u2705 <strong data-start=\"1352\" data-end=\"1387\">T\u0103ng tu\u1ed5i th\u1ecd m\u00e1y b\u01a1m kh\u00f4 ORION<\/strong><br data-start=\"1387\" data-end=\"1390\" \/>\u2705 <strong data-start=\"1392\" data-end=\"1432\">Gi\u1ea3m ti\u1ebfng \u1ed3n, gi\u1ea3m hao m\u00f2n thi\u1ebft b\u1ecb<\/strong><\/p>\n<hr data-start=\"1434\" data-end=\"1437\" \/>\n<h3 data-start=\"1439\" data-end=\"1502\"><span class=\"ez-toc-section\" id=\"4_Tim_hieu_them_ve_may_bom_kho_chan_khong_ORION_KRF08A\"><\/span><strong data-start=\"1443\" data-end=\"1502\">4. T\u00ecm hi\u1ec3u th\u00eam v\u1ec1 m\u00e1y b\u01a1m kh\u00f4 ch\u00e2n kh\u00f4ng ORION KRF08A<\/strong><span class=\"ez-toc-section-end\"><\/span><\/h3>\n<h4 data-start=\"1504\" data-end=\"1533\"><span class=\"ez-toc-section\" id=\"Nguyen_ly_hoat_dong\"><\/span><strong data-start=\"1509\" data-end=\"1532\">Nguy\u00ean l\u00fd ho\u1ea1t \u0111\u1ed9ng<\/strong>:<span class=\"ez-toc-section-end\"><\/span><\/h4>\n<ul data-start=\"1534\" data-end=\"1814\">\n<li data-start=\"1534\" data-end=\"1614\">\n<p data-start=\"1536\" data-end=\"1614\">M\u00e1y b\u01a1m kh\u00f4 ORION s\u1eed d\u1ee5ng c\u01a1 c\u1ea5u r\u00f4to l\u1ec7ch t\u00e2m v\u00e0 c\u00e1nh g\u1ea1t carbon tr\u01b0\u1ee3t t\u1ef1 do.<\/p>\n<\/li>\n<li data-start=\"1615\" data-end=\"1741\">\n<p data-start=\"1617\" data-end=\"1741\">Trong m\u1ed7i v\u00f2ng quay, 4 c\u00e1nh g\u1ea1t th\u1ef1c hi\u1ec7n tu\u1ea7n t\u1ef1 c\u00e1c qu\u00e1 tr\u00ecnh: h\u00fat \u2192 n\u00e9n \u2192 x\u1ea3, cho hi\u1ec7u su\u1ea5t l\u00e0m vi\u1ec7c \u1ed5n \u0111\u1ecbnh v\u00e0 li\u00ean t\u1ee5c.<\/p>\n<\/li>\n<li data-start=\"1742\" data-end=\"1814\">\n<p data-start=\"1744\" data-end=\"1814\">B\u01a1m kh\u00f4ng d\u1ea7u n\u00ean kh\u00f4ng g\u00e2y nhi\u1ec5m b\u1ea9n m\u00f4i tr\u01b0\u1eddng l\u00e0m vi\u1ec7c v\u00e0 s\u1ea3n ph\u1ea9m.<\/p>\n<\/li>\n<\/ul>\n<h4 data-start=\"1816\" data-end=\"1843\"><span class=\"ez-toc-section\" id=\"Uu_diem_vuot_troi\"><\/span><strong data-start=\"1821\" data-end=\"1842\">\u01afu \u0111i\u1ec3m v\u01b0\u1ee3t tr\u1ed9i<\/strong>:<span class=\"ez-toc-section-end\"><\/span><\/h4>\n<ul data-start=\"1844\" data-end=\"2019\">\n<li data-start=\"1844\" data-end=\"1897\">\n<p data-start=\"1846\" data-end=\"1897\"><strong data-start=\"1846\" data-end=\"1864\">Kh\u00f4ng d\u00f9ng d\u1ea7u<\/strong>: Kh\u00f4ng g\u00e2y \u00f4 nhi\u1ec5m, d\u1ec5 b\u1ea3o tr\u00ec<\/p>\n<\/li>\n<li data-start=\"1898\" data-end=\"1931\">\n<p data-start=\"1900\" data-end=\"1931\"><strong data-start=\"1900\" data-end=\"1929\">V\u1eadn h\u00e0nh \u00eam, tu\u1ed5i th\u1ecd cao<\/strong><\/p>\n<\/li>\n<li data-start=\"1932\" data-end=\"1969\">\n<p data-start=\"1934\" data-end=\"1969\"><strong data-start=\"1934\" data-end=\"1967\">T\u1ed1c \u0111\u1ed9 quay cao, \u0111\u1ed9 rung th\u1ea5p<\/strong><\/p>\n<\/li>\n<li data-start=\"1970\" data-end=\"2019\">\n<p data-start=\"1972\" data-end=\"2019\"><strong data-start=\"1972\" data-end=\"2017\">C\u00e1nh g\u1ea1t t\u1ef1 b\u00f4i tr\u01a1n b\u1eb1ng carbon \u0111\u1eb7c bi\u1ec7t<\/strong><\/p>\n<\/li>\n<\/ul>\n<h4 data-start=\"2021\" data-end=\"2069\"><span class=\"ez-toc-section\" id=\"Ung_dung_trong_nhieu_nganh_cong_nghiep\"><\/span><strong data-start=\"2026\" data-end=\"2068\">\u1ee8ng d\u1ee5ng trong nhi\u1ec1u ng\u00e0nh c\u00f4ng nghi\u1ec7p<\/strong>:<span class=\"ez-toc-section-end\"><\/span><\/h4>\n<ul data-start=\"2070\" data-end=\"2143\">\n<li data-start=\"2070\" data-end=\"2143\">\n<p data-start=\"2072\" data-end=\"2143\">S\u1ea3n xu\u1ea5t linh ki\u1ec7n \u0111i\u1ec7n t\u1eed, thi\u1ebft b\u1ecb y t\u1ebf, th\u1ef1c ph\u1ea9m, in \u1ea5n, d\u01b0\u1ee3c ph\u1ea9m\u2026<\/p>\n<\/li>\n<\/ul>\n<hr data-start=\"2145\" data-end=\"2148\" \/>\n<h3 data-start=\"2150\" data-end=\"2207\"><span class=\"ez-toc-section\" id=\"5_Huong_dan_su_dung_va_bao_tri_may_bom_kho_ORION\"><\/span><strong data-start=\"2154\" data-end=\"2207\">5. H\u01b0\u1edbng d\u1eabn s\u1eed d\u1ee5ng v\u00e0 b\u1ea3o tr\u00ec m\u00e1y b\u01a1m kh\u00f4 ORION<\/strong><span class=\"ez-toc-section-end\"><\/span><\/h3>\n<h4 data-start=\"2209\" data-end=\"2237\"><span class=\"ez-toc-section\" id=\"Luu_y_khi_van_hanh\"><\/span><strong data-start=\"2214\" data-end=\"2236\">L\u01b0u \u00fd khi v\u1eadn h\u00e0nh<\/strong>:<span class=\"ez-toc-section-end\"><\/span><\/h4>\n<ul data-start=\"2238\" data-end=\"2377\">\n<li data-start=\"2238\" data-end=\"2271\">\n<p data-start=\"2240\" data-end=\"2271\"><strong data-start=\"2240\" data-end=\"2269\">Kh\u00f4ng h\u00fat kh\u00ed d\u1ec5 ch\u00e1y, n\u1ed5<\/strong><\/p>\n<\/li>\n<li data-start=\"2272\" data-end=\"2312\">\n<p data-start=\"2274\" data-end=\"2312\"><strong data-start=\"2274\" data-end=\"2310\">Kh\u00f4ng ch\u1eb7n \u0111\u01b0\u1eddng \u1ed1ng h\u00fat ho\u1eb7c x\u1ea3<\/strong><\/p>\n<\/li>\n<li data-start=\"2313\" data-end=\"2377\">\n<p data-start=\"2315\" data-end=\"2377\"><strong data-start=\"2315\" data-end=\"2377\">S\u1eed d\u1ee5ng trong m\u00f4i tr\u01b0\u1eddng s\u1ea1ch, kh\u00f4 r\u00e1o, nhi\u1ec7t \u0111\u1ed9 t\u1eeb 0\u201340\u00b0C<\/strong><\/p>\n<\/li>\n<\/ul>\n<h4 data-start=\"2379\" data-end=\"2404\"><span class=\"ez-toc-section\" id=\"Bao_tri_dinh_ky\"><\/span><strong data-start=\"2384\" data-end=\"2403\">B\u1ea3o tr\u00ec \u0111\u1ecbnh k\u1ef3<\/strong>:<span class=\"ez-toc-section-end\"><\/span><\/h4>\n<ul data-start=\"2405\" data-end=\"2613\">\n<li data-start=\"2405\" data-end=\"2475\">\n<p data-start=\"2407\" data-end=\"2475\"><strong data-start=\"2407\" data-end=\"2443\">Thay th\u1ebf c\u00e1nh g\u1ea1t sau 12.000 gi\u1edd<\/strong> s\u1eed d\u1ee5ng \u1edf \u00e1p su\u1ea5t khuy\u1ebfn ngh\u1ecb<\/p>\n<\/li>\n<li data-start=\"2476\" data-end=\"2544\">\n<p data-start=\"2478\" data-end=\"2544\"><strong data-start=\"2478\" data-end=\"2518\">Trong \u0111i\u1ec1u ki\u1ec7n l\u00e0m vi\u1ec7c \u00e1p su\u1ea5t cao<\/strong>: thay th\u1ebf sau 9.500 gi\u1edd<\/p>\n<\/li>\n<li data-start=\"2545\" data-end=\"2613\">\n<p data-start=\"2547\" data-end=\"2613\"><strong data-start=\"2547\" data-end=\"2613\">N\u1ebfu ph\u00e1t hi\u1ec7n ti\u1ebfng \u1ed3n ho\u1eb7c gi\u1ea3m hi\u1ec7u su\u1ea5t, thay ngay c\u00e1nh g\u1ea1t<\/strong><\/p>\n<\/li>\n<\/ul>\n<hr data-start=\"2615\" data-end=\"2618\" \/>\n<h3 data-start=\"2620\" data-end=\"2685\"><span class=\"ez-toc-section\" id=\"6_Lien_he_tu_van_va_dat_hang_canh_than_ORION_04101753010\"><\/span><strong data-start=\"2624\" data-end=\"2685\">6. Li\u00ean h\u1ec7 t\u01b0 v\u1ea5n v\u00e0 \u0111\u1eb7t h\u00e0ng c\u00e1nh than ORION 04101753010<\/strong><span class=\"ez-toc-section-end\"><\/span><\/h3>\n<p data-start=\"2687\" data-end=\"2795\">\ud83d\udd27 C\u00f4ng ty TNHH Thi\u1ebft B\u1ecb K\u1ef9 Thu\u1eadt Minh Ph\u00fac \u2013 Chuy\u00ean cung c\u1ea5p ph\u1ee5 t\u00f9ng m\u00e1y b\u01a1m ch\u00e2n kh\u00f4ng ORION ch\u00ednh h\u00e3ng<\/p>\n<p data-start=\"2797\" data-end=\"2969\">\ud83d\udcde <strong data-start=\"2800\" data-end=\"2812\">Hotline:<\/strong> 0985 459 559<br data-start=\"2825\" data-end=\"2828\" \/>\ud83c\udf10 <strong data-start=\"2831\" data-end=\"2843\">Website:<\/strong> <a class=\"\" href=\"http:\/\/www.minhphuco.com\" target=\"_new\" rel=\"noopener\" data-start=\"2844\" data-end=\"2889\">www.minhphuco.com<\/a><br data-start=\"2889\" data-end=\"2892\" \/>\ud83d\udce7 <strong data-start=\"2895\" data-end=\"2905\">Email:<\/strong> <a class=\"cursor-pointer\" rel=\"noopener\" data-start=\"2906\" data-end=\"2924\">sales@minhphuco.vn<\/a><br data-start=\"2924\" data-end=\"2927\" \/>\ud83d\udcf1 <strong data-start=\"2930\" data-end=\"2939\">Zalo:<\/strong> 0985 490 343 | 0985 843 778<\/p>\n<hr data-start=\"2971\" data-end=\"2974\" \/>\n<p data-start=\"2976\" data-end=\"3163\"><strong data-start=\"2976\" data-end=\"2984\">Tags<\/strong>: b\u1ed9 c\u00e1nh than ORION 04101753010, ph\u1ee5 t\u00f9ng m\u00e1y b\u01a1m ORION, c\u00e1nh g\u1ea1t carbon ORION, ORION KRF08A, c\u00e1nh b\u01a1m ch\u00e2n kh\u00f4ng, b\u01a1m ch\u00e2n kh\u00f4ng kh\u00f4ng d\u1ea7u, thay c\u00e1nh b\u01a1m ORION, ORION pump blade<\/p>\n","protected":false},"excerpt":{"rendered":"<p>K\u00edch th\u01b0\u1edbc: 32 mm (chi\u1ec1u r\u1ed9ng\/cao) \u00d7 41 mm (chi\u1ec1u d\u00e0i)\u00d7 4 mm (\u0111\u1ed9 d\u00e0y)<br \/>\nD\u00f9ng cho c\u00e1c m\u00e1y b\u01a1m : ORION KRF08A<br \/>\nV\u1eadt li\u1ec7u Carbon<\/p>\n","protected":false},"featured_media":7805,"comment_status":"open","ping_status":"closed","template":"","meta":{"_acf_changed":false},"product_brand":[],"product_cat":[69,707],"product_tag":[2124,2123],"class_list":{"0":"post-8081","1":"product","2":"type-product","3":"status-publish","4":"has-post-thumbnail","6":"product_cat-canh-vane","7":"product_cat-orion-vanes","8":"product_tag-2124","9":"product_tag-krf08a","11":"first","12":"instock","13":"shipping-taxable","14":"product-type-simple"},"acf":[],"_links":{"self":[{"href":"https:\/\/mpvane.com\/en\/wp-json\/wp\/v2\/product\/8081","targetHints":{"allow":["GET"]}}],"collection":[{"href":"https:\/\/mpvane.com\/en\/wp-json\/wp\/v2\/product"}],"about":[{"href":"https:\/\/mpvane.com\/en\/wp-json\/wp\/v2\/types\/product"}],"replies":[{"embeddable":true,"href":"https:\/\/mpvane.com\/en\/wp-json\/wp\/v2\/comments?post=8081"}],"version-history":[{"count":2,"href":"https:\/\/mpvane.com\/en\/wp-json\/wp\/v2\/product\/8081\/revisions"}],"predecessor-version":[{"id":8083,"href":"https:\/\/mpvane.com\/en\/wp-json\/wp\/v2\/product\/8081\/revisions\/8083"}],"wp:featuredmedia":[{"embeddable":true,"href":"https:\/\/mpvane.com\/en\/wp-json\/wp\/v2\/media\/7805"}],"wp:attachment":[{"href":"https:\/\/mpvane.com\/en\/wp-json\/wp\/v2\/media?parent=8081"}],"wp:term":[{"taxonomy":"product_brand","embeddable":true,"href":"https:\/\/mpvane.com\/en\/wp-json\/wp\/v2\/product_brand?post=8081"},{"taxonomy":"product_cat","embeddable":true,"href":"https:\/\/mpvane.com\/en\/wp-json\/wp\/v2\/product_cat?post=8081"},{"taxonomy":"product_tag","embeddable":true,"href":"https:\/\/mpvane.com\/en\/wp-json\/wp\/v2\/product_tag?post=8081"}],"curies":[{"name":"wp","href":"https:\/\/api.w.org\/{rel}","templated":true}]}}