{"id":8077,"date":"2025-06-02T21:49:42","date_gmt":"2025-06-02T14:49:42","guid":{"rendered":"https:\/\/mpvane.com\/?post_type=product&#038;p=8077"},"modified":"2025-06-02T22:05:35","modified_gmt":"2025-06-02T15:05:35","slug":"bo-4-canh-than-carbon-orion-04040723010krf04a","status":"publish","type":"product","link":"https:\/\/mpvane.com\/en\/san-pham\/bo-4-canh-than-carbon-orion-04040723010krf04a\/","title":{"rendered":"B\u1ed9 4 c\u00e1nh than carbon ORION 04040723010,KRF04A"},"content":{"rendered":"<div id=\"ez-toc-container\" class=\"ez-toc-v2_0_75 counter-hierarchy ez-toc-counter ez-toc-grey ez-toc-container-direction\">\n<div class=\"ez-toc-title-container\">\n<p class=\"ez-toc-title\" style=\"cursor:inherit\">Table of Contents<\/p>\n<span class=\"ez-toc-title-toggle\"><a href=\"#\" class=\"ez-toc-pull-right ez-toc-btn ez-toc-btn-xs ez-toc-btn-default ez-toc-toggle\" aria-label=\"Toggle Table of Content\"><span class=\"ez-toc-js-icon-con\"><span class=\"\"><span class=\"eztoc-hide\" style=\"display:none;\">Toggle<\/span><span class=\"ez-toc-icon-toggle-span\"><svg style=\"fill: #999;color:#999\" xmlns=\"http:\/\/www.w3.org\/2000\/svg\" class=\"list-377408\" width=\"20px\" height=\"20px\" viewBox=\"0 0 24 24\" fill=\"none\"><path d=\"M6 6H4v2h2V6zm14 0H8v2h12V6zM4 11h2v2H4v-2zm16 0H8v2h12v-2zM4 16h2v2H4v-2zm16 0H8v2h12v-2z\" fill=\"currentColor\"><\/path><\/svg><svg style=\"fill: #999;color:#999\" class=\"arrow-unsorted-368013\" xmlns=\"http:\/\/www.w3.org\/2000\/svg\" width=\"10px\" height=\"10px\" viewBox=\"0 0 24 24\" version=\"1.2\" baseProfile=\"tiny\"><path d=\"M18.2 9.3l-6.2-6.3-6.2 6.3c-.2.2-.3.4-.3.7s.1.5.3.7c.2.2.4.3.7.3h11c.3 0 .5-.1.7-.3.2-.2.3-.5.3-.7s-.1-.5-.3-.7zM5.8 14.7l6.2 6.3 6.2-6.3c.2-.2.3-.5.3-.7s-.1-.5-.3-.7c-.2-.2-.4-.3-.7-.3h-11c-.3 0-.5.1-.7.3-.2.2-.3.5-.3.7s.1.5.3.7z\"\/><\/svg><\/span><\/span><\/span><\/a><\/span><\/div>\n<nav><ul class='ez-toc-list ez-toc-list-level-1 ' ><li class='ez-toc-page-1 ez-toc-heading-level-1'><a class=\"ez-toc-link ez-toc-heading-1\" href=\"https:\/\/mpvane.com\/en\/san-pham\/bo-4-canh-than-carbon-orion-04040723010krf04a\/#Bo_Canh_Than_ORION_04040723010_%E2%80%93_Phu_Kien_Chinh_Hang_Cho_May_Bom_Kho_KRF04A\" >B\u1ed9 C\u00e1nh Than ORION 04040723010 \u2013 Ph\u1ee5 Ki\u1ec7n Ch\u00ednh H\u00e3ng Cho M\u00e1y B\u01a1m Kh\u00f4 KRF04A<\/a><ul class='ez-toc-list-level-2' ><li class='ez-toc-heading-level-2'><a class=\"ez-toc-link ez-toc-heading-2\" href=\"https:\/\/mpvane.com\/en\/san-pham\/bo-4-canh-than-carbon-orion-04040723010krf04a\/#Gioi_thieu_san_pham\" >Gi\u1edbi thi\u1ec7u s\u1ea3n ph\u1ea9m<\/a><ul class='ez-toc-list-level-3' ><li class='ez-toc-heading-level-3'><a class=\"ez-toc-link ez-toc-heading-3\" href=\"https:\/\/mpvane.com\/en\/san-pham\/bo-4-canh-than-carbon-orion-04040723010krf04a\/#Thong_so_ky_thuat\" >Th\u00f4ng s\u1ed1 k\u1ef9 thu\u1eadt:<\/a><\/li><\/ul><\/li><li class='ez-toc-page-1 ez-toc-heading-level-2'><a class=\"ez-toc-link ez-toc-heading-4\" href=\"https:\/\/mpvane.com\/en\/san-pham\/bo-4-canh-than-carbon-orion-04040723010krf04a\/#Tuong_thich_voi_cac_dong_may\" >T\u01b0\u01a1ng th\u00edch v\u1edbi c\u00e1c d\u00f2ng m\u00e1y:<\/a><\/li><li class='ez-toc-page-1 ez-toc-heading-level-2'><a class=\"ez-toc-link ez-toc-heading-5\" href=\"https:\/\/mpvane.com\/en\/san-pham\/bo-4-canh-than-carbon-orion-04040723010krf04a\/#Ly_do_nen_chon_canh_than_ORION_chinh_hang\" >L\u00fd do n\u00ean ch\u1ecdn c\u00e1nh than ORION ch\u00ednh h\u00e3ng?<\/a><ul class='ez-toc-list-level-3' ><li class='ez-toc-heading-level-3'><a class=\"ez-toc-link ez-toc-heading-6\" href=\"https:\/\/mpvane.com\/en\/san-pham\/bo-4-canh-than-carbon-orion-04040723010krf04a\/#%E2%9C%85_Hieu_suat_toi_uu\" >\u2705 Hi\u1ec7u su\u1ea5t t\u1ed1i \u01b0u<\/a><\/li><li class='ez-toc-page-1 ez-toc-heading-level-3'><a class=\"ez-toc-link ez-toc-heading-7\" href=\"https:\/\/mpvane.com\/en\/san-pham\/bo-4-canh-than-carbon-orion-04040723010krf04a\/#%E2%9C%85_Do_ben_vuot_troi\" >\u2705 \u0110\u1ed9 b\u1ec1n v\u01b0\u1ee3t tr\u1ed9i<\/a><\/li><li class='ez-toc-page-1 ez-toc-heading-level-3'><a class=\"ez-toc-link ez-toc-heading-8\" href=\"https:\/\/mpvane.com\/en\/san-pham\/bo-4-canh-than-carbon-orion-04040723010krf04a\/#%E2%9C%85_De_dang_thay_the_va_bao_tri\" >\u2705 D\u1ec5 d\u00e0ng thay th\u1ebf v\u00e0 b\u1ea3o tr\u00ec<\/a><\/li><\/ul><\/li><li class='ez-toc-page-1 ez-toc-heading-level-2'><a class=\"ez-toc-link ez-toc-heading-9\" href=\"https:\/\/mpvane.com\/en\/san-pham\/bo-4-canh-than-carbon-orion-04040723010krf04a\/#May_bom_chan_khong_kho_ORION_%E2%80%93_Giai_phap_sach_cho_moi_nganh_cong_nghiep\" >M\u00e1y b\u01a1m ch\u00e2n kh\u00f4ng kh\u00f4 ORION \u2013 Gi\u1ea3i ph\u00e1p s\u1ea1ch cho m\u1ecdi ng\u00e0nh c\u00f4ng nghi\u1ec7p<\/a><ul class='ez-toc-list-level-3' ><li class='ez-toc-heading-level-3'><a class=\"ez-toc-link ez-toc-heading-10\" href=\"https:\/\/mpvane.com\/en\/san-pham\/bo-4-canh-than-carbon-orion-04040723010krf04a\/#Dac_diem_noi_bat\" >\u0110\u1eb7c \u0111i\u1ec3m n\u1ed5i b\u1eadt:<\/a><\/li><li class='ez-toc-page-1 ez-toc-heading-level-3'><a class=\"ez-toc-link ez-toc-heading-11\" href=\"https:\/\/mpvane.com\/en\/san-pham\/bo-4-canh-than-carbon-orion-04040723010krf04a\/#Nguyen_ly_hoat_dong\" >Nguy\u00ean l\u00fd ho\u1ea1t \u0111\u1ed9ng:<\/a><\/li><\/ul><\/li><li class='ez-toc-page-1 ez-toc-heading-level-2'><a class=\"ez-toc-link ez-toc-heading-12\" href=\"https:\/\/mpvane.com\/en\/san-pham\/bo-4-canh-than-carbon-orion-04040723010krf04a\/#Luu_y_khi_su_dung_may_bom_kho_ORION\" >L\u01b0u \u00fd khi s\u1eed d\u1ee5ng m\u00e1y b\u01a1m kh\u00f4 ORION<\/a><\/li><li class='ez-toc-page-1 ez-toc-heading-level-2'><a class=\"ez-toc-link ez-toc-heading-13\" href=\"https:\/\/mpvane.com\/en\/san-pham\/bo-4-canh-than-carbon-orion-04040723010krf04a\/#Thoi_gian_thay_the_khuyen_nghi_cho_canh_bom\" >Th\u1eddi gian thay th\u1ebf khuy\u1ebfn ngh\u1ecb cho c\u00e1nh b\u01a1m:<\/a><\/li><li class='ez-toc-page-1 ez-toc-heading-level-2'><a class=\"ez-toc-link ez-toc-heading-14\" href=\"https:\/\/mpvane.com\/en\/san-pham\/bo-4-canh-than-carbon-orion-04040723010krf04a\/#Lien_he_tu_van_va_dat_hang\" >Li\u00ean h\u1ec7 t\u01b0 v\u1ea5n v\u00e0 \u0111\u1eb7t h\u00e0ng<\/a><ul class='ez-toc-list-level-3' ><li class='ez-toc-heading-level-3'><a class=\"ez-toc-link ez-toc-heading-15\" href=\"https:\/\/mpvane.com\/en\/san-pham\/bo-4-canh-than-carbon-orion-04040723010krf04a\/#Tu_khoa_SEO_goi_y_su_dung\" >T\u1eeb kh\u00f3a SEO g\u1ee3i \u00fd s\u1eed d\u1ee5ng:<\/a><\/li><\/ul><\/li><\/ul><\/li><\/ul><\/nav><\/div>\n<h1 data-start=\"274\" data-end=\"351\"><span class=\"ez-toc-section\" id=\"Bo_Canh_Than_ORION_04040723010_%E2%80%93_Phu_Kien_Chinh_Hang_Cho_May_Bom_Kho_KRF04A\"><\/span>B\u1ed9 C\u00e1nh Than ORION 04040723010 \u2013 Ph\u1ee5 Ki\u1ec7n Ch\u00ednh H\u00e3ng Cho M\u00e1y B\u01a1m Kh\u00f4 KRF04A<span class=\"ez-toc-section-end\"><\/span><\/h1>\n<h2 data-start=\"353\" data-end=\"375\"><span class=\"ez-toc-section\" id=\"Gioi_thieu_san_pham\"><\/span>Gi\u1edbi thi\u1ec7u s\u1ea3n ph\u1ea9m<span class=\"ez-toc-section-end\"><\/span><\/h2>\n<p data-start=\"377\" data-end=\"661\"><strong data-start=\"377\" data-end=\"420\">B\u1ed9 c\u00e1nh than ORION 04040723010 (KRF04A)<\/strong> l\u00e0 ph\u1ee5 ki\u1ec7n <strong data-start=\"433\" data-end=\"447\">ch\u00ednh h\u00e3ng<\/strong> \u0111\u01b0\u1ee3c thi\u1ebft k\u1ebf d\u00e0nh ri\u00eang cho d\u00f2ng m\u00e1y b\u01a1m ch\u00e2n kh\u00f4ng kh\u00f4 ORION. V\u1edbi v\u1eadt li\u1ec7u <strong data-start=\"525\" data-end=\"555\">carbon t\u1ef1 b\u00f4i tr\u01a1n cao c\u1ea5p<\/strong>, s\u1ea3n ph\u1ea9m \u0111\u1ea3m b\u1ea3o hi\u1ec7u su\u1ea5t ho\u1ea1t \u0111\u1ed9ng \u1ed5n \u0111\u1ecbnh, \u0111\u1ed9 b\u1ec1n cao v\u00e0 gi\u1ea3m thi\u1ec3u hao m\u00f2n trong qu\u00e1 tr\u00ecnh v\u1eadn h\u00e0nh.<\/p>\n<h3 data-start=\"663\" data-end=\"685\"><span class=\"ez-toc-section\" id=\"Thong_so_ky_thuat\"><\/span>Th\u00f4ng s\u1ed1 k\u1ef9 thu\u1eadt:<span class=\"ez-toc-section-end\"><\/span><\/h3>\n<ul data-start=\"686\" data-end=\"935\">\n<li data-start=\"686\" data-end=\"724\">\n<p data-start=\"688\" data-end=\"724\"><strong data-start=\"688\" data-end=\"703\">M\u00e3 s\u1ea3n ph\u1ea9m<\/strong>: ORION 04040723010<\/p>\n<\/li>\n<li data-start=\"725\" data-end=\"786\">\n<p data-start=\"727\" data-end=\"786\"><strong data-start=\"727\" data-end=\"743\">T\u00ean g\u1ecdi kh\u00e1c<\/strong>: B\u1ed9 c\u00e1nh than ORION Original 04040723010<\/p>\n<\/li>\n<li data-start=\"787\" data-end=\"854\">\n<p data-start=\"789\" data-end=\"854\"><strong data-start=\"789\" data-end=\"812\">K\u00edch th\u01b0\u1edbc m\u1ed7i c\u00e1nh<\/strong>: 30 mm (cao) \u00d7 26 mm (d\u00e0i) \u00d7 4 mm (d\u00e0y)<\/p>\n<\/li>\n<li data-start=\"855\" data-end=\"896\">\n<p data-start=\"857\" data-end=\"896\"><strong data-start=\"857\" data-end=\"869\">V\u1eadt li\u1ec7u<\/strong>: Than carbon t\u1ef1 b\u00f4i tr\u01a1n<\/p>\n<\/li>\n<li data-start=\"897\" data-end=\"935\">\n<p data-start=\"899\" data-end=\"935\"><strong data-start=\"899\" data-end=\"911\">S\u1ed1 l\u01b0\u1ee3ng<\/strong>: 01 b\u1ed9 g\u1ed3m 04 c\u00e1nh than<\/p>\n<\/li>\n<\/ul>\n<hr data-start=\"937\" data-end=\"940\" \/>\n<h2 data-start=\"942\" data-end=\"974\"><span class=\"ez-toc-section\" id=\"Tuong_thich_voi_cac_dong_may\"><\/span>T\u01b0\u01a1ng th\u00edch v\u1edbi c\u00e1c d\u00f2ng m\u00e1y:<span class=\"ez-toc-section-end\"><\/span><\/h2>\n<p data-start=\"976\" data-end=\"1050\">B\u1ed9 c\u00e1nh than <strong data-start=\"989\" data-end=\"1005\">ORION KRF04A<\/strong> s\u1eed d\u1ee5ng cho c\u00e1c model m\u00e1y b\u01a1m kh\u00f4 ORION sau:<\/p>\n<ul data-start=\"1052\" data-end=\"1261\">\n<li data-start=\"1052\" data-end=\"1092\">\n<p data-start=\"1054\" data-end=\"1092\"><strong data-start=\"1054\" data-end=\"1092\">ORION dry vacuum pump model KRF04A<\/strong><\/p>\n<\/li>\n<li data-start=\"1093\" data-end=\"1261\">\n<p data-start=\"1095\" data-end=\"1110\">C\u00e1c bi\u1ebfn th\u1ec3:<\/p>\n<ul data-start=\"1113\" data-end=\"1261\">\n<li data-start=\"1113\" data-end=\"1156\">\n<p data-start=\"1115\" data-end=\"1156\">KRF04A-V-01, KRF04A-V-02A, KRF04A-V-04A<\/p>\n<\/li>\n<li data-start=\"1159\" data-end=\"1202\">\n<p data-start=\"1161\" data-end=\"1202\">KRF04A-B-01, KRF04A-B-02A, KRF04A-B-04A<\/p>\n<\/li>\n<li data-start=\"1205\" data-end=\"1251\">\n<p data-start=\"1207\" data-end=\"1251\">KRF04A-VB-01, KRF04A-VB-02A, KRF04A-VB-04A<\/p>\n<\/li>\n<li data-start=\"1254\" data-end=\"1261\">\n<p data-start=\"1256\" data-end=\"1261\">KM100<\/p>\n<\/li>\n<\/ul>\n<\/li>\n<\/ul>\n<hr data-start=\"1263\" data-end=\"1266\" \/>\n<h2 data-start=\"1268\" data-end=\"1313\"><span class=\"ez-toc-section\" id=\"Ly_do_nen_chon_canh_than_ORION_chinh_hang\"><\/span>L\u00fd do n\u00ean ch\u1ecdn c\u00e1nh than ORION ch\u00ednh h\u00e3ng?<span class=\"ez-toc-section-end\"><\/span><\/h2>\n<h3 data-start=\"1315\" data-end=\"1337\"><span class=\"ez-toc-section\" id=\"%E2%9C%85_Hieu_suat_toi_uu\"><\/span>\u2705 Hi\u1ec7u su\u1ea5t t\u1ed1i \u01b0u<span class=\"ez-toc-section-end\"><\/span><\/h3>\n<ul data-start=\"1339\" data-end=\"1493\">\n<li data-start=\"1339\" data-end=\"1433\">\n<p data-start=\"1341\" data-end=\"1433\">C\u00e1nh carbon t\u1ef1 b\u00f4i tr\u01a1n gi\u00fap m\u00e1y v\u1eadn h\u00e0nh \u00eam \u00e1i, <strong data-start=\"1390\" data-end=\"1405\">gi\u1ea3m ma s\u00e1t<\/strong>, k\u00e9o d\u00e0i tu\u1ed5i th\u1ecd thi\u1ebft b\u1ecb.<\/p>\n<\/li>\n<li data-start=\"1434\" data-end=\"1493\">\n<p data-start=\"1436\" data-end=\"1493\">H\u1ea1n ch\u1ebf r\u00f2 r\u1ec9 d\u1ea7u v\u00e0 kh\u00f4ng l\u00e0m nhi\u1ec5m m\u00f4i tr\u01b0\u1eddng l\u00e0m vi\u1ec7c.<\/p>\n<\/li>\n<\/ul>\n<h3 data-start=\"1495\" data-end=\"1517\"><span class=\"ez-toc-section\" id=\"%E2%9C%85_Do_ben_vuot_troi\"><\/span>\u2705 \u0110\u1ed9 b\u1ec1n v\u01b0\u1ee3t tr\u1ed9i<span class=\"ez-toc-section-end\"><\/span><\/h3>\n<ul data-start=\"1519\" data-end=\"1653\">\n<li data-start=\"1519\" data-end=\"1571\">\n<p data-start=\"1521\" data-end=\"1571\">Thi\u1ebft k\u1ebf ch\u00ednh x\u00e1c theo ti\u00eau chu\u1ea9n ORION Nh\u1eadt B\u1ea3n.<\/p>\n<\/li>\n<li data-start=\"1572\" data-end=\"1653\">\n<p data-start=\"1574\" data-end=\"1653\"><strong data-start=\"1574\" data-end=\"1614\">Tu\u1ed5i th\u1ecd c\u00e1nh g\u1ea1t \u0111\u1ea1t \u0111\u1ebfn 12.000 gi\u1edd<\/strong> trong \u0111i\u1ec1u ki\u1ec7n ho\u1ea1t \u0111\u1ed9ng b\u00ecnh th\u01b0\u1eddng.<\/p>\n<\/li>\n<\/ul>\n<h3 data-start=\"1655\" data-end=\"1688\"><span class=\"ez-toc-section\" id=\"%E2%9C%85_De_dang_thay_the_va_bao_tri\"><\/span>\u2705 D\u1ec5 d\u00e0ng thay th\u1ebf v\u00e0 b\u1ea3o tr\u00ec<span class=\"ez-toc-section-end\"><\/span><\/h3>\n<ul data-start=\"1690\" data-end=\"1806\">\n<li data-start=\"1690\" data-end=\"1806\">\n<p data-start=\"1692\" data-end=\"1806\">C\u00f3 th\u1ec3 thay th\u1ebf \u0111\u1ecbnh k\u1ef3 theo chu k\u1ef3 khuy\u1ebfn ngh\u1ecb c\u1ee7a nh\u00e0 s\u1ea3n xu\u1ea5t, h\u1ea1n ch\u1ebf t\u00ecnh tr\u1ea1ng h\u1ecfng m\u00e1y do c\u00e1nh g\u1ea1t m\u00f2n g\u00e3y.<\/p>\n<\/li>\n<\/ul>\n<hr data-start=\"1808\" data-end=\"1811\" \/>\n<h2 data-start=\"1813\" data-end=\"1887\"><span class=\"ez-toc-section\" id=\"May_bom_chan_khong_kho_ORION_%E2%80%93_Giai_phap_sach_cho_moi_nganh_cong_nghiep\"><\/span>M\u00e1y b\u01a1m ch\u00e2n kh\u00f4ng kh\u00f4 ORION \u2013 Gi\u1ea3i ph\u00e1p s\u1ea1ch cho m\u1ecdi ng\u00e0nh c\u00f4ng nghi\u1ec7p<span class=\"ez-toc-section-end\"><\/span><\/h2>\n<h3 data-start=\"1889\" data-end=\"1910\"><span class=\"ez-toc-section\" id=\"Dac_diem_noi_bat\"><\/span>\u0110\u1eb7c \u0111i\u1ec3m n\u1ed5i b\u1eadt:<span class=\"ez-toc-section-end\"><\/span><\/h3>\n<ul data-start=\"1911\" data-end=\"2135\">\n<li data-start=\"1911\" data-end=\"1981\">\n<p data-start=\"1913\" data-end=\"1981\"><strong data-start=\"1913\" data-end=\"1931\">Kh\u00f4ng d\u00f9ng d\u1ea7u<\/strong>, th\u00e2n thi\u1ec7n m\u00f4i tr\u01b0\u1eddng, kh\u00f4ng nhi\u1ec5m b\u1ea9n s\u1ea3n ph\u1ea9m.<\/p>\n<\/li>\n<li data-start=\"1982\" data-end=\"2025\">\n<p data-start=\"1984\" data-end=\"2025\"><strong data-start=\"1984\" data-end=\"2003\">Ho\u1ea1t \u0111\u1ed9ng \u00eam \u00e1i<\/strong>, ti\u1ebft ki\u1ec7m \u0111i\u1ec7n n\u0103ng.<\/p>\n<\/li>\n<li data-start=\"2026\" data-end=\"2077\">\n<p data-start=\"2028\" data-end=\"2077\"><strong data-start=\"2028\" data-end=\"2065\">T\u00edch h\u1ee3p \u0111\u1ed3ng h\u1ed3 v\u00e0 b\u1ed9 \u0111i\u1ec1u khi\u1ec3n<\/strong> ti\u00eau chu\u1ea9n.<\/p>\n<\/li>\n<li data-start=\"2078\" data-end=\"2135\">\n<p data-start=\"2080\" data-end=\"2135\">S\u1eed d\u1ee5ng <strong data-start=\"2088\" data-end=\"2113\">c\u00e1nh than t\u1ef1 b\u00f4i tr\u01a1n<\/strong>, gi\u1ea3m hao m\u00f2n t\u1ed1i \u0111a.<\/p>\n<\/li>\n<\/ul>\n<h3 data-start=\"2137\" data-end=\"2161\"><span class=\"ez-toc-section\" id=\"Nguyen_ly_hoat_dong\"><\/span>Nguy\u00ean l\u00fd ho\u1ea1t \u0111\u1ed9ng:<span class=\"ez-toc-section-end\"><\/span><\/h3>\n<ul data-start=\"2162\" data-end=\"2327\">\n<li data-start=\"2162\" data-end=\"2262\">\n<p data-start=\"2164\" data-end=\"2262\">R\u00f4to l\u1ec7ch t\u00e2m quay trong xi lanh, c\u00e1c c\u00e1nh carbon tr\u01b0\u1ee3t linh ho\u1ea1t t\u1ea1o \u00e1p su\u1ea5t h\u00fat v\u00e0 x\u1ea3 kh\u00f4ng kh\u00ed.<\/p>\n<\/li>\n<li data-start=\"2263\" data-end=\"2327\">\n<p data-start=\"2265\" data-end=\"2327\"><strong data-start=\"2265\" data-end=\"2281\">B\u01a1m b\u1ed1n c\u00e1nh<\/strong> \u0111\u1ea3m b\u1ea3o lu\u1ed3ng kh\u00ed \u1ed5n \u0111\u1ecbnh, h\u1ea1n ch\u1ebf rung \u0111\u1ed9ng.<\/p>\n<\/li>\n<\/ul>\n<hr data-start=\"2329\" data-end=\"2332\" \/>\n<h2 data-start=\"2334\" data-end=\"2372\"><span class=\"ez-toc-section\" id=\"Luu_y_khi_su_dung_may_bom_kho_ORION\"><\/span>L\u01b0u \u00fd khi s\u1eed d\u1ee5ng m\u00e1y b\u01a1m kh\u00f4 ORION<span class=\"ez-toc-section-end\"><\/span><\/h2>\n<ul data-start=\"2374\" data-end=\"2771\">\n<li data-start=\"2374\" data-end=\"2424\">\n<p data-start=\"2376\" data-end=\"2424\"><strong data-start=\"2376\" data-end=\"2423\">Kh\u00f4ng h\u00fat kh\u00ed d\u1ec5 ch\u00e1y, \u0103n m\u00f2n ho\u1eb7c h\u01a1i n\u01b0\u1edbc<\/strong>.<\/p>\n<\/li>\n<li data-start=\"2425\" data-end=\"2515\">\n<p data-start=\"2427\" data-end=\"2515\"><strong data-start=\"2427\" data-end=\"2467\">Kh\u00f4ng v\u1eadn h\u00e0nh khi \u0111\u01b0\u1eddng \u1ed1ng b\u1ecb ch\u1eb7n<\/strong> \u2013 c\u00f3 th\u1ec3 g\u00e2y qu\u00e1 nhi\u1ec7t, bi\u1ebfn d\u1ea1ng ho\u1eb7c ch\u00e1y n\u1ed5.<\/p>\n<\/li>\n<li data-start=\"2516\" data-end=\"2600\">\n<p data-start=\"2518\" data-end=\"2600\">Duy tr\u00ec <strong data-start=\"2526\" data-end=\"2561\">nhi\u1ec7t \u0111\u1ed9 m\u00f4i tr\u01b0\u1eddng t\u1eeb 0 \u2013 40\u00b0C<\/strong>, tr\u00e1nh \u0111\u1ec3 n\u01b0\u1edbc, d\u1ea7u ho\u1eb7c b\u1ee5i x\u00e2m nh\u1eadp.<\/p>\n<\/li>\n<li data-start=\"2601\" data-end=\"2682\">\n<p data-start=\"2603\" data-end=\"2682\"><strong data-start=\"2603\" data-end=\"2622\">L\u1eafp \u0111\u1eb7t \u1ed1ng m\u1ec1m<\/strong>, tr\u00e1nh d\u00f9ng \u1ed1ng th\u00e9p tr\u1ef1c ti\u1ebfp g\u00e2y c\u1ed9ng h\u01b0\u1edfng v\u00e0 rung \u0111\u1ed9ng.<\/p>\n<\/li>\n<li data-start=\"2683\" data-end=\"2771\">\n<p data-start=\"2685\" data-end=\"2771\"><strong data-start=\"2685\" data-end=\"2717\">V\u1ec7 sinh v\u00e0 thay c\u00e1nh \u0111\u1ecbnh k\u1ef3<\/strong> \u0111\u1ec3 m\u00e1y ho\u1ea1t \u0111\u1ed9ng \u1ed5n \u0111\u1ecbnh, kh\u00f4ng b\u1ecb k\u1eb9t ho\u1eb7c g\u00e3y c\u00e1nh.<\/p>\n<\/li>\n<\/ul>\n<hr data-start=\"2773\" data-end=\"2776\" \/>\n<h2 data-start=\"2778\" data-end=\"2825\"><span class=\"ez-toc-section\" id=\"Thoi_gian_thay_the_khuyen_nghi_cho_canh_bom\"><\/span>Th\u1eddi gian thay th\u1ebf khuy\u1ebfn ngh\u1ecb cho c\u00e1nh b\u01a1m:<span class=\"ez-toc-section-end\"><\/span><\/h2>\n<ul data-start=\"2827\" data-end=\"2956\">\n<li data-start=\"2827\" data-end=\"2894\">\n<p data-start=\"2829\" data-end=\"2894\"><strong data-start=\"2829\" data-end=\"2859\">Trong \u0111i\u1ec1u ki\u1ec7n ti\u00eau chu\u1ea9n<\/strong>: Thay sau m\u1ed7i 12.000 gi\u1edd v\u1eadn h\u00e0nh.<\/p>\n<\/li>\n<li data-start=\"2895\" data-end=\"2956\">\n<p data-start=\"2897\" data-end=\"2956\"><strong data-start=\"2897\" data-end=\"2934\">T\u1ed1i \u0111a trong \u0111i\u1ec1u ki\u1ec7n \u00e1p l\u1ef1c cao<\/strong>: Kh\u00f4ng qu\u00e1 9.500 gi\u1edd.<\/p>\n<\/li>\n<\/ul>\n<blockquote data-start=\"2957\" data-end=\"3049\">\n<p data-start=\"2959\" data-end=\"3049\">N\u1ebfu xu\u1ea5t hi\u1ec7n ti\u1ebfng \u1ed3n b\u1ea5t th\u01b0\u1eddng ho\u1eb7c hi\u1ec7u su\u1ea5t gi\u1ea3m, h\u00e3y thay th\u1ebf c\u00e1nh g\u1ea1t ngay l\u1eadp t\u1ee9c.<\/p>\n<\/blockquote>\n<hr data-start=\"3051\" data-end=\"3054\" \/>\n<h2 data-start=\"3056\" data-end=\"3085\"><span class=\"ez-toc-section\" id=\"Lien_he_tu_van_va_dat_hang\"><\/span>Li\u00ean h\u1ec7 t\u01b0 v\u1ea5n v\u00e0 \u0111\u1eb7t h\u00e0ng<span class=\"ez-toc-section-end\"><\/span><\/h2>\n<p data-start=\"3087\" data-end=\"3183\">Cung c\u1ea5p <strong data-start=\"3096\" data-end=\"3130\">ph\u1ee5 t\u00f9ng ORION ch\u00ednh h\u00e3ng 100%<\/strong> \u2013\u00a0 h\u1ed7 tr\u1ee3 giao h\u00e0ng to\u00e0n qu\u1ed1c.<\/p>\n<p data-start=\"3185\" data-end=\"3351\">\ud83d\udcde <strong data-start=\"3188\" data-end=\"3199\">Hotline<\/strong>: [0985459559]<br data-start=\"3213\" data-end=\"3216\" \/>\ud83c\udf10 <strong data-start=\"3219\" data-end=\"3230\">Website<\/strong>: <a class=\"\" href=\"http:\/\/www.minhphuco.com\" target=\"_new\" rel=\"noopener\" data-start=\"3232\" data-end=\"3277\">www.minhphuco.com<\/a><br data-start=\"3277\" data-end=\"3280\" \/>\ud83d\udce7 <strong data-start=\"3283\" data-end=\"3292\">Email<\/strong>: <a class=\"cursor-pointer\" rel=\"noopener\" data-start=\"3294\" data-end=\"3312\">sales@minhphuco.vn<\/a><br data-start=\"3312\" data-end=\"3315\" \/>\ud83d\udcf1 <strong data-start=\"3318\" data-end=\"3326\">Zalo<\/strong>: 0985490343 \u2013 0985843778<\/p>\n<hr data-start=\"3353\" data-end=\"3356\" \/>\n<h3 data-start=\"3358\" data-end=\"3388\"><span class=\"ez-toc-section\" id=\"Tu_khoa_SEO_goi_y_su_dung\"><\/span>T\u1eeb kh\u00f3a SEO g\u1ee3i \u00fd s\u1eed d\u1ee5ng:<span class=\"ez-toc-section-end\"><\/span><\/h3>\n<ul data-start=\"3389\" data-end=\"3551\">\n<li data-start=\"3389\" data-end=\"3423\">\n<p data-start=\"3391\" data-end=\"3423\">b\u1ed9 c\u00e1nh than ORION 04040723010<\/p>\n<\/li>\n<li data-start=\"3424\" data-end=\"3461\">\n<p data-start=\"3426\" data-end=\"3461\">l\u01b0\u1ee1i g\u1ea1t m\u00e1y b\u01a1m ch\u00e2n kh\u00f4ng Orion<\/p>\n<\/li>\n<li data-start=\"3462\" data-end=\"3488\">\n<p data-start=\"3464\" data-end=\"3488\">c\u00e1nh g\u1ea1t carbon KRF04A<\/p>\n<\/li>\n<li data-start=\"3489\" data-end=\"3519\">\n<p data-start=\"3491\" data-end=\"3519\">ph\u1ee5 ki\u1ec7n m\u00e1y b\u01a1m kh\u00f4 ORION<\/p>\n<\/li>\n<li data-start=\"3520\" data-end=\"3551\">\n<p data-start=\"3522\" data-end=\"3551\">c\u00e1nh b\u01a1m kh\u00f4 ORION ch\u00ednh h\u00e3ng<\/p>\n<\/li>\n<\/ul>\n","protected":false},"excerpt":{"rendered":"<p>K\u00edch th\u01b0\u1edbc: 30 mm (chi\u1ec1u r\u1ed9ng\/cao) \u00d7 26 mm (chi\u1ec1u d\u00e0i)\u00d7 4 mm (\u0111\u1ed9 d\u00e0y)<br \/>\nD\u00f9ng cho c\u00e1c m\u00e1y b\u01a1m : ORION\u00a0KRF04A<br \/>\nV\u1eadt li\u1ec7u Carbon<\/p>\n","protected":false},"featured_media":7805,"comment_status":"open","ping_status":"closed","template":"","meta":{"_acf_changed":false},"product_brand":[],"product_cat":[69,707],"product_tag":[2111,2112],"class_list":{"0":"post-8077","1":"product","2":"type-product","3":"status-publish","4":"has-post-thumbnail","6":"product_cat-canh-vane","7":"product_cat-orion-vanes","8":"product_tag-2111","9":"product_tag-krf04a","11":"first","12":"instock","13":"shipping-taxable","14":"product-type-simple"},"acf":[],"_links":{"self":[{"href":"https:\/\/mpvane.com\/en\/wp-json\/wp\/v2\/product\/8077","targetHints":{"allow":["GET"]}}],"collection":[{"href":"https:\/\/mpvane.com\/en\/wp-json\/wp\/v2\/product"}],"about":[{"href":"https:\/\/mpvane.com\/en\/wp-json\/wp\/v2\/types\/product"}],"replies":[{"embeddable":true,"href":"https:\/\/mpvane.com\/en\/wp-json\/wp\/v2\/comments?post=8077"}],"version-history":[{"count":3,"href":"https:\/\/mpvane.com\/en\/wp-json\/wp\/v2\/product\/8077\/revisions"}],"predecessor-version":[{"id":8080,"href":"https:\/\/mpvane.com\/en\/wp-json\/wp\/v2\/product\/8077\/revisions\/8080"}],"wp:featuredmedia":[{"embeddable":true,"href":"https:\/\/mpvane.com\/en\/wp-json\/wp\/v2\/media\/7805"}],"wp:attachment":[{"href":"https:\/\/mpvane.com\/en\/wp-json\/wp\/v2\/media?parent=8077"}],"wp:term":[{"taxonomy":"product_brand","embeddable":true,"href":"https:\/\/mpvane.com\/en\/wp-json\/wp\/v2\/product_brand?post=8077"},{"taxonomy":"product_cat","embeddable":true,"href":"https:\/\/mpvane.com\/en\/wp-json\/wp\/v2\/product_cat?post=8077"},{"taxonomy":"product_tag","embeddable":true,"href":"https:\/\/mpvane.com\/en\/wp-json\/wp\/v2\/product_tag?post=8077"}],"curies":[{"name":"wp","href":"https:\/\/api.w.org\/{rel}","templated":true}]}}