{"id":8072,"date":"2025-05-30T08:53:08","date_gmt":"2025-05-30T01:53:08","guid":{"rendered":"https:\/\/mpvane.com\/?post_type=product&#038;p=8072"},"modified":"2025-05-30T09:05:38","modified_gmt":"2025-05-30T02:05:38","slug":"bo-4-canh-than-carbon-0722000066-seco-sv-1002b-seco-sv-1004b-seco-sd-1004-b-seco-sd-1002-b","status":"publish","type":"product","link":"https:\/\/mpvane.com\/en\/san-pham\/bo-4-canh-than-carbon-0722000066-seco-sv-1002b-seco-sv-1004b-seco-sd-1004-b-seco-sd-1002-b\/","title":{"rendered":"B\u1ed9 4 c\u00e1nh than carbon 0722000066 SECO SV 1002B SECO SV 1004B SECO SD 1004 B SECO SD 1002 B"},"content":{"rendered":"<div id=\"ez-toc-container\" class=\"ez-toc-v2_0_75 counter-hierarchy ez-toc-counter ez-toc-grey ez-toc-container-direction\">\n<div class=\"ez-toc-title-container\">\n<p class=\"ez-toc-title\" style=\"cursor:inherit\">Table of Contents<\/p>\n<span class=\"ez-toc-title-toggle\"><a href=\"#\" class=\"ez-toc-pull-right ez-toc-btn ez-toc-btn-xs ez-toc-btn-default ez-toc-toggle\" aria-label=\"Toggle Table of Content\"><span class=\"ez-toc-js-icon-con\"><span class=\"\"><span class=\"eztoc-hide\" style=\"display:none;\">Toggle<\/span><span class=\"ez-toc-icon-toggle-span\"><svg style=\"fill: #999;color:#999\" xmlns=\"http:\/\/www.w3.org\/2000\/svg\" class=\"list-377408\" width=\"20px\" height=\"20px\" viewBox=\"0 0 24 24\" fill=\"none\"><path d=\"M6 6H4v2h2V6zm14 0H8v2h12V6zM4 11h2v2H4v-2zm16 0H8v2h12v-2zM4 16h2v2H4v-2zm16 0H8v2h12v-2z\" fill=\"currentColor\"><\/path><\/svg><svg style=\"fill: #999;color:#999\" class=\"arrow-unsorted-368013\" xmlns=\"http:\/\/www.w3.org\/2000\/svg\" width=\"10px\" height=\"10px\" viewBox=\"0 0 24 24\" version=\"1.2\" baseProfile=\"tiny\"><path d=\"M18.2 9.3l-6.2-6.3-6.2 6.3c-.2.2-.3.4-.3.7s.1.5.3.7c.2.2.4.3.7.3h11c.3 0 .5-.1.7-.3.2-.2.3-.5.3-.7s-.1-.5-.3-.7zM5.8 14.7l6.2 6.3 6.2-6.3c.2-.2.3-.5.3-.7s-.1-.5-.3-.7c-.2-.2-.4-.3-.7-.3h-11c-.3 0-.5.1-.7.3-.2.2-.3.5-.3.7s.1.5.3.7z\"\/><\/svg><\/span><\/span><\/span><\/a><\/span><\/div>\n<nav><ul class='ez-toc-list ez-toc-list-level-1 ' ><li class='ez-toc-page-1 ez-toc-heading-level-3'><a class=\"ez-toc-link ez-toc-heading-1\" href=\"https:\/\/mpvane.com\/en\/san-pham\/bo-4-canh-than-carbon-0722000066-seco-sv-1002b-seco-sv-1004b-seco-sd-1004-b-seco-sd-1002-b\/#Thong_so_ky_thuat\" >Th\u00f4ng s\u1ed1 k\u1ef9 thu\u1eadt<\/a><\/li><li class='ez-toc-page-1 ez-toc-heading-level-3'><a class=\"ez-toc-link ez-toc-heading-2\" href=\"https:\/\/mpvane.com\/en\/san-pham\/bo-4-canh-than-carbon-0722000066-seco-sv-1002b-seco-sv-1004b-seco-sd-1004-b-seco-sd-1002-b\/#Ung_dung\" >\u1ee8ng d\u1ee5ng<\/a><\/li><li class='ez-toc-page-1 ez-toc-heading-level-3'><a class=\"ez-toc-link ez-toc-heading-3\" href=\"https:\/\/mpvane.com\/en\/san-pham\/bo-4-canh-than-carbon-0722000066-seco-sv-1002b-seco-sv-1004b-seco-sd-1004-b-seco-sd-1002-b\/#Uu_diem_cua_bom_SECO\" >\u01afu \u0111i\u1ec3m c\u1ee7a b\u01a1m SECO<\/a><\/li><li class='ez-toc-page-1 ez-toc-heading-level-3'><a class=\"ez-toc-link ez-toc-heading-4\" href=\"https:\/\/mpvane.com\/en\/san-pham\/bo-4-canh-than-carbon-0722000066-seco-sv-1002b-seco-sv-1004b-seco-sd-1004-b-seco-sd-1002-b\/#Dau_hieu_can_thay_canh_than\" >D\u1ea5u hi\u1ec7u c\u1ea7n thay c\u00e1nh than<\/a><\/li><li class='ez-toc-page-1 ez-toc-heading-level-3'><a class=\"ez-toc-link ez-toc-heading-5\" href=\"https:\/\/mpvane.com\/en\/san-pham\/bo-4-canh-than-carbon-0722000066-seco-sv-1002b-seco-sv-1004b-seco-sd-1004-b-seco-sd-1002-b\/#Luu_y_khi_thay_the\" >L\u01b0u \u00fd khi thay th\u1ebf<\/a><\/li><li class='ez-toc-page-1 ez-toc-heading-level-3'><a class=\"ez-toc-link ez-toc-heading-6\" href=\"https:\/\/mpvane.com\/en\/san-pham\/bo-4-canh-than-carbon-0722000066-seco-sv-1002b-seco-sv-1004b-seco-sd-1004-b-seco-sd-1002-b\/#Dat_hang_Ho_tro\" >\u0110\u1eb7t h\u00e0ng &amp; H\u1ed7 tr\u1ee3<\/a><\/li><\/ul><\/nav><\/div>\n<p class=\"ds-markdown-paragraph\">B\u1ed9 c\u00e1nh than carbon\u00a0<strong>0722000066<\/strong>\u00a0d\u00e0nh cho b\u01a1m ch\u00e2n kh\u00f4ng kh\u00f4 Busch SECO SV\/SD series l\u00e0 ph\u1ee5 ki\u1ec7n ch\u00ednh h\u00e3ng, \u0111\u1ea3m b\u1ea3o hi\u1ec7u su\u1ea5t v\u00e0 \u0111\u1ed9 b\u1ec1n cho b\u01a1m. D\u01b0\u1edbi \u0111\u00e2y l\u00e0 th\u00f4ng tin chi ti\u1ebft v\u00e0 h\u01b0\u1edbng d\u1eabn li\u00ean quan:<\/p>\n<hr \/>\n<h3><span class=\"ez-toc-section\" id=\"Thong_so_ky_thuat\"><\/span><strong>Th\u00f4ng s\u1ed1 k\u1ef9 thu\u1eadt<\/strong><span class=\"ez-toc-section-end\"><\/span><\/h3>\n<ul>\n<li>\n<p class=\"ds-markdown-paragraph\"><strong>M\u00e3 s\u1ea3n ph\u1ea9m:<\/strong>\u00a00722000066<\/p>\n<\/li>\n<li>\n<p class=\"ds-markdown-paragraph\"><strong>T\u01b0\u01a1ng th\u00edch:<\/strong><\/p>\n<ul>\n<li>\n<p class=\"ds-markdown-paragraph\">Busch SECO SV 1002B<\/p>\n<\/li>\n<li>\n<p class=\"ds-markdown-paragraph\">Busch SECO SV 1004B<\/p>\n<\/li>\n<li>\n<p class=\"ds-markdown-paragraph\">Busch SECO SD 1004B<\/p>\n<\/li>\n<li>\n<p class=\"ds-markdown-paragraph\">Busch SECO SD 1002B<\/p>\n<\/li>\n<\/ul>\n<\/li>\n<li>\n<p class=\"ds-markdown-paragraph\"><strong>K\u00edch th\u01b0\u1edbc:<\/strong>\u00a035mm (d\u00e0i) \u00d7 26mm (r\u1ed9ng\/cao) \u00d7 3mm (d\u00e0y)<\/p>\n<\/li>\n<li>\n<p class=\"ds-markdown-paragraph\"><strong>V\u1eadt li\u1ec7u:<\/strong>\u00a0Carbon EK60 (chu\u1ea9n Busch)<\/p>\n<\/li>\n<li>\n<p class=\"ds-markdown-paragraph\"><strong>S\u1ed1 l\u01b0\u1ee3ng:<\/strong>\u00a01 b\u1ed9 (4 c\u00e1nh than)<\/p>\n<\/li>\n<\/ul>\n<hr \/>\n<h3><span class=\"ez-toc-section\" id=\"Ung_dung\"><\/span><strong>\u1ee8ng d\u1ee5ng<\/strong><span class=\"ez-toc-section-end\"><\/span><\/h3>\n<ul>\n<li>\n<p class=\"ds-markdown-paragraph\">D\u00f9ng cho\u00a0<strong>b\u01a1m ch\u00e2n kh\u00f4ng kh\u00f4 Busch SECO series<\/strong>, ph\u00f9 h\u1ee3p c\u00e1c ng\u00e0nh:<\/p>\n<ul>\n<li>\n<p class=\"ds-markdown-paragraph\">Th\u1ef1c ph\u1ea9m, d\u01b0\u1ee3c ph\u1ea9m (y\u00eau c\u1ea7u ch\u00e2n kh\u00f4ng s\u1ea1ch)<\/p>\n<\/li>\n<li>\n<p class=\"ds-markdown-paragraph\">\u0110i\u1ec7n t\u1eed, ph\u00f2ng th\u00ed nghi\u1ec7m<\/p>\n<\/li>\n<li>\n<p class=\"ds-markdown-paragraph\">C\u00f4ng nghi\u1ec7p nh\u1eb9 \u00edt b\u1ee5i<\/p>\n<\/li>\n<\/ul>\n<\/li>\n<\/ul>\n<hr \/>\n<h3><span class=\"ez-toc-section\" id=\"Uu_diem_cua_bom_SECO\"><\/span><strong>\u01afu \u0111i\u1ec3m c\u1ee7a b\u01a1m SECO<\/strong><span class=\"ez-toc-section-end\"><\/span><\/h3>\n<p class=\"ds-markdown-paragraph\">\u2705\u00a0<strong>Kh\u00f4ng d\u1ea7u<\/strong>: An to\u00e0n v\u1ec7 sinh, kh\u00f4ng g\u00e2y \u00f4 nhi\u1ec5m.<br \/>\n\u2705\u00a0<strong>B\u1ec1n b\u1ec9<\/strong>: Tu\u1ed5i th\u1ecd cao, \u00edt b\u1ea3o tr\u00ec.<br \/>\n\u2705\u00a0<strong>Hi\u1ec7u su\u1ea5t \u1ed5n \u0111\u1ecbnh<\/strong>: H\u00fat ch\u00e2n kh\u00f4ng nhanh, \u0111\u1ed9 \u1ed3n th\u1ea5p.<\/p>\n<hr \/>\n<h3><span class=\"ez-toc-section\" id=\"Dau_hieu_can_thay_canh_than\"><\/span><strong>D\u1ea5u hi\u1ec7u c\u1ea7n thay c\u00e1nh than<\/strong><span class=\"ez-toc-section-end\"><\/span><\/h3>\n<ul>\n<li>\n<p class=\"ds-markdown-paragraph\">B\u01a1m k\u00e9m h\u00fat ho\u1eb7c kh\u00f4ng \u0111\u1ea1t ch\u00e2n kh\u00f4ng t\u1ed1i \u0111a.<\/p>\n<\/li>\n<li>\n<p class=\"ds-markdown-paragraph\">Xu\u1ea5t hi\u1ec7n ti\u1ebfng \u1ed3n l\u1ea1ch c\u1ea1ch, rung b\u1ea5t th\u01b0\u1eddng.<\/p>\n<\/li>\n<li>\n<p class=\"ds-markdown-paragraph\">Ki\u1ec3m tra c\u00e1nh than th\u1ea5y m\u00f2n v\u1eb9t &gt;50% b\u1ec1 m\u1eb7t.<\/p>\n<\/li>\n<\/ul>\n<hr \/>\n<h3><span class=\"ez-toc-section\" id=\"Luu_y_khi_thay_the\"><\/span><strong>L\u01b0u \u00fd khi thay th\u1ebf<\/strong><span class=\"ez-toc-section-end\"><\/span><\/h3>\n<ol start=\"1\">\n<li>\n<p class=\"ds-markdown-paragraph\"><strong>V\u1ec7 sinh bu\u1ed3ng b\u01a1m<\/strong>: Lo\u1ea1i b\u1ecf b\u1ee5i carbon c\u0169 tr\u01b0\u1edbc l\u1eafp \u0111\u1eb7t.<\/p>\n<\/li>\n<li>\n<p class=\"ds-markdown-paragraph\"><strong>Ki\u1ec3m tra ph\u1ee5 ki\u1ec7n k\u00e8m theo<\/strong>: Rotor, gio\u0103ng ph\u1edbt (n\u1ebfu h\u01b0 h\u1ecfng c\u1ea7n thay \u0111\u1ed3ng b\u1ed9).<\/p>\n<\/li>\n<li>\n<p class=\"ds-markdown-paragraph\"><strong>S\u1eed d\u1ee5ng c\u00e1nh ch\u00ednh h\u00e3ng<\/strong>: Tr\u00e1nh d\u00f9ng h\u00e0ng kh\u00f4ng r\u00f5 ngu\u1ed3n g\u1ed1c g\u00e2y m\u00e0i m\u00f2n nhanh.<\/p>\n<\/li>\n<\/ol>\n<hr \/>\n<h3><span class=\"ez-toc-section\" id=\"Dat_hang_Ho_tro\"><\/span><strong>\u0110\u1eb7t h\u00e0ng &amp; H\u1ed7 tr\u1ee3<\/strong><span class=\"ez-toc-section-end\"><\/span><\/h3>\n<ul>\n<li>\n<p class=\"ds-markdown-paragraph\"><strong>C\u00f4ng ty TNHH K\u1ef9 Thu\u1eadt v\u00e0 D\u1ecbch V\u1ee5 Minh Ph\u00fa<\/strong><\/p>\n<ul>\n<li>\n<p class=\"ds-markdown-paragraph\">\ud83d\udcde\u00a0<strong>Hotline<\/strong>: 0985 459 559<\/p>\n<\/li>\n<li>\n<p class=\"ds-markdown-paragraph\">\u2709\u00a0<strong>Email<\/strong>:\u00a0<a href=\"https:\/\/mailto:Sales@minhphuco.vn\/\" target=\"_blank\" rel=\"noopener noreferrer\">Sales@minhphuco.vn<\/a><\/p>\n<\/li>\n<li>\n<p class=\"ds-markdown-paragraph\">\ud83d\udcbb\u00a0<strong>Website<\/strong>:\u00a0<a href=\"https:\/\/minhphuco.vn\/\" target=\"_blank\" rel=\"noopener noreferrer\">minhphuco.vn<\/a><\/p>\n<\/li>\n<li>\n<p class=\"ds-markdown-paragraph\"><strong>Zalo<\/strong>: 0985 490 343 \/ 0985 843 778<\/p>\n<\/li>\n<\/ul>\n<\/li>\n<\/ul>\n<p class=\"ds-markdown-paragraph\">\ud83d\udc49\u00a0<strong>Cam k\u1ebft<\/strong>: H\u00e0ng ch\u00ednh h\u00e3ng Busch, giao h\u00e0ng to\u00e0n qu\u1ed1c, h\u1ed7 tr\u1ee3 k\u1ef9 thu\u1eadt 24\/7.<\/p>\n<hr \/>\n<p class=\"ds-markdown-paragraph\">N\u1ebfu b\u1ea1n c\u1ea7n b\u00e1o gi\u00e1 chi ti\u1ebft ho\u1eb7c h\u01b0\u1edbng d\u1eabn l\u1eafp \u0111\u1eb7t, li\u00ean h\u1ec7 ngay v\u1edbi Minh Ph\u00fa \u0111\u1ec3 \u0111\u01b0\u1ee3c t\u01b0 v\u1ea5n nhanh nh\u1ea5t!<\/p>\n","protected":false},"excerpt":{"rendered":"<p>M\u1ed9t b\u1ed9 g\u1ed3m 4 c\u00e1nh than v\u1edbi k\u00edch th\u01b0\u1edbc: <strong>35 mm (chi\u1ec1u d\u00e0i) \u00d7 26 mm (chi\u1ec1u r\u1ed9ng\/cao) \u00d7 3 mm (\u0111\u1ed9 d\u00e0y)<\/strong><br \/>\nD\u00f9ng cho c\u00e1c m\u00e1y b\u01a1m : Busch <strong>SECO SV 1002B SECO SV 1004B SECO SD 1004 B SECO SD 1002 B<\/strong><br \/>\nV\u1eadt li\u1ec7u theo c\u00f4ng b\u1ed1 c\u1ee7a Busch l\u00e0 <strong>EK60<\/strong><\/p>\n","protected":false},"featured_media":7805,"comment_status":"open","ping_status":"closed","template":"","meta":{"_acf_changed":false},"product_brand":[],"product_cat":[708,69],"product_tag":[2067],"class_list":{"0":"post-8072","1":"product","2":"type-product","3":"status-publish","4":"has-post-thumbnail","6":"product_cat-busch-vanes","7":"product_cat-canh-vane","8":"product_tag-2067","10":"first","11":"instock","12":"shipping-taxable","13":"product-type-simple"},"acf":[],"_links":{"self":[{"href":"https:\/\/mpvane.com\/en\/wp-json\/wp\/v2\/product\/8072","targetHints":{"allow":["GET"]}}],"collection":[{"href":"https:\/\/mpvane.com\/en\/wp-json\/wp\/v2\/product"}],"about":[{"href":"https:\/\/mpvane.com\/en\/wp-json\/wp\/v2\/types\/product"}],"replies":[{"embeddable":true,"href":"https:\/\/mpvane.com\/en\/wp-json\/wp\/v2\/comments?post=8072"}],"version-history":[{"count":1,"href":"https:\/\/mpvane.com\/en\/wp-json\/wp\/v2\/product\/8072\/revisions"}],"predecessor-version":[{"id":8073,"href":"https:\/\/mpvane.com\/en\/wp-json\/wp\/v2\/product\/8072\/revisions\/8073"}],"wp:featuredmedia":[{"embeddable":true,"href":"https:\/\/mpvane.com\/en\/wp-json\/wp\/v2\/media\/7805"}],"wp:attachment":[{"href":"https:\/\/mpvane.com\/en\/wp-json\/wp\/v2\/media?parent=8072"}],"wp:term":[{"taxonomy":"product_brand","embeddable":true,"href":"https:\/\/mpvane.com\/en\/wp-json\/wp\/v2\/product_brand?post=8072"},{"taxonomy":"product_cat","embeddable":true,"href":"https:\/\/mpvane.com\/en\/wp-json\/wp\/v2\/product_cat?post=8072"},{"taxonomy":"product_tag","embeddable":true,"href":"https:\/\/mpvane.com\/en\/wp-json\/wp\/v2\/product_tag?post=8072"}],"curies":[{"name":"wp","href":"https:\/\/api.w.org\/{rel}","templated":true}]}}