{"id":8070,"date":"2025-05-29T15:46:03","date_gmt":"2025-05-29T08:46:03","guid":{"rendered":"https:\/\/mpvane.com\/?post_type=product&#038;p=8070"},"modified":"2025-05-29T15:54:51","modified_gmt":"2025-05-29T08:54:51","slug":"bo-4-canh-than-carbon-0722000065-seco-sv-1006-b-seco-sd-1006-b","status":"publish","type":"product","link":"https:\/\/mpvane.com\/en\/san-pham\/bo-4-canh-than-carbon-0722000065-seco-sv-1006-b-seco-sd-1006-b\/","title":{"rendered":"B\u1ed9 4 c\u00e1nh than carbon 0722000065 SECO SV 1006 B SECO SD 1006 B"},"content":{"rendered":"<div id=\"ez-toc-container\" class=\"ez-toc-v2_0_75 counter-hierarchy ez-toc-counter ez-toc-grey ez-toc-container-direction\">\n<div class=\"ez-toc-title-container\">\n<p class=\"ez-toc-title\" style=\"cursor:inherit\">Table of Contents<\/p>\n<span class=\"ez-toc-title-toggle\"><a href=\"#\" class=\"ez-toc-pull-right ez-toc-btn ez-toc-btn-xs ez-toc-btn-default ez-toc-toggle\" aria-label=\"Toggle Table of Content\"><span class=\"ez-toc-js-icon-con\"><span class=\"\"><span class=\"eztoc-hide\" style=\"display:none;\">Toggle<\/span><span class=\"ez-toc-icon-toggle-span\"><svg style=\"fill: #999;color:#999\" xmlns=\"http:\/\/www.w3.org\/2000\/svg\" class=\"list-377408\" width=\"20px\" height=\"20px\" viewBox=\"0 0 24 24\" fill=\"none\"><path d=\"M6 6H4v2h2V6zm14 0H8v2h12V6zM4 11h2v2H4v-2zm16 0H8v2h12v-2zM4 16h2v2H4v-2zm16 0H8v2h12v-2z\" fill=\"currentColor\"><\/path><\/svg><svg style=\"fill: #999;color:#999\" class=\"arrow-unsorted-368013\" xmlns=\"http:\/\/www.w3.org\/2000\/svg\" width=\"10px\" height=\"10px\" viewBox=\"0 0 24 24\" version=\"1.2\" baseProfile=\"tiny\"><path d=\"M18.2 9.3l-6.2-6.3-6.2 6.3c-.2.2-.3.4-.3.7s.1.5.3.7c.2.2.4.3.7.3h11c.3 0 .5-.1.7-.3.2-.2.3-.5.3-.7s-.1-.5-.3-.7zM5.8 14.7l6.2 6.3 6.2-6.3c.2-.2.3-.5.3-.7s-.1-.5-.3-.7c-.2-.2-.4-.3-.7-.3h-11c-.3 0-.5.1-.7.3-.2.2-.3.5-.3.7s.1.5.3.7z\"\/><\/svg><\/span><\/span><\/span><\/a><\/span><\/div>\n<nav><ul class='ez-toc-list ez-toc-list-level-1 ' ><li class='ez-toc-page-1 ez-toc-heading-level-3'><a class=\"ez-toc-link ez-toc-heading-1\" href=\"https:\/\/mpvane.com\/en\/san-pham\/bo-4-canh-than-carbon-0722000065-seco-sv-1006-b-seco-sd-1006-b\/#Thong_so_ky_thuat\" >Th\u00f4ng s\u1ed1 k\u1ef9 thu\u1eadt<\/a><\/li><li class='ez-toc-page-1 ez-toc-heading-level-3'><a class=\"ez-toc-link ez-toc-heading-2\" href=\"https:\/\/mpvane.com\/en\/san-pham\/bo-4-canh-than-carbon-0722000065-seco-sv-1006-b-seco-sd-1006-b\/#Gioi_thieu_ve_bom_chan_khong_Busch_SECO\" >Gi\u1edbi thi\u1ec7u v\u1ec1 b\u01a1m ch\u00e2n kh\u00f4ng Busch SECO<\/a><\/li><li class='ez-toc-page-1 ez-toc-heading-level-3'><a class=\"ez-toc-link ez-toc-heading-3\" href=\"https:\/\/mpvane.com\/en\/san-pham\/bo-4-canh-than-carbon-0722000065-seco-sv-1006-b-seco-sd-1006-b\/#Huong_dan_bao_tri_thay_the\" >H\u01b0\u1edbng d\u1eabn b\u1ea3o tr\u00ec &amp; thay th\u1ebf<\/a><\/li><li class='ez-toc-page-1 ez-toc-heading-level-3'><a class=\"ez-toc-link ez-toc-heading-4\" href=\"https:\/\/mpvane.com\/en\/san-pham\/bo-4-canh-than-carbon-0722000065-seco-sv-1006-b-seco-sd-1006-b\/#Dat_hang_Ho_tro\" >\u0110\u1eb7t h\u00e0ng &amp; H\u1ed7 tr\u1ee3<\/a><\/li><li class='ez-toc-page-1 ez-toc-heading-level-3'><a class=\"ez-toc-link ez-toc-heading-5\" href=\"https:\/\/mpvane.com\/en\/san-pham\/bo-4-canh-than-carbon-0722000065-seco-sv-1006-b-seco-sd-1006-b\/#FAQ\" >FAQ<\/a><\/li><\/ul><\/nav><\/div>\n<p class=\"ds-markdown-paragraph\">B\u1ed9 c\u00e1nh than carbon\u00a0<strong>0722000065 SECO SV 1006 B \/ SECO SD 1006 B<\/strong>\u00a0l\u00e0 ph\u1ee5 t\u00f9ng ch\u00ednh h\u00e3ng d\u00e0nh cho d\u00f2ng b\u01a1m ch\u00e2n kh\u00f4ng kh\u00f4\u00a0<strong>Busch SECO<\/strong>\u00a0(\u0110\u1ee9c). D\u01b0\u1edbi \u0111\u00e2y l\u00e0 th\u00f4ng tin chi ti\u1ebft v\u00e0 h\u01b0\u1edbng d\u1eabn li\u00ean quan:<\/p>\n<hr \/>\n<h3><span class=\"ez-toc-section\" id=\"Thong_so_ky_thuat\"><\/span><strong>Th\u00f4ng s\u1ed1 k\u1ef9 thu\u1eadt<\/strong><span class=\"ez-toc-section-end\"><\/span><\/h3>\n<ul>\n<li>\n<p class=\"ds-markdown-paragraph\"><strong>K\u00edch th\u01b0\u1edbc:<\/strong><\/p>\n<ul>\n<li>\n<p class=\"ds-markdown-paragraph\">Chi\u1ec1u d\u00e0i:\u00a0<strong>55 mm<\/strong><\/p>\n<\/li>\n<li>\n<p class=\"ds-markdown-paragraph\">Chi\u1ec1u r\u1ed9ng\/cao:\u00a0<strong>25 mm<\/strong><\/p>\n<\/li>\n<li>\n<p class=\"ds-markdown-paragraph\">\u0110\u1ed9 d\u00e0y:\u00a0<strong>4 mm<\/strong><\/p>\n<\/li>\n<\/ul>\n<\/li>\n<li>\n<p class=\"ds-markdown-paragraph\"><strong>V\u1eadt li\u1ec7u:<\/strong>\u00a0<strong>EK60<\/strong>\u00a0(Carbon cao c\u1ea5p, ch\u1ecbu m\u00e0i m\u00f2n t\u1ed1t).<\/p>\n<\/li>\n<li>\n<p class=\"ds-markdown-paragraph\"><strong>S\u1ed1 l\u01b0\u1ee3ng:<\/strong>\u00a01 b\u1ed9 g\u1ed3m\u00a0<strong>4 c\u00e1nh than<\/strong>.<\/p>\n<\/li>\n<li>\n<p class=\"ds-markdown-paragraph\"><strong>\u1ee8ng d\u1ee5ng:<\/strong>\u00a0D\u00f9ng cho b\u01a1m ch\u00e2n kh\u00f4ng kh\u00f4\u00a0<strong>Busch SECO SV 1006 B \/ SD 1006 B<\/strong>.<\/p>\n<\/li>\n<\/ul>\n<hr \/>\n<h3><span class=\"ez-toc-section\" id=\"Gioi_thieu_ve_bom_chan_khong_Busch_SECO\"><\/span><strong>Gi\u1edbi thi\u1ec7u v\u1ec1 b\u01a1m ch\u00e2n kh\u00f4ng Busch SECO<\/strong><span class=\"ez-toc-section-end\"><\/span><\/h3>\n<ul>\n<li>\n<p class=\"ds-markdown-paragraph\"><strong>\u01afu \u0111i\u1ec3m:<\/strong><\/p>\n<ul>\n<li>\n<p class=\"ds-markdown-paragraph\">Kh\u00f4ng d\u00f9ng d\u1ea7u \u2192\u00a0<strong>Kh\u00f4ng g\u00e2y \u00f4 nhi\u1ec5m<\/strong>, ph\u00f9 h\u1ee3p cho ng\u00e0nh th\u1ef1c ph\u1ea9m, d\u01b0\u1ee3c ph\u1ea9m, \u0111i\u1ec7n t\u1eed.<\/p>\n<\/li>\n<li>\n<p class=\"ds-markdown-paragraph\">Hi\u1ec7u su\u1ea5t cao, \u00edt b\u1ea3o tr\u00ec.<\/p>\n<\/li>\n<li>\n<p class=\"ds-markdown-paragraph\">Tu\u1ed5i th\u1ecd l\u00e2u d\u00e0i n\u1ebfu s\u1eed d\u1ee5ng c\u00e1nh than ch\u00ednh h\u00e3ng.<\/p>\n<\/li>\n<\/ul>\n<\/li>\n<li>\n<p class=\"ds-markdown-paragraph\"><strong>Nh\u01b0\u1ee3c \u0111i\u1ec3m:<\/strong><\/p>\n<ul>\n<li>\n<p class=\"ds-markdown-paragraph\">Gi\u00e1 th\u00e0nh cao h\u01a1n b\u01a1m d\u1ea7u.<\/p>\n<\/li>\n<li>\n<p class=\"ds-markdown-paragraph\">C\u1ea7n thay c\u00e1nh than \u0111\u1ecbnh k\u1ef3 do hao m\u00f2n t\u1ef1 nhi\u00ean.<\/p>\n<\/li>\n<\/ul>\n<\/li>\n<\/ul>\n<hr \/>\n<h3><span class=\"ez-toc-section\" id=\"Huong_dan_bao_tri_thay_the\"><\/span><strong>H\u01b0\u1edbng d\u1eabn b\u1ea3o tr\u00ec &amp; thay th\u1ebf<\/strong><span class=\"ez-toc-section-end\"><\/span><\/h3>\n<ol start=\"1\">\n<li>\n<p class=\"ds-markdown-paragraph\"><strong>D\u1ea5u hi\u1ec7u c\u1ea7n thay c\u00e1nh than:<\/strong><\/p>\n<ul>\n<li>\n<p class=\"ds-markdown-paragraph\">B\u01a1m\u00a0<strong>gi\u1ea3m \u00e1p su\u1ea5t ch\u00e2n kh\u00f4ng<\/strong>.<\/p>\n<\/li>\n<li>\n<p class=\"ds-markdown-paragraph\">Xu\u1ea5t hi\u1ec7n\u00a0<strong>ti\u1ebfng \u1ed3n l\u1ea1c<\/strong>\u00a0do c\u00e1nh than m\u00f2n kh\u00f4ng ti\u1ebfp x\u00fac \u0111\u1ec1u v\u1edbi stator.<\/p>\n<\/li>\n<\/ul>\n<\/li>\n<li>\n<p class=\"ds-markdown-paragraph\"><strong>L\u01b0u \u00fd khi thay th\u1ebf:<\/strong><\/p>\n<ul>\n<li>\n<p class=\"ds-markdown-paragraph\">Lu\u00f4n d\u00f9ng c\u00e1nh than\u00a0<strong>ch\u00ednh h\u00e3ng Busch (EK60)<\/strong>\u00a0\u0111\u1ec3 tr\u00e1nh h\u01b0 h\u1ecfng rotor.<\/p>\n<\/li>\n<li>\n<p class=\"ds-markdown-paragraph\">V\u1ec7 sinh s\u1ea1ch bu\u1ed3ng b\u01a1m tr\u01b0\u1edbc l\u1eafp \u0111\u1eb7t.<\/p>\n<\/li>\n<li>\n<p class=\"ds-markdown-paragraph\">Ki\u1ec3m tra \u0111\u1ed3ng th\u1eddi\u00a0<strong>gio\u0103ng ph\u1edbt, rotor<\/strong>\u00a0\u0111\u1ec3 ph\u00e1t hi\u1ec7n h\u01b0 h\u1ecfng k\u00e8m theo.<\/p>\n<\/li>\n<\/ul>\n<\/li>\n<\/ol>\n<hr \/>\n<h3><span class=\"ez-toc-section\" id=\"Dat_hang_Ho_tro\"><\/span><strong>\u0110\u1eb7t h\u00e0ng &amp; H\u1ed7 tr\u1ee3<\/strong><span class=\"ez-toc-section-end\"><\/span><\/h3>\n<ul>\n<li>\n<p class=\"ds-markdown-paragraph\"><strong>C\u00d4NG TY TNHH K\u1ef8 THU\u1eacT V\u00c0 D\u1ecaCH V\u1ee4 MINH PH\u00da<\/strong><\/p>\n<ul>\n<li>\n<p class=\"ds-markdown-paragraph\">\ud83d\udcde\u00a0<strong>Hotline:<\/strong>\u00a00985 459 559<\/p>\n<\/li>\n<li>\n<p class=\"ds-markdown-paragraph\">\u2709\u00a0<strong>Email:<\/strong>\u00a0<a href=\"https:\/\/mailto:Sales@minhphuco.vn\/\" target=\"_blank\" rel=\"noopener noreferrer\">Sales@minhphuco.vn<\/a><\/p>\n<\/li>\n<li>\n<p class=\"ds-markdown-paragraph\">\ud83d\udcbb\u00a0<strong>Zalo:<\/strong>\u00a00985 490 343 \/ 0985 843 778<\/p>\n<\/li>\n<li>\n<p class=\"ds-markdown-paragraph\">\ud83c\udf10\u00a0<strong>Website:<\/strong>\u00a0<a href=\"https:\/\/minhphuco.vn\/\" target=\"_blank\" rel=\"noopener noreferrer\">minhphuco.vn<\/a><\/p>\n<\/li>\n<\/ul>\n<\/li>\n<\/ul>\n<hr \/>\n<h3><span class=\"ez-toc-section\" id=\"FAQ\"><\/span><strong>FAQ<\/strong><span class=\"ez-toc-section-end\"><\/span><\/h3>\n<p class=\"ds-markdown-paragraph\">\u2753\u00a0<strong>C\u00f3 th\u1ec3 d\u00f9ng c\u00e1nh than kh\u00f4ng ch\u00ednh h\u00e3ng cho b\u01a1m SECO?<\/strong><br \/>\n\u2192 Kh\u00f4ng n\u00ean! V\u1eadt li\u1ec7u kh\u00f4ng \u0111\u1ea1t chu\u1ea9n EK60 s\u1ebd g\u00e2y m\u00e0i m\u00f2n rotor, gi\u1ea3m tu\u1ed5i th\u1ecd b\u01a1m.<\/p>\n<p class=\"ds-markdown-paragraph\">\u2753\u00a0<strong>Tu\u1ed5i th\u1ecd trung b\u00ecnh c\u1ee7a c\u00e1nh than?<\/strong><br \/>\n\u2192 Kho\u1ea3ng\u00a0<strong>6.000\u20138.000 gi\u1edd<\/strong>\u00a0ho\u1ea1t \u0111\u1ed9ng, t\u00f9y \u0111i\u1ec1u ki\u1ec7n v\u1eadn h\u00e0nh.<\/p>\n<p class=\"ds-markdown-paragraph\">\u2753\u00a0<strong>C\u00f3 h\u1ed7 tr\u1ee3 k\u1ef9 thu\u1eadt thay th\u1ebf t\u1ea1i ch\u1ed7 kh\u00f4ng?<\/strong><br \/>\n\u2192 Minh Ph\u00fa cung c\u1ea5p d\u1ecbch v\u1ee5\u00a0<strong>t\u01b0 v\u1ea5n t\u1eeb xa<\/strong>\u00a0ho\u1eb7c c\u1eed k\u1ef9 thu\u1eadt vi\u00ean n\u1ebfu c\u1ea7n.<\/p>\n<hr \/>\n<p class=\"ds-markdown-paragraph\">N\u1ebfu c\u1ea7n b\u00e1o gi\u00e1 ho\u1eb7c t\u00e0i li\u1ec7u k\u1ef9 thu\u1eadt chi ti\u1ebft, vui l\u00f2ng li\u00ean h\u1ec7 tr\u1ef1c ti\u1ebfp v\u1edbi\u00a0<strong>Minh Ph\u00fa<\/strong>\u00a0qua c\u00e1c k\u00eanh tr\u00ean!<\/p>\n","protected":false},"excerpt":{"rendered":"<p>M\u1ed9t b\u1ed9 g\u1ed3m 4 c\u00e1nh than v\u1edbi k\u00edch th\u01b0\u1edbc: <strong>55 mm (chi\u1ec1u d\u00e0i) \u00d7 25 mm (chi\u1ec1u r\u1ed9ng\/cao) \u00d7 4 mm (\u0111\u1ed9 d\u00e0y)<\/strong><br \/>\nD\u00f9ng cho c\u00e1c m\u00e1y b\u01a1m : Busch <strong>SECO SV 1006 B SECO SD 1006 B<\/strong><br \/>\nV\u1eadt li\u1ec7u theo c\u00f4ng b\u1ed1 c\u1ee7a Busch l\u00e0 <strong>EK60<\/strong><\/p>\n","protected":false},"featured_media":7805,"comment_status":"open","ping_status":"closed","template":"","meta":{"_acf_changed":false},"product_brand":[],"product_cat":[708,69],"product_tag":[2066],"class_list":{"0":"post-8070","1":"product","2":"type-product","3":"status-publish","4":"has-post-thumbnail","6":"product_cat-busch-vanes","7":"product_cat-canh-vane","8":"product_tag-2066","10":"first","11":"instock","12":"shipping-taxable","13":"product-type-simple"},"acf":[],"_links":{"self":[{"href":"https:\/\/mpvane.com\/en\/wp-json\/wp\/v2\/product\/8070","targetHints":{"allow":["GET"]}}],"collection":[{"href":"https:\/\/mpvane.com\/en\/wp-json\/wp\/v2\/product"}],"about":[{"href":"https:\/\/mpvane.com\/en\/wp-json\/wp\/v2\/types\/product"}],"replies":[{"embeddable":true,"href":"https:\/\/mpvane.com\/en\/wp-json\/wp\/v2\/comments?post=8070"}],"version-history":[{"count":1,"href":"https:\/\/mpvane.com\/en\/wp-json\/wp\/v2\/product\/8070\/revisions"}],"predecessor-version":[{"id":8071,"href":"https:\/\/mpvane.com\/en\/wp-json\/wp\/v2\/product\/8070\/revisions\/8071"}],"wp:featuredmedia":[{"embeddable":true,"href":"https:\/\/mpvane.com\/en\/wp-json\/wp\/v2\/media\/7805"}],"wp:attachment":[{"href":"https:\/\/mpvane.com\/en\/wp-json\/wp\/v2\/media?parent=8070"}],"wp:term":[{"taxonomy":"product_brand","embeddable":true,"href":"https:\/\/mpvane.com\/en\/wp-json\/wp\/v2\/product_brand?post=8070"},{"taxonomy":"product_cat","embeddable":true,"href":"https:\/\/mpvane.com\/en\/wp-json\/wp\/v2\/product_cat?post=8070"},{"taxonomy":"product_tag","embeddable":true,"href":"https:\/\/mpvane.com\/en\/wp-json\/wp\/v2\/product_tag?post=8070"}],"curies":[{"name":"wp","href":"https:\/\/api.w.org\/{rel}","templated":true}]}}