{"id":8068,"date":"2025-05-29T14:52:10","date_gmt":"2025-05-29T07:52:10","guid":{"rendered":"https:\/\/mpvane.com\/?post_type=product&#038;p=8068"},"modified":"2025-05-29T15:15:05","modified_gmt":"2025-05-29T08:15:05","slug":"bo-4-canh-than-carbon-0722500050-seco-sv-1140-c-seco-sd-1140-c-seco-dc-0140-c","status":"publish","type":"product","link":"https:\/\/mpvane.com\/en\/san-pham\/bo-4-canh-than-carbon-0722500050-seco-sv-1140-c-seco-sd-1140-c-seco-dc-0140-c\/","title":{"rendered":"B\u1ed9 4 c\u00e1nh than carbon 0722500050 SECO SV 1140 C SECO SD 1140 C SECO DC 0140 C"},"content":{"rendered":"<div id=\"ez-toc-container\" class=\"ez-toc-v2_0_75 counter-hierarchy ez-toc-counter ez-toc-grey ez-toc-container-direction\">\n<div class=\"ez-toc-title-container\">\n<p class=\"ez-toc-title\" style=\"cursor:inherit\">Table of Contents<\/p>\n<span class=\"ez-toc-title-toggle\"><a href=\"#\" class=\"ez-toc-pull-right ez-toc-btn ez-toc-btn-xs ez-toc-btn-default ez-toc-toggle\" aria-label=\"Toggle Table of Content\"><span class=\"ez-toc-js-icon-con\"><span class=\"\"><span class=\"eztoc-hide\" style=\"display:none;\">Toggle<\/span><span class=\"ez-toc-icon-toggle-span\"><svg style=\"fill: #999;color:#999\" xmlns=\"http:\/\/www.w3.org\/2000\/svg\" class=\"list-377408\" width=\"20px\" height=\"20px\" viewBox=\"0 0 24 24\" fill=\"none\"><path d=\"M6 6H4v2h2V6zm14 0H8v2h12V6zM4 11h2v2H4v-2zm16 0H8v2h12v-2zM4 16h2v2H4v-2zm16 0H8v2h12v-2z\" fill=\"currentColor\"><\/path><\/svg><svg style=\"fill: #999;color:#999\" class=\"arrow-unsorted-368013\" xmlns=\"http:\/\/www.w3.org\/2000\/svg\" width=\"10px\" height=\"10px\" viewBox=\"0 0 24 24\" version=\"1.2\" baseProfile=\"tiny\"><path d=\"M18.2 9.3l-6.2-6.3-6.2 6.3c-.2.2-.3.4-.3.7s.1.5.3.7c.2.2.4.3.7.3h11c.3 0 .5-.1.7-.3.2-.2.3-.5.3-.7s-.1-.5-.3-.7zM5.8 14.7l6.2 6.3 6.2-6.3c.2-.2.3-.5.3-.7s-.1-.5-.3-.7c-.2-.2-.4-.3-.7-.3h-11c-.3 0-.5.1-.7.3-.2.2-.3.5-.3.7s.1.5.3.7z\"\/><\/svg><\/span><\/span><\/span><\/a><\/span><\/div>\n<nav><ul class='ez-toc-list ez-toc-list-level-1 ' ><li class='ez-toc-page-1 ez-toc-heading-level-3'><a class=\"ez-toc-link ez-toc-heading-1\" href=\"https:\/\/mpvane.com\/en\/san-pham\/bo-4-canh-than-carbon-0722500050-seco-sv-1140-c-seco-sd-1140-c-seco-dc-0140-c\/#Thong_so_ky_thuat\" >Th\u00f4ng s\u1ed1 k\u1ef9 thu\u1eadt<\/a><\/li><li class='ez-toc-page-1 ez-toc-heading-level-3'><a class=\"ez-toc-link ez-toc-heading-2\" href=\"https:\/\/mpvane.com\/en\/san-pham\/bo-4-canh-than-carbon-0722500050-seco-sv-1140-c-seco-sd-1140-c-seco-dc-0140-c\/#Ung_dung\" >\u1ee8ng d\u1ee5ng<\/a><\/li><li class='ez-toc-page-1 ez-toc-heading-level-3'><a class=\"ez-toc-link ez-toc-heading-3\" href=\"https:\/\/mpvane.com\/en\/san-pham\/bo-4-canh-than-carbon-0722500050-seco-sv-1140-c-seco-sd-1140-c-seco-dc-0140-c\/#Uu_diem_cua_bom_chan_khong_kho_Busch_SECO\" >\u01afu \u0111i\u1ec3m c\u1ee7a b\u01a1m ch\u00e2n kh\u00f4ng kh\u00f4 Busch SECO<\/a><\/li><li class='ez-toc-page-1 ez-toc-heading-level-3'><a class=\"ez-toc-link ez-toc-heading-4\" href=\"https:\/\/mpvane.com\/en\/san-pham\/bo-4-canh-than-carbon-0722500050-seco-sv-1140-c-seco-sd-1140-c-seco-dc-0140-c\/#Nhuoc_diem\" >Nh\u01b0\u1ee3c \u0111i\u1ec3m<\/a><\/li><li class='ez-toc-page-1 ez-toc-heading-level-3'><a class=\"ez-toc-link ez-toc-heading-5\" href=\"https:\/\/mpvane.com\/en\/san-pham\/bo-4-canh-than-carbon-0722500050-seco-sv-1140-c-seco-sd-1140-c-seco-dc-0140-c\/#Khi_nao_can_thay_canh_than_carbon\" >Khi n\u00e0o c\u1ea7n thay c\u00e1nh than carbon?<\/a><\/li><li class='ez-toc-page-1 ez-toc-heading-level-3'><a class=\"ez-toc-link ez-toc-heading-6\" href=\"https:\/\/mpvane.com\/en\/san-pham\/bo-4-canh-than-carbon-0722500050-seco-sv-1140-c-seco-sd-1140-c-seco-dc-0140-c\/#Luu_y_khi_thay_the\" >L\u01b0u \u00fd khi thay th\u1ebf<\/a><\/li><li class='ez-toc-page-1 ez-toc-heading-level-3'><a class=\"ez-toc-link ez-toc-heading-7\" href=\"https:\/\/mpvane.com\/en\/san-pham\/bo-4-canh-than-carbon-0722500050-seco-sv-1140-c-seco-sd-1140-c-seco-dc-0140-c\/#Lien_he_dat_hang_ho_tro_ky_thuat\" >Li\u00ean h\u1ec7 \u0111\u1eb7t h\u00e0ng &amp; h\u1ed7 tr\u1ee3 k\u1ef9 thu\u1eadt<\/a><\/li><\/ul><\/nav><\/div>\n<p class=\"ds-markdown-paragraph\">B\u1ed9 c\u00e1nh than carbon\u00a0<strong>0722500050<\/strong>\u00a0d\u00e0nh cho b\u01a1m ch\u00e2n kh\u00f4ng kh\u00f4 Busch SECO SV 1140 C, SECO SD 1140 C v\u00e0 SECO DC 0140 C l\u00e0 ph\u1ee5 ki\u1ec7n ch\u00ednh h\u00e3ng quan tr\u1ecdng, gi\u00fap duy tr\u00ec hi\u1ec7u su\u1ea5t ho\u1ea1t \u0111\u1ed9ng c\u1ee7a b\u01a1m. D\u01b0\u1edbi \u0111\u00e2y l\u00e0 th\u00f4ng tin chi ti\u1ebft v\u00e0 h\u01b0\u1edbng d\u1eabn li\u00ean quan:<\/p>\n<h3><span class=\"ez-toc-section\" id=\"Thong_so_ky_thuat\"><\/span><strong>Th\u00f4ng s\u1ed1 k\u1ef9 thu\u1eadt<\/strong><span class=\"ez-toc-section-end\"><\/span><\/h3>\n<ul>\n<li>\n<p class=\"ds-markdown-paragraph\"><strong>K\u00edch th\u01b0\u1edbc:<\/strong><\/p>\n<ul>\n<li>\n<p class=\"ds-markdown-paragraph\">Chi\u1ec1u d\u00e0i:\u00a0<strong>239.5 mm<\/strong><\/p>\n<\/li>\n<li>\n<p class=\"ds-markdown-paragraph\">Chi\u1ec1u r\u1ed9ng\/cao:\u00a0<strong>45 mm<\/strong><\/p>\n<\/li>\n<li>\n<p class=\"ds-markdown-paragraph\">\u0110\u1ed9 d\u00e0y:\u00a0<strong>3.8 mm<\/strong><\/p>\n<\/li>\n<\/ul>\n<\/li>\n<li>\n<p class=\"ds-markdown-paragraph\"><strong>V\u1eadt li\u1ec7u:<\/strong> 000 (theo c\u00f4ng b\u1ed1 c\u1ee7a Busch)<\/p>\n<\/li>\n<li>\n<p class=\"ds-markdown-paragraph\"><strong>S\u1ed1 l\u01b0\u1ee3ng:<\/strong>\u00a01 b\u1ed9 g\u1ed3m\u00a0<strong>4 c\u00e1nh than<\/strong><\/p>\n<\/li>\n<\/ul>\n<h3><span class=\"ez-toc-section\" id=\"Ung_dung\"><\/span><strong>\u1ee8ng d\u1ee5ng<\/strong><span class=\"ez-toc-section-end\"><\/span><\/h3>\n<ul>\n<li>\n<p class=\"ds-markdown-paragraph\">D\u00f9ng cho c\u00e1c d\u00f2ng b\u01a1m ch\u00e2n kh\u00f4ng kh\u00f4\u00a0<strong>Busch SECO SV 1140 C, SECO SD 1140 C, SECO DC 0140 C<\/strong>.<\/p>\n<\/li>\n<li>\n<p class=\"ds-markdown-paragraph\">Ph\u00f9 h\u1ee3p cho c\u00e1c ng\u00e0nh y\u00eau c\u1ea7u ch\u00e2n kh\u00f4ng s\u1ea1ch nh\u01b0:<\/p>\n<ul>\n<li>\n<p class=\"ds-markdown-paragraph\">C\u00f4ng nghi\u1ec7p th\u1ef1c ph\u1ea9m, d\u01b0\u1ee3c ph\u1ea9m<\/p>\n<\/li>\n<li>\n<p class=\"ds-markdown-paragraph\">S\u1ea3n xu\u1ea5t \u0111i\u1ec7n t\u1eed, b\u00e1n d\u1eabn<\/p>\n<\/li>\n<li>\n<p class=\"ds-markdown-paragraph\">Ph\u00f2ng th\u00ed nghi\u1ec7m, y t\u1ebf<\/p>\n<\/li>\n<\/ul>\n<\/li>\n<\/ul>\n<h3><span class=\"ez-toc-section\" id=\"Uu_diem_cua_bom_chan_khong_kho_Busch_SECO\"><\/span><strong>\u01afu \u0111i\u1ec3m c\u1ee7a b\u01a1m ch\u00e2n kh\u00f4ng kh\u00f4 Busch SECO<\/strong><span class=\"ez-toc-section-end\"><\/span><\/h3>\n<p class=\"ds-markdown-paragraph\">\u2714\u00a0<strong>Kh\u00f4ng d\u1ea7u b\u00f4i tr\u01a1n<\/strong>\u00a0\u2192 Tr\u00e1nh nhi\u1ec5m b\u1ea9n m\u00f4i tr\u01b0\u1eddng l\u00e0m vi\u1ec7c.<br \/>\n\u2714\u00a0<strong>Hi\u1ec7u su\u1ea5t cao, \u0111\u1ed9 b\u1ec1n t\u1ed1t<\/strong>\u00a0\u2192 Gi\u1ea3m th\u1eddi gian ch\u1ebft m\u00e1y.<br \/>\n\u2714\u00a0<strong>B\u1ea3o tr\u00ec \u00edt h\u01a1n<\/strong>\u00a0so v\u1edbi b\u01a1m ch\u00e2n kh\u00f4ng d\u1ea7u.<br \/>\n\u2714\u00a0<strong>Ph\u00f9 h\u1ee3p ti\u00eau chu\u1ea9n kh\u1eaft khe<\/strong>\u00a0(GMP, ISO trong th\u1ef1c ph\u1ea9m, d\u01b0\u1ee3c).<\/p>\n<h3><span class=\"ez-toc-section\" id=\"Nhuoc_diem\"><\/span><strong>Nh\u01b0\u1ee3c \u0111i\u1ec3m<\/strong><span class=\"ez-toc-section-end\"><\/span><\/h3>\n<p class=\"ds-markdown-paragraph\">\u274c\u00a0<strong>Gi\u00e1 th\u00e0nh cao<\/strong>\u00a0h\u01a1n b\u01a1m d\u1ea7u truy\u1ec1n th\u1ed1ng.<br \/>\n\u274c\u00a0<strong>C\u00e1nh than c\u1ea7n thay \u0111\u1ecbnh k\u1ef3<\/strong>\u00a0do ma s\u00e1t g\u00e2y m\u00f2n theo th\u1eddi gian.<\/p>\n<h3><span class=\"ez-toc-section\" id=\"Khi_nao_can_thay_canh_than_carbon\"><\/span><strong>Khi n\u00e0o c\u1ea7n thay c\u00e1nh than carbon?<\/strong><span class=\"ez-toc-section-end\"><\/span><\/h3>\n<ul>\n<li>\n<p class=\"ds-markdown-paragraph\">B\u01a1m\u00a0<strong>gi\u1ea3m \u00e1p su\u1ea5t ch\u00e2n kh\u00f4ng<\/strong>, kh\u00f4ng \u0111\u1ea1t hi\u1ec7u su\u1ea5t nh\u01b0 ban \u0111\u1ea7u.<\/p>\n<\/li>\n<li>\n<p class=\"ds-markdown-paragraph\">Xu\u1ea5t hi\u1ec7n\u00a0<strong>ti\u1ebfng \u1ed3n l\u1ea1<\/strong>\u00a0(do c\u00e1nh than m\u00f2n kh\u00f4ng ti\u1ebfp x\u00fac \u0111\u1ec1u v\u1edbi stator).<\/p>\n<\/li>\n<li>\n<p class=\"ds-markdown-paragraph\">Ki\u1ec3m tra \u0111\u1ecbnh k\u1ef3 sau\u00a0<strong>4,000\u20138,000 gi\u1edd ho\u1ea1t \u0111\u1ed9ng<\/strong>\u00a0(t\u00f9y \u0111i\u1ec1u ki\u1ec7n l\u00e0m vi\u1ec7c).<\/p>\n<\/li>\n<\/ul>\n<h3><span class=\"ez-toc-section\" id=\"Luu_y_khi_thay_the\"><\/span><strong>L\u01b0u \u00fd khi thay th\u1ebf<\/strong><span class=\"ez-toc-section-end\"><\/span><\/h3>\n<ol start=\"1\">\n<li>\n<p class=\"ds-markdown-paragraph\"><strong>S\u1eed d\u1ee5ng c\u00e1nh than ch\u00ednh h\u00e3ng Busch<\/strong>\u00a0\u0111\u1ec3 \u0111\u1ea3m b\u1ea3o \u0111\u1ed9 ch\u00ednh x\u00e1c v\u00e0 tu\u1ed5i th\u1ecd.<\/p>\n<\/li>\n<li>\n<p class=\"ds-markdown-paragraph\"><strong>V\u1ec7 sinh bu\u1ed3ng b\u01a1m<\/strong>\u00a0tr\u01b0\u1edbc khi l\u1eafp c\u00e1nh m\u1edbi, lo\u1ea1i b\u1ecf b\u1ee5i carbon t\u00edch t\u1ee5.<\/p>\n<\/li>\n<li>\n<p class=\"ds-markdown-paragraph\"><strong>Ki\u1ec3m tra rotor, gio\u0103ng ph\u1edbt<\/strong>\u00a0\u0111\u1ec3 tr\u00e1nh h\u01b0 h\u1ecfng k\u00e8m theo.<\/p>\n<\/li>\n<li>\n<p class=\"ds-markdown-paragraph\"><strong>B\u00f4i tr\u01a1n nh\u1eb9<\/strong>\u00a0(n\u1ebfu c\u1ea7n) b\u1eb1ng ch\u1ea5t b\u00f4i tr\u01a1n kh\u00f4 ph\u00f9 h\u1ee3p.<\/p>\n<\/li>\n<\/ol>\n<h3><span class=\"ez-toc-section\" id=\"Lien_he_dat_hang_ho_tro_ky_thuat\"><\/span><strong>Li\u00ean h\u1ec7 \u0111\u1eb7t h\u00e0ng &amp; h\u1ed7 tr\u1ee3 k\u1ef9 thu\u1eadt<\/strong><span class=\"ez-toc-section-end\"><\/span><\/h3>\n<p class=\"ds-markdown-paragraph\">\ud83c\udfe2\u00a0<strong>C\u00d4NG TY TNHH K\u1ef8 THU\u1eacT V\u00c0 D\u1ecaCH V\u1ee4 MINH PH\u00da<\/strong><br \/>\n\ud83d\udcde\u00a0<strong>Hotline:<\/strong>\u00a00985 459 559<br \/>\n\u2709\u00a0<strong>Email:<\/strong>\u00a0<a href=\"https:\/\/mailto:Sales@minhphuco.vn\/\" target=\"_blank\" rel=\"noopener noreferrer\">Sales@minhphuco.vn<\/a><br \/>\n\ud83d\udcbb\u00a0<strong>Zalo:<\/strong>\u00a00985 490 343 \/ 0985 843 778<br \/>\n\ud83c\udf10\u00a0<strong>Website:<\/strong>\u00a0<a href=\"https:\/\/minhphuco.vn\/\" target=\"_blank\" rel=\"noopener noreferrer\">minhphuco.vn<\/a><\/p>\n<p class=\"ds-markdown-paragraph\">N\u1ebfu b\u1ea1n c\u1ea7n b\u00e1o gi\u00e1, h\u1ed7 tr\u1ee3 k\u1ef9 thu\u1eadt ho\u1eb7c \u0111\u1eb7t mua b\u1ed9 c\u00e1nh than, h\u00e3y li\u00ean h\u1ec7 ngay \u0111\u1ec3 \u0111\u01b0\u1ee3c t\u01b0 v\u1ea5n nhanh nh\u1ea5t!<\/p>\n","protected":false},"excerpt":{"rendered":"<p>M\u1ed9t b\u1ed9 g\u1ed3m 4 c\u00e1nh than v\u1edbi k\u00edch th\u01b0\u1edbc: <strong>239.5 mm (chi\u1ec1u d\u00e0i) \u00d7 45 mm (chi\u1ec1u r\u1ed9ng\/cao) \u00d7 3.8 mm (\u0111\u1ed9 d\u00e0y)<\/strong><br \/>\nD\u00f9ng cho c\u00e1c m\u00e1y b\u01a1m : Busch <strong>SECO SV 1140 C SECO SD 1140 C SECO DC 0140 C<\/strong><br \/>\nV\u1eadt li\u1ec7u theo c\u00f4ng b\u1ed1 c\u1ee7a Busch l\u00e0 <strong>000<\/strong><\/p>\n","protected":false},"featured_media":7805,"comment_status":"open","ping_status":"closed","template":"","meta":{"_acf_changed":false},"product_brand":[],"product_cat":[708,69],"product_tag":[2065],"class_list":{"0":"post-8068","1":"product","2":"type-product","3":"status-publish","4":"has-post-thumbnail","6":"product_cat-busch-vanes","7":"product_cat-canh-vane","8":"product_tag-2065","10":"first","11":"instock","12":"shipping-taxable","13":"product-type-simple"},"acf":[],"_links":{"self":[{"href":"https:\/\/mpvane.com\/en\/wp-json\/wp\/v2\/product\/8068","targetHints":{"allow":["GET"]}}],"collection":[{"href":"https:\/\/mpvane.com\/en\/wp-json\/wp\/v2\/product"}],"about":[{"href":"https:\/\/mpvane.com\/en\/wp-json\/wp\/v2\/types\/product"}],"replies":[{"embeddable":true,"href":"https:\/\/mpvane.com\/en\/wp-json\/wp\/v2\/comments?post=8068"}],"version-history":[{"count":1,"href":"https:\/\/mpvane.com\/en\/wp-json\/wp\/v2\/product\/8068\/revisions"}],"predecessor-version":[{"id":8069,"href":"https:\/\/mpvane.com\/en\/wp-json\/wp\/v2\/product\/8068\/revisions\/8069"}],"wp:featuredmedia":[{"embeddable":true,"href":"https:\/\/mpvane.com\/en\/wp-json\/wp\/v2\/media\/7805"}],"wp:attachment":[{"href":"https:\/\/mpvane.com\/en\/wp-json\/wp\/v2\/media?parent=8068"}],"wp:term":[{"taxonomy":"product_brand","embeddable":true,"href":"https:\/\/mpvane.com\/en\/wp-json\/wp\/v2\/product_brand?post=8068"},{"taxonomy":"product_cat","embeddable":true,"href":"https:\/\/mpvane.com\/en\/wp-json\/wp\/v2\/product_cat?post=8068"},{"taxonomy":"product_tag","embeddable":true,"href":"https:\/\/mpvane.com\/en\/wp-json\/wp\/v2\/product_tag?post=8068"}],"curies":[{"name":"wp","href":"https:\/\/api.w.org\/{rel}","templated":true}]}}