{"id":8066,"date":"2025-05-29T14:42:08","date_gmt":"2025-05-29T07:42:08","guid":{"rendered":"https:\/\/mpvane.com\/?post_type=product&#038;p=8066"},"modified":"2025-05-29T14:49:35","modified_gmt":"2025-05-29T07:49:35","slug":"bo-0-canh-than-carbon-0722162513-seco-sg-0008a","status":"publish","type":"product","link":"https:\/\/mpvane.com\/en\/san-pham\/bo-0-canh-than-carbon-0722162513-seco-sg-0008a\/","title":{"rendered":"B\u1ed9 0 c\u00e1nh than carbon 0722162513 SECO SG 0008A"},"content":{"rendered":"<div id=\"ez-toc-container\" class=\"ez-toc-v2_0_75 counter-hierarchy ez-toc-counter ez-toc-grey ez-toc-container-direction\">\n<div class=\"ez-toc-title-container\">\n<p class=\"ez-toc-title\" style=\"cursor:inherit\">Table of Contents<\/p>\n<span class=\"ez-toc-title-toggle\"><a href=\"#\" class=\"ez-toc-pull-right ez-toc-btn ez-toc-btn-xs ez-toc-btn-default ez-toc-toggle\" aria-label=\"Toggle Table of Content\"><span class=\"ez-toc-js-icon-con\"><span class=\"\"><span class=\"eztoc-hide\" style=\"display:none;\">Toggle<\/span><span class=\"ez-toc-icon-toggle-span\"><svg style=\"fill: #999;color:#999\" xmlns=\"http:\/\/www.w3.org\/2000\/svg\" class=\"list-377408\" width=\"20px\" height=\"20px\" viewBox=\"0 0 24 24\" fill=\"none\"><path d=\"M6 6H4v2h2V6zm14 0H8v2h12V6zM4 11h2v2H4v-2zm16 0H8v2h12v-2zM4 16h2v2H4v-2zm16 0H8v2h12v-2z\" fill=\"currentColor\"><\/path><\/svg><svg style=\"fill: #999;color:#999\" class=\"arrow-unsorted-368013\" xmlns=\"http:\/\/www.w3.org\/2000\/svg\" width=\"10px\" height=\"10px\" viewBox=\"0 0 24 24\" version=\"1.2\" baseProfile=\"tiny\"><path d=\"M18.2 9.3l-6.2-6.3-6.2 6.3c-.2.2-.3.4-.3.7s.1.5.3.7c.2.2.4.3.7.3h11c.3 0 .5-.1.7-.3.2-.2.3-.5.3-.7s-.1-.5-.3-.7zM5.8 14.7l6.2 6.3 6.2-6.3c.2-.2.3-.5.3-.7s-.1-.5-.3-.7c-.2-.2-.4-.3-.7-.3h-11c-.3 0-.5.1-.7.3-.2.2-.3.5-.3.7s.1.5.3.7z\"\/><\/svg><\/span><\/span><\/span><\/a><\/span><\/div>\n<nav><ul class='ez-toc-list ez-toc-list-level-1 ' ><li class='ez-toc-page-1 ez-toc-heading-level-3'><a class=\"ez-toc-link ez-toc-heading-1\" href=\"https:\/\/mpvane.com\/en\/san-pham\/bo-0-canh-than-carbon-0722162513-seco-sg-0008a\/#Thong_so_ky_thuat\" >Th\u00f4ng s\u1ed1 k\u1ef9 thu\u1eadt<\/a><\/li><li class='ez-toc-page-1 ez-toc-heading-level-3'><a class=\"ez-toc-link ez-toc-heading-2\" href=\"https:\/\/mpvane.com\/en\/san-pham\/bo-0-canh-than-carbon-0722162513-seco-sg-0008a\/#Ung_dung\" >\u1ee8ng d\u1ee5ng<\/a><\/li><li class='ez-toc-page-1 ez-toc-heading-level-3'><a class=\"ez-toc-link ez-toc-heading-3\" href=\"https:\/\/mpvane.com\/en\/san-pham\/bo-0-canh-than-carbon-0722162513-seco-sg-0008a\/#Uu_diem_cua_bom_SECO\" >\u01afu \u0111i\u1ec3m c\u1ee7a b\u01a1m SECO<\/a><\/li><li class='ez-toc-page-1 ez-toc-heading-level-3'><a class=\"ez-toc-link ez-toc-heading-4\" href=\"https:\/\/mpvane.com\/en\/san-pham\/bo-0-canh-than-carbon-0722162513-seco-sg-0008a\/#Luu_y_khi_thay_the\" >L\u01b0u \u00fd khi thay th\u1ebf<\/a><\/li><li class='ez-toc-page-1 ez-toc-heading-level-3'><a class=\"ez-toc-link ez-toc-heading-5\" href=\"https:\/\/mpvane.com\/en\/san-pham\/bo-0-canh-than-carbon-0722162513-seco-sg-0008a\/#Dat_hang_Ho_tro\" >\u0110\u1eb7t h\u00e0ng &amp; H\u1ed7 tr\u1ee3<\/a><\/li><\/ul><\/nav><\/div>\n<div class=\"dad65929\">\n<div class=\"_4f9bf79 d7dc56a8 _43c05b5\">\n<div class=\"ds-markdown ds-markdown--block\">\n<p class=\"ds-markdown-paragraph\">B\u1ed9 c\u00e1nh than carbon\u00a0<strong>Busch SECO SG 0008A (0722162513)<\/strong>\u00a0l\u00e0 ph\u1ee5 t\u00f9ng ch\u00ednh h\u00e3ng d\u00e0nh cho d\u00f2ng b\u01a1m ch\u00e2n kh\u00f4ng kh\u00f4\u00a0<strong>SECO<\/strong>\u00a0c\u1ee7a Busch (\u0110\u1ee9c). D\u01b0\u1edbi \u0111\u00e2y l\u00e0 th\u00f4ng tin chi ti\u1ebft v\u00e0 h\u01b0\u1edbng d\u1eabn li\u00ean quan:<\/p>\n<hr \/>\n<h3><span class=\"ez-toc-section\" id=\"Thong_so_ky_thuat\"><\/span><strong>Th\u00f4ng s\u1ed1 k\u1ef9 thu\u1eadt<\/strong><span class=\"ez-toc-section-end\"><\/span><\/h3>\n<ul>\n<li>\n<p class=\"ds-markdown-paragraph\"><strong>M\u00e3 s\u1ea3n ph\u1ea9m:<\/strong>\u00a00722162513 \/ SECO SG 0008A<\/p>\n<\/li>\n<li>\n<p class=\"ds-markdown-paragraph\"><strong>Ch\u1ea5t li\u1ec7u c\u00e1nh than:<\/strong>\u00a0Aerodur Zirkon (v\u1eadt li\u1ec7u carbon cao c\u1ea5p ch\u1ecbu m\u00e0i m\u00f2n)<\/p>\n<\/li>\n<li>\n<p class=\"ds-markdown-paragraph\"><strong>K\u00edch th\u01b0\u1edbc:<\/strong>\u00a0Chi\u1ec1u d\u00e0i \u00d7 r\u1ed9ng\/cao \u00d7 \u0111\u1ed9 d\u00e0y (c\u1ea7n x\u00e1c \u0111\u1ecbnh c\u1ee5 th\u1ec3 theo m\u00e1y)<\/p>\n<\/li>\n<li>\n<p class=\"ds-markdown-paragraph\"><strong>S\u1ed1 l\u01b0\u1ee3ng:<\/strong> 1 b\u1ed9 (th\u01b0\u1eddng g\u1ed3m 0 c\u00e1nh than)<\/p>\n<\/li>\n<\/ul>\n<hr \/>\n<h3><span class=\"ez-toc-section\" id=\"Ung_dung\"><\/span><strong>\u1ee8ng d\u1ee5ng<\/strong><span class=\"ez-toc-section-end\"><\/span><\/h3>\n<ul>\n<li>\n<p class=\"ds-markdown-paragraph\">D\u00f9ng cho\u00a0<strong>b\u01a1m ch\u00e2n kh\u00f4ng kh\u00f4 Busch SECO<\/strong>, ph\u00f9 h\u1ee3p c\u00e1c ng\u00e0nh y\u00eau c\u1ea7u ch\u00e2n kh\u00f4ng s\u1ea1ch:<\/p>\n<ul>\n<li>\n<p class=\"ds-markdown-paragraph\">C\u00f4ng nghi\u1ec7p th\u1ef1c ph\u1ea9m, d\u01b0\u1ee3c ph\u1ea9m, \u0111i\u1ec7n t\u1eed, y t\u1ebf.<\/p>\n<\/li>\n<li>\n<p class=\"ds-markdown-paragraph\">Ph\u00f2ng th\u00ed nghi\u1ec7m, h\u1ec7 th\u1ed1ng HVAC.<\/p>\n<\/li>\n<\/ul>\n<\/li>\n<\/ul>\n<hr \/>\n<h3><span class=\"ez-toc-section\" id=\"Uu_diem_cua_bom_SECO\"><\/span><strong>\u01afu \u0111i\u1ec3m c\u1ee7a b\u01a1m SECO<\/strong><span class=\"ez-toc-section-end\"><\/span><\/h3>\n<p class=\"ds-markdown-paragraph\">\u2705\u00a0<strong>Kh\u00f4ng d\u1ea7u<\/strong>\u00a0\u2192 Tr\u00e1nh nhi\u1ec5m b\u1ea9n m\u00f4i tr\u01b0\u1eddng.<br \/>\n\u2705\u00a0<strong>Hi\u1ec7u su\u1ea5t cao<\/strong>, \u00edt b\u1ea3o tr\u00ec so v\u1edbi b\u01a1m d\u1ea7u.<br \/>\n\u2705\u00a0<strong>Tu\u1ed5i th\u1ecd d\u00e0i<\/strong>\u00a0n\u1ebfu s\u1eed d\u1ee5ng c\u00e1nh than ch\u00ednh h\u00e3ng.<\/p>\n<hr \/>\n<h3><span class=\"ez-toc-section\" id=\"Luu_y_khi_thay_the\"><\/span><strong>L\u01b0u \u00fd khi thay th\u1ebf<\/strong><span class=\"ez-toc-section-end\"><\/span><\/h3>\n<ol start=\"1\">\n<li>\n<p class=\"ds-markdown-paragraph\"><strong>D\u1ea5u hi\u1ec7u c\u1ea7n thay c\u00e1nh than:<\/strong><\/p>\n<ul>\n<li>\n<p class=\"ds-markdown-paragraph\">Gi\u1ea3m \u00e1p su\u1ea5t ch\u00e2n kh\u00f4ng.<\/p>\n<\/li>\n<li>\n<p class=\"ds-markdown-paragraph\">Ti\u1ebfng \u1ed3n l\u1ea1c, rung \u0111\u1ed9ng b\u1ea5t th\u01b0\u1eddng.<\/p>\n<\/li>\n<\/ul>\n<\/li>\n<li>\n<p class=\"ds-markdown-paragraph\"><strong>Quy tr\u00ecnh thay th\u1ebf:<\/strong><\/p>\n<ul>\n<li>\n<p class=\"ds-markdown-paragraph\">T\u1eaft m\u00e1y, x\u1ea3 kh\u00ed ho\u00e0n to\u00e0n.<\/p>\n<\/li>\n<li>\n<p class=\"ds-markdown-paragraph\">V\u1ec7 sinh bu\u1ed3ng b\u01a1m, ki\u1ec3m tra rotor v\u00e0 gio\u0103ng ph\u1edbt.<\/p>\n<\/li>\n<li>\n<p class=\"ds-markdown-paragraph\">L\u1eafp c\u00e1nh m\u1edbi \u0111\u00fang h\u01b0\u1edbng (tham kh\u1ea3o h\u01b0\u1edbng d\u1eabn c\u1ee7a Busch).<\/p>\n<\/li>\n<\/ul>\n<\/li>\n<li>\n<p class=\"ds-markdown-paragraph\"><strong>Khuy\u1ebfn ngh\u1ecb:<\/strong><\/p>\n<ul>\n<li>\n<p class=\"ds-markdown-paragraph\">Ch\u1ec9 d\u00f9ng c\u00e1nh than\u00a0<strong>ch\u00ednh h\u00e3ng Busch (EK60)<\/strong>\u00a0\u0111\u1ec3 tr\u00e1nh h\u01b0 h\u1ecfng rotor.<\/p>\n<\/li>\n<li>\n<p class=\"ds-markdown-paragraph\">Thay to\u00e0n b\u1ed9 c\u00e1nh c\u00f9ng l\u00fac (kh\u00f4ng thay ri\u00eang l\u1ebb).<\/p>\n<\/li>\n<\/ul>\n<\/li>\n<\/ol>\n<hr \/>\n<h3><span class=\"ez-toc-section\" id=\"Dat_hang_Ho_tro\"><\/span><strong>\u0110\u1eb7t h\u00e0ng &amp; H\u1ed7 tr\u1ee3<\/strong><span class=\"ez-toc-section-end\"><\/span><\/h3>\n<ul>\n<li>\n<p class=\"ds-markdown-paragraph\"><strong>C\u00f4ng ty TNHH K\u1ef9 Thu\u1eadt v\u00e0 D\u1ecbch V\u1ee5 Minh Ph\u00fa<\/strong><\/p>\n<ul>\n<li>\n<p class=\"ds-markdown-paragraph\">\ud83d\udcde\u00a0<strong>Hotline:<\/strong>\u00a00985 459 559<\/p>\n<\/li>\n<li>\n<p class=\"ds-markdown-paragraph\">\u2709\u00a0<strong>Email:<\/strong>\u00a0<a href=\"https:\/\/mailto:Sales@minhphuco.vn\/\" target=\"_blank\" rel=\"noopener noreferrer\">Sales@minhphuco.vn<\/a><\/p>\n<\/li>\n<li>\n<p class=\"ds-markdown-paragraph\">\ud83c\udf10\u00a0<strong>Website:<\/strong>\u00a0<a href=\"https:\/\/minhphuco.vn\/\" target=\"_blank\" rel=\"noopener noreferrer\">minhphuco.vn<\/a><\/p>\n<\/li>\n<li>\n<p class=\"ds-markdown-paragraph\">\ud83d\udcac\u00a0<strong>Zalo:<\/strong>\u00a00985 490 343 \/ 0985 843 778<\/p>\n<\/li>\n<\/ul>\n<\/li>\n<\/ul>\n<hr \/>\n<p class=\"ds-markdown-paragraph\"><strong>L\u01b0u \u00fd:<\/strong><\/p>\n<ul>\n<li>\n<p class=\"ds-markdown-paragraph\">K\u00edch th\u01b0\u1edbc c\u00e1nh than c\u1ea7n x\u00e1c \u0111\u1ecbnh ch\u00ednh x\u00e1c theo model b\u01a1m<\/p>\n<\/li>\n<li>\n<p class=\"ds-markdown-paragraph\">Cung c\u1ea5p m\u00e3 m\u00e1y ho\u1eb7c h\u00ecnh \u1ea3nh c\u00e1nh c\u0169 \u0111\u1ec3 \u0111\u01b0\u1ee3c t\u01b0 v\u1ea5n ph\u00f9 h\u1ee3p.<\/p>\n<\/li>\n<\/ul>\n<p class=\"ds-markdown-paragraph\">N\u1ebfu c\u1ea7n b\u00e1o gi\u00e1 ho\u1eb7c h\u01b0\u1edbng d\u1eabn k\u1ef9 thu\u1eadt chi ti\u1ebft, vui l\u00f2ng li\u00ean h\u1ec7 tr\u1ef1c ti\u1ebfp v\u1edbi\u00a0<strong>Minh Ph\u00fa<\/strong> qua c\u00e1c k\u00eanh tr\u00ean!<\/p>\n<\/div>\n<\/div>\n<\/div>\n","protected":false},"excerpt":{"rendered":"<p>M\u1ed9t b\u1ed9 g\u1ed3m 00 c\u00e1nh than v\u1edbi k\u00edch th\u01b0\u1edbc: <strong>00 mm (chi\u1ec1u d\u00e0i) \u00d7 00 mm (chi\u1ec1u r\u1ed9ng\/cao) \u00d7 00 mm (\u0111\u1ed9 d\u00e0y)<\/strong><br \/>\nD\u00f9ng cho c\u00e1c m\u00e1y b\u01a1m : Busch <strong>SECO SG 0008A<\/strong><br \/>\nV\u1eadt li\u1ec7u theo c\u00f4ng b\u1ed1 c\u1ee7a Busch l\u00e0 <strong>Aerodur Zirkon<\/strong><\/p>\n","protected":false},"featured_media":7805,"comment_status":"open","ping_status":"closed","template":"","meta":{"_acf_changed":false},"product_brand":[],"product_cat":[708,69],"product_tag":[2064],"class_list":{"0":"post-8066","1":"product","2":"type-product","3":"status-publish","4":"has-post-thumbnail","6":"product_cat-busch-vanes","7":"product_cat-canh-vane","8":"product_tag-2064","10":"first","11":"instock","12":"shipping-taxable","13":"product-type-simple"},"acf":[],"_links":{"self":[{"href":"https:\/\/mpvane.com\/en\/wp-json\/wp\/v2\/product\/8066","targetHints":{"allow":["GET"]}}],"collection":[{"href":"https:\/\/mpvane.com\/en\/wp-json\/wp\/v2\/product"}],"about":[{"href":"https:\/\/mpvane.com\/en\/wp-json\/wp\/v2\/types\/product"}],"replies":[{"embeddable":true,"href":"https:\/\/mpvane.com\/en\/wp-json\/wp\/v2\/comments?post=8066"}],"version-history":[{"count":1,"href":"https:\/\/mpvane.com\/en\/wp-json\/wp\/v2\/product\/8066\/revisions"}],"predecessor-version":[{"id":8067,"href":"https:\/\/mpvane.com\/en\/wp-json\/wp\/v2\/product\/8066\/revisions\/8067"}],"wp:featuredmedia":[{"embeddable":true,"href":"https:\/\/mpvane.com\/en\/wp-json\/wp\/v2\/media\/7805"}],"wp:attachment":[{"href":"https:\/\/mpvane.com\/en\/wp-json\/wp\/v2\/media?parent=8066"}],"wp:term":[{"taxonomy":"product_brand","embeddable":true,"href":"https:\/\/mpvane.com\/en\/wp-json\/wp\/v2\/product_brand?post=8066"},{"taxonomy":"product_cat","embeddable":true,"href":"https:\/\/mpvane.com\/en\/wp-json\/wp\/v2\/product_cat?post=8066"},{"taxonomy":"product_tag","embeddable":true,"href":"https:\/\/mpvane.com\/en\/wp-json\/wp\/v2\/product_tag?post=8066"}],"curies":[{"name":"wp","href":"https:\/\/api.w.org\/{rel}","templated":true}]}}