{"id":8064,"date":"2025-05-29T14:25:40","date_gmt":"2025-05-29T07:25:40","guid":{"rendered":"https:\/\/mpvane.com\/?post_type=product&#038;p=8064"},"modified":"2025-05-29T14:36:34","modified_gmt":"2025-05-29T07:36:34","slug":"bo-4-canh-than-carbon-0722500122-seco-sv-1100-c-seco-sd-1100-c-seco-dc-0100-c","status":"publish","type":"product","link":"https:\/\/mpvane.com\/en\/san-pham\/bo-4-canh-than-carbon-0722500122-seco-sv-1100-c-seco-sd-1100-c-seco-dc-0100-c\/","title":{"rendered":"B\u1ed9 4 c\u00e1nh than carbon 0722500122 SECO SV 1100 C SECO SD 1100 C SECO DC 0100 C"},"content":{"rendered":"<div id=\"ez-toc-container\" class=\"ez-toc-v2_0_75 counter-hierarchy ez-toc-counter ez-toc-grey ez-toc-container-direction\">\n<div class=\"ez-toc-title-container\">\n<p class=\"ez-toc-title\" style=\"cursor:inherit\">Table of Contents<\/p>\n<span class=\"ez-toc-title-toggle\"><a href=\"#\" class=\"ez-toc-pull-right ez-toc-btn ez-toc-btn-xs ez-toc-btn-default ez-toc-toggle\" aria-label=\"Toggle Table of Content\"><span class=\"ez-toc-js-icon-con\"><span class=\"\"><span class=\"eztoc-hide\" style=\"display:none;\">Toggle<\/span><span class=\"ez-toc-icon-toggle-span\"><svg style=\"fill: #999;color:#999\" xmlns=\"http:\/\/www.w3.org\/2000\/svg\" class=\"list-377408\" width=\"20px\" height=\"20px\" viewBox=\"0 0 24 24\" fill=\"none\"><path d=\"M6 6H4v2h2V6zm14 0H8v2h12V6zM4 11h2v2H4v-2zm16 0H8v2h12v-2zM4 16h2v2H4v-2zm16 0H8v2h12v-2z\" fill=\"currentColor\"><\/path><\/svg><svg style=\"fill: #999;color:#999\" class=\"arrow-unsorted-368013\" xmlns=\"http:\/\/www.w3.org\/2000\/svg\" width=\"10px\" height=\"10px\" viewBox=\"0 0 24 24\" version=\"1.2\" baseProfile=\"tiny\"><path d=\"M18.2 9.3l-6.2-6.3-6.2 6.3c-.2.2-.3.4-.3.7s.1.5.3.7c.2.2.4.3.7.3h11c.3 0 .5-.1.7-.3.2-.2.3-.5.3-.7s-.1-.5-.3-.7zM5.8 14.7l6.2 6.3 6.2-6.3c.2-.2.3-.5.3-.7s-.1-.5-.3-.7c-.2-.2-.4-.3-.7-.3h-11c-.3 0-.5.1-.7.3-.2.2-.3.5-.3.7s.1.5.3.7z\"\/><\/svg><\/span><\/span><\/span><\/a><\/span><\/div>\n<nav><ul class='ez-toc-list ez-toc-list-level-1 ' ><li class='ez-toc-page-1 ez-toc-heading-level-3'><a class=\"ez-toc-link ez-toc-heading-1\" href=\"https:\/\/mpvane.com\/en\/san-pham\/bo-4-canh-than-carbon-0722500122-seco-sv-1100-c-seco-sd-1100-c-seco-dc-0100-c\/#Thong_so_ky_thuat\" >Th\u00f4ng s\u1ed1 k\u1ef9 thu\u1eadt<\/a><\/li><li class='ez-toc-page-1 ez-toc-heading-level-3'><a class=\"ez-toc-link ez-toc-heading-2\" href=\"https:\/\/mpvane.com\/en\/san-pham\/bo-4-canh-than-carbon-0722500122-seco-sv-1100-c-seco-sd-1100-c-seco-dc-0100-c\/#Uu_diem_cua_bom_chan_khong_kho_Busch_SECO\" >\u01afu \u0111i\u1ec3m c\u1ee7a b\u01a1m ch\u00e2n kh\u00f4ng kh\u00f4 Busch SECO<\/a><\/li><li class='ez-toc-page-1 ez-toc-heading-level-3'><a class=\"ez-toc-link ez-toc-heading-3\" href=\"https:\/\/mpvane.com\/en\/san-pham\/bo-4-canh-than-carbon-0722500122-seco-sv-1100-c-seco-sd-1100-c-seco-dc-0100-c\/#Huong_dan_bao_tri_thay_the_canh_than\" >H\u01b0\u1edbng d\u1eabn b\u1ea3o tr\u00ec &amp; thay th\u1ebf c\u00e1nh than<\/a><\/li><li class='ez-toc-page-1 ez-toc-heading-level-3'><a class=\"ez-toc-link ez-toc-heading-4\" href=\"https:\/\/mpvane.com\/en\/san-pham\/bo-4-canh-than-carbon-0722500122-seco-sv-1100-c-seco-sd-1100-c-seco-dc-0100-c\/#Dat_hang_Ho_tro_ky_thuat\" >\u0110\u1eb7t h\u00e0ng &amp; H\u1ed7 tr\u1ee3 k\u1ef9 thu\u1eadt<\/a><\/li><\/ul><\/nav><\/div>\n<p class=\"ds-markdown-paragraph\">B\u1ed9 c\u00e1nh than carbon\u00a0<strong>0722500122<\/strong>\u00a0d\u00e0nh cho b\u01a1m ch\u00e2n kh\u00f4ng kh\u00f4\u00a0<strong>Busch SECO SV 1100 C, SD 1100 C, DC 0100 C<\/strong>\u00a0l\u00e0 ph\u1ee5 t\u00f9ng ch\u00ednh h\u00e3ng, \u0111\u1ea3m b\u1ea3o ch\u1ea5t l\u01b0\u1ee3ng v\u00e0 hi\u1ec7u su\u1ea5t t\u1ed1i \u01b0u cho b\u01a1m. D\u01b0\u1edbi \u0111\u00e2y l\u00e0 th\u00f4ng tin chi ti\u1ebft v\u00e0 h\u01b0\u1edbng d\u1eabn li\u00ean quan:<\/p>\n<hr \/>\n<h3><span class=\"ez-toc-section\" id=\"Thong_so_ky_thuat\"><\/span><strong>Th\u00f4ng s\u1ed1 k\u1ef9 thu\u1eadt<\/strong><span class=\"ez-toc-section-end\"><\/span><\/h3>\n<ul>\n<li>\n<p class=\"ds-markdown-paragraph\"><strong>M\u00e3 s\u1ea3n ph\u1ea9m:<\/strong>\u00a00722500122<\/p>\n<\/li>\n<li>\n<p class=\"ds-markdown-paragraph\"><strong>K\u00edch th\u01b0\u1edbc:<\/strong><\/p>\n<ul>\n<li>\n<p class=\"ds-markdown-paragraph\">Chi\u1ec1u d\u00e0i: 249.5 mm<\/p>\n<\/li>\n<li>\n<p class=\"ds-markdown-paragraph\">Chi\u1ec1u r\u1ed9ng\/cao: 40 mm<\/p>\n<\/li>\n<li>\n<p class=\"ds-markdown-paragraph\">\u0110\u1ed9 d\u00e0y: 3.8 mm<\/p>\n<\/li>\n<\/ul>\n<\/li>\n<li>\n<p class=\"ds-markdown-paragraph\"><strong>V\u1eadt li\u1ec7u:<\/strong>\u00a0<strong>EK60<\/strong>\u00a0(Carbon cao c\u1ea5p, ch\u1ed1ng m\u00e0i m\u00f2n t\u1ed1t)<\/p>\n<\/li>\n<li>\n<p class=\"ds-markdown-paragraph\"><strong>S\u1ed1 l\u01b0\u1ee3ng:<\/strong>\u00a01 b\u1ed9 g\u1ed3m\u00a0<strong>4 c\u00e1nh than<\/strong><\/p>\n<\/li>\n<li>\n<p class=\"ds-markdown-paragraph\"><strong>\u1ee8ng d\u1ee5ng:<\/strong>\u00a0B\u01a1m ch\u00e2n kh\u00f4ng kh\u00f4 Busch SECO SV 1100 C, SD 1100 C, DC 0100 C.<\/p>\n<\/li>\n<\/ul>\n<hr \/>\n<h3><span class=\"ez-toc-section\" id=\"Uu_diem_cua_bom_chan_khong_kho_Busch_SECO\"><\/span><strong>\u01afu \u0111i\u1ec3m c\u1ee7a b\u01a1m ch\u00e2n kh\u00f4ng kh\u00f4 Busch SECO<\/strong><span class=\"ez-toc-section-end\"><\/span><\/h3>\n<ul>\n<li>\n<p class=\"ds-markdown-paragraph\">\u2705\u00a0<strong>Kh\u00f4ng d\u1ea7u b\u00f4i tr\u01a1n<\/strong>: An to\u00e0n cho \u1ee9ng d\u1ee5ng y\u00eau c\u1ea7u ch\u00e2n kh\u00f4ng s\u1ea1ch (th\u1ef1c ph\u1ea9m, d\u01b0\u1ee3c ph\u1ea9m, \u0111i\u1ec7n t\u1eed).<\/p>\n<\/li>\n<li>\n<p class=\"ds-markdown-paragraph\">\u2705\u00a0<strong>Hi\u1ec7u su\u1ea5t cao<\/strong>, \u0111\u1ed9 b\u1ec1n v\u01b0\u1ee3t tr\u1ed9i.<\/p>\n<\/li>\n<li>\n<p class=\"ds-markdown-paragraph\">\u2705\u00a0<strong>B\u1ea3o tr\u00ec \u00edt<\/strong>\u00a0h\u01a1n so v\u1edbi b\u01a1m ch\u00e2n kh\u00f4ng d\u1ea7u.<\/p>\n<\/li>\n<li>\n<p class=\"ds-markdown-paragraph\">\u274c\u00a0<strong>Nh\u01b0\u1ee3c \u0111i\u1ec3m:<\/strong>\u00a0Gi\u00e1 th\u00e0nh cao, c\u1ea7n thay c\u00e1nh than \u0111\u1ecbnh k\u1ef3.<\/p>\n<\/li>\n<\/ul>\n<hr \/>\n<h3><span class=\"ez-toc-section\" id=\"Huong_dan_bao_tri_thay_the_canh_than\"><\/span><strong>H\u01b0\u1edbng d\u1eabn b\u1ea3o tr\u00ec &amp; thay th\u1ebf c\u00e1nh than<\/strong><span class=\"ez-toc-section-end\"><\/span><\/h3>\n<ol start=\"1\">\n<li>\n<p class=\"ds-markdown-paragraph\"><strong>D\u1ea5u hi\u1ec7u c\u1ea7n thay th\u1ebf:<\/strong><\/p>\n<ul>\n<li>\n<p class=\"ds-markdown-paragraph\">B\u01a1m gi\u1ea3m \u00e1p su\u1ea5t ch\u00e2n kh\u00f4ng.<\/p>\n<\/li>\n<li>\n<p class=\"ds-markdown-paragraph\">Xu\u1ea5t hi\u1ec7n ti\u1ebfng \u1ed3n l\u1ea1 do c\u00e1nh than m\u00f2n.<\/p>\n<\/li>\n<\/ul>\n<\/li>\n<li>\n<p class=\"ds-markdown-paragraph\"><strong>L\u01b0u \u00fd khi thay th\u1ebf:<\/strong><\/p>\n<ul>\n<li>\n<p class=\"ds-markdown-paragraph\">Ch\u1ec9 d\u00f9ng c\u00e1nh than\u00a0<strong>ch\u00ednh h\u00e3ng Busch (EK60)<\/strong>\u00a0\u0111\u1ec3 tr\u00e1nh h\u1ecfng h\u00f3c.<\/p>\n<\/li>\n<li>\n<p class=\"ds-markdown-paragraph\">V\u1ec7 sinh bu\u1ed3ng b\u01a1m s\u1ea1ch s\u1ebd tr\u01b0\u1edbc khi l\u1eafp m\u1edbi.<\/p>\n<\/li>\n<li>\n<p class=\"ds-markdown-paragraph\">Ki\u1ec3m tra rotor, gio\u0103ng ph\u1edbt \u0111\u1ed3ng th\u1eddi.<\/p>\n<\/li>\n<\/ul>\n<\/li>\n<\/ol>\n<hr \/>\n<h3><span class=\"ez-toc-section\" id=\"Dat_hang_Ho_tro_ky_thuat\"><\/span><strong>\u0110\u1eb7t h\u00e0ng &amp; H\u1ed7 tr\u1ee3 k\u1ef9 thu\u1eadt<\/strong><span class=\"ez-toc-section-end\"><\/span><\/h3>\n<p class=\"ds-markdown-paragraph\">\ud83d\udcde\u00a0<strong>Hotline:<\/strong>\u00a00985 459 559<br \/>\n\u2709\u00a0<strong>Email:<\/strong>\u00a0<a href=\"https:\/\/mailto:Sales@minhphuco.vn\/\" target=\"_blank\" rel=\"noopener noreferrer\">Sales@minhphuco.vn<\/a><br \/>\n\ud83d\udcbb\u00a0<strong>Website:<\/strong>\u00a0<a href=\"https:\/\/minhphuco.vn\/\" target=\"_blank\" rel=\"noopener noreferrer\">minhphuco.vn<\/a><br \/>\n\ud83d\udccd\u00a0<strong>Zalo:<\/strong>\u00a00985 490 343 \/ 0985 843 778<\/p>\n<p class=\"ds-markdown-paragraph\">\ud83d\udc49\u00a0<strong>Cam k\u1ebft:<\/strong>\u00a0H\u00e0ng ch\u00ednh h\u00e3ng, giao h\u00e0ng to\u00e0n qu\u1ed1c, h\u1ed7 tr\u1ee3 k\u1ef9 thu\u1eadt 24\/7.<\/p>\n<hr \/>\n<p class=\"ds-markdown-paragraph\">N\u1ebfu b\u1ea1n c\u1ea7n b\u00e1o gi\u00e1 ho\u1eb7c t\u01b0 v\u1ea5n th\u00eam, h\u00e3y li\u00ean h\u1ec7 ngay v\u1edbi\u00a0<strong>Minh Ph\u00fa<\/strong>\u00a0\u0111\u1ec3 \u0111\u01b0\u1ee3c ph\u1ee5c v\u1ee5 nhanh nh\u1ea5t!<\/p>\n","protected":false},"excerpt":{"rendered":"<p>M\u1ed9t b\u1ed9 g\u1ed3m 4 c\u00e1nh than v\u1edbi k\u00edch th\u01b0\u1edbc: <strong>249.5 mm (chi\u1ec1u d\u00e0i) \u00d7 40 mm (chi\u1ec1u r\u1ed9ng\/cao) \u00d7 3.8 mm (\u0111\u1ed9 d\u00e0y)<\/strong><br \/>\nD\u00f9ng cho c\u00e1c m\u00e1y b\u01a1m : Busch <strong>SECO SV 1100 C SECO SD 1100 C SECO DC 0100 C<\/strong><br \/>\nV\u1eadt li\u1ec7u theo c\u00f4ng b\u1ed1 c\u1ee7a Busch l\u00e0 EK60<\/p>\n","protected":false},"featured_media":7805,"comment_status":"open","ping_status":"closed","template":"","meta":{"_acf_changed":false},"product_brand":[],"product_cat":[708,69],"product_tag":[2062],"class_list":{"0":"post-8064","1":"product","2":"type-product","3":"status-publish","4":"has-post-thumbnail","6":"product_cat-busch-vanes","7":"product_cat-canh-vane","8":"product_tag-2062","10":"first","11":"instock","12":"shipping-taxable","13":"product-type-simple"},"acf":[],"_links":{"self":[{"href":"https:\/\/mpvane.com\/en\/wp-json\/wp\/v2\/product\/8064","targetHints":{"allow":["GET"]}}],"collection":[{"href":"https:\/\/mpvane.com\/en\/wp-json\/wp\/v2\/product"}],"about":[{"href":"https:\/\/mpvane.com\/en\/wp-json\/wp\/v2\/types\/product"}],"replies":[{"embeddable":true,"href":"https:\/\/mpvane.com\/en\/wp-json\/wp\/v2\/comments?post=8064"}],"version-history":[{"count":1,"href":"https:\/\/mpvane.com\/en\/wp-json\/wp\/v2\/product\/8064\/revisions"}],"predecessor-version":[{"id":8065,"href":"https:\/\/mpvane.com\/en\/wp-json\/wp\/v2\/product\/8064\/revisions\/8065"}],"wp:featuredmedia":[{"embeddable":true,"href":"https:\/\/mpvane.com\/en\/wp-json\/wp\/v2\/media\/7805"}],"wp:attachment":[{"href":"https:\/\/mpvane.com\/en\/wp-json\/wp\/v2\/media?parent=8064"}],"wp:term":[{"taxonomy":"product_brand","embeddable":true,"href":"https:\/\/mpvane.com\/en\/wp-json\/wp\/v2\/product_brand?post=8064"},{"taxonomy":"product_cat","embeddable":true,"href":"https:\/\/mpvane.com\/en\/wp-json\/wp\/v2\/product_cat?post=8064"},{"taxonomy":"product_tag","embeddable":true,"href":"https:\/\/mpvane.com\/en\/wp-json\/wp\/v2\/product_tag?post=8064"}],"curies":[{"name":"wp","href":"https:\/\/api.w.org\/{rel}","templated":true}]}}