{"id":8058,"date":"2025-05-28T22:33:26","date_gmt":"2025-05-28T15:33:26","guid":{"rendered":"https:\/\/mpvane.com\/?post_type=product&#038;p=8058"},"modified":"2025-05-28T22:34:55","modified_gmt":"2025-05-28T15:34:55","slug":"bo-1-canh-gat-0722530787-huckepack-ho-0441-f","status":"publish","type":"product","link":"https:\/\/mpvane.com\/en\/san-pham\/bo-1-canh-gat-0722530787-huckepack-ho-0441-f\/","title":{"rendered":"B\u1ed9 1 c\u00e1nh g\u1ea1t 0722530787 HUCKEPACK HO 0441 F"},"content":{"rendered":"<div id=\"ez-toc-container\" class=\"ez-toc-v2_0_75 counter-hierarchy ez-toc-counter ez-toc-grey ez-toc-container-direction\">\n<div class=\"ez-toc-title-container\">\n<p class=\"ez-toc-title\" style=\"cursor:inherit\">Table of Contents<\/p>\n<span class=\"ez-toc-title-toggle\"><a href=\"#\" class=\"ez-toc-pull-right ez-toc-btn ez-toc-btn-xs ez-toc-btn-default ez-toc-toggle\" aria-label=\"Toggle Table of Content\"><span class=\"ez-toc-js-icon-con\"><span class=\"\"><span class=\"eztoc-hide\" style=\"display:none;\">Toggle<\/span><span class=\"ez-toc-icon-toggle-span\"><svg style=\"fill: #999;color:#999\" xmlns=\"http:\/\/www.w3.org\/2000\/svg\" class=\"list-377408\" width=\"20px\" height=\"20px\" viewBox=\"0 0 24 24\" fill=\"none\"><path d=\"M6 6H4v2h2V6zm14 0H8v2h12V6zM4 11h2v2H4v-2zm16 0H8v2h12v-2zM4 16h2v2H4v-2zm16 0H8v2h12v-2z\" fill=\"currentColor\"><\/path><\/svg><svg style=\"fill: #999;color:#999\" class=\"arrow-unsorted-368013\" xmlns=\"http:\/\/www.w3.org\/2000\/svg\" width=\"10px\" height=\"10px\" viewBox=\"0 0 24 24\" version=\"1.2\" baseProfile=\"tiny\"><path d=\"M18.2 9.3l-6.2-6.3-6.2 6.3c-.2.2-.3.4-.3.7s.1.5.3.7c.2.2.4.3.7.3h11c.3 0 .5-.1.7-.3.2-.2.3-.5.3-.7s-.1-.5-.3-.7zM5.8 14.7l6.2 6.3 6.2-6.3c.2-.2.3-.5.3-.7s-.1-.5-.3-.7c-.2-.2-.4-.3-.7-.3h-11c-.3 0-.5.1-.7.3-.2.2-.3.5-.3.7s.1.5.3.7z\"\/><\/svg><\/span><\/span><\/span><\/a><\/span><\/div>\n<nav><ul class='ez-toc-list ez-toc-list-level-1 ' ><li class='ez-toc-page-1 ez-toc-heading-level-2'><a class=\"ez-toc-link ez-toc-heading-1\" href=\"https:\/\/mpvane.com\/en\/san-pham\/bo-1-canh-gat-0722530787-huckepack-ho-0441-f\/#%F0%9F%A7%B0_BO_CANH_GAT_BUSCH_ORIGINAL_%E2%80%93_MA_0722530787\" >\ud83e\uddf0 B\u1ed8 C\u00c1NH G\u1ea0T BUSCH ORIGINAL \u2013 M\u00c3 0722530787<\/a><ul class='ez-toc-list-level-3' ><li class='ez-toc-heading-level-3'><a class=\"ez-toc-link ez-toc-heading-2\" href=\"https:\/\/mpvane.com\/en\/san-pham\/bo-1-canh-gat-0722530787-huckepack-ho-0441-f\/#%F0%9F%93%A6_Thong_tin_san_pham\" >\ud83d\udce6 Th\u00f4ng tin s\u1ea3n ph\u1ea9m:<\/a><\/li><li class='ez-toc-page-1 ez-toc-heading-level-3'><a class=\"ez-toc-link ez-toc-heading-3\" href=\"https:\/\/mpvane.com\/en\/san-pham\/bo-1-canh-gat-0722530787-huckepack-ho-0441-f\/#%E2%9A%99%EF%B8%8F_GIOI_THIEU_DONG_BOM_HUCKEPACK_HO_0441_F\" >\u2699\ufe0f GI\u1edaI THI\u1ec6U D\u00d2NG B\u01a0M HUCKEPACK HO 0441 F<\/a><\/li><li class='ez-toc-page-1 ez-toc-heading-level-3'><a class=\"ez-toc-link ez-toc-heading-4\" href=\"https:\/\/mpvane.com\/en\/san-pham\/bo-1-canh-gat-0722530787-huckepack-ho-0441-f\/#%E2%9C%85_UU_DIEM_DONG_BOM_HUCKEPACK\" >\u2705 \u01afU \u0110I\u1ec2M D\u00d2NG B\u01a0M HUCKEPACK<\/a><\/li><li class='ez-toc-page-1 ez-toc-heading-level-3'><a class=\"ez-toc-link ez-toc-heading-5\" href=\"https:\/\/mpvane.com\/en\/san-pham\/bo-1-canh-gat-0722530787-huckepack-ho-0441-f\/#%E2%9A%A0%EF%B8%8F_NHUOC_DIEM\" >\u26a0\ufe0f NH\u01af\u1ee2C \u0110I\u1ec2M<\/a><\/li><li class='ez-toc-page-1 ez-toc-heading-level-3'><a class=\"ez-toc-link ez-toc-heading-6\" href=\"https:\/\/mpvane.com\/en\/san-pham\/bo-1-canh-gat-0722530787-huckepack-ho-0441-f\/#%F0%9F%94%A7_THAY_THE_CANH_GAT_%E2%80%93_PHU_TUNG_QUAN_TRONG\" >\ud83d\udd27 THAY TH\u1ebe C\u00c1NH G\u1ea0T \u2013 PH\u1ee4 T\u00d9NG QUAN TR\u1eccNG<\/a><\/li><li class='ez-toc-page-1 ez-toc-heading-level-3'><a class=\"ez-toc-link ez-toc-heading-7\" href=\"https:\/\/mpvane.com\/en\/san-pham\/bo-1-canh-gat-0722530787-huckepack-ho-0441-f\/#%F0%9F%93%9E_LIEN_HE_DAI_LY_CUNG_CAP_PHU_TUNG_BAO_TRI_CHINH_HANG_BUSCH\" >\ud83d\udcde LI\u00caN H\u1ec6 \u0110\u1ea0I L\u00dd CUNG C\u1ea4P PH\u1ee4 T\u00d9NG &amp; B\u1ea2O TR\u00cc CH\u00cdNH H\u00c3NG BUSCH<\/a><\/li><\/ul><\/li><\/ul><\/nav><\/div>\n<div class=\"dad65929\">\n<div class=\"_4f9bf79 d7dc56a8 _43c05b5\">\n<div class=\"ds-markdown ds-markdown--block\">\n<div class=\"dad65929\">\n<div class=\"_4f9bf79 d7dc56a8 _43c05b5\">\n<div class=\"ds-markdown ds-markdown--block\">\n<h2 data-start=\"220\" data-end=\"272\"><span class=\"ez-toc-section\" id=\"%F0%9F%A7%B0_BO_CANH_GAT_BUSCH_ORIGINAL_%E2%80%93_MA_0722530787\"><\/span>\ud83e\uddf0 <strong data-start=\"226\" data-end=\"272\">B\u1ed8 C\u00c1NH G\u1ea0T BUSCH ORIGINAL \u2013 M\u00c3 0722530787<\/strong><span class=\"ez-toc-section-end\"><\/span><\/h2>\n<h3 data-start=\"274\" data-end=\"304\"><span class=\"ez-toc-section\" id=\"%F0%9F%93%A6_Thong_tin_san_pham\"><\/span>\ud83d\udce6 <strong data-start=\"281\" data-end=\"304\">Th\u00f4ng tin s\u1ea3n ph\u1ea9m:<\/strong><span class=\"ez-toc-section-end\"><\/span><\/h3>\n<ul data-start=\"305\" data-end=\"799\">\n<li data-start=\"305\" data-end=\"336\">\n<p data-start=\"307\" data-end=\"336\"><strong data-start=\"307\" data-end=\"322\">M\u00e3 ph\u1ee5 t\u00f9ng<\/strong>: 0722530787<\/p>\n<\/li>\n<li data-start=\"337\" data-end=\"382\">\n<p data-start=\"339\" data-end=\"382\"><strong data-start=\"339\" data-end=\"356\">Lo\u1ea1i ph\u1ee5 t\u00f9ng<\/strong>: B\u1ed9 c\u00e1nh g\u1ea1t (Vane Set)<\/p>\n<\/li>\n<li data-start=\"383\" data-end=\"419\">\n<p data-start=\"385\" data-end=\"419\"><strong data-start=\"385\" data-end=\"397\">S\u1ed1 l\u01b0\u1ee3ng<\/strong>: <strong data-start=\"399\" data-end=\"419\">1 c\u00e1nh g\u1ea1t \/ b\u1ed9<\/strong><\/p>\n<\/li>\n<li data-start=\"420\" data-end=\"483\">\n<p data-start=\"422\" data-end=\"483\"><strong data-start=\"422\" data-end=\"437\">S\u1eed d\u1ee5ng cho<\/strong>: B\u01a1m ch\u00e2n kh\u00f4ng <strong data-start=\"454\" data-end=\"483\">Busch HUCKEPACK HO 0441 F<\/strong><\/p>\n<\/li>\n<li data-start=\"484\" data-end=\"624\">\n<p data-start=\"486\" data-end=\"624\"><strong data-start=\"486\" data-end=\"501\">T\u01b0\u01a1ng th\u00edch<\/strong>: C\u00f3 th\u1ec3 s\u1eed d\u1ee5ng cho model <strong data-start=\"528\" data-end=\"541\">HO 0441 F<\/strong> <em data-start=\"542\" data-end=\"624\">(vui l\u00f2ng x\u00e1c minh s\u1ef1 t\u01b0\u01a1ng th\u00edch ch\u00ednh th\u1ee9c t\u1eeb h\u00e3ng Busch n\u1ebfu s\u1eed d\u1ee5ng thay th\u1ebf)<\/em><\/p>\n<\/li>\n<li data-start=\"625\" data-end=\"677\">\n<p data-start=\"627\" data-end=\"677\"><strong data-start=\"627\" data-end=\"639\">V\u1eadt li\u1ec7u<\/strong>: PHISA T.\u00a0<em data-start=\"651\" data-end=\"677\">(theo c\u00f4ng b\u1ed1 c\u1ee7a Busch)<\/em><\/p>\n<\/li>\n<li data-start=\"678\" data-end=\"799\">\n<p data-start=\"680\" data-end=\"799\"><strong data-start=\"680\" data-end=\"694\">K\u00edch th\u01b0\u1edbc<\/strong>: <em data-start=\"696\" data-end=\"799\">Ch\u01b0a c\u00f4ng b\u1ed1 (00 mm x 00 mm x 00 mm) \u2013 c\u1ea7n tra c\u1ee9u t\u1eeb t\u00e0i li\u1ec7u k\u1ef9 thu\u1eadt ho\u1eb7c x\u00e1c nh\u1eadn t\u1eeb nh\u00e0 s\u1ea3n xu\u1ea5t<\/em><\/p>\n<\/li>\n<\/ul>\n<hr data-start=\"801\" data-end=\"804\" \/>\n<h3 data-start=\"806\" data-end=\"856\"><span class=\"ez-toc-section\" id=\"%E2%9A%99%EF%B8%8F_GIOI_THIEU_DONG_BOM_HUCKEPACK_HO_0441_F\"><\/span>\u2699\ufe0f <strong data-start=\"813\" data-end=\"856\">GI\u1edaI THI\u1ec6U D\u00d2NG B\u01a0M HUCKEPACK HO 0441 F<\/strong><span class=\"ez-toc-section-end\"><\/span><\/h3>\n<ul data-start=\"858\" data-end=\"1200\">\n<li data-start=\"858\" data-end=\"947\">\n<p data-start=\"860\" data-end=\"947\"><strong data-start=\"860\" data-end=\"872\">Lo\u1ea1i b\u01a1m<\/strong>: B\u01a1m ch\u00e2n kh\u00f4ng <strong data-start=\"889\" data-end=\"945\">v\u00f2ng d\u1ea7u hai c\u1ea5p (two-stage rotary vane vacuum pump)<\/strong><\/p>\n<\/li>\n<li data-start=\"948\" data-end=\"1005\">\n<p data-start=\"950\" data-end=\"1005\"><strong data-start=\"950\" data-end=\"967\">H\u00e3ng s\u1ea3n xu\u1ea5t<\/strong>: <strong data-start=\"969\" data-end=\"1005\">Busch Vacuum Solutions (Germany)<\/strong><\/p>\n<\/li>\n<li data-start=\"1006\" data-end=\"1200\">\n<p data-start=\"1008\" data-end=\"1021\"><strong data-start=\"1008\" data-end=\"1020\">\u1ee8ng d\u1ee5ng<\/strong>:<\/p>\n<ul data-start=\"1024\" data-end=\"1200\">\n<li data-start=\"1024\" data-end=\"1067\">\n<p data-start=\"1026\" data-end=\"1067\">\u0110\u00f3ng g\u00f3i ch\u00e2n kh\u00f4ng trong ng\u00e0nh th\u1ef1c ph\u1ea9m<\/p>\n<\/li>\n<li data-start=\"1070\" data-end=\"1117\">\n<p data-start=\"1072\" data-end=\"1117\">Ng\u00e0nh h\u00f3a ch\u1ea5t, d\u01b0\u1ee3c ph\u1ea9m, x\u1eed l\u00fd h\u01a1i dung m\u00f4i<\/p>\n<\/li>\n<li data-start=\"1120\" data-end=\"1200\">\n<p data-start=\"1122\" data-end=\"1200\">C\u00e1c \u1ee9ng d\u1ee5ng li\u00ean t\u1ee5c 24\/7, m\u00f4i tr\u01b0\u1eddng kh\u1eafc nghi\u1ec7t ch\u1ee9a h\u01a1i n\u01b0\u1edbc, d\u1ea7u, h\u1ea1t m\u1ecbn<\/p>\n<\/li>\n<\/ul>\n<\/li>\n<\/ul>\n<hr data-start=\"1202\" data-end=\"1205\" \/>\n<h3 data-start=\"1207\" data-end=\"1243\"><span class=\"ez-toc-section\" id=\"%E2%9C%85_UU_DIEM_DONG_BOM_HUCKEPACK\"><\/span>\u2705 <strong data-start=\"1213\" data-end=\"1243\">\u01afU \u0110I\u1ec2M D\u00d2NG B\u01a0M HUCKEPACK<\/strong><span class=\"ez-toc-section-end\"><\/span><\/h3>\n<div class=\"_tableContainer_16hzy_1\">\n<div class=\"_tableWrapper_16hzy_14 group flex w-fit flex-col-reverse\" tabindex=\"-1\">\n<table class=\"w-fit min-w-(--thread-content-width)\" data-start=\"1245\" data-end=\"1593\">\n<thead data-start=\"1245\" data-end=\"1264\">\n<tr data-start=\"1245\" data-end=\"1264\">\n<th data-start=\"1245\" data-end=\"1255\" data-col-size=\"sm\">\u01afu \u0111i\u1ec3m<\/th>\n<th data-start=\"1255\" data-end=\"1264\" data-col-size=\"md\">M\u00f4 t\u1ea3<\/th>\n<\/tr>\n<\/thead>\n<tbody data-start=\"1284\" data-end=\"1593\">\n<tr data-start=\"1284\" data-end=\"1367\">\n<td data-start=\"1284\" data-end=\"1308\" data-col-size=\"sm\">\ud83d\udd04 Ho\u1ea1t \u0111\u1ed9ng li\u00ean t\u1ee5c<\/td>\n<td data-start=\"1308\" data-end=\"1367\" data-col-size=\"md\">Thi\u1ebft k\u1ebf cho d\u00e2y chuy\u1ec1n s\u1ea3n xu\u1ea5t c\u00f4ng nghi\u1ec7p kh\u00f4ng ng\u1eaft<\/td>\n<\/tr>\n<tr data-start=\"1368\" data-end=\"1445\">\n<td data-start=\"1368\" data-end=\"1393\" data-col-size=\"sm\">\ud83d\udca7 Ch\u1ecbu \u1ea9m v\u00e0 t\u1ea1p ch\u1ea5t<\/td>\n<td data-start=\"1393\" data-end=\"1445\" data-col-size=\"md\">B\u01a1m v\u1eabn \u1ed5n \u0111\u1ecbnh khi h\u00fat kh\u00ed \u1ea9m, h\u01a1i h\u00f3a ch\u1ea5t nh\u1eb9<\/td>\n<\/tr>\n<tr data-start=\"1446\" data-end=\"1528\">\n<td data-start=\"1446\" data-end=\"1474\" data-col-size=\"sm\">\u267b\ufe0f Tu\u1ea7n ho\u00e0n d\u1ea7u hi\u1ec7u qu\u1ea3<\/td>\n<td data-start=\"1474\" data-end=\"1528\" data-col-size=\"md\">T\u0103ng hi\u1ec7u su\u1ea5t l\u00e0m m\u00e1t, b\u00f4i tr\u01a1n, k\u00e9o d\u00e0i tu\u1ed5i th\u1ecd<\/td>\n<\/tr>\n<tr data-start=\"1529\" data-end=\"1593\">\n<td data-start=\"1529\" data-end=\"1545\" data-col-size=\"sm\">\ud83d\udd27 D\u1ec5 b\u1ea3o tr\u00ec<\/td>\n<td data-start=\"1545\" data-end=\"1593\" data-col-size=\"md\">D\u1ec5 d\u00e0ng thay c\u00e1nh g\u1ea1t, v\u00f2ng l\u00e0m k\u00edn, b\u1ed9 l\u1ecdc\u2026<\/td>\n<\/tr>\n<\/tbody>\n<\/table>\n<div class=\"sticky end-(--thread-content-margin) h-0 self-end select-none\">\n<div class=\"absolute end-0 flex items-end\"><\/div>\n<\/div>\n<\/div>\n<\/div>\n<hr data-start=\"1595\" data-end=\"1598\" \/>\n<h3 data-start=\"1600\" data-end=\"1621\"><span class=\"ez-toc-section\" id=\"%E2%9A%A0%EF%B8%8F_NHUOC_DIEM\"><\/span>\u26a0\ufe0f <strong data-start=\"1607\" data-end=\"1621\">NH\u01af\u1ee2C \u0110I\u1ec2M<\/strong><span class=\"ez-toc-section-end\"><\/span><\/h3>\n<div class=\"_tableContainer_16hzy_1\">\n<div class=\"_tableWrapper_16hzy_14 group flex w-fit flex-col-reverse\" tabindex=\"-1\">\n<table class=\"w-fit min-w-(--thread-content-width)\" data-start=\"1623\" data-end=\"1885\">\n<thead data-start=\"1623\" data-end=\"1648\">\n<tr data-start=\"1623\" data-end=\"1648\">\n<th data-start=\"1623\" data-end=\"1636\" data-col-size=\"sm\">Nh\u01b0\u1ee3c \u0111i\u1ec3m<\/th>\n<th data-start=\"1636\" data-end=\"1648\" data-col-size=\"md\">Chi ti\u1ebft<\/th>\n<\/tr>\n<\/thead>\n<tbody data-start=\"1675\" data-end=\"1885\">\n<tr data-start=\"1675\" data-end=\"1736\">\n<td data-start=\"1675\" data-end=\"1692\" data-col-size=\"sm\">K\u00edch th\u01b0\u1edbc l\u1edbn<\/td>\n<td data-start=\"1692\" data-end=\"1736\" data-col-size=\"md\">C\u1ea7n kh\u00f4ng gian l\u1eafp \u0111\u1eb7t v\u00e0 x\u1eed l\u00fd k\u1ef9 thu\u1eadt<\/td>\n<\/tr>\n<tr data-start=\"1737\" data-end=\"1803\">\n<td data-start=\"1737\" data-end=\"1762\" data-col-size=\"sm\">Chi ph\u00ed \u0111\u1ea7u t\u01b0 ban \u0111\u1ea7u<\/td>\n<td data-start=\"1762\" data-end=\"1803\" data-col-size=\"md\">Cao h\u01a1n c\u00e1c d\u00f2ng b\u01a1m nh\u1ecf ho\u1eb7c \u0111\u01a1n c\u1ea5p<\/td>\n<\/tr>\n<tr data-start=\"1804\" data-end=\"1885\">\n<td data-start=\"1804\" data-end=\"1828\" data-col-size=\"sm\">Ph\u1ee5 thu\u1ed9c v\u00e0o b\u1ea3o tr\u00ec<\/td>\n<td data-start=\"1828\" data-end=\"1885\" data-col-size=\"md\">B\u01a1m v\u1eadn h\u00e0nh b\u1ec1n nh\u01b0ng c\u1ea7n b\u1ea3o tr\u00ec \u0111\u1ecbnh k\u1ef3 \u0111\u00fang chu\u1ea9n<\/td>\n<\/tr>\n<\/tbody>\n<\/table>\n<div class=\"sticky end-(--thread-content-margin) h-0 self-end select-none\">\n<div class=\"absolute end-0 flex items-end\"><\/div>\n<\/div>\n<\/div>\n<\/div>\n<hr data-start=\"1887\" data-end=\"1890\" \/>\n<h3 data-start=\"1892\" data-end=\"1942\"><span class=\"ez-toc-section\" id=\"%F0%9F%94%A7_THAY_THE_CANH_GAT_%E2%80%93_PHU_TUNG_QUAN_TRONG\"><\/span>\ud83d\udd27 <strong data-start=\"1899\" data-end=\"1942\">THAY TH\u1ebe C\u00c1NH G\u1ea0T \u2013 PH\u1ee4 T\u00d9NG QUAN TR\u1eccNG<\/strong><span class=\"ez-toc-section-end\"><\/span><\/h3>\n<ul data-start=\"1944\" data-end=\"2248\">\n<li data-start=\"1944\" data-end=\"2023\">\n<p data-start=\"1946\" data-end=\"2023\"><strong data-start=\"1946\" data-end=\"1958\">C\u00e1nh g\u1ea1t<\/strong> l\u00e0 b\u1ed9 ph\u1eadn ti\u00eau hao quan tr\u1ecdng nh\u1ea5t trong b\u01a1m c\u00e1nh g\u1ea1t v\u00f2ng d\u1ea7u.<\/p>\n<\/li>\n<li data-start=\"2024\" data-end=\"2118\">\n<p data-start=\"2026\" data-end=\"2118\"><strong data-start=\"2026\" data-end=\"2045\">Chu k\u1ef3 thay th\u1ebf<\/strong>: khuy\u1ebfn ngh\u1ecb <strong data-start=\"2059\" data-end=\"2090\">3.000 \u2013 5.000 gi\u1edd ho\u1ea1t \u0111\u1ed9ng<\/strong>, t\u00f9y v\u00e0o \u0111i\u1ec1u ki\u1ec7n s\u1eed d\u1ee5ng.<\/p>\n<\/li>\n<li data-start=\"2119\" data-end=\"2248\">\n<p data-start=\"2121\" data-end=\"2149\"><strong data-start=\"2121\" data-end=\"2148\">Bi\u1ec3u hi\u1ec7n c\u1ea7n thay c\u00e1nh<\/strong>:<\/p>\n<ul data-start=\"2152\" data-end=\"2248\">\n<li data-start=\"2152\" data-end=\"2166\">\n<p data-start=\"2154\" data-end=\"2166\">Gi\u1ea3m l\u1ef1c h\u00fat<\/p>\n<\/li>\n<li data-start=\"2169\" data-end=\"2184\">\n<p data-start=\"2171\" data-end=\"2184\">T\u0103ng nhi\u1ec7t \u0111\u1ed9<\/p>\n<\/li>\n<li data-start=\"2187\" data-end=\"2208\">\n<p data-start=\"2189\" data-end=\"2208\">Ti\u1ebfng \u1ed3n b\u1ea5t th\u01b0\u1eddng<\/p>\n<\/li>\n<li data-start=\"2211\" data-end=\"2248\">\n<p data-start=\"2213\" data-end=\"2248\">T\u0103ng ti\u00eau hao d\u1ea7u ho\u1eb7c rung l\u1eafc b\u01a1m<\/p>\n<\/li>\n<\/ul>\n<\/li>\n<\/ul>\n<hr data-start=\"2250\" data-end=\"2253\" \/>\n<h3 data-start=\"2255\" data-end=\"2325\"><span class=\"ez-toc-section\" id=\"%F0%9F%93%9E_LIEN_HE_DAI_LY_CUNG_CAP_PHU_TUNG_BAO_TRI_CHINH_HANG_BUSCH\"><\/span>\ud83d\udcde <strong data-start=\"2262\" data-end=\"2325\">LI\u00caN H\u1ec6 \u0110\u1ea0I L\u00dd CUNG C\u1ea4P PH\u1ee4 T\u00d9NG &amp; B\u1ea2O TR\u00cc CH\u00cdNH H\u00c3NG BUSCH<\/strong><span class=\"ez-toc-section-end\"><\/span><\/h3>\n<p data-start=\"2327\" data-end=\"2463\"><strong data-start=\"2327\" data-end=\"2372\">C\u00d4NG TY TNHH K\u1ef8 THU\u1eacT V\u00c0 D\u1ecaCH V\u1ee4 MINH PH\u00da<\/strong><br data-start=\"2372\" data-end=\"2375\" \/>\ud83d\udccd Nh\u00e0 cung c\u1ea5p ph\u1ee5 t\u00f9ng <strong data-start=\"2400\" data-end=\"2418\">Busch Original<\/strong>, d\u1ecbch v\u1ee5 b\u1ea3o tr\u00ec v\u00e0 s\u1eeda ch\u1eefa chuy\u00ean nghi\u1ec7p<\/p>\n<p data-start=\"2465\" data-end=\"2587\">\ud83d\udcde Hotline: <strong data-start=\"2477\" data-end=\"2493\">0985 459 559<\/strong><br data-start=\"2493\" data-end=\"2496\" \/>\ud83d\udce7 Email: <strong data-start=\"2506\" data-end=\"2528\"><a class=\"cursor-pointer\" rel=\"noopener\" data-start=\"2508\" data-end=\"2526\">Sales@minhphuco.vn<\/a><\/strong><br data-start=\"2528\" data-end=\"2531\" \/>\ud83d\udcf1 Zalo t\u01b0 v\u1ea5n k\u1ef9 thu\u1eadt: <strong data-start=\"2556\" data-end=\"2587\">0985 490 343 \/ 0985 843 778<\/strong><\/p>\n<hr data-start=\"2589\" data-end=\"2592\" \/>\n<p data-start=\"2594\" data-end=\"2627\">N\u1ebfu b\u1ea1n c\u1ea7n m\u00ecnh h\u1ed7 tr\u1ee3 th\u00eam nh\u01b0:<\/p>\n<ul data-start=\"2628\" data-end=\"2740\">\n<li data-start=\"2628\" data-end=\"2665\">\n<p data-start=\"2630\" data-end=\"2665\"><strong data-start=\"2630\" data-end=\"2665\">T\u00e0i li\u1ec7u k\u1ef9 thu\u1eadt c\u1ee7a HO 0441 F<\/strong><\/p>\n<\/li>\n<li data-start=\"2666\" data-end=\"2698\">\n<p data-start=\"2668\" data-end=\"2698\"><strong data-start=\"2668\" data-end=\"2698\">B\u1ea3n v\u1ebd c\u00e1nh g\u1ea1t 0722530787<\/strong><\/p>\n<\/li>\n<li data-start=\"2699\" data-end=\"2740\">\n<p data-start=\"2701\" data-end=\"2740\"><strong data-start=\"2701\" data-end=\"2740\">B\u1ea3ng tra ph\u1ee5 t\u00f9ng theo m\u00e3 b\u01a1m Busch<\/strong><\/p>\n<\/li>\n<\/ul>\n<p data-start=\"2742\" data-end=\"2819\" data-is-last-node=\"\" data-is-only-node=\"\">H\u00e3y cho m\u00ecnh bi\u1ebft \u2013 m\u00ecnh c\u00f3 th\u1ec3 h\u1ed7 tr\u1ee3 tra c\u1ee9u ch\u00ednh x\u00e1c v\u00e0 g\u1eedi file cho b\u1ea1n.<\/p>\n<\/div>\n<\/div>\n<\/div>\n<\/div>\n<\/div>\n<\/div>\n","protected":false},"excerpt":{"rendered":"<p>M\u1ed9t b\u1ed9 g\u1ed3m 11 c\u00e1nh g\u1ea1t v\u1edbi k\u00edch th\u01b0\u1edbc: <strong>00<\/strong>\u00a0<strong>mm (chi\u1ec1u d\u00e0i) \u00d7 00 mm\u00a0 mm (chi\u1ec1u r\u1ed9ng\/cao) \u00d7 00 mm (\u0111\u1ed9 d\u00e0y)<\/strong><br \/>\nD\u00f9ng cho c\u00e1c m\u00e1y b\u01a1m :Busch HUCKEPACK HO 0441 F<\/p>\n<p>V\u1eadt li\u1ec7u theo c\u00f4ng b\u1ed1 c\u1ee7a Busch l\u00e0 PHISA T.<\/p>\n","protected":false},"featured_media":7805,"comment_status":"open","ping_status":"closed","template":"","meta":{"_acf_changed":false},"product_brand":[],"product_cat":[708,69],"product_tag":[2058,2057],"class_list":{"0":"post-8058","1":"product","2":"type-product","3":"status-publish","4":"has-post-thumbnail","6":"product_cat-busch-vanes","7":"product_cat-canh-vane","8":"product_tag-2058","9":"product_tag-huckepack-ho-0441-f","11":"first","12":"instock","13":"shipping-taxable","14":"product-type-simple"},"acf":[],"_links":{"self":[{"href":"https:\/\/mpvane.com\/en\/wp-json\/wp\/v2\/product\/8058","targetHints":{"allow":["GET"]}}],"collection":[{"href":"https:\/\/mpvane.com\/en\/wp-json\/wp\/v2\/product"}],"about":[{"href":"https:\/\/mpvane.com\/en\/wp-json\/wp\/v2\/types\/product"}],"replies":[{"embeddable":true,"href":"https:\/\/mpvane.com\/en\/wp-json\/wp\/v2\/comments?post=8058"}],"version-history":[{"count":1,"href":"https:\/\/mpvane.com\/en\/wp-json\/wp\/v2\/product\/8058\/revisions"}],"predecessor-version":[{"id":8059,"href":"https:\/\/mpvane.com\/en\/wp-json\/wp\/v2\/product\/8058\/revisions\/8059"}],"wp:featuredmedia":[{"embeddable":true,"href":"https:\/\/mpvane.com\/en\/wp-json\/wp\/v2\/media\/7805"}],"wp:attachment":[{"href":"https:\/\/mpvane.com\/en\/wp-json\/wp\/v2\/media?parent=8058"}],"wp:term":[{"taxonomy":"product_brand","embeddable":true,"href":"https:\/\/mpvane.com\/en\/wp-json\/wp\/v2\/product_brand?post=8058"},{"taxonomy":"product_cat","embeddable":true,"href":"https:\/\/mpvane.com\/en\/wp-json\/wp\/v2\/product_cat?post=8058"},{"taxonomy":"product_tag","embeddable":true,"href":"https:\/\/mpvane.com\/en\/wp-json\/wp\/v2\/product_tag?post=8058"}],"curies":[{"name":"wp","href":"https:\/\/api.w.org\/{rel}","templated":true}]}}