{"id":8045,"date":"2025-05-28T22:03:22","date_gmt":"2025-05-28T15:03:22","guid":{"rendered":"https:\/\/mpvane.com\/?post_type=product&#038;p=8045"},"modified":"2025-05-28T22:16:50","modified_gmt":"2025-05-28T15:16:50","slug":"bo-5-canh-gat-0722530782-huckepack-ho-0433-f","status":"publish","type":"product","link":"https:\/\/mpvane.com\/en\/san-pham\/bo-5-canh-gat-0722530782-huckepack-ho-0433-f\/","title":{"rendered":"B\u1ed9 5 c\u00e1nh g\u1ea1t 0722530782 HUCKEPACK HO 0433 F"},"content":{"rendered":"<div id=\"ez-toc-container\" class=\"ez-toc-v2_0_75 counter-hierarchy ez-toc-counter ez-toc-grey ez-toc-container-direction\">\n<div class=\"ez-toc-title-container\">\n<p class=\"ez-toc-title\" style=\"cursor:inherit\">Table of Contents<\/p>\n<span class=\"ez-toc-title-toggle\"><a href=\"#\" class=\"ez-toc-pull-right ez-toc-btn ez-toc-btn-xs ez-toc-btn-default ez-toc-toggle\" aria-label=\"Toggle Table of Content\"><span class=\"ez-toc-js-icon-con\"><span class=\"\"><span class=\"eztoc-hide\" style=\"display:none;\">Toggle<\/span><span class=\"ez-toc-icon-toggle-span\"><svg style=\"fill: #999;color:#999\" xmlns=\"http:\/\/www.w3.org\/2000\/svg\" class=\"list-377408\" width=\"20px\" height=\"20px\" viewBox=\"0 0 24 24\" fill=\"none\"><path d=\"M6 6H4v2h2V6zm14 0H8v2h12V6zM4 11h2v2H4v-2zm16 0H8v2h12v-2zM4 16h2v2H4v-2zm16 0H8v2h12v-2z\" fill=\"currentColor\"><\/path><\/svg><svg style=\"fill: #999;color:#999\" class=\"arrow-unsorted-368013\" xmlns=\"http:\/\/www.w3.org\/2000\/svg\" width=\"10px\" height=\"10px\" viewBox=\"0 0 24 24\" version=\"1.2\" baseProfile=\"tiny\"><path d=\"M18.2 9.3l-6.2-6.3-6.2 6.3c-.2.2-.3.4-.3.7s.1.5.3.7c.2.2.4.3.7.3h11c.3 0 .5-.1.7-.3.2-.2.3-.5.3-.7s-.1-.5-.3-.7zM5.8 14.7l6.2 6.3 6.2-6.3c.2-.2.3-.5.3-.7s-.1-.5-.3-.7c-.2-.2-.4-.3-.7-.3h-11c-.3 0-.5.1-.7.3-.2.2-.3.5-.3.7s.1.5.3.7z\"\/><\/svg><\/span><\/span><\/span><\/a><\/span><\/div>\n<nav><ul class='ez-toc-list ez-toc-list-level-1 ' ><li class='ez-toc-page-1 ez-toc-heading-level-2'><a class=\"ez-toc-link ez-toc-heading-1\" href=\"https:\/\/mpvane.com\/en\/san-pham\/bo-5-canh-gat-0722530782-huckepack-ho-0433-f\/#%F0%9F%A7%B0_BO_CANH_GAT_BUSCH_ORIGINAL_0722530782\" >\ud83e\uddf0 B\u1ed8 C\u00c1NH G\u1ea0T BUSCH ORIGINAL 0722530782<\/a><ul class='ez-toc-list-level-3' ><li class='ez-toc-heading-level-3'><a class=\"ez-toc-link ez-toc-heading-2\" href=\"https:\/\/mpvane.com\/en\/san-pham\/bo-5-canh-gat-0722530782-huckepack-ho-0433-f\/#%F0%9F%93%8C_Thong_tin_chung\" >\ud83d\udccc Th\u00f4ng tin chung:<\/a><\/li><\/ul><\/li><li class='ez-toc-page-1 ez-toc-heading-level-2'><a class=\"ez-toc-link ez-toc-heading-3\" href=\"https:\/\/mpvane.com\/en\/san-pham\/bo-5-canh-gat-0722530782-huckepack-ho-0433-f\/#%F0%9F%94%8D_GIOI_THIEU_DONG_BOM_BUSCH_HUCKEPACK_HO_0433_F\" >\ud83d\udd0d GI\u1edaI THI\u1ec6U D\u00d2NG B\u01a0M BUSCH HUCKEPACK HO 0433 F<\/a><\/li><li class='ez-toc-page-1 ez-toc-heading-level-2'><a class=\"ez-toc-link ez-toc-heading-4\" href=\"https:\/\/mpvane.com\/en\/san-pham\/bo-5-canh-gat-0722530782-huckepack-ho-0433-f\/#%E2%9C%85_UU_DIEM_CUA_DONG_HUCKEPACK\" >\u2705 \u01afU \u0110I\u1ec2M C\u1ee6A D\u00d2NG HUCKEPACK<\/a><\/li><li class='ez-toc-page-1 ez-toc-heading-level-2'><a class=\"ez-toc-link ez-toc-heading-5\" href=\"https:\/\/mpvane.com\/en\/san-pham\/bo-5-canh-gat-0722530782-huckepack-ho-0433-f\/#%E2%9A%A0%EF%B8%8F_NHUOC_DIEM\" >\u26a0\ufe0f NH\u01af\u1ee2C \u0110I\u1ec2M<\/a><\/li><li class='ez-toc-page-1 ez-toc-heading-level-2'><a class=\"ez-toc-link ez-toc-heading-6\" href=\"https:\/\/mpvane.com\/en\/san-pham\/bo-5-canh-gat-0722530782-huckepack-ho-0433-f\/#%F0%9F%94%A7_THAY_THE_BAO_TRI_CANH_GAT\" >\ud83d\udd27 THAY TH\u1ebe &amp; B\u1ea2O TR\u00cc C\u00c1NH G\u1ea0T<\/a><\/li><li class='ez-toc-page-1 ez-toc-heading-level-2'><a class=\"ez-toc-link ez-toc-heading-7\" href=\"https:\/\/mpvane.com\/en\/san-pham\/bo-5-canh-gat-0722530782-huckepack-ho-0433-f\/#%F0%9F%93%9E_LIEN_HE_DAI_LY_UY_QUYEN_%E2%80%93_HO_TRO_KY_THUAT_PHU_TUNG\" >\ud83d\udcde LI\u00caN H\u1ec6 \u0110\u1ea0I L\u00dd \u1ee6Y QUY\u1ec0N \u2013 H\u1ed6 TR\u1ee2 K\u1ef8 THU\u1eacT &amp; PH\u1ee4 T\u00d9NG<\/a><\/li><\/ul><\/nav><\/div>\n<div class=\"dad65929\">\n<div class=\"_4f9bf79 d7dc56a8 _43c05b5\">\n<div class=\"ds-markdown ds-markdown--block\">\n<div class=\"dad65929\">\n<div class=\"_4f9bf79 d7dc56a8 _43c05b5\">\n<div class=\"ds-markdown ds-markdown--block\">\n<h2 data-start=\"218\" data-end=\"265\"><span class=\"ez-toc-section\" id=\"%F0%9F%A7%B0_BO_CANH_GAT_BUSCH_ORIGINAL_0722530782\"><\/span>\ud83e\uddf0 <strong data-start=\"224\" data-end=\"265\">B\u1ed8 C\u00c1NH G\u1ea0T BUSCH ORIGINAL 0722530782<\/strong><span class=\"ez-toc-section-end\"><\/span><\/h2>\n<h3 data-start=\"267\" data-end=\"294\"><span class=\"ez-toc-section\" id=\"%F0%9F%93%8C_Thong_tin_chung\"><\/span>\ud83d\udccc <strong data-start=\"274\" data-end=\"294\">Th\u00f4ng tin chung:<\/strong><span class=\"ez-toc-section-end\"><\/span><\/h3>\n<ul data-start=\"295\" data-end=\"787\">\n<li data-start=\"295\" data-end=\"343\">\n<p data-start=\"297\" data-end=\"343\"><strong data-start=\"297\" data-end=\"313\">T\u00ean s\u1ea3n ph\u1ea9m<\/strong>: B\u1ed9 c\u00e1nh g\u1ea1t Busch Original<\/p>\n<\/li>\n<li data-start=\"344\" data-end=\"377\">\n<p data-start=\"346\" data-end=\"377\"><strong data-start=\"346\" data-end=\"361\">M\u00e3 s\u1ea3n ph\u1ea9m<\/strong>: <strong data-start=\"363\" data-end=\"377\">0722530782<\/strong><\/p>\n<\/li>\n<li data-start=\"378\" data-end=\"414\">\n<p data-start=\"380\" data-end=\"414\"><strong data-start=\"380\" data-end=\"392\">S\u1ed1 l\u01b0\u1ee3ng<\/strong>: <strong data-start=\"394\" data-end=\"414\">05 c\u00e1nh g\u1ea1t \/ b\u1ed9<\/strong><\/p>\n<\/li>\n<li data-start=\"415\" data-end=\"464\">\n<p data-start=\"417\" data-end=\"464\"><strong data-start=\"417\" data-end=\"433\">D\u00f9ng cho b\u01a1m<\/strong>: <strong data-start=\"435\" data-end=\"464\">Busch HUCKEPACK HO 0433 F<\/strong><\/p>\n<\/li>\n<li data-start=\"465\" data-end=\"569\">\n<p data-start=\"467\" data-end=\"569\"><strong data-start=\"467\" data-end=\"491\">C\u0169ng t\u01b0\u01a1ng th\u00edch v\u1edbi<\/strong>: HO 0429 F <em data-start=\"503\" data-end=\"569\">(vui l\u00f2ng x\u00e1c minh t\u1eeb h\u00e3ng v\u1ec1 t\u00ednh thay th\u1ebf ch\u00e9o gi\u1eefa c\u00e1c model)<\/em><\/p>\n<\/li>\n<li data-start=\"570\" data-end=\"634\">\n<p data-start=\"572\" data-end=\"634\"><strong data-start=\"572\" data-end=\"584\">V\u1eadt li\u1ec7u<\/strong>: PHISA T.\u00a0<em data-start=\"596\" data-end=\"634\">(theo c\u00f4ng b\u1ed1 t\u1eeb nh\u00e0 s\u1ea3n xu\u1ea5t Busch)<\/em><\/p>\n<\/li>\n<li data-start=\"635\" data-end=\"787\">\n<p data-start=\"637\" data-end=\"787\"><strong data-start=\"637\" data-end=\"651\">K\u00edch th\u01b0\u1edbc<\/strong>: <em data-start=\"653\" data-end=\"787\">Hi\u1ec7n ch\u01b0a c\u00f3 th\u00f4ng s\u1ed1 k\u00edch th\u01b0\u1edbc chi ti\u1ebft (00 x 00 x 00 mm), c\u1ea7n x\u00e1c minh tr\u1ef1c ti\u1ebfp t\u1eeb t\u00e0i li\u1ec7u k\u1ef9 thu\u1eadt ch\u00ednh th\u1ee9c ho\u1eb7c h\u00e3ng Busch.<\/em><\/p>\n<\/li>\n<\/ul>\n<hr data-start=\"789\" data-end=\"792\" \/>\n<h2 data-start=\"794\" data-end=\"849\"><span class=\"ez-toc-section\" id=\"%F0%9F%94%8D_GIOI_THIEU_DONG_BOM_BUSCH_HUCKEPACK_HO_0433_F\"><\/span>\ud83d\udd0d <strong data-start=\"800\" data-end=\"849\">GI\u1edaI THI\u1ec6U D\u00d2NG B\u01a0M BUSCH HUCKEPACK HO 0433 F<\/strong><span class=\"ez-toc-section-end\"><\/span><\/h2>\n<ul data-start=\"851\" data-end=\"1148\">\n<li data-start=\"851\" data-end=\"951\">\n<p data-start=\"853\" data-end=\"951\"><strong data-start=\"853\" data-end=\"865\">Lo\u1ea1i b\u01a1m<\/strong>: B\u01a1m ch\u00e2n kh\u00f4ng <strong data-start=\"882\" data-end=\"951\">v\u00f2ng d\u1ea7u hai c\u1ea5p (2-stage rotary vane oil-lubricated vacuum pump)<\/strong><\/p>\n<\/li>\n<li data-start=\"952\" data-end=\"1005\">\n<p data-start=\"954\" data-end=\"1005\"><strong data-start=\"954\" data-end=\"971\">H\u00e3ng s\u1ea3n xu\u1ea5t<\/strong>: <strong data-start=\"973\" data-end=\"1005\">Busch Vacuum Solutions \u2013 \u0110\u1ee9c<\/strong><\/p>\n<\/li>\n<li data-start=\"1006\" data-end=\"1148\">\n<p data-start=\"1008\" data-end=\"1021\"><strong data-start=\"1008\" data-end=\"1020\">\u1ee8ng d\u1ee5ng<\/strong>:<\/p>\n<ul data-start=\"1024\" data-end=\"1148\">\n<li data-start=\"1024\" data-end=\"1044\">\n<p data-start=\"1026\" data-end=\"1044\">\u0110\u00f3ng g\u00f3i th\u1ef1c ph\u1ea9m<\/p>\n<\/li>\n<li data-start=\"1047\" data-end=\"1073\">\n<p data-start=\"1049\" data-end=\"1073\">H\u00fat kh\u00ed c\u00f4ng nghi\u1ec7p n\u1eb7ng<\/p>\n<\/li>\n<li data-start=\"1076\" data-end=\"1148\">\n<p data-start=\"1078\" data-end=\"1148\">C\u00e1c ng\u00e0nh h\u00f3a ch\u1ea5t, d\u01b0\u1ee3c ph\u1ea9m, m\u00f4i tr\u01b0\u1eddng (x\u1eed l\u00fd b\u00f9n, h\u01a1i dung m\u00f4i&#8230;)<\/p>\n<\/li>\n<\/ul>\n<\/li>\n<\/ul>\n<hr data-start=\"1150\" data-end=\"1153\" \/>\n<h2 data-start=\"1155\" data-end=\"1190\"><span class=\"ez-toc-section\" id=\"%E2%9C%85_UU_DIEM_CUA_DONG_HUCKEPACK\"><\/span>\u2705 <strong data-start=\"1160\" data-end=\"1190\">\u01afU \u0110I\u1ec2M C\u1ee6A D\u00d2NG HUCKEPACK<\/strong><span class=\"ez-toc-section-end\"><\/span><\/h2>\n<div class=\"_tableContainer_16hzy_1\">\n<div class=\"_tableWrapper_16hzy_14 group flex w-fit flex-col-reverse\" tabindex=\"-1\">\n<table class=\"w-fit min-w-(--thread-content-width)\" data-start=\"1192\" data-end=\"1577\">\n<thead data-start=\"1192\" data-end=\"1214\">\n<tr data-start=\"1192\" data-end=\"1214\">\n<th data-start=\"1192\" data-end=\"1202\" data-col-size=\"md\">\u01afu \u0111i\u1ec3m<\/th>\n<th data-start=\"1202\" data-end=\"1214\" data-col-size=\"md\">Chi ti\u1ebft<\/th>\n<\/tr>\n<\/thead>\n<tbody data-start=\"1236\" data-end=\"1577\">\n<tr data-start=\"1236\" data-end=\"1313\">\n<td data-start=\"1236\" data-end=\"1257\" data-col-size=\"md\">\ud83d\udee0 Thi\u1ebft k\u1ebf b\u1ec1n b\u1ec9<\/td>\n<td data-start=\"1257\" data-end=\"1313\" data-col-size=\"md\">Th\u00edch h\u1ee3p cho m\u00f4i tr\u01b0\u1eddng kh\u1eafc nghi\u1ec7t, ho\u1ea1t \u0111\u1ed9ng 24\/7<\/td>\n<\/tr>\n<tr data-start=\"1314\" data-end=\"1404\">\n<td data-start=\"1314\" data-end=\"1360\" data-col-size=\"md\">\ud83d\udca7 Ch\u1ecbu \u0111\u01b0\u1ee3c h\u01a1i n\u01b0\u1edbc v\u00e0 kh\u00ed nhi\u1ec5m t\u1ea1p ch\u1ea5t<\/td>\n<td data-start=\"1360\" data-end=\"1404\" data-col-size=\"md\">Kh\u00f4ng b\u1ecb h\u01b0 h\u1ea1i khi h\u00fat kh\u00ed c\u00f3 \u0111\u1ed9 \u1ea9m cao<\/td>\n<\/tr>\n<tr data-start=\"1405\" data-end=\"1482\">\n<td data-start=\"1405\" data-end=\"1438\" data-col-size=\"md\">\u267b\ufe0f H\u1ec7 th\u1ed1ng h\u1ed3i d\u1ea7u th\u00f4ng minh<\/td>\n<td data-start=\"1438\" data-end=\"1482\" data-col-size=\"md\">T\u0103ng hi\u1ec7u qu\u1ea3 l\u00e0m m\u00e1t, gi\u1ea3m ti\u00eau hao d\u1ea7u<\/td>\n<\/tr>\n<tr data-start=\"1483\" data-end=\"1577\">\n<td data-start=\"1483\" data-end=\"1499\" data-col-size=\"md\">\ud83d\udd27 D\u1ec5 b\u1ea3o tr\u00ec<\/td>\n<td data-start=\"1499\" data-end=\"1577\" data-col-size=\"md\">C\u00e1c b\u1ed9 ph\u1eadn nh\u01b0 c\u00e1nh g\u1ea1t c\u00f3 th\u1ec3 thay th\u1ebf \u0111\u1ecbnh k\u1ef3, h\u1ed7 tr\u1ee3 v\u1eadn h\u00e0nh li\u00ean t\u1ee5c<\/td>\n<\/tr>\n<\/tbody>\n<\/table>\n<div class=\"sticky end-(--thread-content-margin) h-0 self-end select-none\">\n<div class=\"absolute end-0 flex items-end\"><\/div>\n<\/div>\n<\/div>\n<\/div>\n<hr data-start=\"1579\" data-end=\"1582\" \/>\n<h2 data-start=\"1584\" data-end=\"1604\"><span class=\"ez-toc-section\" id=\"%E2%9A%A0%EF%B8%8F_NHUOC_DIEM\"><\/span>\u26a0\ufe0f <strong data-start=\"1590\" data-end=\"1604\">NH\u01af\u1ee2C \u0110I\u1ec2M<\/strong><span class=\"ez-toc-section-end\"><\/span><\/h2>\n<div class=\"_tableContainer_16hzy_1\">\n<div class=\"_tableWrapper_16hzy_14 group flex w-fit flex-col-reverse\" tabindex=\"-1\">\n<table class=\"w-fit min-w-(--thread-content-width)\" data-start=\"1606\" data-end=\"1899\">\n<thead data-start=\"1606\" data-end=\"1628\">\n<tr data-start=\"1606\" data-end=\"1628\">\n<th data-start=\"1606\" data-end=\"1619\" data-col-size=\"sm\">Nh\u01b0\u1ee3c \u0111i\u1ec3m<\/th>\n<th data-start=\"1619\" data-end=\"1628\" data-col-size=\"md\">M\u00f4 t\u1ea3<\/th>\n<\/tr>\n<\/thead>\n<tbody data-start=\"1651\" data-end=\"1899\">\n<tr data-start=\"1651\" data-end=\"1717\">\n<td data-start=\"1651\" data-end=\"1683\" data-col-size=\"sm\">K\u00edch th\u01b0\u1edbc v\u00e0 tr\u1ecdng l\u01b0\u1ee3ng l\u1edbn<\/td>\n<td data-start=\"1683\" data-end=\"1717\" data-col-size=\"md\">C\u1ea7n kh\u00f4ng gian l\u1eafp \u0111\u1eb7t ph\u00f9 h\u1ee3p<\/td>\n<\/tr>\n<tr data-start=\"1718\" data-end=\"1815\">\n<td data-start=\"1718\" data-end=\"1744\" data-col-size=\"sm\">Y\u00eau c\u1ea7u b\u1ea3o tr\u00ec \u0111\u1ecbnh k\u1ef3<\/td>\n<td data-start=\"1744\" data-end=\"1815\" data-col-size=\"md\">N\u1ebfu kh\u00f4ng b\u1ea3o tr\u00ec \u0111\u00fang, c\u00f3 th\u1ec3 d\u1eabn t\u1edbi m\u00f2n c\u00e1nh g\u1ea1t, gi\u1ea3m hi\u1ec7u su\u1ea5t<\/td>\n<\/tr>\n<tr data-start=\"1816\" data-end=\"1899\">\n<td data-start=\"1816\" data-end=\"1841\" data-col-size=\"sm\">Chi ph\u00ed \u0111\u1ea7u t\u01b0 ban \u0111\u1ea7u<\/td>\n<td data-start=\"1841\" data-end=\"1899\" data-col-size=\"md\">Cao h\u01a1n so v\u1edbi c\u00e1c b\u01a1m ch\u00e2n kh\u00f4ng \u0111\u01a1n c\u1ea5p ho\u1eb7c b\u01a1m kh\u00f4<\/td>\n<\/tr>\n<\/tbody>\n<\/table>\n<div class=\"sticky end-(--thread-content-margin) h-0 self-end select-none\">\n<div class=\"absolute end-0 flex items-end\"><\/div>\n<\/div>\n<\/div>\n<\/div>\n<hr data-start=\"1901\" data-end=\"1904\" \/>\n<h2 data-start=\"1906\" data-end=\"1943\"><span class=\"ez-toc-section\" id=\"%F0%9F%94%A7_THAY_THE_BAO_TRI_CANH_GAT\"><\/span>\ud83d\udd27 <strong data-start=\"1912\" data-end=\"1943\">THAY TH\u1ebe &amp; B\u1ea2O TR\u00cc C\u00c1NH G\u1ea0T<\/strong><span class=\"ez-toc-section-end\"><\/span><\/h2>\n<ul data-start=\"1945\" data-end=\"2251\">\n<li data-start=\"1945\" data-end=\"2023\">\n<p data-start=\"1947\" data-end=\"2023\">Thay th\u1ebf c\u00e1nh g\u1ea1t \u0111\u1ecbnh k\u1ef3 l\u00e0 <strong data-start=\"1976\" data-end=\"1988\">b\u1eaft bu\u1ed9c<\/strong> trong b\u1ea3o tr\u00ec b\u01a1m Busch HUCKEPACK.<\/p>\n<\/li>\n<li data-start=\"2024\" data-end=\"2127\">\n<p data-start=\"2026\" data-end=\"2127\">Th\u1eddi gian thay th\u1ebf khuy\u1ebfn ngh\u1ecb: <strong data-start=\"2058\" data-end=\"2089\">3.000 \u2013 5.000 gi\u1edd ho\u1ea1t \u0111\u1ed9ng<\/strong>, t\u00f9y m\u00f4i tr\u01b0\u1eddng v\u00e0 \u0111i\u1ec1u ki\u1ec7n s\u1eed d\u1ee5ng.<\/p>\n<\/li>\n<li data-start=\"2128\" data-end=\"2251\">\n<p data-start=\"2130\" data-end=\"2147\">Khi c\u00e1nh g\u1ea1t m\u00f2n:<\/p>\n<ul data-start=\"2150\" data-end=\"2251\">\n<li data-start=\"2150\" data-end=\"2170\">\n<p data-start=\"2152\" data-end=\"2170\">Hi\u1ec7u su\u1ea5t h\u00fat gi\u1ea3m<\/p>\n<\/li>\n<li data-start=\"2173\" data-end=\"2197\">\n<p data-start=\"2175\" data-end=\"2197\">Nhi\u1ec7t \u0111\u1ed9 v\u1eadn h\u00e0nh t\u0103ng<\/p>\n<\/li>\n<li data-start=\"2200\" data-end=\"2222\">\n<p data-start=\"2202\" data-end=\"2222\">Ti\u00eau th\u1ee5 d\u1ea7u cao h\u01a1n<\/p>\n<\/li>\n<li data-start=\"2225\" data-end=\"2251\">\n<p data-start=\"2227\" data-end=\"2251\">C\u00f3 nguy c\u01a1 <strong data-start=\"2238\" data-end=\"2251\">k\u1eb9t rotor<\/strong><\/p>\n<\/li>\n<\/ul>\n<\/li>\n<\/ul>\n<hr data-start=\"2253\" data-end=\"2256\" \/>\n<h2 data-start=\"2258\" data-end=\"2320\"><span class=\"ez-toc-section\" id=\"%F0%9F%93%9E_LIEN_HE_DAI_LY_UY_QUYEN_%E2%80%93_HO_TRO_KY_THUAT_PHU_TUNG\"><\/span>\ud83d\udcde <strong data-start=\"2264\" data-end=\"2320\">LI\u00caN H\u1ec6 \u0110\u1ea0I L\u00dd \u1ee6Y QUY\u1ec0N \u2013 H\u1ed6 TR\u1ee2 K\u1ef8 THU\u1eacT &amp; PH\u1ee4 T\u00d9NG<\/strong><span class=\"ez-toc-section-end\"><\/span><\/h2>\n<p data-start=\"2322\" data-end=\"2438\"><strong data-start=\"2322\" data-end=\"2367\">C\u00d4NG TY TNHH K\u1ef8 THU\u1eacT V\u00c0 D\u1ecaCH V\u1ee4 MINH PH\u00da<\/strong><br data-start=\"2367\" data-end=\"2370\" \/>\ud83d\udccd Nh\u00e0 cung c\u1ea5p ph\u1ee5 t\u00f9ng v\u00e0 d\u1ecbch v\u1ee5 b\u1ea3o tr\u00ec b\u01a1m Busch t\u1ea1i Vi\u1ec7t Nam<\/p>\n<p data-start=\"2440\" data-end=\"2562\">\ud83d\udcde Hotline: <strong data-start=\"2452\" data-end=\"2468\">0985 459 559<\/strong><br data-start=\"2468\" data-end=\"2471\" \/>\ud83d\udce7 Email: <strong data-start=\"2481\" data-end=\"2503\"><a class=\"cursor-pointer\" rel=\"noopener\" data-start=\"2483\" data-end=\"2501\">Sales@minhphuco.vn<\/a><\/strong><br data-start=\"2503\" data-end=\"2506\" \/>\ud83d\udcf1 Zalo h\u1ed7 tr\u1ee3 k\u1ef9 thu\u1eadt: <strong data-start=\"2531\" data-end=\"2562\">0985 490 343 \/ 0985 843 778<\/strong><\/p>\n<hr data-start=\"2564\" data-end=\"2567\" \/>\n<p data-start=\"2569\" data-end=\"2741\" data-is-last-node=\"\" data-is-only-node=\"\">B\u1ea1n c\u00f3 mu\u1ed1n m\u00ecnh h\u1ed7 tr\u1ee3 t\u00ecm <strong data-start=\"2597\" data-end=\"2621\">datasheet ch\u00ednh h\u00e3ng<\/strong>, <strong data-start=\"2623\" data-end=\"2666\">b\u1ea3n v\u1ebd k\u1ef9 thu\u1eadt c\u1ee7a c\u00e1nh g\u1ea1t 0722530782<\/strong>, ho\u1eb7c <strong data-start=\"2673\" data-end=\"2725\">t\u00e0i li\u1ec7u h\u01b0\u1edbng d\u1eabn thay th\u1ebf v\u00e0 b\u1ea3o tr\u00ec HO 0433 F<\/strong> t\u1eeb Busch kh\u00f4ng?<\/p>\n<\/div>\n<\/div>\n<\/div>\n<\/div>\n<\/div>\n<\/div>\n","protected":false},"excerpt":{"rendered":"<p>M\u1ed9t b\u1ed9 g\u1ed3m 5 c\u00e1nh g\u1ea1t v\u1edbi k\u00edch th\u01b0\u1edbc: <strong>00<\/strong>\u00a0<strong>mm (chi\u1ec1u d\u00e0i) \u00d7 00 mm\u00a0 mm (chi\u1ec1u r\u1ed9ng\/cao) \u00d7 00 mm (\u0111\u1ed9 d\u00e0y)<\/strong><br \/>\nD\u00f9ng cho c\u00e1c m\u00e1y b\u01a1m :Busch HUCKEPACK HO 0433 F<\/p>\n<p>V\u1eadt li\u1ec7u theo c\u00f4ng b\u1ed1 c\u1ee7a Busch l\u00e0 PHISA T.<\/p>\n","protected":false},"featured_media":7805,"comment_status":"open","ping_status":"closed","template":"","meta":{"_acf_changed":false},"product_brand":[],"product_cat":[708,69],"product_tag":[2052,2053],"class_list":{"0":"post-8045","1":"product","2":"type-product","3":"status-publish","4":"has-post-thumbnail","6":"product_cat-busch-vanes","7":"product_cat-canh-vane","8":"product_tag-2052","9":"product_tag-huckepack-ho-0433-f","11":"first","12":"instock","13":"shipping-taxable","14":"product-type-simple"},"acf":[],"_links":{"self":[{"href":"https:\/\/mpvane.com\/en\/wp-json\/wp\/v2\/product\/8045","targetHints":{"allow":["GET"]}}],"collection":[{"href":"https:\/\/mpvane.com\/en\/wp-json\/wp\/v2\/product"}],"about":[{"href":"https:\/\/mpvane.com\/en\/wp-json\/wp\/v2\/types\/product"}],"replies":[{"embeddable":true,"href":"https:\/\/mpvane.com\/en\/wp-json\/wp\/v2\/comments?post=8045"}],"version-history":[{"count":2,"href":"https:\/\/mpvane.com\/en\/wp-json\/wp\/v2\/product\/8045\/revisions"}],"predecessor-version":[{"id":8055,"href":"https:\/\/mpvane.com\/en\/wp-json\/wp\/v2\/product\/8045\/revisions\/8055"}],"wp:featuredmedia":[{"embeddable":true,"href":"https:\/\/mpvane.com\/en\/wp-json\/wp\/v2\/media\/7805"}],"wp:attachment":[{"href":"https:\/\/mpvane.com\/en\/wp-json\/wp\/v2\/media?parent=8045"}],"wp:term":[{"taxonomy":"product_brand","embeddable":true,"href":"https:\/\/mpvane.com\/en\/wp-json\/wp\/v2\/product_brand?post=8045"},{"taxonomy":"product_cat","embeddable":true,"href":"https:\/\/mpvane.com\/en\/wp-json\/wp\/v2\/product_cat?post=8045"},{"taxonomy":"product_tag","embeddable":true,"href":"https:\/\/mpvane.com\/en\/wp-json\/wp\/v2\/product_tag?post=8045"}],"curies":[{"name":"wp","href":"https:\/\/api.w.org\/{rel}","templated":true}]}}