{"id":8043,"date":"2025-05-28T21:55:12","date_gmt":"2025-05-28T14:55:12","guid":{"rendered":"https:\/\/mpvane.com\/?post_type=product&#038;p=8043"},"modified":"2025-05-28T22:06:58","modified_gmt":"2025-05-28T15:06:58","slug":"bo-11-canh-gat-0722510545-huckepack-ho-0429-f","status":"publish","type":"product","link":"https:\/\/mpvane.com\/en\/san-pham\/bo-11-canh-gat-0722510545-huckepack-ho-0429-f\/","title":{"rendered":"B\u1ed9 11 c\u00e1nh g\u1ea1t 0722510545 HUCKEPACK HO 0429 F"},"content":{"rendered":"<div id=\"ez-toc-container\" class=\"ez-toc-v2_0_75 counter-hierarchy ez-toc-counter ez-toc-grey ez-toc-container-direction\">\n<div class=\"ez-toc-title-container\">\n<p class=\"ez-toc-title\" style=\"cursor:inherit\">Table of Contents<\/p>\n<span class=\"ez-toc-title-toggle\"><a href=\"#\" class=\"ez-toc-pull-right ez-toc-btn ez-toc-btn-xs ez-toc-btn-default ez-toc-toggle\" aria-label=\"Toggle Table of Content\"><span class=\"ez-toc-js-icon-con\"><span class=\"\"><span class=\"eztoc-hide\" style=\"display:none;\">Toggle<\/span><span class=\"ez-toc-icon-toggle-span\"><svg style=\"fill: #999;color:#999\" xmlns=\"http:\/\/www.w3.org\/2000\/svg\" class=\"list-377408\" width=\"20px\" height=\"20px\" viewBox=\"0 0 24 24\" fill=\"none\"><path d=\"M6 6H4v2h2V6zm14 0H8v2h12V6zM4 11h2v2H4v-2zm16 0H8v2h12v-2zM4 16h2v2H4v-2zm16 0H8v2h12v-2z\" fill=\"currentColor\"><\/path><\/svg><svg style=\"fill: #999;color:#999\" class=\"arrow-unsorted-368013\" xmlns=\"http:\/\/www.w3.org\/2000\/svg\" width=\"10px\" height=\"10px\" viewBox=\"0 0 24 24\" version=\"1.2\" baseProfile=\"tiny\"><path d=\"M18.2 9.3l-6.2-6.3-6.2 6.3c-.2.2-.3.4-.3.7s.1.5.3.7c.2.2.4.3.7.3h11c.3 0 .5-.1.7-.3.2-.2.3-.5.3-.7s-.1-.5-.3-.7zM5.8 14.7l6.2 6.3 6.2-6.3c.2-.2.3-.5.3-.7s-.1-.5-.3-.7c-.2-.2-.4-.3-.7-.3h-11c-.3 0-.5.1-.7.3-.2.2-.3.5-.3.7s.1.5.3.7z\"\/><\/svg><\/span><\/span><\/span><\/a><\/span><\/div>\n<nav><ul class='ez-toc-list ez-toc-list-level-1 ' ><li class='ez-toc-page-1 ez-toc-heading-level-3'><a class=\"ez-toc-link ez-toc-heading-1\" href=\"https:\/\/mpvane.com\/en\/san-pham\/bo-11-canh-gat-0722510545-huckepack-ho-0429-f\/#%F0%9F%94%A7_BO_CANH_GAT_BUSCH_ORIGINAL_0722510545\" >\ud83d\udd27 B\u1ed8 C\u00c1NH G\u1ea0T BUSCH ORIGINAL 0722510545<\/a><\/li><li class='ez-toc-page-1 ez-toc-heading-level-3'><a class=\"ez-toc-link ez-toc-heading-2\" href=\"https:\/\/mpvane.com\/en\/san-pham\/bo-11-canh-gat-0722510545-huckepack-ho-0429-f\/#%F0%9F%94%8D_CAC_MA_CANH_THAN_PHO_BIEN_BUSCH_ORIGINAL\" >\ud83d\udd0d C\u00c1C M\u00c3 C\u00c1NH THAN PH\u1ed4 BI\u1ebeN BUSCH ORIGINAL<\/a><\/li><li class='ez-toc-page-1 ez-toc-heading-level-3'><a class=\"ez-toc-link ez-toc-heading-3\" href=\"https:\/\/mpvane.com\/en\/san-pham\/bo-11-canh-gat-0722510545-huckepack-ho-0429-f\/#%E2%9A%99%EF%B8%8F_GIOI_THIEU_DONG_BOM_BUSCH_HUCKEPACK_HO_0429_F\" >\u2699\ufe0f GI\u1edaI THI\u1ec6U D\u00d2NG B\u01a0M BUSCH HUCKEPACK HO 0429 F<\/a><\/li><li class='ez-toc-page-1 ez-toc-heading-level-3'><a class=\"ez-toc-link ez-toc-heading-4\" href=\"https:\/\/mpvane.com\/en\/san-pham\/bo-11-canh-gat-0722510545-huckepack-ho-0429-f\/#%E2%9C%85_UU_DIEM_CUA_DONG_BOM_HUCKEPACK\" >\u2705 \u01afU \u0110I\u1ec2M C\u1ee6A D\u00d2NG B\u01a0M HUCKEPACK<\/a><\/li><li class='ez-toc-page-1 ez-toc-heading-level-3'><a class=\"ez-toc-link ez-toc-heading-5\" href=\"https:\/\/mpvane.com\/en\/san-pham\/bo-11-canh-gat-0722510545-huckepack-ho-0429-f\/#%E2%9A%A0%EF%B8%8F_NHUOC_DIEM\" >\u26a0\ufe0f NH\u01af\u1ee2C \u0110I\u1ec2M<\/a><\/li><li class='ez-toc-page-1 ez-toc-heading-level-3'><a class=\"ez-toc-link ez-toc-heading-6\" href=\"https:\/\/mpvane.com\/en\/san-pham\/bo-11-canh-gat-0722510545-huckepack-ho-0429-f\/#%F0%9F%94%A7_THAY_THE_BAO_TRI_CANH_GAT\" >\ud83d\udd27 THAY TH\u1ebe &amp; B\u1ea2O TR\u00cc C\u00c1NH G\u1ea0T<\/a><\/li><li class='ez-toc-page-1 ez-toc-heading-level-3'><a class=\"ez-toc-link ez-toc-heading-7\" href=\"https:\/\/mpvane.com\/en\/san-pham\/bo-11-canh-gat-0722510545-huckepack-ho-0429-f\/#%F0%9F%93%9E_LIEN_HE_HO_TRO_KY_THUAT_VA_PHU_TUNG\" >\ud83d\udcde LI\u00caN H\u1ec6 H\u1ed6 TR\u1ee2 K\u1ef8 THU\u1eacT V\u00c0 PH\u1ee4 T\u00d9NG<\/a><\/li><\/ul><\/nav><\/div>\n<div class=\"dad65929\">\n<div class=\"_4f9bf79 d7dc56a8 _43c05b5\">\n<div class=\"ds-markdown ds-markdown--block\">\n<div class=\"dad65929\">\n<div class=\"_4f9bf79 d7dc56a8 _43c05b5\">\n<div class=\"ds-markdown ds-markdown--block\">\n<p data-start=\"0\" data-end=\"144\">D\u01b0\u1edbi \u0111\u00e2y l\u00e0 b\u1ea3n m\u00f4 t\u1ea3 v\u00e0 t\u1ed5ng h\u1ee3p th\u00f4ng tin li\u00ean quan \u0111\u1ebfn <strong data-start=\"58\" data-end=\"88\">b\u1ed9 c\u00e1nh g\u1ea1t Busch Original<\/strong> v\u00e0 d\u00f2ng <strong data-start=\"97\" data-end=\"143\">b\u01a1m ch\u00e2n kh\u00f4ng hai c\u1ea5p HUCKEPACK HO 0429 F<\/strong>:<\/p>\n<hr data-start=\"146\" data-end=\"149\" \/>\n<h3 data-start=\"151\" data-end=\"201\"><span class=\"ez-toc-section\" id=\"%F0%9F%94%A7_BO_CANH_GAT_BUSCH_ORIGINAL_0722510545\"><\/span>\ud83d\udd27 <strong data-start=\"158\" data-end=\"199\">B\u1ed8 C\u00c1NH G\u1ea0T BUSCH ORIGINAL 0722510545<\/strong><span class=\"ez-toc-section-end\"><\/span><\/h3>\n<ul data-start=\"202\" data-end=\"569\">\n<li data-start=\"202\" data-end=\"233\">\n<p data-start=\"204\" data-end=\"233\"><strong data-start=\"204\" data-end=\"219\">M\u00e3 s\u1ea3n ph\u1ea9m<\/strong>: 0722510545<\/p>\n<\/li>\n<li data-start=\"234\" data-end=\"292\">\n<p data-start=\"236\" data-end=\"292\"><strong data-start=\"236\" data-end=\"248\">D\u00f9ng cho<\/strong>: B\u01a1m ch\u00e2n kh\u00f4ng Busch HUCKEPACK HO 0429 F<\/p>\n<\/li>\n<li data-start=\"293\" data-end=\"337\">\n<p data-start=\"295\" data-end=\"337\"><strong data-start=\"295\" data-end=\"307\">S\u1ed1 l\u01b0\u1ee3ng<\/strong>: M\u1ed9t b\u1ed9 g\u1ed3m <strong data-start=\"320\" data-end=\"335\">11 c\u00e1nh g\u1ea1t<\/strong><\/p>\n<\/li>\n<li data-start=\"338\" data-end=\"389\">\n<p data-start=\"340\" data-end=\"389\"><strong data-start=\"340\" data-end=\"352\">V\u1eadt li\u1ec7u<\/strong>: Theo c\u00f4ng b\u1ed1 t\u1eeb Busch \u2013 <strong data-start=\"378\" data-end=\"387\">Titan<\/strong><\/p>\n<\/li>\n<li data-start=\"390\" data-end=\"569\">\n<p data-start=\"392\" data-end=\"425\"><strong data-start=\"392\" data-end=\"422\">K\u00edch th\u01b0\u1edbc (ch\u01b0a x\u00e1c \u0111\u1ecbnh)<\/strong>:<\/p>\n<ul data-start=\"428\" data-end=\"569\">\n<li data-start=\"428\" data-end=\"448\">\n<p data-start=\"430\" data-end=\"448\">Chi\u1ec1u d\u00e0i: 00 mm<\/p>\n<\/li>\n<li data-start=\"451\" data-end=\"472\">\n<p data-start=\"453\" data-end=\"472\">Chi\u1ec1u r\u1ed9ng: 00 mm<\/p>\n<\/li>\n<li data-start=\"475\" data-end=\"569\">\n<p data-start=\"477\" data-end=\"569\">\u0110\u1ed9 d\u00e0y: 00 mm<br data-start=\"490\" data-end=\"493\" \/><em data-start=\"495\" data-end=\"569\">(C\u1ea7n x\u00e1c nh\u1eadn k\u00edch th\u01b0\u1edbc th\u1ef1c t\u1ebf t\u1eeb nh\u00e0 s\u1ea3n xu\u1ea5t ho\u1eb7c t\u00e0i li\u1ec7u k\u1ef9 thu\u1eadt)<\/em><\/p>\n<\/li>\n<\/ul>\n<\/li>\n<\/ul>\n<hr data-start=\"571\" data-end=\"574\" \/>\n<h3 data-start=\"576\" data-end=\"627\"><span class=\"ez-toc-section\" id=\"%F0%9F%94%8D_CAC_MA_CANH_THAN_PHO_BIEN_BUSCH_ORIGINAL\"><\/span>\ud83d\udd0d <strong data-start=\"583\" data-end=\"627\">C\u00c1C M\u00c3 C\u00c1NH THAN PH\u1ed4 BI\u1ebeN BUSCH ORIGINAL<\/strong><span class=\"ez-toc-section-end\"><\/span><\/h3>\n<ul data-start=\"628\" data-end=\"702\">\n<li data-start=\"628\" data-end=\"642\">\n<p data-start=\"630\" data-end=\"642\">0722207620<\/p>\n<\/li>\n<li data-start=\"643\" data-end=\"657\">\n<p data-start=\"645\" data-end=\"657\">0722534079<\/p>\n<\/li>\n<li data-start=\"658\" data-end=\"672\">\n<p data-start=\"660\" data-end=\"672\">0722522488<\/p>\n<\/li>\n<li data-start=\"673\" data-end=\"687\">\n<p data-start=\"675\" data-end=\"687\">0722000488<\/p>\n<\/li>\n<li data-start=\"688\" data-end=\"702\">\n<p data-start=\"690\" data-end=\"702\">0722544213<\/p>\n<\/li>\n<\/ul>\n<p data-start=\"704\" data-end=\"873\"><em data-start=\"704\" data-end=\"873\">(Nh\u1eefng m\u00e3 n\u00e0y th\u01b0\u1eddng \u0111\u01b0\u1ee3c d\u00f9ng cho c\u00e1c d\u00f2ng b\u01a1m ch\u00e2n kh\u00f4ng Busch kh\u00e1c, c\u00f3 th\u1ec3 l\u00e0 lo\u1ea1i <strong data-start=\"791\" data-end=\"818\">c\u00e1nh than (carbon vane)<\/strong> \u2013 s\u1eed d\u1ee5ng cho b\u01a1m kh\u00f4 ho\u1eb7c b\u01a1m v\u00f2ng d\u1ea7u t\u00f9y \u1ee9ng d\u1ee5ng)<\/em><\/p>\n<hr data-start=\"875\" data-end=\"878\" \/>\n<h3 data-start=\"880\" data-end=\"936\"><span class=\"ez-toc-section\" id=\"%E2%9A%99%EF%B8%8F_GIOI_THIEU_DONG_BOM_BUSCH_HUCKEPACK_HO_0429_F\"><\/span>\u2699\ufe0f <strong data-start=\"887\" data-end=\"936\">GI\u1edaI THI\u1ec6U D\u00d2NG B\u01a0M BUSCH HUCKEPACK HO 0429 F<\/strong><span class=\"ez-toc-section-end\"><\/span><\/h3>\n<ul data-start=\"938\" data-end=\"1236\">\n<li data-start=\"938\" data-end=\"1001\">\n<p data-start=\"940\" data-end=\"1001\"><strong data-start=\"940\" data-end=\"952\">Lo\u1ea1i b\u01a1m<\/strong>: B\u01a1m ch\u00e2n kh\u00f4ng <strong data-start=\"969\" data-end=\"999\">c\u00e1nh g\u1ea1t v\u00f2ng d\u1ea7u, hai c\u1ea5p<\/strong><\/p>\n<\/li>\n<li data-start=\"1002\" data-end=\"1236\">\n<p data-start=\"1004\" data-end=\"1025\"><strong data-start=\"1004\" data-end=\"1024\">\u0110\u1eb7c \u0111i\u1ec3m n\u1ed5i b\u1eadt<\/strong>:<\/p>\n<ul data-start=\"1028\" data-end=\"1236\">\n<li data-start=\"1028\" data-end=\"1056\">\n<p data-start=\"1030\" data-end=\"1056\">V\u1eadn h\u00e0nh <strong data-start=\"1039\" data-end=\"1056\">li\u00ean t\u1ee5c 24\/7<\/strong><\/p>\n<\/li>\n<li data-start=\"1059\" data-end=\"1121\">\n<p data-start=\"1061\" data-end=\"1121\"><strong data-start=\"1061\" data-end=\"1081\">Ch\u1ecbu \u0111\u01b0\u1ee3c h\u01a1i \u1ea9m<\/strong>, kh\u00ed ch\u1ee9a h\u1ea1t r\u1eafn m\u1ecbn, h\u01a1i h\u00f3a ch\u1ea5t nh\u1eb9<\/p>\n<\/li>\n<li data-start=\"1124\" data-end=\"1194\">\n<p data-start=\"1126\" data-end=\"1194\"><strong data-start=\"1126\" data-end=\"1142\">Tu\u1ed5i th\u1ecd cao<\/strong>, nh\u1edd c\u1ea5u t\u1ea1o ch\u1eafc ch\u1eafn v\u00e0 c\u01a1 ch\u1ebf h\u1ed3i d\u1ea7u th\u00f4ng minh<\/p>\n<\/li>\n<li data-start=\"1197\" data-end=\"1236\">\n<p data-start=\"1199\" data-end=\"1236\">B\u1ea3o tr\u00ec d\u1ec5 d\u00e0ng, thi\u1ebft k\u1ebf <strong data-start=\"1225\" data-end=\"1236\">modular<\/strong><\/p>\n<\/li>\n<\/ul>\n<\/li>\n<\/ul>\n<hr data-start=\"1238\" data-end=\"1241\" \/>\n<h3 data-start=\"1243\" data-end=\"1283\"><span class=\"ez-toc-section\" id=\"%E2%9C%85_UU_DIEM_CUA_DONG_BOM_HUCKEPACK\"><\/span>\u2705 <strong data-start=\"1249\" data-end=\"1283\">\u01afU \u0110I\u1ec2M C\u1ee6A D\u00d2NG B\u01a0M HUCKEPACK<\/strong><span class=\"ez-toc-section-end\"><\/span><\/h3>\n<div class=\"_tableContainer_16hzy_1\">\n<div class=\"_tableWrapper_16hzy_14 group flex w-fit flex-col-reverse\" tabindex=\"-1\">\n<table class=\"w-fit min-w-(--thread-content-width)\" data-start=\"1285\" data-end=\"1661\">\n<thead data-start=\"1285\" data-end=\"1304\">\n<tr data-start=\"1285\" data-end=\"1304\">\n<th data-start=\"1285\" data-end=\"1295\" data-col-size=\"sm\">\u01afu \u0111i\u1ec3m<\/th>\n<th data-start=\"1295\" data-end=\"1304\" data-col-size=\"md\">M\u00f4 t\u1ea3<\/th>\n<\/tr>\n<\/thead>\n<tbody data-start=\"1324\" data-end=\"1661\">\n<tr data-start=\"1324\" data-end=\"1413\">\n<td data-start=\"1324\" data-end=\"1337\" data-col-size=\"sm\">\u0110\u1ed9 b\u1ec1n cao<\/td>\n<td data-start=\"1337\" data-end=\"1413\" data-col-size=\"md\">Thi\u1ebft k\u1ebf c\u00f4ng nghi\u1ec7p ch\u1ecbu t\u1ea3i n\u1eb7ng, d\u00f9ng \u0111\u01b0\u1ee3c cho m\u00f4i tr\u01b0\u1eddng kh\u1eafc nghi\u1ec7t<\/td>\n<\/tr>\n<tr data-start=\"1414\" data-end=\"1478\">\n<td data-start=\"1414\" data-end=\"1434\" data-col-size=\"sm\">V\u1eadn h\u00e0nh li\u00ean t\u1ee5c<\/td>\n<td data-start=\"1434\" data-end=\"1478\" data-col-size=\"md\">Ph\u00f9 h\u1ee3p cho c\u00e1c d\u00e2y chuy\u1ec1n s\u1ea3n xu\u1ea5t 24\/7<\/td>\n<\/tr>\n<tr data-start=\"1479\" data-end=\"1576\">\n<td data-start=\"1479\" data-end=\"1499\" data-col-size=\"sm\">Hi\u1ec7u su\u1ea5t \u1ed5n \u0111\u1ecbnh<\/td>\n<td data-start=\"1499\" data-end=\"1576\" data-col-size=\"md\">Ch\u00e2n kh\u00f4ng s\u00e2u, hi\u1ec7u su\u1ea5t kh\u00f4ng gi\u1ea3m theo th\u1eddi gian n\u1ebfu b\u1ea3o tr\u00ec \u0111\u00fang c\u00e1ch<\/td>\n<\/tr>\n<tr data-start=\"1577\" data-end=\"1661\">\n<td data-start=\"1577\" data-end=\"1590\" data-col-size=\"sm\">D\u1ec5 b\u1ea3o tr\u00ec<\/td>\n<td data-start=\"1590\" data-end=\"1661\" data-col-size=\"md\">C\u00e1c ph\u1ee5 t\u00f9ng nh\u01b0 c\u00e1nh g\u1ea1t, v\u00f2ng \u0111\u1ec7m, b\u1ed9 l\u1ecdc c\u00f3 th\u1ec3 thay th\u1ebf \u0111\u1ecbnh k\u1ef3<\/td>\n<\/tr>\n<\/tbody>\n<\/table>\n<div class=\"sticky end-(--thread-content-margin) h-0 self-end select-none\">\n<div class=\"absolute end-0 flex items-end\"><\/div>\n<\/div>\n<\/div>\n<\/div>\n<hr data-start=\"1663\" data-end=\"1666\" \/>\n<h3 data-start=\"1668\" data-end=\"1689\"><span class=\"ez-toc-section\" id=\"%E2%9A%A0%EF%B8%8F_NHUOC_DIEM\"><\/span>\u26a0\ufe0f <strong data-start=\"1675\" data-end=\"1689\">NH\u01af\u1ee2C \u0110I\u1ec2M<\/strong><span class=\"ez-toc-section-end\"><\/span><\/h3>\n<div class=\"_tableContainer_16hzy_1\">\n<div class=\"_tableWrapper_16hzy_14 group flex w-fit flex-col-reverse\" tabindex=\"-1\">\n<table class=\"w-fit min-w-(--thread-content-width)\" data-start=\"1691\" data-end=\"1976\">\n<thead data-start=\"1691\" data-end=\"1713\">\n<tr data-start=\"1691\" data-end=\"1713\">\n<th data-start=\"1691\" data-end=\"1704\" data-col-size=\"sm\">Nh\u01b0\u1ee3c \u0111i\u1ec3m<\/th>\n<th data-start=\"1704\" data-end=\"1713\" data-col-size=\"md\">M\u00f4 t\u1ea3<\/th>\n<\/tr>\n<\/thead>\n<tbody data-start=\"1737\" data-end=\"1976\">\n<tr data-start=\"1737\" data-end=\"1801\">\n<td data-start=\"1737\" data-end=\"1749\" data-col-size=\"sm\">Gi\u00e1 th\u00e0nh<\/td>\n<td data-start=\"1749\" data-end=\"1801\" data-col-size=\"md\">Cao h\u01a1n so v\u1edbi c\u00e1c lo\u1ea1i b\u01a1m \u0111\u01a1n c\u1ea5p ho\u1eb7c b\u01a1m kh\u00f4<\/td>\n<\/tr>\n<tr data-start=\"1802\" data-end=\"1876\">\n<td data-start=\"1802\" data-end=\"1815\" data-col-size=\"sm\">K\u00edch th\u01b0\u1edbc<\/td>\n<td data-start=\"1815\" data-end=\"1876\" data-col-size=\"md\">B\u01a1m l\u1edbn v\u00e0 n\u1eb7ng, c\u1ea7n kh\u00f4ng gian l\u1eafp \u0111\u1eb7t v\u00e0 x\u1eed l\u00fd k\u1ef9 thu\u1eadt<\/td>\n<\/tr>\n<tr data-start=\"1877\" data-end=\"1976\">\n<td data-start=\"1877\" data-end=\"1901\" data-col-size=\"sm\">Ph\u1ee5 thu\u1ed9c v\u00e0o b\u1ea3o tr\u00ec<\/td>\n<td data-start=\"1901\" data-end=\"1976\" data-col-size=\"md\">N\u1ebfu kh\u00f4ng b\u1ea3o d\u01b0\u1ee1ng \u0111\u1ecbnh k\u1ef3, c\u00f3 th\u1ec3 g\u00e2y h\u01b0 h\u1ecfng c\u00e1nh g\u1ea1t ho\u1eb7c h\u1ecfng tr\u1ee5c<\/td>\n<\/tr>\n<\/tbody>\n<\/table>\n<div class=\"sticky end-(--thread-content-margin) h-0 self-end select-none\">\n<div class=\"absolute end-0 flex items-end\"><\/div>\n<\/div>\n<\/div>\n<\/div>\n<hr data-start=\"1978\" data-end=\"1981\" \/>\n<h3 data-start=\"1983\" data-end=\"2021\"><span class=\"ez-toc-section\" id=\"%F0%9F%94%A7_THAY_THE_BAO_TRI_CANH_GAT\"><\/span>\ud83d\udd27 <strong data-start=\"1990\" data-end=\"2021\">THAY TH\u1ebe &amp; B\u1ea2O TR\u00cc C\u00c1NH G\u1ea0T<\/strong><span class=\"ez-toc-section-end\"><\/span><\/h3>\n<p data-start=\"2023\" data-end=\"2058\">Vi\u1ec7c b\u1ea3o tr\u00ec c\u00e1nh g\u1ea1t \u0111\u1ecbnh k\u1ef3 gi\u00fap:<\/p>\n<ul data-start=\"2059\" data-end=\"2198\">\n<li data-start=\"2059\" data-end=\"2097\">\n<p data-start=\"2061\" data-end=\"2097\">Gi\u1eef hi\u1ec7u su\u1ea5t h\u00fat ch\u00e2n kh\u00f4ng \u1ed5n \u0111\u1ecbnh<\/p>\n<\/li>\n<li data-start=\"2098\" data-end=\"2120\">\n<p data-start=\"2100\" data-end=\"2120\">K\u00e9o d\u00e0i tu\u1ed5i th\u1ecd b\u01a1m<\/p>\n<\/li>\n<li data-start=\"2121\" data-end=\"2198\">\n<p data-start=\"2123\" data-end=\"2198\">Tr\u00e1nh t\u00ecnh tr\u1ea1ng <strong data-start=\"2140\" data-end=\"2151\">k\u1eb9t b\u01a1m<\/strong>, <strong data-start=\"2153\" data-end=\"2170\">m\u00f2n kh\u00f4ng \u0111\u1ec1u<\/strong>, <strong data-start=\"2172\" data-end=\"2198\">t\u0103ng nhi\u1ec7t \u0111\u1ed9 v\u1eadn h\u00e0nh<\/strong><\/p>\n<\/li>\n<\/ul>\n<p data-start=\"2200\" data-end=\"2289\"><strong data-start=\"2200\" data-end=\"2215\">Khuy\u1ebfn ngh\u1ecb<\/strong>: Ki\u1ec3m tra c\u00e1nh g\u1ea1t m\u1ed7i 3.000 \u2013 5.000 gi\u1edd v\u1eadn h\u00e0nh (t\u00f9y \u0111i\u1ec1u ki\u1ec7n s\u1eed d\u1ee5ng)<\/p>\n<hr data-start=\"2291\" data-end=\"2294\" \/>\n<h3 data-start=\"2296\" data-end=\"2342\"><span class=\"ez-toc-section\" id=\"%F0%9F%93%9E_LIEN_HE_HO_TRO_KY_THUAT_VA_PHU_TUNG\"><\/span>\ud83d\udcde <strong data-start=\"2303\" data-end=\"2342\">LI\u00caN H\u1ec6 H\u1ed6 TR\u1ee2 K\u1ef8 THU\u1eacT V\u00c0 PH\u1ee4 T\u00d9NG<\/strong><span class=\"ez-toc-section-end\"><\/span><\/h3>\n<p data-start=\"2344\" data-end=\"2488\"><strong data-start=\"2344\" data-end=\"2389\">C\u00d4NG TY TNHH K\u1ef8 THU\u1eacT V\u00c0 D\u1ecaCH V\u1ee4 MINH PH\u00da<\/strong><br data-start=\"2389\" data-end=\"2392\" \/>\ud83d\udcde Hotline: 0985 459 559<br data-start=\"2416\" data-end=\"2419\" \/>\ud83d\udce7 Email: <a class=\"cursor-pointer\" rel=\"noopener\" data-start=\"2429\" data-end=\"2447\">Sales@minhphuco.vn<\/a><br data-start=\"2447\" data-end=\"2450\" \/>\ud83d\udcf1 Zalo: 0985 490 343 \/ 0985 843 778<\/p>\n<hr data-start=\"2490\" data-end=\"2493\" \/>\n<p data-start=\"2495\" data-end=\"2512\">N\u1ebfu b\u1ea1n c\u1ea7n th\u00eam:<\/p>\n<ul data-start=\"2513\" data-end=\"2645\">\n<li data-start=\"2513\" data-end=\"2562\">\n<p data-start=\"2515\" data-end=\"2562\"><strong data-start=\"2515\" data-end=\"2548\">T\u00e0i li\u1ec7u k\u1ef9 thu\u1eadt (datasheet)<\/strong> c\u1ee7a HO 0429 F<\/p>\n<\/li>\n<li data-start=\"2563\" data-end=\"2591\">\n<p data-start=\"2565\" data-end=\"2591\"><strong data-start=\"2565\" data-end=\"2591\">H\u01b0\u1edbng d\u1eabn l\u1eafp c\u00e1nh g\u1ea1t<\/strong><\/p>\n<\/li>\n<li data-start=\"2592\" data-end=\"2645\">\n<p data-start=\"2594\" data-end=\"2645\"><strong data-start=\"2594\" data-end=\"2645\">Th\u1eddi gian thay th\u1ebf khuy\u1ebfn ngh\u1ecb c\u1ee7a nh\u00e0 s\u1ea3n xu\u1ea5t<\/strong><\/p>\n<\/li>\n<\/ul>\n<p data-start=\"2647\" data-end=\"2749\" data-is-last-node=\"\" data-is-only-node=\"\">M\u00ecnh c\u00f3 th\u1ec3 h\u1ed7 tr\u1ee3 t\u00ecm ho\u1eb7c g\u1eedi b\u1ea1n m\u1eabu c\u1ee5 th\u1ec3. B\u1ea1n c\u00f3 mu\u1ed1n m\u00ecnh t\u00ecm t\u00e0i li\u1ec7u chi ti\u1ebft t\u1eeb Busch kh\u00f4ng?<\/p>\n<\/div>\n<\/div>\n<\/div>\n<\/div>\n<\/div>\n<\/div>\n","protected":false},"excerpt":{"rendered":"<p>M\u1ed9t b\u1ed9 g\u1ed3m 11 c\u00e1nh g\u1ea1t v\u1edbi k\u00edch th\u01b0\u1edbc: <strong>00<\/strong>\u00a0<strong>mm (chi\u1ec1u d\u00e0i) \u00d7 00 mm\u00a0 mm (chi\u1ec1u r\u1ed9ng\/cao) \u00d7 00 mm (\u0111\u1ed9 d\u00e0y)<\/strong><br \/>\nD\u00f9ng cho c\u00e1c m\u00e1y b\u01a1m :Busch HUCKEPACK HO 0429 F<\/p>\n<p>V\u1eadt li\u1ec7u theo c\u00f4ng b\u1ed1 c\u1ee7a Busch l\u00e0 Titan<\/p>\n","protected":false},"featured_media":7805,"comment_status":"open","ping_status":"closed","template":"","meta":{"_acf_changed":false},"product_brand":[],"product_cat":[708,69],"product_tag":[2050,2051],"class_list":{"0":"post-8043","1":"product","2":"type-product","3":"status-publish","4":"has-post-thumbnail","6":"product_cat-busch-vanes","7":"product_cat-canh-vane","8":"product_tag-2050","9":"product_tag-busch-huckepack-ho-0429-f","11":"first","12":"instock","13":"shipping-taxable","14":"product-type-simple"},"acf":[],"_links":{"self":[{"href":"https:\/\/mpvane.com\/en\/wp-json\/wp\/v2\/product\/8043","targetHints":{"allow":["GET"]}}],"collection":[{"href":"https:\/\/mpvane.com\/en\/wp-json\/wp\/v2\/product"}],"about":[{"href":"https:\/\/mpvane.com\/en\/wp-json\/wp\/v2\/types\/product"}],"replies":[{"embeddable":true,"href":"https:\/\/mpvane.com\/en\/wp-json\/wp\/v2\/comments?post=8043"}],"version-history":[{"count":2,"href":"https:\/\/mpvane.com\/en\/wp-json\/wp\/v2\/product\/8043\/revisions"}],"predecessor-version":[{"id":8047,"href":"https:\/\/mpvane.com\/en\/wp-json\/wp\/v2\/product\/8043\/revisions\/8047"}],"wp:featuredmedia":[{"embeddable":true,"href":"https:\/\/mpvane.com\/en\/wp-json\/wp\/v2\/media\/7805"}],"wp:attachment":[{"href":"https:\/\/mpvane.com\/en\/wp-json\/wp\/v2\/media?parent=8043"}],"wp:term":[{"taxonomy":"product_brand","embeddable":true,"href":"https:\/\/mpvane.com\/en\/wp-json\/wp\/v2\/product_brand?post=8043"},{"taxonomy":"product_cat","embeddable":true,"href":"https:\/\/mpvane.com\/en\/wp-json\/wp\/v2\/product_cat?post=8043"},{"taxonomy":"product_tag","embeddable":true,"href":"https:\/\/mpvane.com\/en\/wp-json\/wp\/v2\/product_tag?post=8043"}],"curies":[{"name":"wp","href":"https:\/\/api.w.org\/{rel}","templated":true}]}}