{"id":8039,"date":"2025-05-28T15:51:37","date_gmt":"2025-05-28T08:51:37","guid":{"rendered":"https:\/\/mpvane.com\/?post_type=product&#038;p=8039"},"modified":"2025-05-28T15:59:08","modified_gmt":"2025-05-28T08:59:08","slug":"bo-7-canh-than-carbon-072255430207225248330722554302-seco-sv-1025-c-seco-sd-1025-cseco-dc-0025-c-copy","status":"publish","type":"product","link":"https:\/\/mpvane.com\/en\/san-pham\/bo-7-canh-than-carbon-072255430207225248330722554302-seco-sv-1025-c-seco-sd-1025-cseco-dc-0025-c-copy\/","title":{"rendered":"B\u1ed9 7 c\u00e1nh than carbon 0722554302|0722524833|0722554302 SECO SV 1025 C SECO SD 1025 CSECO DC 0025 C (Copy)"},"content":{"rendered":"<div id=\"ez-toc-container\" class=\"ez-toc-v2_0_75 counter-hierarchy ez-toc-counter ez-toc-grey ez-toc-container-direction\">\n<div class=\"ez-toc-title-container\">\n<p class=\"ez-toc-title\" style=\"cursor:inherit\">Table of Contents<\/p>\n<span class=\"ez-toc-title-toggle\"><a href=\"#\" class=\"ez-toc-pull-right ez-toc-btn ez-toc-btn-xs ez-toc-btn-default ez-toc-toggle\" aria-label=\"Toggle Table of Content\"><span class=\"ez-toc-js-icon-con\"><span class=\"\"><span class=\"eztoc-hide\" style=\"display:none;\">Toggle<\/span><span class=\"ez-toc-icon-toggle-span\"><svg style=\"fill: #999;color:#999\" xmlns=\"http:\/\/www.w3.org\/2000\/svg\" class=\"list-377408\" width=\"20px\" height=\"20px\" viewBox=\"0 0 24 24\" fill=\"none\"><path d=\"M6 6H4v2h2V6zm14 0H8v2h12V6zM4 11h2v2H4v-2zm16 0H8v2h12v-2zM4 16h2v2H4v-2zm16 0H8v2h12v-2z\" fill=\"currentColor\"><\/path><\/svg><svg style=\"fill: #999;color:#999\" class=\"arrow-unsorted-368013\" xmlns=\"http:\/\/www.w3.org\/2000\/svg\" width=\"10px\" height=\"10px\" viewBox=\"0 0 24 24\" version=\"1.2\" baseProfile=\"tiny\"><path d=\"M18.2 9.3l-6.2-6.3-6.2 6.3c-.2.2-.3.4-.3.7s.1.5.3.7c.2.2.4.3.7.3h11c.3 0 .5-.1.7-.3.2-.2.3-.5.3-.7s-.1-.5-.3-.7zM5.8 14.7l6.2 6.3 6.2-6.3c.2-.2.3-.5.3-.7s-.1-.5-.3-.7c-.2-.2-.4-.3-.7-.3h-11c-.3 0-.5.1-.7.3-.2.2-.3.5-.3.7s.1.5.3.7z\"\/><\/svg><\/span><\/span><\/span><\/a><\/span><\/div>\n<nav><ul class='ez-toc-list ez-toc-list-level-1 ' ><li class='ez-toc-page-1 ez-toc-heading-level-3'><a class=\"ez-toc-link ez-toc-heading-1\" href=\"https:\/\/mpvane.com\/en\/san-pham\/bo-7-canh-than-carbon-072255430207225248330722554302-seco-sv-1025-c-seco-sd-1025-cseco-dc-0025-c-copy\/#1_Thong_so_ky_thuat\" >1. Th\u00f4ng s\u1ed1 k\u1ef9 thu\u1eadt<\/a><\/li><li class='ez-toc-page-1 ez-toc-heading-level-3'><a class=\"ez-toc-link ez-toc-heading-2\" href=\"https:\/\/mpvane.com\/en\/san-pham\/bo-7-canh-than-carbon-072255430207225248330722554302-seco-sv-1025-c-seco-sd-1025-cseco-dc-0025-c-copy\/#2_Ung_dung\" >2. \u1ee8ng d\u1ee5ng<\/a><\/li><li class='ez-toc-page-1 ez-toc-heading-level-3'><a class=\"ez-toc-link ez-toc-heading-3\" href=\"https:\/\/mpvane.com\/en\/san-pham\/bo-7-canh-than-carbon-072255430207225248330722554302-seco-sv-1025-c-seco-sd-1025-cseco-dc-0025-c-copy\/#3_UuNhuoc_diem_cua_bom_SECO\" >3. \u01afu\/Nh\u01b0\u1ee3c \u0111i\u1ec3m c\u1ee7a b\u01a1m SECO<\/a><\/li><li class='ez-toc-page-1 ez-toc-heading-level-3'><a class=\"ez-toc-link ez-toc-heading-4\" href=\"https:\/\/mpvane.com\/en\/san-pham\/bo-7-canh-than-carbon-072255430207225248330722554302-seco-sv-1025-c-seco-sd-1025-cseco-dc-0025-c-copy\/#4_Bao_tri_Luu_y\" >4. B\u1ea3o tr\u00ec &amp; L\u01b0u \u00fd<\/a><\/li><li class='ez-toc-page-1 ez-toc-heading-level-3'><a class=\"ez-toc-link ez-toc-heading-5\" href=\"https:\/\/mpvane.com\/en\/san-pham\/bo-7-canh-than-carbon-072255430207225248330722554302-seco-sv-1025-c-seco-sd-1025-cseco-dc-0025-c-copy\/#5_Lien_he_dat_hang\" >5. Li\u00ean h\u1ec7 \u0111\u1eb7t h\u00e0ng<\/a><\/li><\/ul><\/nav><\/div>\n<div class=\"dad65929\">\n<div class=\"_4f9bf79 d7dc56a8 _43c05b5\">\n<div class=\"ds-markdown ds-markdown--block\">\n<div class=\"dad65929\">\n<div class=\"_4f9bf79 d7dc56a8 _43c05b5\">\n<div class=\"ds-markdown ds-markdown--block\">\n<p class=\"ds-markdown-paragraph\">Th\u00f4ng tin chi ti\u1ebft v\u1ec1\u00a0<strong>B\u1ed9 7 c\u00e1nh than carbon (carbon vanes) cho b\u01a1m ch\u00e2n kh\u00f4ng Busch SECO<\/strong>:<\/p>\n<h3><span class=\"ez-toc-section\" id=\"1_Thong_so_ky_thuat\"><\/span><strong>1. Th\u00f4ng s\u1ed1 k\u1ef9 thu\u1eadt<\/strong><span class=\"ez-toc-section-end\"><\/span><\/h3>\n<ul>\n<li>\n<p class=\"ds-markdown-paragraph\"><strong>M\u00e3 s\u1ea3n ph\u1ea9m<\/strong>:<\/p>\n<ul>\n<li>\n<p class=\"ds-markdown-paragraph\">0722207620 | 0722534079 | 0722522488 | 0722000488 | 0722544213<\/p>\n<\/li>\n<\/ul>\n<\/li>\n<li>\n<p class=\"ds-markdown-paragraph\"><strong>K\u00edch th\u01b0\u1edbc<\/strong>:<\/p>\n<ul>\n<li>\n<p class=\"ds-markdown-paragraph\">Chi\u1ec1u d\u00e0i:\u00a0<strong>95 mm<\/strong><\/p>\n<\/li>\n<li>\n<p class=\"ds-markdown-paragraph\">Chi\u1ec1u r\u1ed9ng\/cao:\u00a0<strong>44 mm<\/strong><\/p>\n<\/li>\n<li>\n<p class=\"ds-markdown-paragraph\">\u0110\u1ed9 d\u00e0y:\u00a0<strong>4 mm<\/strong><\/p>\n<\/li>\n<\/ul>\n<\/li>\n<li>\n<p class=\"ds-markdown-paragraph\"><strong>V\u1eadt li\u1ec7u<\/strong>:\u00a0<strong>Aerodur Zirkon<\/strong>\u00a0(v\u1eadt li\u1ec7u \u0111\u1ed9 b\u1ec1n cao c\u1ee7a Busch, ch\u1ecbu m\u00e0i m\u00f2n t\u1ed1t).<\/p>\n<\/li>\n<li>\n<p class=\"ds-markdown-paragraph\"><strong>T\u01b0\u01a1ng th\u00edch<\/strong>: D\u00f9ng cho b\u01a1m ch\u00e2n kh\u00f4ng\u00a0<strong>Busch SECO SV 1040 C<\/strong>\u00a0v\u00e0\u00a0<strong>SECO DC 0040 C<\/strong>.<\/p>\n<\/li>\n<\/ul>\n<h3><span class=\"ez-toc-section\" id=\"2_Ung_dung\"><\/span><strong>2. \u1ee8ng d\u1ee5ng<\/strong><span class=\"ez-toc-section-end\"><\/span><\/h3>\n<ul>\n<li>\n<p class=\"ds-markdown-paragraph\"><strong>D\u00f2ng b\u01a1m SECO<\/strong>\u00a0c\u1ee7a Busch l\u00e0 b\u01a1m ch\u00e2n kh\u00f4ng\u00a0<strong>kh\u00f4 (kh\u00f4ng d\u1ea7u)<\/strong>, ph\u00f9 h\u1ee3p cho c\u00e1c ng\u00e0nh:<\/p>\n<ul>\n<li>\n<p class=\"ds-markdown-paragraph\">Y t\u1ebf, th\u00ed nghi\u1ec7m<\/p>\n<\/li>\n<li>\n<p class=\"ds-markdown-paragraph\">C\u00f4ng nghi\u1ec7p th\u1ef1c ph\u1ea9m, \u0111\u00f3ng g\u00f3i<\/p>\n<\/li>\n<li>\n<p class=\"ds-markdown-paragraph\">\u0110i\u1ec7n t\u1eed, b\u00e1n d\u1eabn<\/p>\n<\/li>\n<li>\n<p class=\"ds-markdown-paragraph\">M\u00f4i tr\u01b0\u1eddng y\u00eau c\u1ea7u s\u1ea1ch, kh\u00f4ng nhi\u1ec5m d\u1ea7u.<\/p>\n<\/li>\n<\/ul>\n<\/li>\n<\/ul>\n<h3><span class=\"ez-toc-section\" id=\"3_UuNhuoc_diem_cua_bom_SECO\"><\/span><strong>3. \u01afu\/Nh\u01b0\u1ee3c \u0111i\u1ec3m c\u1ee7a b\u01a1m SECO<\/strong><span class=\"ez-toc-section-end\"><\/span><\/h3>\n<div class=\"markdown-table-wrapper\">\n<table>\n<thead>\n<tr>\n<th><strong>\u01afu \u0111i\u1ec3m<\/strong><\/th>\n<th><strong>Nh\u01b0\u1ee3c \u0111i\u1ec3m<\/strong><\/th>\n<\/tr>\n<\/thead>\n<tbody>\n<tr>\n<td>\u2705\u00a0<strong>Kh\u00f4ng d\u1ea7u<\/strong>: Gi\u1ea3m \u00f4 nhi\u1ec5m, b\u1ea3o tr\u00ec \u0111\u01a1n gi\u1ea3n<\/td>\n<td>\u274c\u00a0<strong>Gi\u00e1 th\u00e0nh cao<\/strong>\u00a0h\u01a1n b\u01a1m d\u1ea7u<\/td>\n<\/tr>\n<tr>\n<td>\u2705\u00a0<strong>Hi\u1ec7u su\u1ea5t \u1ed5n \u0111\u1ecbnh<\/strong>, \u0111\u1ed9 ch\u00e2n kh\u00f4ng cao<\/td>\n<td>\u274c\u00a0<strong>Nh\u1ea1y c\u1ea3m v\u1edbi b\u1ee5i\/h\u01a1i \u1ea9m<\/strong><\/td>\n<\/tr>\n<tr>\n<td>\u2705\u00a0<strong>Tu\u1ed5i th\u1ecd d\u00e0i<\/strong>\u00a0n\u1ebfu b\u1ea3o d\u01b0\u1ee1ng \u0111\u00fang c\u00e1ch<\/td>\n<td>\u274c C\u00e1nh than carbon c\u1ea7n\u00a0<strong>thay \u0111\u1ecbnh k\u1ef3<\/strong><\/td>\n<\/tr>\n<\/tbody>\n<\/table>\n<\/div>\n<h3><span class=\"ez-toc-section\" id=\"4_Bao_tri_Luu_y\"><\/span><strong>4. B\u1ea3o tr\u00ec &amp; L\u01b0u \u00fd<\/strong><span class=\"ez-toc-section-end\"><\/span><\/h3>\n<ul>\n<li>\n<p class=\"ds-markdown-paragraph\"><strong>Thay c\u00e1nh than \u0111\u1ecbnh k\u1ef3<\/strong>\u00a0\u0111\u1ec3 tr\u00e1nh gi\u1ea3m hi\u1ec7u su\u1ea5t b\u01a1m.<\/p>\n<\/li>\n<li>\n<p class=\"ds-markdown-paragraph\"><strong>V\u1ec7 sinh bu\u1ed3ng b\u01a1m<\/strong>\u00a0khi thay c\u00e1nh, ki\u1ec3m tra khe h\u1edf.<\/p>\n<\/li>\n<li>\n<p class=\"ds-markdown-paragraph\">S\u1eed d\u1ee5ng\u00a0<strong>ph\u1ee5 t\u00f9ng ch\u00ednh h\u00e3ng Busch<\/strong>\u00a0\u0111\u1ec3 \u0111\u1ea3m b\u1ea3o \u0111\u1ed9 b\u1ec1n.<\/p>\n<\/li>\n<\/ul>\n<h3><span class=\"ez-toc-section\" id=\"5_Lien_he_dat_hang\"><\/span><strong>5. Li\u00ean h\u1ec7 \u0111\u1eb7t h\u00e0ng<\/strong><span class=\"ez-toc-section-end\"><\/span><\/h3>\n<ul>\n<li>\n<p class=\"ds-markdown-paragraph\"><strong>C\u00d4NG TY TNHH K\u1ef8 THU\u1eacT V\u00c0 D\u1ecaCH V\u1ee4 MINH PH\u00da<\/strong><\/p>\n<ul>\n<li>\n<p class=\"ds-markdown-paragraph\">\ud83d\udcde Hotline:\u00a0<strong>0985 459 559<\/strong><\/p>\n<\/li>\n<li>\n<p class=\"ds-markdown-paragraph\">\u2709 Email:\u00a0<strong><a href=\"https:\/\/mailto:Sales@minhphuco.vn\/\" target=\"_blank\" rel=\"noopener noreferrer\">Sales@minhphuco.vn<\/a><\/strong><\/p>\n<\/li>\n<li>\n<p class=\"ds-markdown-paragraph\">\ud83d\udcac Zalo:\u00a0<strong>0985 490 343<\/strong>\u00a0ho\u1eb7c\u00a0<strong>0985 843 778<\/strong><\/p>\n<\/li>\n<\/ul>\n<\/li>\n<\/ul>\n<p class=\"ds-markdown-paragraph\">\ud83d\udc49\u00a0<strong>L\u01b0u \u00fd<\/strong>: Cung c\u1ea5p m\u00e3 b\u01a1m (<strong>SV 1040 C\/DC 0040 C<\/strong>) khi \u0111\u1eb7t h\u00e0ng \u0111\u1ec3 nh\u1eadn b\u1ed9 c\u00e1nh than ch\u00ednh x\u00e1c!<\/p>\n<p class=\"ds-markdown-paragraph\">B\u1ea1n c\u1ea7n h\u1ed7 tr\u1ee3 th\u00eam v\u1ec1 k\u1ef9 thu\u1eadt ho\u1eb7c b\u00e1o gi\u00e1 chi ti\u1ebft? Minh Ph\u00fa c\u00f3 th\u1ec3 t\u01b0 v\u1ea5n ngay!<\/p>\n<\/div>\n<\/div>\n<\/div>\n<\/div>\n<\/div>\n<\/div>\n","protected":false},"excerpt":{"rendered":"<p>M\u1ed9t b\u1ed9 g\u1ed3m 3 c\u00e1nh g\u1ea1t v\u1edbi k\u00edch th\u01b0\u1edbc: <strong>95<\/strong>\u00a0<strong>mm (chi\u1ec1u d\u00e0i) \u00d7 44 mm\u00a0 mm (chi\u1ec1u r\u1ed9ng\/cao) \u00d7 4 mm (\u0111\u1ed9 d\u00e0y)<\/strong><br \/>\nD\u00f9ng cho c\u00e1c m\u00e1y b\u01a1m : Busch SECO SV 1040 C,Busch SECO SV 1040 C,Busch SECO DC 0040 C<\/p>\n<p>V\u1eadt li\u1ec7u theo c\u00f4ng b\u1ed1 c\u1ee7a Busch l\u00e0 Aerodur Zirkon<\/p>\n","protected":false},"featured_media":7805,"comment_status":"open","ping_status":"closed","template":"","meta":{"_acf_changed":false},"product_brand":[],"product_cat":[708,69],"product_tag":[2036,2033,2035,2034,2037,2032,2031,2030],"class_list":{"0":"post-8039","1":"product","2":"type-product","3":"status-publish","4":"has-post-thumbnail","6":"product_cat-busch-vanes","7":"product_cat-canh-vane","8":"product_tag-2036","9":"product_tag-2033","10":"product_tag-2035","11":"product_tag-2034","12":"product_tag-2037","13":"product_tag-seco-dc-0040-c","14":"product_tag-seco-sd-1040-c","15":"product_tag-seco-sv-1040-c","17":"first","18":"instock","19":"shipping-taxable","20":"product-type-simple"},"acf":[],"_links":{"self":[{"href":"https:\/\/mpvane.com\/en\/wp-json\/wp\/v2\/product\/8039","targetHints":{"allow":["GET"]}}],"collection":[{"href":"https:\/\/mpvane.com\/en\/wp-json\/wp\/v2\/product"}],"about":[{"href":"https:\/\/mpvane.com\/en\/wp-json\/wp\/v2\/types\/product"}],"replies":[{"embeddable":true,"href":"https:\/\/mpvane.com\/en\/wp-json\/wp\/v2\/comments?post=8039"}],"version-history":[{"count":2,"href":"https:\/\/mpvane.com\/en\/wp-json\/wp\/v2\/product\/8039\/revisions"}],"predecessor-version":[{"id":8042,"href":"https:\/\/mpvane.com\/en\/wp-json\/wp\/v2\/product\/8039\/revisions\/8042"}],"wp:featuredmedia":[{"embeddable":true,"href":"https:\/\/mpvane.com\/en\/wp-json\/wp\/v2\/media\/7805"}],"wp:attachment":[{"href":"https:\/\/mpvane.com\/en\/wp-json\/wp\/v2\/media?parent=8039"}],"wp:term":[{"taxonomy":"product_brand","embeddable":true,"href":"https:\/\/mpvane.com\/en\/wp-json\/wp\/v2\/product_brand?post=8039"},{"taxonomy":"product_cat","embeddable":true,"href":"https:\/\/mpvane.com\/en\/wp-json\/wp\/v2\/product_cat?post=8039"},{"taxonomy":"product_tag","embeddable":true,"href":"https:\/\/mpvane.com\/en\/wp-json\/wp\/v2\/product_tag?post=8039"}],"curies":[{"name":"wp","href":"https:\/\/api.w.org\/{rel}","templated":true}]}}