{"id":8033,"date":"2025-05-28T15:30:58","date_gmt":"2025-05-28T08:30:58","guid":{"rendered":"https:\/\/mpvane.com\/?post_type=product&#038;p=8033"},"modified":"2025-05-28T15:36:38","modified_gmt":"2025-05-28T08:36:38","slug":"bo-7-canh-than-carbon-0722000016-seco-dc-0063-b","status":"publish","type":"product","link":"https:\/\/mpvane.com\/en\/san-pham\/bo-7-canh-than-carbon-0722000016-seco-dc-0063-b\/","title":{"rendered":"B\u1ed9 7 c\u00e1nh than carbon 0722000016 SECO DC 0063 B"},"content":{"rendered":"<div id=\"ez-toc-container\" class=\"ez-toc-v2_0_75 counter-hierarchy ez-toc-counter ez-toc-grey ez-toc-container-direction\">\n<div class=\"ez-toc-title-container\">\n<p class=\"ez-toc-title\" style=\"cursor:inherit\">Table of Contents<\/p>\n<span class=\"ez-toc-title-toggle\"><a href=\"#\" class=\"ez-toc-pull-right ez-toc-btn ez-toc-btn-xs ez-toc-btn-default ez-toc-toggle\" aria-label=\"Toggle Table of Content\"><span class=\"ez-toc-js-icon-con\"><span class=\"\"><span class=\"eztoc-hide\" style=\"display:none;\">Toggle<\/span><span class=\"ez-toc-icon-toggle-span\"><svg style=\"fill: #999;color:#999\" xmlns=\"http:\/\/www.w3.org\/2000\/svg\" class=\"list-377408\" width=\"20px\" height=\"20px\" viewBox=\"0 0 24 24\" fill=\"none\"><path d=\"M6 6H4v2h2V6zm14 0H8v2h12V6zM4 11h2v2H4v-2zm16 0H8v2h12v-2zM4 16h2v2H4v-2zm16 0H8v2h12v-2z\" fill=\"currentColor\"><\/path><\/svg><svg style=\"fill: #999;color:#999\" class=\"arrow-unsorted-368013\" xmlns=\"http:\/\/www.w3.org\/2000\/svg\" width=\"10px\" height=\"10px\" viewBox=\"0 0 24 24\" version=\"1.2\" baseProfile=\"tiny\"><path d=\"M18.2 9.3l-6.2-6.3-6.2 6.3c-.2.2-.3.4-.3.7s.1.5.3.7c.2.2.4.3.7.3h11c.3 0 .5-.1.7-.3.2-.2.3-.5.3-.7s-.1-.5-.3-.7zM5.8 14.7l6.2 6.3 6.2-6.3c.2-.2.3-.5.3-.7s-.1-.5-.3-.7c-.2-.2-.4-.3-.7-.3h-11c-.3 0-.5.1-.7.3-.2.2-.3.5-.3.7s.1.5.3.7z\"\/><\/svg><\/span><\/span><\/span><\/a><\/span><\/div>\n<nav><ul class='ez-toc-list ez-toc-list-level-1 ' ><li class='ez-toc-page-1 ez-toc-heading-level-3'><a class=\"ez-toc-link ez-toc-heading-1\" href=\"https:\/\/mpvane.com\/en\/san-pham\/bo-7-canh-than-carbon-0722000016-seco-dc-0063-b\/#Thong_so_ky_thuat_chi_tiet\" >Th\u00f4ng s\u1ed1 k\u1ef9 thu\u1eadt chi ti\u1ebft<\/a><\/li><li class='ez-toc-page-1 ez-toc-heading-level-3'><a class=\"ez-toc-link ez-toc-heading-2\" href=\"https:\/\/mpvane.com\/en\/san-pham\/bo-7-canh-than-carbon-0722000016-seco-dc-0063-b\/#Ung_dung\" >\u1ee8ng d\u1ee5ng<\/a><\/li><li class='ez-toc-page-1 ez-toc-heading-level-3'><a class=\"ez-toc-link ez-toc-heading-3\" href=\"https:\/\/mpvane.com\/en\/san-pham\/bo-7-canh-than-carbon-0722000016-seco-dc-0063-b\/#Uu_diem_cua_bom_chan_khong_kho_Busch_SECO\" >\u01afu \u0111i\u1ec3m c\u1ee7a b\u01a1m ch\u00e2n kh\u00f4ng kh\u00f4 Busch SECO<\/a><\/li><li class='ez-toc-page-1 ez-toc-heading-level-3'><a class=\"ez-toc-link ez-toc-heading-4\" href=\"https:\/\/mpvane.com\/en\/san-pham\/bo-7-canh-than-carbon-0722000016-seco-dc-0063-b\/#Nhuoc_diem\" >Nh\u01b0\u1ee3c \u0111i\u1ec3m<\/a><\/li><li class='ez-toc-page-1 ez-toc-heading-level-3'><a class=\"ez-toc-link ez-toc-heading-5\" href=\"https:\/\/mpvane.com\/en\/san-pham\/bo-7-canh-than-carbon-0722000016-seco-dc-0063-b\/#Khi_nao_can_thay_canh_than\" >Khi n\u00e0o c\u1ea7n thay c\u00e1nh than?<\/a><\/li><li class='ez-toc-page-1 ez-toc-heading-level-3'><a class=\"ez-toc-link ez-toc-heading-6\" href=\"https:\/\/mpvane.com\/en\/san-pham\/bo-7-canh-than-carbon-0722000016-seco-dc-0063-b\/#Luu_y_khi_thay_the\" >L\u01b0u \u00fd khi thay th\u1ebf<\/a><\/li><li class='ez-toc-page-1 ez-toc-heading-level-3'><a class=\"ez-toc-link ez-toc-heading-7\" href=\"https:\/\/mpvane.com\/en\/san-pham\/bo-7-canh-than-carbon-0722000016-seco-dc-0063-b\/#Dat_hang_Ho_tro_ky_thuat\" >\u0110\u1eb7t h\u00e0ng &amp; H\u1ed7 tr\u1ee3 k\u1ef9 thu\u1eadt<\/a><\/li><\/ul><\/nav><\/div>\n<p class=\"ds-markdown-paragraph\">B\u1ed9 c\u00e1nh than carbon\u00a0<strong>0722000016 SECO DC 0063 B<\/strong>\u00a0l\u00e0 ph\u1ee5 t\u00f9ng ch\u00ednh h\u00e3ng d\u00e0nh cho b\u01a1m ch\u00e2n kh\u00f4ng kh\u00f4\u00a0<strong>Busch SECO<\/strong>, \u0111\u01b0\u1ee3c s\u1ea3n xu\u1ea5t t\u1eeb v\u1eadt li\u1ec7u\u00a0<strong>EK60 (carbon cao c\u1ea5p)<\/strong>\u00a0\u0111\u1ec3 \u0111\u1ea3m b\u1ea3o \u0111\u1ed9 b\u1ec1n v\u00e0 kh\u1ea3 n\u0103ng ch\u1ecbu m\u00e0i m\u00f2n.<\/p>\n<h3><span class=\"ez-toc-section\" id=\"Thong_so_ky_thuat_chi_tiet\"><\/span><strong>Th\u00f4ng s\u1ed1 k\u1ef9 thu\u1eadt chi ti\u1ebft<\/strong><span class=\"ez-toc-section-end\"><\/span><\/h3>\n<ul>\n<li>\n<p class=\"ds-markdown-paragraph\"><strong>K\u00edch th\u01b0\u1edbc:<\/strong><\/p>\n<ul>\n<li>\n<p class=\"ds-markdown-paragraph\">Chi\u1ec1u d\u00e0i:\u00a0<strong>135 mm<\/strong><\/p>\n<\/li>\n<li>\n<p class=\"ds-markdown-paragraph\">Chi\u1ec1u r\u1ed9ng\/cao:\u00a0<strong>44 mm<\/strong><\/p>\n<\/li>\n<li>\n<p class=\"ds-markdown-paragraph\">\u0110\u1ed9 d\u00e0y:\u00a0<strong>4 mm<\/strong><\/p>\n<\/li>\n<\/ul>\n<\/li>\n<li>\n<p class=\"ds-markdown-paragraph\"><strong>V\u1eadt li\u1ec7u:<\/strong>\u00a0<strong>Carbon EK60<\/strong>\u00a0(ch\u1ea5t l\u01b0\u1ee3ng cao, ch\u1ed1ng m\u00e0i m\u00f2n t\u1ed1t)<\/p>\n<\/li>\n<li>\n<p class=\"ds-markdown-paragraph\"><strong>S\u1ed1 l\u01b0\u1ee3ng:<\/strong>\u00a0<strong>1 b\u1ed9 (7 c\u00e1nh than)<\/strong><\/p>\n<\/li>\n<\/ul>\n<h3><span class=\"ez-toc-section\" id=\"Ung_dung\"><\/span><strong>\u1ee8ng d\u1ee5ng<\/strong><span class=\"ez-toc-section-end\"><\/span><\/h3>\n<ul>\n<li>\n<p class=\"ds-markdown-paragraph\">D\u00f9ng cho\u00a0<strong>b\u01a1m ch\u00e2n kh\u00f4ng kh\u00f4 Busch SECO DC 0063 B<\/strong><\/p>\n<\/li>\n<li>\n<p class=\"ds-markdown-paragraph\">Ph\u00f9 h\u1ee3p cho c\u00e1c ng\u00e0nh y\u00eau c\u1ea7u ch\u00e2n kh\u00f4ng s\u1ea1ch:\u00a0<strong>d\u01b0\u1ee3c ph\u1ea9m, th\u1ef1c ph\u1ea9m, \u0111i\u1ec7n t\u1eed, ph\u00f2ng th\u00ed nghi\u1ec7m&#8230;<\/strong><\/p>\n<\/li>\n<\/ul>\n<h3><span class=\"ez-toc-section\" id=\"Uu_diem_cua_bom_chan_khong_kho_Busch_SECO\"><\/span><strong>\u01afu \u0111i\u1ec3m c\u1ee7a b\u01a1m ch\u00e2n kh\u00f4ng kh\u00f4 Busch SECO<\/strong><span class=\"ez-toc-section-end\"><\/span><\/h3>\n<p class=\"ds-markdown-paragraph\">\u2714\u00a0<strong>Kh\u00f4ng d\u1ea7u<\/strong>\u00a0\u2192 Gi\u1ea3m \u00f4 nhi\u1ec5m, ph\u00f9 h\u1ee3p m\u00f4i tr\u01b0\u1eddng s\u1ea1ch<br \/>\n\u2714\u00a0<strong>Hi\u1ec7u su\u1ea5t cao, \u0111\u1ed9 b\u1ec1n t\u1ed1t<\/strong><br \/>\n\u2714\u00a0<strong>B\u1ea3o tr\u00ec \u00edt<\/strong>\u00a0h\u01a1n so v\u1edbi b\u01a1m ch\u00e2n kh\u00f4ng d\u1ea7u<br \/>\n\u2714\u00a0<strong>Ho\u1ea1t \u0111\u1ed9ng \u00eam<\/strong>, \u00edt ti\u1ebfng \u1ed3n<\/p>\n<h3><span class=\"ez-toc-section\" id=\"Nhuoc_diem\"><\/span><strong>Nh\u01b0\u1ee3c \u0111i\u1ec3m<\/strong><span class=\"ez-toc-section-end\"><\/span><\/h3>\n<p class=\"ds-markdown-paragraph\">\u2716\u00a0<strong>Gi\u00e1 th\u00e0nh cao<\/strong>\u00a0h\u01a1n b\u01a1m ch\u00e2n kh\u00f4ng d\u1ea7u<br \/>\n\u2716\u00a0<strong>C\u1ea7n thay c\u00e1nh than \u0111\u1ecbnh k\u1ef3<\/strong>\u00a0do hao m\u00f2n<\/p>\n<h3><span class=\"ez-toc-section\" id=\"Khi_nao_can_thay_canh_than\"><\/span><strong>Khi n\u00e0o c\u1ea7n thay c\u00e1nh than?<\/strong><span class=\"ez-toc-section-end\"><\/span><\/h3>\n<ul>\n<li>\n<p class=\"ds-markdown-paragraph\">B\u01a1m\u00a0<strong>gi\u1ea3m \u00e1p su\u1ea5t ch\u00e2n kh\u00f4ng<\/strong><\/p>\n<\/li>\n<li>\n<p class=\"ds-markdown-paragraph\">Xu\u1ea5t hi\u1ec7n\u00a0<strong>ti\u1ebfng \u1ed3n l\u1ea1<\/strong>\u00a0do c\u00e1nh than m\u00f2n<\/p>\n<\/li>\n<li>\n<p class=\"ds-markdown-paragraph\"><strong>Rung \u0111\u1ed9ng t\u0103ng<\/strong>\u00a0khi ho\u1ea1t \u0111\u1ed9ng<\/p>\n<\/li>\n<\/ul>\n<h3><span class=\"ez-toc-section\" id=\"Luu_y_khi_thay_the\"><\/span><strong>L\u01b0u \u00fd khi thay th\u1ebf<\/strong><span class=\"ez-toc-section-end\"><\/span><\/h3>\n<p class=\"ds-markdown-paragraph\">\u2705\u00a0<strong>Ch\u1ec9 d\u00f9ng c\u00e1nh than ch\u00ednh h\u00e3ng Busch (EK60)<\/strong>\u00a0\u0111\u1ec3 \u0111\u1ea3m b\u1ea3o tu\u1ed5i th\u1ecd<br \/>\n\u2705\u00a0<strong>V\u1ec7 sinh bu\u1ed3ng b\u01a1m<\/strong>\u00a0tr\u01b0\u1edbc khi l\u1eafp c\u00e1nh m\u1edbi<br \/>\n\u2705\u00a0<strong>Ki\u1ec3m tra rotor, gio\u0103ng ph\u1edbt<\/strong>\u00a0\u0111\u1ec3 tr\u00e1nh h\u01b0 h\u1ecfng k\u00e8m theo<\/p>\n<h3><span class=\"ez-toc-section\" id=\"Dat_hang_Ho_tro_ky_thuat\"><\/span><strong>\u0110\u1eb7t h\u00e0ng &amp; H\u1ed7 tr\u1ee3 k\u1ef9 thu\u1eadt<\/strong><span class=\"ez-toc-section-end\"><\/span><\/h3>\n<p class=\"ds-markdown-paragraph\">\ud83d\udcde\u00a0<strong>Hotline:<\/strong>\u00a0<strong>0985 459 559<\/strong><br \/>\n\ud83d\udce7\u00a0<strong>Email:<\/strong>\u00a0<strong><a href=\"https:\/\/mailto:Sales@minhphuco.vn\/\" target=\"_blank\" rel=\"noopener noreferrer\">Sales@minhphuco.vn<\/a><\/strong><br \/>\n\ud83d\udcbb\u00a0<strong>Website:<\/strong>\u00a0<a href=\"https:\/\/minhphuco.vn\/\" target=\"_blank\" rel=\"noopener noreferrer\">minhphuco.vn<\/a><br \/>\n\ud83d\udcf1\u00a0<strong>Zalo:<\/strong>\u00a0<strong>0985 490 343 \/ 0985 843 778<\/strong><\/p>\n<p class=\"ds-markdown-paragraph\">C\u00f4ng ty\u00a0<strong>Minh Ph\u00fa<\/strong>\u00a0cam k\u1ebft cung c\u1ea5p\u00a0<strong>ph\u1ee5 t\u00f9ng ch\u00ednh h\u00e3ng<\/strong>, h\u1ed7 tr\u1ee3 k\u1ef9 thu\u1eadt\u00a0<strong>nhanh ch\u00f3ng<\/strong>, b\u1ea3o h\u00e0nh\u00a0<strong>uy t\u00edn<\/strong>. Li\u00ean h\u1ec7 ngay \u0111\u1ec3 \u0111\u01b0\u1ee3c t\u01b0 v\u1ea5n! \ud83d\ude80<\/p>\n","protected":false},"excerpt":{"rendered":"<p>M\u1ed9t b\u1ed9 g\u1ed3m 7 c\u00e1nh than v\u1edbi k\u00edch th\u01b0\u1edbc: <strong>135 mm (chi\u1ec1u d\u00e0i) \u00d7 44 mm (chi\u1ec1u r\u1ed9ng\/cao) \u00d7 4 mm (\u0111\u1ed9 d\u00e0y)<\/strong><br \/>\nD\u00f9ng cho c\u00e1c m\u00e1y b\u01a1m : Busch <strong>SECO DC 0063 B<\/strong><br \/>\nV\u1eadt li\u1ec7u theo c\u00f4ng b\u1ed1 c\u1ee7a Busch l\u00e0 EK60<\/p>\n","protected":false},"featured_media":7805,"comment_status":"open","ping_status":"closed","template":"","meta":{"_acf_changed":false},"product_brand":[],"product_cat":[708,69],"product_tag":[2014,2023],"class_list":{"0":"post-8033","1":"product","2":"type-product","3":"status-publish","4":"has-post-thumbnail","6":"product_cat-busch-vanes","7":"product_cat-canh-vane","8":"product_tag-2014","9":"product_tag-seco-dc-0063-b","11":"first","12":"instock","13":"shipping-taxable","14":"product-type-simple"},"acf":[],"_links":{"self":[{"href":"https:\/\/mpvane.com\/en\/wp-json\/wp\/v2\/product\/8033","targetHints":{"allow":["GET"]}}],"collection":[{"href":"https:\/\/mpvane.com\/en\/wp-json\/wp\/v2\/product"}],"about":[{"href":"https:\/\/mpvane.com\/en\/wp-json\/wp\/v2\/types\/product"}],"replies":[{"embeddable":true,"href":"https:\/\/mpvane.com\/en\/wp-json\/wp\/v2\/comments?post=8033"}],"version-history":[{"count":1,"href":"https:\/\/mpvane.com\/en\/wp-json\/wp\/v2\/product\/8033\/revisions"}],"predecessor-version":[{"id":8035,"href":"https:\/\/mpvane.com\/en\/wp-json\/wp\/v2\/product\/8033\/revisions\/8035"}],"wp:featuredmedia":[{"embeddable":true,"href":"https:\/\/mpvane.com\/en\/wp-json\/wp\/v2\/media\/7805"}],"wp:attachment":[{"href":"https:\/\/mpvane.com\/en\/wp-json\/wp\/v2\/media?parent=8033"}],"wp:term":[{"taxonomy":"product_brand","embeddable":true,"href":"https:\/\/mpvane.com\/en\/wp-json\/wp\/v2\/product_brand?post=8033"},{"taxonomy":"product_cat","embeddable":true,"href":"https:\/\/mpvane.com\/en\/wp-json\/wp\/v2\/product_cat?post=8033"},{"taxonomy":"product_tag","embeddable":true,"href":"https:\/\/mpvane.com\/en\/wp-json\/wp\/v2\/product_tag?post=8033"}],"curies":[{"name":"wp","href":"https:\/\/api.w.org\/{rel}","templated":true}]}}