{"id":8030,"date":"2025-05-28T15:23:44","date_gmt":"2025-05-28T08:23:44","guid":{"rendered":"https:\/\/mpvane.com\/?post_type=product&#038;p=8030"},"modified":"2025-05-28T15:50:52","modified_gmt":"2025-05-28T08:50:52","slug":"bo-7-canh-than-carbon-0722000489072252248607225224890722554298-seco-sv-1016-cseco-sd-1016-c","status":"publish","type":"product","link":"https:\/\/mpvane.com\/en\/san-pham\/bo-7-canh-than-carbon-0722000489072252248607225224890722554298-seco-sv-1016-cseco-sd-1016-c\/","title":{"rendered":"B\u1ed9 7 c\u00e1nh than carbon 0722000489|0722522486|0722522489|0722554298 SECO SV 1016 C,SECO SD 1016 C"},"content":{"rendered":"<div id=\"ez-toc-container\" class=\"ez-toc-v2_0_75 counter-hierarchy ez-toc-counter ez-toc-grey ez-toc-container-direction\">\n<div class=\"ez-toc-title-container\">\n<p class=\"ez-toc-title\" style=\"cursor:inherit\">Table of Contents<\/p>\n<span class=\"ez-toc-title-toggle\"><a href=\"#\" class=\"ez-toc-pull-right ez-toc-btn ez-toc-btn-xs ez-toc-btn-default ez-toc-toggle\" aria-label=\"Toggle Table of Content\"><span class=\"ez-toc-js-icon-con\"><span class=\"\"><span class=\"eztoc-hide\" style=\"display:none;\">Toggle<\/span><span class=\"ez-toc-icon-toggle-span\"><svg style=\"fill: #999;color:#999\" xmlns=\"http:\/\/www.w3.org\/2000\/svg\" class=\"list-377408\" width=\"20px\" height=\"20px\" viewBox=\"0 0 24 24\" fill=\"none\"><path d=\"M6 6H4v2h2V6zm14 0H8v2h12V6zM4 11h2v2H4v-2zm16 0H8v2h12v-2zM4 16h2v2H4v-2zm16 0H8v2h12v-2z\" fill=\"currentColor\"><\/path><\/svg><svg style=\"fill: #999;color:#999\" class=\"arrow-unsorted-368013\" xmlns=\"http:\/\/www.w3.org\/2000\/svg\" width=\"10px\" height=\"10px\" viewBox=\"0 0 24 24\" version=\"1.2\" baseProfile=\"tiny\"><path d=\"M18.2 9.3l-6.2-6.3-6.2 6.3c-.2.2-.3.4-.3.7s.1.5.3.7c.2.2.4.3.7.3h11c.3 0 .5-.1.7-.3.2-.2.3-.5.3-.7s-.1-.5-.3-.7zM5.8 14.7l6.2 6.3 6.2-6.3c.2-.2.3-.5.3-.7s-.1-.5-.3-.7c-.2-.2-.4-.3-.7-.3h-11c-.3 0-.5.1-.7.3-.2.2-.3.5-.3.7s.1.5.3.7z\"\/><\/svg><\/span><\/span><\/span><\/a><\/span><\/div>\n<nav><ul class='ez-toc-list ez-toc-list-level-1 ' ><li class='ez-toc-page-1 ez-toc-heading-level-3'><a class=\"ez-toc-link ez-toc-heading-1\" href=\"https:\/\/mpvane.com\/en\/san-pham\/bo-7-canh-than-carbon-0722000489072252248607225224890722554298-seco-sv-1016-cseco-sd-1016-c\/#1_Thong_tin_san_pham\" >1. Th\u00f4ng tin s\u1ea3n ph\u1ea9m<\/a><\/li><li class='ez-toc-page-1 ez-toc-heading-level-3'><a class=\"ez-toc-link ez-toc-heading-2\" href=\"https:\/\/mpvane.com\/en\/san-pham\/bo-7-canh-than-carbon-0722000489072252248607225224890722554298-seco-sv-1016-cseco-sd-1016-c\/#2_Ung_dung\" >2. \u1ee8ng d\u1ee5ng<\/a><\/li><li class='ez-toc-page-1 ez-toc-heading-level-3'><a class=\"ez-toc-link ez-toc-heading-3\" href=\"https:\/\/mpvane.com\/en\/san-pham\/bo-7-canh-than-carbon-0722000489072252248607225224890722554298-seco-sv-1016-cseco-sd-1016-c\/#3_UuNhuoc_diem_cua_bom_SECO\" >3. \u01afu\/Nh\u01b0\u1ee3c \u0111i\u1ec3m c\u1ee7a b\u01a1m SECO<\/a><\/li><li class='ez-toc-page-1 ez-toc-heading-level-3'><a class=\"ez-toc-link ez-toc-heading-4\" href=\"https:\/\/mpvane.com\/en\/san-pham\/bo-7-canh-than-carbon-0722000489072252248607225224890722554298-seco-sv-1016-cseco-sd-1016-c\/#4_Luu_y_khi_thay_thebao_duong_canh_than\" >4. L\u01b0u \u00fd khi thay th\u1ebf\/b\u1ea3o d\u01b0\u1ee1ng c\u00e1nh than<\/a><\/li><li class='ez-toc-page-1 ez-toc-heading-level-3'><a class=\"ez-toc-link ez-toc-heading-5\" href=\"https:\/\/mpvane.com\/en\/san-pham\/bo-7-canh-than-carbon-0722000489072252248607225224890722554298-seco-sv-1016-cseco-sd-1016-c\/#5_Lien_he_dat_hang\" >5. Li\u00ean h\u1ec7 \u0111\u1eb7t h\u00e0ng<\/a><\/li><\/ul><\/nav><\/div>\n<div class=\"dad65929\">\n<div class=\"_4f9bf79 d7dc56a8 _43c05b5\">\n<div class=\"ds-markdown ds-markdown--block\">\n<h3><span class=\"ez-toc-section\" id=\"1_Thong_tin_san_pham\"><\/span><strong>1. Th\u00f4ng tin s\u1ea3n ph\u1ea9m<\/strong><span class=\"ez-toc-section-end\"><\/span><\/h3>\n<ul>\n<li>\n<p class=\"ds-markdown-paragraph\"><strong>M\u00e3 s\u1ea3n ph\u1ea9m<\/strong>:<\/p>\n<ul>\n<li>\n<p class=\"ds-markdown-paragraph\"><code>0722000489<\/code>\u00a0|\u00a0<code>0722522486<\/code>\u00a0|\u00a0<code>0722522489<\/code>\u00a0|\u00a0<code>0722554298<\/code><\/p>\n<\/li>\n<li>\n<p class=\"ds-markdown-paragraph\">T\u01b0\u01a1ng th\u00edch v\u1edbi d\u00f2ng b\u01a1m:\u00a0<strong>Busch SECO SV 1016 C<\/strong>\u00a0v\u00e0\u00a0<strong>SECO SD 1016 C<\/strong>.<\/p>\n<\/li>\n<\/ul>\n<\/li>\n<li>\n<p class=\"ds-markdown-paragraph\"><strong>S\u1ed1 l\u01b0\u1ee3ng<\/strong>: 7 c\u00e1nh than\/b\u1ed9.<\/p>\n<\/li>\n<li>\n<p class=\"ds-markdown-paragraph\"><strong>K\u00edch th\u01b0\u1edbc<\/strong>:<\/p>\n<ul>\n<li>\n<p class=\"ds-markdown-paragraph\">Chi\u1ec1u d\u00e0i:\u00a0<strong>63 mm<\/strong><\/p>\n<\/li>\n<li>\n<p class=\"ds-markdown-paragraph\">Chi\u1ec1u r\u1ed9ng\/cao:\u00a0<strong>35 mm<\/strong><\/p>\n<\/li>\n<li>\n<p class=\"ds-markdown-paragraph\">\u0110\u1ed9 d\u00e0y:\u00a0<strong>4 mm<\/strong><\/p>\n<\/li>\n<\/ul>\n<\/li>\n<li>\n<p class=\"ds-markdown-paragraph\"><strong>V\u1eadt li\u1ec7u<\/strong>:\u00a0<strong>Aerodur Zirkon<\/strong>\u00a0(v\u1eadt li\u1ec7u \u0111\u1ed9c quy\u1ec1n c\u1ee7a Busch, c\u00f3 \u0111\u1ed9 b\u1ec1n cao, ch\u1ecbu m\u00e0i m\u00f2n t\u1ed1t).<\/p>\n<\/li>\n<\/ul>\n<hr \/>\n<h3><span class=\"ez-toc-section\" id=\"2_Ung_dung\"><\/span><strong>2. \u1ee8ng d\u1ee5ng<\/strong><span class=\"ez-toc-section-end\"><\/span><\/h3>\n<ul>\n<li>\n<p class=\"ds-markdown-paragraph\">D\u00f9ng cho\u00a0<strong>b\u01a1m ch\u00e2n kh\u00f4ng kh\u00f4 (dry vacuum pump)<\/strong>\u00a0d\u00f2ng\u00a0<strong>SECO<\/strong>\u00a0c\u1ee7a Busch \u2013 d\u00f2ng b\u01a1m cao c\u1ea5p\u00a0<strong>kh\u00f4ng d\u1ea7u<\/strong>, ph\u00f9 h\u1ee3p cho c\u00e1c \u1ee9ng d\u1ee5ng y\u00eau c\u1ea7u m\u00f4i tr\u01b0\u1eddng s\u1ea1ch (v\u00ed d\u1ee5: y t\u1ebf, th\u1ef1c ph\u1ea9m, \u0111i\u1ec7n t\u1eed).<\/p>\n<\/li>\n<\/ul>\n<hr \/>\n<h3><span class=\"ez-toc-section\" id=\"3_UuNhuoc_diem_cua_bom_SECO\"><\/span><strong>3. \u01afu\/Nh\u01b0\u1ee3c \u0111i\u1ec3m c\u1ee7a b\u01a1m SECO<\/strong><span class=\"ez-toc-section-end\"><\/span><\/h3>\n<div class=\"markdown-table-wrapper\">\n<table>\n<thead>\n<tr>\n<th><strong>\u01afu \u0111i\u1ec3m<\/strong><\/th>\n<th><strong>Nh\u01b0\u1ee3c \u0111i\u1ec3m<\/strong><\/th>\n<\/tr>\n<\/thead>\n<tbody>\n<tr>\n<td>\u2705\u00a0<strong>Kh\u00f4ng d\u1ea7u<\/strong>: Gi\u1ea3m \u00f4 nhi\u1ec5m, b\u1ea3o tr\u00ec \u0111\u01a1n gi\u1ea3n.<\/td>\n<td>\u274c\u00a0<strong>Gi\u00e1 th\u00e0nh cao<\/strong>\u00a0h\u01a1n b\u01a1m d\u00f9ng d\u1ea7u.<\/td>\n<\/tr>\n<tr>\n<td>\u2705\u00a0<strong>Hi\u1ec7u su\u1ea5t \u1ed5n \u0111\u1ecbnh<\/strong>, \u00edt hao m\u00f2n.<\/td>\n<td>\u274c\u00a0<strong>\u0110\u1ed9 \u1ed3n<\/strong>\u00a0c\u00f3 th\u1ec3 cao h\u01a1n so v\u1edbi b\u01a1m d\u1ea7u.<\/td>\n<\/tr>\n<tr>\n<td>\u2705\u00a0<strong>Ph\u00f9 h\u1ee3p cho m\u00f4i tr\u01b0\u1eddng s\u1ea1ch<\/strong>\u00a0(GMP, ph\u00f2ng lab).<\/td>\n<td>\u274c C\u1ea7n thay th\u1ebf \u0111\u1ecbnh k\u1ef3\u00a0<strong>c\u00e1nh than carbon<\/strong>.<\/td>\n<\/tr>\n<\/tbody>\n<\/table>\n<\/div>\n<hr \/>\n<h3><span class=\"ez-toc-section\" id=\"4_Luu_y_khi_thay_thebao_duong_canh_than\"><\/span><strong>4. L\u01b0u \u00fd khi thay th\u1ebf\/b\u1ea3o d\u01b0\u1ee1ng c\u00e1nh than<\/strong><span class=\"ez-toc-section-end\"><\/span><\/h3>\n<ul>\n<li>\n<p class=\"ds-markdown-paragraph\"><strong>Ki\u1ec3m tra \u0111\u1ecbnh k\u1ef3<\/strong>: C\u00e1nh than m\u00f2n c\u00f3 th\u1ec3 g\u00e2y gi\u1ea3m \u00e1p su\u1ea5t ch\u00e2n kh\u00f4ng ho\u1eb7c t\u0103ng ti\u1ebfng \u1ed3n.<\/p>\n<\/li>\n<li>\n<p class=\"ds-markdown-paragraph\"><strong>V\u1ec7 sinh bu\u1ed3ng b\u01a1m<\/strong>: Lo\u1ea1i b\u1ecf b\u1ee5i carbon t\u00edch t\u1ee5 \u0111\u1ec3 tr\u00e1nh h\u1ecfng h\u00f3c.<\/p>\n<\/li>\n<li>\n<p class=\"ds-markdown-paragraph\"><strong>S\u1eed d\u1ee5ng ph\u1ee5 t\u00f9ng ch\u00ednh h\u00e3ng<\/strong>: \u0110\u1ea3m b\u1ea3o \u0111\u1ed9 kh\u00edt v\u00e0 tu\u1ed5i th\u1ecd t\u1ed1i \u01b0u.<\/p>\n<\/li>\n<\/ul>\n<hr \/>\n<h3><span class=\"ez-toc-section\" id=\"5_Lien_he_dat_hang\"><\/span><strong>5. Li\u00ean h\u1ec7 \u0111\u1eb7t h\u00e0ng<\/strong><span class=\"ez-toc-section-end\"><\/span><\/h3>\n<ul>\n<li>\n<p class=\"ds-markdown-paragraph\"><strong>C\u00f4ng ty TNHH K\u1ef9 thu\u1eadt v\u00e0 D\u1ecbch v\u1ee5 Minh Ph\u00fa<\/strong><\/p>\n<ul>\n<li>\n<p class=\"ds-markdown-paragraph\">Hotline:\u00a0<strong>0985 459 559<\/strong><\/p>\n<\/li>\n<li>\n<p class=\"ds-markdown-paragraph\">Email:\u00a0<strong><a href=\"https:\/\/mailto:Sales@minhphuco.vn\/\" target=\"_blank\" rel=\"noopener noreferrer\">Sales@minhphuco.vn<\/a><\/strong><\/p>\n<\/li>\n<li>\n<p class=\"ds-markdown-paragraph\">Zalo:\u00a0<strong>0985 490 343<\/strong>\u00a0ho\u1eb7c\u00a0<strong>0985 843 778<\/strong><\/p>\n<\/li>\n<\/ul>\n<\/li>\n<\/ul>\n<hr \/>\n<p class=\"ds-markdown-paragraph\">N\u1ebfu b\u1ea1n c\u1ea7n h\u1ed7 tr\u1ee3 k\u1ef9 thu\u1eadt ho\u1eb7c b\u00e1o gi\u00e1 chi ti\u1ebft, h\u00e3y li\u00ean h\u1ec7 tr\u1ef1c ti\u1ebfp v\u1edbi Minh Ph\u00fa \u0111\u1ec3 \u0111\u01b0\u1ee3c t\u01b0 v\u1ea5n c\u1ee5 th\u1ec3 v\u1ec1\u00a0<strong>ph\u1ee5 t\u00f9ng thay th\u1ebf<\/strong>\u00a0ho\u1eb7c\u00a0<strong>b\u1ea3o d\u01b0\u1ee1ng b\u01a1m ch\u00e2n kh\u00f4ng Busch<\/strong>.<\/p>\n<\/div>\n<\/div>\n<\/div>\n","protected":false},"excerpt":{"rendered":"<p>M\u1ed9t b\u1ed9 g\u1ed3m 3 c\u00e1nh g\u1ea1t v\u1edbi k\u00edch th\u01b0\u1edbc: <strong>63<\/strong> <strong>mm (chi\u1ec1u d\u00e0i) \u00d7 35 mm\u00a0 mm (chi\u1ec1u r\u1ed9ng\/cao) \u00d7 4 mm (\u0111\u1ed9 d\u00e0y)<\/strong><br \/>\nD\u00f9ng cho c\u00e1c m\u00e1y b\u01a1m : Busch SECO SV 1016 C,Busch SECO SD 1016 C<br \/>\nV\u1eadt li\u1ec7u theo c\u00f4ng b\u1ed1 c\u1ee7a Busch l\u00e0 Aerodur Zirkon<\/p>\n","protected":false},"featured_media":7805,"comment_status":"open","ping_status":"closed","template":"","meta":{"_acf_changed":false},"product_brand":[],"product_cat":[708,69],"product_tag":[2017,2018,2019,2020,2022,2021],"class_list":{"0":"post-8030","1":"product","2":"type-product","3":"status-publish","4":"has-post-thumbnail","6":"product_cat-busch-vanes","7":"product_cat-canh-vane","8":"product_tag-2017","9":"product_tag-2018","10":"product_tag-2019","11":"product_tag-2020","12":"product_tag-seco-sd-1016-c","13":"product_tag-seco-sv-1016-c","15":"first","16":"instock","17":"shipping-taxable","18":"product-type-simple"},"acf":[],"_links":{"self":[{"href":"https:\/\/mpvane.com\/en\/wp-json\/wp\/v2\/product\/8030","targetHints":{"allow":["GET"]}}],"collection":[{"href":"https:\/\/mpvane.com\/en\/wp-json\/wp\/v2\/product"}],"about":[{"href":"https:\/\/mpvane.com\/en\/wp-json\/wp\/v2\/types\/product"}],"replies":[{"embeddable":true,"href":"https:\/\/mpvane.com\/en\/wp-json\/wp\/v2\/comments?post=8030"}],"version-history":[{"count":2,"href":"https:\/\/mpvane.com\/en\/wp-json\/wp\/v2\/product\/8030\/revisions"}],"predecessor-version":[{"id":8038,"href":"https:\/\/mpvane.com\/en\/wp-json\/wp\/v2\/product\/8030\/revisions\/8038"}],"wp:featuredmedia":[{"embeddable":true,"href":"https:\/\/mpvane.com\/en\/wp-json\/wp\/v2\/media\/7805"}],"wp:attachment":[{"href":"https:\/\/mpvane.com\/en\/wp-json\/wp\/v2\/media?parent=8030"}],"wp:term":[{"taxonomy":"product_brand","embeddable":true,"href":"https:\/\/mpvane.com\/en\/wp-json\/wp\/v2\/product_brand?post=8030"},{"taxonomy":"product_cat","embeddable":true,"href":"https:\/\/mpvane.com\/en\/wp-json\/wp\/v2\/product_cat?post=8030"},{"taxonomy":"product_tag","embeddable":true,"href":"https:\/\/mpvane.com\/en\/wp-json\/wp\/v2\/product_tag?post=8030"}],"curies":[{"name":"wp","href":"https:\/\/api.w.org\/{rel}","templated":true}]}}