{"id":8029,"date":"2025-05-28T15:08:00","date_gmt":"2025-05-28T08:08:00","guid":{"rendered":"https:\/\/mpvane.com\/?post_type=product&#038;p=8029"},"modified":"2025-05-28T15:25:27","modified_gmt":"2025-05-28T08:25:27","slug":"bo-4-canh-than-carbon-0722000016-seco-sv-1063-b-seco-sd-1063-b","status":"publish","type":"product","link":"https:\/\/mpvane.com\/en\/san-pham\/bo-4-canh-than-carbon-0722000016-seco-sv-1063-b-seco-sd-1063-b\/","title":{"rendered":"B\u1ed9 4 c\u00e1nh than carbon 0722000016 SECO SV 1063 B SECO SD 1063 B"},"content":{"rendered":"<div id=\"ez-toc-container\" class=\"ez-toc-v2_0_75 counter-hierarchy ez-toc-counter ez-toc-grey ez-toc-container-direction\">\n<div class=\"ez-toc-title-container\">\n<p class=\"ez-toc-title\" style=\"cursor:inherit\">Table of Contents<\/p>\n<span class=\"ez-toc-title-toggle\"><a href=\"#\" class=\"ez-toc-pull-right ez-toc-btn ez-toc-btn-xs ez-toc-btn-default ez-toc-toggle\" aria-label=\"Toggle Table of Content\"><span class=\"ez-toc-js-icon-con\"><span class=\"\"><span class=\"eztoc-hide\" style=\"display:none;\">Toggle<\/span><span class=\"ez-toc-icon-toggle-span\"><svg style=\"fill: #999;color:#999\" xmlns=\"http:\/\/www.w3.org\/2000\/svg\" class=\"list-377408\" width=\"20px\" height=\"20px\" viewBox=\"0 0 24 24\" fill=\"none\"><path d=\"M6 6H4v2h2V6zm14 0H8v2h12V6zM4 11h2v2H4v-2zm16 0H8v2h12v-2zM4 16h2v2H4v-2zm16 0H8v2h12v-2z\" fill=\"currentColor\"><\/path><\/svg><svg style=\"fill: #999;color:#999\" class=\"arrow-unsorted-368013\" xmlns=\"http:\/\/www.w3.org\/2000\/svg\" width=\"10px\" height=\"10px\" viewBox=\"0 0 24 24\" version=\"1.2\" baseProfile=\"tiny\"><path d=\"M18.2 9.3l-6.2-6.3-6.2 6.3c-.2.2-.3.4-.3.7s.1.5.3.7c.2.2.4.3.7.3h11c.3 0 .5-.1.7-.3.2-.2.3-.5.3-.7s-.1-.5-.3-.7zM5.8 14.7l6.2 6.3 6.2-6.3c.2-.2.3-.5.3-.7s-.1-.5-.3-.7c-.2-.2-.4-.3-.7-.3h-11c-.3 0-.5.1-.7.3-.2.2-.3.5-.3.7s.1.5.3.7z\"\/><\/svg><\/span><\/span><\/span><\/a><\/span><\/div>\n<nav><ul class='ez-toc-list ez-toc-list-level-1 ' ><li class='ez-toc-page-1 ez-toc-heading-level-3'><a class=\"ez-toc-link ez-toc-heading-1\" href=\"https:\/\/mpvane.com\/en\/san-pham\/bo-4-canh-than-carbon-0722000016-seco-sv-1063-b-seco-sd-1063-b\/#1_Thong_so_ky_thuat\" >1. Th\u00f4ng s\u1ed1 k\u1ef9 thu\u1eadt<\/a><\/li><li class='ez-toc-page-1 ez-toc-heading-level-3'><a class=\"ez-toc-link ez-toc-heading-2\" href=\"https:\/\/mpvane.com\/en\/san-pham\/bo-4-canh-than-carbon-0722000016-seco-sv-1063-b-seco-sd-1063-b\/#2_Gioi_thieu_dong_bom_SECO_cua_Busch\" >2. Gi\u1edbi thi\u1ec7u d\u00f2ng b\u01a1m SECO c\u1ee7a Busch<\/a><\/li><li class='ez-toc-page-1 ez-toc-heading-level-3'><a class=\"ez-toc-link ez-toc-heading-3\" href=\"https:\/\/mpvane.com\/en\/san-pham\/bo-4-canh-than-carbon-0722000016-seco-sv-1063-b-seco-sd-1063-b\/#3_Huong_dan_bao_tri_thay_the\" >3. H\u01b0\u1edbng d\u1eabn b\u1ea3o tr\u00ec &amp; thay th\u1ebf<\/a><\/li><li class='ez-toc-page-1 ez-toc-heading-level-3'><a class=\"ez-toc-link ez-toc-heading-4\" href=\"https:\/\/mpvane.com\/en\/san-pham\/bo-4-canh-than-carbon-0722000016-seco-sv-1063-b-seco-sd-1063-b\/#4_Dat_hang_Ho_tro_ky_thuat\" >4. \u0110\u1eb7t h\u00e0ng &amp; H\u1ed7 tr\u1ee3 k\u1ef9 thu\u1eadt<\/a><\/li><\/ul><\/nav><\/div>\n<p class=\"ds-markdown-paragraph\">Th\u00f4ng tin chi ti\u1ebft v\u1ec1\u00a0<strong>B\u1ed9 4 c\u00e1nh than carbon Busch Original 0722000016<\/strong>\u00a0d\u00e0nh cho b\u01a1m ch\u00e2n kh\u00f4ng kh\u00f4\u00a0<strong>SECO SV 1063 B\/SECO SD 1063 B<\/strong>:<\/p>\n<h3><span class=\"ez-toc-section\" id=\"1_Thong_so_ky_thuat\"><\/span><strong>1. Th\u00f4ng s\u1ed1 k\u1ef9 thu\u1eadt<\/strong><span class=\"ez-toc-section-end\"><\/span><\/h3>\n<ul>\n<li>\n<p class=\"ds-markdown-paragraph\"><strong>M\u00e3 s\u1ea3n ph\u1ea9m:<\/strong>\u00a00722000016<\/p>\n<\/li>\n<li>\n<p class=\"ds-markdown-paragraph\"><strong>K\u00edch th\u01b0\u1edbc:<\/strong><\/p>\n<ul>\n<li>\n<p class=\"ds-markdown-paragraph\">Chi\u1ec1u d\u00e0i: 135 mm<\/p>\n<\/li>\n<li>\n<p class=\"ds-markdown-paragraph\">Chi\u1ec1u r\u1ed9ng\/cao: 44 mm<\/p>\n<\/li>\n<li>\n<p class=\"ds-markdown-paragraph\">\u0110\u1ed9 d\u00e0y: 4 mm<\/p>\n<\/li>\n<\/ul>\n<\/li>\n<li>\n<p class=\"ds-markdown-paragraph\"><strong>V\u1eadt li\u1ec7u:<\/strong>\u00a0Carbon cao c\u1ea5p\u00a0<strong>EK60<\/strong>\u00a0(\u0111\u1ed9 b\u1ec1n cao, ch\u1ecbu m\u00e0i m\u00f2n t\u1ed1t).<\/p>\n<\/li>\n<li>\n<p class=\"ds-markdown-paragraph\"><strong>S\u1ed1 l\u01b0\u1ee3ng:<\/strong>\u00a01 b\u1ed9 g\u1ed3m 4 c\u00e1nh than.<\/p>\n<\/li>\n<li>\n<p class=\"ds-markdown-paragraph\"><strong>\u1ee8ng d\u1ee5ng:<\/strong>\u00a0D\u00f9ng cho b\u01a1m ch\u00e2n kh\u00f4ng kh\u00f4\u00a0<strong>Busch SECO SV 1063 B\/SD 1063 B<\/strong>.<\/p>\n<\/li>\n<\/ul>\n<h3><span class=\"ez-toc-section\" id=\"2_Gioi_thieu_dong_bom_SECO_cua_Busch\"><\/span><strong>2. Gi\u1edbi thi\u1ec7u d\u00f2ng b\u01a1m SECO c\u1ee7a Busch<\/strong><span class=\"ez-toc-section-end\"><\/span><\/h3>\n<ul>\n<li>\n<p class=\"ds-markdown-paragraph\"><strong>Xu\u1ea5t x\u1ee9:<\/strong>\u00a0Busch (\u0110\u1ee9c) \u2013 Th\u01b0\u01a1ng hi\u1ec7u h\u00e0ng \u0111\u1ea7u v\u1ec1 b\u01a1m ch\u00e2n kh\u00f4ng.<\/p>\n<\/li>\n<li>\n<p class=\"ds-markdown-paragraph\"><strong>Lo\u1ea1i:<\/strong>\u00a0B\u01a1m ch\u00e2n kh\u00f4ng\u00a0<strong>kh\u00f4 (kh\u00f4ng d\u1ea7u)<\/strong>, ph\u00f9 h\u1ee3p cho m\u00f4i tr\u01b0\u1eddng y\u00eau c\u1ea7u \u0111\u1ed9 s\u1ea1ch cao.<\/p>\n<\/li>\n<li>\n<p class=\"ds-markdown-paragraph\"><strong>\u01afu \u0111i\u1ec3m:<\/strong><\/p>\n<ul>\n<li>\n<p class=\"ds-markdown-paragraph\">Kh\u00f4ng g\u00e2y \u00f4 nhi\u1ec5m do kh\u00f4ng s\u1eed d\u1ee5ng d\u1ea7u.<\/p>\n<\/li>\n<li>\n<p class=\"ds-markdown-paragraph\">Hi\u1ec7u su\u1ea5t \u1ed5n \u0111\u1ecbnh, \u00edt b\u1ea3o tr\u00ec.<\/p>\n<\/li>\n<li>\n<p class=\"ds-markdown-paragraph\">L\u00fd t\u01b0\u1edfng cho ng\u00e0nh th\u1ef1c ph\u1ea9m, d\u01b0\u1ee3c ph\u1ea9m, \u0111i\u1ec7n t\u1eed.<\/p>\n<\/li>\n<\/ul>\n<\/li>\n<li>\n<p class=\"ds-markdown-paragraph\"><strong>Nh\u01b0\u1ee3c \u0111i\u1ec3m:<\/strong><\/p>\n<ul>\n<li>\n<p class=\"ds-markdown-paragraph\">Gi\u00e1 th\u00e0nh cao h\u01a1n b\u01a1m d\u1ea7u.<\/p>\n<\/li>\n<li>\n<p class=\"ds-markdown-paragraph\">C\u1ea7n thay c\u00e1nh than \u0111\u1ecbnh k\u1ef3 (tu\u1ed5i th\u1ecd ph\u1ee5 thu\u1ed9c v\u00e0o t\u1ea7n su\u1ea5t s\u1eed d\u1ee5ng).<\/p>\n<\/li>\n<\/ul>\n<\/li>\n<\/ul>\n<h3><span class=\"ez-toc-section\" id=\"3_Huong_dan_bao_tri_thay_the\"><\/span><strong>3. H\u01b0\u1edbng d\u1eabn b\u1ea3o tr\u00ec &amp; thay th\u1ebf<\/strong><span class=\"ez-toc-section-end\"><\/span><\/h3>\n<ul>\n<li>\n<p class=\"ds-markdown-paragraph\"><strong>D\u1ea5u hi\u1ec7u c\u1ea7n thay c\u00e1nh than:<\/strong><\/p>\n<ul>\n<li>\n<p class=\"ds-markdown-paragraph\">B\u01a1m k\u00e9m h\u00fat, t\u1ea1o ch\u00e2n kh\u00f4ng ch\u1eadm.<\/p>\n<\/li>\n<li>\n<p class=\"ds-markdown-paragraph\">Xu\u1ea5t hi\u1ec7n ti\u1ebfng \u1ed3n l\u1ea1 do c\u00e1nh than m\u00f2n kh\u00f4ng ti\u1ebfp x\u00fac \u0111\u1ec1u.<\/p>\n<\/li>\n<\/ul>\n<\/li>\n<li>\n<p class=\"ds-markdown-paragraph\"><strong>L\u01b0u \u00fd khi thay th\u1ebf:<\/strong><\/p>\n<ul>\n<li>\n<p class=\"ds-markdown-paragraph\">Ch\u1ec9 d\u00f9ng c\u00e1nh than ch\u00ednh h\u00e3ng\u00a0<strong>Busch EK60<\/strong>\u00a0\u0111\u1ec3 tr\u00e1nh h\u1ecfng h\u00f3c rotor.<\/p>\n<\/li>\n<li>\n<p class=\"ds-markdown-paragraph\">V\u1ec7 sinh s\u1ea1ch bu\u1ed3ng b\u01a1m tr\u01b0\u1edbc l\u1eafp \u0111\u1eb7t.<\/p>\n<\/li>\n<li>\n<p class=\"ds-markdown-paragraph\">Ki\u1ec3m tra gio\u0103ng ph\u1edbt, rotor \u0111\u1ec3 \u0111\u1ea3m b\u1ea3o \u0111\u1ed3ng b\u1ed9.<\/p>\n<\/li>\n<\/ul>\n<\/li>\n<\/ul>\n<h3><span class=\"ez-toc-section\" id=\"4_Dat_hang_Ho_tro_ky_thuat\"><\/span><strong>4. \u0110\u1eb7t h\u00e0ng &amp; H\u1ed7 tr\u1ee3 k\u1ef9 thu\u1eadt<\/strong><span class=\"ez-toc-section-end\"><\/span><\/h3>\n<ul>\n<li>\n<p class=\"ds-markdown-paragraph\"><strong>C\u00f4ng ty TNHH K\u1ef9 Thu\u1eadt v\u00e0 D\u1ecbch V\u1ee5 Minh Ph\u00fa<\/strong><\/p>\n<ul>\n<li>\n<p class=\"ds-markdown-paragraph\"><strong>Hotline:<\/strong>\u00a00985 459 559<\/p>\n<\/li>\n<li>\n<p class=\"ds-markdown-paragraph\"><strong>Email:<\/strong>\u00a0<a href=\"https:\/\/mailto:Sales@minhphuco.vn\/\" target=\"_blank\" rel=\"noopener noreferrer\">Sales@minhphuco.vn<\/a><\/p>\n<\/li>\n<li>\n<p class=\"ds-markdown-paragraph\"><strong>Zalo:<\/strong>\u00a00985 490 343 \/ 0985 843 778<\/p>\n<\/li>\n<li>\n<p class=\"ds-markdown-paragraph\"><strong>Website:<\/strong>\u00a0<a href=\"https:\/\/minhphuco.vn\/\" target=\"_blank\" rel=\"noopener noreferrer\">minhphuco.vn<\/a><\/p>\n<\/li>\n<\/ul>\n<\/li>\n<\/ul>\n<p class=\"ds-markdown-paragraph\">\ud83d\udc49\u00a0<strong>L\u01b0u \u00fd:<\/strong>\u00a0N\u00ean thay th\u1ebf c\u00e1nh than theo khuy\u1ebfn ngh\u1ecb c\u1ee7a Busch ho\u1eb7c khi c\u00f3 d\u1ea5u hi\u1ec7u gi\u1ea3m hi\u1ec7u su\u1ea5t \u0111\u1ec3 tr\u00e1nh h\u01b0 h\u1ecfng b\u01a1m. Li\u00ean h\u1ec7 Minh Ph\u00fa \u0111\u1ec3 \u0111\u01b0\u1ee3c t\u01b0 v\u1ea5n ch\u00ednh x\u00e1c theo model b\u01a1m c\u1ee7a b\u1ea1n.<\/p>\n","protected":false},"excerpt":{"rendered":"<p>M\u1ed9t b\u1ed9 g\u1ed3m <strong>4<\/strong> c\u00e1nh than v\u1edbi k\u00edch th\u01b0\u1edbc: <strong>135 mm (chi\u1ec1u d\u00e0i) \u00d7 44 mm (chi\u1ec1u r\u1ed9ng\/cao) \u00d7 4 mm (\u0111\u1ed9 d\u00e0y)<\/strong><br \/>\nD\u00f9ng cho c\u00e1c m\u00e1y b\u01a1m : Busch <strong>SECO SV 1063 B SECO SD 1063 B<\/strong><br \/>\nV\u1eadt li\u1ec7u theo c\u00f4ng b\u1ed1 c\u1ee7a Busch l\u00e0 EK60<\/p>\n","protected":false},"featured_media":7805,"comment_status":"open","ping_status":"closed","template":"","meta":{"_acf_changed":false},"product_brand":[],"product_cat":[708,69],"product_tag":[2014,2016,2015],"class_list":{"0":"post-8029","1":"product","2":"type-product","3":"status-publish","4":"has-post-thumbnail","6":"product_cat-busch-vanes","7":"product_cat-canh-vane","8":"product_tag-2014","9":"product_tag-seco-sd-1063-b","10":"product_tag-seco-sv-1063-b","12":"first","13":"instock","14":"shipping-taxable","15":"product-type-simple"},"acf":[],"_links":{"self":[{"href":"https:\/\/mpvane.com\/en\/wp-json\/wp\/v2\/product\/8029","targetHints":{"allow":["GET"]}}],"collection":[{"href":"https:\/\/mpvane.com\/en\/wp-json\/wp\/v2\/product"}],"about":[{"href":"https:\/\/mpvane.com\/en\/wp-json\/wp\/v2\/types\/product"}],"replies":[{"embeddable":true,"href":"https:\/\/mpvane.com\/en\/wp-json\/wp\/v2\/comments?post=8029"}],"version-history":[{"count":1,"href":"https:\/\/mpvane.com\/en\/wp-json\/wp\/v2\/product\/8029\/revisions"}],"predecessor-version":[{"id":8031,"href":"https:\/\/mpvane.com\/en\/wp-json\/wp\/v2\/product\/8029\/revisions\/8031"}],"wp:featuredmedia":[{"embeddable":true,"href":"https:\/\/mpvane.com\/en\/wp-json\/wp\/v2\/media\/7805"}],"wp:attachment":[{"href":"https:\/\/mpvane.com\/en\/wp-json\/wp\/v2\/media?parent=8029"}],"wp:term":[{"taxonomy":"product_brand","embeddable":true,"href":"https:\/\/mpvane.com\/en\/wp-json\/wp\/v2\/product_brand?post=8029"},{"taxonomy":"product_cat","embeddable":true,"href":"https:\/\/mpvane.com\/en\/wp-json\/wp\/v2\/product_cat?post=8029"},{"taxonomy":"product_tag","embeddable":true,"href":"https:\/\/mpvane.com\/en\/wp-json\/wp\/v2\/product_tag?post=8029"}],"curies":[{"name":"wp","href":"https:\/\/api.w.org\/{rel}","templated":true}]}}