{"id":8027,"date":"2025-05-28T14:53:22","date_gmt":"2025-05-28T07:53:22","guid":{"rendered":"https:\/\/mpvane.com\/?post_type=product&#038;p=8027"},"modified":"2025-05-28T15:07:25","modified_gmt":"2025-05-28T08:07:25","slug":"bo-7-canh-than-carbon-0722533536-seco-sv-1025-c","status":"publish","type":"product","link":"https:\/\/mpvane.com\/en\/san-pham\/bo-7-canh-than-carbon-0722533536-seco-sv-1025-c\/","title":{"rendered":"B\u1ed9 7 c\u00e1nh than carbon 0722533536 SECO SV 1025 C"},"content":{"rendered":"<div id=\"ez-toc-container\" class=\"ez-toc-v2_0_75 counter-hierarchy ez-toc-counter ez-toc-grey ez-toc-container-direction\">\n<div class=\"ez-toc-title-container\">\n<p class=\"ez-toc-title\" style=\"cursor:inherit\">Table of Contents<\/p>\n<span class=\"ez-toc-title-toggle\"><a href=\"#\" class=\"ez-toc-pull-right ez-toc-btn ez-toc-btn-xs ez-toc-btn-default ez-toc-toggle\" aria-label=\"Toggle Table of Content\"><span class=\"ez-toc-js-icon-con\"><span class=\"\"><span class=\"eztoc-hide\" style=\"display:none;\">Toggle<\/span><span class=\"ez-toc-icon-toggle-span\"><svg style=\"fill: #999;color:#999\" xmlns=\"http:\/\/www.w3.org\/2000\/svg\" class=\"list-377408\" width=\"20px\" height=\"20px\" viewBox=\"0 0 24 24\" fill=\"none\"><path d=\"M6 6H4v2h2V6zm14 0H8v2h12V6zM4 11h2v2H4v-2zm16 0H8v2h12v-2zM4 16h2v2H4v-2zm16 0H8v2h12v-2z\" fill=\"currentColor\"><\/path><\/svg><svg style=\"fill: #999;color:#999\" class=\"arrow-unsorted-368013\" xmlns=\"http:\/\/www.w3.org\/2000\/svg\" width=\"10px\" height=\"10px\" viewBox=\"0 0 24 24\" version=\"1.2\" baseProfile=\"tiny\"><path d=\"M18.2 9.3l-6.2-6.3-6.2 6.3c-.2.2-.3.4-.3.7s.1.5.3.7c.2.2.4.3.7.3h11c.3 0 .5-.1.7-.3.2-.2.3-.5.3-.7s-.1-.5-.3-.7zM5.8 14.7l6.2 6.3 6.2-6.3c.2-.2.3-.5.3-.7s-.1-.5-.3-.7c-.2-.2-.4-.3-.7-.3h-11c-.3 0-.5.1-.7.3-.2.2-.3.5-.3.7s.1.5.3.7z\"\/><\/svg><\/span><\/span><\/span><\/a><\/span><\/div>\n<nav><ul class='ez-toc-list ez-toc-list-level-1 ' ><li class='ez-toc-page-1 ez-toc-heading-level-3'><a class=\"ez-toc-link ez-toc-heading-1\" href=\"https:\/\/mpvane.com\/en\/san-pham\/bo-7-canh-than-carbon-0722533536-seco-sv-1025-c\/#1_Thong_so_ky_thuat_canh_than_carbon_Busch_Original_0722533536\" >1. Th\u00f4ng s\u1ed1 k\u1ef9 thu\u1eadt c\u00e1nh than carbon Busch Original 0722533536<\/a><\/li><li class='ez-toc-page-1 ez-toc-heading-level-3'><a class=\"ez-toc-link ez-toc-heading-2\" href=\"https:\/\/mpvane.com\/en\/san-pham\/bo-7-canh-than-carbon-0722533536-seco-sv-1025-c\/#2_Gioi_thieu_dong_bom_chan_khong_kho_Busch_SECO\" >2. Gi\u1edbi thi\u1ec7u d\u00f2ng b\u01a1m ch\u00e2n kh\u00f4ng kh\u00f4 Busch SECO<\/a><\/li><li class='ez-toc-page-1 ez-toc-heading-level-3'><a class=\"ez-toc-link ez-toc-heading-3\" href=\"https:\/\/mpvane.com\/en\/san-pham\/bo-7-canh-than-carbon-0722533536-seco-sv-1025-c\/#3_Huong_dan_bao_tri_thay_the_canh_than\" >3. H\u01b0\u1edbng d\u1eabn b\u1ea3o tr\u00ec &amp; thay th\u1ebf c\u00e1nh than<\/a><ul class='ez-toc-list-level-4' ><li class='ez-toc-heading-level-4'><a class=\"ez-toc-link ez-toc-heading-4\" href=\"https:\/\/mpvane.com\/en\/san-pham\/bo-7-canh-than-carbon-0722533536-seco-sv-1025-c\/#Khi_nao_can_thay_the\" >Khi n\u00e0o c\u1ea7n thay th\u1ebf?<\/a><\/li><li class='ez-toc-page-1 ez-toc-heading-level-4'><a class=\"ez-toc-link ez-toc-heading-5\" href=\"https:\/\/mpvane.com\/en\/san-pham\/bo-7-canh-than-carbon-0722533536-seco-sv-1025-c\/#Luu_y_quan_trong_khi_thay_the\" >L\u01b0u \u00fd quan tr\u1ecdng khi thay th\u1ebf:<\/a><\/li><\/ul><\/li><li class='ez-toc-page-1 ez-toc-heading-level-3'><a class=\"ez-toc-link ez-toc-heading-6\" href=\"https:\/\/mpvane.com\/en\/san-pham\/bo-7-canh-than-carbon-0722533536-seco-sv-1025-c\/#4_Dia_chi_mua_hang_ho_tro_ky_thuat\" >4. \u0110\u1ecba ch\u1ec9 mua h\u00e0ng &amp; h\u1ed7 tr\u1ee3 k\u1ef9 thu\u1eadt<\/a><\/li><li class='ez-toc-page-1 ez-toc-heading-level-3'><a class=\"ez-toc-link ez-toc-heading-7\" href=\"https:\/\/mpvane.com\/en\/san-pham\/bo-7-canh-than-carbon-0722533536-seco-sv-1025-c\/#Cau_hoi_thuong_gap_FAQ\" >C\u00e2u h\u1ecfi th\u01b0\u1eddng g\u1eb7p (FAQ)<\/a><\/li><\/ul><\/nav><\/div>\n<p class=\"ds-markdown-paragraph\">D\u01b0\u1edbi \u0111\u00e2y l\u00e0 t\u1ed5ng h\u1ee3p th\u00f4ng tin chi ti\u1ebft v\u1ec1\u00a0<strong>b\u1ed9 7 c\u00e1nh than carbon 0722533536 SECO SV 1025 C<\/strong>\u00a0v\u00e0 c\u00e1c v\u1ea5n \u0111\u1ec1 li\u00ean quan \u0111\u1ebfn b\u01a1m ch\u00e2n kh\u00f4ng kh\u00f4\u00a0<strong>Busch SECO<\/strong>, gi\u00fap b\u1ea1n d\u1ec5 d\u00e0ng tra c\u1ee9u v\u00e0 s\u1eed d\u1ee5ng:<\/p>\n<hr \/>\n<h3><span class=\"ez-toc-section\" id=\"1_Thong_so_ky_thuat_canh_than_carbon_Busch_Original_0722533536\"><\/span><strong>1. Th\u00f4ng s\u1ed1 k\u1ef9 thu\u1eadt c\u00e1nh than carbon Busch Original 0722533536<\/strong><span class=\"ez-toc-section-end\"><\/span><\/h3>\n<ul>\n<li>\n<p class=\"ds-markdown-paragraph\"><strong>M\u00e3 s\u1ea3n ph\u1ea9m<\/strong>: 0722533536<\/p>\n<\/li>\n<li>\n<p class=\"ds-markdown-paragraph\"><strong>K\u00edch th\u01b0\u1edbc<\/strong>:<\/p>\n<ul>\n<li>\n<p class=\"ds-markdown-paragraph\">Chi\u1ec1u d\u00e0i: 68.5 mm<\/p>\n<\/li>\n<li>\n<p class=\"ds-markdown-paragraph\">Chi\u1ec1u r\u1ed9ng\/cao: 44 mm<\/p>\n<\/li>\n<li>\n<p class=\"ds-markdown-paragraph\">\u0110\u1ed9 d\u00e0y: 4 mm<\/p>\n<\/li>\n<\/ul>\n<\/li>\n<li>\n<p class=\"ds-markdown-paragraph\"><strong>V\u1eadt li\u1ec7u<\/strong>: EK60 (Carbon cao c\u1ea5p, ch\u1ed1ng m\u00e0i m\u00f2n t\u1ed1t)<\/p>\n<\/li>\n<li>\n<p class=\"ds-markdown-paragraph\"><strong>\u1ee8ng d\u1ee5ng<\/strong>: D\u00e0nh cho b\u01a1m ch\u00e2n kh\u00f4ng kh\u00f4\u00a0<strong>Busch SECO SV 1025 C<\/strong>.<\/p>\n<\/li>\n<li>\n<p class=\"ds-markdown-paragraph\"><strong>S\u1ed1 l\u01b0\u1ee3ng<\/strong>: 1 b\u1ed9 g\u1ed3m\u00a0<strong>7 c\u00e1nh than<\/strong>.<\/p>\n<\/li>\n<\/ul>\n<hr \/>\n<h3><span class=\"ez-toc-section\" id=\"2_Gioi_thieu_dong_bom_chan_khong_kho_Busch_SECO\"><\/span><strong>2. Gi\u1edbi thi\u1ec7u d\u00f2ng b\u01a1m ch\u00e2n kh\u00f4ng kh\u00f4 Busch SECO<\/strong><span class=\"ez-toc-section-end\"><\/span><\/h3>\n<ul>\n<li>\n<p class=\"ds-markdown-paragraph\"><strong>Xu\u1ea5t x\u1ee9<\/strong>: Busch (\u0110\u1ee9c) \u2013 Th\u01b0\u01a1ng hi\u1ec7u h\u00e0ng \u0111\u1ea7u v\u1ec1 b\u01a1m ch\u00e2n kh\u00f4ng.<\/p>\n<\/li>\n<li>\n<p class=\"ds-markdown-paragraph\"><strong>\u01afu \u0111i\u1ec3m<\/strong>:<\/p>\n<ul>\n<li>\n<p class=\"ds-markdown-paragraph\"><strong>Kh\u00f4ng d\u1ea7u<\/strong>: An to\u00e0n cho \u1ee9ng d\u1ee5ng y\u00eau c\u1ea7u ch\u00e2n kh\u00f4ng s\u1ea1ch (th\u1ef1c ph\u1ea9m, d\u01b0\u1ee3c ph\u1ea9m, \u0111i\u1ec7n t\u1eed).<\/p>\n<\/li>\n<li>\n<p class=\"ds-markdown-paragraph\"><strong>Hi\u1ec7u su\u1ea5t cao<\/strong>, \u00edt b\u1ea3o tr\u00ec so v\u1edbi b\u01a1m d\u1ea7u.<\/p>\n<\/li>\n<li>\n<p class=\"ds-markdown-paragraph\"><strong>Th\u00e2n thi\u1ec7n m\u00f4i tr\u01b0\u1eddng<\/strong>, gi\u1ea3m r\u1ee7i ro \u00f4 nhi\u1ec5m.<\/p>\n<\/li>\n<\/ul>\n<\/li>\n<li>\n<p class=\"ds-markdown-paragraph\"><strong>Nh\u01b0\u1ee3c \u0111i\u1ec3m<\/strong>:<\/p>\n<ul>\n<li>\n<p class=\"ds-markdown-paragraph\">Gi\u00e1 th\u00e0nh cao h\u01a1n b\u01a1m d\u1ea7u.<\/p>\n<\/li>\n<li>\n<p class=\"ds-markdown-paragraph\">C\u1ea7n thay c\u00e1nh than \u0111\u1ecbnh k\u1ef3 do hao m\u00f2n t\u1ef1 nhi\u00ean.<\/p>\n<\/li>\n<\/ul>\n<\/li>\n<\/ul>\n<hr \/>\n<h3><span class=\"ez-toc-section\" id=\"3_Huong_dan_bao_tri_thay_the_canh_than\"><\/span><strong>3. H\u01b0\u1edbng d\u1eabn b\u1ea3o tr\u00ec &amp; thay th\u1ebf c\u00e1nh than<\/strong><span class=\"ez-toc-section-end\"><\/span><\/h3>\n<h4><span class=\"ez-toc-section\" id=\"Khi_nao_can_thay_the\"><\/span><strong>Khi n\u00e0o c\u1ea7n thay th\u1ebf?<\/strong><span class=\"ez-toc-section-end\"><\/span><\/h4>\n<ul>\n<li>\n<p class=\"ds-markdown-paragraph\">B\u01a1m k\u00e9m hi\u1ec7u su\u1ea5t, kh\u00f4ng \u0111\u1ea1t ch\u00e2n kh\u00f4ng nh\u01b0 ban \u0111\u1ea7u.<\/p>\n<\/li>\n<li>\n<p class=\"ds-markdown-paragraph\">Xu\u1ea5t hi\u1ec7n ti\u1ebfng \u1ed3n l\u1ea1, rung \u0111\u1ed9ng b\u1ea5t th\u01b0\u1eddng.<\/p>\n<\/li>\n<\/ul>\n<h4><span class=\"ez-toc-section\" id=\"Luu_y_quan_trong_khi_thay_the\"><\/span><strong>L\u01b0u \u00fd quan tr\u1ecdng khi thay th\u1ebf<\/strong>:<span class=\"ez-toc-section-end\"><\/span><\/h4>\n<ul>\n<li>\n<p class=\"ds-markdown-paragraph\"><strong>Ch\u1ec9 d\u00f9ng c\u00e1nh than ch\u00ednh h\u00e3ng Busch (EK60)<\/strong>\u00a0\u0111\u1ec3 tr\u00e1nh h\u01b0 h\u1ecfng rotor ho\u1eb7c gi\u1ea3m tu\u1ed5i th\u1ecd b\u01a1m.<\/p>\n<\/li>\n<li>\n<p class=\"ds-markdown-paragraph\"><strong>V\u1ec7 sinh bu\u1ed3ng b\u01a1m<\/strong>\u00a0s\u1ea1ch s\u1ebd tr\u01b0\u1edbc l\u1eafp \u0111\u1eb7t.<\/p>\n<\/li>\n<li>\n<p class=\"ds-markdown-paragraph\"><strong>Ki\u1ec3m tra ph\u1edbt, gio\u0103ng, rotor<\/strong>\u00a0\u0111\u1ec3 ph\u00e1t hi\u1ec7n h\u01b0 h\u1ecfng k\u00e8m theo.<\/p>\n<\/li>\n<\/ul>\n<hr \/>\n<h3><span class=\"ez-toc-section\" id=\"4_Dia_chi_mua_hang_ho_tro_ky_thuat\"><\/span><strong>4. \u0110\u1ecba ch\u1ec9 mua h\u00e0ng &amp; h\u1ed7 tr\u1ee3 k\u1ef9 thu\u1eadt<\/strong><span class=\"ez-toc-section-end\"><\/span><\/h3>\n<ul>\n<li>\n<p class=\"ds-markdown-paragraph\"><strong>C\u00f4ng ty TNHH K\u1ef9 Thu\u1eadt v\u00e0 D\u1ecbch V\u1ee5 Minh Ph\u00fa<\/strong><\/p>\n<ul>\n<li>\n<p class=\"ds-markdown-paragraph\"><strong>Hotline<\/strong>: 0985 459 559<\/p>\n<\/li>\n<li>\n<p class=\"ds-markdown-paragraph\"><strong>Email<\/strong>:\u00a0<a href=\"https:\/\/mailto:Sales@minhphuco.vn\/\" target=\"_blank\" rel=\"noopener noreferrer\">Sales@minhphuco.vn<\/a><\/p>\n<\/li>\n<li>\n<p class=\"ds-markdown-paragraph\"><strong>Zalo<\/strong>: 0985 490 343 \/ 0985 843 778<\/p>\n<\/li>\n<li>\n<p class=\"ds-markdown-paragraph\"><strong>Website<\/strong>:\u00a0<a href=\"https:\/\/minhphuco.vn\/\" target=\"_blank\" rel=\"noopener noreferrer\">minhphuco.vn<\/a><\/p>\n<\/li>\n<\/ul>\n<\/li>\n<\/ul>\n<hr \/>\n<h3><span class=\"ez-toc-section\" id=\"Cau_hoi_thuong_gap_FAQ\"><\/span><strong>C\u00e2u h\u1ecfi th\u01b0\u1eddng g\u1eb7p (FAQ)<\/strong><span class=\"ez-toc-section-end\"><\/span><\/h3>\n<p class=\"ds-markdown-paragraph\"><strong>Q1: C\u00e1nh than carbon EK60 c\u00f3 tu\u1ed5i th\u1ecd bao l\u00e2u?<\/strong><br \/>\n\u2192 T\u00f9y t\u1ea7n su\u1ea5t s\u1eed d\u1ee5ng, trung b\u00ecnh\u00a0<strong>6\u201312 th\u00e1ng<\/strong>.<\/p>\n<p class=\"ds-markdown-paragraph\"><strong>Q2: C\u00f3 th\u1ec3 d\u00f9ng c\u00e1nh than kh\u00f4ng ch\u00ednh h\u00e3ng cho b\u01a1m Busch SECO kh\u00f4ng?<\/strong><br \/>\n\u2192 Kh\u00f4ng n\u00ean! C\u00e1nh than k\u00e9m ch\u1ea5t l\u01b0\u1ee3ng c\u00f3 th\u1ec3 g\u00e2y m\u00e0i m\u00f2n rotor, h\u1ecfng b\u01a1m.<\/p>\n<p class=\"ds-markdown-paragraph\"><strong>Q3: L\u00e0m sao nh\u1eadn bi\u1ebft c\u00e1nh than b\u1ecb m\u00f2n?<\/strong><br \/>\n\u2192 \u0110o \u0111\u1ed9 d\u00e0y c\u00e1nh than: N\u1ebfu &lt; 3.5 mm ho\u1eb7c c\u00f3 v\u1ebft n\u1ee9t, c\u1ea7n thay ngay.<\/p>\n<hr \/>\n<p class=\"ds-markdown-paragraph\">N\u1ebfu c\u1ea7n th\u00eam th\u00f4ng tin ho\u1eb7c \u0111\u1eb7t h\u00e0ng, b\u1ea1n c\u00f3 th\u1ec3 li\u00ean h\u1ec7 tr\u1ef1c ti\u1ebfp v\u1edbi\u00a0<strong>Minh Ph\u00fa<\/strong>\u00a0qua c\u00e1c k\u00eanh h\u1ed7 tr\u1ee3 tr\u00ean!<\/p>\n","protected":false},"excerpt":{"rendered":"<p>M\u1ed9t b\u1ed9 g\u1ed3m 7 c\u00e1nh than v\u1edbi k\u00edch th\u01b0\u1edbc: <strong>5 mm (chi\u1ec1u d\u00e0i) \u00d7 44 mm (chi\u1ec1u r\u1ed9ng\/cao) \u00d7 4 mm (\u0111\u1ed9 d\u00e0y)<\/strong><br \/>\nD\u00f9ng cho c\u00e1c m\u00e1y b\u01a1m : Busch <strong>SECO SV 1025 C<\/strong><br \/>\nV\u1eadt li\u1ec7u theo c\u00f4ng b\u1ed1 c\u1ee7a Busch l\u00e0 EK60<\/p>\n","protected":false},"featured_media":7805,"comment_status":"open","ping_status":"closed","template":"","meta":{"_acf_changed":false},"product_brand":[],"product_cat":[708,69],"product_tag":[2011,2012],"class_list":{"0":"post-8027","1":"product","2":"type-product","3":"status-publish","4":"has-post-thumbnail","6":"product_cat-busch-vanes","7":"product_cat-canh-vane","8":"product_tag-2011","9":"product_tag-seco-sv-1025-c","11":"first","12":"instock","13":"shipping-taxable","14":"product-type-simple"},"acf":[],"_links":{"self":[{"href":"https:\/\/mpvane.com\/en\/wp-json\/wp\/v2\/product\/8027","targetHints":{"allow":["GET"]}}],"collection":[{"href":"https:\/\/mpvane.com\/en\/wp-json\/wp\/v2\/product"}],"about":[{"href":"https:\/\/mpvane.com\/en\/wp-json\/wp\/v2\/types\/product"}],"replies":[{"embeddable":true,"href":"https:\/\/mpvane.com\/en\/wp-json\/wp\/v2\/comments?post=8027"}],"version-history":[{"count":1,"href":"https:\/\/mpvane.com\/en\/wp-json\/wp\/v2\/product\/8027\/revisions"}],"predecessor-version":[{"id":8028,"href":"https:\/\/mpvane.com\/en\/wp-json\/wp\/v2\/product\/8027\/revisions\/8028"}],"wp:featuredmedia":[{"embeddable":true,"href":"https:\/\/mpvane.com\/en\/wp-json\/wp\/v2\/media\/7805"}],"wp:attachment":[{"href":"https:\/\/mpvane.com\/en\/wp-json\/wp\/v2\/media?parent=8027"}],"wp:term":[{"taxonomy":"product_brand","embeddable":true,"href":"https:\/\/mpvane.com\/en\/wp-json\/wp\/v2\/product_brand?post=8027"},{"taxonomy":"product_cat","embeddable":true,"href":"https:\/\/mpvane.com\/en\/wp-json\/wp\/v2\/product_cat?post=8027"},{"taxonomy":"product_tag","embeddable":true,"href":"https:\/\/mpvane.com\/en\/wp-json\/wp\/v2\/product_tag?post=8027"}],"curies":[{"name":"wp","href":"https:\/\/api.w.org\/{rel}","templated":true}]}}