{"id":8024,"date":"2025-05-28T14:30:53","date_gmt":"2025-05-28T07:30:53","guid":{"rendered":"https:\/\/mpvane.com\/?post_type=product&#038;p=8024"},"modified":"2025-05-28T14:44:05","modified_gmt":"2025-05-28T07:44:05","slug":"bo-7-canh%c2%b7-than-carbon-0722554297-0722524874-0722533535-seco-sv-1010-cseco-sd-1010-c","status":"publish","type":"product","link":"https:\/\/mpvane.com\/en\/san-pham\/bo-7-canh%c2%b7-than-carbon-0722554297-0722524874-0722533535-seco-sv-1010-cseco-sd-1010-c\/","title":{"rendered":"B\u1ed9 7 Canh\u00b7 than carbon 0722554297\/0722524874\/0722533535 SECO SV 1010 C,SECO SD 1010 C"},"content":{"rendered":"<div id=\"ez-toc-container\" class=\"ez-toc-v2_0_75 counter-hierarchy ez-toc-counter ez-toc-grey ez-toc-container-direction\">\n<div class=\"ez-toc-title-container\">\n<p class=\"ez-toc-title\" style=\"cursor:inherit\">Table of Contents<\/p>\n<span class=\"ez-toc-title-toggle\"><a href=\"#\" class=\"ez-toc-pull-right ez-toc-btn ez-toc-btn-xs ez-toc-btn-default ez-toc-toggle\" aria-label=\"Toggle Table of Content\"><span class=\"ez-toc-js-icon-con\"><span class=\"\"><span class=\"eztoc-hide\" style=\"display:none;\">Toggle<\/span><span class=\"ez-toc-icon-toggle-span\"><svg style=\"fill: #999;color:#999\" xmlns=\"http:\/\/www.w3.org\/2000\/svg\" class=\"list-377408\" width=\"20px\" height=\"20px\" viewBox=\"0 0 24 24\" fill=\"none\"><path d=\"M6 6H4v2h2V6zm14 0H8v2h12V6zM4 11h2v2H4v-2zm16 0H8v2h12v-2zM4 16h2v2H4v-2zm16 0H8v2h12v-2z\" fill=\"currentColor\"><\/path><\/svg><svg style=\"fill: #999;color:#999\" class=\"arrow-unsorted-368013\" xmlns=\"http:\/\/www.w3.org\/2000\/svg\" width=\"10px\" height=\"10px\" viewBox=\"0 0 24 24\" version=\"1.2\" baseProfile=\"tiny\"><path d=\"M18.2 9.3l-6.2-6.3-6.2 6.3c-.2.2-.3.4-.3.7s.1.5.3.7c.2.2.4.3.7.3h11c.3 0 .5-.1.7-.3.2-.2.3-.5.3-.7s-.1-.5-.3-.7zM5.8 14.7l6.2 6.3 6.2-6.3c.2-.2.3-.5.3-.7s-.1-.5-.3-.7c-.2-.2-.4-.3-.7-.3h-11c-.3 0-.5.1-.7.3-.2.2-.3.5-.3.7s.1.5.3.7z\"\/><\/svg><\/span><\/span><\/span><\/a><\/span><\/div>\n<nav><ul class='ez-toc-list ez-toc-list-level-1 ' ><li class='ez-toc-page-1 ez-toc-heading-level-3'><a class=\"ez-toc-link ez-toc-heading-1\" href=\"https:\/\/mpvane.com\/en\/san-pham\/bo-7-canh%c2%b7-than-carbon-0722554297-0722524874-0722533535-seco-sv-1010-cseco-sd-1010-c\/#1_Thong_so_ky_thuat\" >1. Th\u00f4ng s\u1ed1 k\u1ef9 thu\u1eadt:<\/a><\/li><li class='ez-toc-page-1 ez-toc-heading-level-3'><a class=\"ez-toc-link ez-toc-heading-2\" href=\"https:\/\/mpvane.com\/en\/san-pham\/bo-7-canh%c2%b7-than-carbon-0722554297-0722524874-0722533535-seco-sv-1010-cseco-sd-1010-c\/#2_Ung_dung\" >2. \u1ee8ng d\u1ee5ng:<\/a><\/li><li class='ez-toc-page-1 ez-toc-heading-level-3'><a class=\"ez-toc-link ez-toc-heading-3\" href=\"https:\/\/mpvane.com\/en\/san-pham\/bo-7-canh%c2%b7-than-carbon-0722554297-0722524874-0722533535-seco-sv-1010-cseco-sd-1010-c\/#3_UuNhuoc_diem_dong_SECO\" >3. \u01afu\/Nh\u01b0\u1ee3c \u0111i\u1ec3m d\u00f2ng SECO:<\/a><\/li><li class='ez-toc-page-1 ez-toc-heading-level-3'><a class=\"ez-toc-link ez-toc-heading-4\" href=\"https:\/\/mpvane.com\/en\/san-pham\/bo-7-canh%c2%b7-than-carbon-0722554297-0722524874-0722533535-seco-sv-1010-cseco-sd-1010-c\/#4_Bao_tri_Luu_y\" >4. B\u1ea3o tr\u00ec &amp; L\u01b0u \u00fd:<\/a><\/li><li class='ez-toc-page-1 ez-toc-heading-level-3'><a class=\"ez-toc-link ez-toc-heading-5\" href=\"https:\/\/mpvane.com\/en\/san-pham\/bo-7-canh%c2%b7-than-carbon-0722554297-0722524874-0722533535-seco-sv-1010-cseco-sd-1010-c\/#5_Lien_he_dat_hang\" >5. Li\u00ean h\u1ec7 \u0111\u1eb7t h\u00e0ng:<\/a><\/li><\/ul><\/nav><\/div>\n<div class=\"dad65929\">\n<div class=\"_4f9bf79 d7dc56a8 _43c05b5\">\n<div class=\"ds-markdown ds-markdown--block\">\n<p class=\"ds-markdown-paragraph\">Th\u00f4ng tin chi ti\u1ebft v\u1ec1\u00a0<strong>b\u1ed9 c\u00e1nh than carbon (carbon vanes)<\/strong>\u00a0cho b\u01a1m ch\u00e2n kh\u00f4ng kh\u00f4 Busch SECO SV 1010 C\/SD 1010 C:<\/p>\n<h3><span class=\"ez-toc-section\" id=\"1_Thong_so_ky_thuat\"><\/span><strong>1. Th\u00f4ng s\u1ed1 k\u1ef9 thu\u1eadt:<\/strong><span class=\"ez-toc-section-end\"><\/span><\/h3>\n<ul>\n<li>\n<p class=\"ds-markdown-paragraph\"><strong>M\u00e3 s\u1ea3n ph\u1ea9m:<\/strong><\/p>\n<ul>\n<li>\n<p class=\"ds-markdown-paragraph\">0722554297 \/ 0722524874 \/ 0722533535 (Busch Original)<\/p>\n<\/li>\n<li>\n<p class=\"ds-markdown-paragraph\"><strong>SECO SV 1010 C \/ SECO SD 1010 C<\/strong>\u00a0(T\u01b0\u01a1ng th\u00edch)<\/p>\n<\/li>\n<\/ul>\n<\/li>\n<li>\n<p class=\"ds-markdown-paragraph\"><strong>K\u00edch th\u01b0\u1edbc:<\/strong><\/p>\n<ul>\n<li>\n<p class=\"ds-markdown-paragraph\">Chi\u1ec1u d\u00e0i: 40 mm<\/p>\n<\/li>\n<li>\n<p class=\"ds-markdown-paragraph\">Chi\u1ec1u r\u1ed9ng\/cao: 36.5 mm<\/p>\n<\/li>\n<li>\n<p class=\"ds-markdown-paragraph\">\u0110\u1ed9 d\u00e0y: 4 mm<\/p>\n<\/li>\n<\/ul>\n<\/li>\n<li>\n<p class=\"ds-markdown-paragraph\"><strong>V\u1eadt li\u1ec7u:<\/strong>\u00a0<strong>Aerodur Zirkon<\/strong>\u00a0(v\u1eadt li\u1ec7u \u0111\u1ed9 b\u1ec1n cao, ch\u1ecbu m\u00e0i m\u00f2n t\u1ed1t, do Busch ph\u00e1t tri\u1ec3n).<\/p>\n<\/li>\n<li>\n<p class=\"ds-markdown-paragraph\"><strong>S\u1ed1 l\u01b0\u1ee3ng:<\/strong>\u00a07 c\u00e1nh\/b\u1ed9.<\/p>\n<\/li>\n<\/ul>\n<h3><span class=\"ez-toc-section\" id=\"2_Ung_dung\"><\/span><strong>2. \u1ee8ng d\u1ee5ng:<\/strong><span class=\"ez-toc-section-end\"><\/span><\/h3>\n<ul>\n<li>\n<p class=\"ds-markdown-paragraph\">D\u00f9ng cho\u00a0<strong>b\u01a1m ch\u00e2n kh\u00f4ng kh\u00f4 (dry vacuum pump)<\/strong>\u00a0d\u00f2ng\u00a0<strong>SECO<\/strong>\u00a0c\u1ee7a Busch:<\/p>\n<ul>\n<li>\n<p class=\"ds-markdown-paragraph\">Kh\u00f4ng d\u1ea7u, \u00edt b\u1ea3o tr\u00ec, ph\u00f9 h\u1ee3p m\u00f4i tr\u01b0\u1eddng y\u00eau c\u1ea7u s\u1ea1ch (th\u1ef1c ph\u1ea9m, d\u01b0\u1ee3c, \u0111i\u1ec7n t\u1eed).<\/p>\n<\/li>\n<li>\n<p class=\"ds-markdown-paragraph\">C\u00f4ng ngh\u1ec7\u00a0<strong>c\u00e1nh than tr\u01b0\u1ee3t b\u1eb1ng carbon<\/strong>\u00a0gi\u00fap gi\u1ea3m ma s\u00e1t, ch\u1ed1ng qu\u00e1 nhi\u1ec7t.<\/p>\n<\/li>\n<\/ul>\n<\/li>\n<\/ul>\n<h3><span class=\"ez-toc-section\" id=\"3_UuNhuoc_diem_dong_SECO\"><\/span><strong>3. \u01afu\/Nh\u01b0\u1ee3c \u0111i\u1ec3m d\u00f2ng SECO:<\/strong><span class=\"ez-toc-section-end\"><\/span><\/h3>\n<div class=\"markdown-table-wrapper\">\n<table>\n<thead>\n<tr>\n<th><strong>\u01afu \u0111i\u1ec3m<\/strong><\/th>\n<th><strong>Nh\u01b0\u1ee3c \u0111i\u1ec3m<\/strong><\/th>\n<\/tr>\n<\/thead>\n<tbody>\n<tr>\n<td>\u2705 Kh\u00f4ng d\u1ea7u, kh\u00f4ng g\u00e2y \u00f4 nhi\u1ec5m<\/td>\n<td>\u274c Gi\u00e1 th\u00e0nh cao h\u01a1n b\u01a1m d\u1ea7u<\/td>\n<\/tr>\n<tr>\n<td>\u2705 \u00cdt ph\u1ea3i b\u1ea3o d\u01b0\u1ee1ng<\/td>\n<td>\u274c C\u00e1nh than c\u1ea7n thay \u0111\u1ecbnh k\u1ef3<\/td>\n<\/tr>\n<tr>\n<td>\u2705 Hi\u1ec7u su\u1ea5t \u1ed5n \u0111\u1ecbnh, \u0111\u1ed9 \u1ed3n th\u1ea5p<\/td>\n<td>\u274c Nh\u1ea1y c\u1ea3m v\u1edbi b\u1ee5i\/h\u01a1i \u1ea9m<\/td>\n<\/tr>\n<\/tbody>\n<\/table>\n<\/div>\n<h3><span class=\"ez-toc-section\" id=\"4_Bao_tri_Luu_y\"><\/span><strong>4. B\u1ea3o tr\u00ec &amp; L\u01b0u \u00fd:<\/strong><span class=\"ez-toc-section-end\"><\/span><\/h3>\n<ul>\n<li>\n<p class=\"ds-markdown-paragraph\"><strong>Tu\u1ed5i th\u1ecd c\u00e1nh than:<\/strong>\u00a0Ph\u1ee5 thu\u1ed9c t\u1ea3i v\u1eadn h\u00e0nh (th\u01b0\u1eddng 6,000\u201310,000 gi\u1edd).<\/p>\n<\/li>\n<li>\n<p class=\"ds-markdown-paragraph\"><strong>D\u1ea5u hi\u1ec7u c\u1ea7n thay:<\/strong>\u00a0Gi\u1ea3m l\u01b0u l\u01b0\u1ee3ng b\u01a1m, t\u0103ng \u0111\u1ed9 \u1ed3n, nhi\u1ec7t \u0111\u1ed9 cao b\u1ea5t th\u01b0\u1eddng.<\/p>\n<\/li>\n<li>\n<p class=\"ds-markdown-paragraph\"><strong>L\u01b0u \u00fd khi thay th\u1ebf:<\/strong><\/p>\n<ul>\n<li>\n<p class=\"ds-markdown-paragraph\">Ch\u1ecdn \u0111\u00fang m\u00e3\u00a0<strong>Busch Original<\/strong>\u00a0ho\u1eb7c\u00a0<strong>t\u01b0\u01a1ng \u0111\u01b0\u01a1ng ch\u1ea5t l\u01b0\u1ee3ng<\/strong>\u00a0\u0111\u1ec3 tr\u00e1nh h\u01b0 h\u1ecfng rotor\/stator.<\/p>\n<\/li>\n<li>\n<p class=\"ds-markdown-paragraph\">V\u1ec7 sinh bu\u1ed3ng b\u01a1m s\u1ea1ch s\u1ebd tr\u01b0\u1edbc l\u1eafp \u0111\u1eb7t.<\/p>\n<\/li>\n<\/ul>\n<\/li>\n<\/ul>\n<h3><span class=\"ez-toc-section\" id=\"5_Lien_he_dat_hang\"><\/span><strong>5. Li\u00ean h\u1ec7 \u0111\u1eb7t h\u00e0ng:<\/strong><span class=\"ez-toc-section-end\"><\/span><\/h3>\n<ul>\n<li>\n<p class=\"ds-markdown-paragraph\"><strong>C\u00d4NG TY TNHH K\u1ef8 THU\u1eacT V\u00c0 D\u1ecaCH V\u1ee4 MINH PH\u00da<\/strong><\/p>\n<ul>\n<li>\n<p class=\"ds-markdown-paragraph\">\ud83d\udcde\u00a0<strong>Hotline:<\/strong>\u00a00985 459 559<\/p>\n<\/li>\n<li>\n<p class=\"ds-markdown-paragraph\">\u2709\u00a0<strong>Email:<\/strong>\u00a0<a href=\"https:\/\/mailto:Sales@minhphuco.vn\/\" target=\"_blank\" rel=\"noopener noreferrer\">Sales@minhphuco.vn<\/a><\/p>\n<\/li>\n<li>\n<p class=\"ds-markdown-paragraph\">\ud83d\udcbb\u00a0<strong>Zalo:<\/strong>\u00a00985 490 343 \/ 0985 843 778<\/p>\n<\/li>\n<\/ul>\n<\/li>\n<\/ul>\n<p class=\"ds-markdown-paragraph\">\ud83d\udc49\u00a0<strong>Khuy\u1ebfn ngh\u1ecb:<\/strong>\u00a0N\u00ean s\u1eed d\u1ee5ng ph\u1ee5 t\u00f9ng ch\u00ednh h\u00e3ng Busch \u0111\u1ec3 \u0111\u1ea3m b\u1ea3o \u0111\u1ed9 b\u1ec1n v\u00e0 hi\u1ec7u su\u1ea5t t\u1ed1i \u01b0u cho b\u01a1m ch\u00e2n kh\u00f4ng c\u1ee7a b\u1ea1n.<\/p>\n<p class=\"ds-markdown-paragraph\"><em>B\u1ea1n c\u1ea7n h\u1ed7 tr\u1ee3 th\u00eam v\u1ec1 gi\u00e1 c\u1ea3 ho\u1eb7c h\u01b0\u1edbng d\u1eabn k\u1ef9 thu\u1eadt? Minh Ph\u00fa s\u1eb5n s\u00e0ng t\u01b0 v\u1ea5n!<\/em><\/p>\n<\/div>\n<\/div>\n<\/div>\n","protected":false},"excerpt":{"rendered":"<p>M\u1ed9t b\u1ed9 g\u1ed3m 3 c\u00e1nh g\u1ea1t v\u1edbi k\u00edch th\u01b0\u1edbc: <strong>33<\/strong> <strong>mm (chi\u1ec1u d\u00e0i) \u00d7 26 mm\u00a0 mm (chi\u1ec1u r\u1ed9ng\/cao) \u00d7 4 mm (\u0111\u1ed9 d\u00e0y)<\/strong><br \/>\nD\u00f9ng cho c\u00e1c m\u00e1y b\u01a1m : Busch SECO SV 1010 C,Busch SECO SD 1010 C<br \/>\nV\u1eadt li\u1ec7u theo c\u00f4ng b\u1ed1 c\u1ee7a Busch l\u00e0 Aerodur Zirkon<\/p>\n","protected":false},"featured_media":7805,"comment_status":"open","ping_status":"closed","template":"","meta":{"_acf_changed":false},"product_brand":[],"product_cat":[708,69],"product_tag":[2004,2005,2003,2006,2007],"class_list":{"0":"post-8024","1":"product","2":"type-product","3":"status-publish","4":"has-post-thumbnail","6":"product_cat-busch-vanes","7":"product_cat-canh-vane","8":"product_tag-2004","9":"product_tag-2005","10":"product_tag-2003","11":"product_tag-seco-sd-1010-c","12":"product_tag-seco-sv-1010-c","14":"first","15":"instock","16":"shipping-taxable","17":"product-type-simple"},"acf":[],"_links":{"self":[{"href":"https:\/\/mpvane.com\/en\/wp-json\/wp\/v2\/product\/8024","targetHints":{"allow":["GET"]}}],"collection":[{"href":"https:\/\/mpvane.com\/en\/wp-json\/wp\/v2\/product"}],"about":[{"href":"https:\/\/mpvane.com\/en\/wp-json\/wp\/v2\/types\/product"}],"replies":[{"embeddable":true,"href":"https:\/\/mpvane.com\/en\/wp-json\/wp\/v2\/comments?post=8024"}],"version-history":[{"count":1,"href":"https:\/\/mpvane.com\/en\/wp-json\/wp\/v2\/product\/8024\/revisions"}],"predecessor-version":[{"id":8025,"href":"https:\/\/mpvane.com\/en\/wp-json\/wp\/v2\/product\/8024\/revisions\/8025"}],"wp:featuredmedia":[{"embeddable":true,"href":"https:\/\/mpvane.com\/en\/wp-json\/wp\/v2\/media\/7805"}],"wp:attachment":[{"href":"https:\/\/mpvane.com\/en\/wp-json\/wp\/v2\/media?parent=8024"}],"wp:term":[{"taxonomy":"product_brand","embeddable":true,"href":"https:\/\/mpvane.com\/en\/wp-json\/wp\/v2\/product_brand?post=8024"},{"taxonomy":"product_cat","embeddable":true,"href":"https:\/\/mpvane.com\/en\/wp-json\/wp\/v2\/product_cat?post=8024"},{"taxonomy":"product_tag","embeddable":true,"href":"https:\/\/mpvane.com\/en\/wp-json\/wp\/v2\/product_tag?post=8024"}],"curies":[{"name":"wp","href":"https:\/\/api.w.org\/{rel}","templated":true}]}}