{"id":8021,"date":"2025-05-28T14:10:23","date_gmt":"2025-05-28T07:10:23","guid":{"rendered":"https:\/\/mpvane.com\/?post_type=product&#038;p=8021"},"modified":"2025-05-28T14:17:45","modified_gmt":"2025-05-28T07:17:45","slug":"bo-3-canh-than-carbon-0722133118-seco-sv-1005-c-seco-sd-1005-c-seco-sv-1008-c-seco-sd-1008-c","status":"publish","type":"product","link":"https:\/\/mpvane.com\/en\/san-pham\/bo-3-canh-than-carbon-0722133118-seco-sv-1005-c-seco-sd-1005-c-seco-sv-1008-c-seco-sd-1008-c\/","title":{"rendered":"B\u1ed9 3 c\u00e1nh than carbon 0722133118 SECO SV 1005 C SECO SD 1005 C SECO SV 1008 C SECO SD 1008 C"},"content":{"rendered":"<div id=\"ez-toc-container\" class=\"ez-toc-v2_0_75 counter-hierarchy ez-toc-counter ez-toc-grey ez-toc-container-direction\">\n<div class=\"ez-toc-title-container\">\n<p class=\"ez-toc-title\" style=\"cursor:inherit\">Table of Contents<\/p>\n<span class=\"ez-toc-title-toggle\"><a href=\"#\" class=\"ez-toc-pull-right ez-toc-btn ez-toc-btn-xs ez-toc-btn-default ez-toc-toggle\" aria-label=\"Toggle Table of Content\"><span class=\"ez-toc-js-icon-con\"><span class=\"\"><span class=\"eztoc-hide\" style=\"display:none;\">Toggle<\/span><span class=\"ez-toc-icon-toggle-span\"><svg style=\"fill: #999;color:#999\" xmlns=\"http:\/\/www.w3.org\/2000\/svg\" class=\"list-377408\" width=\"20px\" height=\"20px\" viewBox=\"0 0 24 24\" fill=\"none\"><path d=\"M6 6H4v2h2V6zm14 0H8v2h12V6zM4 11h2v2H4v-2zm16 0H8v2h12v-2zM4 16h2v2H4v-2zm16 0H8v2h12v-2z\" fill=\"currentColor\"><\/path><\/svg><svg style=\"fill: #999;color:#999\" class=\"arrow-unsorted-368013\" xmlns=\"http:\/\/www.w3.org\/2000\/svg\" width=\"10px\" height=\"10px\" viewBox=\"0 0 24 24\" version=\"1.2\" baseProfile=\"tiny\"><path d=\"M18.2 9.3l-6.2-6.3-6.2 6.3c-.2.2-.3.4-.3.7s.1.5.3.7c.2.2.4.3.7.3h11c.3 0 .5-.1.7-.3.2-.2.3-.5.3-.7s-.1-.5-.3-.7zM5.8 14.7l6.2 6.3 6.2-6.3c.2-.2.3-.5.3-.7s-.1-.5-.3-.7c-.2-.2-.4-.3-.7-.3h-11c-.3 0-.5.1-.7.3-.2.2-.3.5-.3.7s.1.5.3.7z\"\/><\/svg><\/span><\/span><\/span><\/a><\/span><\/div>\n<nav><ul class='ez-toc-list ez-toc-list-level-1 ' ><li class='ez-toc-page-1 ez-toc-heading-level-3'><a class=\"ez-toc-link ez-toc-heading-1\" href=\"https:\/\/mpvane.com\/en\/san-pham\/bo-3-canh-than-carbon-0722133118-seco-sv-1005-c-seco-sd-1005-c-seco-sv-1008-c-seco-sd-1008-c\/#1_Thong_so_ky_thuat_cua_bo_canh_than_carbon_Busch_Original_0722104640\" >1. Th\u00f4ng s\u1ed1 k\u1ef9 thu\u1eadt c\u1ee7a b\u1ed9 c\u00e1nh than carbon Busch Original 0722104640<\/a><\/li><li class='ez-toc-page-1 ez-toc-heading-level-3'><a class=\"ez-toc-link ez-toc-heading-2\" href=\"https:\/\/mpvane.com\/en\/san-pham\/bo-3-canh-than-carbon-0722133118-seco-sv-1005-c-seco-sd-1005-c-seco-sv-1008-c-seco-sd-1008-c\/#2_Gioi_thieu_ve_dong_bom_chan_khong_Busch_SECO\" >2. Gi\u1edbi thi\u1ec7u v\u1ec1 d\u00f2ng b\u01a1m ch\u00e2n kh\u00f4ng Busch SECO<\/a><\/li><li class='ez-toc-page-1 ez-toc-heading-level-3'><a class=\"ez-toc-link ez-toc-heading-3\" href=\"https:\/\/mpvane.com\/en\/san-pham\/bo-3-canh-than-carbon-0722133118-seco-sv-1005-c-seco-sd-1005-c-seco-sv-1008-c-seco-sd-1008-c\/#3_Bao_tri_Thay_the_canh_than_carbon\" >3. B\u1ea3o tr\u00ec &amp; Thay th\u1ebf c\u00e1nh than carbon<\/a><\/li><li class='ez-toc-page-1 ez-toc-heading-level-3'><a class=\"ez-toc-link ez-toc-heading-4\" href=\"https:\/\/mpvane.com\/en\/san-pham\/bo-3-canh-than-carbon-0722133118-seco-sv-1005-c-seco-sd-1005-c-seco-sv-1008-c-seco-sd-1008-c\/#4_Lien_he_dat_hang_ho_tro_ky_thuat\" >4. Li\u00ean h\u1ec7 \u0111\u1eb7t h\u00e0ng &amp; h\u1ed7 tr\u1ee3 k\u1ef9 thu\u1eadt<\/a><\/li><\/ul><\/nav><\/div>\n<p class=\"ds-markdown-paragraph\">Th\u00f4ng tin chi ti\u1ebft v\u1ec1\u00a0<strong>B\u1ed9 3 c\u00e1nh than carbon 0722133118 SECO SV 1005 C,SECO SD 1005 C, SECO SV 1008 C,SECO SD 1008 C<\/strong>\u00a0v\u00e0 c\u00e1c v\u1ea5n \u0111\u1ec1 li\u00ean quan \u0111\u1ebfn b\u01a1m ch\u00e2n kh\u00f4ng kh\u00f4 Busch SECO:<\/p>\n<h3><span class=\"ez-toc-section\" id=\"1_Thong_so_ky_thuat_cua_bo_canh_than_carbon_Busch_Original_0722104640\"><\/span><strong>1. Th\u00f4ng s\u1ed1 k\u1ef9 thu\u1eadt c\u1ee7a b\u1ed9 c\u00e1nh than carbon Busch Original 0722104640<\/strong><span class=\"ez-toc-section-end\"><\/span><\/h3>\n<ul>\n<li>\n<p class=\"ds-markdown-paragraph\"><strong>M\u00e3 s\u1ea3n ph\u1ea9m:<\/strong> 0722133118<\/p>\n<\/li>\n<li>\n<p class=\"ds-markdown-paragraph\"><strong>K\u00edch th\u01b0\u1edbc:<\/strong><\/p>\n<ul>\n<li>\n<p class=\"ds-markdown-paragraph\">Chi\u1ec1u d\u00e0i: 33 mm<\/p>\n<\/li>\n<li>\n<p class=\"ds-markdown-paragraph\">Chi\u1ec1u r\u1ed9ng\/cao: 26 mm<\/p>\n<\/li>\n<li>\n<p class=\"ds-markdown-paragraph\">\u0110\u1ed9 d\u00e0y: 4 mm<\/p>\n<\/li>\n<\/ul>\n<\/li>\n<li>\n<p class=\"ds-markdown-paragraph\"><strong>V\u1eadt li\u1ec7u:<\/strong> FE679PS (Carbon ch\u1ea5t l\u01b0\u1ee3ng cao, ch\u1ecbu m\u00e0i m\u00f2n t\u1ed1t)<\/p>\n<\/li>\n<li>\n<p class=\"ds-markdown-paragraph\"><strong>\u1ee8ng d\u1ee5ng:<\/strong>\u00a0D\u00f9ng cho b\u01a1m ch\u00e2n kh\u00f4ng kh\u00f4\u00a0<strong>Busch SECO SV 1005 C,SECO SD 1005 C, SECO SV 1008 C,SECO SD 1008 C\u00a0<\/strong><\/p>\n<\/li>\n<li>\n<p class=\"ds-markdown-paragraph\"><strong>S\u1ed1 l\u01b0\u1ee3ng:<\/strong>\u00a01 b\u1ed9 g\u1ed3m 3 c\u00e1nh g\u1ea1t<\/p>\n<\/li>\n<\/ul>\n<h3><span class=\"ez-toc-section\" id=\"2_Gioi_thieu_ve_dong_bom_chan_khong_Busch_SECO\"><\/span><strong>2. Gi\u1edbi thi\u1ec7u v\u1ec1 d\u00f2ng b\u01a1m ch\u00e2n kh\u00f4ng Busch SECO<\/strong><span class=\"ez-toc-section-end\"><\/span><\/h3>\n<ul>\n<li>\n<p class=\"ds-markdown-paragraph\"><strong>SECO<\/strong>\u00a0l\u00e0 d\u00f2ng b\u01a1m ch\u00e2n kh\u00f4ng\u00a0<strong>kh\u00f4 (kh\u00f4ng d\u1ea7u)<\/strong>\u00a0cao c\u1ea5p c\u1ee7a Busch (\u0110\u1ee9c).<\/p>\n<\/li>\n<li>\n<p class=\"ds-markdown-paragraph\"><strong>\u01afu \u0111i\u1ec3m:<\/strong><\/p>\n<ul>\n<li>\n<p class=\"ds-markdown-paragraph\">Kh\u00f4ng s\u1eed d\u1ee5ng d\u1ea7u b\u00f4i tr\u01a1n, gi\u1ea3m \u00f4 nhi\u1ec5m m\u00f4i tr\u01b0\u1eddng.<\/p>\n<\/li>\n<li>\n<p class=\"ds-markdown-paragraph\">Hi\u1ec7u su\u1ea5t cao, \u0111\u1ed9 b\u1ec1n t\u1ed1t.<\/p>\n<\/li>\n<li>\n<p class=\"ds-markdown-paragraph\">\u00cdt ph\u1ea3i b\u1ea3o tr\u00ec so v\u1edbi b\u01a1m ch\u00e2n kh\u00f4ng d\u1ea7u.<\/p>\n<\/li>\n<li>\n<p class=\"ds-markdown-paragraph\">Ph\u00f9 h\u1ee3p cho c\u00e1c \u1ee9ng d\u1ee5ng y\u00eau c\u1ea7u ch\u00e2n kh\u00f4ng s\u1ea1ch (th\u1ef1c ph\u1ea9m, d\u01b0\u1ee3c ph\u1ea9m, \u0111i\u1ec7n t\u1eed,&#8230;).<\/p>\n<\/li>\n<\/ul>\n<\/li>\n<li>\n<p class=\"ds-markdown-paragraph\"><strong>Nh\u01b0\u1ee3c \u0111i\u1ec3m:<\/strong><\/p>\n<ul>\n<li>\n<p class=\"ds-markdown-paragraph\">Gi\u00e1 th\u00e0nh cao h\u01a1n b\u01a1m d\u1ea7u.<\/p>\n<\/li>\n<li>\n<p class=\"ds-markdown-paragraph\">C\u00e1nh than carbon c\u1ea7n thay th\u1ebf \u0111\u1ecbnh k\u1ef3 do hao m\u00f2n.<\/p>\n<\/li>\n<\/ul>\n<\/li>\n<\/ul>\n<h3><span class=\"ez-toc-section\" id=\"3_Bao_tri_Thay_the_canh_than_carbon\"><\/span><strong>3. B\u1ea3o tr\u00ec &amp; Thay th\u1ebf c\u00e1nh than carbon<\/strong><span class=\"ez-toc-section-end\"><\/span><\/h3>\n<ul>\n<li>\n<p class=\"ds-markdown-paragraph\"><strong>Khi n\u00e0o c\u1ea7n thay th\u1ebf?<\/strong><\/p>\n<ul>\n<li>\n<p class=\"ds-markdown-paragraph\">Khi b\u01a1m gi\u1ea3m hi\u1ec7u su\u1ea5t h\u00fat ch\u00e2n kh\u00f4ng.<\/p>\n<\/li>\n<li>\n<p class=\"ds-markdown-paragraph\">Khi c\u00f3 ti\u1ebfng \u1ed3n b\u1ea5t th\u01b0\u1eddng do c\u00e1nh than b\u1ecb m\u00f2n.<\/p>\n<\/li>\n<\/ul>\n<\/li>\n<li>\n<p class=\"ds-markdown-paragraph\"><strong>L\u01b0u \u00fd khi thay th\u1ebf:<\/strong><\/p>\n<ul>\n<li>\n<p class=\"ds-markdown-paragraph\">S\u1eed d\u1ee5ng\u00a0<strong>c\u00e1nh than ch\u00ednh h\u00e3ng Busch<\/strong> (FE679PS) \u0111\u1ec3 \u0111\u1ea3m b\u1ea3o \u0111\u1ed9 b\u1ec1n.<\/p>\n<\/li>\n<li>\n<p class=\"ds-markdown-paragraph\">V\u1ec7 sinh bu\u1ed3ng b\u01a1m tr\u01b0\u1edbc khi l\u1eafp c\u00e1nh m\u1edbi.<\/p>\n<\/li>\n<li>\n<p class=\"ds-markdown-paragraph\">Ki\u1ec3m tra c\u00e1c b\u1ed9 ph\u1eadn kh\u00e1c nh\u01b0 rotor, gio\u0103ng ph\u1edbt \u0111\u1ec3 tr\u00e1nh h\u01b0 h\u1ecfng k\u00e8m theo.<\/p>\n<\/li>\n<\/ul>\n<\/li>\n<\/ul>\n<h3><span class=\"ez-toc-section\" id=\"4_Lien_he_dat_hang_ho_tro_ky_thuat\"><\/span><strong>4. Li\u00ean h\u1ec7 \u0111\u1eb7t h\u00e0ng &amp; h\u1ed7 tr\u1ee3 k\u1ef9 thu\u1eadt<\/strong><span class=\"ez-toc-section-end\"><\/span><\/h3>\n<ul>\n<li>\n<p class=\"ds-markdown-paragraph\"><strong>C\u00d4NG TY TNHH K\u1ef8 THU\u1eacT V\u00c0 D\u1ecaCH V\u1ee4 MINH PH\u00da<\/strong><\/p>\n<ul>\n<li>\n<p class=\"ds-markdown-paragraph\"><strong>Hotline:<\/strong>\u00a00985 459 559<\/p>\n<\/li>\n<li>\n<p class=\"ds-markdown-paragraph\"><strong>Email:<\/strong>\u00a0<a href=\"https:\/\/mailto:Sales@minhphuco.vn\/\" target=\"_blank\" rel=\"noopener noreferrer\">Sales@minhphuco.vn<\/a><\/p>\n<\/li>\n<li>\n<p class=\"ds-markdown-paragraph\"><strong>Zalo:<\/strong>\u00a00985 490 343 \/ 0985 843 778<\/p>\n<\/li>\n<li>\n<p class=\"ds-markdown-paragraph\"><strong>Website:<\/strong>\u00a0<a href=\"http:\/\/minhphuco.vn\/\" target=\"_blank\" rel=\"noopener noreferrer\">minhphuco.vn<\/a><\/p>\n<\/li>\n<\/ul>\n<\/li>\n<\/ul>\n<p class=\"ds-markdown-paragraph\">\ud83d\udc49\u00a0<strong>Cam k\u1ebft:<\/strong>\u00a0H\u00e0ng ch\u00ednh h\u00e3ng Busch, h\u1ed7 tr\u1ee3 k\u1ef9 thu\u1eadt 24\/7, giao h\u00e0ng to\u00e0n qu\u1ed1c.<\/p>\n<p class=\"ds-markdown-paragraph\">N\u1ebfu c\u1ea7n t\u01b0 v\u1ea5n th\u00eam v\u1ec1 b\u01a1m SECO ho\u1eb7c \u0111\u1eb7t mua ph\u1ee5 t\u00f9ng, b\u1ea1n c\u00f3 th\u1ec3 li\u00ean h\u1ec7 tr\u1ef1c ti\u1ebfp v\u1edbi Minh Ph\u00fa \u0111\u1ec3 \u0111\u01b0\u1ee3c b\u00e1o gi\u00e1 nhanh nh\u1ea5t!<\/p>\n","protected":false},"excerpt":{"rendered":"<p>M\u1ed9t b\u1ed9 g\u1ed3m 3 c\u00e1nh g\u1ea1t v\u1edbi k\u00edch th\u01b0\u1edbc: <strong>33<\/strong> <strong>mm (chi\u1ec1u d\u00e0i) \u00d7 26 mm\u00a0 mm (chi\u1ec1u r\u1ed9ng\/cao) \u00d7 4 mm (\u0111\u1ed9 d\u00e0y)<\/strong><br \/>\nD\u00f9ng cho c\u00e1c m\u00e1y b\u01a1m : Busch <strong>SECO SV 1005 C,SECO SD 1005 C, SECO SV 1008 C,SECO SD 1008 C\u00a0<\/strong><br \/>\nV\u1eadt li\u1ec7u theo c\u00f4ng b\u1ed1 c\u1ee7a Busch l\u00e0 FE679PS<\/p>\n","protected":false},"featured_media":7805,"comment_status":"open","ping_status":"closed","template":"","meta":{"_acf_changed":false},"product_brand":[],"product_cat":[708,69],"product_tag":[1995,1997,1999,1996,1998],"class_list":{"0":"post-8021","1":"product","2":"type-product","3":"status-publish","4":"has-post-thumbnail","6":"product_cat-busch-vanes","7":"product_cat-canh-vane","8":"product_tag-1995","9":"product_tag-seco-sd-1005-c","10":"product_tag-seco-sd-1008-c","11":"product_tag-seco-sv-1005-c","12":"product_tag-seco-sv-1008-c","14":"first","15":"instock","16":"shipping-taxable","17":"product-type-simple"},"acf":[],"_links":{"self":[{"href":"https:\/\/mpvane.com\/en\/wp-json\/wp\/v2\/product\/8021","targetHints":{"allow":["GET"]}}],"collection":[{"href":"https:\/\/mpvane.com\/en\/wp-json\/wp\/v2\/product"}],"about":[{"href":"https:\/\/mpvane.com\/en\/wp-json\/wp\/v2\/types\/product"}],"replies":[{"embeddable":true,"href":"https:\/\/mpvane.com\/en\/wp-json\/wp\/v2\/comments?post=8021"}],"version-history":[{"count":2,"href":"https:\/\/mpvane.com\/en\/wp-json\/wp\/v2\/product\/8021\/revisions"}],"predecessor-version":[{"id":8023,"href":"https:\/\/mpvane.com\/en\/wp-json\/wp\/v2\/product\/8021\/revisions\/8023"}],"wp:featuredmedia":[{"embeddable":true,"href":"https:\/\/mpvane.com\/en\/wp-json\/wp\/v2\/media\/7805"}],"wp:attachment":[{"href":"https:\/\/mpvane.com\/en\/wp-json\/wp\/v2\/media?parent=8021"}],"wp:term":[{"taxonomy":"product_brand","embeddable":true,"href":"https:\/\/mpvane.com\/en\/wp-json\/wp\/v2\/product_brand?post=8021"},{"taxonomy":"product_cat","embeddable":true,"href":"https:\/\/mpvane.com\/en\/wp-json\/wp\/v2\/product_cat?post=8021"},{"taxonomy":"product_tag","embeddable":true,"href":"https:\/\/mpvane.com\/en\/wp-json\/wp\/v2\/product_tag?post=8021"}],"curies":[{"name":"wp","href":"https:\/\/api.w.org\/{rel}","templated":true}]}}