{"id":8008,"date":"2025-05-27T16:33:05","date_gmt":"2025-05-27T09:33:05","guid":{"rendered":"https:\/\/mpvane.com\/?post_type=product&#038;p=8008"},"modified":"2025-05-27T16:46:18","modified_gmt":"2025-05-27T09:46:18","slug":"bo-3-canh-gat-0722211381-r5-rd-0300-a-r5-rd-0360-a","status":"publish","type":"product","link":"https:\/\/mpvane.com\/en\/san-pham\/bo-3-canh-gat-0722211381-r5-rd-0300-a-r5-rd-0360-a\/","title":{"rendered":"B\u1ed9 3 c\u00e1nh g\u1ea1t 0722211381 R5 RD 0300 A R5 RD 0360 A"},"content":{"rendered":"<div id=\"ez-toc-container\" class=\"ez-toc-v2_0_75 counter-hierarchy ez-toc-counter ez-toc-grey ez-toc-container-direction\">\n<div class=\"ez-toc-title-container\">\n<p class=\"ez-toc-title\" style=\"cursor:inherit\">Table of Contents<\/p>\n<span class=\"ez-toc-title-toggle\"><a href=\"#\" class=\"ez-toc-pull-right ez-toc-btn ez-toc-btn-xs ez-toc-btn-default ez-toc-toggle\" aria-label=\"Toggle Table of Content\"><span class=\"ez-toc-js-icon-con\"><span class=\"\"><span class=\"eztoc-hide\" style=\"display:none;\">Toggle<\/span><span class=\"ez-toc-icon-toggle-span\"><svg style=\"fill: #999;color:#999\" xmlns=\"http:\/\/www.w3.org\/2000\/svg\" class=\"list-377408\" width=\"20px\" height=\"20px\" viewBox=\"0 0 24 24\" fill=\"none\"><path d=\"M6 6H4v2h2V6zm14 0H8v2h12V6zM4 11h2v2H4v-2zm16 0H8v2h12v-2zM4 16h2v2H4v-2zm16 0H8v2h12v-2z\" fill=\"currentColor\"><\/path><\/svg><svg style=\"fill: #999;color:#999\" class=\"arrow-unsorted-368013\" xmlns=\"http:\/\/www.w3.org\/2000\/svg\" width=\"10px\" height=\"10px\" viewBox=\"0 0 24 24\" version=\"1.2\" baseProfile=\"tiny\"><path d=\"M18.2 9.3l-6.2-6.3-6.2 6.3c-.2.2-.3.4-.3.7s.1.5.3.7c.2.2.4.3.7.3h11c.3 0 .5-.1.7-.3.2-.2.3-.5.3-.7s-.1-.5-.3-.7zM5.8 14.7l6.2 6.3 6.2-6.3c.2-.2.3-.5.3-.7s-.1-.5-.3-.7c-.2-.2-.4-.3-.7-.3h-11c-.3 0-.5.1-.7.3-.2.2-.3.5-.3.7s.1.5.3.7z\"\/><\/svg><\/span><\/span><\/span><\/a><\/span><\/div>\n<nav><ul class='ez-toc-list ez-toc-list-level-1 ' ><li class='ez-toc-page-1 ez-toc-heading-level-3'><a class=\"ez-toc-link ez-toc-heading-1\" href=\"https:\/\/mpvane.com\/en\/san-pham\/bo-3-canh-gat-0722211381-r5-rd-0300-a-r5-rd-0360-a\/#Thong_so_ky_thuat\" >Th\u00f4ng s\u1ed1 k\u1ef9 thu\u1eadt<\/a><\/li><li class='ez-toc-page-1 ez-toc-heading-level-3'><a class=\"ez-toc-link ez-toc-heading-2\" href=\"https:\/\/mpvane.com\/en\/san-pham\/bo-3-canh-gat-0722211381-r5-rd-0300-a-r5-rd-0360-a\/#Cong_dung_Dac_diem\" >C\u00f4ng d\u1ee5ng &amp; \u0110\u1eb7c \u0111i\u1ec3m<\/a><\/li><li class='ez-toc-page-1 ez-toc-heading-level-3'><a class=\"ez-toc-link ez-toc-heading-3\" href=\"https:\/\/mpvane.com\/en\/san-pham\/bo-3-canh-gat-0722211381-r5-rd-0300-a-r5-rd-0360-a\/#Luu_y_khi_thay_the\" >L\u01b0u \u00fd khi thay th\u1ebf<\/a><\/li><li class='ez-toc-page-1 ez-toc-heading-level-3'><a class=\"ez-toc-link ez-toc-heading-4\" href=\"https:\/\/mpvane.com\/en\/san-pham\/bo-3-canh-gat-0722211381-r5-rd-0300-a-r5-rd-0360-a\/#Lien_he_dat_hang\" >Li\u00ean h\u1ec7 \u0111\u1eb7t h\u00e0ng<\/a><\/li><\/ul><\/nav><\/div>\n<div class=\"dad65929\">\n<div class=\"_4f9bf79 d7dc56a8 _43c05b5\">\n<div class=\"ds-markdown ds-markdown--block\">\n<p class=\"ds-markdown-paragraph\">B\u1ed9 c\u00e1nh g\u1ea1t\u00a0<strong>0722211381 R5 RD 0300 A \/ R5 RD 0360 A<\/strong>\u00a0l\u00e0 ph\u1ee5 t\u00f9ng ch\u00ednh h\u00e3ng\u00a0<strong>Busch<\/strong>, d\u00f9ng cho c\u00e1c d\u00f2ng m\u00e1y b\u01a1m ch\u00e2n kh\u00f4ng\u00a0<strong>Busch R5 RD 0300 A<\/strong>\u00a0v\u00e0\u00a0<strong>R5 RD 0360 A<\/strong>. D\u01b0\u1edbi \u0111\u00e2y l\u00e0 th\u00f4ng tin chi ti\u1ebft v\u00e0 l\u01b0u \u00fd quan tr\u1ecdng khi s\u1eed d\u1ee5ng:<\/p>\n<h3><span class=\"ez-toc-section\" id=\"Thong_so_ky_thuat\"><\/span><strong>Th\u00f4ng s\u1ed1 k\u1ef9 thu\u1eadt<\/strong><span class=\"ez-toc-section-end\"><\/span><\/h3>\n<ul>\n<li>\n<p class=\"ds-markdown-paragraph\"><strong>M\u00e3 s\u1ea3n ph\u1ea9m:<\/strong>\u00a00722211381<\/p>\n<\/li>\n<li>\n<p class=\"ds-markdown-paragraph\"><strong>S\u1ed1 l\u01b0\u1ee3ng:<\/strong>\u00a03 c\u00e1nh g\u1ea1t\/b\u1ed9<\/p>\n<\/li>\n<li>\n<p class=\"ds-markdown-paragraph\"><strong>K\u00edch th\u01b0\u1edbc:<\/strong><\/p>\n<ul>\n<li>\n<p class=\"ds-markdown-paragraph\">Chi\u1ec1u d\u00e0i: 270 mm<\/p>\n<\/li>\n<li>\n<p class=\"ds-markdown-paragraph\">Chi\u1ec1u r\u1ed9ng\/cao: 57 mm<\/p>\n<\/li>\n<li>\n<p class=\"ds-markdown-paragraph\">\u0110\u1ed9 d\u00e0y: 5.9 mm<\/p>\n<\/li>\n<\/ul>\n<\/li>\n<li>\n<p class=\"ds-markdown-paragraph\"><strong>V\u1eadt li\u1ec7u:<\/strong>\u00a0<strong>Aerodur Selen<\/strong>\u00a0(nh\u1ef1a ch\u1ecbu nhi\u1ec7t cao)<\/p>\n<\/li>\n<li>\n<p class=\"ds-markdown-paragraph\"><strong>Nhi\u1ec7t \u0111\u1ed9 l\u00e0m vi\u1ec7c t\u1ed1i \u0111a:<\/strong>\u00a0<strong>200\u00b0C<\/strong><\/p>\n<\/li>\n<li>\n<p class=\"ds-markdown-paragraph\"><strong>Kh\u1ea3 n\u0103ng ch\u1ed1ng h\u00f3a ch\u1ea5t:<\/strong>\u00a0T\u1ed1t<\/p>\n<\/li>\n<\/ul>\n<h3><span class=\"ez-toc-section\" id=\"Cong_dung_Dac_diem\"><\/span><strong>C\u00f4ng d\u1ee5ng &amp; \u0110\u1eb7c \u0111i\u1ec3m<\/strong><span class=\"ez-toc-section-end\"><\/span><\/h3>\n<ul>\n<li>\n<p class=\"ds-markdown-paragraph\">D\u00f9ng cho b\u01a1m ch\u00e2n kh\u00f4ng\u00a0<strong>Busch R5 RD 0300 A \/ R5 RD 0360 A<\/strong>.<\/p>\n<\/li>\n<li>\n<p class=\"ds-markdown-paragraph\">C\u00e1nh g\u1ea1t \u0111\u00f3ng vai tr\u00f2 quan tr\u1ecdng trong vi\u1ec7c t\u1ea1o ch\u00e2n kh\u00f4ng, n\u00e9n kh\u00ed v\u00e0 duy tr\u00ec \u00e1p su\u1ea5t.<\/p>\n<\/li>\n<li>\n<p class=\"ds-markdown-paragraph\">Ch\u1ecbu \u1ee9ng su\u1ea5t cao, \u0111\u1ea3m b\u1ea3o hi\u1ec7u su\u1ea5t b\u01a1m \u1ed5n \u0111\u1ecbnh.<\/p>\n<\/li>\n<li>\n<p class=\"ds-markdown-paragraph\"><strong>Ch\u1ec9 s\u1eed d\u1ee5ng c\u00e1nh g\u1ea1t ch\u00ednh h\u00e3ng Busch<\/strong>\u00a0\u0111\u1ec3 \u0111\u1ea3m b\u1ea3o \u0111\u1ed9 b\u1ec1n v\u00e0 hi\u1ec7u su\u1ea5t t\u1ed1i \u01b0u.<\/p>\n<\/li>\n<\/ul>\n<h3><span class=\"ez-toc-section\" id=\"Luu_y_khi_thay_the\"><\/span><strong>L\u01b0u \u00fd khi thay th\u1ebf<\/strong><span class=\"ez-toc-section-end\"><\/span><\/h3>\n<ul>\n<li>\n<p class=\"ds-markdown-paragraph\"><strong>Ph\u1ea3i \u0111\u01b0\u1ee3c th\u1ef1c hi\u1ec7n b\u1edfi k\u1ef9 thu\u1eadt vi\u00ean c\u00f3 chuy\u00ean m\u00f4n.<\/strong><\/p>\n<\/li>\n<li>\n<p class=\"ds-markdown-paragraph\">C\u1ea7n th\u00e1o r\u1eddi m\u1ed9t s\u1ed1 b\u1ed9 ph\u1eadn (xi-lanh, r\u00f4-to) \u0111\u1ec3 l\u1eafp \u0111\u1eb7t.<\/p>\n<\/li>\n<li>\n<p class=\"ds-markdown-paragraph\"><strong>L\u1eafp sai c\u00f3 th\u1ec3 g\u00e2y h\u1ecfng b\u01a1m, gi\u1ea3m hi\u1ec7u su\u1ea5t ho\u1eb7c m\u1ea5t ch\u00e2n kh\u00f4ng.<\/strong><\/p>\n<\/li>\n<li>\n<p class=\"ds-markdown-paragraph\">M\u1ed7i c\u00e1nh g\u1ea1t c\u00f3\u00a0<strong>s\u1ed1 serial ri\u00eang<\/strong>, \u0111\u1ea3m b\u1ea3o truy xu\u1ea5t ngu\u1ed3n g\u1ed1c.<\/p>\n<\/li>\n<\/ul>\n<h3><span class=\"ez-toc-section\" id=\"Lien_he_dat_hang\"><\/span><strong>Li\u00ean h\u1ec7 \u0111\u1eb7t h\u00e0ng<\/strong><span class=\"ez-toc-section-end\"><\/span><\/h3>\n<p class=\"ds-markdown-paragraph\">\ud83d\udd39\u00a0<strong>C\u00d4NG TY TNHH K\u1ef8 THU\u1eacT V\u00c0 D\u1ecaCH V\u1ee4 MINH PH\u00da<\/strong><br \/>\n\ud83d\udcde\u00a0<strong>Hotline:<\/strong>\u00a00985 459 559<br \/>\n\u2709\u00a0<strong>Email:<\/strong>\u00a0<a href=\"https:\/\/mailto:Sales@minhphuco.vn\/\" target=\"_blank\" rel=\"noopener noreferrer\">Sales@minhphuco.vn<\/a><br \/>\n\ud83d\udcf1\u00a0<strong>Zalo:<\/strong>\u00a00985 490 343 \/ 0985 843 778<\/p>\n<p class=\"ds-markdown-paragraph\">N\u1ebfu b\u1ea1n c\u1ea7n h\u1ed7 tr\u1ee3 k\u1ef9 thu\u1eadt ho\u1eb7c \u0111\u1eb7t mua ph\u1ee5 t\u00f9ng ch\u00ednh h\u00e3ng, h\u00e3y li\u00ean h\u1ec7 ngay v\u1edbi\u00a0<strong>Minh Ph\u00fa<\/strong> \u0111\u1ec3 \u0111\u01b0\u1ee3c t\u01b0 v\u1ea5n chi ti\u1ebft!<\/p>\n<\/div>\n<\/div>\n<\/div>\n","protected":false},"excerpt":{"rendered":"<p>M\u1ed9t b\u1ed9 g\u1ed3m 3 c\u00e1nh g\u1ea1t v\u1edbi k\u00edch th\u01b0\u1edbc: <strong>270 mm (chi\u1ec1u d\u00e0i) \u00d7 57 mm (chi\u1ec1u r\u1ed9ng\/cao) \u00d7 5.9 mm (\u0111\u1ed9 d\u00e0y)<\/strong><br \/>\nD\u00f9ng cho c\u00e1c m\u00e1y b\u01a1m :Busch <strong>R5 RD 0300 A R5 RD 0360 A<\/strong><br \/>\nV\u1eadt li\u1ec7u theo c\u00f4ng b\u1ed1 c\u1ee7a Busch l\u00e0 <strong>Aerodur Selen<\/strong><\/p>\n","protected":false},"featured_media":7805,"comment_status":"open","ping_status":"closed","template":"","meta":{"_acf_changed":false},"product_brand":[],"product_cat":[708,69],"product_tag":[1947],"class_list":{"0":"post-8008","1":"product","2":"type-product","3":"status-publish","4":"has-post-thumbnail","6":"product_cat-busch-vanes","7":"product_cat-canh-vane","8":"product_tag-1947","10":"first","11":"instock","12":"shipping-taxable","13":"product-type-simple"},"acf":[],"_links":{"self":[{"href":"https:\/\/mpvane.com\/en\/wp-json\/wp\/v2\/product\/8008","targetHints":{"allow":["GET"]}}],"collection":[{"href":"https:\/\/mpvane.com\/en\/wp-json\/wp\/v2\/product"}],"about":[{"href":"https:\/\/mpvane.com\/en\/wp-json\/wp\/v2\/types\/product"}],"replies":[{"embeddable":true,"href":"https:\/\/mpvane.com\/en\/wp-json\/wp\/v2\/comments?post=8008"}],"version-history":[{"count":1,"href":"https:\/\/mpvane.com\/en\/wp-json\/wp\/v2\/product\/8008\/revisions"}],"predecessor-version":[{"id":8009,"href":"https:\/\/mpvane.com\/en\/wp-json\/wp\/v2\/product\/8008\/revisions\/8009"}],"wp:featuredmedia":[{"embeddable":true,"href":"https:\/\/mpvane.com\/en\/wp-json\/wp\/v2\/media\/7805"}],"wp:attachment":[{"href":"https:\/\/mpvane.com\/en\/wp-json\/wp\/v2\/media?parent=8008"}],"wp:term":[{"taxonomy":"product_brand","embeddable":true,"href":"https:\/\/mpvane.com\/en\/wp-json\/wp\/v2\/product_brand?post=8008"},{"taxonomy":"product_cat","embeddable":true,"href":"https:\/\/mpvane.com\/en\/wp-json\/wp\/v2\/product_cat?post=8008"},{"taxonomy":"product_tag","embeddable":true,"href":"https:\/\/mpvane.com\/en\/wp-json\/wp\/v2\/product_tag?post=8008"}],"curies":[{"name":"wp","href":"https:\/\/api.w.org\/{rel}","templated":true}]}}