{"id":7998,"date":"2025-05-27T15:03:14","date_gmt":"2025-05-27T08:03:14","guid":{"rendered":"https:\/\/mpvane.com\/?post_type=product&#038;p=7998"},"modified":"2025-05-27T15:09:17","modified_gmt":"2025-05-27T08:09:17","slug":"bo-3-canh-gat-0722116551-r5-pb-0008-c","status":"publish","type":"product","link":"https:\/\/mpvane.com\/en\/san-pham\/bo-3-canh-gat-0722116551-r5-pb-0008-c\/","title":{"rendered":"B\u1ed9 3 c\u00e1nh g\u1ea1t 0722116551 R5 PB 0008 C"},"content":{"rendered":"<div id=\"ez-toc-container\" class=\"ez-toc-v2_0_75 counter-hierarchy ez-toc-counter ez-toc-grey ez-toc-container-direction\">\n<div class=\"ez-toc-title-container\">\n<p class=\"ez-toc-title\" style=\"cursor:inherit\">Table of Contents<\/p>\n<span class=\"ez-toc-title-toggle\"><a href=\"#\" class=\"ez-toc-pull-right ez-toc-btn ez-toc-btn-xs ez-toc-btn-default ez-toc-toggle\" aria-label=\"Toggle Table of Content\"><span class=\"ez-toc-js-icon-con\"><span class=\"\"><span class=\"eztoc-hide\" style=\"display:none;\">Toggle<\/span><span class=\"ez-toc-icon-toggle-span\"><svg style=\"fill: #999;color:#999\" xmlns=\"http:\/\/www.w3.org\/2000\/svg\" class=\"list-377408\" width=\"20px\" height=\"20px\" viewBox=\"0 0 24 24\" fill=\"none\"><path d=\"M6 6H4v2h2V6zm14 0H8v2h12V6zM4 11h2v2H4v-2zm16 0H8v2h12v-2zM4 16h2v2H4v-2zm16 0H8v2h12v-2z\" fill=\"currentColor\"><\/path><\/svg><svg style=\"fill: #999;color:#999\" class=\"arrow-unsorted-368013\" xmlns=\"http:\/\/www.w3.org\/2000\/svg\" width=\"10px\" height=\"10px\" viewBox=\"0 0 24 24\" version=\"1.2\" baseProfile=\"tiny\"><path d=\"M18.2 9.3l-6.2-6.3-6.2 6.3c-.2.2-.3.4-.3.7s.1.5.3.7c.2.2.4.3.7.3h11c.3 0 .5-.1.7-.3.2-.2.3-.5.3-.7s-.1-.5-.3-.7zM5.8 14.7l6.2 6.3 6.2-6.3c.2-.2.3-.5.3-.7s-.1-.5-.3-.7c-.2-.2-.4-.3-.7-.3h-11c-.3 0-.5.1-.7.3-.2.2-.3.5-.3.7s.1.5.3.7z\"\/><\/svg><\/span><\/span><\/span><\/a><\/span><\/div>\n<nav><ul class='ez-toc-list ez-toc-list-level-1 ' ><li class='ez-toc-page-1 ez-toc-heading-level-3'><a class=\"ez-toc-link ez-toc-heading-1\" href=\"https:\/\/mpvane.com\/en\/san-pham\/bo-3-canh-gat-0722116551-r5-pb-0008-c\/#Thong_so_ky_thuat\" >Th\u00f4ng s\u1ed1 k\u1ef9 thu\u1eadt<\/a><\/li><li class='ez-toc-page-1 ez-toc-heading-level-3'><a class=\"ez-toc-link ez-toc-heading-2\" href=\"https:\/\/mpvane.com\/en\/san-pham\/bo-3-canh-gat-0722116551-r5-pb-0008-c\/#Cong_dung_Dac_diem\" >C\u00f4ng d\u1ee5ng &amp; \u0110\u1eb7c \u0111i\u1ec3m<\/a><\/li><li class='ez-toc-page-1 ez-toc-heading-level-3'><a class=\"ez-toc-link ez-toc-heading-3\" href=\"https:\/\/mpvane.com\/en\/san-pham\/bo-3-canh-gat-0722116551-r5-pb-0008-c\/#Luu_y_khi_thay_the\" >L\u01b0u \u00fd khi thay th\u1ebf<\/a><\/li><li class='ez-toc-page-1 ez-toc-heading-level-3'><a class=\"ez-toc-link ez-toc-heading-4\" href=\"https:\/\/mpvane.com\/en\/san-pham\/bo-3-canh-gat-0722116551-r5-pb-0008-c\/#Lien_he_mua_hang\" >Li\u00ean h\u1ec7 mua h\u00e0ng<\/a><\/li><\/ul><\/nav><\/div>\n<p class=\"ds-markdown-paragraph\">B\u1ed9 3 c\u00e1nh g\u1ea1t\u00a0<strong>0722116551 R5 PB 0008 C<\/strong>\u00a0l\u00e0 ph\u1ee5 t\u00f9ng ch\u00ednh h\u00e3ng c\u1ee7a\u00a0<strong>Busch<\/strong>, d\u00f9ng cho b\u01a1m ch\u00e2n kh\u00f4ng d\u00f2ng\u00a0<strong>R5<\/strong>. D\u01b0\u1edbi \u0111\u00e2y l\u00e0 th\u00f4ng tin chi ti\u1ebft v\u00e0 m\u1ed9t s\u1ed1 l\u01b0u \u00fd quan tr\u1ecdng:<\/p>\n<h3><span class=\"ez-toc-section\" id=\"Thong_so_ky_thuat\"><\/span><strong>Th\u00f4ng s\u1ed1 k\u1ef9 thu\u1eadt<\/strong><span class=\"ez-toc-section-end\"><\/span><\/h3>\n<ul>\n<li>\n<p class=\"ds-markdown-paragraph\"><strong>M\u00e3 s\u1ea3n ph\u1ea9m:<\/strong>\u00a00722116551<\/p>\n<\/li>\n<li>\n<p class=\"ds-markdown-paragraph\"><strong>Ch\u1ee7ng lo\u1ea1i:<\/strong>\u00a0B\u1ed9 3 c\u00e1nh g\u1ea1t cho b\u01a1m ch\u00e2n kh\u00f4ng Busch R5<\/p>\n<\/li>\n<li>\n<p class=\"ds-markdown-paragraph\"><strong>V\u1eadt li\u1ec7u:<\/strong>\u00a0EGS T-23 (Nh\u1ef1a ch\u1ecbu nhi\u1ec7t cao)<\/p>\n<\/li>\n<li>\n<p class=\"ds-markdown-paragraph\"><strong>Kh\u1ea3 n\u0103ng ch\u1ecbu nhi\u1ec7t:<\/strong>\u00a0L\u00ean \u0111\u1ebfn\u00a0<strong>200\u00b0C<\/strong><\/p>\n<\/li>\n<li>\n<p class=\"ds-markdown-paragraph\"><strong>Kh\u1ea3 n\u0103ng ch\u1ed1ng h\u00f3a ch\u1ea5t:<\/strong>\u00a0T\u1ed1t<\/p>\n<\/li>\n<li>\n<p class=\"ds-markdown-paragraph\"><strong>K\u00edch th\u01b0\u1edbc:<\/strong>\u00a0Kh\u00f4ng \u0111\u1ec1 c\u1eadp c\u1ee5 th\u1ec3 (c\u1ea7n ki\u1ec3m tra th\u00eam t\u1eeb t\u00e0i li\u1ec7u k\u1ef9 thu\u1eadt).<\/p>\n<\/li>\n<\/ul>\n<h3><span class=\"ez-toc-section\" id=\"Cong_dung_Dac_diem\"><\/span><strong>C\u00f4ng d\u1ee5ng &amp; \u0110\u1eb7c \u0111i\u1ec3m<\/strong><span class=\"ez-toc-section-end\"><\/span><\/h3>\n<ul>\n<li>\n<p class=\"ds-markdown-paragraph\">C\u00e1nh g\u1ea1t l\u00e0 b\u1ed9 ph\u1eadn quan tr\u1ecdng trong b\u01a1m ch\u00e2n kh\u00f4ng, gi\u00fap t\u1ea1o khoang h\u00fat, n\u00e9n kh\u00ed v\u00e0 \u0111\u1ea9y kh\u00ed ra c\u1eeda x\u1ea3.<\/p>\n<\/li>\n<li>\n<p class=\"ds-markdown-paragraph\">Ch\u1ecbu \u1ee9ng su\u1ea5t c\u01a1 h\u1ecdc l\u1edbn, \u0111\u00f2i h\u1ecfi \u0111\u1ed9 b\u1ec1n cao.<\/p>\n<\/li>\n<li>\n<p class=\"ds-markdown-paragraph\"><strong>Ch\u1ec9 s\u1eed d\u1ee5ng c\u00e1nh g\u1ea1t ch\u00ednh h\u00e3ng Busch<\/strong>\u00a0\u0111\u1ec3 \u0111\u1ea3m b\u1ea3o hi\u1ec7u su\u1ea5t v\u00e0 tu\u1ed5i th\u1ecd b\u01a1m.<\/p>\n<\/li>\n<li>\n<p class=\"ds-markdown-paragraph\">M\u1ed7i c\u00e1nh g\u1ea1t c\u00f3 m\u00e3 theo d\u00f5i ri\u00eang, \u0111\u1ea3m b\u1ea3o truy xu\u1ea5t ngu\u1ed3n g\u1ed1c.<\/p>\n<\/li>\n<\/ul>\n<h3><span class=\"ez-toc-section\" id=\"Luu_y_khi_thay_the\"><\/span><strong>L\u01b0u \u00fd khi thay th\u1ebf<\/strong><span class=\"ez-toc-section-end\"><\/span><\/h3>\n<ul>\n<li>\n<p class=\"ds-markdown-paragraph\"><strong>Ph\u1ea3i \u0111\u01b0\u1ee3c th\u1ef1c hi\u1ec7n b\u1edfi k\u1ef9 thu\u1eadt vi\u00ean c\u00f3 chuy\u00ean m\u00f4n<\/strong>\u00a0do y\u00eau c\u1ea7u th\u00e1o l\u1eafp ph\u1ee9c t\u1ea1p (bao g\u1ed3m xi-lanh, r\u00f4-to).<\/p>\n<\/li>\n<li>\n<p class=\"ds-markdown-paragraph\">L\u1eafp sai c\u00f3 th\u1ec3 g\u00e2y\u00a0<strong>h\u1ecfng b\u01a1m, gi\u1ea3m hi\u1ec7u su\u1ea5t h\u00fat ch\u00e2n kh\u00f4ng<\/strong>, ho\u1eb7c g\u00e2y s\u1ef1 c\u1ed1 \u00e1p su\u1ea5t.<\/p>\n<\/li>\n<li>\n<p class=\"ds-markdown-paragraph\">Ki\u1ec3m tra k\u1ef9 \u0111\u1ed9 kh\u00edt v\u00e0 v\u1ecb tr\u00ed \u0111\u1eb7t c\u00e1nh g\u1ea1t sau khi l\u1eafp.<\/p>\n<\/li>\n<\/ul>\n<h3><span class=\"ez-toc-section\" id=\"Lien_he_mua_hang\"><\/span><strong>Li\u00ean h\u1ec7 mua h\u00e0ng<\/strong><span class=\"ez-toc-section-end\"><\/span><\/h3>\n<ul>\n<li>\n<p class=\"ds-markdown-paragraph\"><strong>C\u00f4ng ty TNHH K\u1ef9 Thu\u1eadt &amp; D\u1ecbch V\u1ee5 Minh Ph\u00fa<\/strong><\/p>\n<ul>\n<li>\n<p class=\"ds-markdown-paragraph\">Hotline:\u00a0<strong>0985 459 559<\/strong><\/p>\n<\/li>\n<li>\n<p class=\"ds-markdown-paragraph\">Email:\u00a0<strong><a href=\"https:\/\/mailto:Sales@minhphuco.vn\/\" target=\"_blank\" rel=\"noopener noreferrer\">Sales@minhphuco.vn<\/a><\/strong><\/p>\n<\/li>\n<li>\n<p class=\"ds-markdown-paragraph\">Zalo:\u00a0<strong>0985 490 343 \/ 0985 843 778<\/strong><\/p>\n<\/li>\n<\/ul>\n<\/li>\n<\/ul>\n<p class=\"ds-markdown-paragraph\">N\u1ebfu b\u1ea1n c\u1ea7n h\u1ed7 tr\u1ee3 k\u1ef9 thu\u1eadt ho\u1eb7c b\u00e1o gi\u00e1 chi ti\u1ebft, n\u00ean li\u00ean h\u1ec7 tr\u1ef1c ti\u1ebfp v\u1edbi nh\u00e0 cung c\u1ea5p \u0111\u1ec3 \u0111\u01b0\u1ee3c t\u01b0 v\u1ea5n ch\u00ednh x\u00e1c v\u1ec1 t\u01b0\u01a1ng th\u00edch v\u1edbi model b\u01a1m c\u1ee5 th\u1ec3.<\/p>\n","protected":false},"excerpt":{"rendered":"<p>M\u1ed9t b\u1ed9 g\u1ed3m 3 c\u00e1nh g\u1ea1t v\u1edbi k\u00edch th\u01b0\u1edbc: <strong>00 mm (chi\u1ec1u d\u00e0i) \u00d7 00 mm (chi\u1ec1u r\u1ed9ng\/cao) \u00d7 00 mm (\u0111\u1ed9 d\u00e0y)<\/strong><br \/>\nD\u00f9ng cho c\u00e1c m\u00e1y b\u01a1m :Busch <strong>R5 PB 0008 C<\/strong><br \/>\nV\u1eadt li\u1ec7u theo c\u00f4ng b\u1ed1 c\u1ee7a Busch l\u00e0 <strong>EGS T-23<\/strong><\/p>\n","protected":false},"featured_media":7805,"comment_status":"open","ping_status":"closed","template":"","meta":{"_acf_changed":false},"product_brand":[],"product_cat":[708,69],"product_tag":[1919],"class_list":{"0":"post-7998","1":"product","2":"type-product","3":"status-publish","4":"has-post-thumbnail","6":"product_cat-busch-vanes","7":"product_cat-canh-vane","8":"product_tag-1919","10":"first","11":"instock","12":"shipping-taxable","13":"product-type-simple"},"acf":[],"_links":{"self":[{"href":"https:\/\/mpvane.com\/en\/wp-json\/wp\/v2\/product\/7998","targetHints":{"allow":["GET"]}}],"collection":[{"href":"https:\/\/mpvane.com\/en\/wp-json\/wp\/v2\/product"}],"about":[{"href":"https:\/\/mpvane.com\/en\/wp-json\/wp\/v2\/types\/product"}],"replies":[{"embeddable":true,"href":"https:\/\/mpvane.com\/en\/wp-json\/wp\/v2\/comments?post=7998"}],"version-history":[{"count":1,"href":"https:\/\/mpvane.com\/en\/wp-json\/wp\/v2\/product\/7998\/revisions"}],"predecessor-version":[{"id":7999,"href":"https:\/\/mpvane.com\/en\/wp-json\/wp\/v2\/product\/7998\/revisions\/7999"}],"wp:featuredmedia":[{"embeddable":true,"href":"https:\/\/mpvane.com\/en\/wp-json\/wp\/v2\/media\/7805"}],"wp:attachment":[{"href":"https:\/\/mpvane.com\/en\/wp-json\/wp\/v2\/media?parent=7998"}],"wp:term":[{"taxonomy":"product_brand","embeddable":true,"href":"https:\/\/mpvane.com\/en\/wp-json\/wp\/v2\/product_brand?post=7998"},{"taxonomy":"product_cat","embeddable":true,"href":"https:\/\/mpvane.com\/en\/wp-json\/wp\/v2\/product_cat?post=7998"},{"taxonomy":"product_tag","embeddable":true,"href":"https:\/\/mpvane.com\/en\/wp-json\/wp\/v2\/product_tag?post=7998"}],"curies":[{"name":"wp","href":"https:\/\/api.w.org\/{rel}","templated":true}]}}