{"id":7996,"date":"2025-05-27T14:26:34","date_gmt":"2025-05-27T07:26:34","guid":{"rendered":"https:\/\/mpvane.com\/?post_type=product&#038;p=7996"},"modified":"2025-05-27T14:33:27","modified_gmt":"2025-05-27T07:33:27","slug":"bo-3-canh-gat-0722136478-r5-pb-0003-d-r5-pb-0004-c","status":"publish","type":"product","link":"https:\/\/mpvane.com\/en\/san-pham\/bo-3-canh-gat-0722136478-r5-pb-0003-d-r5-pb-0004-c\/","title":{"rendered":"B\u1ed9 3 c\u00e1nh g\u1ea1t 0722136478 R5 PB 0003 D R5 PB 0004 C"},"content":{"rendered":"<div id=\"ez-toc-container\" class=\"ez-toc-v2_0_75 counter-hierarchy ez-toc-counter ez-toc-grey ez-toc-container-direction\">\n<div class=\"ez-toc-title-container\">\n<p class=\"ez-toc-title\" style=\"cursor:inherit\">Table of Contents<\/p>\n<span class=\"ez-toc-title-toggle\"><a href=\"#\" class=\"ez-toc-pull-right ez-toc-btn ez-toc-btn-xs ez-toc-btn-default ez-toc-toggle\" aria-label=\"Toggle Table of Content\"><span class=\"ez-toc-js-icon-con\"><span class=\"\"><span class=\"eztoc-hide\" style=\"display:none;\">Toggle<\/span><span class=\"ez-toc-icon-toggle-span\"><svg style=\"fill: #999;color:#999\" xmlns=\"http:\/\/www.w3.org\/2000\/svg\" class=\"list-377408\" width=\"20px\" height=\"20px\" viewBox=\"0 0 24 24\" fill=\"none\"><path d=\"M6 6H4v2h2V6zm14 0H8v2h12V6zM4 11h2v2H4v-2zm16 0H8v2h12v-2zM4 16h2v2H4v-2zm16 0H8v2h12v-2z\" fill=\"currentColor\"><\/path><\/svg><svg style=\"fill: #999;color:#999\" class=\"arrow-unsorted-368013\" xmlns=\"http:\/\/www.w3.org\/2000\/svg\" width=\"10px\" height=\"10px\" viewBox=\"0 0 24 24\" version=\"1.2\" baseProfile=\"tiny\"><path d=\"M18.2 9.3l-6.2-6.3-6.2 6.3c-.2.2-.3.4-.3.7s.1.5.3.7c.2.2.4.3.7.3h11c.3 0 .5-.1.7-.3.2-.2.3-.5.3-.7s-.1-.5-.3-.7zM5.8 14.7l6.2 6.3 6.2-6.3c.2-.2.3-.5.3-.7s-.1-.5-.3-.7c-.2-.2-.4-.3-.7-.3h-11c-.3 0-.5.1-.7.3-.2.2-.3.5-.3.7s.1.5.3.7z\"\/><\/svg><\/span><\/span><\/span><\/a><\/span><\/div>\n<nav><ul class='ez-toc-list ez-toc-list-level-1 ' ><li class='ez-toc-page-1 ez-toc-heading-level-3'><a class=\"ez-toc-link ez-toc-heading-1\" href=\"https:\/\/mpvane.com\/en\/san-pham\/bo-3-canh-gat-0722136478-r5-pb-0003-d-r5-pb-0004-c\/#Thong_so_ky_thuat\" >Th\u00f4ng s\u1ed1 k\u1ef9 thu\u1eadt<\/a><\/li><li class='ez-toc-page-1 ez-toc-heading-level-3'><a class=\"ez-toc-link ez-toc-heading-2\" href=\"https:\/\/mpvane.com\/en\/san-pham\/bo-3-canh-gat-0722136478-r5-pb-0003-d-r5-pb-0004-c\/#Luu_y_khi_thay_the\" >L\u01b0u \u00fd khi thay th\u1ebf<\/a><\/li><li class='ez-toc-page-1 ez-toc-heading-level-3'><a class=\"ez-toc-link ez-toc-heading-3\" href=\"https:\/\/mpvane.com\/en\/san-pham\/bo-3-canh-gat-0722136478-r5-pb-0003-d-r5-pb-0004-c\/#Chung_nhan_chinh_hang\" >Ch\u1ee9ng nh\u1eadn ch\u00ednh h\u00e3ng<\/a><\/li><li class='ez-toc-page-1 ez-toc-heading-level-3'><a class=\"ez-toc-link ez-toc-heading-4\" href=\"https:\/\/mpvane.com\/en\/san-pham\/bo-3-canh-gat-0722136478-r5-pb-0003-d-r5-pb-0004-c\/#Lien_he_dat_hang\" >Li\u00ean h\u1ec7 \u0111\u1eb7t h\u00e0ng<\/a><\/li><\/ul><\/nav><\/div>\n<div class=\"dad65929\">\n<div class=\"_4f9bf79 d7dc56a8 _43c05b5\">\n<div class=\"ds-markdown ds-markdown--block\">\n<p class=\"ds-markdown-paragraph\">B\u1ed9 3 c\u00e1nh g\u1ea1t\u00a0<strong>0722136478 R5 PB 0003 D \/ R5 PB 0004 C<\/strong>\u00a0l\u00e0 ph\u1ee5 t\u00f9ng ch\u00ednh h\u00e3ng\u00a0<strong>Busch<\/strong>, d\u00f9ng cho m\u00e1y b\u01a1m ch\u00e2n kh\u00f4ng d\u00f2ng\u00a0<strong>R5<\/strong>\u00a0(model\u00a0<strong>PB 0003 D<\/strong>\u00a0v\u00e0\u00a0<strong>PB 0004 C<\/strong>). D\u01b0\u1edbi \u0111\u00e2y l\u00e0 t\u00f3m t\u1eaft th\u00f4ng tin quan tr\u1ecdng:<\/p>\n<h3><span class=\"ez-toc-section\" id=\"Thong_so_ky_thuat\"><\/span><strong>Th\u00f4ng s\u1ed1 k\u1ef9 thu\u1eadt<\/strong><span class=\"ez-toc-section-end\"><\/span><\/h3>\n<ul>\n<li>\n<p class=\"ds-markdown-paragraph\"><strong>Ch\u1ea5t li\u1ec7u:<\/strong>\u00a0Nh\u1ef1a Ryton R-7 (ch\u1ecbu nhi\u1ec7t \u0111\u1ed9 l\u00ean \u0111\u1ebfn\u00a0<strong>200\u00b0C<\/strong>)<\/p>\n<\/li>\n<li>\n<p class=\"ds-markdown-paragraph\"><strong>\u0110\u1eb7c t\u00ednh:<\/strong><\/p>\n<ul>\n<li>\n<p class=\"ds-markdown-paragraph\">Ch\u1ecbu \u1ee9ng su\u1ea5t c\u01a1 h\u1ecdc &amp; \u0111i\u1ec7n \u1edf nhi\u1ec7t \u0111\u1ed9 cao.<\/p>\n<\/li>\n<li>\n<p class=\"ds-markdown-paragraph\">Kh\u00e1ng h\u00f3a ch\u1ea5t t\u1ed1t.<\/p>\n<\/li>\n<li>\n<p class=\"ds-markdown-paragraph\">\u0110\u1ed9 b\u1ec1n cao, \u0111\u1ea3m b\u1ea3o hi\u1ec7u su\u1ea5t b\u01a1m t\u1ed1i \u01b0u.<\/p>\n<\/li>\n<\/ul>\n<\/li>\n<li>\n<p class=\"ds-markdown-paragraph\"><strong>Vai tr\u00f2:<\/strong>\u00a0T\u1ea1o khoang ch\u00e2n kh\u00f4ng, n\u00e9n v\u00e0 v\u1eadn chuy\u1ec3n kh\u00ed trong bu\u1ed3ng b\u01a1m.<\/p>\n<\/li>\n<\/ul>\n<h3><span class=\"ez-toc-section\" id=\"Luu_y_khi_thay_the\"><\/span><strong>L\u01b0u \u00fd khi thay th\u1ebf<\/strong><span class=\"ez-toc-section-end\"><\/span><\/h3>\n<ul>\n<li>\n<p class=\"ds-markdown-paragraph\"><strong>Ch\u1ec9 k\u1ef9 thu\u1eadt vi\u00ean chuy\u00ean nghi\u1ec7p<\/strong>\u00a0\u0111\u01b0\u1ee3c th\u1ef1c hi\u1ec7n thay th\u1ebf.<\/p>\n<\/li>\n<li>\n<p class=\"ds-markdown-paragraph\">Quy tr\u00ecnh \u0111\u00f2i h\u1ecfi th\u00e1o r\u1eddi xi-lanh, r\u00f4-to v\u00e0 l\u1eafp l\u1ea1i v\u1edbi\u00a0<strong>\u0111\u1ed9 ch\u00ednh x\u00e1c tuy\u1ec7t \u0111\u1ed1i<\/strong>\u00a0\u0111\u1ec3 tr\u00e1nh h\u01b0 h\u1ecfng b\u01a1m.<\/p>\n<\/li>\n<li>\n<p class=\"ds-markdown-paragraph\">S\u1eed d\u1ee5ng c\u00e1nh g\u1ea1t kh\u00f4ng \u0111\u1ea1t chu\u1ea9n c\u00f3 th\u1ec3 g\u00e2y:<\/p>\n<ul>\n<li>\n<p class=\"ds-markdown-paragraph\">\u00c1p su\u1ea5t kh\u00f4ng \u1ed5n \u0111\u1ecbnh.<\/p>\n<\/li>\n<li>\n<p class=\"ds-markdown-paragraph\">Gi\u1ea3m hi\u1ec7u su\u1ea5t ho\u1eb7c h\u1ecfng ho\u00e0n to\u00e0n b\u01a1m.<\/p>\n<\/li>\n<\/ul>\n<\/li>\n<\/ul>\n<h3><span class=\"ez-toc-section\" id=\"Chung_nhan_chinh_hang\"><\/span><strong>Ch\u1ee9ng nh\u1eadn ch\u00ednh h\u00e3ng<\/strong><span class=\"ez-toc-section-end\"><\/span><\/h3>\n<ul>\n<li>\n<p class=\"ds-markdown-paragraph\">M\u1ed7i c\u00e1nh g\u1ea1t c\u00f3\u00a0<strong>s\u1ed1 l\u00f4\/s\u1ed1 theo d\u00f5i<\/strong>\u00a0\u0111\u01b0\u1ee3c kh\u1eafc laser, \u0111\u1ea3m b\u1ea3o truy xu\u1ea5t ngu\u1ed3n g\u1ed1c.<\/p>\n<\/li>\n<li>\n<p class=\"ds-markdown-paragraph\">\u0110\u00e3 qua ki\u1ec3m \u0111\u1ecbnh ch\u1ea5t l\u01b0\u1ee3ng nghi\u00eam ng\u1eb7t c\u1ee7a Busch.<\/p>\n<\/li>\n<\/ul>\n<h3><span class=\"ez-toc-section\" id=\"Lien_he_dat_hang\"><\/span><strong>Li\u00ean h\u1ec7 \u0111\u1eb7t h\u00e0ng<\/strong><span class=\"ez-toc-section-end\"><\/span><\/h3>\n<ul>\n<li>\n<p class=\"ds-markdown-paragraph\"><strong>C\u00f4ng ty TNHH K\u1ef9 Thu\u1eadt &amp; D\u1ecbch V\u1ee5 Minh Ph\u00fa<\/strong><\/p>\n<ul>\n<li>\n<p class=\"ds-markdown-paragraph\">Hotline:\u00a0<strong>0985 459 559<\/strong><\/p>\n<\/li>\n<li>\n<p class=\"ds-markdown-paragraph\">Email:\u00a0<strong><a href=\"https:\/\/mailto:Sales@minhphuco.vn\/\" target=\"_blank\" rel=\"noopener noreferrer\">Sales@minhphuco.vn<\/a><\/strong><\/p>\n<\/li>\n<li>\n<p class=\"ds-markdown-paragraph\">Zalo:\u00a0<strong>0985 490 343<\/strong>\u00a0ho\u1eb7c\u00a0<strong>0985 843 778<\/strong><\/p>\n<\/li>\n<\/ul>\n<\/li>\n<\/ul>\n<p class=\"ds-markdown-paragraph\">\ud83d\udd27\u00a0<strong>L\u1eddi khuy\u00ean:<\/strong> N\u00ean thay c\u1ea3 b\u1ed9 3 c\u00e1nh \u0111\u1ed3ng b\u1ed9 v\u00e0 ki\u1ec3m tra c\u00e1c b\u1ed9 ph\u1eadn li\u00ean quan (v\u00f2ng bi, ph\u1edbt) \u0111\u1ec3 \u0111\u1ea3m b\u1ea3o tu\u1ed5i th\u1ecd b\u01a1m.<\/p>\n<\/div>\n<\/div>\n<\/div>\n","protected":false},"excerpt":{"rendered":"<p>M\u1ed9t b\u1ed9 g\u1ed3m 3 c\u00e1nh g\u1ea1t v\u1edbi k\u00edch th\u01b0\u1edbc: <strong>00 mm (chi\u1ec1u d\u00e0i) \u00d7 00 mm (chi\u1ec1u r\u1ed9ng\/cao) \u00d7 00 mm (\u0111\u1ed9 d\u00e0y)<\/strong><br \/>\nD\u00f9ng cho c\u00e1c m\u00e1y b\u01a1m :Busch <strong>R5 PB 0003 D R5 PB 0004 C<\/strong><br \/>\nV\u1eadt li\u1ec7u theo c\u00f4ng b\u1ed1 c\u1ee7a Busch l\u00e0 <strong>Ryton R-7<\/strong><\/p>\n","protected":false},"featured_media":7805,"comment_status":"open","ping_status":"closed","template":"","meta":{"_acf_changed":false},"product_brand":[],"product_cat":[708,69],"product_tag":[1916],"class_list":{"0":"post-7996","1":"product","2":"type-product","3":"status-publish","4":"has-post-thumbnail","6":"product_cat-busch-vanes","7":"product_cat-canh-vane","8":"product_tag-1916","10":"first","11":"instock","12":"shipping-taxable","13":"product-type-simple"},"acf":[],"_links":{"self":[{"href":"https:\/\/mpvane.com\/en\/wp-json\/wp\/v2\/product\/7996","targetHints":{"allow":["GET"]}}],"collection":[{"href":"https:\/\/mpvane.com\/en\/wp-json\/wp\/v2\/product"}],"about":[{"href":"https:\/\/mpvane.com\/en\/wp-json\/wp\/v2\/types\/product"}],"replies":[{"embeddable":true,"href":"https:\/\/mpvane.com\/en\/wp-json\/wp\/v2\/comments?post=7996"}],"version-history":[{"count":1,"href":"https:\/\/mpvane.com\/en\/wp-json\/wp\/v2\/product\/7996\/revisions"}],"predecessor-version":[{"id":7997,"href":"https:\/\/mpvane.com\/en\/wp-json\/wp\/v2\/product\/7996\/revisions\/7997"}],"wp:featuredmedia":[{"embeddable":true,"href":"https:\/\/mpvane.com\/en\/wp-json\/wp\/v2\/media\/7805"}],"wp:attachment":[{"href":"https:\/\/mpvane.com\/en\/wp-json\/wp\/v2\/media?parent=7996"}],"wp:term":[{"taxonomy":"product_brand","embeddable":true,"href":"https:\/\/mpvane.com\/en\/wp-json\/wp\/v2\/product_brand?post=7996"},{"taxonomy":"product_cat","embeddable":true,"href":"https:\/\/mpvane.com\/en\/wp-json\/wp\/v2\/product_cat?post=7996"},{"taxonomy":"product_tag","embeddable":true,"href":"https:\/\/mpvane.com\/en\/wp-json\/wp\/v2\/product_tag?post=7996"}],"curies":[{"name":"wp","href":"https:\/\/api.w.org\/{rel}","templated":true}]}}