{"id":7985,"date":"2025-05-26T16:18:50","date_gmt":"2025-05-26T09:18:50","guid":{"rendered":"https:\/\/mpvane.com\/?post_type=product&#038;p=7985"},"modified":"2025-05-27T08:53:23","modified_gmt":"2025-05-27T01:53:23","slug":"bo-3-canh-gat-0722000456-r5-ra-1000-b-r5-ra-1000-a-plus","status":"publish","type":"product","link":"https:\/\/mpvane.com\/en\/san-pham\/bo-3-canh-gat-0722000456-r5-ra-1000-b-r5-ra-1000-a-plus\/","title":{"rendered":"B\u1ed9 3 c\u00e1nh g\u1ea1t 0722000456 R5 RA 1000 B R5 RA 1000 A PLUS"},"content":{"rendered":"<div id=\"ez-toc-container\" class=\"ez-toc-v2_0_75 counter-hierarchy ez-toc-counter ez-toc-grey ez-toc-container-direction\">\n<div class=\"ez-toc-title-container\">\n<p class=\"ez-toc-title\" style=\"cursor:inherit\">Table of Contents<\/p>\n<span class=\"ez-toc-title-toggle\"><a href=\"#\" class=\"ez-toc-pull-right ez-toc-btn ez-toc-btn-xs ez-toc-btn-default ez-toc-toggle\" aria-label=\"Toggle Table of Content\"><span class=\"ez-toc-js-icon-con\"><span class=\"\"><span class=\"eztoc-hide\" style=\"display:none;\">Toggle<\/span><span class=\"ez-toc-icon-toggle-span\"><svg style=\"fill: #999;color:#999\" xmlns=\"http:\/\/www.w3.org\/2000\/svg\" class=\"list-377408\" width=\"20px\" height=\"20px\" viewBox=\"0 0 24 24\" fill=\"none\"><path d=\"M6 6H4v2h2V6zm14 0H8v2h12V6zM4 11h2v2H4v-2zm16 0H8v2h12v-2zM4 16h2v2H4v-2zm16 0H8v2h12v-2z\" fill=\"currentColor\"><\/path><\/svg><svg style=\"fill: #999;color:#999\" class=\"arrow-unsorted-368013\" xmlns=\"http:\/\/www.w3.org\/2000\/svg\" width=\"10px\" height=\"10px\" viewBox=\"0 0 24 24\" version=\"1.2\" baseProfile=\"tiny\"><path d=\"M18.2 9.3l-6.2-6.3-6.2 6.3c-.2.2-.3.4-.3.7s.1.5.3.7c.2.2.4.3.7.3h11c.3 0 .5-.1.7-.3.2-.2.3-.5.3-.7s-.1-.5-.3-.7zM5.8 14.7l6.2 6.3 6.2-6.3c.2-.2.3-.5.3-.7s-.1-.5-.3-.7c-.2-.2-.4-.3-.7-.3h-11c-.3 0-.5.1-.7.3-.2.2-.3.5-.3.7s.1.5.3.7z\"\/><\/svg><\/span><\/span><\/span><\/a><\/span><\/div>\n<nav><ul class='ez-toc-list ez-toc-list-level-1 ' ><li class='ez-toc-page-1 ez-toc-heading-level-3'><a class=\"ez-toc-link ez-toc-heading-1\" href=\"https:\/\/mpvane.com\/en\/san-pham\/bo-3-canh-gat-0722000456-r5-ra-1000-b-r5-ra-1000-a-plus\/#1_Thong_so_ky_thuat\" >1. Th\u00f4ng s\u1ed1 k\u1ef9 thu\u1eadt<\/a><\/li><li class='ez-toc-page-1 ez-toc-heading-level-3'><a class=\"ez-toc-link ez-toc-heading-2\" href=\"https:\/\/mpvane.com\/en\/san-pham\/bo-3-canh-gat-0722000456-r5-ra-1000-b-r5-ra-1000-a-plus\/#2_Ung_dung\" >2. \u1ee8ng d\u1ee5ng<\/a><\/li><li class='ez-toc-page-1 ez-toc-heading-level-3'><a class=\"ez-toc-link ez-toc-heading-3\" href=\"https:\/\/mpvane.com\/en\/san-pham\/bo-3-canh-gat-0722000456-r5-ra-1000-b-r5-ra-1000-a-plus\/#3_Dac_diem_noi_bat\" >3. \u0110\u1eb7c \u0111i\u1ec3m n\u1ed5i b\u1eadt<\/a><\/li><li class='ez-toc-page-1 ez-toc-heading-level-3'><a class=\"ez-toc-link ez-toc-heading-4\" href=\"https:\/\/mpvane.com\/en\/san-pham\/bo-3-canh-gat-0722000456-r5-ra-1000-b-r5-ra-1000-a-plus\/#4_Luu_y_khi_thay_the\" >4. L\u01b0u \u00fd khi thay th\u1ebf<\/a><\/li><li class='ez-toc-page-1 ez-toc-heading-level-3'><a class=\"ez-toc-link ez-toc-heading-5\" href=\"https:\/\/mpvane.com\/en\/san-pham\/bo-3-canh-gat-0722000456-r5-ra-1000-b-r5-ra-1000-a-plus\/#5_Lien_he_dat_hang\" >5. Li\u00ean h\u1ec7 \u0111\u1eb7t h\u00e0ng<\/a><\/li><\/ul><\/nav><\/div>\n<p class=\"ds-markdown-paragraph\"><strong>Th\u00f4ng tin chi ti\u1ebft v\u1ec1 B\u1ed9 3 c\u00e1nh g\u1ea1t Busch Original 0722000456 (R5 RA 1000 B &amp; R5 RA 1000 A PLUS)<\/strong><\/p>\n<h3><span class=\"ez-toc-section\" id=\"1_Thong_so_ky_thuat\"><\/span><strong>1. Th\u00f4ng s\u1ed1 k\u1ef9 thu\u1eadt<\/strong><span class=\"ez-toc-section-end\"><\/span><\/h3>\n<ul>\n<li>\n<p class=\"ds-markdown-paragraph\"><strong>M\u00e3 s\u1ea3n ph\u1ea9m:<\/strong>\u00a00722000456<\/p>\n<\/li>\n<li>\n<p class=\"ds-markdown-paragraph\"><strong>K\u00edch th\u01b0\u1edbc:<\/strong>\u00a0428 mm (D) \u00d7 90 mm (R\/C) \u00d7 8 mm (d\u00e0y)<\/p>\n<\/li>\n<li>\n<p class=\"ds-markdown-paragraph\"><strong>V\u1eadt li\u1ec7u:<\/strong>\u00a0Aerodur Selen (nh\u1ef1a ch\u1ecbu nhi\u1ec7t cao c\u1ea5p)<\/p>\n<\/li>\n<li>\n<p class=\"ds-markdown-paragraph\"><strong>Ch\u1ecbu nhi\u1ec7t \u0111\u1ed9:<\/strong>\u00a0L\u00ean \u0111\u1ebfn\u00a0<strong>200\u00b0C<\/strong><\/p>\n<\/li>\n<li>\n<p class=\"ds-markdown-paragraph\"><strong>Kh\u1ea3 n\u0103ng ch\u1ed1ng h\u00f3a ch\u1ea5t:<\/strong>\u00a0R\u1ea5t t\u1ed1t<\/p>\n<\/li>\n<\/ul>\n<h3><span class=\"ez-toc-section\" id=\"2_Ung_dung\"><\/span><strong>2. \u1ee8ng d\u1ee5ng<\/strong><span class=\"ez-toc-section-end\"><\/span><\/h3>\n<ul>\n<li>\n<p class=\"ds-markdown-paragraph\">D\u00f9ng cho b\u01a1m ch\u00e2n kh\u00f4ng\u00a0<strong>Busch R5 RA 1000 B<\/strong>\u00a0v\u00e0\u00a0<strong>R5 RA 1000 A PLUS<\/strong>.<\/p>\n<\/li>\n<li>\n<p class=\"ds-markdown-paragraph\">L\u00e0 b\u1ed9 ph\u1eadn\u00a0<strong>quan tr\u1ecdng<\/strong>\u00a0trong c\u01a1 ch\u1ebf t\u1ea1o ch\u00e2n kh\u00f4ng, ch\u1ecbu \u1ee9ng su\u1ea5t l\u1edbn do ma s\u00e1t v\u00e0 nhi\u1ec7t.<\/p>\n<\/li>\n<\/ul>\n<h3><span class=\"ez-toc-section\" id=\"3_Dac_diem_noi_bat\"><\/span><strong>3. \u0110\u1eb7c \u0111i\u1ec3m n\u1ed5i b\u1eadt<\/strong><span class=\"ez-toc-section-end\"><\/span><\/h3>\n<p class=\"ds-markdown-paragraph\">\u2714\u00a0<strong>\u0110\u1ed9 b\u1ec1n cao:<\/strong>\u00a0Thi\u1ebft k\u1ebf t\u1eeb v\u1eadt li\u1ec7u Aerodur Selen gi\u00fap ch\u1ecbu nhi\u1ec7t v\u00e0 h\u00f3a ch\u1ea5t t\u1ed1t.<br \/>\n\u2714\u00a0<strong>Hi\u1ec7u su\u1ea5t \u1ed5n \u0111\u1ecbnh:<\/strong>\u00a0\u0110\u1ea3m b\u1ea3o \u0111\u1ed9 k\u00edn kh\u00ed, n\u00e9n kh\u00ed hi\u1ec7u qu\u1ea3, duy tr\u00ec \u00e1p su\u1ea5t ch\u00e2n kh\u00f4ng t\u1ed1i \u01b0u.<br \/>\n\u2714\u00a0<strong>Ch\u00ednh h\u00e3ng Busch:<\/strong>\u00a0M\u1ed7i c\u00e1nh g\u1ea1t c\u00f3\u00a0<strong>s\u1ed1 serial ri\u00eang<\/strong>, ki\u1ec3m tra ch\u1ea5t l\u01b0\u1ee3ng nghi\u00eam ng\u1eb7t, \u0111\u1ea3m b\u1ea3o \u0111\u1ed9 tin c\u1eady.<\/p>\n<h3><span class=\"ez-toc-section\" id=\"4_Luu_y_khi_thay_the\"><\/span><strong>4. L\u01b0u \u00fd khi thay th\u1ebf<\/strong><span class=\"ez-toc-section-end\"><\/span><\/h3>\n<p class=\"ds-markdown-paragraph\">\u26a0\u00a0<strong>Ch\u1ec9 k\u1ef9 thu\u1eadt vi\u00ean chuy\u00ean nghi\u1ec7p<\/strong>\u00a0n\u00ean th\u1ef1c hi\u1ec7n thay th\u1ebf do y\u00eau c\u1ea7u \u0111\u1ed9 ch\u00ednh x\u00e1c cao.<br \/>\n\u26a0 Quy tr\u00ecnh thay th\u1ebf bao g\u1ed3m th\u00e1o r\u1eddi xi-lanh, r\u00f4-to v\u00e0 l\u1eafp l\u1ea1i \u0111\u00fang v\u1ecb tr\u00ed \u0111\u1ec3 tr\u00e1nh h\u1ecfng h\u00f3c.<br \/>\n\u26a0 S\u1eed d\u1ee5ng c\u00e1nh g\u1ea1t kh\u00f4ng ch\u00ednh h\u00e3ng ho\u1eb7c l\u1eafp sai c\u00f3 th\u1ec3 g\u00e2y\u00a0<strong>gi\u1ea3m hi\u1ec7u su\u1ea5t ho\u1eb7c h\u01b0 h\u1ecfng m\u00e1y<\/strong>.<\/p>\n<h3><span class=\"ez-toc-section\" id=\"5_Lien_he_dat_hang\"><\/span><strong>5. Li\u00ean h\u1ec7 \u0111\u1eb7t h\u00e0ng<\/strong><span class=\"ez-toc-section-end\"><\/span><\/h3>\n<p class=\"ds-markdown-paragraph\">\ud83c\udfe2\u00a0<strong>C\u00d4NG TY TNHH K\u1ef8 THU\u1eacT V\u00c0 D\u1ecaCH V\u1ee4 MINH PH\u00da<\/strong><br \/>\n\ud83d\udcde\u00a0<strong>Hotline:<\/strong>\u00a00985 459 559<br \/>\n\u2709\u00a0<strong>Email:<\/strong>\u00a0<a href=\"https:\/\/mailto:Sales@minhphuco.vn\/\" target=\"_blank\" rel=\"noopener noreferrer\">Sales@minhphuco.vn<\/a><br \/>\n\ud83d\udcbb\u00a0<strong>Zalo:<\/strong>\u00a00985 490 343 \/ 0985 843 778<\/p>\n<p class=\"ds-markdown-paragraph\">\ud83d\udc49\u00a0<strong>Cam k\u1ebft h\u00e0ng ch\u00ednh h\u00e3ng Busch, h\u1ed7 tr\u1ee3 k\u1ef9 thu\u1eadt 24\/7!<\/strong><\/p>\n<hr \/>\n<p class=\"ds-markdown-paragraph\"><em>H\u00e3y \u0111\u1ea7u t\u01b0 b\u1ed9 c\u00e1nh g\u1ea1t ch\u1ea5t l\u01b0\u1ee3ng \u0111\u1ec3 \u0111\u1ea3m b\u1ea3o tu\u1ed5i th\u1ecd v\u00e0 hi\u1ec7u su\u1ea5t t\u1ed1i \u0111a cho b\u01a1m ch\u00e2n kh\u00f4ng c\u1ee7a b\u1ea1n!<\/em><\/p>\n","protected":false},"excerpt":{"rendered":"<p>M\u1ed9t b\u1ed9 g\u1ed3m 3 c\u00e1nh g\u1ea1t v\u1edbi k\u00edch th\u01b0\u1edbc: <strong>428 mm (chi\u1ec1u d\u00e0i) \u00d7 90 mm (chi\u1ec1u r\u1ed9ng\/cao) \u00d7 8 mm (\u0111\u1ed9 d\u00e0y)<\/strong><br \/>\nD\u00f9ng cho c\u00e1c m\u00e1y b\u01a1m :Busch <strong>R5 RA 1000 B R5 RA 1000 A PLUS<\/strong><br \/>\nV\u1eadt li\u1ec7u theo c\u00f4ng b\u1ed1 c\u1ee7a Busch l\u00e0 <strong>Aerodur Selen<\/strong><\/p>\n","protected":false},"featured_media":7805,"comment_status":"open","ping_status":"closed","template":"","meta":{"_acf_changed":false},"product_brand":[],"product_cat":[708,69],"product_tag":[1905],"class_list":{"0":"post-7985","1":"product","2":"type-product","3":"status-publish","4":"has-post-thumbnail","6":"product_cat-busch-vanes","7":"product_cat-canh-vane","8":"product_tag-1905","10":"first","11":"instock","12":"shipping-taxable","13":"product-type-simple"},"acf":[],"_links":{"self":[{"href":"https:\/\/mpvane.com\/en\/wp-json\/wp\/v2\/product\/7985","targetHints":{"allow":["GET"]}}],"collection":[{"href":"https:\/\/mpvane.com\/en\/wp-json\/wp\/v2\/product"}],"about":[{"href":"https:\/\/mpvane.com\/en\/wp-json\/wp\/v2\/types\/product"}],"replies":[{"embeddable":true,"href":"https:\/\/mpvane.com\/en\/wp-json\/wp\/v2\/comments?post=7985"}],"version-history":[{"count":1,"href":"https:\/\/mpvane.com\/en\/wp-json\/wp\/v2\/product\/7985\/revisions"}],"predecessor-version":[{"id":7986,"href":"https:\/\/mpvane.com\/en\/wp-json\/wp\/v2\/product\/7985\/revisions\/7986"}],"wp:featuredmedia":[{"embeddable":true,"href":"https:\/\/mpvane.com\/en\/wp-json\/wp\/v2\/media\/7805"}],"wp:attachment":[{"href":"https:\/\/mpvane.com\/en\/wp-json\/wp\/v2\/media?parent=7985"}],"wp:term":[{"taxonomy":"product_brand","embeddable":true,"href":"https:\/\/mpvane.com\/en\/wp-json\/wp\/v2\/product_brand?post=7985"},{"taxonomy":"product_cat","embeddable":true,"href":"https:\/\/mpvane.com\/en\/wp-json\/wp\/v2\/product_cat?post=7985"},{"taxonomy":"product_tag","embeddable":true,"href":"https:\/\/mpvane.com\/en\/wp-json\/wp\/v2\/product_tag?post=7985"}],"curies":[{"name":"wp","href":"https:\/\/api.w.org\/{rel}","templated":true}]}}