{"id":7958,"date":"2025-05-23T08:44:35","date_gmt":"2025-05-23T01:44:35","guid":{"rendered":"https:\/\/mpvane.com\/?post_type=product&#038;p=7958"},"modified":"2025-05-29T09:46:21","modified_gmt":"2025-05-29T02:46:21","slug":"bo-3-canh-gat-0724105206-r5-kb-0010-e-r5-kb-0016-e-r5-ra-0010-d-r5-rc-0010-d-r5-ra-0016-c-r5-rc-0016-c","status":"publish","type":"product","link":"https:\/\/mpvane.com\/en\/san-pham\/bo-3-canh-gat-0724105206-r5-kb-0010-e-r5-kb-0016-e-r5-ra-0010-d-r5-rc-0010-d-r5-ra-0016-c-r5-rc-0016-c\/","title":{"rendered":"B\u1ed9 3 c\u00e1nh g\u1ea1t 0724105206 R5 KB 0010 E R5 KB 0016 E R5 RA 0010 D R5 RC 0010 D R5 RA 0016 C R5 RC 0016 C"},"content":{"rendered":"<div id=\"ez-toc-container\" class=\"ez-toc-v2_0_75 counter-hierarchy ez-toc-counter ez-toc-grey ez-toc-container-direction\">\n<div class=\"ez-toc-title-container\">\n<p class=\"ez-toc-title\" style=\"cursor:inherit\">Table of Contents<\/p>\n<span class=\"ez-toc-title-toggle\"><a href=\"#\" class=\"ez-toc-pull-right ez-toc-btn ez-toc-btn-xs ez-toc-btn-default ez-toc-toggle\" aria-label=\"Toggle Table of Content\"><span class=\"ez-toc-js-icon-con\"><span class=\"\"><span class=\"eztoc-hide\" style=\"display:none;\">Toggle<\/span><span class=\"ez-toc-icon-toggle-span\"><svg style=\"fill: #999;color:#999\" xmlns=\"http:\/\/www.w3.org\/2000\/svg\" class=\"list-377408\" width=\"20px\" height=\"20px\" viewBox=\"0 0 24 24\" fill=\"none\"><path d=\"M6 6H4v2h2V6zm14 0H8v2h12V6zM4 11h2v2H4v-2zm16 0H8v2h12v-2zM4 16h2v2H4v-2zm16 0H8v2h12v-2z\" fill=\"currentColor\"><\/path><\/svg><svg style=\"fill: #999;color:#999\" class=\"arrow-unsorted-368013\" xmlns=\"http:\/\/www.w3.org\/2000\/svg\" width=\"10px\" height=\"10px\" viewBox=\"0 0 24 24\" version=\"1.2\" baseProfile=\"tiny\"><path d=\"M18.2 9.3l-6.2-6.3-6.2 6.3c-.2.2-.3.4-.3.7s.1.5.3.7c.2.2.4.3.7.3h11c.3 0 .5-.1.7-.3.2-.2.3-.5.3-.7s-.1-.5-.3-.7zM5.8 14.7l6.2 6.3 6.2-6.3c.2-.2.3-.5.3-.7s-.1-.5-.3-.7c-.2-.2-.4-.3-.7-.3h-11c-.3 0-.5.1-.7.3-.2.2-.3.5-.3.7s.1.5.3.7z\"\/><\/svg><\/span><\/span><\/span><\/a><\/span><\/div>\n<nav><ul class='ez-toc-list ez-toc-list-level-1 ' ><li class='ez-toc-page-1 ez-toc-heading-level-3'><a class=\"ez-toc-link ez-toc-heading-1\" href=\"https:\/\/mpvane.com\/en\/san-pham\/bo-3-canh-gat-0724105206-r5-kb-0010-e-r5-kb-0016-e-r5-ra-0010-d-r5-rc-0010-d-r5-ra-0016-c-r5-rc-0016-c\/#Thong_so_ky_thuat\" >Th\u00f4ng s\u1ed1 k\u1ef9 thu\u1eadt<\/a><\/li><li class='ez-toc-page-1 ez-toc-heading-level-3'><a class=\"ez-toc-link ez-toc-heading-2\" href=\"https:\/\/mpvane.com\/en\/san-pham\/bo-3-canh-gat-0724105206-r5-kb-0010-e-r5-kb-0016-e-r5-ra-0010-d-r5-rc-0010-d-r5-ra-0016-c-r5-rc-0016-c\/#Vai_tro_cua_canh_gat\" >Vai tr\u00f2 c\u1ee7a c\u00e1nh g\u1ea1t<\/a><\/li><li class='ez-toc-page-1 ez-toc-heading-level-3'><a class=\"ez-toc-link ez-toc-heading-3\" href=\"https:\/\/mpvane.com\/en\/san-pham\/bo-3-canh-gat-0724105206-r5-kb-0010-e-r5-kb-0016-e-r5-ra-0010-d-r5-rc-0010-d-r5-ra-0016-c-r5-rc-0016-c\/#Luu_y_khi_thay_the\" >L\u01b0u \u00fd khi thay th\u1ebf<\/a><\/li><li class='ez-toc-page-1 ez-toc-heading-level-3'><a class=\"ez-toc-link ez-toc-heading-4\" href=\"https:\/\/mpvane.com\/en\/san-pham\/bo-3-canh-gat-0724105206-r5-kb-0010-e-r5-kb-0016-e-r5-ra-0010-d-r5-rc-0010-d-r5-ra-0016-c-r5-rc-0016-c\/#Lien_he_dat_hang\" >Li\u00ean h\u1ec7 \u0111\u1eb7t h\u00e0ng<\/a><\/li><\/ul><\/nav><\/div>\n<p class=\"ds-markdown-paragraph\">B\u1ed9 3 c\u00e1nh g\u1ea1t\u00a0<strong>Busch Original 0724105206<\/strong>\u00a0l\u00e0 ph\u1ee5 t\u00f9ng ch\u00ednh h\u00e3ng d\u00e0nh cho d\u00f2ng m\u00e1y b\u01a1m ch\u00e2n kh\u00f4ng Busch R5, \u0111\u01b0\u1ee3c s\u1ea3n xu\u1ea5t t\u1eeb v\u1eadt li\u1ec7u cao c\u1ea5p\u00a0<strong>EGS T-23<\/strong>\u00a0(v\u1ea3i th\u1ee7y tinh \u00e9poxy ch\u1ecbu nhi\u1ec7t). D\u01b0\u1edbi \u0111\u00e2y l\u00e0 th\u00f4ng tin chi ti\u1ebft v\u00e0 l\u01b0u \u00fd quan tr\u1ecdng khi s\u1eed d\u1ee5ng:<\/p>\n<hr \/>\n<h3><span class=\"ez-toc-section\" id=\"Thong_so_ky_thuat\"><\/span><strong>Th\u00f4ng s\u1ed1 k\u1ef9 thu\u1eadt<\/strong><span class=\"ez-toc-section-end\"><\/span><\/h3>\n<ul>\n<li>\n<p class=\"ds-markdown-paragraph\"><strong>K\u00edch th\u01b0\u1edbc<\/strong>: 60mm (d\u00e0i) \u00d7 18mm (r\u1ed9ng\/cao) \u00d7 4mm (d\u00e0y).<\/p>\n<\/li>\n<li>\n<p class=\"ds-markdown-paragraph\"><strong>V\u1eadt li\u1ec7u<\/strong>: EGS T-23 (c\u00e1ch nhi\u1ec7t, ch\u1ecbu nhi\u1ec7t \u0111\u1ebfn\u00a0<strong>200\u00b0C<\/strong>, kh\u00e1ng h\u00f3a ch\u1ea5t t\u1ed1t).<\/p>\n<\/li>\n<li>\n<p class=\"ds-markdown-paragraph\"><strong>T\u01b0\u01a1ng th\u00edch<\/strong>:<\/p>\n<ul>\n<li>\n<p class=\"ds-markdown-paragraph\">Busch R5 KB 0010 E \/ 0016 E<\/p>\n<\/li>\n<li>\n<p class=\"ds-markdown-paragraph\">Busch R5 RA 0010 D \/ 0016 C<\/p>\n<\/li>\n<li>\n<p class=\"ds-markdown-paragraph\">Busch R5 RC 0010 D \/ 0016 C<\/p>\n<\/li>\n<li>Busch R5 KC 0016 E<\/li>\n<\/ul>\n<\/li>\n<\/ul>\n<hr \/>\n<h3><span class=\"ez-toc-section\" id=\"Vai_tro_cua_canh_gat\"><\/span><strong>Vai tr\u00f2 c\u1ee7a c\u00e1nh g\u1ea1t<\/strong><span class=\"ez-toc-section-end\"><\/span><\/h3>\n<ul>\n<li>\n<p class=\"ds-markdown-paragraph\">T\u1ea1o ch\u00e2n kh\u00f4ng b\u1eb1ng c\u00e1ch tr\u01b0\u1ee3t trong xi-lanh, n\u00e9n v\u00e0 \u0111\u1ea9y kh\u00ed.<\/p>\n<\/li>\n<li>\n<p class=\"ds-markdown-paragraph\">Ch\u1ecbu \u1ee9ng su\u1ea5t l\u1edbn, \u1ea3nh h\u01b0\u1edfng tr\u1ef1c ti\u1ebfp \u0111\u1ebfn hi\u1ec7u su\u1ea5t v\u00e0 \u0111\u1ed9 b\u1ec1n m\u00e1y.<\/p>\n<\/li>\n<\/ul>\n<hr \/>\n<h3><span class=\"ez-toc-section\" id=\"Luu_y_khi_thay_the\"><\/span><strong>L\u01b0u \u00fd khi thay th\u1ebf<\/strong><span class=\"ez-toc-section-end\"><\/span><\/h3>\n<ol start=\"1\">\n<li>\n<p class=\"ds-markdown-paragraph\"><strong>Ch\u1ec9 k\u1ef9 thu\u1eadt vi\u00ean chuy\u00ean nghi\u1ec7p<\/strong>\u00a0th\u1ef1c hi\u1ec7n thay th\u1ebf.<\/p>\n<\/li>\n<li>\n<p class=\"ds-markdown-paragraph\"><strong>Quy tr\u00ecnh ph\u1ee9c t\u1ea1p<\/strong>: C\u1ea7n th\u00e1o r\u1eddi xi-lanh, r\u00f4-to v\u00e0 l\u1eafp l\u1ea1i v\u1edbi \u0111\u1ed9 ch\u00ednh x\u00e1c tuy\u1ec7t \u0111\u1ed1i. Sai s\u00f3t c\u00f3 th\u1ec3 g\u00e2y:<\/p>\n<ul>\n<li>\n<p class=\"ds-markdown-paragraph\">\u00c1p su\u1ea5t kh\u00f4ng \u0111\u1ea1t.<\/p>\n<\/li>\n<li>\n<p class=\"ds-markdown-paragraph\">H\u01b0 h\u1ecfng m\u00e1y.<\/p>\n<\/li>\n<\/ul>\n<\/li>\n<li>\n<p class=\"ds-markdown-paragraph\"><strong>Ch\u1ec9 d\u00f9ng c\u00e1nh g\u1ea1t ch\u00ednh h\u00e3ng<\/strong>: M\u1ed7i c\u00e1nh c\u00f3 s\u1ed1 l\u00f4\/s\u1ed1 theo d\u00f5i kh\u1eafc laser, \u0111\u1ea3m b\u1ea3o ch\u1ea5t l\u01b0\u1ee3ng v\u00e0 truy xu\u1ea5t ngu\u1ed3n g\u1ed1c.<\/p>\n<\/li>\n<\/ol>\n<hr \/>\n<h3><span class=\"ez-toc-section\" id=\"Lien_he_dat_hang\"><\/span><strong>Li\u00ean h\u1ec7 \u0111\u1eb7t h\u00e0ng<\/strong><span class=\"ez-toc-section-end\"><\/span><\/h3>\n<ul>\n<li>\n<p class=\"ds-markdown-paragraph\"><strong>C\u00f4ng ty TNHH K\u1ef9 Thu\u1eadt V\u00e0 D\u1ecbch V\u1ee5 Minh Ph\u00fa<\/strong><\/p>\n<ul>\n<li>\n<p class=\"ds-markdown-paragraph\">Hotline:\u00a0<strong>0985 459 559<\/strong><\/p>\n<\/li>\n<li>\n<p class=\"ds-markdown-paragraph\">Email:\u00a0<strong><a href=\"https:\/\/mailto:Sales@minhphuco.vn\/\" target=\"_blank\" rel=\"noopener noreferrer\">Sales@minhphuco.vn<\/a><\/strong><\/p>\n<\/li>\n<li>\n<p class=\"ds-markdown-paragraph\">Zalo:\u00a0<strong>0985 490 343<\/strong>\u00a0ho\u1eb7c\u00a0<strong>0985 843 778<\/strong><\/p>\n<\/li>\n<\/ul>\n<\/li>\n<\/ul>\n<hr \/>\n<p class=\"ds-markdown-paragraph\"><strong>Khuy\u1ebfn c\u00e1o<\/strong>: S\u1eed d\u1ee5ng ph\u1ee5 t\u00f9ng kh\u00f4ng ch\u00ednh h\u00e3ng ho\u1eb7c l\u1eafp \u0111\u1eb7t sai c\u00e1ch c\u00f3 th\u1ec3 l\u00e0m gi\u1ea3m tu\u1ed5i th\u1ecd m\u00e1y. N\u00ean ki\u1ec3m tra \u0111\u1ecbnh k\u1ef3 v\u00e0 thay th\u1ebf theo khuy\u1ebfn ngh\u1ecb c\u1ee7a nh\u00e0 s\u1ea3n xu\u1ea5t.<\/p>\n","protected":false},"excerpt":{"rendered":"<p>M\u1ed9t b\u1ed9 g\u1ed3m 3 c\u00e1nh g\u1ea1t v\u1edbi k\u00edch th\u01b0\u1edbc: 60 mm (chi\u1ec1u d\u00e0i) \u00d7 18 mm (chi\u1ec1u r\u1ed9ng\/cao) \u00d7 4 mm (\u0111\u1ed9 d\u00e0y)<br \/>\nD\u00f9ng cho c\u00e1c m\u00e1y b\u01a1m :<strong>Busch R5 KB 0010 E,R5 KB 0016 E,R5 RA 0010 D,R5 RC 0010 D,R5 RA 0016 C,R5 RC 0016 C,Busch R5 KC 0016 E<\/strong><br \/>\nV\u1eadt li\u1ec7u theo c\u00f4ng b\u1ed1 c\u1ee7a Busch l\u00e0 EGS T-23<\/p>\n","protected":false},"featured_media":7805,"comment_status":"open","ping_status":"closed","template":"","meta":{"_acf_changed":false},"product_brand":[],"product_cat":[708,69],"product_tag":[1860,2060],"class_list":{"0":"post-7958","1":"product","2":"type-product","3":"status-publish","4":"has-post-thumbnail","6":"product_cat-busch-vanes","7":"product_cat-canh-vane","8":"product_tag-1860","9":"product_tag-busch-r5-kc-0016-e","11":"first","12":"instock","13":"shipping-taxable","14":"product-type-simple"},"acf":[],"_links":{"self":[{"href":"https:\/\/mpvane.com\/en\/wp-json\/wp\/v2\/product\/7958","targetHints":{"allow":["GET"]}}],"collection":[{"href":"https:\/\/mpvane.com\/en\/wp-json\/wp\/v2\/product"}],"about":[{"href":"https:\/\/mpvane.com\/en\/wp-json\/wp\/v2\/types\/product"}],"replies":[{"embeddable":true,"href":"https:\/\/mpvane.com\/en\/wp-json\/wp\/v2\/comments?post=7958"}],"version-history":[{"count":3,"href":"https:\/\/mpvane.com\/en\/wp-json\/wp\/v2\/product\/7958\/revisions"}],"predecessor-version":[{"id":8061,"href":"https:\/\/mpvane.com\/en\/wp-json\/wp\/v2\/product\/7958\/revisions\/8061"}],"wp:featuredmedia":[{"embeddable":true,"href":"https:\/\/mpvane.com\/en\/wp-json\/wp\/v2\/media\/7805"}],"wp:attachment":[{"href":"https:\/\/mpvane.com\/en\/wp-json\/wp\/v2\/media?parent=7958"}],"wp:term":[{"taxonomy":"product_brand","embeddable":true,"href":"https:\/\/mpvane.com\/en\/wp-json\/wp\/v2\/product_brand?post=7958"},{"taxonomy":"product_cat","embeddable":true,"href":"https:\/\/mpvane.com\/en\/wp-json\/wp\/v2\/product_cat?post=7958"},{"taxonomy":"product_tag","embeddable":true,"href":"https:\/\/mpvane.com\/en\/wp-json\/wp\/v2\/product_tag?post=7958"}],"curies":[{"name":"wp","href":"https:\/\/api.w.org\/{rel}","templated":true}]}}