{"id":7956,"date":"2025-05-22T16:38:18","date_gmt":"2025-05-22T09:38:18","guid":{"rendered":"https:\/\/mpvane.com\/?post_type=product&#038;p=7956"},"modified":"2025-05-27T09:08:46","modified_gmt":"2025-05-27T02:08:46","slug":"bo-3-canh-gat-0722000360-r5-ra-0100-r5-ra-0100-b-r5-ra-0100-c-r5-ra-0100-e-r5-ra-0100-f","status":"publish","type":"product","link":"https:\/\/mpvane.com\/en\/san-pham\/bo-3-canh-gat-0722000360-r5-ra-0100-r5-ra-0100-b-r5-ra-0100-c-r5-ra-0100-e-r5-ra-0100-f\/","title":{"rendered":"B\u1ed9 3 c\u00e1nh g\u1ea1t 0722000360 R5 RA 0100 R5 RA 0100 B R5 RA 0100 C R5 RA 0100 E R5 RA 0100 F"},"content":{"rendered":"<div id=\"ez-toc-container\" class=\"ez-toc-v2_0_75 counter-hierarchy ez-toc-counter ez-toc-grey ez-toc-container-direction\">\n<div class=\"ez-toc-title-container\">\n<p class=\"ez-toc-title\" style=\"cursor:inherit\">Table of Contents<\/p>\n<span class=\"ez-toc-title-toggle\"><a href=\"#\" class=\"ez-toc-pull-right ez-toc-btn ez-toc-btn-xs ez-toc-btn-default ez-toc-toggle\" aria-label=\"Toggle Table of Content\"><span class=\"ez-toc-js-icon-con\"><span class=\"\"><span class=\"eztoc-hide\" style=\"display:none;\">Toggle<\/span><span class=\"ez-toc-icon-toggle-span\"><svg style=\"fill: #999;color:#999\" xmlns=\"http:\/\/www.w3.org\/2000\/svg\" class=\"list-377408\" width=\"20px\" height=\"20px\" viewBox=\"0 0 24 24\" fill=\"none\"><path d=\"M6 6H4v2h2V6zm14 0H8v2h12V6zM4 11h2v2H4v-2zm16 0H8v2h12v-2zM4 16h2v2H4v-2zm16 0H8v2h12v-2z\" fill=\"currentColor\"><\/path><\/svg><svg style=\"fill: #999;color:#999\" class=\"arrow-unsorted-368013\" xmlns=\"http:\/\/www.w3.org\/2000\/svg\" width=\"10px\" height=\"10px\" viewBox=\"0 0 24 24\" version=\"1.2\" baseProfile=\"tiny\"><path d=\"M18.2 9.3l-6.2-6.3-6.2 6.3c-.2.2-.3.4-.3.7s.1.5.3.7c.2.2.4.3.7.3h11c.3 0 .5-.1.7-.3.2-.2.3-.5.3-.7s-.1-.5-.3-.7zM5.8 14.7l6.2 6.3 6.2-6.3c.2-.2.3-.5.3-.7s-.1-.5-.3-.7c-.2-.2-.4-.3-.7-.3h-11c-.3 0-.5.1-.7.3-.2.2-.3.5-.3.7s.1.5.3.7z\"\/><\/svg><\/span><\/span><\/span><\/a><\/span><\/div>\n<nav><ul class='ez-toc-list ez-toc-list-level-1 ' ><li class='ez-toc-page-1 ez-toc-heading-level-3'><a class=\"ez-toc-link ez-toc-heading-1\" href=\"https:\/\/mpvane.com\/en\/san-pham\/bo-3-canh-gat-0722000360-r5-ra-0100-r5-ra-0100-b-r5-ra-0100-c-r5-ra-0100-e-r5-ra-0100-f\/#Thong_so_ky_thuat\" >Th\u00f4ng s\u1ed1 k\u1ef9 thu\u1eadt<\/a><\/li><li class='ez-toc-page-1 ez-toc-heading-level-3'><a class=\"ez-toc-link ez-toc-heading-2\" href=\"https:\/\/mpvane.com\/en\/san-pham\/bo-3-canh-gat-0722000360-r5-ra-0100-r5-ra-0100-b-r5-ra-0100-c-r5-ra-0100-e-r5-ra-0100-f\/#Ung_dung\" >\u1ee8ng d\u1ee5ng<\/a><\/li><li class='ez-toc-page-1 ez-toc-heading-level-3'><a class=\"ez-toc-link ez-toc-heading-3\" href=\"https:\/\/mpvane.com\/en\/san-pham\/bo-3-canh-gat-0722000360-r5-ra-0100-r5-ra-0100-b-r5-ra-0100-c-r5-ra-0100-e-r5-ra-0100-f\/#Luu_y_khi_thay_the\" >L\u01b0u \u00fd khi thay th\u1ebf<\/a><\/li><li class='ez-toc-page-1 ez-toc-heading-level-3'><a class=\"ez-toc-link ez-toc-heading-4\" href=\"https:\/\/mpvane.com\/en\/san-pham\/bo-3-canh-gat-0722000360-r5-ra-0100-r5-ra-0100-b-r5-ra-0100-c-r5-ra-0100-e-r5-ra-0100-f\/#Lien_he_dat_hang\" >Li\u00ean h\u1ec7 \u0111\u1eb7t h\u00e0ng<\/a><\/li><\/ul><\/nav><\/div>\n<p class=\"ds-markdown-paragraph\">B\u1ed9 c\u00e1nh g\u1ea1t\u00a0<strong>0722000360<\/strong>\u00a0c\u1ee7a Busch l\u00e0 ph\u1ee5 t\u00f9ng ch\u00ednh h\u00e3ng d\u00f9ng cho d\u00f2ng b\u01a1m ch\u00e2n kh\u00f4ng\u00a0<strong>R5 RA 0100<\/strong>\u00a0(c\u00e1c phi\u00ean b\u1ea3n B, C, E, F). D\u01b0\u1edbi \u0111\u00e2y l\u00e0 th\u00f4ng tin chi ti\u1ebft v\u00e0 l\u01b0u \u00fd quan tr\u1ecdng khi s\u1eed d\u1ee5ng:<\/p>\n<hr \/>\n<h3><span class=\"ez-toc-section\" id=\"Thong_so_ky_thuat\"><\/span><strong>Th\u00f4ng s\u1ed1 k\u1ef9 thu\u1eadt<\/strong><span class=\"ez-toc-section-end\"><\/span><\/h3>\n<ul>\n<li>\n<p class=\"ds-markdown-paragraph\"><strong>S\u1ed1 l\u01b0\u1ee3ng:<\/strong>\u00a03 c\u00e1nh\/b\u1ed9<\/p>\n<\/li>\n<li>\n<p class=\"ds-markdown-paragraph\"><strong>K\u00edch th\u01b0\u1edbc:<\/strong>\u00a0160mm (d\u00e0i) \u00d7 40mm (r\u1ed9ng\/cao) \u00d7 4mm (d\u00e0y)<\/p>\n<\/li>\n<li>\n<p class=\"ds-markdown-paragraph\"><strong>V\u1eadt li\u1ec7u:<\/strong>\u00a0<strong>EGS T-23<\/strong>\u00a0(V\u1ea3i th\u1ee7y tinh d\u1ec7t + nh\u1ef1a epoxy ch\u1ecbu nhi\u1ec7t)<\/p>\n<ul>\n<li>\n<p class=\"ds-markdown-paragraph\">Ch\u1ecbu nhi\u1ec7t \u0111\u1ebfn\u00a0<strong>200\u00b0C<\/strong>, kh\u00e1ng h\u00f3a ch\u1ea5t t\u1ed1t, \u0111\u1ed9 b\u1ec1n c\u01a1\/\u0111i\u1ec7n cao.<\/p>\n<\/li>\n<li>\n<p class=\"ds-markdown-paragraph\">Ph\u00f9 h\u1ee3p \u1ee9ng d\u1ee5ng c\u00f3 nhi\u1ec7t \u0111\u1ed9 \u0111\u1ec9nh ng\u1eafn.<\/p>\n<\/li>\n<\/ul>\n<\/li>\n<\/ul>\n<hr \/>\n<h3><span class=\"ez-toc-section\" id=\"Ung_dung\"><\/span><strong>\u1ee8ng d\u1ee5ng<\/strong><span class=\"ez-toc-section-end\"><\/span><\/h3>\n<ul>\n<li>\n<p class=\"ds-markdown-paragraph\">D\u00f9ng cho b\u01a1m ch\u00e2n kh\u00f4ng\u00a0<strong>Busch R5 RA 0100<\/strong>\u00a0(c\u00e1c model: B, C, E, F).<\/p>\n<\/li>\n<li>\n<p class=\"ds-markdown-paragraph\"><strong>Vai tr\u00f2:<\/strong>\u00a0T\u1ea1o khoang n\u00e9n kh\u00ed, duy tr\u00ec \u00e1p su\u1ea5t ch\u00e2n kh\u00f4ng, ch\u1ecbu \u1ee9ng su\u1ea5t l\u1edbn nh\u1ea5t trong b\u01a1m.<\/p>\n<\/li>\n<\/ul>\n<hr \/>\n<h3><span class=\"ez-toc-section\" id=\"Luu_y_khi_thay_the\"><\/span><strong>L\u01b0u \u00fd khi thay th\u1ebf<\/strong><span class=\"ez-toc-section-end\"><\/span><\/h3>\n<ol start=\"1\">\n<li>\n<p class=\"ds-markdown-paragraph\"><strong>Y\u00eau c\u1ea7u k\u1ef9 thu\u1eadt:<\/strong><\/p>\n<ul>\n<li>\n<p class=\"ds-markdown-paragraph\">Ch\u1ec9 k\u1ef9 thu\u1eadt vi\u00ean chuy\u00ean nghi\u1ec7p th\u1ef1c hi\u1ec7n thay th\u1ebf.<\/p>\n<\/li>\n<li>\n<p class=\"ds-markdown-paragraph\">C\u1ea7n th\u00e1o r\u1eddi xi-lanh, r\u00f4-to v\u00e0 l\u1eafp l\u1ea1i v\u1edbi \u0111\u1ed9 ch\u00ednh x\u00e1c tuy\u1ec7t \u0111\u1ed1i. Sai l\u1ec7ch c\u00f3 th\u1ec3 g\u00e2y h\u1ecfng b\u01a1m ho\u1eb7c gi\u1ea3m hi\u1ec7u su\u1ea5t.<\/p>\n<\/li>\n<\/ul>\n<\/li>\n<li>\n<p class=\"ds-markdown-paragraph\"><strong>Ch\u1ea5t l\u01b0\u1ee3ng c\u00e1nh g\u1ea1t:<\/strong><\/p>\n<ul>\n<li>\n<p class=\"ds-markdown-paragraph\">Ch\u1ec9 d\u00f9ng c\u00e1nh g\u1ea1t\u00a0<strong>Busch Original<\/strong>\u00a0c\u00f3 kh\u1eafc s\u1ed1 l\u00f4\/seri (\u0111\u1ea3m b\u1ea3o truy xu\u1ea5t ngu\u1ed3n g\u1ed1c).<\/p>\n<\/li>\n<li>\n<p class=\"ds-markdown-paragraph\">C\u00e1nh g\u1ea1t gi\u1ea3\/nh\u00e1i c\u00f3 th\u1ec3 g\u00e2y r\u00f2 r\u1ec9 kh\u00ed, m\u00e0i m\u00f2n xi-lanh, gi\u1ea3m tu\u1ed5i th\u1ecd b\u01a1m.<\/p>\n<\/li>\n<\/ul>\n<\/li>\n<li>\n<p class=\"ds-markdown-paragraph\"><strong>B\u1ea3o tr\u00ec \u0111\u1ecbnh k\u1ef3:<\/strong><\/p>\n<ul>\n<li>\n<p class=\"ds-markdown-paragraph\">Ki\u1ec3m tra \u0111\u1ed9 m\u00f2n c\u00e1nh g\u1ea1t theo khuy\u1ebfn c\u00e1o c\u1ee7a Busch.<\/p>\n<\/li>\n<li>\n<p class=\"ds-markdown-paragraph\">V\u1ec7 sinh bu\u1ed3ng b\u01a1m s\u1ea1ch s\u1ebd tr\u01b0\u1edbc khi l\u1eafp c\u00e1nh m\u1edbi.<\/p>\n<\/li>\n<\/ul>\n<\/li>\n<\/ol>\n<hr \/>\n<h3><span class=\"ez-toc-section\" id=\"Lien_he_dat_hang\"><\/span><strong>Li\u00ean h\u1ec7 \u0111\u1eb7t h\u00e0ng<\/strong><span class=\"ez-toc-section-end\"><\/span><\/h3>\n<ul>\n<li>\n<p class=\"ds-markdown-paragraph\"><strong>C\u00f4ng ty TNHH K\u1ef9 Thu\u1eadt &amp; D\u1ecbch V\u1ee5 Minh Ph\u00fa<\/strong><\/p>\n<ul>\n<li>\n<p class=\"ds-markdown-paragraph\">Hotline:\u00a0<strong>0985 459 559<\/strong><\/p>\n<\/li>\n<li>\n<p class=\"ds-markdown-paragraph\">Email:\u00a0<strong><a href=\"https:\/\/mailto:Sales@minhphuco.vn\/\" target=\"_blank\" rel=\"noopener noreferrer\">Sales@minhphuco.vn<\/a><\/strong><\/p>\n<\/li>\n<li>\n<p class=\"ds-markdown-paragraph\">Zalo:\u00a0<strong>0985 490 343<\/strong>\u00a0ho\u1eb7c\u00a0<strong>0985 843 778<\/strong><\/p>\n<\/li>\n<\/ul>\n<\/li>\n<\/ul>\n<blockquote>\n<p class=\"ds-markdown-paragraph\">\ud83d\udccc\u00a0<strong>L\u01b0u \u00fd:<\/strong>\u00a0B\u01a1m ch\u00e2n kh\u00f4ng R5 ho\u1ea1t \u0111\u1ed9ng \u1edf \u0111i\u1ec1u ki\u1ec7n kh\u1eafc nghi\u1ec7t, vi\u1ec7c d\u00f9ng \u0111\u00fang ph\u1ee5 t\u00f9ng ch\u00ednh h\u00e3ng gi\u00fap t\u1ed1i \u01b0u hi\u1ec7u su\u1ea5t v\u00e0 ti\u1ebft ki\u1ec7m chi ph\u00ed s\u1eeda ch\u1eefa l\u00e2u d\u00e0i.<\/p>\n<\/blockquote>\n<p class=\"ds-markdown-paragraph\">N\u1ebfu c\u1ea7n h\u1ed7 tr\u1ee3 k\u1ef9 thu\u1eadt ho\u1eb7c b\u00e1o gi\u00e1 chi ti\u1ebft, b\u1ea1n c\u00f3 th\u1ec3 li\u00ean h\u1ec7 tr\u1ef1c ti\u1ebfp v\u1edbi Minh Ph\u00fa qua c\u00e1c k\u00eanh tr\u00ean.<\/p>\n","protected":false},"excerpt":{"rendered":"<p>M\u1ed9t b\u1ed9 g\u1ed3m 3 c\u00e1nh g\u1ea1t v\u1edbi k\u00edch th\u01b0\u1edbc: 160 mm (chi\u1ec1u d\u00e0i) \u00d7 40 mm (chi\u1ec1u r\u1ed9ng\/cao) \u00d7 4 mm (\u0111\u1ed9 d\u00e0y)<br \/>\nD\u00f9ng cho c\u00e1c m\u00e1y b\u01a1m :Busch <strong>R5 RA 0100 R5 RA 0100 B R5 RA 0100 C R5 RA 0100 E R5 RA 0100 F<\/strong><br \/>\nV\u1eadt li\u1ec7u theo c\u00f4ng b\u1ed1 c\u1ee7a Busch l\u00e0 EGS T-23<\/p>\n","protected":false},"featured_media":7805,"comment_status":"open","ping_status":"closed","template":"","meta":{"_acf_changed":false},"product_brand":[],"product_cat":[708,69],"product_tag":[1851],"class_list":{"0":"post-7956","1":"product","2":"type-product","3":"status-publish","4":"has-post-thumbnail","6":"product_cat-busch-vanes","7":"product_cat-canh-vane","8":"product_tag-1851","10":"first","11":"instock","12":"shipping-taxable","13":"product-type-simple"},"acf":[],"_links":{"self":[{"href":"https:\/\/mpvane.com\/en\/wp-json\/wp\/v2\/product\/7956","targetHints":{"allow":["GET"]}}],"collection":[{"href":"https:\/\/mpvane.com\/en\/wp-json\/wp\/v2\/product"}],"about":[{"href":"https:\/\/mpvane.com\/en\/wp-json\/wp\/v2\/types\/product"}],"replies":[{"embeddable":true,"href":"https:\/\/mpvane.com\/en\/wp-json\/wp\/v2\/comments?post=7956"}],"version-history":[{"count":2,"href":"https:\/\/mpvane.com\/en\/wp-json\/wp\/v2\/product\/7956\/revisions"}],"predecessor-version":[{"id":7991,"href":"https:\/\/mpvane.com\/en\/wp-json\/wp\/v2\/product\/7956\/revisions\/7991"}],"wp:featuredmedia":[{"embeddable":true,"href":"https:\/\/mpvane.com\/en\/wp-json\/wp\/v2\/media\/7805"}],"wp:attachment":[{"href":"https:\/\/mpvane.com\/en\/wp-json\/wp\/v2\/media?parent=7956"}],"wp:term":[{"taxonomy":"product_brand","embeddable":true,"href":"https:\/\/mpvane.com\/en\/wp-json\/wp\/v2\/product_brand?post=7956"},{"taxonomy":"product_cat","embeddable":true,"href":"https:\/\/mpvane.com\/en\/wp-json\/wp\/v2\/product_cat?post=7956"},{"taxonomy":"product_tag","embeddable":true,"href":"https:\/\/mpvane.com\/en\/wp-json\/wp\/v2\/product_tag?post=7956"}],"curies":[{"name":"wp","href":"https:\/\/api.w.org\/{rel}","templated":true}]}}