{"id":7952,"date":"2025-05-22T15:16:52","date_gmt":"2025-05-22T08:16:52","guid":{"rendered":"https:\/\/mpvane.com\/?post_type=product&#038;p=7952"},"modified":"2025-09-01T18:05:58","modified_gmt":"2025-09-01T11:05:58","slug":"bo-3-canh-gat-0722000300-r5-ra-0040-r5-ra-0040-b-r5-ra-0040-c-r5-ra-0040-e-r5-ra-0040-f","status":"publish","type":"product","link":"https:\/\/mpvane.com\/en\/san-pham\/bo-3-canh-gat-0722000300-r5-ra-0040-r5-ra-0040-b-r5-ra-0040-c-r5-ra-0040-e-r5-ra-0040-f\/","title":{"rendered":"B\u1ed9 3 c\u00e1nh g\u1ea1t 0722000300 R5 RA 0040 R5 RA 0040 B R5 RA 0040 C R5 RA 0040 E R5 RA 0040 F"},"content":{"rendered":"<div id=\"ez-toc-container\" class=\"ez-toc-v2_0_75 counter-hierarchy ez-toc-counter ez-toc-grey ez-toc-container-direction\">\n<div class=\"ez-toc-title-container\">\n<p class=\"ez-toc-title\" style=\"cursor:inherit\">Table of Contents<\/p>\n<span class=\"ez-toc-title-toggle\"><a href=\"#\" class=\"ez-toc-pull-right ez-toc-btn ez-toc-btn-xs ez-toc-btn-default ez-toc-toggle\" aria-label=\"Toggle Table of Content\"><span class=\"ez-toc-js-icon-con\"><span class=\"\"><span class=\"eztoc-hide\" style=\"display:none;\">Toggle<\/span><span class=\"ez-toc-icon-toggle-span\"><svg style=\"fill: #999;color:#999\" xmlns=\"http:\/\/www.w3.org\/2000\/svg\" class=\"list-377408\" width=\"20px\" height=\"20px\" viewBox=\"0 0 24 24\" fill=\"none\"><path d=\"M6 6H4v2h2V6zm14 0H8v2h12V6zM4 11h2v2H4v-2zm16 0H8v2h12v-2zM4 16h2v2H4v-2zm16 0H8v2h12v-2z\" fill=\"currentColor\"><\/path><\/svg><svg style=\"fill: #999;color:#999\" class=\"arrow-unsorted-368013\" xmlns=\"http:\/\/www.w3.org\/2000\/svg\" width=\"10px\" height=\"10px\" viewBox=\"0 0 24 24\" version=\"1.2\" baseProfile=\"tiny\"><path d=\"M18.2 9.3l-6.2-6.3-6.2 6.3c-.2.2-.3.4-.3.7s.1.5.3.7c.2.2.4.3.7.3h11c.3 0 .5-.1.7-.3.2-.2.3-.5.3-.7s-.1-.5-.3-.7zM5.8 14.7l6.2 6.3 6.2-6.3c.2-.2.3-.5.3-.7s-.1-.5-.3-.7c-.2-.2-.4-.3-.7-.3h-11c-.3 0-.5.1-.7.3-.2.2-.3.5-.3.7s.1.5.3.7z\"\/><\/svg><\/span><\/span><\/span><\/a><\/span><\/div>\n<nav><ul class='ez-toc-list ez-toc-list-level-1 ' ><li class='ez-toc-page-1 ez-toc-heading-level-3'><a class=\"ez-toc-link ez-toc-heading-1\" href=\"https:\/\/mpvane.com\/en\/san-pham\/bo-3-canh-gat-0722000300-r5-ra-0040-r5-ra-0040-b-r5-ra-0040-c-r5-ra-0040-e-r5-ra-0040-f\/#Thong_so_ky_thuat\" >Th\u00f4ng s\u1ed1 k\u1ef9 thu\u1eadt<\/a><\/li><li class='ez-toc-page-1 ez-toc-heading-level-3'><a class=\"ez-toc-link ez-toc-heading-2\" href=\"https:\/\/mpvane.com\/en\/san-pham\/bo-3-canh-gat-0722000300-r5-ra-0040-r5-ra-0040-b-r5-ra-0040-c-r5-ra-0040-e-r5-ra-0040-f\/#Ung_dung\" >\u1ee8ng d\u1ee5ng<\/a><\/li><li class='ez-toc-page-1 ez-toc-heading-level-3'><a class=\"ez-toc-link ez-toc-heading-3\" href=\"https:\/\/mpvane.com\/en\/san-pham\/bo-3-canh-gat-0722000300-r5-ra-0040-r5-ra-0040-b-r5-ra-0040-c-r5-ra-0040-e-r5-ra-0040-f\/#Luu_y_khi_thay_the\" >L\u01b0u \u00fd khi thay th\u1ebf<\/a><\/li><li class='ez-toc-page-1 ez-toc-heading-level-3'><a class=\"ez-toc-link ez-toc-heading-4\" href=\"https:\/\/mpvane.com\/en\/san-pham\/bo-3-canh-gat-0722000300-r5-ra-0040-r5-ra-0040-b-r5-ra-0040-c-r5-ra-0040-e-r5-ra-0040-f\/#Lien_he_dat_hang\" >Li\u00ean h\u1ec7 \u0111\u1eb7t h\u00e0ng<\/a><\/li><\/ul><\/nav><\/div>\n<div class=\"dad65929\">\n<div class=\"_4f9bf79 d7dc56a8 _43c05b5\">\n<div class=\"ds-markdown ds-markdown--block\">\n<p class=\"ds-markdown-paragraph\">B\u1ed9 c\u00e1nh g\u1ea1t\u00a0<strong>Busch Original 0722000300<\/strong>\u00a0l\u00e0 ph\u1ee5 t\u00f9ng ch\u00ednh h\u00e3ng d\u00e0nh cho d\u00f2ng b\u01a1m ch\u00e2n kh\u00f4ng\u00a0<strong>Busch R5 RA 0040<\/strong>\u00a0v\u00e0 c\u00e1c bi\u1ebfn th\u1ec3 (<strong>B, C, E, F<\/strong>). D\u01b0\u1edbi \u0111\u00e2y l\u00e0 th\u00f4ng tin chi ti\u1ebft v\u00e0 l\u01b0u \u00fd quan tr\u1ecdng khi s\u1eed d\u1ee5ng:<\/p>\n<hr \/>\n<h3><span class=\"ez-toc-section\" id=\"Thong_so_ky_thuat\"><\/span><strong>Th\u00f4ng s\u1ed1 k\u1ef9 thu\u1eadt<\/strong><span class=\"ez-toc-section-end\"><\/span><\/h3>\n<ul>\n<li>\n<p class=\"ds-markdown-paragraph\"><strong>K\u00edch th\u01b0\u1edbc<\/strong>:<\/p>\n<ul>\n<li>\n<p class=\"ds-markdown-paragraph\">Chi\u1ec1u d\u00e0i: 140 mm<\/p>\n<\/li>\n<li>\n<p class=\"ds-markdown-paragraph\">Chi\u1ec1u r\u1ed9ng\/cao: 29 mm<\/p>\n<\/li>\n<li>\n<p class=\"ds-markdown-paragraph\">\u0110\u1ed9 d\u00e0y: 4 mm<\/p>\n<\/li>\n<\/ul>\n<\/li>\n<li>\n<p class=\"ds-markdown-paragraph\"><strong>V\u1eadt li\u1ec7u<\/strong>:\u00a0<strong>EGS T-23<\/strong>\u00a0(VETRONITE)<\/p>\n<ul>\n<li>\n<p class=\"ds-markdown-paragraph\">C\u1ea5u t\u1ea1o: V\u1ea3i th\u1ee7y tinh d\u1ec7t m\u1ecbn li\u00ean k\u1ebft v\u1edbi nh\u1ef1a epoxy ch\u1ecbu nhi\u1ec7t.<\/p>\n<\/li>\n<li>\n<p class=\"ds-markdown-paragraph\">Ch\u1ecbu nhi\u1ec7t l\u00ean \u0111\u1ebfn\u00a0<strong>200\u00b0C<\/strong>, kh\u00e1ng h\u00f3a ch\u1ea5t t\u1ed1t, \u0111\u1ed9 b\u1ec1n c\u01a1 h\u1ecdc v\u00e0 \u0111i\u1ec7n cao.<\/p>\n<\/li>\n<\/ul>\n<\/li>\n<\/ul>\n<hr \/>\n<h3><span class=\"ez-toc-section\" id=\"Ung_dung\"><\/span><strong>\u1ee8ng d\u1ee5ng<\/strong><span class=\"ez-toc-section-end\"><\/span><\/h3>\n<ul>\n<li>\n<p class=\"ds-markdown-paragraph\">D\u00f9ng cho b\u01a1m ch\u00e2n kh\u00f4ng\u00a0<strong>Busch R5 RA 0040<\/strong>\u00a0(v\u00e0 c\u00e1c phi\u00ean b\u1ea3n\u00a0<strong>B\/C\/E\/F<\/strong>).<\/p>\n<\/li>\n<li>\n<p class=\"ds-markdown-paragraph\">\u0110\u00f3ng vai tr\u00f2\u00a0<strong>quan tr\u1ecdng<\/strong>\u00a0trong vi\u1ec7c t\u1ea1o ch\u00e2n kh\u00f4ng:<\/p>\n<ul>\n<li>\n<p class=\"ds-markdown-paragraph\">Tr\u01b0\u1ee3t t\u1eeb r\u00f4to, t\u1ea1o khoang n\u00e9n kh\u00ed.<\/p>\n<\/li>\n<li>\n<p class=\"ds-markdown-paragraph\">Ch\u1ecbu \u1ee9ng su\u1ea5t l\u1edbn, \u1ea3nh h\u01b0\u1edfng tr\u1ef1c ti\u1ebfp \u0111\u1ebfn hi\u1ec7u su\u1ea5t v\u00e0 \u0111\u1ed9 tin c\u1eady c\u1ee7a b\u01a1m.<\/p>\n<\/li>\n<\/ul>\n<\/li>\n<\/ul>\n<hr \/>\n<h3><span class=\"ez-toc-section\" id=\"Luu_y_khi_thay_the\"><\/span><strong>L\u01b0u \u00fd khi thay th\u1ebf<\/strong><span class=\"ez-toc-section-end\"><\/span><\/h3>\n<ol start=\"1\">\n<li>\n<p class=\"ds-markdown-paragraph\"><strong>Y\u00eau c\u1ea7u k\u1ef9 thu\u1eadt<\/strong>:<\/p>\n<ul>\n<li>\n<p class=\"ds-markdown-paragraph\">Ch\u1ec9 k\u1ef9 thu\u1eadt vi\u00ean chuy\u00ean nghi\u1ec7p \u0111\u01b0\u1ee3c ph\u00e9p thay th\u1ebf.<\/p>\n<\/li>\n<li>\n<p class=\"ds-markdown-paragraph\">C\u1ea7n th\u00e1o r\u1eddi xi lanh v\u00e0 r\u00f4to, l\u1eafp l\u1ea1i v\u1edbi\u00a0<strong>\u0111\u1ed9 ch\u00ednh x\u00e1c tuy\u1ec7t \u0111\u1ed1i<\/strong>\u00a0\u0111\u1ec3 tr\u00e1nh h\u1ecfng h\u00f3c.<\/p>\n<\/li>\n<\/ul>\n<\/li>\n<li>\n<p class=\"ds-markdown-paragraph\"><strong>Ch\u1ea5t l\u01b0\u1ee3ng c\u00e1nh g\u1ea1t<\/strong>:<\/p>\n<ul>\n<li>\n<p class=\"ds-markdown-paragraph\">S\u1eed d\u1ee5ng\u00a0<strong>c\u00e1nh g\u1ea1t ch\u00ednh h\u00e3ng Busch<\/strong>\u00a0\u0111\u1ec3 \u0111\u1ea3m b\u1ea3o:<\/p>\n<ul>\n<li>\n<p class=\"ds-markdown-paragraph\">Kh\u1ea3 n\u0103ng ch\u1ecbu nhi\u1ec7t\/ma s\u00e1t.<\/p>\n<\/li>\n<li>\n<p class=\"ds-markdown-paragraph\">Truy xu\u1ea5t ngu\u1ed3n g\u1ed1c qua s\u1ed1 l\u00f4\/s\u1ed1 serial kh\u1eafc tr\u00ean s\u1ea3n ph\u1ea9m.<\/p>\n<\/li>\n<\/ul>\n<\/li>\n<\/ul>\n<\/li>\n<li>\n<p class=\"ds-markdown-paragraph\"><strong>C\u1ea3nh b\u00e1o<\/strong>:<\/p>\n<ul>\n<li>\n<p class=\"ds-markdown-paragraph\">L\u1eafp sai c\u00f3 th\u1ec3 g\u00e2y\u00a0<strong>\u00e1p su\u1ea5t kh\u00f4ng \u1ed5n \u0111\u1ecbnh<\/strong>\u00a0ho\u1eb7c\u00a0<strong>h\u01b0 h\u1ecfng ho\u00e0n to\u00e0n<\/strong>\u00a0b\u01a1m.<\/p>\n<\/li>\n<\/ul>\n<\/li>\n<\/ol>\n<hr \/>\n<h3><span class=\"ez-toc-section\" id=\"Lien_he_dat_hang\"><\/span><strong>Li\u00ean h\u1ec7 \u0111\u1eb7t h\u00e0ng<\/strong><span class=\"ez-toc-section-end\"><\/span><\/h3>\n<ul>\n<li>\n<p class=\"ds-markdown-paragraph\"><strong>C\u00f4ng ty TNHH K\u1ef9 Thu\u1eadt &amp; D\u1ecbch V\u1ee5 Minh Ph\u00fa<\/strong><\/p>\n<ul>\n<li>\n<p class=\"ds-markdown-paragraph\">Hotline:\u00a0<strong>0985 459 559<\/strong><\/p>\n<\/li>\n<li>\n<p class=\"ds-markdown-paragraph\">Email:\u00a0<strong><a href=\"https:\/\/mailto:Sales@minhphuco.vn\/\" target=\"_blank\" rel=\"noopener noreferrer\">Sales@minhphuco.vn<\/a><\/strong><\/p>\n<\/li>\n<li>\n<p class=\"ds-markdown-paragraph\">Zalo:\u00a0<strong>0985 490 343<\/strong>\u00a0ho\u1eb7c\u00a0<strong>0985 843 778<\/strong><\/p>\n<\/li>\n<\/ul>\n<\/li>\n<\/ul>\n<hr \/>\n<p class=\"ds-markdown-paragraph\"><strong>L\u01b0u \u00fd<\/strong>: \u0110\u1ec3 duy tr\u00ec hi\u1ec7u su\u1ea5t b\u01a1m, lu\u00f4n ki\u1ec3m tra \u0111\u1ecbnh k\u1ef3 v\u00e0 thay th\u1ebf c\u00e1nh g\u1ea1t khi c\u00f3 d\u1ea5u hi\u1ec7u m\u00e0i m\u00f2n. Ch\u1ec9 mua ph\u1ee5 t\u00f9ng t\u1eeb nh\u00e0 cung c\u1ea5p uy t\u00edn \u0111\u1ec3 tr\u00e1nh h\u00e0ng gi\u1ea3 k\u00e9m ch\u1ea5t l\u01b0\u1ee3ng.<\/p>\n<\/div>\n<div class=\"ds-flex\">\n<div class=\"ds-flex _965abe9\">\n<div class=\"ds-icon-button\" tabindex=\"0\">\n<div class=\"ds-icon\"><\/div>\n<\/div>\n<div class=\"ds-icon-button\" tabindex=\"0\">\n<div class=\"ds-icon\"><\/div>\n<\/div>\n<div class=\"ds-icon-button\" tabindex=\"0\">\n<div class=\"ds-icon\"><\/div>\n<\/div>\n<div class=\"ds-icon-button\" tabindex=\"0\">\n<div class=\"ds-icon\"><\/div>\n<\/div>\n<\/div>\n<div><\/div>\n<\/div>\n<\/div>\n<\/div>\n<div class=\"_88681e8\">\n<div class=\"_217e214\"><\/div>\n<\/div>\n","protected":false},"excerpt":{"rendered":"<p>M\u1ed9t b\u1ed9 g\u1ed3m 3 c\u00e1nh g\u1ea1t v\u1edbi k\u00edch th\u01b0\u1edbc: 140 mm (chi\u1ec1u d\u00e0i) \u00d7 29 mm (chi\u1ec1u r\u1ed9ng\/cao) \u00d7 4 mm (\u0111\u1ed9 d\u00e0y)<br \/>\nD\u00f9ng cho c\u00e1c m\u00e1y b\u01a1m :Busch <strong>R5 RA 0040 R5 RA 0040 B R5 RA 0040 C R5 RA 0040 E R5 RA 0040 F<\/strong><br \/>\nV\u1eadt li\u1ec7u theo c\u00f4ng b\u1ed1 c\u1ee7a Busch l\u00e0 EGS T-23<\/p>\n","protected":false},"featured_media":7805,"comment_status":"open","ping_status":"closed","template":"","meta":{"_acf_changed":false},"product_brand":[],"product_cat":[708,69],"product_tag":[1835],"class_list":{"0":"post-7952","1":"product","2":"type-product","3":"status-publish","4":"has-post-thumbnail","6":"product_cat-busch-vanes","7":"product_cat-canh-vane","8":"product_tag-1835","10":"first","11":"instock","12":"shipping-taxable","13":"product-type-simple"},"acf":[],"_links":{"self":[{"href":"https:\/\/mpvane.com\/en\/wp-json\/wp\/v2\/product\/7952","targetHints":{"allow":["GET"]}}],"collection":[{"href":"https:\/\/mpvane.com\/en\/wp-json\/wp\/v2\/product"}],"about":[{"href":"https:\/\/mpvane.com\/en\/wp-json\/wp\/v2\/types\/product"}],"replies":[{"embeddable":true,"href":"https:\/\/mpvane.com\/en\/wp-json\/wp\/v2\/comments?post=7952"}],"version-history":[{"count":1,"href":"https:\/\/mpvane.com\/en\/wp-json\/wp\/v2\/product\/7952\/revisions"}],"predecessor-version":[{"id":7953,"href":"https:\/\/mpvane.com\/en\/wp-json\/wp\/v2\/product\/7952\/revisions\/7953"}],"wp:featuredmedia":[{"embeddable":true,"href":"https:\/\/mpvane.com\/en\/wp-json\/wp\/v2\/media\/7805"}],"wp:attachment":[{"href":"https:\/\/mpvane.com\/en\/wp-json\/wp\/v2\/media?parent=7952"}],"wp:term":[{"taxonomy":"product_brand","embeddable":true,"href":"https:\/\/mpvane.com\/en\/wp-json\/wp\/v2\/product_brand?post=7952"},{"taxonomy":"product_cat","embeddable":true,"href":"https:\/\/mpvane.com\/en\/wp-json\/wp\/v2\/product_cat?post=7952"},{"taxonomy":"product_tag","embeddable":true,"href":"https:\/\/mpvane.com\/en\/wp-json\/wp\/v2\/product_tag?post=7952"}],"curies":[{"name":"wp","href":"https:\/\/api.w.org\/{rel}","templated":true}]}}