{"id":7937,"date":"2025-05-22T11:38:10","date_gmt":"2025-05-22T04:38:10","guid":{"rendered":"https:\/\/mpvane.com\/?post_type=product&#038;p=7937"},"modified":"2025-06-24T22:53:11","modified_gmt":"2025-06-24T15:53:11","slug":"canh-gat-0722515895canh-bom-0722515895","status":"publish","type":"product","link":"https:\/\/mpvane.com\/en\/san-pham\/canh-gat-0722515895canh-bom-0722515895\/","title":{"rendered":"C\u00e1nh g\u1ea1t 0722515895"},"content":{"rendered":"<div id=\"ez-toc-container\" class=\"ez-toc-v2_0_75 counter-hierarchy ez-toc-counter ez-toc-grey ez-toc-container-direction\">\n<div class=\"ez-toc-title-container\">\n<p class=\"ez-toc-title\" style=\"cursor:inherit\">Table of Contents<\/p>\n<span class=\"ez-toc-title-toggle\"><a href=\"#\" class=\"ez-toc-pull-right ez-toc-btn ez-toc-btn-xs ez-toc-btn-default ez-toc-toggle\" aria-label=\"Toggle Table of Content\"><span class=\"ez-toc-js-icon-con\"><span class=\"\"><span class=\"eztoc-hide\" style=\"display:none;\">Toggle<\/span><span class=\"ez-toc-icon-toggle-span\"><svg style=\"fill: #999;color:#999\" xmlns=\"http:\/\/www.w3.org\/2000\/svg\" class=\"list-377408\" width=\"20px\" height=\"20px\" viewBox=\"0 0 24 24\" fill=\"none\"><path d=\"M6 6H4v2h2V6zm14 0H8v2h12V6zM4 11h2v2H4v-2zm16 0H8v2h12v-2zM4 16h2v2H4v-2zm16 0H8v2h12v-2z\" fill=\"currentColor\"><\/path><\/svg><svg style=\"fill: #999;color:#999\" class=\"arrow-unsorted-368013\" xmlns=\"http:\/\/www.w3.org\/2000\/svg\" width=\"10px\" height=\"10px\" viewBox=\"0 0 24 24\" version=\"1.2\" baseProfile=\"tiny\"><path d=\"M18.2 9.3l-6.2-6.3-6.2 6.3c-.2.2-.3.4-.3.7s.1.5.3.7c.2.2.4.3.7.3h11c.3 0 .5-.1.7-.3.2-.2.3-.5.3-.7s-.1-.5-.3-.7zM5.8 14.7l6.2 6.3 6.2-6.3c.2-.2.3-.5.3-.7s-.1-.5-.3-.7c-.2-.2-.4-.3-.7-.3h-11c-.3 0-.5.1-.7.3-.2.2-.3.5-.3.7s.1.5.3.7z\"\/><\/svg><\/span><\/span><\/span><\/a><\/span><\/div>\n<nav><ul class='ez-toc-list ez-toc-list-level-1 ' ><ul class='ez-toc-list-level-3' ><li class='ez-toc-heading-level-3'><a class=\"ez-toc-link ez-toc-heading-1\" href=\"https:\/\/mpvane.com\/en\/san-pham\/canh-gat-0722515895canh-bom-0722515895\/#Thong_so_ky_thuat\" >Th\u00f4ng s\u1ed1 k\u1ef9 thu\u1eadt:<\/a><\/li><li class='ez-toc-page-1 ez-toc-heading-level-3'><a class=\"ez-toc-link ez-toc-heading-2\" href=\"https:\/\/mpvane.com\/en\/san-pham\/canh-gat-0722515895canh-bom-0722515895\/#Vai_tro_cua_canh_gat\" >Vai tr\u00f2 c\u1ee7a c\u00e1nh g\u1ea1t:<\/a><\/li><li class='ez-toc-page-1 ez-toc-heading-level-3'><a class=\"ez-toc-link ez-toc-heading-3\" href=\"https:\/\/mpvane.com\/en\/san-pham\/canh-gat-0722515895canh-bom-0722515895\/#Luu_y_khi_thay_the\" >L\u01b0u \u00fd khi thay th\u1ebf:<\/a><\/li><\/ul><\/li><li class='ez-toc-page-1 ez-toc-heading-level-2'><a class=\"ez-toc-link ez-toc-heading-4\" href=\"https:\/\/mpvane.com\/en\/san-pham\/canh-gat-0722515895canh-bom-0722515895\/#R5_CANH_QUAT_0722515895\" >R5 C\u00c1NH QU\u1ea0T 0722515895<\/a><\/li><li class='ez-toc-page-1 ez-toc-heading-level-2'><a class=\"ez-toc-link ez-toc-heading-5\" href=\"https:\/\/mpvane.com\/en\/san-pham\/canh-gat-0722515895canh-bom-0722515895\/#Mua_canh_van_Busch_0722515895_chinh_hang_tai_Minh_Phu\" >Mua c\u00e1nh van Busch 0722515895 ch\u00ednh h\u00e3ng t\u1ea1i Minh Ph\u00fa<\/a><ul class='ez-toc-list-level-3' ><li class='ez-toc-heading-level-3'><a class=\"ez-toc-link ez-toc-heading-6\" href=\"https:\/\/mpvane.com\/en\/san-pham\/canh-gat-0722515895canh-bom-0722515895\/#Lien_he_dat_hang\" >Li\u00ean h\u1ec7 \u0111\u1eb7t h\u00e0ng:<\/a><\/li><\/ul><\/li><\/ul><\/nav><\/div>\n<p class=\"ds-markdown-paragraph\">B\u1ed9 c\u00e1nh g\u1ea1t\u00a0<strong>Busch Original 0722515895<\/strong>\u00a0l\u00e0 ph\u1ee5 t\u00f9ng ch\u00ednh h\u00e3ng d\u00e0nh cho d\u00f2ng b\u01a1m ch\u00e2n kh\u00f4ng Busch R5, bao g\u1ed3m 3 c\u00e1nh g\u1ea1t t\u01b0\u01a1ng th\u00edch v\u1edbi c\u00e1c model:<\/p>\n<ul>\n<li>\n<p class=\"ds-markdown-paragraph\"><strong>R5 RA 0010 C<\/strong><\/p>\n<\/li>\n<li>\n<p class=\"ds-markdown-paragraph\"><strong>R5 RB 0021 C<\/strong><\/p>\n<\/li>\n<li>\n<p class=\"ds-markdown-paragraph\"><strong>R5 RC 0021 C<\/strong><\/p>\n<\/li>\n<\/ul>\n<h3><span class=\"ez-toc-section\" id=\"Thong_so_ky_thuat\"><\/span><strong>Th\u00f4ng s\u1ed1 k\u1ef9 thu\u1eadt:<\/strong><span class=\"ez-toc-section-end\"><\/span><\/h3>\n<ul>\n<li>\n<p class=\"ds-markdown-paragraph\"><strong>K\u00edch th\u01b0\u1edbc:<\/strong>\u00a070 mm (d\u00e0i) \u00d7 18 mm (r\u1ed9ng\/cao) \u00d7 4 mm (d\u00e0y)<\/p>\n<\/li>\n<li>\n<p class=\"ds-markdown-paragraph\"><strong>V\u1eadt li\u1ec7u:<\/strong>\u00a0<strong>EGS T-23 (VETRONITE)<\/strong>\u00a0\u2013 V\u1ea3i th\u1ee7y tinh d\u1ec7t m\u1ecbn li\u00ean k\u1ebft v\u1edbi nh\u1ef1a epoxy ch\u1ecbu nhi\u1ec7t, c\u00f3 kh\u1ea3 n\u0103ng:<\/p>\n<ul>\n<li>\n<p class=\"ds-markdown-paragraph\">Ch\u1ecbu nhi\u1ec7t l\u00ean \u0111\u1ebfn\u00a0<strong>200\u00b0C<\/strong><\/p>\n<\/li>\n<li>\n<p class=\"ds-markdown-paragraph\">Ch\u1ed1ng h\u00f3a ch\u1ea5t t\u1ed1t<\/p>\n<\/li>\n<li>\n<p class=\"ds-markdown-paragraph\">\u0110\u1ed9 b\u1ec1n c\u01a1 h\u1ecdc &amp; \u0111i\u1ec7n cao trong m\u00f4i tr\u01b0\u1eddng nhi\u1ec7t \u0111\u1ed9 cao<\/p>\n<\/li>\n<\/ul>\n<\/li>\n<\/ul>\n<h3><span class=\"ez-toc-section\" id=\"Vai_tro_cua_canh_gat\"><\/span><strong>Vai tr\u00f2 c\u1ee7a c\u00e1nh g\u1ea1t:<\/strong><span class=\"ez-toc-section-end\"><\/span><\/h3>\n<ul>\n<li>\n<p class=\"ds-markdown-paragraph\">L\u00e0 b\u1ed9 ph\u1eadn\u00a0<strong>quan tr\u1ecdng nh\u1ea5t<\/strong>\u00a0trong b\u01a1m ch\u00e2n kh\u00f4ng c\u00e1nh qu\u1ea1t quay, \u0111\u1ea3m nhi\u1ec7m:<\/p>\n<ul>\n<li>\n<p class=\"ds-markdown-paragraph\">T\u1ea1o khoang ch\u00e2n kh\u00f4ng b\u1eb1ng c\u00e1ch tr\u01b0\u1ee3t t\u1eeb r\u00f4to ra xi lanh.<\/p>\n<\/li>\n<li>\n<p class=\"ds-markdown-paragraph\">N\u00e9n v\u00e0 v\u1eadn chuy\u1ec3n kh\u00ed \u0111\u1ebfn c\u1ed5ng x\u1ea3.<\/p>\n<\/li>\n<\/ul>\n<\/li>\n<li>\n<p class=\"ds-markdown-paragraph\">Ch\u1ecbu \u1ee9ng su\u1ea5t l\u1edbn, \u1ea3nh h\u01b0\u1edfng tr\u1ef1c ti\u1ebfp \u0111\u1ebfn hi\u1ec7u su\u1ea5t, \u0111\u1ed9 tin c\u1eady v\u00e0 tu\u1ed5i th\u1ecd b\u01a1m.<\/p>\n<\/li>\n<\/ul>\n<h3><span class=\"ez-toc-section\" id=\"Luu_y_khi_thay_the\"><\/span><strong>L\u01b0u \u00fd khi thay th\u1ebf:<\/strong><span class=\"ez-toc-section-end\"><\/span><\/h3>\n<ul>\n<li>\n<p class=\"ds-markdown-paragraph\"><strong>Ch\u1ec9 k\u1ef9 thu\u1eadt vi\u00ean chuy\u00ean nghi\u1ec7p<\/strong>\u00a0th\u1ef1c hi\u1ec7n thay th\u1ebf do y\u00eau c\u1ea7u th\u00e1o l\u1eafp ph\u1ee9c t\u1ea1p (bao g\u1ed3m xi lanh, r\u00f4to).<\/p>\n<\/li>\n<li>\n<p class=\"ds-markdown-paragraph\">L\u1eafp \u0111\u1eb7t sai c\u00f3 th\u1ec3 g\u00e2y\u00a0<strong>h\u1ecfng b\u01a1m<\/strong>, r\u00f2 r\u1ec9 \u00e1p su\u1ea5t ho\u1eb7c gi\u1ea3m hi\u1ec7u n\u0103ng.<\/p>\n<\/li>\n<li>\n<p class=\"ds-markdown-paragraph\"><strong>Ch\u1ec9 s\u1eed d\u1ee5ng c\u00e1nh g\u1ea1t ch\u00ednh h\u00e3ng Busch<\/strong>\u00a0\u0111\u1ec3 \u0111\u1ea3m b\u1ea3o:<\/p>\n<ul>\n<li>\n<p class=\"ds-markdown-paragraph\">Ch\u1ea5t l\u01b0\u1ee3ng \u0111\u01b0\u1ee3c ki\u1ec3m tra t\u1eebng chi ti\u1ebft.<\/p>\n<\/li>\n<li>\n<p class=\"ds-markdown-paragraph\">C\u00f3 m\u00e3 s\u1ed1 truy xu\u1ea5t ngu\u1ed3n g\u1ed1c r\u00f5 r\u00e0ng (kh\u1eafc tr\u00ean s\u1ea3n ph\u1ea9m).<\/p>\n<\/li>\n<\/ul>\n<\/li>\n<\/ul>\n<h2 class=\"headline--2 article-headline-inner\"><span class=\"ez-toc-section\" id=\"R5_CANH_QUAT_0722515895\"><\/span>R5 C\u00c1NH QU\u1ea0T <strong>0722515895<\/strong><span class=\"ez-toc-section-end\"><\/span><\/h2>\n<p><b>C\u00e1c c\u00e1nh b\u01a1m ch\u00e2n kh\u00f4ng R5 ph\u1ea3i \u0111\u01b0\u1ee3c thay th\u1ebf b\u1edfi m\u1ed9t k\u1ef9 thu\u1eadt vi\u00ean d\u1ecbch v\u1ee5 c\u1ee7a Busch.<\/b><\/p>\n<p>\u0110\u1ec3 thay th\u1ebf c\u00e1c c\u00e1nh b\u01a1m ch\u00e2n kh\u00f4ng R5, m\u1ed9t s\u1ed1 b\u1ed9 ph\u1eadn c\u1ea7n ph\u1ea3i \u0111\u01b0\u1ee3c th\u00e1o r\u1eddi kh\u1ecfi b\u01a1m ch\u00e2n kh\u00f4ng c\u1ee7a b\u1ea1n, bao g\u1ed3m c\u1ea3 xi lanh v\u00e0 r\u00f4to b\u00ean trong bu\u1ed3ng n\u00e9n. Khi l\u1eafp l\u1ea1i, c\u00e1c b\u1ed9 ph\u1eadn ph\u1ea3i \u0111\u01b0\u1ee3c l\u1eafp l\u1ea1i v\u1edbi \u0111\u1ed9 ch\u00ednh x\u00e1c tuy\u1ec7t \u0111\u1ed1i. Vi\u1ec7c l\u1eafp r\u00f4to kh\u00f4ng \u0111\u00fang c\u00e1ch c\u00f3 th\u1ec3 \u1ea3nh h\u01b0\u1edfng nghi\u00eam tr\u1ecdng \u0111\u1ebfn ch\u1ee9c n\u0103ng c\u1ee7a b\u01a1m ch\u00e2n kh\u00f4ng v\u00e0 c\u00f3 th\u1ec3 d\u1eabn \u0111\u1ebfn m\u1ee9c \u00e1p su\u1ea5t kh\u00f4ng \u0111\u00fang ho\u1eb7c h\u1ecfng h\u00f3c ho\u00e0n to\u00e0n<\/p>\n<p>Van b\u01a1m ch\u00e2n kh\u00f4ng ch\u00ednh h\u00e3ng Busch c\u00f3 kh\u1ea3 n\u0103ng ch\u1ed1ng m\u00e0i m\u00f2n v\u00e0 \u0111\u1ed9 \u1ea9m c\u1ef1c k\u1ef3 t\u1ed1t. Ch\u00fang t\u00f4i \u0111\u00e3 th\u1eed nghi\u1ec7m v\u00e0 ki\u1ec3m tra van c\u1ee7a m\u00ecnh trong nh\u1eefng \u0111i\u1ec1u ki\u1ec7n kh\u1eafc nghi\u1ec7t nh\u1ea5t. Trong h\u00e0ng ng\u00e0n \u1ee9ng d\u1ee5ng tr\u00ean to\u00e0n th\u1ebf gi\u1edbi, ch\u00fang mang l\u1ea1i hi\u1ec7u su\u1ea5t \u1ed5n \u0111\u1ecbnh, \u0111\u00e1ng tin c\u1eady ng\u00e0y n\u00e0y qua ng\u00e0y kh\u00e1c.<\/p>\n<p>C\u00e1c b\u1ed9 ph\u1eadn gi\u1ea3 \u0111\u01b0\u1ee3c thi\u1ebft k\u1ebf tr\u00f4ng gi\u1ed1ng nh\u01b0 van b\u01a1m ch\u00e2n kh\u00f4ng Busch ch\u00ednh h\u00e3ng. Tuy nhi\u00ean, ch\u00fang kh\u00f4ng \u0111\u00e1p \u1ee9ng c\u00e1c ti\u00eau chu\u1ea9n cao c\u1ee7a Busch v\u1ec1 ch\u1ea5t l\u01b0\u1ee3ng ho\u1eb7c hi\u1ec7u su\u1ea5t. Ch\u1ec9 c\u00f3 van b\u01a1m ch\u00e2n kh\u00f4ng Busch ch\u00ednh h\u00e3ng m\u1edbi mang l\u1ea1i cho b\u1ea1n s\u1ef1 an t\u00e2m v\u00e0 t\u1ef7 l\u1ec7 gi\u00e1 c\u1ea3-hi\u1ec7u su\u1ea5t t\u1ed1t nh\u1ea5t.<\/p>\n<h2><span class=\"ez-toc-section\" id=\"Mua_canh_van_Busch_0722515895_chinh_hang_tai_Minh_Phu\"><\/span><span id=\"5_Mua_canh_van_Busch_0722515895_chinh_hang_tai_HCTECH\"><strong>Mua c\u00e1nh van Busch 0722515895 ch\u00ednh h\u00e3ng t\u1ea1i Minh Ph\u00fa<\/strong><\/span><span class=\"ez-toc-section-end\"><\/span><\/h2>\n<p>Hi\u1ec7n nay, Minh Ph\u00fa l\u00e0 \u0111\u01a1n v\u1ecb s\u1ed1 1 v\u1ec1 b\u01a1m ch\u00e2n kh\u00f4ng tr\u00ean to\u00e0n qu\u1ed1c, chuy\u00ean cung c\u1ea5p thi\u1ebft b\u1ecb, ph\u1ee5 ki\u1ec7n v\u00e0 t\u01b0 v\u1ea5n gi\u1ea3i ph\u00e1p v\u1ec1 b\u01a1m ch\u00e2n kh\u00f4ng. Ch\u00fang t\u00f4i cung c\u1ea5p c\u00e1c thi\u1ebft b\u1ecb \u0111a d\u1ea1ng ch\u1ee7ng lo\u1ea1i v\u00e0 c\u00e1c th\u01b0\u01a1ng hi\u1ec7u.<\/p>\n<p>c\u00f3 th\u1ec3 d\u00f9ng chung d\u1ea7u <a href=\"https:\/\/mpvane.com\/product-category\/dau-chan-khong\/dau-chan-khong-busch\/\">Busch ch\u00ednh h\u00e3ng<\/a><\/p>\n<h3><span class=\"ez-toc-section\" id=\"Lien_he_dat_hang\"><\/span><strong>Li\u00ean h\u1ec7 \u0111\u1eb7t h\u00e0ng:<\/strong><span class=\"ez-toc-section-end\"><\/span><\/h3>\n<p class=\"ds-markdown-paragraph\"><strong>C\u00d4NG TY TNHH K\u1ef8 THU\u1eacT V\u00c0 D\u1ecaCH V\u1ee4 MINH PH\u00da<\/strong><\/p>\n<ul>\n<li>\n<p class=\"ds-markdown-paragraph\">\ud83d\udcde\u00a0<strong>Hotline:<\/strong>\u00a00985459559<\/p>\n<\/li>\n<li>\n<p class=\"ds-markdown-paragraph\">\u2709\u00a0<strong>Email:<\/strong>\u00a0<a href=\"https:\/\/mailto:Sales@minhphuco.vn\/\" target=\"_blank\" rel=\"noopener noreferrer\">Sales@minhphuco.vn<\/a><\/p>\n<\/li>\n<li>\n<p class=\"ds-markdown-paragraph\">\ud83d\udcbb\u00a0<strong>Zalo:<\/strong>\u00a00985490343 \/ 0985843778<\/p>\n<\/li>\n<\/ul>\n<p class=\"ds-markdown-paragraph\"><strong>L\u01b0u \u00fd:<\/strong>\u00a0S\u1ea3n ph\u1ea9m n\u00e0y\u00a0<strong>kh\u00f4ng ph\u1ea3i h\u00e0ng thay th\u1ebf \u0111\u1ea1i tr\u00e0<\/strong>\u00a0\u2013 \u0110\u1ea3m b\u1ea3o mua \u0111\u00fang m\u00e3\u00a0<strong>0722515895<\/strong>\u00a0\u0111\u1ec3 ph\u00f9 h\u1ee3p v\u1edbi b\u01a1m Busch R5.<\/p>\n","protected":false},"excerpt":{"rendered":"<p>M\u1ed9t b\u1ed9 g\u1ed3m 3 c\u00e1nh g\u1ea1t v\u1edbi k\u00edch th\u01b0\u1edbc: 70 mm (chi\u1ec1u d\u00e0i) \u00d7 18 mm (chi\u1ec1u r\u1ed9ng\/cao) \u00d7 4 mm (\u0111\u1ed9 d\u00e0y)<br \/>\nD\u00f9ng cho c\u00e1c m\u00e1y b\u01a1m :Busch R5 RA 0010 C,Busch R5 RB 0021 C,Busch R5 RC 0021 C<br \/>\nV\u1eadt li\u1ec7u theo c\u00f4ng b\u1ed1 c\u1ee7a Busch l\u00e0 EGS T-23<\/p>\n","protected":false},"featured_media":8369,"comment_status":"open","ping_status":"closed","template":"","meta":{"_acf_changed":false},"product_brand":[],"product_cat":[708,69],"product_tag":[1801,1803,1802],"class_list":{"0":"post-7937","1":"product","2":"type-product","3":"status-publish","4":"has-post-thumbnail","6":"product_cat-busch-vanes","7":"product_cat-canh-vane","8":"product_tag-1801","9":"product_tag-70-18-4-mm","10":"product_tag-r5-ra-0010-c-r5-rb-0021-c-r5-rc-0021-c","12":"first","13":"instock","14":"shipping-taxable","15":"product-type-simple"},"acf":[],"_links":{"self":[{"href":"https:\/\/mpvane.com\/en\/wp-json\/wp\/v2\/product\/7937","targetHints":{"allow":["GET"]}}],"collection":[{"href":"https:\/\/mpvane.com\/en\/wp-json\/wp\/v2\/product"}],"about":[{"href":"https:\/\/mpvane.com\/en\/wp-json\/wp\/v2\/types\/product"}],"replies":[{"embeddable":true,"href":"https:\/\/mpvane.com\/en\/wp-json\/wp\/v2\/comments?post=7937"}],"version-history":[{"count":4,"href":"https:\/\/mpvane.com\/en\/wp-json\/wp\/v2\/product\/7937\/revisions"}],"predecessor-version":[{"id":8373,"href":"https:\/\/mpvane.com\/en\/wp-json\/wp\/v2\/product\/7937\/revisions\/8373"}],"wp:featuredmedia":[{"embeddable":true,"href":"https:\/\/mpvane.com\/en\/wp-json\/wp\/v2\/media\/8369"}],"wp:attachment":[{"href":"https:\/\/mpvane.com\/en\/wp-json\/wp\/v2\/media?parent=7937"}],"wp:term":[{"taxonomy":"product_brand","embeddable":true,"href":"https:\/\/mpvane.com\/en\/wp-json\/wp\/v2\/product_brand?post=7937"},{"taxonomy":"product_cat","embeddable":true,"href":"https:\/\/mpvane.com\/en\/wp-json\/wp\/v2\/product_cat?post=7937"},{"taxonomy":"product_tag","embeddable":true,"href":"https:\/\/mpvane.com\/en\/wp-json\/wp\/v2\/product_tag?post=7937"}],"curies":[{"name":"wp","href":"https:\/\/api.w.org\/{rel}","templated":true}]}}