{"id":7933,"date":"2025-05-22T11:03:04","date_gmt":"2025-05-22T04:03:04","guid":{"rendered":"https:\/\/mpvane.com\/?post_type=product&#038;p=7933"},"modified":"2025-05-27T09:16:53","modified_gmt":"2025-05-27T02:16:53","slug":"bo-3-canh-gat-r5-rb-0006-c-r5-rb-0006-e-0722000248","status":"publish","type":"product","link":"https:\/\/mpvane.com\/en\/san-pham\/bo-3-canh-gat-r5-rb-0006-c-r5-rb-0006-e-0722000248\/","title":{"rendered":"B\u1ed9 3 c\u00e1nh g\u1ea1t 0722000248 R5 RB 0006 C, R5 RB 0006 E"},"content":{"rendered":"<div id=\"ez-toc-container\" class=\"ez-toc-v2_0_75 counter-hierarchy ez-toc-counter ez-toc-grey ez-toc-container-direction\">\n<div class=\"ez-toc-title-container\">\n<p class=\"ez-toc-title\" style=\"cursor:inherit\">Table of Contents<\/p>\n<span class=\"ez-toc-title-toggle\"><a href=\"#\" class=\"ez-toc-pull-right ez-toc-btn ez-toc-btn-xs ez-toc-btn-default ez-toc-toggle\" aria-label=\"Toggle Table of Content\"><span class=\"ez-toc-js-icon-con\"><span class=\"\"><span class=\"eztoc-hide\" style=\"display:none;\">Toggle<\/span><span class=\"ez-toc-icon-toggle-span\"><svg style=\"fill: #999;color:#999\" xmlns=\"http:\/\/www.w3.org\/2000\/svg\" class=\"list-377408\" width=\"20px\" height=\"20px\" viewBox=\"0 0 24 24\" fill=\"none\"><path d=\"M6 6H4v2h2V6zm14 0H8v2h12V6zM4 11h2v2H4v-2zm16 0H8v2h12v-2zM4 16h2v2H4v-2zm16 0H8v2h12v-2z\" fill=\"currentColor\"><\/path><\/svg><svg style=\"fill: #999;color:#999\" class=\"arrow-unsorted-368013\" xmlns=\"http:\/\/www.w3.org\/2000\/svg\" width=\"10px\" height=\"10px\" viewBox=\"0 0 24 24\" version=\"1.2\" baseProfile=\"tiny\"><path d=\"M18.2 9.3l-6.2-6.3-6.2 6.3c-.2.2-.3.4-.3.7s.1.5.3.7c.2.2.4.3.7.3h11c.3 0 .5-.1.7-.3.2-.2.3-.5.3-.7s-.1-.5-.3-.7zM5.8 14.7l6.2 6.3 6.2-6.3c.2-.2.3-.5.3-.7s-.1-.5-.3-.7c-.2-.2-.4-.3-.7-.3h-11c-.3 0-.5.1-.7.3-.2.2-.3.5-.3.7s.1.5.3.7z\"\/><\/svg><\/span><\/span><\/span><\/a><\/span><\/div>\n<nav><ul class='ez-toc-list ez-toc-list-level-1 ' ><li class='ez-toc-page-1 ez-toc-heading-level-3'><a class=\"ez-toc-link ez-toc-heading-1\" href=\"https:\/\/mpvane.com\/en\/san-pham\/bo-3-canh-gat-r5-rb-0006-c-r5-rb-0006-e-0722000248\/#Thong_so_ky_thuat\" >Th\u00f4ng s\u1ed1 k\u1ef9 thu\u1eadt<\/a><\/li><li class='ez-toc-page-1 ez-toc-heading-level-3'><a class=\"ez-toc-link ez-toc-heading-2\" href=\"https:\/\/mpvane.com\/en\/san-pham\/bo-3-canh-gat-r5-rb-0006-c-r5-rb-0006-e-0722000248\/#Ung_dung\" >\u1ee8ng d\u1ee5ng<\/a><\/li><li class='ez-toc-page-1 ez-toc-heading-level-3'><a class=\"ez-toc-link ez-toc-heading-3\" href=\"https:\/\/mpvane.com\/en\/san-pham\/bo-3-canh-gat-r5-rb-0006-c-r5-rb-0006-e-0722000248\/#Luu_y_khi_thay_the\" >L\u01b0u \u00fd khi thay th\u1ebf<\/a><\/li><li class='ez-toc-page-1 ez-toc-heading-level-3'><a class=\"ez-toc-link ez-toc-heading-4\" href=\"https:\/\/mpvane.com\/en\/san-pham\/bo-3-canh-gat-r5-rb-0006-c-r5-rb-0006-e-0722000248\/#Cam_ket_chat_luong_Busch\" >Cam k\u1ebft ch\u1ea5t l\u01b0\u1ee3ng Busch<\/a><\/li><li class='ez-toc-page-1 ez-toc-heading-level-3'><a class=\"ez-toc-link ez-toc-heading-5\" href=\"https:\/\/mpvane.com\/en\/san-pham\/bo-3-canh-gat-r5-rb-0006-c-r5-rb-0006-e-0722000248\/#Lien_he_dat_hang\" >Li\u00ean h\u1ec7 \u0111\u1eb7t h\u00e0ng<\/a><\/li><\/ul><\/nav><\/div>\n<p class=\"ds-markdown-paragraph\">Th\u00f4ng tin chi ti\u1ebft v\u1ec1\u00a0<strong>B\u1ed9 3 c\u00e1nh g\u1ea1t Busch Original 0722000248<\/strong>\u00a0d\u00e0nh cho m\u00e1y b\u01a1m ch\u00e2n kh\u00f4ng Busch R5 RB 0006 C v\u00e0 R5 RB 0006 E:<\/p>\n<h3><span class=\"ez-toc-section\" id=\"Thong_so_ky_thuat\"><\/span><strong>Th\u00f4ng s\u1ed1 k\u1ef9 thu\u1eadt<\/strong><span class=\"ez-toc-section-end\"><\/span><\/h3>\n<ul>\n<li>\n<p class=\"ds-markdown-paragraph\"><strong>M\u00e3 s\u1ea3n ph\u1ea9m:<\/strong>\u00a00722000248<\/p>\n<\/li>\n<li>\n<p class=\"ds-markdown-paragraph\"><strong>S\u1ed1 l\u01b0\u1ee3ng:<\/strong>\u00a03 c\u00e1nh g\u1ea1t\/b\u1ed9<\/p>\n<\/li>\n<li>\n<p class=\"ds-markdown-paragraph\"><strong>K\u00edch th\u01b0\u1edbc:<\/strong><\/p>\n<ul>\n<li>\n<p class=\"ds-markdown-paragraph\">Chi\u1ec1u d\u00e0i: 23 mm<\/p>\n<\/li>\n<li>\n<p class=\"ds-markdown-paragraph\">Chi\u1ec1u r\u1ed9ng\/cao: 17.8 mm<\/p>\n<\/li>\n<li>\n<p class=\"ds-markdown-paragraph\">\u0110\u1ed9 d\u00e0y: 3.9 mm<\/p>\n<\/li>\n<\/ul>\n<\/li>\n<li>\n<p class=\"ds-markdown-paragraph\"><strong>V\u1eadt li\u1ec7u:<\/strong>\u00a0<strong>EGS T-23<\/strong>\u00a0(VETRONITE)<\/p>\n<ul>\n<li>\n<p class=\"ds-markdown-paragraph\">L\u00e0m t\u1eeb v\u1ea3i th\u1ee7y tinh d\u1ec7t m\u1ecbn li\u00ean k\u1ebft v\u1edbi nh\u1ef1a epoxy ch\u1ecbu nhi\u1ec7t.<\/p>\n<\/li>\n<li>\n<p class=\"ds-markdown-paragraph\">Ch\u1ecbu nhi\u1ec7t \u0111\u1ed9 l\u00ean \u0111\u1ebfn\u00a0<strong>200\u00b0C<\/strong>.<\/p>\n<\/li>\n<li>\n<p class=\"ds-markdown-paragraph\">Kh\u1ea3 n\u0103ng ch\u1ed1ng h\u00f3a ch\u1ea5t t\u1ed1t, \u0111\u1ed9 b\u1ec1n c\u01a1 h\u1ecdc v\u00e0 \u0111i\u1ec7n cao.<\/p>\n<\/li>\n<\/ul>\n<\/li>\n<\/ul>\n<h3><span class=\"ez-toc-section\" id=\"Ung_dung\"><\/span><strong>\u1ee8ng d\u1ee5ng<\/strong><span class=\"ez-toc-section-end\"><\/span><\/h3>\n<ul>\n<li>\n<p class=\"ds-markdown-paragraph\">D\u00f9ng cho b\u01a1m ch\u00e2n kh\u00f4ng d\u00f2ng\u00a0<strong>Busch R5 RB 0006 C<\/strong>\u00a0v\u00e0\u00a0<strong>R5 RB 0006 E<\/strong>.<\/p>\n<\/li>\n<li>\n<p class=\"ds-markdown-paragraph\">\u0110\u00f3ng vai tr\u00f2 quan tr\u1ecdng trong vi\u1ec7c t\u1ea1o ch\u00e2n kh\u00f4ng, n\u00e9n v\u00e0 v\u1eadn chuy\u1ec3n kh\u00ed trong bu\u1ed3ng b\u01a1m.<\/p>\n<\/li>\n<\/ul>\n<h3><span class=\"ez-toc-section\" id=\"Luu_y_khi_thay_the\"><\/span><strong>L\u01b0u \u00fd khi thay th\u1ebf<\/strong><span class=\"ez-toc-section-end\"><\/span><\/h3>\n<ul>\n<li>\n<p class=\"ds-markdown-paragraph\"><strong>Ch\u1ec9 k\u1ef9 thu\u1eadt vi\u00ean chuy\u00ean nghi\u1ec7p<\/strong>\u00a0n\u00ean th\u1ef1c hi\u1ec7n thay th\u1ebf do y\u00eau c\u1ea7u th\u00e1o l\u1eafp ph\u1ee9c t\u1ea1p (bao g\u1ed3m xi-lanh, r\u00f4to).<\/p>\n<\/li>\n<li>\n<p class=\"ds-markdown-paragraph\">L\u1eafp sai c\u00f3 th\u1ec3 g\u00e2y\u00a0<strong>gi\u1ea3m hi\u1ec7u su\u1ea5t, h\u1ecfng b\u01a1m ho\u1eb7c \u00e1p su\u1ea5t kh\u00f4ng \u0111\u1ea1t<\/strong>.<\/p>\n<\/li>\n<li>\n<p class=\"ds-markdown-paragraph\">C\u00e1nh g\u1ea1t ch\u1ecbu \u1ee9ng su\u1ea5t l\u1edbn, c\u1ea7n d\u00f9ng h\u00e0ng ch\u00ednh h\u00e3ng \u0111\u1ec3 \u0111\u1ea3m b\u1ea3o \u0111\u1ed9 b\u1ec1n v\u00e0 an to\u00e0n.<\/p>\n<\/li>\n<\/ul>\n<h3><span class=\"ez-toc-section\" id=\"Cam_ket_chat_luong_Busch\"><\/span><strong>Cam k\u1ebft ch\u1ea5t l\u01b0\u1ee3ng Busch<\/strong><span class=\"ez-toc-section-end\"><\/span><\/h3>\n<ul>\n<li>\n<p class=\"ds-markdown-paragraph\">M\u1ed7i c\u00e1nh g\u1ea1t c\u1ee7a Busch s\u1ea3n xu\u1ea5t \u0111\u1eb7t ch\u1ea5t l\u01b0\u1ee3ng l\u00ean h\u00e0ng \u0111\u1ea7u<\/p>\n<\/li>\n<li>\n<p class=\"ds-markdown-paragraph\">Ki\u1ec3m tra ch\u1ea5t l\u01b0\u1ee3ng nghi\u00eam ng\u1eb7t, kh\u1eafc d\u1ea5u kh\u00f4ng th\u1ec3 x\u00f3a.<\/p>\n<\/li>\n<\/ul>\n<h3><span class=\"ez-toc-section\" id=\"Lien_he_dat_hang\"><\/span><strong>Li\u00ean h\u1ec7 \u0111\u1eb7t h\u00e0ng<\/strong><span class=\"ez-toc-section-end\"><\/span><\/h3>\n<ul>\n<li>\n<p class=\"ds-markdown-paragraph\"><strong>C\u00d4NG TY TNHH K\u1ef8 THU\u1eacT V\u00c0 D\u1ecaCH V\u1ee4 MINH PH\u00da<\/strong><\/p>\n<ul>\n<li>\n<p class=\"ds-markdown-paragraph\">Hotline:\u00a0<strong>0985 459 559<\/strong><\/p>\n<\/li>\n<li>\n<p class=\"ds-markdown-paragraph\">Email:\u00a0<strong><a href=\"https:\/\/mailto:Sales@minhphuco.vn\/\" target=\"_blank\" rel=\"noopener noreferrer\">Sales@minhphuco.vn<\/a><\/strong><\/p>\n<\/li>\n<li>\n<p class=\"ds-markdown-paragraph\">Zalo:\u00a0<strong>0985 490 343<\/strong>\u00a0ho\u1eb7c\u00a0<strong>0985 843 778<\/strong><\/p>\n<\/li>\n<\/ul>\n<\/li>\n<\/ul>\n<p class=\"ds-markdown-paragraph\">\ud83d\udc49\u00a0<strong>L\u01b0u \u00fd:<\/strong>\u00a0S\u1eed d\u1ee5ng c\u00e1nh g\u1ea1t kh\u00f4ng ch\u00ednh h\u00e3ng c\u00f3 th\u1ec3 l\u00e0m gi\u1ea3m tu\u1ed5i th\u1ecd b\u01a1m v\u00e0 m\u1ea5t b\u1ea3o h\u00e0nh t\u1eeb nh\u00e0 s\u1ea3n xu\u1ea5t.<\/p>\n","protected":false},"excerpt":{"rendered":"<p>M\u1ed9t b\u1ed9 g\u1ed3m 3 c\u00e1nh g\u1ea1t v\u1edbi k\u00edch th\u01b0\u1edbc: 23 mm (chi\u1ec1u d\u00e0i) \u00d7 17.8 mm (chi\u1ec1u r\u1ed9ng\/cao) \u00d7 3.9 mm (\u0111\u1ed9 d\u00e0y)<br \/>\nD\u00f9ng cho c\u00e1c m\u00e1y b\u01a1m :Busch R5 RB 0006 C,Busch R5 RB 0006 E<br \/>\nV\u1eadt li\u1ec7u theo c\u00f4ng b\u1ed1 c\u1ee7a Busch l\u00e0 EGS T-23<\/p>\n","protected":false},"featured_media":7805,"comment_status":"open","ping_status":"closed","template":"","meta":{"_acf_changed":false},"product_brand":[],"product_cat":[708,69],"product_tag":[1792,1795,1793,1794],"class_list":{"0":"post-7933","1":"product","2":"type-product","3":"status-publish","4":"has-post-thumbnail","6":"product_cat-busch-vanes","7":"product_cat-canh-vane","8":"product_tag-1792","9":"product_tag-23-18-7-3-9-mm","10":"product_tag-r5-rb-0006-c","11":"product_tag-r5-rb-0006-e","13":"first","14":"instock","15":"shipping-taxable","16":"product-type-simple"},"acf":[],"_links":{"self":[{"href":"https:\/\/mpvane.com\/en\/wp-json\/wp\/v2\/product\/7933","targetHints":{"allow":["GET"]}}],"collection":[{"href":"https:\/\/mpvane.com\/en\/wp-json\/wp\/v2\/product"}],"about":[{"href":"https:\/\/mpvane.com\/en\/wp-json\/wp\/v2\/types\/product"}],"replies":[{"embeddable":true,"href":"https:\/\/mpvane.com\/en\/wp-json\/wp\/v2\/comments?post=7933"}],"version-history":[{"count":4,"href":"https:\/\/mpvane.com\/en\/wp-json\/wp\/v2\/product\/7933\/revisions"}],"predecessor-version":[{"id":7995,"href":"https:\/\/mpvane.com\/en\/wp-json\/wp\/v2\/product\/7933\/revisions\/7995"}],"wp:featuredmedia":[{"embeddable":true,"href":"https:\/\/mpvane.com\/en\/wp-json\/wp\/v2\/media\/7805"}],"wp:attachment":[{"href":"https:\/\/mpvane.com\/en\/wp-json\/wp\/v2\/media?parent=7933"}],"wp:term":[{"taxonomy":"product_brand","embeddable":true,"href":"https:\/\/mpvane.com\/en\/wp-json\/wp\/v2\/product_brand?post=7933"},{"taxonomy":"product_cat","embeddable":true,"href":"https:\/\/mpvane.com\/en\/wp-json\/wp\/v2\/product_cat?post=7933"},{"taxonomy":"product_tag","embeddable":true,"href":"https:\/\/mpvane.com\/en\/wp-json\/wp\/v2\/product_tag?post=7933"}],"curies":[{"name":"wp","href":"https:\/\/api.w.org\/{rel}","templated":true}]}}