{"id":7913,"date":"2025-05-21T22:22:03","date_gmt":"2025-05-21T15:22:03","guid":{"rendered":"https:\/\/mpvane.com\/?post_type=product&#038;p=7913"},"modified":"2025-06-09T11:42:24","modified_gmt":"2025-06-09T04:42:24","slug":"loc-dau-ek96006-thay-cho-ma-cu-7101885871018850","status":"publish","type":"product","link":"https:\/\/mpvane.com\/en\/san-pham\/loc-dau-ek96006-thay-cho-ma-cu-7101885871018850\/","title":{"rendered":"L\u1ecdc d\u1ea7u EK96006 thay cho m\u00e3 c\u0169 71018858,71018850"},"content":{"rendered":"<div id=\"ez-toc-container\" class=\"ez-toc-v2_0_75 counter-hierarchy ez-toc-counter ez-toc-grey ez-toc-container-direction\">\n<div class=\"ez-toc-title-container\">\n<p class=\"ez-toc-title\" style=\"cursor:inherit\">Table of Contents<\/p>\n<span class=\"ez-toc-title-toggle\"><a href=\"#\" class=\"ez-toc-pull-right ez-toc-btn ez-toc-btn-xs ez-toc-btn-default ez-toc-toggle\" aria-label=\"Toggle Table of Content\"><span class=\"ez-toc-js-icon-con\"><span class=\"\"><span class=\"eztoc-hide\" style=\"display:none;\">Toggle<\/span><span class=\"ez-toc-icon-toggle-span\"><svg style=\"fill: #999;color:#999\" xmlns=\"http:\/\/www.w3.org\/2000\/svg\" class=\"list-377408\" width=\"20px\" height=\"20px\" viewBox=\"0 0 24 24\" fill=\"none\"><path d=\"M6 6H4v2h2V6zm14 0H8v2h12V6zM4 11h2v2H4v-2zm16 0H8v2h12v-2zM4 16h2v2H4v-2zm16 0H8v2h12v-2z\" fill=\"currentColor\"><\/path><\/svg><svg style=\"fill: #999;color:#999\" class=\"arrow-unsorted-368013\" xmlns=\"http:\/\/www.w3.org\/2000\/svg\" width=\"10px\" height=\"10px\" viewBox=\"0 0 24 24\" version=\"1.2\" baseProfile=\"tiny\"><path d=\"M18.2 9.3l-6.2-6.3-6.2 6.3c-.2.2-.3.4-.3.7s.1.5.3.7c.2.2.4.3.7.3h11c.3 0 .5-.1.7-.3.2-.2.3-.5.3-.7s-.1-.5-.3-.7zM5.8 14.7l6.2 6.3 6.2-6.3c.2-.2.3-.5.3-.7s-.1-.5-.3-.7c-.2-.2-.4-.3-.7-.3h-11c-.3 0-.5.1-.7.3-.2.2-.3.5-.3.7s.1.5.3.7z\"\/><\/svg><\/span><\/span><\/span><\/a><\/span><\/div>\n<nav><ul class='ez-toc-list ez-toc-list-level-1 ' ><li class='ez-toc-page-1 ez-toc-heading-level-3'><a class=\"ez-toc-link ez-toc-heading-1\" href=\"https:\/\/mpvane.com\/en\/san-pham\/loc-dau-ek96006-thay-cho-ma-cu-7101885871018850\/#Thong_so_ky_thuat\" >Th\u00f4ng s\u1ed1 k\u1ef9 thu\u1eadt:<\/a><\/li><li class='ez-toc-page-1 ez-toc-heading-level-3'><a class=\"ez-toc-link ez-toc-heading-2\" href=\"https:\/\/mpvane.com\/en\/san-pham\/loc-dau-ek96006-thay-cho-ma-cu-7101885871018850\/#Ung_dung_cho_cac_Model_bom_Leybold\" >\u1ee8ng d\u1ee5ng cho c\u00e1c Model b\u01a1m Leybold:<\/a><\/li><li class='ez-toc-page-1 ez-toc-heading-level-3'><a class=\"ez-toc-link ez-toc-heading-3\" href=\"https:\/\/mpvane.com\/en\/san-pham\/loc-dau-ek96006-thay-cho-ma-cu-7101885871018850\/#Ten_goi_khac\" >T\u00ean g\u1ecdi kh\u00e1c:<\/a><\/li><li class='ez-toc-page-1 ez-toc-heading-level-3'><a class=\"ez-toc-link ez-toc-heading-4\" href=\"https:\/\/mpvane.com\/en\/san-pham\/loc-dau-ek96006-thay-cho-ma-cu-7101885871018850\/#Lien_he_dat_hang\" >Li\u00ean h\u1ec7 \u0111\u1eb7t h\u00e0ng:<\/a><\/li><\/ul><\/nav><\/div>\n<p class=\"ds-markdown-paragraph\">Th\u00f4ng tin s\u1ea3n ph\u1ea9m\u00a0<strong>L\u1ecdc d\u1ea7u EK96006<\/strong>\u00a0thay th\u1ebf cho m\u00e3 c\u0169\u00a0<strong>71018858<\/strong>\u00a0v\u00e0\u00a0<strong>71018850<\/strong>\u00a0c\u1ee7a Leybold:<\/p>\n<h3><span class=\"ez-toc-section\" id=\"Thong_so_ky_thuat\"><\/span><strong>Th\u00f4ng s\u1ed1 k\u1ef9 thu\u1eadt:<\/strong><span class=\"ez-toc-section-end\"><\/span><\/h3>\n<ul>\n<li>\n<p class=\"ds-markdown-paragraph\"><strong>M\u00e3 s\u1ea3n ph\u1ea9m:<\/strong>\u00a0EK96006<\/p>\n<\/li>\n<li>\n<p class=\"ds-markdown-paragraph\"><strong>Thay th\u1ebf cho:<\/strong>\u00a0Leybold 71018858, Leybold 71018850<\/p>\n<\/li>\n<li>\n<p class=\"ds-markdown-paragraph\"><strong>K\u00edch th\u01b0\u1edbc tham kh\u1ea3o:<\/strong><\/p>\n<ul>\n<li>\n<p class=\"ds-markdown-paragraph\">T\u1ed5ng chi\u1ec1u cao: 145 mm<\/p>\n<\/li>\n<li>\n<p class=\"ds-markdown-paragraph\">\u0110\u01b0\u1eddng k\u00ednh l\u1edbn nh\u1ea5t: 96 mm<\/p>\n<\/li>\n<li>\n<p class=\"ds-markdown-paragraph\">Ren k\u1ebft n\u1ed1i:\u00a0<strong>UNF 3\/4 inch Female Bottom 16<\/strong><\/p>\n<\/li>\n<\/ul>\n<\/li>\n<\/ul>\n<h3><span class=\"ez-toc-section\" id=\"Ung_dung_cho_cac_Model_bom_Leybold\"><\/span><strong>\u1ee8ng d\u1ee5ng cho c\u00e1c Model b\u01a1m Leybold:<\/strong><span class=\"ez-toc-section-end\"><\/span><\/h3>\n<ul>\n<li>\n<p class=\"ds-markdown-paragraph\"><strong>SOGEVAC SV 200<\/strong>\u00a0(d\u00f9ng 1 c\u00e1i)<\/p>\n<\/li>\n<li>\n<p class=\"ds-markdown-paragraph\"><strong>SOGEVAC SV 300<\/strong>\u00a0(d\u00f9ng 1 c\u00e1i)<\/p>\n<\/li>\n<li>\n<p class=\"ds-markdown-paragraph\"><strong>SOGEVAC SV 300 B<\/strong>\u00a0(d\u00f9ng 1 c\u00e1i)<\/p>\n<\/li>\n<li>\n<p class=\"ds-markdown-paragraph\"><strong>SOGEVAC SV 200 FP<\/strong>\u00a0(d\u00f9ng 1 c\u00e1i)<\/p>\n<\/li>\n<li>\n<p class=\"ds-markdown-paragraph\"><strong>SOGEVAC SV 300 FP<\/strong>\u00a0(d\u00f9ng 1 c\u00e1i)<\/p>\n<\/li>\n<\/ul>\n<h3><span class=\"ez-toc-section\" id=\"Ten_goi_khac\"><\/span><strong>T\u00ean g\u1ecdi kh\u00e1c:<\/strong><span class=\"ez-toc-section-end\"><\/span><\/h3>\n<ul>\n<li>\n<p class=\"ds-markdown-paragraph\"><strong>L\u1ecdc nh\u1edbt:<\/strong>\u00a0EK96006, 71018850, 71018858<\/p>\n<\/li>\n<li>\n<p class=\"ds-markdown-paragraph\"><strong>L\u1ecdc cho b\u01a1m h\u00fat ch\u00e2n kh\u00f4ng:<\/strong>\u00a0EK96006, 71018850, 71018858<\/p>\n<\/li>\n<li>\n<p class=\"ds-markdown-paragraph\"><strong>L\u1ecdc d\u1ea7u ch\u00e2n kh\u00f4ng:<\/strong>\u00a0EK96006, 71018850, 71018858<\/p>\n<\/li>\n<li>\n<p class=\"ds-markdown-paragraph\"><strong>L\u01b0\u1ee3c nh\u1edbt:<\/strong>\u00a0EK96006, 71018850, 71018858<\/p>\n<\/li>\n<li>\n<p class=\"ds-markdown-paragraph\"><strong>Leybold oil filter:<\/strong>\u00a0EK96006, 71018850, 71018858<\/p>\n<\/li>\n<\/ul>\n<h3><span class=\"ez-toc-section\" id=\"Lien_he_dat_hang\"><\/span><strong>Li\u00ean h\u1ec7 \u0111\u1eb7t h\u00e0ng:<\/strong><span class=\"ez-toc-section-end\"><\/span><\/h3>\n<ul>\n<li>\n<p class=\"ds-markdown-paragraph\"><strong>C\u00d4NG TY TNHH K\u1ef8 THU\u1eacT V\u00c0 D\u1ecaCH V\u1ee4 MINH PH\u00da<\/strong><\/p>\n<\/li>\n<li>\n<p class=\"ds-markdown-paragraph\"><strong>Hotline:<\/strong>\u00a00985 459 559<\/p>\n<\/li>\n<li>\n<p class=\"ds-markdown-paragraph\"><strong>Email:<\/strong>\u00a0<a href=\"https:\/\/mailto:Sales@minhphuco.vn\/\" target=\"_blank\" rel=\"noopener noreferrer\">Sales@minhphuco.vn<\/a><\/p>\n<\/li>\n<li>\n<p class=\"ds-markdown-paragraph\"><strong>Zalo:<\/strong>\u00a00985 490 343 \/ 0985 843 778<\/p>\n<\/li>\n<\/ul>\n<p class=\"ds-markdown-paragraph\">B\u1ea1n c\u1ea7n h\u1ed7 tr\u1ee3 th\u00eam th\u00f4ng tin ho\u1eb7c \u0111\u1eb7t h\u00e0ng? Minh Ph\u00fa s\u1eb5n s\u00e0ng t\u01b0 v\u1ea5n v\u00e0 b\u00e1o gi\u00e1 nhanh ch\u00f3ng! \ud83d\ude80<\/p>\n","protected":false},"excerpt":{"rendered":"<p>K\u00edch th\u01b0\u1edbc tham kh\u1ea3o : T\u1ed5ng chi\u1ec1u cao 145 mm ,\u0110\u01b0\u1eddng k\u00ednh l\u1edbn nh\u1ea5t 96 mm , Ren k\u1ebft n\u1ed1i UNF 3\/4 inch Female Bottom 16<\/p>\n<p>D\u00f9ng cho c\u00e1c Model b\u01a1m Leybold :SOGEVAC SV 200 ,SOGEVAC SV 300,SOGEVAC SV 300 B,SOGEVAC SV 200 FP,SOGEVAC SV 300 FP<\/p>\n","protected":false},"featured_media":7914,"comment_status":"open","ping_status":"closed","template":"","meta":{"_acf_changed":false},"product_brand":[],"product_cat":[2316,702],"product_tag":[],"class_list":{"0":"post-7913","1":"product","2":"type-product","3":"status-publish","4":"has-post-thumbnail","6":"product_cat-loc-leybold","7":"product_cat-loc-chan-khong","9":"first","10":"instock","11":"shipping-taxable","12":"product-type-simple"},"acf":[],"_links":{"self":[{"href":"https:\/\/mpvane.com\/en\/wp-json\/wp\/v2\/product\/7913","targetHints":{"allow":["GET"]}}],"collection":[{"href":"https:\/\/mpvane.com\/en\/wp-json\/wp\/v2\/product"}],"about":[{"href":"https:\/\/mpvane.com\/en\/wp-json\/wp\/v2\/types\/product"}],"replies":[{"embeddable":true,"href":"https:\/\/mpvane.com\/en\/wp-json\/wp\/v2\/comments?post=7913"}],"version-history":[{"count":4,"href":"https:\/\/mpvane.com\/en\/wp-json\/wp\/v2\/product\/7913\/revisions"}],"predecessor-version":[{"id":7919,"href":"https:\/\/mpvane.com\/en\/wp-json\/wp\/v2\/product\/7913\/revisions\/7919"}],"wp:featuredmedia":[{"embeddable":true,"href":"https:\/\/mpvane.com\/en\/wp-json\/wp\/v2\/media\/7914"}],"wp:attachment":[{"href":"https:\/\/mpvane.com\/en\/wp-json\/wp\/v2\/media?parent=7913"}],"wp:term":[{"taxonomy":"product_brand","embeddable":true,"href":"https:\/\/mpvane.com\/en\/wp-json\/wp\/v2\/product_brand?post=7913"},{"taxonomy":"product_cat","embeddable":true,"href":"https:\/\/mpvane.com\/en\/wp-json\/wp\/v2\/product_cat?post=7913"},{"taxonomy":"product_tag","embeddable":true,"href":"https:\/\/mpvane.com\/en\/wp-json\/wp\/v2\/product_tag?post=7913"}],"curies":[{"name":"wp","href":"https:\/\/api.w.org\/{rel}","templated":true}]}}