{"id":7906,"date":"2025-05-21T16:31:53","date_gmt":"2025-05-21T09:31:53","guid":{"rendered":"https:\/\/mpvane.com\/?post_type=product&#038;p=7906"},"modified":"2025-05-21T16:39:00","modified_gmt":"2025-05-21T09:39:00","slug":"bo-3-canh-quat-u-40s-ab-b-u-3-40-90052800003wn150-055","status":"publish","type":"product","link":"https:\/\/mpvane.com\/en\/san-pham\/bo-3-canh-quat-u-40s-ab-b-u-3-40-90052800003wn150-055\/","title":{"rendered":"B\u1ed9 3 c\u00e1nh qu\u1ea1t U 40S ab \u201eB\u201c U 3.40 90052800003|WN150-055"},"content":{"rendered":"\t\t<div data-elementor-type=\"wp-post\" data-elementor-id=\"7906\" class=\"elementor elementor-7906\">\n\t\t\t\t<div class=\"wd-negative-gap elementor-element elementor-element-3282dd29 e-flex e-con-boxed e-con e-parent\" data-id=\"3282dd29\" data-element_type=\"container\">\n\t\t\t\t\t<div class=\"e-con-inner\">\n\t\t\t\t<div class=\"elementor-element elementor-element-11df337a color-scheme-inherit text-left elementor-widget elementor-widget-text-editor\" data-id=\"11df337a\" data-element_type=\"widget\" data-widget_type=\"text-editor.default\">\n\t\t\t\t<div class=\"elementor-widget-container\">\n\t\t\t\t\t\t\t<div class=\"content--title\"><div class=\"content--title\"><div class=\"_9663006 _03bad9a\"><div class=\"fbb737a4\"><div class=\"_9663006 _03bad9a\"><div class=\"fbb737a4\"><div class=\"dad65929\"><div class=\"_4f9bf79 d7dc56a8 _43c05b5\"><div class=\"ds-markdown ds-markdown--block\"><p class=\"ds-markdown-paragraph\">B\u1ed9 c\u00e1nh qu\u1ea1t Becker Original 90052800003 (m\u00e3 WN150-055) l\u00e0 b\u1ed9 ph\u1eadn thay th\u1ebf ch\u00ednh h\u00e3ng d\u00e0nh cho m\u00e1y b\u01a1m ch\u00e2n kh\u00f4ng\/ b\u01a1m d\u1ea7u Becker model U 40S ab &#8220;B&#8221; ho\u1eb7c U 3.40 (\u0111\u1eddi c\u0169 c\u00f3 th\u1ec3 \u0111\u00e3 ng\u1eebng s\u1ea3n xu\u1ea5t). D\u01b0\u1edbi \u0111\u00e2y l\u00e0 th\u00f4ng tin chi ti\u1ebft:<\/p><p class=\"ds-markdown-paragraph\"><strong>Th\u00f4ng s\u1ed1 k\u1ef9 thu\u1eadt:<\/strong><\/p><ul><li><p class=\"ds-markdown-paragraph\"><strong>S\u1ed1 l\u01b0\u1ee3ng c\u00e1nh:<\/strong>\u00a03 c\u00e1nh qu\u1ea1t\/1 b\u1ed9<\/p><\/li><li><p class=\"ds-markdown-paragraph\"><strong>Ch\u1ea5t li\u1ec7u:<\/strong>\u00a0Th\u00e9p ch\u1ed1ng m\u00e0i m\u00f2n<\/p><\/li><li><p class=\"ds-markdown-paragraph\"><strong>K\u00edch th\u01b0\u1edbc:<\/strong><\/p><ul><li><p class=\"ds-markdown-paragraph\">Chi\u1ec1u d\u00e0i: 92mm<\/p><\/li><li><p class=\"ds-markdown-paragraph\">Chi\u1ec1u r\u1ed9ng\/cao: 44mm<\/p><\/li><li><p class=\"ds-markdown-paragraph\">\u0110\u1ed9 d\u00e0y: 4mm<\/p><\/li><\/ul><\/li><\/ul><p class=\"ds-markdown-paragraph\"><strong>C\u00f4ng d\u1ee5ng:<\/strong><\/p><ul><li><p class=\"ds-markdown-paragraph\">S\u1eed d\u1ee5ng cho b\u01a1m ch\u00e2n kh\u00f4ng\/b\u01a1m d\u1ea7u b\u00f4i tr\u01a1n b\u1eb1ng d\u1ea7u c\u1ee7a Becker.<\/p><\/li><li><p class=\"ds-markdown-paragraph\">Thi\u1ebft k\u1ebf ch\u1ecbu m\u00e0i m\u00f2n, thay th\u1ebf khi b\u1ea3o tr\u00ec\/s\u1eeda ch\u1eefa m\u00e1y b\u01a1m.<\/p><\/li><\/ul><p class=\"ds-markdown-paragraph\"><strong>L\u01b0u \u00fd:<\/strong><\/p><ul><li><p class=\"ds-markdown-paragraph\">\u0110\u00e2y l\u00e0 model c\u0169, c\u1ea7n ki\u1ec3m tra t\u01b0\u01a1ng th\u00edch tr\u01b0\u1edbc khi \u0111\u1eb7t mua.<\/p><\/li><li><p class=\"ds-markdown-paragraph\">B\u1ed9 c\u00e1nh qu\u1ea1t l\u00e0 linh ki\u1ec7n quan tr\u1ecdng, \u1ea3nh h\u01b0\u1edfng tr\u1ef1c ti\u1ebfp \u0111\u1ebfn hi\u1ec7u su\u1ea5t m\u00e1y b\u01a1m.<\/p><\/li><\/ul><p class=\"ds-markdown-paragraph\"><strong>Li\u00ean h\u1ec7 \u0111\u1eb7t h\u00e0ng\/ t\u01b0 v\u1ea5n:<\/strong><\/p><ul><li><p class=\"ds-markdown-paragraph\"><strong>C\u00f4ng ty TNHH K\u1ef9 Thu\u1eadt v\u00e0 D\u1ecbch V\u1ee5 Minh Ph\u00fa<\/strong><\/p><\/li><li><p class=\"ds-markdown-paragraph\">Hotline:\u00a0<strong>0985 459 559<\/strong><\/p><\/li><li><p class=\"ds-markdown-paragraph\">Email:\u00a0<strong><a href=\"https:\/\/mailto:Sales@minhphuco.vn\/\" target=\"_blank\" rel=\"noopener noreferrer\">Sales@minhphuco.vn<\/a><\/strong><\/p><\/li><li><p class=\"ds-markdown-paragraph\">Zalo:\u00a0<strong>0985 490 343<\/strong>\u00a0ho\u1eb7c\u00a0<strong>0985 843 778<\/strong><\/p><\/li><\/ul><p class=\"ds-markdown-paragraph\">\ud83d\udd27\u00a0<em>G\u1ee3i \u00fd:<\/em>\u00a0N\u1ebfu m\u00e1y b\u01a1m ho\u1ea1t \u0111\u1ed9ng k\u00e9m hi\u1ec7u qu\u1ea3 ho\u1eb7c ph\u00e1t ra ti\u1ebfng \u1ed3n b\u1ea5t th\u01b0\u1eddng, n\u00ean ki\u1ec3m tra c\u00e1nh qu\u1ea1t v\u00e0 thay th\u1ebf ngay khi c\u00f3 d\u1ea5u hi\u1ec7u m\u00f2n.*<\/p><\/div><\/div><\/div><\/div><\/div><\/div><\/div><\/div><\/div>\t\t\t\t\t\t<\/div>\n\t\t\t\t<\/div>\n\t\t\t\t\t<\/div>\n\t\t\t\t<\/div>\n\t\t\t\t<\/div>\n\t\t","protected":false},"excerpt":{"rendered":"<p>S\u1ed1 l\u01b0\u1ee3ng c\u00e1nh qu\u1ea1t\/b\u1ed9: 3 C\u00e1nh<br \/>\nS\u1ed1 WN: WN150-055<br \/>\nK\u00edch th\u01b0\u1edbc chu\u1ea9n : 92-44-4 mm<br \/>\nV\u1eadt li\u1ec7u c\u00e1nh qu\u1ea1t: Nh\u1ef1a \/ plastic<br \/>\nModel: Becker U 40S ab \u201eB\u201c\/Becker U 3.40<\/p>\n<p><span id=\"input_part_0\" class=\"\" data-mention=\"DT 4.10\">\u00a0<\/span><\/p>\n","protected":false},"featured_media":7805,"comment_status":"open","ping_status":"closed","template":"","meta":{"_acf_changed":false},"product_brand":[],"product_cat":[701],"product_tag":[1772,1771,1774,1773],"class_list":{"0":"post-7906","1":"product","2":"type-product","3":"status-publish","4":"has-post-thumbnail","6":"product_cat-canh-vanes-becker","7":"product_tag-1772","8":"product_tag-92-44-4-mm","9":"product_tag-becker-u-3-40","10":"product_tag-wn150-055","12":"first","13":"instock","14":"shipping-taxable","15":"product-type-external"},"acf":[],"_links":{"self":[{"href":"https:\/\/mpvane.com\/en\/wp-json\/wp\/v2\/product\/7906","targetHints":{"allow":["GET"]}}],"collection":[{"href":"https:\/\/mpvane.com\/en\/wp-json\/wp\/v2\/product"}],"about":[{"href":"https:\/\/mpvane.com\/en\/wp-json\/wp\/v2\/types\/product"}],"replies":[{"embeddable":true,"href":"https:\/\/mpvane.com\/en\/wp-json\/wp\/v2\/comments?post=7906"}],"version-history":[{"count":4,"href":"https:\/\/mpvane.com\/en\/wp-json\/wp\/v2\/product\/7906\/revisions"}],"predecessor-version":[{"id":7910,"href":"https:\/\/mpvane.com\/en\/wp-json\/wp\/v2\/product\/7906\/revisions\/7910"}],"wp:featuredmedia":[{"embeddable":true,"href":"https:\/\/mpvane.com\/en\/wp-json\/wp\/v2\/media\/7805"}],"wp:attachment":[{"href":"https:\/\/mpvane.com\/en\/wp-json\/wp\/v2\/media?parent=7906"}],"wp:term":[{"taxonomy":"product_brand","embeddable":true,"href":"https:\/\/mpvane.com\/en\/wp-json\/wp\/v2\/product_brand?post=7906"},{"taxonomy":"product_cat","embeddable":true,"href":"https:\/\/mpvane.com\/en\/wp-json\/wp\/v2\/product_cat?post=7906"},{"taxonomy":"product_tag","embeddable":true,"href":"https:\/\/mpvane.com\/en\/wp-json\/wp\/v2\/product_tag?post=7906"}],"curies":[{"name":"wp","href":"https:\/\/api.w.org\/{rel}","templated":true}]}}