{"id":7896,"date":"2025-05-21T16:17:13","date_gmt":"2025-05-21T09:17:13","guid":{"rendered":"https:\/\/mpvane.com\/?post_type=product&#038;p=7896"},"modified":"2025-05-21T16:22:54","modified_gmt":"2025-05-21T09:22:54","slug":"bo-5-canh-quat-dvb-18-90055000005wn150-108","status":"publish","type":"product","link":"https:\/\/mpvane.com\/en\/san-pham\/bo-5-canh-quat-dvb-18-90055000005wn150-108\/","title":{"rendered":"B\u1ed9 5 c\u00e1nh qu\u1ea1t DVB 18 90055000005|WN150-108"},"content":{"rendered":"<div id=\"ez-toc-container\" class=\"ez-toc-v2_0_75 counter-hierarchy ez-toc-counter ez-toc-grey ez-toc-container-direction\">\n<div class=\"ez-toc-title-container\">\n<p class=\"ez-toc-title\" style=\"cursor:inherit\">Table of Contents<\/p>\n<span class=\"ez-toc-title-toggle\"><a href=\"#\" class=\"ez-toc-pull-right ez-toc-btn ez-toc-btn-xs ez-toc-btn-default ez-toc-toggle\" aria-label=\"Toggle Table of Content\"><span class=\"ez-toc-js-icon-con\"><span class=\"\"><span class=\"eztoc-hide\" style=\"display:none;\">Toggle<\/span><span class=\"ez-toc-icon-toggle-span\"><svg style=\"fill: #999;color:#999\" xmlns=\"http:\/\/www.w3.org\/2000\/svg\" class=\"list-377408\" width=\"20px\" height=\"20px\" viewBox=\"0 0 24 24\" fill=\"none\"><path d=\"M6 6H4v2h2V6zm14 0H8v2h12V6zM4 11h2v2H4v-2zm16 0H8v2h12v-2zM4 16h2v2H4v-2zm16 0H8v2h12v-2z\" fill=\"currentColor\"><\/path><\/svg><svg style=\"fill: #999;color:#999\" class=\"arrow-unsorted-368013\" xmlns=\"http:\/\/www.w3.org\/2000\/svg\" width=\"10px\" height=\"10px\" viewBox=\"0 0 24 24\" version=\"1.2\" baseProfile=\"tiny\"><path d=\"M18.2 9.3l-6.2-6.3-6.2 6.3c-.2.2-.3.4-.3.7s.1.5.3.7c.2.2.4.3.7.3h11c.3 0 .5-.1.7-.3.2-.2.3-.5.3-.7s-.1-.5-.3-.7zM5.8 14.7l6.2 6.3 6.2-6.3c.2-.2.3-.5.3-.7s-.1-.5-.3-.7c-.2-.2-.4-.3-.7-.3h-11c-.3 0-.5.1-.7.3-.2.2-.3.5-.3.7s.1.5.3.7z\"\/><\/svg><\/span><\/span><\/span><\/a><\/span><\/div>\n<nav><ul class='ez-toc-list ez-toc-list-level-1 ' ><li class='ez-toc-page-1 ez-toc-heading-level-3'><a class=\"ez-toc-link ez-toc-heading-1\" href=\"https:\/\/mpvane.com\/en\/san-pham\/bo-5-canh-quat-dvb-18-90055000005wn150-108\/#Thong_so_ky_thuat\" >Th\u00f4ng s\u1ed1 k\u1ef9 thu\u1eadt:<\/a><\/li><li class='ez-toc-page-1 ez-toc-heading-level-3'><a class=\"ez-toc-link ez-toc-heading-2\" href=\"https:\/\/mpvane.com\/en\/san-pham\/bo-5-canh-quat-dvb-18-90055000005wn150-108\/#Cong_dung\" >C\u00f4ng d\u1ee5ng:<\/a><\/li><li class='ez-toc-page-1 ez-toc-heading-level-3'><a class=\"ez-toc-link ez-toc-heading-3\" href=\"https:\/\/mpvane.com\/en\/san-pham\/bo-5-canh-quat-dvb-18-90055000005wn150-108\/#Luu_y\" >L\u01b0u \u00fd:<\/a><\/li><li class='ez-toc-page-1 ez-toc-heading-level-3'><a class=\"ez-toc-link ez-toc-heading-4\" href=\"https:\/\/mpvane.com\/en\/san-pham\/bo-5-canh-quat-dvb-18-90055000005wn150-108\/#Lien_he_dat_hang_hoac_tu_van\" >Li\u00ean h\u1ec7 \u0111\u1eb7t h\u00e0ng ho\u1eb7c t\u01b0 v\u1ea5n:<\/a><\/li><\/ul><\/nav><\/div>\n\t\t<div data-elementor-type=\"wp-post\" data-elementor-id=\"7896\" class=\"elementor elementor-7896\">\n\t\t\t\t<div class=\"wd-negative-gap elementor-element elementor-element-3282dd29 e-flex e-con-boxed e-con e-parent\" data-id=\"3282dd29\" data-element_type=\"container\">\n\t\t\t\t\t<div class=\"e-con-inner\">\n\t\t\t\t<div class=\"elementor-element elementor-element-11df337a color-scheme-inherit text-left elementor-widget elementor-widget-text-editor\" data-id=\"11df337a\" data-element_type=\"widget\" data-widget_type=\"text-editor.default\">\n\t\t\t\t<div class=\"elementor-widget-container\">\n\t\t\t\t\t\t\t<div class=\"content--title\"><div class=\"content--title\"><div class=\"_9663006 _03bad9a\"><div class=\"fbb737a4\"><div class=\"_9663006 _03bad9a\"><div class=\"fbb737a4\"><div class=\"dad65929\"><div class=\"_4f9bf79 d7dc56a8 _43c05b5\"><div class=\"ds-markdown ds-markdown--block\"><p class=\"ds-markdown-paragraph\">B\u1ed9 c\u00e1nh qu\u1ea1t Becker Original\u00a0<strong>90055000005<\/strong>\u00a0(m\u00e3\u00a0<strong>WN150-108<\/strong>) l\u00e0 ph\u1ee5 t\u00f9ng d\u00f9ng cho m\u00e1y b\u01a1m ch\u00e2n kh\u00f4ng\u00a0<strong>Becker VB 18<\/strong>\u00a0(d\u00f2ng m\u00e1y c\u0169 c\u00f3 th\u1ec3 \u0111\u00e3 ng\u1eebng s\u1ea3n xu\u1ea5t). D\u01b0\u1edbi \u0111\u00e2y l\u00e0 th\u00f4ng tin chi ti\u1ebft v\u00e0 h\u01b0\u1edbng d\u1eabn li\u00ean h\u1ec7 n\u1ebfu b\u1ea1n c\u1ea7n mua ho\u1eb7c t\u01b0 v\u1ea5n:<\/p><h3><span class=\"ez-toc-section\" id=\"Thong_so_ky_thuat\"><\/span><strong>Th\u00f4ng s\u1ed1 k\u1ef9 thu\u1eadt:<\/strong><span class=\"ez-toc-section-end\"><\/span><\/h3><ul><li><p class=\"ds-markdown-paragraph\"><strong>S\u1ed1 l\u01b0\u1ee3ng c\u00e1nh qu\u1ea1t trong b\u1ed9:<\/strong>\u00a05 c\u00e1nh<\/p><\/li><li><p class=\"ds-markdown-paragraph\"><strong>Ch\u1ea5t li\u1ec7u:<\/strong>\u00a0Th\u00e9p (ch\u1ed1ng m\u00e0i m\u00f2n t\u1ed1t, d\u00f9ng trong h\u1ec7 th\u1ed1ng b\u00f4i tr\u01a1n b\u1eb1ng d\u1ea7u)<\/p><\/li><li><p class=\"ds-markdown-paragraph\"><strong>K\u00edch th\u01b0\u1edbc:<\/strong><\/p><ul><li><p class=\"ds-markdown-paragraph\">Chi\u1ec1u d\u00e0i:\u00a0<strong>63 mm<\/strong><\/p><\/li><li><p class=\"ds-markdown-paragraph\">Chi\u1ec1u r\u1ed9ng\/cao:\u00a0<strong>30 mm<\/strong><\/p><\/li><li><p class=\"ds-markdown-paragraph\">\u0110\u1ed9 d\u00e0y:\u00a0<strong>4 mm<\/strong><\/p><\/li><\/ul><\/li><\/ul><h3><span class=\"ez-toc-section\" id=\"Cong_dung\"><\/span><strong>C\u00f4ng d\u1ee5ng:<\/strong><span class=\"ez-toc-section-end\"><\/span><\/h3><ul><li><p class=\"ds-markdown-paragraph\">D\u00f9ng \u0111\u1ec3 thay th\u1ebf khi s\u1eeda ch\u1eefa c\u00e1c m\u00e1y b\u01a1m ch\u00e2n kh\u00f4ng\u00a0<strong>Becker VB 18<\/strong>\u00a0ho\u1eb7c c\u00e1c thi\u1ebft b\u1ecb t\u01b0\u01a1ng t\u1ef1.<\/p><\/li><li><p class=\"ds-markdown-paragraph\">Ph\u00f9 h\u1ee3p cho h\u1ec7 th\u1ed1ng b\u01a1m d\u1ea7u c\u0169, \u0111\u00f2i h\u1ecfi \u0111\u1ed9 b\u1ec1n cao.<\/p><\/li><\/ul><h3><span class=\"ez-toc-section\" id=\"Luu_y\"><\/span><strong>L\u01b0u \u00fd:<\/strong><span class=\"ez-toc-section-end\"><\/span><\/h3><ul><li><p class=\"ds-markdown-paragraph\">\u0110\u00e2y l\u00e0 d\u00f2ng ph\u1ee5 t\u00f9ng cho m\u00e1y c\u0169, n\u00ean ki\u1ec3m tra t\u01b0\u01a1ng th\u00edch tr\u01b0\u1edbc khi \u0111\u1eb7t mua.<\/p><\/li><li><p class=\"ds-markdown-paragraph\">N\u1ebfu m\u00e1y b\u01a1m c\u1ee7a b\u1ea1n l\u00e0 model kh\u00e1c, vui l\u00f2ng cung c\u1ea5p th\u00f4ng tin \u0111\u1ec3 \u0111\u01b0\u1ee3c t\u01b0 v\u1ea5n ph\u00f9 h\u1ee3p.<\/p><\/li><\/ul><h3><span class=\"ez-toc-section\" id=\"Lien_he_dat_hang_hoac_tu_van\"><\/span><strong>Li\u00ean h\u1ec7 \u0111\u1eb7t h\u00e0ng ho\u1eb7c t\u01b0 v\u1ea5n:<\/strong><span class=\"ez-toc-section-end\"><\/span><\/h3><ul><li><p class=\"ds-markdown-paragraph\"><strong>C\u00d4NG TY TNHH K\u1ef8 THU\u1eacT V\u00c0 D\u1ecaCH V\u1ee4 MINH PH\u00da<\/strong><\/p><ul><li><p class=\"ds-markdown-paragraph\"><strong>Hotline:<\/strong>\u00a00985 459 559<\/p><\/li><li><p class=\"ds-markdown-paragraph\"><strong>Email:<\/strong>\u00a0<a href=\"https:\/\/mailto:Sales@minhphuco.vn\/\" target=\"_blank\" rel=\"noopener noreferrer\">Sales@minhphuco.vn<\/a><\/p><\/li><li><p class=\"ds-markdown-paragraph\"><strong>Zalo:<\/strong>\u00a00985 490 343 \/ 0985 843 778<\/p><\/li><\/ul><\/li><\/ul><p class=\"ds-markdown-paragraph\">B\u1ea1n c\u00f3 th\u1ec3 g\u1ecdi \u0111i\u1ec7n ho\u1eb7c nh\u1eafn tin qua Zalo \u0111\u1ec3 \u0111\u01b0\u1ee3c h\u1ed7 tr\u1ee3 nhanh v\u1ec1 gi\u00e1 c\u1ea3, t\u00ecnh tr\u1ea1ng h\u00e0ng v\u00e0 c\u00e1ch \u0111\u1eb7t mua. N\u1ebfu c\u1ea7n t\u00ecm ph\u1ee5 t\u00f9ng thay th\u1ebf t\u01b0\u01a1ng \u0111\u01b0\u01a1ng, h\u00e3y th\u00f4ng b\u00e1o r\u00f5 model m\u00e1y \u0111\u1ec3 b\u00ean cung c\u1ea5p ki\u1ec3m tra.<\/p><p class=\"ds-markdown-paragraph\"><em>L\u01b0u \u00fd: N\u1ebfu s\u1ea3n ph\u1ea9m n\u00e0y kh\u00f4ng c\u00f2n h\u00e0ng, c\u00f4ng ty c\u00f3 th\u1ec3 t\u01b0 v\u1ea5n gi\u1ea3i ph\u00e1p thay th\u1ebf ph\u00f9 h\u1ee3p.<\/em><\/p><\/div><\/div><\/div><\/div><\/div><\/div><\/div><\/div><\/div>\t\t\t\t\t\t<\/div>\n\t\t\t\t<\/div>\n\t\t\t\t\t<\/div>\n\t\t\t\t<\/div>\n\t\t\t\t<\/div>\n\t\t","protected":false},"excerpt":{"rendered":"<p>S\u1ed1 l\u01b0\u1ee3ng c\u00e1nh qu\u1ea1t\/b\u1ed9: 5 C\u00e1nh<br \/>\nS\u1ed1 WN: WN150-108<br \/>\nK\u00edch th\u01b0\u1edbc chu\u1ea9n : 63-30-4 mm<br \/>\nV\u1eadt li\u1ec7u c\u00e1nh qu\u1ea1t: Nh\u1ef1a \/ plastic<br \/>\nModel: Becker DVB 18<br \/>\n<span id=\"input_part_0\" class=\"\" data-mention=\"DT 4.10\"><br \/>\n<\/span><\/p>\n","protected":false},"featured_media":7805,"comment_status":"open","ping_status":"closed","template":"","meta":{"_acf_changed":false},"product_brand":[],"product_cat":[701],"product_tag":[1763,1765,1766,1764],"class_list":{"0":"post-7896","1":"product","2":"type-product","3":"status-publish","4":"has-post-thumbnail","6":"product_cat-canh-vanes-becker","7":"product_tag-63-30-4-mm","8":"product_tag-1765","9":"product_tag-becker-vb-18","10":"product_tag-wn150-108","12":"first","13":"instock","14":"shipping-taxable","15":"product-type-external"},"acf":[],"_links":{"self":[{"href":"https:\/\/mpvane.com\/en\/wp-json\/wp\/v2\/product\/7896","targetHints":{"allow":["GET"]}}],"collection":[{"href":"https:\/\/mpvane.com\/en\/wp-json\/wp\/v2\/product"}],"about":[{"href":"https:\/\/mpvane.com\/en\/wp-json\/wp\/v2\/types\/product"}],"replies":[{"embeddable":true,"href":"https:\/\/mpvane.com\/en\/wp-json\/wp\/v2\/comments?post=7896"}],"version-history":[{"count":4,"href":"https:\/\/mpvane.com\/en\/wp-json\/wp\/v2\/product\/7896\/revisions"}],"predecessor-version":[{"id":7900,"href":"https:\/\/mpvane.com\/en\/wp-json\/wp\/v2\/product\/7896\/revisions\/7900"}],"wp:featuredmedia":[{"embeddable":true,"href":"https:\/\/mpvane.com\/en\/wp-json\/wp\/v2\/media\/7805"}],"wp:attachment":[{"href":"https:\/\/mpvane.com\/en\/wp-json\/wp\/v2\/media?parent=7896"}],"wp:term":[{"taxonomy":"product_brand","embeddable":true,"href":"https:\/\/mpvane.com\/en\/wp-json\/wp\/v2\/product_brand?post=7896"},{"taxonomy":"product_cat","embeddable":true,"href":"https:\/\/mpvane.com\/en\/wp-json\/wp\/v2\/product_cat?post=7896"},{"taxonomy":"product_tag","embeddable":true,"href":"https:\/\/mpvane.com\/en\/wp-json\/wp\/v2\/product_tag?post=7896"}],"curies":[{"name":"wp","href":"https:\/\/api.w.org\/{rel}","templated":true}]}}