{"id":7886,"date":"2025-05-21T16:07:55","date_gmt":"2025-05-21T09:07:55","guid":{"rendered":"https:\/\/mpvane.com\/?post_type=product&#038;p=7886"},"modified":"2025-05-21T16:11:23","modified_gmt":"2025-05-21T09:11:23","slug":"bo-5-canh-quat-dp-98-90050800005wn150-087","status":"publish","type":"product","link":"https:\/\/mpvane.com\/en\/san-pham\/bo-5-canh-quat-dp-98-90050800005wn150-087\/","title":{"rendered":"B\u1ed9 5 c\u00e1nh qu\u1ea1t DP 98 90050800005|WN150-087"},"content":{"rendered":"<div id=\"ez-toc-container\" class=\"ez-toc-v2_0_75 counter-hierarchy ez-toc-counter ez-toc-grey ez-toc-container-direction\">\n<div class=\"ez-toc-title-container\">\n<p class=\"ez-toc-title\" style=\"cursor:inherit\">Table of Contents<\/p>\n<span class=\"ez-toc-title-toggle\"><a href=\"#\" class=\"ez-toc-pull-right ez-toc-btn ez-toc-btn-xs ez-toc-btn-default ez-toc-toggle\" aria-label=\"Toggle Table of Content\"><span class=\"ez-toc-js-icon-con\"><span class=\"\"><span class=\"eztoc-hide\" style=\"display:none;\">Toggle<\/span><span class=\"ez-toc-icon-toggle-span\"><svg style=\"fill: #999;color:#999\" xmlns=\"http:\/\/www.w3.org\/2000\/svg\" class=\"list-377408\" width=\"20px\" height=\"20px\" viewBox=\"0 0 24 24\" fill=\"none\"><path d=\"M6 6H4v2h2V6zm14 0H8v2h12V6zM4 11h2v2H4v-2zm16 0H8v2h12v-2zM4 16h2v2H4v-2zm16 0H8v2h12v-2z\" fill=\"currentColor\"><\/path><\/svg><svg style=\"fill: #999;color:#999\" class=\"arrow-unsorted-368013\" xmlns=\"http:\/\/www.w3.org\/2000\/svg\" width=\"10px\" height=\"10px\" viewBox=\"0 0 24 24\" version=\"1.2\" baseProfile=\"tiny\"><path d=\"M18.2 9.3l-6.2-6.3-6.2 6.3c-.2.2-.3.4-.3.7s.1.5.3.7c.2.2.4.3.7.3h11c.3 0 .5-.1.7-.3.2-.2.3-.5.3-.7s-.1-.5-.3-.7zM5.8 14.7l6.2 6.3 6.2-6.3c.2-.2.3-.5.3-.7s-.1-.5-.3-.7c-.2-.2-.4-.3-.7-.3h-11c-.3 0-.5.1-.7.3-.2.2-.3.5-.3.7s.1.5.3.7z\"\/><\/svg><\/span><\/span><\/span><\/a><\/span><\/div>\n<nav><ul class='ez-toc-list ez-toc-list-level-1 ' ><li class='ez-toc-page-1 ez-toc-heading-level-3'><a class=\"ez-toc-link ez-toc-heading-1\" href=\"https:\/\/mpvane.com\/en\/san-pham\/bo-5-canh-quat-dp-98-90050800005wn150-087\/#Thong_so_ky_thuat\" >Th\u00f4ng s\u1ed1 k\u1ef9 thu\u1eadt:<\/a><\/li><li class='ez-toc-page-1 ez-toc-heading-level-3'><a class=\"ez-toc-link ez-toc-heading-2\" href=\"https:\/\/mpvane.com\/en\/san-pham\/bo-5-canh-quat-dp-98-90050800005wn150-087\/#Ung_dung\" >\u1ee8ng d\u1ee5ng:<\/a><\/li><li class='ez-toc-page-1 ez-toc-heading-level-3'><a class=\"ez-toc-link ez-toc-heading-3\" href=\"https:\/\/mpvane.com\/en\/san-pham\/bo-5-canh-quat-dp-98-90050800005wn150-087\/#Luu_y\" >L\u01b0u \u00fd:<\/a><\/li><li class='ez-toc-page-1 ez-toc-heading-level-3'><a class=\"ez-toc-link ez-toc-heading-4\" href=\"https:\/\/mpvane.com\/en\/san-pham\/bo-5-canh-quat-dp-98-90050800005wn150-087\/#Goi_y_khi_dat_hang\" >G\u1ee3i \u00fd khi \u0111\u1eb7t h\u00e0ng:<\/a><\/li><\/ul><\/nav><\/div>\n\t\t<div data-elementor-type=\"wp-post\" data-elementor-id=\"7886\" class=\"elementor elementor-7886\">\n\t\t\t\t<div class=\"wd-negative-gap elementor-element elementor-element-3282dd29 e-flex e-con-boxed e-con e-parent\" data-id=\"3282dd29\" data-element_type=\"container\">\n\t\t\t\t\t<div class=\"e-con-inner\">\n\t\t\t\t<div class=\"elementor-element elementor-element-11df337a color-scheme-inherit text-left elementor-widget elementor-widget-text-editor\" data-id=\"11df337a\" data-element_type=\"widget\" data-widget_type=\"text-editor.default\">\n\t\t\t\t<div class=\"elementor-widget-container\">\n\t\t\t\t\t\t\t<div class=\"content--title\"><div class=\"content--title\"><div class=\"_9663006 _03bad9a\"><div class=\"fbb737a4\"><div class=\"_9663006 _03bad9a\"><div class=\"fbb737a4\"><div class=\"dad65929\"><div class=\"_4f9bf79 d7dc56a8 _43c05b5\"><div class=\"ds-markdown ds-markdown--block\"><p class=\"ds-markdown-paragraph\">Th\u00f4ng tin b\u1ea1n cung c\u1ea5p v\u1ec1\u00a0<strong>B\u1ed9 5 c\u00e1nh qu\u1ea1t DP 98 (Becker Original 90050800005 | WN150-087)<\/strong>\u00a0r\u1ea5t chi ti\u1ebft. D\u01b0\u1edbi \u0111\u00e2y l\u00e0 t\u00f3m t\u1eaft v\u00e0 m\u1ed9t s\u1ed1 l\u01b0u \u00fd quan tr\u1ecdng:<\/p><h3><span class=\"ez-toc-section\" id=\"Thong_so_ky_thuat\"><\/span><strong>Th\u00f4ng s\u1ed1 k\u1ef9 thu\u1eadt:<\/strong><span class=\"ez-toc-section-end\"><\/span><\/h3><ul><li><p class=\"ds-markdown-paragraph\"><strong>M\u00e3 s\u1ea3n ph\u1ea9m:<\/strong><\/p><ul><li><p class=\"ds-markdown-paragraph\">Becker Original:\u00a0<strong>90050800005<\/strong><\/p><\/li><li><p class=\"ds-markdown-paragraph\">M\u00e3 kh\u00e1c (n\u1ebfu c\u00f3):\u00a0<strong>WN150-087<\/strong><\/p><\/li><\/ul><\/li><li><p class=\"ds-markdown-paragraph\"><strong>K\u00edch th\u01b0\u1edbc:<\/strong><\/p><ul><li><p class=\"ds-markdown-paragraph\">Chi\u1ec1u d\u00e0i:\u00a0<strong>209 mm<\/strong><\/p><\/li><li><p class=\"ds-markdown-paragraph\">Chi\u1ec1u r\u1ed9ng\/cao:\u00a0<strong>41 mm<\/strong><\/p><\/li><li><p class=\"ds-markdown-paragraph\">\u0110\u1ed9 d\u00e0y:\u00a0<strong>4 mm<\/strong><\/p><\/li><\/ul><\/li><li><p class=\"ds-markdown-paragraph\"><strong>S\u1ed1 l\u01b0\u1ee3ng:<\/strong>\u00a05 c\u00e1nh qu\u1ea1t\/b\u1ed9<\/p><\/li><li><p class=\"ds-markdown-paragraph\"><strong>Ch\u1ea5t li\u1ec7u:<\/strong>\u00a0Th\u00e9p (ch\u1ed1ng m\u00e0i m\u00f2n t\u1ed1t)<\/p><\/li><\/ul><h3><span class=\"ez-toc-section\" id=\"Ung_dung\"><\/span><strong>\u1ee8ng d\u1ee5ng:<\/strong><span class=\"ez-toc-section-end\"><\/span><\/h3><ul><li><p class=\"ds-markdown-paragraph\">D\u00f9ng cho\u00a0<strong>m\u00e1y b\u01a1m ch\u00e2n kh\u00f4ng Becker DP 98<\/strong>\u00a0(d\u00f2ng c\u0169, c\u00f3 th\u1ec3 \u0111\u00e3 ng\u1eebng s\u1ea3n xu\u1ea5t).<\/p><\/li><li><p class=\"ds-markdown-paragraph\">Thi\u1ebft k\u1ebf cho\u00a0<strong>thi\u1ebft b\u1ecb b\u00f4i tr\u01a1n b\u1eb1ng d\u1ea7u<\/strong>, ph\u00f9 h\u1ee3p \u0111\u1ec3 thay th\u1ebf khi s\u1eeda ch\u1eefa.<\/p><\/li><\/ul><h3><span class=\"ez-toc-section\" id=\"Luu_y\"><\/span><strong>L\u01b0u \u00fd:<\/strong><span class=\"ez-toc-section-end\"><\/span><\/h3><ol start=\"1\"><li><p class=\"ds-markdown-paragraph\"><strong>T\u01b0\u01a1ng th\u00edch:<\/strong><\/p><ul><li><p class=\"ds-markdown-paragraph\">Ki\u1ec3m tra k\u1ef9 model m\u00e1y b\u01a1m (<strong>DP 98<\/strong>) \u0111\u1ec3 \u0111\u1ea3m b\u1ea3o ph\u00f9 h\u1ee3p.<\/p><\/li><li><p class=\"ds-markdown-paragraph\">N\u1ebfu m\u00e1y \u0111\u00e3 ng\u1eebng s\u1ea3n xu\u1ea5t, c\u1ea7n x\u00e1c \u0111\u1ecbnh kh\u1ea3 n\u0103ng thay th\u1ebf linh ki\u1ec7n t\u01b0\u01a1ng \u0111\u01b0\u01a1ng.<\/p><\/li><\/ul><\/li><li><p class=\"ds-markdown-paragraph\"><strong>Ch\u1ea5t l\u01b0\u1ee3ng:<\/strong><\/p><ul><li><p class=\"ds-markdown-paragraph\">\u0110\u00e2y l\u00e0 c\u00e1nh qu\u1ea1t\u00a0<strong>Becker Original<\/strong>\u00a0(ch\u00ednh h\u00e3ng), \u0111\u1ea3m b\u1ea3o \u0111\u1ed9 b\u1ec1n v\u00e0 hi\u1ec7u su\u1ea5t.<\/p><\/li><\/ul><\/li><li><p class=\"ds-markdown-paragraph\"><strong>Mua h\u00e0ng:<\/strong><\/p><ul><li><p class=\"ds-markdown-paragraph\">Li\u00ean h\u1ec7 tr\u1ef1c ti\u1ebfp\u00a0<strong>C\u00d4NG TY TNHH K\u1ef8 THU\u1eacT V\u00c0 D\u1ecaCH V\u1ee4 MINH PH\u00da<\/strong>\u00a0qua:<\/p><ul><li><p class=\"ds-markdown-paragraph\">Hotline:\u00a0<strong>0985 459 559<\/strong><\/p><\/li><li><p class=\"ds-markdown-paragraph\">Email:\u00a0<strong><a href=\"https:\/\/mailto:Sales@minhphuco.vn\/\" target=\"_blank\" rel=\"noopener noreferrer\">Sales@minhphuco.vn<\/a><\/strong><\/p><\/li><li><p class=\"ds-markdown-paragraph\">Zalo:\u00a0<strong>0985 490 343<\/strong>\u00a0ho\u1eb7c\u00a0<strong>0985 843 778<\/strong><\/p><\/li><\/ul><\/li><\/ul><\/li><\/ol><h3><span class=\"ez-toc-section\" id=\"Goi_y_khi_dat_hang\"><\/span><strong>G\u1ee3i \u00fd khi \u0111\u1eb7t h\u00e0ng:<\/strong><span class=\"ez-toc-section-end\"><\/span><\/h3><ul><li><p class=\"ds-markdown-paragraph\">Cung c\u1ea5p \u0111\u1ea7y \u0111\u1ee7 th\u00f4ng tin m\u00e1y (model, serial number n\u1ebfu c\u00f3).<\/p><\/li><li><p class=\"ds-markdown-paragraph\">H\u1ecfi v\u1ec1 ch\u00ednh s\u00e1ch b\u1ea3o h\u00e0nh, th\u1eddi gian giao h\u00e0ng.<\/p><\/li><li><p class=\"ds-markdown-paragraph\">N\u1ebfu c\u1ea7n g\u1ea5p, n\u00ean \u0111\u1eb7t tr\u01b0\u1edbc v\u00ec \u0111\u00e2y l\u00e0 linh ki\u1ec7n cho d\u00f2ng m\u00e1y c\u0169.<\/p><\/li><\/ul><p class=\"ds-markdown-paragraph\">N\u1ebfu c\u1ea7n h\u1ed7 tr\u1ee3 th\u00eam, b\u1ea1n c\u00f3 th\u1ec3 nh\u1edd\u00a0<strong>Minh Ph\u00fa<\/strong>\u00a0t\u01b0 v\u1ea5n ho\u1eb7c ki\u1ec3m tra catalog k\u1ef9 thu\u1eadt c\u1ee7a Becker \u0111\u1ec3 x\u00e1c nh\u1eadn th\u00f4ng s\u1ed1.<\/p><\/div><\/div><\/div><\/div><\/div><\/div><\/div><\/div><\/div>\t\t\t\t\t\t<\/div>\n\t\t\t\t<\/div>\n\t\t\t\t\t<\/div>\n\t\t\t\t<\/div>\n\t\t\t\t<\/div>\n\t\t","protected":false},"excerpt":{"rendered":"<p>S\u1ed1 l\u01b0\u1ee3ng c\u00e1nh qu\u1ea1t\/b\u1ed9: 5 C\u00e1nh<br \/>\nS\u1ed1 WN: WN150-087<br \/>\nK\u00edch th\u01b0\u1edbc chu\u1ea9n : 209-41-4 mm<br \/>\nV\u1eadt li\u1ec7u c\u00e1nh qu\u1ea1t: Nh\u1ef1a \/ plastic<br \/>\nModel: Becker DP 98<br \/>\n<span id=\"input_part_0\" class=\"\" data-mention=\"DT 4.10\"><br \/>\n<\/span><\/p>\n","protected":false},"featured_media":7805,"comment_status":"open","ping_status":"closed","template":"","meta":{"_acf_changed":false},"product_brand":[],"product_cat":[701],"product_tag":[1753,1754,1756,1755],"class_list":{"0":"post-7886","1":"product","2":"type-product","3":"status-publish","4":"has-post-thumbnail","6":"product_cat-canh-vanes-becker","7":"product_tag-209-41-4-mm","8":"product_tag-1754","9":"product_tag-dp-98","10":"product_tag-wn150-087","12":"first","13":"instock","14":"shipping-taxable","15":"product-type-external"},"acf":[],"_links":{"self":[{"href":"https:\/\/mpvane.com\/en\/wp-json\/wp\/v2\/product\/7886","targetHints":{"allow":["GET"]}}],"collection":[{"href":"https:\/\/mpvane.com\/en\/wp-json\/wp\/v2\/product"}],"about":[{"href":"https:\/\/mpvane.com\/en\/wp-json\/wp\/v2\/types\/product"}],"replies":[{"embeddable":true,"href":"https:\/\/mpvane.com\/en\/wp-json\/wp\/v2\/comments?post=7886"}],"version-history":[{"count":4,"href":"https:\/\/mpvane.com\/en\/wp-json\/wp\/v2\/product\/7886\/revisions"}],"predecessor-version":[{"id":7890,"href":"https:\/\/mpvane.com\/en\/wp-json\/wp\/v2\/product\/7886\/revisions\/7890"}],"wp:featuredmedia":[{"embeddable":true,"href":"https:\/\/mpvane.com\/en\/wp-json\/wp\/v2\/media\/7805"}],"wp:attachment":[{"href":"https:\/\/mpvane.com\/en\/wp-json\/wp\/v2\/media?parent=7886"}],"wp:term":[{"taxonomy":"product_brand","embeddable":true,"href":"https:\/\/mpvane.com\/en\/wp-json\/wp\/v2\/product_brand?post=7886"},{"taxonomy":"product_cat","embeddable":true,"href":"https:\/\/mpvane.com\/en\/wp-json\/wp\/v2\/product_cat?post=7886"},{"taxonomy":"product_tag","embeddable":true,"href":"https:\/\/mpvane.com\/en\/wp-json\/wp\/v2\/product_tag?post=7886"}],"curies":[{"name":"wp","href":"https:\/\/api.w.org\/{rel}","templated":true}]}}