{"id":7875,"date":"2025-05-21T15:53:42","date_gmt":"2025-05-21T08:53:42","guid":{"rendered":"https:\/\/mpvane.com\/?post_type=product&#038;p=7875"},"modified":"2025-05-21T15:59:06","modified_gmt":"2025-05-21T08:59:06","slug":"bo-4-canh-quat-dkw-6-90058600004wn150-165","status":"publish","type":"product","link":"https:\/\/mpvane.com\/en\/san-pham\/bo-4-canh-quat-dkw-6-90058600004wn150-165\/","title":{"rendered":"B\u1ed9 4 c\u00e1nh qu\u1ea1t DKW 6 90058600004|WN150-165"},"content":{"rendered":"<div id=\"ez-toc-container\" class=\"ez-toc-v2_0_75 counter-hierarchy ez-toc-counter ez-toc-grey ez-toc-container-direction\">\n<div class=\"ez-toc-title-container\">\n<p class=\"ez-toc-title\" style=\"cursor:inherit\">Table of Contents<\/p>\n<span class=\"ez-toc-title-toggle\"><a href=\"#\" class=\"ez-toc-pull-right ez-toc-btn ez-toc-btn-xs ez-toc-btn-default ez-toc-toggle\" aria-label=\"Toggle Table of Content\"><span class=\"ez-toc-js-icon-con\"><span class=\"\"><span class=\"eztoc-hide\" style=\"display:none;\">Toggle<\/span><span class=\"ez-toc-icon-toggle-span\"><svg style=\"fill: #999;color:#999\" xmlns=\"http:\/\/www.w3.org\/2000\/svg\" class=\"list-377408\" width=\"20px\" height=\"20px\" viewBox=\"0 0 24 24\" fill=\"none\"><path d=\"M6 6H4v2h2V6zm14 0H8v2h12V6zM4 11h2v2H4v-2zm16 0H8v2h12v-2zM4 16h2v2H4v-2zm16 0H8v2h12v-2z\" fill=\"currentColor\"><\/path><\/svg><svg style=\"fill: #999;color:#999\" class=\"arrow-unsorted-368013\" xmlns=\"http:\/\/www.w3.org\/2000\/svg\" width=\"10px\" height=\"10px\" viewBox=\"0 0 24 24\" version=\"1.2\" baseProfile=\"tiny\"><path d=\"M18.2 9.3l-6.2-6.3-6.2 6.3c-.2.2-.3.4-.3.7s.1.5.3.7c.2.2.4.3.7.3h11c.3 0 .5-.1.7-.3.2-.2.3-.5.3-.7s-.1-.5-.3-.7zM5.8 14.7l6.2 6.3 6.2-6.3c.2-.2.3-.5.3-.7s-.1-.5-.3-.7c-.2-.2-.4-.3-.7-.3h-11c-.3 0-.5.1-.7.3-.2.2-.3.5-.3.7s.1.5.3.7z\"\/><\/svg><\/span><\/span><\/span><\/a><\/span><\/div>\n<nav><ul class='ez-toc-list ez-toc-list-level-1 ' ><li class='ez-toc-page-1 ez-toc-heading-level-3'><a class=\"ez-toc-link ez-toc-heading-1\" href=\"https:\/\/mpvane.com\/en\/san-pham\/bo-4-canh-quat-dkw-6-90058600004wn150-165\/#Thong_so_ky_thuat\" >Th\u00f4ng s\u1ed1 k\u1ef9 thu\u1eadt<\/a><\/li><li class='ez-toc-page-1 ez-toc-heading-level-3'><a class=\"ez-toc-link ez-toc-heading-2\" href=\"https:\/\/mpvane.com\/en\/san-pham\/bo-4-canh-quat-dkw-6-90058600004wn150-165\/#Ung_dung\" >\u1ee8ng d\u1ee5ng<\/a><\/li><li class='ez-toc-page-1 ez-toc-heading-level-3'><a class=\"ez-toc-link ez-toc-heading-3\" href=\"https:\/\/mpvane.com\/en\/san-pham\/bo-4-canh-quat-dkw-6-90058600004wn150-165\/#Luu_y\" >L\u01b0u \u00fd<\/a><\/li><li class='ez-toc-page-1 ez-toc-heading-level-3'><a class=\"ez-toc-link ez-toc-heading-4\" href=\"https:\/\/mpvane.com\/en\/san-pham\/bo-4-canh-quat-dkw-6-90058600004wn150-165\/#Lien_he_dat_hang\" >Li\u00ean h\u1ec7 \u0111\u1eb7t h\u00e0ng<\/a><\/li><\/ul><\/nav><\/div>\n\t\t<div data-elementor-type=\"wp-post\" data-elementor-id=\"7875\" class=\"elementor elementor-7875\">\n\t\t\t\t<div class=\"wd-negative-gap elementor-element elementor-element-3282dd29 e-flex e-con-boxed e-con e-parent\" data-id=\"3282dd29\" data-element_type=\"container\">\n\t\t\t\t\t<div class=\"e-con-inner\">\n\t\t\t\t<div class=\"elementor-element elementor-element-11df337a color-scheme-inherit text-left elementor-widget elementor-widget-text-editor\" data-id=\"11df337a\" data-element_type=\"widget\" data-widget_type=\"text-editor.default\">\n\t\t\t\t<div class=\"elementor-widget-container\">\n\t\t\t\t\t\t\t<div class=\"content--title\"><div class=\"content--title\"><div class=\"_9663006 _03bad9a\"><div class=\"fbb737a4\"><div class=\"_9663006 _03bad9a\"><div class=\"fbb737a4\"><div class=\"dad65929\"><div class=\"_4f9bf79 d7dc56a8 _43c05b5\"><div class=\"ds-markdown ds-markdown--block\"><p class=\"ds-markdown-paragraph\">Th\u00f4ng tin chi ti\u1ebft v\u1ec1\u00a0<strong>B\u1ed9 4 c\u00e1nh qu\u1ea1t DKW 6 Becker Original (M\u00e3: 90058600004, WN150-165)<\/strong>\u00a0nh\u01b0 sau:<\/p><h3><span class=\"ez-toc-section\" id=\"Thong_so_ky_thuat\"><\/span><strong>Th\u00f4ng s\u1ed1 k\u1ef9 thu\u1eadt<\/strong><span class=\"ez-toc-section-end\"><\/span><\/h3><ul><li><p class=\"ds-markdown-paragraph\"><strong>M\u00e3 s\u1ea3n ph\u1ea9m:<\/strong>\u00a090058600004 (Becker), t\u01b0\u01a1ng \u0111\u01b0\u01a1ng DKW 6<\/p><\/li><li><p class=\"ds-markdown-paragraph\"><strong>K\u00edch th\u01b0\u1edbc:<\/strong><\/p><ul><li><p class=\"ds-markdown-paragraph\">Chi\u1ec1u d\u00e0i:\u00a0<strong>440 mm<\/strong><\/p><\/li><li><p class=\"ds-markdown-paragraph\">Chi\u1ec1u r\u1ed9ng\/cao:\u00a0<strong>87 mm<\/strong><\/p><\/li><li><p class=\"ds-markdown-paragraph\">\u0110\u1ed9 d\u00e0y:\u00a0<strong>8 mm<\/strong><\/p><\/li><\/ul><\/li><li><p class=\"ds-markdown-paragraph\"><strong>S\u1ed1 l\u01b0\u1ee3ng:<\/strong>\u00a04 c\u00e1nh qu\u1ea1t\/b\u1ed9<\/p><\/li><li><p class=\"ds-markdown-paragraph\"><strong>Ch\u1ea5t li\u1ec7u:<\/strong>\u00a0Th\u00e9p (\u0111\u1ed9 b\u1ec1n cao, \u00edt m\u00e0i m\u00f2n)<\/p><\/li><\/ul><h3><span class=\"ez-toc-section\" id=\"Ung_dung\"><\/span><strong>\u1ee8ng d\u1ee5ng<\/strong><span class=\"ez-toc-section-end\"><\/span><\/h3><ul><li><p class=\"ds-markdown-paragraph\">D\u00f9ng cho\u00a0<strong>m\u00e1y b\u01a1m ch\u00e2n kh\u00f4ng\/b\u01a1m d\u1ea7u Becker DKW 6<\/strong>\u00a0(\u0111\u1eddi c\u0169, c\u00f3 th\u1ec3 \u0111\u00e3 ng\u1eebng s\u1ea3n xu\u1ea5t).<\/p><\/li><li><p class=\"ds-markdown-paragraph\">Ph\u00f9 h\u1ee3p cho\u00a0<strong>thi\u1ebft b\u1ecb b\u00f4i tr\u01a1n b\u1eb1ng d\u1ea7u<\/strong>\u00a0c\u00f4ng nghi\u1ec7p.<\/p><\/li><li><p class=\"ds-markdown-paragraph\">Thay th\u1ebf khi b\u1ea3o tr\u00ec, s\u1eeda ch\u1eefa h\u1ec7 th\u1ed1ng.<\/p><\/li><\/ul><h3><span class=\"ez-toc-section\" id=\"Luu_y\"><\/span><strong>L\u01b0u \u00fd<\/strong><span class=\"ez-toc-section-end\"><\/span><\/h3><ul><li><p class=\"ds-markdown-paragraph\">S\u1ea3n ph\u1ea9m thu\u1ed9c d\u00f2ng\u00a0<strong>Original Becker<\/strong>, \u0111\u1ea3m b\u1ea3o t\u01b0\u01a1ng th\u00edch v\u1edbi m\u00e1y b\u01a1m c\u0169.<\/p><\/li><li><p class=\"ds-markdown-paragraph\">Ki\u1ec3m tra model m\u00e1y (DKW 6) tr\u01b0\u1edbc khi \u0111\u1eb7t mua.<\/p><\/li><\/ul><h3><span class=\"ez-toc-section\" id=\"Lien_he_dat_hang\"><\/span><strong>Li\u00ean h\u1ec7 \u0111\u1eb7t h\u00e0ng<\/strong><span class=\"ez-toc-section-end\"><\/span><\/h3><ul><li><p class=\"ds-markdown-paragraph\"><strong>C\u00f4ng ty TNHH K\u1ef9 Thu\u1eadt &amp; D\u1ecbch V\u1ee5 Minh Ph\u00fa<\/strong><\/p><ul><li><p class=\"ds-markdown-paragraph\">Hotline:\u00a0<strong>0985 459 559<\/strong><\/p><\/li><li><p class=\"ds-markdown-paragraph\">Email:\u00a0<strong><a href=\"https:\/\/mailto:Sales@minhphuco.vn\/\" target=\"_blank\" rel=\"noopener noreferrer\">Sales@minhphuco.vn<\/a><\/strong><\/p><\/li><li><p class=\"ds-markdown-paragraph\">Zalo:\u00a0<strong>0985 490 343<\/strong>\u00a0ho\u1eb7c\u00a0<strong>0985 843 778<\/strong><\/p><\/li><\/ul><\/li><\/ul><p class=\"ds-markdown-paragraph\">N\u1ebfu c\u1ea7n h\u1ed7 tr\u1ee3 th\u00eam (b\u00e1o gi\u00e1, t\u00ecnh tr\u1ea1ng h\u00e0ng, h\u01b0\u1edbng d\u1eabn l\u1eafp \u0111\u1eb7t), b\u1ea1n c\u00f3 th\u1ec3 li\u00ean h\u1ec7 tr\u1ef1c ti\u1ebfp v\u1edbi Minh Ph\u00fa qua c\u00e1c k\u00eanh tr\u00ean.<\/p><p class=\"ds-markdown-paragraph\">B\u1ea1n \u0111ang c\u1ea7n mua s\u1ea3n ph\u1ea9m n\u00e0y hay c\u1ea7n t\u01b0 v\u1ea5n k\u1ef9 thu\u1eadt? \ud83d\ude0a<\/p><\/div><\/div><\/div><\/div><\/div><\/div><\/div><\/div><\/div>\t\t\t\t\t\t<\/div>\n\t\t\t\t<\/div>\n\t\t\t\t\t<\/div>\n\t\t\t\t<\/div>\n\t\t\t\t<\/div>\n\t\t","protected":false},"excerpt":{"rendered":"<p>S\u1ed1 l\u01b0\u1ee3ng c\u00e1nh qu\u1ea1t\/b\u1ed9: 4 C\u00e1nh<br \/>\nS\u1ed1 WN: WN150-165<br \/>\nK\u00edch th\u01b0\u1edbc chu\u1ea9n : 440-87-8 mm<br \/>\nV\u1eadt li\u1ec7u c\u00e1nh qu\u1ea1t: Nh\u1ef1a \/ plastic<br \/>\nModel: Becker DKW 6<br \/>\n<span id=\"input_part_0\" class=\"\" data-mention=\"DT 4.10\"><br \/>\n<\/span><\/p>\n","protected":false},"featured_media":7805,"comment_status":"open","ping_status":"closed","template":"","meta":{"_acf_changed":false},"product_brand":[],"product_cat":[701],"product_tag":[1745,1746,1748,1747],"class_list":{"0":"post-7875","1":"product","2":"type-product","3":"status-publish","4":"has-post-thumbnail","6":"product_cat-canh-vanes-becker","7":"product_tag-440-87-8-mm","8":"product_tag-1746","9":"product_tag-dkw-6","10":"product_tag-wn150-165","12":"first","13":"instock","14":"shipping-taxable","15":"product-type-external"},"acf":[],"_links":{"self":[{"href":"https:\/\/mpvane.com\/en\/wp-json\/wp\/v2\/product\/7875","targetHints":{"allow":["GET"]}}],"collection":[{"href":"https:\/\/mpvane.com\/en\/wp-json\/wp\/v2\/product"}],"about":[{"href":"https:\/\/mpvane.com\/en\/wp-json\/wp\/v2\/types\/product"}],"replies":[{"embeddable":true,"href":"https:\/\/mpvane.com\/en\/wp-json\/wp\/v2\/comments?post=7875"}],"version-history":[{"count":4,"href":"https:\/\/mpvane.com\/en\/wp-json\/wp\/v2\/product\/7875\/revisions"}],"predecessor-version":[{"id":7880,"href":"https:\/\/mpvane.com\/en\/wp-json\/wp\/v2\/product\/7875\/revisions\/7880"}],"wp:featuredmedia":[{"embeddable":true,"href":"https:\/\/mpvane.com\/en\/wp-json\/wp\/v2\/media\/7805"}],"wp:attachment":[{"href":"https:\/\/mpvane.com\/en\/wp-json\/wp\/v2\/media?parent=7875"}],"wp:term":[{"taxonomy":"product_brand","embeddable":true,"href":"https:\/\/mpvane.com\/en\/wp-json\/wp\/v2\/product_brand?post=7875"},{"taxonomy":"product_cat","embeddable":true,"href":"https:\/\/mpvane.com\/en\/wp-json\/wp\/v2\/product_cat?post=7875"},{"taxonomy":"product_tag","embeddable":true,"href":"https:\/\/mpvane.com\/en\/wp-json\/wp\/v2\/product_tag?post=7875"}],"curies":[{"name":"wp","href":"https:\/\/api.w.org\/{rel}","templated":true}]}}