{"id":7843,"date":"2025-05-21T14:58:48","date_gmt":"2025-05-21T07:58:48","guid":{"rendered":"https:\/\/mpvane.com\/?post_type=product&#038;p=7843"},"modified":"2025-05-21T15:08:52","modified_gmt":"2025-05-21T08:08:52","slug":"bo-8-canh-quat-thep-v2f-90121500000wn185-012","status":"publish","type":"product","link":"https:\/\/mpvane.com\/en\/san-pham\/bo-8-canh-quat-thep-v2f-90121500000wn185-012\/","title":{"rendered":"B\u1ed9 8 c\u00e1nh qu\u1ea1t th\u00e9p V2F 90121500000|WN185-012"},"content":{"rendered":"<div id=\"ez-toc-container\" class=\"ez-toc-v2_0_75 counter-hierarchy ez-toc-counter ez-toc-grey ez-toc-container-direction\">\n<div class=\"ez-toc-title-container\">\n<p class=\"ez-toc-title\" style=\"cursor:inherit\">Table of Contents<\/p>\n<span class=\"ez-toc-title-toggle\"><a href=\"#\" class=\"ez-toc-pull-right ez-toc-btn ez-toc-btn-xs ez-toc-btn-default ez-toc-toggle\" aria-label=\"Toggle Table of Content\"><span class=\"ez-toc-js-icon-con\"><span class=\"\"><span class=\"eztoc-hide\" style=\"display:none;\">Toggle<\/span><span class=\"ez-toc-icon-toggle-span\"><svg style=\"fill: #999;color:#999\" xmlns=\"http:\/\/www.w3.org\/2000\/svg\" class=\"list-377408\" width=\"20px\" height=\"20px\" viewBox=\"0 0 24 24\" fill=\"none\"><path d=\"M6 6H4v2h2V6zm14 0H8v2h12V6zM4 11h2v2H4v-2zm16 0H8v2h12v-2zM4 16h2v2H4v-2zm16 0H8v2h12v-2z\" fill=\"currentColor\"><\/path><\/svg><svg style=\"fill: #999;color:#999\" class=\"arrow-unsorted-368013\" xmlns=\"http:\/\/www.w3.org\/2000\/svg\" width=\"10px\" height=\"10px\" viewBox=\"0 0 24 24\" version=\"1.2\" baseProfile=\"tiny\"><path d=\"M18.2 9.3l-6.2-6.3-6.2 6.3c-.2.2-.3.4-.3.7s.1.5.3.7c.2.2.4.3.7.3h11c.3 0 .5-.1.7-.3.2-.2.3-.5.3-.7s-.1-.5-.3-.7zM5.8 14.7l6.2 6.3 6.2-6.3c.2-.2.3-.5.3-.7s-.1-.5-.3-.7c-.2-.2-.4-.3-.7-.3h-11c-.3 0-.5.1-.7.3-.2.2-.3.5-.3.7s.1.5.3.7z\"\/><\/svg><\/span><\/span><\/span><\/a><\/span><\/div>\n<nav><ul class='ez-toc-list ez-toc-list-level-1 ' ><li class='ez-toc-page-1 ez-toc-heading-level-3'><a class=\"ez-toc-link ez-toc-heading-1\" href=\"https:\/\/mpvane.com\/en\/san-pham\/bo-8-canh-quat-thep-v2f-90121500000wn185-012\/#Thong_so_ky_thuat\" >Th\u00f4ng s\u1ed1 k\u1ef9 thu\u1eadt:<\/a><\/li><li class='ez-toc-page-1 ez-toc-heading-level-3'><a class=\"ez-toc-link ez-toc-heading-2\" href=\"https:\/\/mpvane.com\/en\/san-pham\/bo-8-canh-quat-thep-v2f-90121500000wn185-012\/#Cong_dung\" >C\u00f4ng d\u1ee5ng:<\/a><\/li><li class='ez-toc-page-1 ez-toc-heading-level-3'><a class=\"ez-toc-link ez-toc-heading-3\" href=\"https:\/\/mpvane.com\/en\/san-pham\/bo-8-canh-quat-thep-v2f-90121500000wn185-012\/#Lien_he_dat_hang\" >Li\u00ean h\u1ec7 \u0111\u1eb7t h\u00e0ng:<\/a><\/li><\/ul><\/nav><\/div>\n\t\t<div data-elementor-type=\"wp-post\" data-elementor-id=\"7843\" class=\"elementor elementor-7843\">\n\t\t\t\t<div class=\"wd-negative-gap elementor-element elementor-element-3282dd29 e-flex e-con-boxed e-con e-parent\" data-id=\"3282dd29\" data-element_type=\"container\">\n\t\t\t\t\t<div class=\"e-con-inner\">\n\t\t\t\t<div class=\"elementor-element elementor-element-11df337a color-scheme-inherit text-left elementor-widget elementor-widget-text-editor\" data-id=\"11df337a\" data-element_type=\"widget\" data-widget_type=\"text-editor.default\">\n\t\t\t\t<div class=\"elementor-widget-container\">\n\t\t\t\t\t\t\t<div class=\"content--title\"><div class=\"content--title\"><div class=\"_9663006 _03bad9a\"><div class=\"fbb737a4\"><div class=\"_9663006 _03bad9a\"><div class=\"fbb737a4\"><p class=\"ds-markdown-paragraph\">Th\u00f4ng tin chi ti\u1ebft v\u1ec1\u00a0<strong>B\u1ed9 8 c\u00e1nh qu\u1ea1t th\u00e9p Becker Original (M\u00e3: 90121500000 \/ WN185-012)<\/strong>\u00a0d\u00e0nh cho m\u00e1y b\u01a1m\u00a0<strong>Becker V2F<\/strong>\u00a0nh\u01b0 sau:<\/p><h3><span class=\"ez-toc-section\" id=\"Thong_so_ky_thuat\"><\/span><strong>Th\u00f4ng s\u1ed1 k\u1ef9 thu\u1eadt:<\/strong><span class=\"ez-toc-section-end\"><\/span><\/h3><ul><li><p class=\"ds-markdown-paragraph\"><strong>Ch\u1ea5t li\u1ec7u:<\/strong>\u00a0Th\u00e9p<\/p><\/li><li><p class=\"ds-markdown-paragraph\"><strong>S\u1ed1 l\u01b0\u1ee3ng c\u00e1nh trong b\u1ed9:<\/strong>\u00a08<\/p><\/li><li><p class=\"ds-markdown-paragraph\"><strong>T\u01b0\u01a1ng th\u00edch:<\/strong>\u00a0M\u00e1y b\u01a1m\u00a0<strong>Becker V2F<\/strong><\/p><\/li><li><p class=\"ds-markdown-paragraph\"><strong>K\u00edch th\u01b0\u1edbc:<\/strong>\u00a0Hi\u1ec7n ch\u01b0a c\u00f3 th\u00f4ng tin chi ti\u1ebft (00 mm \u00d7 00 mm \u00d7 00 mm)<\/p><\/li><\/ul><h3><span class=\"ez-toc-section\" id=\"Cong_dung\"><\/span><strong>C\u00f4ng d\u1ee5ng:<\/strong><span class=\"ez-toc-section-end\"><\/span><\/h3><ul><li><p class=\"ds-markdown-paragraph\">D\u00f9ng cho\u00a0<strong>thi\u1ebft b\u1ecb b\u00f4i tr\u01a1n b\u1eb1ng d\u1ea7u c\u0169<\/strong>, \u00edt b\u1ecb m\u00e0i m\u00f2n.<\/p><\/li><li><p class=\"ds-markdown-paragraph\">Th\u01b0\u1eddng \u0111\u01b0\u1ee3c thay th\u1ebf khi b\u1ea3o d\u01b0\u1ee1ng\/s\u1eeda ch\u1eefa m\u00e1y b\u01a1m.<\/p><\/li><\/ul><h3><span class=\"ez-toc-section\" id=\"Lien_he_dat_hang\"><\/span><strong>Li\u00ean h\u1ec7 \u0111\u1eb7t h\u00e0ng:<\/strong><span class=\"ez-toc-section-end\"><\/span><\/h3><ul><li><p class=\"ds-markdown-paragraph\"><strong>C\u00f4ng ty TNHH K\u1ef9 Thu\u1eadt v\u00e0 D\u1ecbch V\u1ee5 Minh Ph\u00fa<\/strong><\/p><\/li><li><p class=\"ds-markdown-paragraph\"><strong>Hotline:<\/strong>\u00a00985 459 559<\/p><\/li><li><p class=\"ds-markdown-paragraph\"><strong>Email:<\/strong>\u00a0<a href=\"https:\/\/mailto:Sales@minhphuco.vn\/\" target=\"_blank\" rel=\"noopener noreferrer\">Sales@minhphuco.vn<\/a><\/p><\/li><li><p class=\"ds-markdown-paragraph\"><strong>Zalo:<\/strong>\u00a00985 490 343 \/ 0985 843 778<\/p><\/li><\/ul><p class=\"ds-markdown-paragraph\">B\u1ea1n c\u1ea7n h\u1ed7 tr\u1ee3 th\u00eam th\u00f4ng tin ho\u1eb7c \u0111\u1eb7t mua s\u1ea3n ph\u1ea9m? C\u00f3 th\u1ec3 li\u00ean h\u1ec7 tr\u1ef1c ti\u1ebfp v\u1edbi Minh Ph\u00fa \u0111\u1ec3 \u0111\u01b0\u1ee3c t\u01b0 v\u1ea5n chi ti\u1ebft v\u1ec1 k\u00edch th\u01b0\u1edbc, gi\u00e1 c\u1ea3 v\u00e0 t\u00ecnh tr\u1ea1ng h\u00e0ng.<\/p><p class=\"ds-markdown-paragraph\">\ud83d\udd39\u00a0<strong>L\u01b0u \u00fd:<\/strong>\u00a0N\u1ebfu c\u1ea7n thay th\u1ebf, n\u00ean ki\u1ec3m tra model m\u00e1y b\u01a1m \u0111\u1ec3 \u0111\u1ea3m b\u1ea3o t\u01b0\u01a1ng th\u00edch ch\u00ednh x\u00e1c.<\/p><\/div><\/div><\/div><\/div><\/div><\/div>\t\t\t\t\t\t<\/div>\n\t\t\t\t<\/div>\n\t\t\t\t\t<\/div>\n\t\t\t\t<\/div>\n\t\t\t\t<\/div>\n\t\t","protected":false},"excerpt":{"rendered":"<p>S\u1ed1 l\u01b0\u1ee3ng c\u00e1nh qu\u1ea1t\/b\u1ed9: 8 C\u00e1nh<br \/>\nS\u1ed1 WN: WN185-012<br \/>\nK\u00edch th\u01b0\u1edbc chu\u1ea9n : 00-00-00 mm<br \/>\nV\u1eadt li\u1ec7u c\u00e1nh qu\u1ea1t: Th\u00e9p\/ Steel<br \/>\nModel: Becker V2F<br \/>\n<span id=\"input_part_0\" class=\"\" data-mention=\"DT 4.10\"><br \/>\n<\/span><\/p>\n","protected":false},"featured_media":7835,"comment_status":"open","ping_status":"closed","template":"","meta":{"_acf_changed":false},"product_brand":[],"product_cat":[701],"product_tag":[1725,1726,1724],"class_list":{"0":"post-7843","1":"product","2":"type-product","3":"status-publish","4":"has-post-thumbnail","6":"product_cat-canh-vanes-becker","7":"product_tag-1725","8":"product_tag-v2f","9":"product_tag-wn185-012","11":"first","12":"instock","13":"shipping-taxable","14":"product-type-external"},"acf":[],"_links":{"self":[{"href":"https:\/\/mpvane.com\/en\/wp-json\/wp\/v2\/product\/7843","targetHints":{"allow":["GET"]}}],"collection":[{"href":"https:\/\/mpvane.com\/en\/wp-json\/wp\/v2\/product"}],"about":[{"href":"https:\/\/mpvane.com\/en\/wp-json\/wp\/v2\/types\/product"}],"replies":[{"embeddable":true,"href":"https:\/\/mpvane.com\/en\/wp-json\/wp\/v2\/comments?post=7843"}],"version-history":[{"count":8,"href":"https:\/\/mpvane.com\/en\/wp-json\/wp\/v2\/product\/7843\/revisions"}],"predecessor-version":[{"id":7852,"href":"https:\/\/mpvane.com\/en\/wp-json\/wp\/v2\/product\/7843\/revisions\/7852"}],"wp:featuredmedia":[{"embeddable":true,"href":"https:\/\/mpvane.com\/en\/wp-json\/wp\/v2\/media\/7835"}],"wp:attachment":[{"href":"https:\/\/mpvane.com\/en\/wp-json\/wp\/v2\/media?parent=7843"}],"wp:term":[{"taxonomy":"product_brand","embeddable":true,"href":"https:\/\/mpvane.com\/en\/wp-json\/wp\/v2\/product_brand?post=7843"},{"taxonomy":"product_cat","embeddable":true,"href":"https:\/\/mpvane.com\/en\/wp-json\/wp\/v2\/product_cat?post=7843"},{"taxonomy":"product_tag","embeddable":true,"href":"https:\/\/mpvane.com\/en\/wp-json\/wp\/v2\/product_tag?post=7843"}],"curies":[{"name":"wp","href":"https:\/\/api.w.org\/{rel}","templated":true}]}}