{"id":7784,"date":"2025-05-07T22:52:44","date_gmt":"2025-05-07T15:52:44","guid":{"rendered":"https:\/\/mpvane.com\/?post_type=product&#038;p=7784"},"modified":"2025-05-07T22:59:41","modified_gmt":"2025-05-07T15:59:41","slug":"bo-3-canh-nhua-u5-71-90050300003wn150-074","status":"publish","type":"product","link":"https:\/\/mpvane.com\/en\/san-pham\/bo-3-canh-nhua-u5-71-90050300003wn150-074\/","title":{"rendered":"B\u1ed9 3 c\u00e1nh nh\u1ef1a U5.71 90050300003|WN150-074"},"content":{"rendered":"<div id=\"ez-toc-container\" class=\"ez-toc-v2_0_75 counter-hierarchy ez-toc-counter ez-toc-grey ez-toc-container-direction\">\n<div class=\"ez-toc-title-container\">\n<p class=\"ez-toc-title\" style=\"cursor:inherit\">Table of Contents<\/p>\n<span class=\"ez-toc-title-toggle\"><a href=\"#\" class=\"ez-toc-pull-right ez-toc-btn ez-toc-btn-xs ez-toc-btn-default ez-toc-toggle\" aria-label=\"Toggle Table of Content\"><span class=\"ez-toc-js-icon-con\"><span class=\"\"><span class=\"eztoc-hide\" style=\"display:none;\">Toggle<\/span><span class=\"ez-toc-icon-toggle-span\"><svg style=\"fill: #999;color:#999\" xmlns=\"http:\/\/www.w3.org\/2000\/svg\" class=\"list-377408\" width=\"20px\" height=\"20px\" viewBox=\"0 0 24 24\" fill=\"none\"><path d=\"M6 6H4v2h2V6zm14 0H8v2h12V6zM4 11h2v2H4v-2zm16 0H8v2h12v-2zM4 16h2v2H4v-2zm16 0H8v2h12v-2z\" fill=\"currentColor\"><\/path><\/svg><svg style=\"fill: #999;color:#999\" class=\"arrow-unsorted-368013\" xmlns=\"http:\/\/www.w3.org\/2000\/svg\" width=\"10px\" height=\"10px\" viewBox=\"0 0 24 24\" version=\"1.2\" baseProfile=\"tiny\"><path d=\"M18.2 9.3l-6.2-6.3-6.2 6.3c-.2.2-.3.4-.3.7s.1.5.3.7c.2.2.4.3.7.3h11c.3 0 .5-.1.7-.3.2-.2.3-.5.3-.7s-.1-.5-.3-.7zM5.8 14.7l6.2 6.3 6.2-6.3c.2-.2.3-.5.3-.7s-.1-.5-.3-.7c-.2-.2-.4-.3-.7-.3h-11c-.3 0-.5.1-.7.3-.2.2-.3.5-.3.7s.1.5.3.7z\"\/><\/svg><\/span><\/span><\/span><\/a><\/span><\/div>\n<nav><ul class='ez-toc-list ez-toc-list-level-1 ' ><li class='ez-toc-page-1 ez-toc-heading-level-3'><a class=\"ez-toc-link ez-toc-heading-1\" href=\"https:\/\/mpvane.com\/en\/san-pham\/bo-3-canh-nhua-u5-71-90050300003wn150-074\/#Thong_so_ky_thuat\" >Th\u00f4ng s\u1ed1 k\u1ef9 thu\u1eadt:<\/a><\/li><li class='ez-toc-page-1 ez-toc-heading-level-3'><a class=\"ez-toc-link ez-toc-heading-2\" href=\"https:\/\/mpvane.com\/en\/san-pham\/bo-3-canh-nhua-u5-71-90050300003wn150-074\/#Ung_dung\" >\u1ee8ng d\u1ee5ng:<\/a><\/li><li class='ez-toc-page-1 ez-toc-heading-level-3'><a class=\"ez-toc-link ez-toc-heading-3\" href=\"https:\/\/mpvane.com\/en\/san-pham\/bo-3-canh-nhua-u5-71-90050300003wn150-074\/#Luu_y_quan_trong\" >L\u01b0u \u00fd quan tr\u1ecdng:<\/a><\/li><li class='ez-toc-page-1 ez-toc-heading-level-3'><a class=\"ez-toc-link ez-toc-heading-4\" href=\"https:\/\/mpvane.com\/en\/san-pham\/bo-3-canh-nhua-u5-71-90050300003wn150-074\/#Lien_he_dat_hang\" >Li\u00ean h\u1ec7 \u0111\u1eb7t h\u00e0ng:<\/a><\/li><\/ul><\/nav><\/div>\n\t\t<div data-elementor-type=\"wp-post\" data-elementor-id=\"7784\" class=\"elementor elementor-7784\">\n\t\t\t\t<div class=\"wd-negative-gap elementor-element elementor-element-3282dd29 e-flex e-con-boxed e-con e-parent\" data-id=\"3282dd29\" data-element_type=\"container\">\n\t\t\t\t\t<div class=\"e-con-inner\">\n\t\t\t\t<div class=\"elementor-element elementor-element-11df337a color-scheme-inherit text-left elementor-widget elementor-widget-text-editor\" data-id=\"11df337a\" data-element_type=\"widget\" data-widget_type=\"text-editor.default\">\n\t\t\t\t<div class=\"elementor-widget-container\">\n\t\t\t\t\t\t\t<div class=\"content--title\"><div class=\"content--title\"><div class=\"_9663006 _03bad9a\"><div class=\"fbb737a4\"><div class=\"_9663006 _03bad9a\"><div class=\"fbb737a4\"><p class=\"ds-markdown-paragraph\">Th\u00f4ng tin chi ti\u1ebft v\u1ec1\u00a0<strong>B\u1ed9 3 c\u00e1nh nh\u1ef1a U5.71 (M\u00e3: 90050300003 | WN150-074)<\/strong>\u00a0c\u1ee7a Becker:<\/p><h3><span class=\"ez-toc-section\" id=\"Thong_so_ky_thuat\"><\/span><strong>Th\u00f4ng s\u1ed1 k\u1ef9 thu\u1eadt:<\/strong><span class=\"ez-toc-section-end\"><\/span><\/h3><ul><li><p class=\"ds-markdown-paragraph\"><strong>M\u00e3 s\u1ea3n ph\u1ea9m:<\/strong><\/p><ul><li><p class=\"ds-markdown-paragraph\">Becker Original:\u00a0<strong>90050300003<\/strong><\/p><\/li><li><p class=\"ds-markdown-paragraph\">M\u00e3 tham chi\u1ebfu:\u00a0<strong>WN150-074<\/strong><\/p><\/li><\/ul><\/li><li><p class=\"ds-markdown-paragraph\"><strong>Ch\u1ea5t li\u1ec7u:<\/strong>\u00a0Nh\u1ef1a chuy\u00ean d\u1ee5ng (b\u1ec1n, \u00edt m\u00e0i m\u00f2n)<\/p><\/li><li><p class=\"ds-markdown-paragraph\"><strong>S\u1ed1 l\u01b0\u1ee3ng c\u00e1nh:<\/strong>\u00a03 c\u00e1nh\/qu\u1ea1t<\/p><\/li><li><p class=\"ds-markdown-paragraph\"><strong>K\u00edch th\u01b0\u1edbc:<\/strong><\/p><ul><li><p class=\"ds-markdown-paragraph\">Chi\u1ec1u d\u00e0i: 00 mm<\/p><\/li><li><p class=\"ds-markdown-paragraph\">Chi\u1ec1u r\u1ed9ng\/cao: 00 mm<\/p><\/li><li><p class=\"ds-markdown-paragraph\">\u0110\u1ed9 d\u00e0y: 00 mm<br \/><em>(L\u01b0u \u00fd: K\u00edch th\u01b0\u1edbc c\u1ee5 th\u1ec3 c\u1ea7n ki\u1ec3m tra th\u00eam t\u1eeb nh\u00e0 s\u1ea3n xu\u1ea5t ho\u1eb7c b\u1ea3n v\u1ebd k\u1ef9 thu\u1eadt)<\/em><\/p><\/li><\/ul><\/li><\/ul><h3><span class=\"ez-toc-section\" id=\"Ung_dung\"><\/span><strong>\u1ee8ng d\u1ee5ng:<\/strong><span class=\"ez-toc-section-end\"><\/span><\/h3><ul><li><p class=\"ds-markdown-paragraph\">D\u00f9ng cho\u00a0<strong>m\u00e1y b\u01a1m ch\u00e2n kh\u00f4ng<\/strong>\u00a0v\u00e0\u00a0<strong>m\u00e1y n\u00e9n b\u00f4i tr\u01a1n b\u1eb1ng d\u1ea7u<\/strong>\u00a0d\u00f2ng\u00a0<strong>Becker U5.71<\/strong>.<\/p><\/li><li><p class=\"ds-markdown-paragraph\">Ph\u00f9 h\u1ee3p thay th\u1ebf khi c\u00e1nh qu\u1ea1t b\u1ecb m\u00f2n, h\u01b0 h\u1ecfng ho\u1eb7c c\u1ea7n b\u1ea3o d\u01b0\u1ee1ng \u0111\u1ecbnh k\u1ef3.<\/p><\/li><\/ul><h3><span class=\"ez-toc-section\" id=\"Luu_y_quan_trong\"><\/span><strong>L\u01b0u \u00fd quan tr\u1ecdng:<\/strong><span class=\"ez-toc-section-end\"><\/span><\/h3><ul><li><p class=\"ds-markdown-paragraph\">C\u00e1nh qu\u1ea1t c\u1ea7n \u0111\u01b0\u1ee3c ki\u1ec3m tra th\u01b0\u1eddng xuy\u00ean \u0111\u1ec3 \u0111\u1ea3m b\u1ea3o hi\u1ec7u su\u1ea5t m\u00e1y.<\/p><\/li><li><p class=\"ds-markdown-paragraph\">Ch\u1ec9 s\u1eed d\u1ee5ng ph\u1ee5 t\u00f9ng ch\u00ednh h\u00e3ng Becker \u0111\u1ec3 tr\u00e1nh r\u1ee7i ro h\u01b0 h\u1ecfng m\u00e1y.<\/p><\/li><\/ul><h3><span class=\"ez-toc-section\" id=\"Lien_he_dat_hang\"><\/span><strong>Li\u00ean h\u1ec7 \u0111\u1eb7t h\u00e0ng:<\/strong><span class=\"ez-toc-section-end\"><\/span><\/h3><ul><li><p class=\"ds-markdown-paragraph\"><strong>C\u00d4NG TY TNHH K\u1ef8 THU\u1eacT V\u00c0 D\u1ecaCH V\u1ee4 MINH PH\u00da<\/strong><\/p><ul><li><p class=\"ds-markdown-paragraph\">\ud83d\udcde Hotline:\u00a0<strong>0985 459 559<\/strong><\/p><\/li><li><p class=\"ds-markdown-paragraph\">\u2709 Email:\u00a0<strong><a href=\"https:\/\/mailto:Sales@minhphuco.vn\/\" target=\"_blank\" rel=\"noopener noreferrer\">Sales@minhphuco.vn<\/a><\/strong><\/p><\/li><li><p class=\"ds-markdown-paragraph\">\ud83d\udcbb Zalo:\u00a0<strong>0985 490 343<\/strong>\u00a0ho\u1eb7c\u00a0<strong>0985 843 778<\/strong><\/p><\/li><\/ul><\/li><\/ul><p class=\"ds-markdown-paragraph\"><em>(B\u1ea1n n\u00ean li\u00ean h\u1ec7 tr\u1ef1c ti\u1ebfp \u0111\u1ec3 \u0111\u01b0\u1ee3c t\u01b0 v\u1ea5n v\u1ec1 gi\u00e1, t\u00ecnh tr\u1ea1ng h\u00e0ng v\u00e0 b\u1ea3o h\u00e0nh. N\u1ebfu c\u1ea7n h\u1ed7 tr\u1ee3 k\u1ef9 thu\u1eadt, h\u00e3y cung c\u1ea5p th\u00eam model m\u00e1y b\u01a1m c\u1ee5 th\u1ec3.)<\/em><\/p><p class=\"ds-markdown-paragraph\">B\u1ea1n c\u00f3 c\u1ea7n th\u00eam th\u00f4ng tin g\u00ec v\u1ec1 s\u1ea3n ph\u1ea9m ho\u1eb7c c\u00e1c ph\u1ee5 t\u00f9ng li\u00ean quan kh\u00f4ng? \ud83d\ude0a<\/p><\/div><\/div><\/div><\/div><\/div><\/div>\t\t\t\t\t\t<\/div>\n\t\t\t\t<\/div>\n\t\t\t\t\t<\/div>\n\t\t\t\t<\/div>\n\t\t\t\t<\/div>\n\t\t","protected":false},"excerpt":{"rendered":"<p>S\u1ed1 l\u01b0\u1ee3ng c\u00e1nh qu\u1ea1t\/b\u1ed9: 3 C\u00e1nh<br \/>\nS\u1ed1 WN: WN150-074<br \/>\nK\u00edch th\u01b0\u1edbc chu\u1ea9n : 00-00-00 mm<br \/>\nV\u1eadt li\u1ec7u c\u00e1nh qu\u1ea1t: Nh\u1ef1a \/ Plastic<br \/>\nModel: Becker U5.71<span id=\"input_part_0\" class=\"\" data-mention=\"DT 4.10\"><br \/>\n<\/span><\/p>\n","protected":false},"featured_media":7785,"comment_status":"open","ping_status":"closed","template":"","meta":{"_acf_changed":false},"product_brand":[],"product_cat":[701],"product_tag":[1471,1472],"class_list":{"0":"post-7784","1":"product","2":"type-product","3":"status-publish","4":"has-post-thumbnail","6":"product_cat-canh-vanes-becker","7":"product_tag-1471","8":"product_tag-wn150-074","10":"first","11":"instock","12":"shipping-taxable","13":"product-type-external"},"acf":[],"_links":{"self":[{"href":"https:\/\/mpvane.com\/en\/wp-json\/wp\/v2\/product\/7784","targetHints":{"allow":["GET"]}}],"collection":[{"href":"https:\/\/mpvane.com\/en\/wp-json\/wp\/v2\/product"}],"about":[{"href":"https:\/\/mpvane.com\/en\/wp-json\/wp\/v2\/types\/product"}],"replies":[{"embeddable":true,"href":"https:\/\/mpvane.com\/en\/wp-json\/wp\/v2\/comments?post=7784"}],"version-history":[{"count":4,"href":"https:\/\/mpvane.com\/en\/wp-json\/wp\/v2\/product\/7784\/revisions"}],"predecessor-version":[{"id":7790,"href":"https:\/\/mpvane.com\/en\/wp-json\/wp\/v2\/product\/7784\/revisions\/7790"}],"wp:featuredmedia":[{"embeddable":true,"href":"https:\/\/mpvane.com\/en\/wp-json\/wp\/v2\/media\/7785"}],"wp:attachment":[{"href":"https:\/\/mpvane.com\/en\/wp-json\/wp\/v2\/media?parent=7784"}],"wp:term":[{"taxonomy":"product_brand","embeddable":true,"href":"https:\/\/mpvane.com\/en\/wp-json\/wp\/v2\/product_brand?post=7784"},{"taxonomy":"product_cat","embeddable":true,"href":"https:\/\/mpvane.com\/en\/wp-json\/wp\/v2\/product_cat?post=7784"},{"taxonomy":"product_tag","embeddable":true,"href":"https:\/\/mpvane.com\/en\/wp-json\/wp\/v2\/product_tag?post=7784"}],"curies":[{"name":"wp","href":"https:\/\/api.w.org\/{rel}","templated":true}]}}