{"id":7726,"date":"2025-05-07T21:33:28","date_gmt":"2025-05-07T14:33:28","guid":{"rendered":"https:\/\/mpvane.com\/?post_type=product&#038;p=7726"},"modified":"2025-05-07T21:38:17","modified_gmt":"2025-05-07T14:38:17","slug":"bo-3-canh-nhua-u2-100-90051200003wn150-044","status":"publish","type":"product","link":"https:\/\/mpvane.com\/en\/san-pham\/bo-3-canh-nhua-u2-100-90051200003wn150-044\/","title":{"rendered":"B\u1ed9 3 c\u00e1nh nh\u1ef1a U2.100 90051200003|WN150-044"},"content":{"rendered":"<div id=\"ez-toc-container\" class=\"ez-toc-v2_0_75 counter-hierarchy ez-toc-counter ez-toc-grey ez-toc-container-direction\">\n<div class=\"ez-toc-title-container\">\n<p class=\"ez-toc-title\" style=\"cursor:inherit\">Table of Contents<\/p>\n<span class=\"ez-toc-title-toggle\"><a href=\"#\" class=\"ez-toc-pull-right ez-toc-btn ez-toc-btn-xs ez-toc-btn-default ez-toc-toggle\" aria-label=\"Toggle Table of Content\"><span class=\"ez-toc-js-icon-con\"><span class=\"\"><span class=\"eztoc-hide\" style=\"display:none;\">Toggle<\/span><span class=\"ez-toc-icon-toggle-span\"><svg style=\"fill: #999;color:#999\" xmlns=\"http:\/\/www.w3.org\/2000\/svg\" class=\"list-377408\" width=\"20px\" height=\"20px\" viewBox=\"0 0 24 24\" fill=\"none\"><path d=\"M6 6H4v2h2V6zm14 0H8v2h12V6zM4 11h2v2H4v-2zm16 0H8v2h12v-2zM4 16h2v2H4v-2zm16 0H8v2h12v-2z\" fill=\"currentColor\"><\/path><\/svg><svg style=\"fill: #999;color:#999\" class=\"arrow-unsorted-368013\" xmlns=\"http:\/\/www.w3.org\/2000\/svg\" width=\"10px\" height=\"10px\" viewBox=\"0 0 24 24\" version=\"1.2\" baseProfile=\"tiny\"><path d=\"M18.2 9.3l-6.2-6.3-6.2 6.3c-.2.2-.3.4-.3.7s.1.5.3.7c.2.2.4.3.7.3h11c.3 0 .5-.1.7-.3.2-.2.3-.5.3-.7s-.1-.5-.3-.7zM5.8 14.7l6.2 6.3 6.2-6.3c.2-.2.3-.5.3-.7s-.1-.5-.3-.7c-.2-.2-.4-.3-.7-.3h-11c-.3 0-.5.1-.7.3-.2.2-.3.5-.3.7s.1.5.3.7z\"\/><\/svg><\/span><\/span><\/span><\/a><\/span><\/div>\n<nav><ul class='ez-toc-list ez-toc-list-level-1 ' ><li class='ez-toc-page-1 ez-toc-heading-level-3'><a class=\"ez-toc-link ez-toc-heading-1\" href=\"https:\/\/mpvane.com\/en\/san-pham\/bo-3-canh-nhua-u2-100-90051200003wn150-044\/#Thong_so_ky_thuat\" >Th\u00f4ng s\u1ed1 k\u1ef9 thu\u1eadt:<\/a><\/li><li class='ez-toc-page-1 ez-toc-heading-level-3'><a class=\"ez-toc-link ez-toc-heading-2\" href=\"https:\/\/mpvane.com\/en\/san-pham\/bo-3-canh-nhua-u2-100-90051200003wn150-044\/#Tuong_thich_voi_cac_dong_may\" >T\u01b0\u01a1ng th\u00edch v\u1edbi c\u00e1c d\u00f2ng m\u00e1y:<\/a><\/li><li class='ez-toc-page-1 ez-toc-heading-level-3'><a class=\"ez-toc-link ez-toc-heading-3\" href=\"https:\/\/mpvane.com\/en\/san-pham\/bo-3-canh-nhua-u2-100-90051200003wn150-044\/#Cong_dung\" >C\u00f4ng d\u1ee5ng:<\/a><\/li><li class='ez-toc-page-1 ez-toc-heading-level-3'><a class=\"ez-toc-link ez-toc-heading-4\" href=\"https:\/\/mpvane.com\/en\/san-pham\/bo-3-canh-nhua-u2-100-90051200003wn150-044\/#Lien_he_dat_hang\" >Li\u00ean h\u1ec7 \u0111\u1eb7t h\u00e0ng:<\/a><\/li><\/ul><\/nav><\/div>\n\t\t<div data-elementor-type=\"wp-post\" data-elementor-id=\"7726\" class=\"elementor elementor-7726\">\n\t\t\t\t<div class=\"wd-negative-gap elementor-element elementor-element-3282dd29 e-flex e-con-boxed e-con e-parent\" data-id=\"3282dd29\" data-element_type=\"container\">\n\t\t\t\t\t<div class=\"e-con-inner\">\n\t\t\t\t<div class=\"elementor-element elementor-element-11df337a color-scheme-inherit text-left elementor-widget elementor-widget-text-editor\" data-id=\"11df337a\" data-element_type=\"widget\" data-widget_type=\"text-editor.default\">\n\t\t\t\t<div class=\"elementor-widget-container\">\n\t\t\t\t\t\t\t<div class=\"content--title\"><div class=\"content--title\"><p class=\"ds-markdown-paragraph\">B\u1ed9 3 c\u00e1nh nh\u1ef1a\u00a0<strong>Becker U2.100 (90051200003 | WN150-044)<\/strong>\u00a0l\u00e0 ph\u1ee5 t\u00f9ng ch\u00ednh h\u00e3ng d\u00e0nh cho d\u00f2ng m\u00e1y b\u01a1m ch\u00e2n kh\u00f4ng v\u00e0 m\u00e1y n\u00e9n kh\u00ed b\u00f4i tr\u01a1n b\u1eb1ng d\u1ea7u c\u1ee7a Becker. D\u01b0\u1edbi \u0111\u00e2y l\u00e0 th\u00f4ng tin chi ti\u1ebft v\u1ec1 s\u1ea3n ph\u1ea9m:<\/p><h3><span class=\"ez-toc-section\" id=\"Thong_so_ky_thuat\"><\/span><strong>Th\u00f4ng s\u1ed1 k\u1ef9 thu\u1eadt:<\/strong><span class=\"ez-toc-section-end\"><\/span><\/h3><ul><li><p class=\"ds-markdown-paragraph\"><strong>M\u00e3 s\u1ea3n ph\u1ea9m:<\/strong><\/p><ul><li><p class=\"ds-markdown-paragraph\">Becker:\u00a0<strong>WN150-044<\/strong><\/p><\/li><li><p class=\"ds-markdown-paragraph\">OEM:\u00a0<strong>90051200003<\/strong><\/p><\/li><\/ul><\/li><li><p class=\"ds-markdown-paragraph\"><strong>Ch\u1ea5t li\u1ec7u:<\/strong>\u00a0Nh\u1ef1a ch\u1ecbu l\u1ef1c, ch\u1ed1ng m\u00e0i m\u00f2n<\/p><\/li><li><p class=\"ds-markdown-paragraph\"><strong>K\u00edch th\u01b0\u1edbc:<\/strong><\/p><ul><li><p class=\"ds-markdown-paragraph\">Chi\u1ec1u d\u00e0i:\u00a0<strong>170 mm<\/strong><\/p><\/li><li><p class=\"ds-markdown-paragraph\">Chi\u1ec1u r\u1ed9ng\/cao:\u00a0<strong>51 mm<\/strong><\/p><\/li><li><p class=\"ds-markdown-paragraph\">\u0110\u1ed9 d\u00e0y:\u00a0<strong>4 mm<\/strong><\/p><\/li><\/ul><\/li><li><p class=\"ds-markdown-paragraph\"><strong>Bao g\u1ed3m:<\/strong>\u00a03 c\u00e1nh qu\u1ea1t<\/p><\/li><\/ul><h3><span class=\"ez-toc-section\" id=\"Tuong_thich_voi_cac_dong_may\"><\/span><strong>T\u01b0\u01a1ng th\u00edch v\u1edbi c\u00e1c d\u00f2ng m\u00e1y:<\/strong><span class=\"ez-toc-section-end\"><\/span><\/h3><p class=\"ds-markdown-paragraph\">B\u1ed9 c\u00e1nh qu\u1ea1t n\u00e0y ph\u00f9 h\u1ee3p v\u1edbi nhi\u1ec1u model thu\u1ed9c d\u00f2ng\u00a0<strong>Becker U 4.100<\/strong>, bao g\u1ed3m c\u00e1c bi\u1ebfn th\u1ec3:<\/p><ul><li><p class=\"ds-markdown-paragraph\"><strong>U 4.100<\/strong>\u00a0(Index D, E, F, G, H, I)<\/p><\/li><li><p class=\"ds-markdown-paragraph\"><strong>U 4.100 F<\/strong>\u00a0(Index E, F)<\/p><\/li><li><p class=\"ds-markdown-paragraph\"><strong>U 4.100 F\/K<\/strong>\u00a0(Index D, G, H, I)<\/p><\/li><li><p class=\"ds-markdown-paragraph\"><strong>U 4.100 F\/K-25<\/strong>\u00a0(Index D, E, F, H, I)<\/p><\/li><li><p class=\"ds-markdown-paragraph\"><strong>U 4.100 F\/K-51<\/strong>\u00a0(Index D, E, F, G, H, I)<\/p><\/li><li><p class=\"ds-markdown-paragraph\"><strong>U 4.100 F\/K-58<\/strong>\u00a0(Index F, G, H, I)<\/p><\/li><li><p class=\"ds-markdown-paragraph\"><strong>U 4.100 SA\/K-25<\/strong>\u00a0(Index D, E, F, H, I)<\/p><\/li><li><p class=\"ds-markdown-paragraph\"><strong>U 4.100 SA\/K-51<\/strong>\u00a0(Index D, E, F, G, H, I)<\/p><\/li><li><p class=\"ds-markdown-paragraph\"><strong>U 4.100 SA\/K-54<\/strong>\u00a0(Index D, E, F, G, H, I)<\/p><\/li><li><p class=\"ds-markdown-paragraph\"><strong>U 4.100 SA\/K-58<\/strong>\u00a0(Index F, G, H, I)<\/p><\/li><\/ul><h3><span class=\"ez-toc-section\" id=\"Cong_dung\"><\/span><strong>C\u00f4ng d\u1ee5ng:<\/strong><span class=\"ez-toc-section-end\"><\/span><\/h3><ul><li><p class=\"ds-markdown-paragraph\">D\u00f9ng \u0111\u1ec3 thay th\u1ebf khi c\u00e1nh qu\u1ea1t b\u1ecb m\u00f2n, h\u1ecfng ho\u1eb7c t\u00e1ch l\u1edbp trong qu\u00e1 tr\u00ecnh s\u1eeda ch\u1eefa b\u1ea3o d\u01b0\u1ee1ng.<\/p><\/li><li><p class=\"ds-markdown-paragraph\">Thi\u1ebft k\u1ebf b\u1eb1ng nh\u1ef1a \u0111\u1eb7c bi\u1ec7t gi\u1ea3m ma s\u00e1t, t\u0103ng tu\u1ed5i th\u1ecd cho m\u00e1y b\u01a1m.<\/p><\/li><\/ul><h3><span class=\"ez-toc-section\" id=\"Lien_he_dat_hang\"><\/span><strong>Li\u00ean h\u1ec7 \u0111\u1eb7t h\u00e0ng:<\/strong><span class=\"ez-toc-section-end\"><\/span><\/h3><ul><li><p class=\"ds-markdown-paragraph\"><strong>C\u00d4NG TY TNHH K\u1ef8 THU\u1eacT V\u00c0 D\u1ecaCH V\u1ee4 MINH PH\u00da<\/strong><\/p><\/li><li><p class=\"ds-markdown-paragraph\"><strong>Hotline:<\/strong>\u00a00985 459 559<\/p><\/li><li><p class=\"ds-markdown-paragraph\"><strong>Email:<\/strong>\u00a0<a href=\"https:\/\/mailto:Sales@minhphuco.vn\/\" target=\"_blank\" rel=\"noopener noreferrer\">Sales@minhphuco.vn<\/a><\/p><\/li><li><p class=\"ds-markdown-paragraph\"><strong>Zalo:<\/strong>\u00a00985 490 343 \/ 0985 843 778<\/p><\/li><\/ul><p class=\"ds-markdown-paragraph\">B\u1ea1n c\u1ea7n h\u1ed7 tr\u1ee3 th\u00eam th\u00f4ng tin ho\u1eb7c b\u00e1o gi\u00e1 chi ti\u1ebft? H\u00e3y li\u00ean h\u1ec7 ngay v\u1edbi Minh Ph\u00fa \u0111\u1ec3 \u0111\u01b0\u1ee3c t\u01b0 v\u1ea5n nhanh ch\u00f3ng!<\/p><\/div><\/div>\t\t\t\t\t\t<\/div>\n\t\t\t\t<\/div>\n\t\t\t\t\t<\/div>\n\t\t\t\t<\/div>\n\t\t\t\t<\/div>\n\t\t","protected":false},"excerpt":{"rendered":"<p>S\u1ed1 l\u01b0\u1ee3ng c\u00e1nh qu\u1ea1t\/b\u1ed9: 3 C\u00e1nh<br \/>\nS\u1ed1 WN: WN150-044<br \/>\nK\u00edch th\u01b0\u1edbc chu\u1ea9n : 170-51-4 mm<br \/>\nV\u1eadt li\u1ec7u c\u00e1nh qu\u1ea1t: Nh\u1ef1a \/ Plastic<br \/>\nModel: <span id=\"input_part_0\" class=\"\" data-mention=\"DT 4.10\">\u00a0Becker U 2.100\/Becker U 4.100<br \/>\n<\/span><\/p>\n","protected":false},"featured_media":7630,"comment_status":"open","ping_status":"closed","template":"","meta":{"_acf_changed":false},"product_brand":[],"product_cat":[701],"product_tag":[1435,1436,1437],"class_list":{"0":"post-7726","1":"product","2":"type-product","3":"status-publish","4":"has-post-thumbnail","6":"product_cat-canh-vanes-becker","7":"product_tag-170-51-4-mm","8":"product_tag-1436","9":"product_tag-wn150-044","11":"first","12":"instock","13":"shipping-taxable","14":"product-type-external"},"acf":[],"_links":{"self":[{"href":"https:\/\/mpvane.com\/en\/wp-json\/wp\/v2\/product\/7726","targetHints":{"allow":["GET"]}}],"collection":[{"href":"https:\/\/mpvane.com\/en\/wp-json\/wp\/v2\/product"}],"about":[{"href":"https:\/\/mpvane.com\/en\/wp-json\/wp\/v2\/types\/product"}],"replies":[{"embeddable":true,"href":"https:\/\/mpvane.com\/en\/wp-json\/wp\/v2\/comments?post=7726"}],"version-history":[{"count":4,"href":"https:\/\/mpvane.com\/en\/wp-json\/wp\/v2\/product\/7726\/revisions"}],"predecessor-version":[{"id":7730,"href":"https:\/\/mpvane.com\/en\/wp-json\/wp\/v2\/product\/7726\/revisions\/7730"}],"wp:featuredmedia":[{"embeddable":true,"href":"https:\/\/mpvane.com\/en\/wp-json\/wp\/v2\/media\/7630"}],"wp:attachment":[{"href":"https:\/\/mpvane.com\/en\/wp-json\/wp\/v2\/media?parent=7726"}],"wp:term":[{"taxonomy":"product_brand","embeddable":true,"href":"https:\/\/mpvane.com\/en\/wp-json\/wp\/v2\/product_brand?post=7726"},{"taxonomy":"product_cat","embeddable":true,"href":"https:\/\/mpvane.com\/en\/wp-json\/wp\/v2\/product_cat?post=7726"},{"taxonomy":"product_tag","embeddable":true,"href":"https:\/\/mpvane.com\/en\/wp-json\/wp\/v2\/product_tag?post=7726"}],"curies":[{"name":"wp","href":"https:\/\/api.w.org\/{rel}","templated":true}]}}