{"id":7647,"date":"2025-05-07T17:26:12","date_gmt":"2025-05-07T10:26:12","guid":{"rendered":"https:\/\/mpvane.com\/?post_type=product&#038;p=7647"},"modified":"2025-05-07T17:47:05","modified_gmt":"2025-05-07T10:47:05","slug":"bo-3-canh-nhua-u-10-90052500004wn150-052","status":"publish","type":"product","link":"https:\/\/mpvane.com\/en\/san-pham\/bo-3-canh-nhua-u-10-90052500004wn150-052\/","title":{"rendered":"B\u1ed9 4 c\u00e1nh nh\u1ef1a U 10 90052500004|WN150-052"},"content":{"rendered":"<div id=\"ez-toc-container\" class=\"ez-toc-v2_0_75 counter-hierarchy ez-toc-counter ez-toc-grey ez-toc-container-direction\">\n<div class=\"ez-toc-title-container\">\n<p class=\"ez-toc-title\" style=\"cursor:inherit\">Table of Contents<\/p>\n<span class=\"ez-toc-title-toggle\"><a href=\"#\" class=\"ez-toc-pull-right ez-toc-btn ez-toc-btn-xs ez-toc-btn-default ez-toc-toggle\" aria-label=\"Toggle Table of Content\"><span class=\"ez-toc-js-icon-con\"><span class=\"\"><span class=\"eztoc-hide\" style=\"display:none;\">Toggle<\/span><span class=\"ez-toc-icon-toggle-span\"><svg style=\"fill: #999;color:#999\" xmlns=\"http:\/\/www.w3.org\/2000\/svg\" class=\"list-377408\" width=\"20px\" height=\"20px\" viewBox=\"0 0 24 24\" fill=\"none\"><path d=\"M6 6H4v2h2V6zm14 0H8v2h12V6zM4 11h2v2H4v-2zm16 0H8v2h12v-2zM4 16h2v2H4v-2zm16 0H8v2h12v-2z\" fill=\"currentColor\"><\/path><\/svg><svg style=\"fill: #999;color:#999\" class=\"arrow-unsorted-368013\" xmlns=\"http:\/\/www.w3.org\/2000\/svg\" width=\"10px\" height=\"10px\" viewBox=\"0 0 24 24\" version=\"1.2\" baseProfile=\"tiny\"><path d=\"M18.2 9.3l-6.2-6.3-6.2 6.3c-.2.2-.3.4-.3.7s.1.5.3.7c.2.2.4.3.7.3h11c.3 0 .5-.1.7-.3.2-.2.3-.5.3-.7s-.1-.5-.3-.7zM5.8 14.7l6.2 6.3 6.2-6.3c.2-.2.3-.5.3-.7s-.1-.5-.3-.7c-.2-.2-.4-.3-.7-.3h-11c-.3 0-.5.1-.7.3-.2.2-.3.5-.3.7s.1.5.3.7z\"\/><\/svg><\/span><\/span><\/span><\/a><\/span><\/div>\n<nav><ul class='ez-toc-list ez-toc-list-level-1 ' ><li class='ez-toc-page-1 ez-toc-heading-level-3'><a class=\"ez-toc-link ez-toc-heading-1\" href=\"https:\/\/mpvane.com\/en\/san-pham\/bo-3-canh-nhua-u-10-90052500004wn150-052\/#Thong_so_ky_thuat\" >Th\u00f4ng s\u1ed1 k\u1ef9 thu\u1eadt:<\/a><\/li><li class='ez-toc-page-1 ez-toc-heading-level-3'><a class=\"ez-toc-link ez-toc-heading-2\" href=\"https:\/\/mpvane.com\/en\/san-pham\/bo-3-canh-nhua-u-10-90052500004wn150-052\/#Ung_dung\" >\u1ee8ng d\u1ee5ng:<\/a><\/li><li class='ez-toc-page-1 ez-toc-heading-level-3'><a class=\"ez-toc-link ez-toc-heading-3\" href=\"https:\/\/mpvane.com\/en\/san-pham\/bo-3-canh-nhua-u-10-90052500004wn150-052\/#Luu_y\" >L\u01b0u \u00fd:<\/a><\/li><li class='ez-toc-page-1 ez-toc-heading-level-3'><a class=\"ez-toc-link ez-toc-heading-4\" href=\"https:\/\/mpvane.com\/en\/san-pham\/bo-3-canh-nhua-u-10-90052500004wn150-052\/#Lien_he_dat_hang\" >Li\u00ean h\u1ec7 \u0111\u1eb7t h\u00e0ng:<\/a><\/li><\/ul><\/nav><\/div>\n\t\t<div data-elementor-type=\"wp-post\" data-elementor-id=\"7647\" class=\"elementor elementor-7647\">\n\t\t\t\t<div class=\"wd-negative-gap elementor-element elementor-element-3282dd29 e-flex e-con-boxed e-con e-parent\" data-id=\"3282dd29\" data-element_type=\"container\">\n\t\t\t\t\t<div class=\"e-con-inner\">\n\t\t\t\t<div class=\"elementor-element elementor-element-11df337a color-scheme-inherit text-left elementor-widget elementor-widget-text-editor\" data-id=\"11df337a\" data-element_type=\"widget\" data-widget_type=\"text-editor.default\">\n\t\t\t\t<div class=\"elementor-widget-container\">\n\t\t\t\t\t\t\t<div class=\"content--title\"><div class=\"content--title\"><div class=\"dad65929\"><div class=\"_4f9bf79 d7dc56a8 _43c05b5\"><div class=\"ds-markdown ds-markdown--block\"><p class=\"ds-markdown-paragraph\">B\u1ed9 4 c\u00e1nh nh\u1ef1a U 10 (M\u00e3 <strong>Becker 90052500004 | WN150-052<\/strong>) l\u00e0 ph\u1ee5 ki\u1ec7n ch\u00ednh h\u00e3ng d\u00e0nh cho m\u00e1y b\u01a1m ch\u00e2n kh\u00f4ng v\u00e0 m\u00e1y n\u00e9n b\u00f4i tr\u01a1n b\u1eb1ng d\u1ea7u c\u1ee7a Becker. D\u01b0\u1edbi \u0111\u00e2y l\u00e0 th\u00f4ng tin chi ti\u1ebft v\u1ec1 s\u1ea3n ph\u1ea9m:<\/p><h3><span class=\"ez-toc-section\" id=\"Thong_so_ky_thuat\"><\/span><strong>Th\u00f4ng s\u1ed1 k\u1ef9 thu\u1eadt<\/strong>:<span class=\"ez-toc-section-end\"><\/span><\/h3><ul><li><p class=\"ds-markdown-paragraph\"><strong>Ch\u1ea5t li\u1ec7u<\/strong>: Nh\u1ef1a chuy\u00ean d\u1ee5ng (b\u1ec1n, \u00edt m\u00e0i m\u00f2n).<\/p><\/li><li><p class=\"ds-markdown-paragraph\"><strong>K\u00edch th\u01b0\u1edbc<\/strong>:<\/p><ul><li><p class=\"ds-markdown-paragraph\">Chi\u1ec1u d\u00e0i:\u00a0<strong>55 mm<\/strong><\/p><\/li><li><p class=\"ds-markdown-paragraph\">Chi\u1ec1u r\u1ed9ng\/cao:\u00a0<strong>21.5 mm<\/strong><\/p><\/li><li><p class=\"ds-markdown-paragraph\">\u0110\u1ed9 d\u00e0y:\u00a0<strong>4 mm<\/strong><\/p><\/li><\/ul><\/li><li><p class=\"ds-markdown-paragraph\"><strong>S\u1ed1 l\u01b0\u1ee3ng<\/strong>: 3 c\u00e1nh qu\u1ea1t\/b\u1ed9.<\/p><\/li><\/ul><h3><span class=\"ez-toc-section\" id=\"Ung_dung\"><\/span><strong>\u1ee8ng d\u1ee5ng<\/strong>:<span class=\"ez-toc-section-end\"><\/span><\/h3><ul><li><p class=\"ds-markdown-paragraph\"><strong>D\u00f2ng m\u00e1y t\u01b0\u01a1ng th\u00edch<\/strong>:<\/p><ul><li><p class=\"ds-markdown-paragraph\">Becker U 10<\/p><\/li><li><p class=\"ds-markdown-paragraph\">Becker U 3.10<\/p><\/li><\/ul><\/li><li><p class=\"ds-markdown-paragraph\"><strong>C\u00f4ng d\u1ee5ng<\/strong>: D\u00f9ng \u0111\u1ec3 thay th\u1ebf khi c\u00e1nh qu\u1ea1t b\u1ecb m\u00f2n, h\u01b0 h\u1ecfng ho\u1eb7c trong qu\u00e1 tr\u00ecnh b\u1ea3o tr\u00ec m\u00e1y b\u01a1m ch\u00e2n kh\u00f4ng\/m\u00e1y n\u00e9n.<\/p><\/li><\/ul><h3><span class=\"ez-toc-section\" id=\"Luu_y\"><\/span><strong>L\u01b0u \u00fd<\/strong>:<span class=\"ez-toc-section-end\"><\/span><\/h3><ul><li><p class=\"ds-markdown-paragraph\">C\u00e1nh qu\u1ea1t c\u1ea7n \u0111\u01b0\u1ee3c ki\u1ec3m tra \u0111\u1ecbnh k\u1ef3 \u0111\u1ec3 \u0111\u1ea3m b\u1ea3o hi\u1ec7u su\u1ea5t ho\u1ea1t \u0111\u1ed9ng t\u1ed1i \u01b0u.<\/p><\/li><li><p class=\"ds-markdown-paragraph\">S\u1eed d\u1ee5ng ph\u1ee5 t\u00f9ng ch\u00ednh h\u00e3ng \u0111\u1ec3 tr\u00e1nh r\u1ee7i ro h\u01b0 h\u1ecfng m\u00e1y.<\/p><\/li><\/ul><h3><span class=\"ez-toc-section\" id=\"Lien_he_dat_hang\"><\/span><strong>Li\u00ean h\u1ec7 \u0111\u1eb7t h\u00e0ng<\/strong>:<span class=\"ez-toc-section-end\"><\/span><\/h3><ul><li><p class=\"ds-markdown-paragraph\"><strong>C\u00d4NG TY TNHH K\u1ef8 THU\u1eacT V\u00c0 D\u1ecaCH V\u1ee4 MINH PH\u00da<\/strong><\/p><ul><li><p class=\"ds-markdown-paragraph\">Hotline:\u00a0<strong>0985 459 559<\/strong><\/p><\/li><li><p class=\"ds-markdown-paragraph\">Email:\u00a0<strong><a href=\"https:\/\/mailto:Sales@minhphuco.vn\/\" target=\"_blank\" rel=\"noopener noreferrer\">Sales@minhphuco.vn<\/a><\/strong><\/p><\/li><li><p class=\"ds-markdown-paragraph\">Zalo:\u00a0<strong>0985 490 343<\/strong>\u00a0ho\u1eb7c\u00a0<strong>0985 843 778<\/strong><\/p><\/li><\/ul><\/li><\/ul><p class=\"ds-markdown-paragraph\">S\u1ea3n ph\u1ea9m ph\u00f9 h\u1ee3p cho nhu c\u1ea7u s\u1eeda ch\u1eefa, b\u1ea3o d\u01b0\u1ee1ng m\u00e1y b\u01a1m c\u00f4ng nghi\u1ec7p. B\u1ea1n c\u1ea7n h\u1ed7 tr\u1ee3 th\u00eam ho\u1eb7c b\u00e1o gi\u00e1 chi ti\u1ebft? Minh Ph\u00fa s\u1eb5n s\u00e0ng t\u01b0 v\u1ea5n nhanh!<\/p><\/div><\/div><\/div><\/div><\/div>\t\t\t\t\t\t<\/div>\n\t\t\t\t<\/div>\n\t\t\t\t\t<\/div>\n\t\t\t\t<\/div>\n\t\t\t\t<\/div>\n\t\t","protected":false},"excerpt":{"rendered":"<p>S\u1ed1 l\u01b0\u1ee3ng c\u00e1nh qu\u1ea1t\/b\u1ed9: 4 C\u00e1nh<br \/>\nS\u1ed1 WN: WN150-052<br \/>\nK\u00edch th\u01b0\u1edbc chu\u1ea9n : 55-21.5-4 \u00a0mm<br \/>\nV\u1eadt li\u1ec7u c\u00e1nh qu\u1ea1t: Nh\u1ef1a \/ Plastic<br \/>\nModel: <span id=\"input_part_0\" class=\"\" data-mention=\"DT 4.10\">Becker U 10\/ Becker U 3.10<br \/>\n<\/span><\/p>\n","protected":false},"featured_media":7648,"comment_status":"open","ping_status":"closed","template":"","meta":{"_acf_changed":false},"product_brand":[],"product_cat":[701],"product_tag":[1400,1399,1398],"class_list":{"0":"post-7647","1":"product","2":"type-product","3":"status-publish","4":"has-post-thumbnail","6":"product_cat-canh-vanes-becker","7":"product_tag-55-21-5-4","8":"product_tag-1399","9":"product_tag-wn150-052","11":"first","12":"instock","13":"shipping-taxable","14":"product-type-external"},"acf":[],"_links":{"self":[{"href":"https:\/\/mpvane.com\/en\/wp-json\/wp\/v2\/product\/7647","targetHints":{"allow":["GET"]}}],"collection":[{"href":"https:\/\/mpvane.com\/en\/wp-json\/wp\/v2\/product"}],"about":[{"href":"https:\/\/mpvane.com\/en\/wp-json\/wp\/v2\/types\/product"}],"replies":[{"embeddable":true,"href":"https:\/\/mpvane.com\/en\/wp-json\/wp\/v2\/comments?post=7647"}],"version-history":[{"count":9,"href":"https:\/\/mpvane.com\/en\/wp-json\/wp\/v2\/product\/7647\/revisions"}],"predecessor-version":[{"id":7667,"href":"https:\/\/mpvane.com\/en\/wp-json\/wp\/v2\/product\/7647\/revisions\/7667"}],"wp:featuredmedia":[{"embeddable":true,"href":"https:\/\/mpvane.com\/en\/wp-json\/wp\/v2\/media\/7648"}],"wp:attachment":[{"href":"https:\/\/mpvane.com\/en\/wp-json\/wp\/v2\/media?parent=7647"}],"wp:term":[{"taxonomy":"product_brand","embeddable":true,"href":"https:\/\/mpvane.com\/en\/wp-json\/wp\/v2\/product_brand?post=7647"},{"taxonomy":"product_cat","embeddable":true,"href":"https:\/\/mpvane.com\/en\/wp-json\/wp\/v2\/product_cat?post=7647"},{"taxonomy":"product_tag","embeddable":true,"href":"https:\/\/mpvane.com\/en\/wp-json\/wp\/v2\/product_tag?post=7647"}],"curies":[{"name":"wp","href":"https:\/\/api.w.org\/{rel}","templated":true}]}}