{"id":7625,"date":"2025-05-07T16:16:32","date_gmt":"2025-05-07T09:16:32","guid":{"rendered":"https:\/\/mpvane.com\/?post_type=product&#038;p=7625"},"modified":"2025-05-07T16:48:25","modified_gmt":"2025-05-07T09:48:25","slug":"bo-3-canh-nhua-u2-250-90050700003wn150-058","status":"publish","type":"product","link":"https:\/\/mpvane.com\/en\/san-pham\/bo-3-canh-nhua-u2-250-90050700003wn150-058\/","title":{"rendered":"B\u1ed9 3 c\u00e1nh nh\u1ef1a U2.250 90050700003|WN150-058"},"content":{"rendered":"<div id=\"ez-toc-container\" class=\"ez-toc-v2_0_75 counter-hierarchy ez-toc-counter ez-toc-grey ez-toc-container-direction\">\n<div class=\"ez-toc-title-container\">\n<p class=\"ez-toc-title\" style=\"cursor:inherit\">Table of Contents<\/p>\n<span class=\"ez-toc-title-toggle\"><a href=\"#\" class=\"ez-toc-pull-right ez-toc-btn ez-toc-btn-xs ez-toc-btn-default ez-toc-toggle\" aria-label=\"Toggle Table of Content\"><span class=\"ez-toc-js-icon-con\"><span class=\"\"><span class=\"eztoc-hide\" style=\"display:none;\">Toggle<\/span><span class=\"ez-toc-icon-toggle-span\"><svg style=\"fill: #999;color:#999\" xmlns=\"http:\/\/www.w3.org\/2000\/svg\" class=\"list-377408\" width=\"20px\" height=\"20px\" viewBox=\"0 0 24 24\" fill=\"none\"><path d=\"M6 6H4v2h2V6zm14 0H8v2h12V6zM4 11h2v2H4v-2zm16 0H8v2h12v-2zM4 16h2v2H4v-2zm16 0H8v2h12v-2z\" fill=\"currentColor\"><\/path><\/svg><svg style=\"fill: #999;color:#999\" class=\"arrow-unsorted-368013\" xmlns=\"http:\/\/www.w3.org\/2000\/svg\" width=\"10px\" height=\"10px\" viewBox=\"0 0 24 24\" version=\"1.2\" baseProfile=\"tiny\"><path d=\"M18.2 9.3l-6.2-6.3-6.2 6.3c-.2.2-.3.4-.3.7s.1.5.3.7c.2.2.4.3.7.3h11c.3 0 .5-.1.7-.3.2-.2.3-.5.3-.7s-.1-.5-.3-.7zM5.8 14.7l6.2 6.3 6.2-6.3c.2-.2.3-.5.3-.7s-.1-.5-.3-.7c-.2-.2-.4-.3-.7-.3h-11c-.3 0-.5.1-.7.3-.2.2-.3.5-.3.7s.1.5.3.7z\"\/><\/svg><\/span><\/span><\/span><\/a><\/span><\/div>\n<nav><ul class='ez-toc-list ez-toc-list-level-1 ' ><li class='ez-toc-page-1 ez-toc-heading-level-3'><a class=\"ez-toc-link ez-toc-heading-1\" href=\"https:\/\/mpvane.com\/en\/san-pham\/bo-3-canh-nhua-u2-250-90050700003wn150-058\/#Thong_so_ky_thuat\" >Th\u00f4ng s\u1ed1 k\u1ef9 thu\u1eadt:<\/a><\/li><li class='ez-toc-page-1 ez-toc-heading-level-3'><a class=\"ez-toc-link ez-toc-heading-2\" href=\"https:\/\/mpvane.com\/en\/san-pham\/bo-3-canh-nhua-u2-250-90050700003wn150-058\/#Ung_dung\" >\u1ee8ng d\u1ee5ng:<\/a><\/li><li class='ez-toc-page-1 ez-toc-heading-level-3'><a class=\"ez-toc-link ez-toc-heading-3\" href=\"https:\/\/mpvane.com\/en\/san-pham\/bo-3-canh-nhua-u2-250-90050700003wn150-058\/#Cong_dung\" >C\u00f4ng d\u1ee5ng:<\/a><\/li><li class='ez-toc-page-1 ez-toc-heading-level-3'><a class=\"ez-toc-link ez-toc-heading-4\" href=\"https:\/\/mpvane.com\/en\/san-pham\/bo-3-canh-nhua-u2-250-90050700003wn150-058\/#Lien_he_dat_hang_ho_tro\" >Li\u00ean h\u1ec7 \u0111\u1eb7t h\u00e0ng &amp; h\u1ed7 tr\u1ee3:<\/a><\/li><\/ul><\/nav><\/div>\n\t\t<div data-elementor-type=\"wp-post\" data-elementor-id=\"7625\" class=\"elementor elementor-7625\">\n\t\t\t\t<div class=\"wd-negative-gap elementor-element elementor-element-3282dd29 e-flex e-con-boxed e-con e-parent\" data-id=\"3282dd29\" data-element_type=\"container\">\n\t\t\t\t\t<div class=\"e-con-inner\">\n\t\t\t\t<div class=\"elementor-element elementor-element-11df337a color-scheme-inherit text-left elementor-widget elementor-widget-text-editor\" data-id=\"11df337a\" data-element_type=\"widget\" data-widget_type=\"text-editor.default\">\n\t\t\t\t<div class=\"elementor-widget-container\">\n\t\t\t\t\t\t\t<div class=\"content--title\"><div class=\"content--title\"><p class=\"ds-markdown-paragraph\">Th\u00f4ng tin chi ti\u1ebft v\u1ec1\u00a0<strong>B\u1ed9 3 c\u00e1nh nh\u1ef1a U2.250 (M\u00e3: 90050700003 | WN150-058)<\/strong>\u00a0c\u1ee7a Becker Original:<\/p><h3><span class=\"ez-toc-section\" id=\"Thong_so_ky_thuat\"><\/span><strong>Th\u00f4ng s\u1ed1 k\u1ef9 thu\u1eadt:<\/strong><span class=\"ez-toc-section-end\"><\/span><\/h3><ul><li><p class=\"ds-markdown-paragraph\"><strong>Ch\u1ea5t li\u1ec7u:<\/strong>\u00a0Nh\u1ef1a<\/p><\/li><li><p class=\"ds-markdown-paragraph\"><strong>K\u00edch th\u01b0\u1edbc:<\/strong><\/p><ul><li><p class=\"ds-markdown-paragraph\">Chi\u1ec1u d\u00e0i: 285 mm<\/p><\/li><li><p class=\"ds-markdown-paragraph\">Chi\u1ec1u r\u1ed9ng\/cao: 55 mm<\/p><\/li><li><p class=\"ds-markdown-paragraph\">\u0110\u1ed9 d\u00e0y: 4 mm<\/p><\/li><\/ul><\/li><li><p class=\"ds-markdown-paragraph\"><strong>S\u1ed1 l\u01b0\u1ee3ng:<\/strong>\u00a03 c\u00e1nh qu\u1ea1t\/b\u1ed9<\/p><\/li><\/ul><h3><span class=\"ez-toc-section\" id=\"Ung_dung\"><\/span><strong>\u1ee8ng d\u1ee5ng:<\/strong><span class=\"ez-toc-section-end\"><\/span><\/h3><p class=\"ds-markdown-paragraph\">B\u1ed9 c\u00e1nh qu\u1ea1t n\u00e0y \u0111\u01b0\u1ee3c thi\u1ebft k\u1ebf \u0111\u1ec3 s\u1eed d\u1ee5ng cho c\u00e1c d\u00f2ng\u00a0<strong>m\u00e1y b\u01a1m ch\u00e2n kh\u00f4ng v\u00e0 m\u00e1y n\u00e9n b\u00f4i tr\u01a1n b\u1eb1ng d\u1ea7u<\/strong>\u00a0c\u1ee7a Becker, bao g\u1ed3m c\u00e1c model:<\/p><ul><li><p class=\"ds-markdown-paragraph\"><strong>Becker U 4.250<\/strong>\u00a0(c\u00e1c phi\u00ean b\u1ea3n Index D, E, F, G, H, I)<\/p><\/li><li><p class=\"ds-markdown-paragraph\"><strong>Becker U 4.250 F\/K<\/strong>\u00a0(Index F, G, H, I)<\/p><\/li><li><p class=\"ds-markdown-paragraph\"><strong>Becker U 4.250 F\/K-25, F\/K-25.1, F\/K-51<\/strong><\/p><\/li><li><p class=\"ds-markdown-paragraph\"><strong>Becker U 4.250 SA\/K-25, SA\/K-25.1, SA\/K-51, SA\/K-54, SA\/K-65<\/strong><\/p><\/li><\/ul><h3><span class=\"ez-toc-section\" id=\"Cong_dung\"><\/span><strong>C\u00f4ng d\u1ee5ng:<\/strong><span class=\"ez-toc-section-end\"><\/span><\/h3><ul><li><p class=\"ds-markdown-paragraph\">C\u00e1nh qu\u1ea1t nh\u1ef1a \u00edt b\u1ecb m\u00e0i m\u00f2n, ph\u00f9 h\u1ee3p cho m\u00e1y b\u01a1m ch\u00e2n kh\u00f4ng ho\u1ea1t \u0111\u1ed9ng v\u1edbi d\u1ea7u b\u00f4i tr\u01a1n.<\/p><\/li><li><p class=\"ds-markdown-paragraph\">Th\u01b0\u1eddng \u0111\u01b0\u1ee3c thay th\u1ebf khi b\u1ea3o tr\u00ec, s\u1eeda ch\u1eefa ho\u1eb7c khi c\u00f3 hi\u1ec7n t\u01b0\u1ee3ng t\u00e1ch l\u1edbp, h\u01b0 h\u1ecfng.<\/p><\/li><\/ul><h3><span class=\"ez-toc-section\" id=\"Lien_he_dat_hang_ho_tro\"><\/span><strong>Li\u00ean h\u1ec7 \u0111\u1eb7t h\u00e0ng &amp; h\u1ed7 tr\u1ee3:<\/strong><span class=\"ez-toc-section-end\"><\/span><\/h3><ul><li><p class=\"ds-markdown-paragraph\"><strong>C\u00f4ng ty TNHH K\u1ef9 Thu\u1eadt v\u00e0 D\u1ecbch V\u1ee5 Minh Ph\u00fa<\/strong><\/p><\/li><li><p class=\"ds-markdown-paragraph\">\ud83d\udcde\u00a0<strong>Hotline:<\/strong>\u00a00985 459 559<\/p><\/li><li><p class=\"ds-markdown-paragraph\">\u2709\u00a0<strong>Email:<\/strong>\u00a0<a href=\"https:\/\/mailto:Sales@minhphuco.vn\/\" target=\"_blank\" rel=\"noopener noreferrer\">Sales@minhphuco.vn<\/a><\/p><\/li><li><p class=\"ds-markdown-paragraph\"><strong>Zalo:<\/strong>\u00a00985 490 343 \/ 0985 843 778<\/p><\/li><\/ul><p class=\"ds-markdown-paragraph\">N\u1ebfu b\u1ea1n c\u1ea7n t\u01b0 v\u1ea5n th\u00eam v\u1ec1 s\u1ea3n ph\u1ea9m ho\u1eb7c \u0111\u1eb7t h\u00e0ng, h\u00e3y li\u00ean h\u1ec7 tr\u1ef1c ti\u1ebfp v\u1edbi Minh Ph\u00fa \u0111\u1ec3 \u0111\u01b0\u1ee3c h\u1ed7 tr\u1ee3 nhanh nh\u1ea5t!<\/p><\/div><\/div>\t\t\t\t\t\t<\/div>\n\t\t\t\t<\/div>\n\t\t\t\t\t<\/div>\n\t\t\t\t<\/div>\n\t\t\t\t<\/div>\n\t\t","protected":false},"excerpt":{"rendered":"<p>S\u1ed1 l\u01b0\u1ee3ng c\u00e1nh qu\u1ea1t\/b\u1ed9: 3 C\u00e1nh<br \/>\nS\u1ed1 WN: WN150-058<br \/>\nK\u00edch th\u01b0\u1edbc chu\u1ea9n : 285-55-4 \u00a0mm<br \/>\nV\u1eadt li\u1ec7u c\u00e1nh qu\u1ea1t: Nh\u1ef1a \/ Plastic<br \/>\nModel: <span id=\"input_part_0\" class=\"\" data-mention=\"DT 4.10\">Becker U 4.250\/ Becker U 2.250<br \/>\n<\/span><\/p>\n","protected":false},"featured_media":7630,"comment_status":"open","ping_status":"closed","template":"","meta":{"_acf_changed":false},"product_brand":[],"product_cat":[701],"product_tag":[1384,1385,1386],"class_list":{"0":"post-7625","1":"product","2":"type-product","3":"status-publish","4":"has-post-thumbnail","6":"product_cat-canh-vanes-becker","7":"product_tag-becker-285-55-4","8":"product_tag-becker-vane-90050700003","9":"product_tag-wn150-058","11":"first","12":"instock","13":"shipping-taxable","14":"product-type-external"},"acf":[],"_links":{"self":[{"href":"https:\/\/mpvane.com\/en\/wp-json\/wp\/v2\/product\/7625","targetHints":{"allow":["GET"]}}],"collection":[{"href":"https:\/\/mpvane.com\/en\/wp-json\/wp\/v2\/product"}],"about":[{"href":"https:\/\/mpvane.com\/en\/wp-json\/wp\/v2\/types\/product"}],"replies":[{"embeddable":true,"href":"https:\/\/mpvane.com\/en\/wp-json\/wp\/v2\/comments?post=7625"}],"version-history":[{"count":5,"href":"https:\/\/mpvane.com\/en\/wp-json\/wp\/v2\/product\/7625\/revisions"}],"predecessor-version":[{"id":7632,"href":"https:\/\/mpvane.com\/en\/wp-json\/wp\/v2\/product\/7625\/revisions\/7632"}],"wp:featuredmedia":[{"embeddable":true,"href":"https:\/\/mpvane.com\/en\/wp-json\/wp\/v2\/media\/7630"}],"wp:attachment":[{"href":"https:\/\/mpvane.com\/en\/wp-json\/wp\/v2\/media?parent=7625"}],"wp:term":[{"taxonomy":"product_brand","embeddable":true,"href":"https:\/\/mpvane.com\/en\/wp-json\/wp\/v2\/product_brand?post=7625"},{"taxonomy":"product_cat","embeddable":true,"href":"https:\/\/mpvane.com\/en\/wp-json\/wp\/v2\/product_cat?post=7625"},{"taxonomy":"product_tag","embeddable":true,"href":"https:\/\/mpvane.com\/en\/wp-json\/wp\/v2\/product_tag?post=7625"}],"curies":[{"name":"wp","href":"https:\/\/api.w.org\/{rel}","templated":true}]}}