{"id":7595,"date":"2025-05-07T10:28:21","date_gmt":"2025-05-07T03:28:21","guid":{"rendered":"https:\/\/mpvane.com\/?post_type=product&#038;p=7595"},"modified":"2025-05-07T10:48:08","modified_gmt":"2025-05-07T03:48:08","slug":"bo-4-canh-quat-bang-carbon-kdx-kvx-3-140-90140500004wn124-256","status":"publish","type":"product","link":"https:\/\/mpvane.com\/en\/san-pham\/bo-4-canh-quat-bang-carbon-kdx-kvx-3-140-90140500004wn124-256\/","title":{"rendered":"B\u1ed9 4 c\u00e1nh qu\u1ea1t b\u1eb1ng carbon KDX \/ KVX 3.140 90140500004|WN124-256"},"content":{"rendered":"<div id=\"ez-toc-container\" class=\"ez-toc-v2_0_75 counter-hierarchy ez-toc-counter ez-toc-grey ez-toc-container-direction\">\n<div class=\"ez-toc-title-container\">\n<p class=\"ez-toc-title\" style=\"cursor:inherit\">Table of Contents<\/p>\n<span class=\"ez-toc-title-toggle\"><a href=\"#\" class=\"ez-toc-pull-right ez-toc-btn ez-toc-btn-xs ez-toc-btn-default ez-toc-toggle\" aria-label=\"Toggle Table of Content\"><span class=\"ez-toc-js-icon-con\"><span class=\"\"><span class=\"eztoc-hide\" style=\"display:none;\">Toggle<\/span><span class=\"ez-toc-icon-toggle-span\"><svg style=\"fill: #999;color:#999\" xmlns=\"http:\/\/www.w3.org\/2000\/svg\" class=\"list-377408\" width=\"20px\" height=\"20px\" viewBox=\"0 0 24 24\" fill=\"none\"><path d=\"M6 6H4v2h2V6zm14 0H8v2h12V6zM4 11h2v2H4v-2zm16 0H8v2h12v-2zM4 16h2v2H4v-2zm16 0H8v2h12v-2z\" fill=\"currentColor\"><\/path><\/svg><svg style=\"fill: #999;color:#999\" class=\"arrow-unsorted-368013\" xmlns=\"http:\/\/www.w3.org\/2000\/svg\" width=\"10px\" height=\"10px\" viewBox=\"0 0 24 24\" version=\"1.2\" baseProfile=\"tiny\"><path d=\"M18.2 9.3l-6.2-6.3-6.2 6.3c-.2.2-.3.4-.3.7s.1.5.3.7c.2.2.4.3.7.3h11c.3 0 .5-.1.7-.3.2-.2.3-.5.3-.7s-.1-.5-.3-.7zM5.8 14.7l6.2 6.3 6.2-6.3c.2-.2.3-.5.3-.7s-.1-.5-.3-.7c-.2-.2-.4-.3-.7-.3h-11c-.3 0-.5.1-.7.3-.2.2-.3.5-.3.7s.1.5.3.7z\"\/><\/svg><\/span><\/span><\/span><\/a><\/span><\/div>\n<nav><ul class='ez-toc-list ez-toc-list-level-1 ' ><li class='ez-toc-page-1 ez-toc-heading-level-3'><a class=\"ez-toc-link ez-toc-heading-1\" href=\"https:\/\/mpvane.com\/en\/san-pham\/bo-4-canh-quat-bang-carbon-kdx-kvx-3-140-90140500004wn124-256\/#Thong_so_ky_thuat\" >Th\u00f4ng s\u1ed1 k\u1ef9 thu\u1eadt<\/a><\/li><li class='ez-toc-page-1 ez-toc-heading-level-3'><a class=\"ez-toc-link ez-toc-heading-2\" href=\"https:\/\/mpvane.com\/en\/san-pham\/bo-4-canh-quat-bang-carbon-kdx-kvx-3-140-90140500004wn124-256\/#Ung_dung\" >\u1ee8ng d\u1ee5ng<\/a><\/li><li class='ez-toc-page-1 ez-toc-heading-level-3'><a class=\"ez-toc-link ez-toc-heading-3\" href=\"https:\/\/mpvane.com\/en\/san-pham\/bo-4-canh-quat-bang-carbon-kdx-kvx-3-140-90140500004wn124-256\/#Luu_y_quan_trong\" >L\u01b0u \u00fd quan tr\u1ecdng<\/a><\/li><li class='ez-toc-page-1 ez-toc-heading-level-3'><a class=\"ez-toc-link ez-toc-heading-4\" href=\"https:\/\/mpvane.com\/en\/san-pham\/bo-4-canh-quat-bang-carbon-kdx-kvx-3-140-90140500004wn124-256\/#Lien_he_dat_hang_ho_tro\" >Li\u00ean h\u1ec7 \u0111\u1eb7t h\u00e0ng &amp; h\u1ed7 tr\u1ee3<\/a><\/li><\/ul><\/nav><\/div>\n\t\t<div data-elementor-type=\"wp-post\" data-elementor-id=\"7595\" class=\"elementor elementor-7595\">\n\t\t\t\t<div class=\"wd-negative-gap elementor-element elementor-element-3282dd29 e-flex e-con-boxed e-con e-parent\" data-id=\"3282dd29\" data-element_type=\"container\">\n\t\t\t\t\t<div class=\"e-con-inner\">\n\t\t\t\t<div class=\"elementor-element elementor-element-11df337a color-scheme-inherit text-left elementor-widget elementor-widget-text-editor\" data-id=\"11df337a\" data-element_type=\"widget\" data-widget_type=\"text-editor.default\">\n\t\t\t\t<div class=\"elementor-widget-container\">\n\t\t\t\t\t\t\t<div class=\"content--title\"><p class=\"ds-markdown-paragraph\">Th\u00f4ng tin chi ti\u1ebft v\u1ec1\u00a0<strong>B\u1ed9 4 c\u00e1nh qu\u1ea1t carbon Becker Original (M\u00e3: 90140500004 \/ WN124-256)<\/strong>:<\/p><h3><span class=\"ez-toc-section\" id=\"Thong_so_ky_thuat\"><\/span><strong>Th\u00f4ng s\u1ed1 k\u1ef9 thu\u1eadt<\/strong><span class=\"ez-toc-section-end\"><\/span><\/h3><ul><li><p class=\"ds-markdown-paragraph\"><strong>Ch\u1ea5t li\u1ec7u:<\/strong>\u00a0Carbon<\/p><\/li><li><p class=\"ds-markdown-paragraph\"><strong>K\u00edch th\u01b0\u1edbc:<\/strong><\/p><ul><li><p class=\"ds-markdown-paragraph\">Chi\u1ec1u d\u00e0i:\u00a0<strong>240 mm<\/strong><\/p><\/li><li><p class=\"ds-markdown-paragraph\">Chi\u1ec1u r\u1ed9ng\/cao:\u00a0<strong>47 mm<\/strong><\/p><\/li><li><p class=\"ds-markdown-paragraph\">\u0110\u1ed9 d\u00e0y:\u00a0<strong>4.3 mm<\/strong><\/p><\/li><\/ul><\/li><li><p class=\"ds-markdown-paragraph\"><strong>\u0110\u1ed9 m\u00f2n t\u1ed1i \u0111a khuy\u1ebfn c\u00e1o thay th\u1ebf:<\/strong>\u00a0<strong>31 mm<\/strong>\u00a0(theo Becker)<\/p><\/li><\/ul><h3><span class=\"ez-toc-section\" id=\"Ung_dung\"><\/span><strong>\u1ee8ng d\u1ee5ng<\/strong><span class=\"ez-toc-section-end\"><\/span><\/h3><p class=\"ds-markdown-paragraph\">D\u00f9ng cho m\u00e1y b\u01a1m ch\u00e2n kh\u00f4ng v\u00e0 m\u00e1y n\u00e9n kh\u00f4 c\u00e1c model:<\/p><ul><li><p class=\"ds-markdown-paragraph\"><strong>Becker KDX 3.140<\/strong><\/p><\/li><li><p class=\"ds-markdown-paragraph\"><strong>Becker KVX 3.140<\/strong><\/p><\/li><\/ul><h3><span class=\"ez-toc-section\" id=\"Luu_y_quan_trong\"><\/span><strong>L\u01b0u \u00fd quan tr\u1ecdng<\/strong><span class=\"ez-toc-section-end\"><\/span><\/h3><ul><li><p class=\"ds-markdown-paragraph\">C\u00e1nh qu\u1ea1t carbon c\u00f3 th\u1ec3 b\u1ecb m\u00f2n sau th\u1eddi gian s\u1eed d\u1ee5ng, c\u1ea7n ki\u1ec3m tra \u0111\u1ecbnh k\u1ef3 v\u00e0 thay th\u1ebf khi \u0111\u1ea1t ng\u01b0\u1ee1ng m\u00f2n t\u1ed1i \u0111a (31 mm).<\/p><\/li><li><p class=\"ds-markdown-paragraph\">S\u1eed d\u1ee5ng c\u00e1nh qu\u1ea1t ch\u00ednh h\u00e3ng Becker \u0111\u1ec3 \u0111\u1ea3m b\u1ea3o hi\u1ec7u su\u1ea5t v\u00e0 \u0111\u1ed9 b\u1ec1n cho m\u00e1y b\u01a1m.<\/p><\/li><\/ul><h3><span class=\"ez-toc-section\" id=\"Lien_he_dat_hang_ho_tro\"><\/span><strong>Li\u00ean h\u1ec7 \u0111\u1eb7t h\u00e0ng &amp; h\u1ed7 tr\u1ee3<\/strong><span class=\"ez-toc-section-end\"><\/span><\/h3><p class=\"ds-markdown-paragraph\">\ud83d\udcde\u00a0<strong>Hotline:<\/strong>\u00a00985 459 559<br \/>\u2709\u00a0<strong>Email:<\/strong>\u00a0<a href=\"https:\/\/mailto:Sales@minhphuco.vn\/\" target=\"_blank\" rel=\"noopener noreferrer\">Sales@minhphuco.vn<\/a><br \/>\ud83d\udcbb\u00a0<strong>Zalo:<\/strong>\u00a00985 490 343 \/ 0985 843 778<br \/>\ud83c\udfe2\u00a0<strong>C\u00f4ng ty TNHH K\u1ef9 Thu\u1eadt &amp; D\u1ecbch V\u1ee5 Minh Ph\u00fa<\/strong><\/p><p class=\"ds-markdown-paragraph\">\ud83d\udc49\u00a0<strong>L\u01b0u \u00fd:<\/strong>\u00a0N\u00ean tham kh\u1ea3o h\u01b0\u1edbng d\u1eabn v\u1eadn h\u00e0nh c\u1ee7a Becker ho\u1eb7c nh\u1edd k\u1ef9 thu\u1eadt vi\u00ean ki\u1ec3m tra tr\u01b0\u1edbc khi thay th\u1ebf \u0111\u1ec3 \u0111\u1ea3m b\u1ea3o t\u01b0\u01a1ng th\u00edch.<\/p><p class=\"ds-markdown-paragraph\">B\u1ea1n c\u1ea7n b\u00e1o gi\u00e1, h\u1ed7 tr\u1ee3 k\u1ef9 thu\u1eadt hay \u0111\u1eb7t h\u00e0ng? Minh Ph\u00fa s\u1eb5n s\u00e0ng t\u01b0 v\u1ea5n 24\/7! \ud83d\ude80<\/p><\/div>\t\t\t\t\t\t<\/div>\n\t\t\t\t<\/div>\n\t\t\t\t\t<\/div>\n\t\t\t\t<\/div>\n\t\t\t\t<\/div>\n\t\t","protected":false},"excerpt":{"rendered":"<p>S\u1ed1 l\u01b0\u1ee3ng c\u00e1nh qu\u1ea1t\/b\u1ed9: 4 C\u00e1nh<br \/>\nS\u1ed1 WN: WN124-256<br \/>\nK\u00edch th\u01b0\u1edbc chu\u1ea9n : 240-47-4,3\u00a0 mm<br \/>\nV\u1eadt li\u1ec7u c\u00e1nh qu\u1ea1t: cacbon \/ carbon<br \/>\nModel: <span id=\"input_part_0\" class=\"\" data-mention=\"DT 4.10\">Becker KDX 3.140\/<\/span><span id=\"input_part_0\" class=\"\" data-mention=\"DT 4.10\">Becker KVX 3.140<\/span><\/p>\n","protected":false},"featured_media":7185,"comment_status":"open","ping_status":"closed","template":"","meta":{"_acf_changed":false},"product_brand":[],"product_cat":[701],"product_tag":[1264,1262,1263],"class_list":{"0":"post-7595","1":"product","2":"type-product","3":"status-publish","4":"has-post-thumbnail","6":"product_cat-canh-vanes-becker","7":"product_tag-becker-90140500004","8":"product_tag-becker-wn124-256","9":"product_tag-carbon-vane-240-47-4","11":"first","12":"instock","13":"shipping-taxable","14":"product-type-external"},"acf":[],"_links":{"self":[{"href":"https:\/\/mpvane.com\/en\/wp-json\/wp\/v2\/product\/7595","targetHints":{"allow":["GET"]}}],"collection":[{"href":"https:\/\/mpvane.com\/en\/wp-json\/wp\/v2\/product"}],"about":[{"href":"https:\/\/mpvane.com\/en\/wp-json\/wp\/v2\/types\/product"}],"replies":[{"embeddable":true,"href":"https:\/\/mpvane.com\/en\/wp-json\/wp\/v2\/comments?post=7595"}],"version-history":[{"count":7,"href":"https:\/\/mpvane.com\/en\/wp-json\/wp\/v2\/product\/7595\/revisions"}],"predecessor-version":[{"id":7610,"href":"https:\/\/mpvane.com\/en\/wp-json\/wp\/v2\/product\/7595\/revisions\/7610"}],"wp:featuredmedia":[{"embeddable":true,"href":"https:\/\/mpvane.com\/en\/wp-json\/wp\/v2\/media\/7185"}],"wp:attachment":[{"href":"https:\/\/mpvane.com\/en\/wp-json\/wp\/v2\/media?parent=7595"}],"wp:term":[{"taxonomy":"product_brand","embeddable":true,"href":"https:\/\/mpvane.com\/en\/wp-json\/wp\/v2\/product_brand?post=7595"},{"taxonomy":"product_cat","embeddable":true,"href":"https:\/\/mpvane.com\/en\/wp-json\/wp\/v2\/product_cat?post=7595"},{"taxonomy":"product_tag","embeddable":true,"href":"https:\/\/mpvane.com\/en\/wp-json\/wp\/v2\/product_tag?post=7595"}],"curies":[{"name":"wp","href":"https:\/\/api.w.org\/{rel}","templated":true}]}}