{"id":7566,"date":"2025-05-06T22:23:04","date_gmt":"2025-05-06T15:23:04","guid":{"rendered":"https:\/\/mpvane.com\/?post_type=product&#038;p=7566"},"modified":"2025-05-06T22:32:22","modified_gmt":"2025-05-06T15:32:22","slug":"bo-4-canh-quat-bang-carbon-kdx-kvx-3-60-3-80-90140100004wn124-252","status":"publish","type":"product","link":"https:\/\/mpvane.com\/en\/san-pham\/bo-4-canh-quat-bang-carbon-kdx-kvx-3-60-3-80-90140100004wn124-252\/","title":{"rendered":"B\u1ed9 4 c\u00e1nh qu\u1ea1t b\u1eb1ng carbon KDX\/ KVX 3.60 \/ 3.80 90140100004|WN124-252"},"content":{"rendered":"<div id=\"ez-toc-container\" class=\"ez-toc-v2_0_75 counter-hierarchy ez-toc-counter ez-toc-grey ez-toc-container-direction\">\n<div class=\"ez-toc-title-container\">\n<p class=\"ez-toc-title\" style=\"cursor:inherit\">Table of Contents<\/p>\n<span class=\"ez-toc-title-toggle\"><a href=\"#\" class=\"ez-toc-pull-right ez-toc-btn ez-toc-btn-xs ez-toc-btn-default ez-toc-toggle\" aria-label=\"Toggle Table of Content\"><span class=\"ez-toc-js-icon-con\"><span class=\"\"><span class=\"eztoc-hide\" style=\"display:none;\">Toggle<\/span><span class=\"ez-toc-icon-toggle-span\"><svg style=\"fill: #999;color:#999\" xmlns=\"http:\/\/www.w3.org\/2000\/svg\" class=\"list-377408\" width=\"20px\" height=\"20px\" viewBox=\"0 0 24 24\" fill=\"none\"><path d=\"M6 6H4v2h2V6zm14 0H8v2h12V6zM4 11h2v2H4v-2zm16 0H8v2h12v-2zM4 16h2v2H4v-2zm16 0H8v2h12v-2z\" fill=\"currentColor\"><\/path><\/svg><svg style=\"fill: #999;color:#999\" class=\"arrow-unsorted-368013\" xmlns=\"http:\/\/www.w3.org\/2000\/svg\" width=\"10px\" height=\"10px\" viewBox=\"0 0 24 24\" version=\"1.2\" baseProfile=\"tiny\"><path d=\"M18.2 9.3l-6.2-6.3-6.2 6.3c-.2.2-.3.4-.3.7s.1.5.3.7c.2.2.4.3.7.3h11c.3 0 .5-.1.7-.3.2-.2.3-.5.3-.7s-.1-.5-.3-.7zM5.8 14.7l6.2 6.3 6.2-6.3c.2-.2.3-.5.3-.7s-.1-.5-.3-.7c-.2-.2-.4-.3-.7-.3h-11c-.3 0-.5.1-.7.3-.2.2-.3.5-.3.7s.1.5.3.7z\"\/><\/svg><\/span><\/span><\/span><\/a><\/span><\/div>\n<nav><ul class='ez-toc-list ez-toc-list-level-1 ' ><li class='ez-toc-page-1 ez-toc-heading-level-3'><a class=\"ez-toc-link ez-toc-heading-1\" href=\"https:\/\/mpvane.com\/en\/san-pham\/bo-4-canh-quat-bang-carbon-kdx-kvx-3-60-3-80-90140100004wn124-252\/#Thong_so_ky_thuat\" >Th\u00f4ng s\u1ed1 k\u1ef9 thu\u1eadt<\/a><\/li><li class='ez-toc-page-1 ez-toc-heading-level-3'><a class=\"ez-toc-link ez-toc-heading-2\" href=\"https:\/\/mpvane.com\/en\/san-pham\/bo-4-canh-quat-bang-carbon-kdx-kvx-3-60-3-80-90140100004wn124-252\/#Ung_dung\" >\u1ee8ng d\u1ee5ng<\/a><\/li><li class='ez-toc-page-1 ez-toc-heading-level-3'><a class=\"ez-toc-link ez-toc-heading-3\" href=\"https:\/\/mpvane.com\/en\/san-pham\/bo-4-canh-quat-bang-carbon-kdx-kvx-3-60-3-80-90140100004wn124-252\/#Luu_y_khi_su_dung\" >L\u01b0u \u00fd khi s\u1eed d\u1ee5ng<\/a><\/li><li class='ez-toc-page-1 ez-toc-heading-level-3'><a class=\"ez-toc-link ez-toc-heading-4\" href=\"https:\/\/mpvane.com\/en\/san-pham\/bo-4-canh-quat-bang-carbon-kdx-kvx-3-60-3-80-90140100004wn124-252\/#Lien_he_dat_hang\" >Li\u00ean h\u1ec7 \u0111\u1eb7t h\u00e0ng<\/a><\/li><\/ul><\/nav><\/div>\n\t\t<div data-elementor-type=\"wp-post\" data-elementor-id=\"7566\" class=\"elementor elementor-7566\">\n\t\t\t\t<div class=\"wd-negative-gap elementor-element elementor-element-3282dd29 e-flex e-con-boxed e-con e-parent\" data-id=\"3282dd29\" data-element_type=\"container\">\n\t\t\t\t\t<div class=\"e-con-inner\">\n\t\t\t\t<div class=\"elementor-element elementor-element-11df337a color-scheme-inherit text-left elementor-widget elementor-widget-text-editor\" data-id=\"11df337a\" data-element_type=\"widget\" data-widget_type=\"text-editor.default\">\n\t\t\t\t<div class=\"elementor-widget-container\">\n\t\t\t\t\t\t\t<div class=\"content--title\"><p class=\"ds-markdown-paragraph\">B\u1ed9 c\u00e1nh qu\u1ea1t carbon Becker Original\u00a0<strong>90140100004 (m\u00e3 WN124-252)<\/strong>\u00a0l\u00e0 ph\u1ee5 t\u00f9ng ch\u00ednh h\u00e3ng d\u00e0nh cho d\u00f2ng m\u00e1y b\u01a1m ch\u00e2n kh\u00f4ng v\u00e0 m\u00e1y n\u00e9n kh\u00f4 c\u1ee7a Becker. D\u01b0\u1edbi \u0111\u00e2y l\u00e0 th\u00f4ng tin chi ti\u1ebft v\u00e0 l\u01b0u \u00fd quan tr\u1ecdng khi s\u1eed d\u1ee5ng:<\/p><hr \/><h3><span class=\"ez-toc-section\" id=\"Thong_so_ky_thuat\"><\/span><strong>Th\u00f4ng s\u1ed1 k\u1ef9 thu\u1eadt<\/strong><span class=\"ez-toc-section-end\"><\/span><\/h3><ul><li><p class=\"ds-markdown-paragraph\"><strong>Ch\u1ea5t li\u1ec7u:<\/strong>\u00a0Carbon (\u0111\u1ed9 b\u1ec1n cao, ch\u1ecbu ma s\u00e1t t\u1ed1t).<\/p><\/li><li><p class=\"ds-markdown-paragraph\"><strong>K\u00edch th\u01b0\u1edbc:<\/strong><\/p><ul><li><p class=\"ds-markdown-paragraph\">Chi\u1ec1u d\u00e0i:\u00a0<strong>170 mm<\/strong><\/p><\/li><li><p class=\"ds-markdown-paragraph\">Chi\u1ec1u r\u1ed9ng\/cao:\u00a0<strong>37 mm<\/strong><\/p><\/li><li><p class=\"ds-markdown-paragraph\">\u0110\u1ed9 d\u00e0y:\u00a0<strong>4 mm<\/strong><\/p><\/li><\/ul><\/li><li><p class=\"ds-markdown-paragraph\"><strong>S\u1ed1 l\u01b0\u1ee3ng:<\/strong>\u00a04 c\u00e1nh qu\u1ea1t\/b\u1ed9.<\/p><\/li><li><p class=\"ds-markdown-paragraph\"><strong>\u0110\u1ed9 m\u00f2n t\u1ed1i \u0111a cho ph\u00e9p:<\/strong>\u00a0<strong>21 mm<\/strong>\u00a0(theo khuy\u1ebfn c\u00e1o c\u1ee7a Becker). Khi c\u00e1nh qu\u1ea1t m\u00f2n v\u01b0\u1ee3t ng\u01b0\u1ee1ng n\u00e0y, c\u1ea7n thay th\u1ebf ngay \u0111\u1ec3 tr\u00e1nh gi\u1ea3m hi\u1ec7u su\u1ea5t m\u00e1y.<\/p><\/li><\/ul><hr \/><h3><span class=\"ez-toc-section\" id=\"Ung_dung\"><\/span><strong>\u1ee8ng d\u1ee5ng<\/strong><span class=\"ez-toc-section-end\"><\/span><\/h3><p class=\"ds-markdown-paragraph\">B\u1ed9 c\u00e1nh qu\u1ea1t t\u01b0\u01a1ng th\u00edch v\u1edbi c\u00e1c d\u00f2ng m\u00e1y b\u01a1m ch\u00e2n kh\u00f4ng Becker:<\/p><ul><li><p class=\"ds-markdown-paragraph\"><strong>KDX 3.60 \/ 3.80<\/strong>\u00a0(c\u1ea3 phi\u00ean b\u1ea3n Index F).<\/p><\/li><li><p class=\"ds-markdown-paragraph\"><strong>KVX 3.60 \/ 3.80<\/strong>\u00a0(bao g\u1ed3m c\u1ea3 phi\u00ean b\u1ea3n\u00a0<strong>0-54<\/strong>\u00a0v\u00e0 Index F).<\/p><\/li><\/ul><hr \/><h3><span class=\"ez-toc-section\" id=\"Luu_y_khi_su_dung\"><\/span><strong>L\u01b0u \u00fd khi s\u1eed d\u1ee5ng<\/strong><span class=\"ez-toc-section-end\"><\/span><\/h3><ol start=\"1\"><li><p class=\"ds-markdown-paragraph\"><strong>Ki\u1ec3m tra \u0111\u1ecbnh k\u1ef3:<\/strong>\u00a0\u0110o chi\u1ec1u d\u00e0i c\u00e1nh qu\u1ea1t theo h\u01b0\u1edbng d\u1eabn c\u1ee7a nh\u00e0 s\u1ea3n xu\u1ea5t \u0111\u1ec3 ph\u00e1t hi\u1ec7n m\u00f2n v\u01b0\u1ee3t m\u1ee9c.<\/p><\/li><li><p class=\"ds-markdown-paragraph\"><strong>Thay th\u1ebf \u0111\u1ed3ng b\u1ed9:<\/strong>\u00a0N\u00ean thay c\u1ea3 b\u1ed9 4 c\u00e1nh \u0111\u1ec3 \u0111\u1ea3m b\u1ea3o c\u00e2n b\u1eb1ng \u0111\u1ed9ng cho m\u00e1y.<\/p><\/li><li><p class=\"ds-markdown-paragraph\"><strong>V\u1ec7 sinh m\u00e1y:<\/strong>\u00a0Lo\u1ea1i b\u1ecf b\u1ee5i b\u1ea9n, t\u1ea1p ch\u1ea5t trong bu\u1ed3ng b\u01a1m tr\u01b0\u1edbc khi l\u1eafp c\u00e1nh m\u1edbi.<\/p><\/li><li><p class=\"ds-markdown-paragraph\"><strong>Ngu\u1ed3n g\u1ed1c:<\/strong>\u00a0S\u1eed d\u1ee5ng c\u00e1nh qu\u1ea1t ch\u00ednh h\u00e3ng Becker \u0111\u1ec3 tr\u00e1nh h\u01b0 h\u1ecfng m\u00e1y do v\u1eadt li\u1ec7u k\u00e9m ch\u1ea5t l\u01b0\u1ee3ng.<\/p><\/li><\/ol><hr \/><h3><span class=\"ez-toc-section\" id=\"Lien_he_dat_hang\"><\/span><strong>Li\u00ean h\u1ec7 \u0111\u1eb7t h\u00e0ng<\/strong><span class=\"ez-toc-section-end\"><\/span><\/h3><ul><li><p class=\"ds-markdown-paragraph\"><strong>C\u00f4ng ty TNHH K\u1ef9 Thu\u1eadt V\u00e0 D\u1ecbch V\u1ee5 Minh Ph\u00fa<\/strong><\/p><ul><li><p class=\"ds-markdown-paragraph\">Hotline:\u00a0<strong>0985 459 559<\/strong><\/p><\/li><li><p class=\"ds-markdown-paragraph\">Email:\u00a0<strong><a href=\"https:\/\/mailto:Sales@minhphuco.vn\/\" target=\"_blank\" rel=\"noopener noreferrer\">Sales@minhphuco.vn<\/a><\/strong><\/p><\/li><li><p class=\"ds-markdown-paragraph\">Zalo:\u00a0<strong>0985 490 343<\/strong>\u00a0ho\u1eb7c\u00a0<strong>0985 843 778<\/strong><\/p><\/li><\/ul><\/li><\/ul><p class=\"ds-markdown-paragraph\">S\u1ea3n ph\u1ea9m ph\u00f9 h\u1ee3p cho b\u1ea3o tr\u00ec m\u00e1y c\u00f4ng nghi\u1ec7p, h\u1ec7 th\u1ed1ng h\u00fat ch\u00e2n kh\u00f4ng y t\u1ebf, ph\u00f2ng th\u00ed nghi\u1ec7m. \u0110\u1ec1 ngh\u1ecb cung c\u1ea5p m\u00e3 m\u00e1y ch\u00ednh x\u00e1c \u0111\u1ec3 \u0111\u01b0\u1ee3c t\u01b0 v\u1ea5n ph\u00f9 h\u1ee3p!<\/p><\/div>\t\t\t\t\t\t<\/div>\n\t\t\t\t<\/div>\n\t\t\t\t\t<\/div>\n\t\t\t\t<\/div>\n\t\t\t\t<\/div>\n\t\t","protected":false},"excerpt":{"rendered":"<p>S\u1ed1 l\u01b0\u1ee3ng c\u00e1nh qu\u1ea1t\/b\u1ed9: 4 C\u00e1nh<br \/>\nS\u1ed1 WN: WN124-252<br \/>\nK\u00edch th\u01b0\u1edbc chu\u1ea9n : 170-37-4 mm<br \/>\nV\u1eadt li\u1ec7u c\u00e1nh qu\u1ea1t: cacbon \/ carbon<br \/>\nModel: KDX 3.60\/KDX 3.80\/KVX 3.60\/KVX 3.80<\/p>\n","protected":false},"featured_media":7185,"comment_status":"open","ping_status":"closed","template":"","meta":{"_acf_changed":false},"product_brand":[],"product_cat":[701],"product_tag":[1253,1252,1254],"class_list":{"0":"post-7566","1":"product","2":"type-product","3":"status-publish","4":"has-post-thumbnail","6":"product_cat-canh-vanes-becker","7":"product_tag-170-37-4","8":"product_tag-1252","9":"product_tag-wn124-252","11":"first","12":"instock","13":"shipping-taxable","14":"product-type-external"},"acf":[],"_links":{"self":[{"href":"https:\/\/mpvane.com\/en\/wp-json\/wp\/v2\/product\/7566","targetHints":{"allow":["GET"]}}],"collection":[{"href":"https:\/\/mpvane.com\/en\/wp-json\/wp\/v2\/product"}],"about":[{"href":"https:\/\/mpvane.com\/en\/wp-json\/wp\/v2\/types\/product"}],"replies":[{"embeddable":true,"href":"https:\/\/mpvane.com\/en\/wp-json\/wp\/v2\/comments?post=7566"}],"version-history":[{"count":4,"href":"https:\/\/mpvane.com\/en\/wp-json\/wp\/v2\/product\/7566\/revisions"}],"predecessor-version":[{"id":7570,"href":"https:\/\/mpvane.com\/en\/wp-json\/wp\/v2\/product\/7566\/revisions\/7570"}],"wp:featuredmedia":[{"embeddable":true,"href":"https:\/\/mpvane.com\/en\/wp-json\/wp\/v2\/media\/7185"}],"wp:attachment":[{"href":"https:\/\/mpvane.com\/en\/wp-json\/wp\/v2\/media?parent=7566"}],"wp:term":[{"taxonomy":"product_brand","embeddable":true,"href":"https:\/\/mpvane.com\/en\/wp-json\/wp\/v2\/product_brand?post=7566"},{"taxonomy":"product_cat","embeddable":true,"href":"https:\/\/mpvane.com\/en\/wp-json\/wp\/v2\/product_cat?post=7566"},{"taxonomy":"product_tag","embeddable":true,"href":"https:\/\/mpvane.com\/en\/wp-json\/wp\/v2\/product_tag?post=7566"}],"curies":[{"name":"wp","href":"https:\/\/api.w.org\/{rel}","templated":true}]}}