{"id":7549,"date":"2025-05-06T21:46:18","date_gmt":"2025-05-06T14:46:18","guid":{"rendered":"https:\/\/mpvane.com\/?post_type=product&#038;p=7549"},"modified":"2025-05-06T21:58:16","modified_gmt":"2025-05-06T14:58:16","slug":"bo-5-canh-quat-bang-carbon-d-v-xlf-200-250-90132500005wn124-250","status":"publish","type":"product","link":"https:\/\/mpvane.com\/en\/san-pham\/bo-5-canh-quat-bang-carbon-d-v-xlf-200-250-90132500005wn124-250\/","title":{"rendered":"B\u1ed9 5 c\u00e1nh qu\u1ea1t b\u1eb1ng carbon D\/V XLF \/ 200\/250 90132500005|WN124-250"},"content":{"rendered":"<div id=\"ez-toc-container\" class=\"ez-toc-v2_0_75 counter-hierarchy ez-toc-counter ez-toc-grey ez-toc-container-direction\">\n<div class=\"ez-toc-title-container\">\n<p class=\"ez-toc-title\" style=\"cursor:inherit\">Table of Contents<\/p>\n<span class=\"ez-toc-title-toggle\"><a href=\"#\" class=\"ez-toc-pull-right ez-toc-btn ez-toc-btn-xs ez-toc-btn-default ez-toc-toggle\" aria-label=\"Toggle Table of Content\"><span class=\"ez-toc-js-icon-con\"><span class=\"\"><span class=\"eztoc-hide\" style=\"display:none;\">Toggle<\/span><span class=\"ez-toc-icon-toggle-span\"><svg style=\"fill: #999;color:#999\" xmlns=\"http:\/\/www.w3.org\/2000\/svg\" class=\"list-377408\" width=\"20px\" height=\"20px\" viewBox=\"0 0 24 24\" fill=\"none\"><path d=\"M6 6H4v2h2V6zm14 0H8v2h12V6zM4 11h2v2H4v-2zm16 0H8v2h12v-2zM4 16h2v2H4v-2zm16 0H8v2h12v-2z\" fill=\"currentColor\"><\/path><\/svg><svg style=\"fill: #999;color:#999\" class=\"arrow-unsorted-368013\" xmlns=\"http:\/\/www.w3.org\/2000\/svg\" width=\"10px\" height=\"10px\" viewBox=\"0 0 24 24\" version=\"1.2\" baseProfile=\"tiny\"><path d=\"M18.2 9.3l-6.2-6.3-6.2 6.3c-.2.2-.3.4-.3.7s.1.5.3.7c.2.2.4.3.7.3h11c.3 0 .5-.1.7-.3.2-.2.3-.5.3-.7s-.1-.5-.3-.7zM5.8 14.7l6.2 6.3 6.2-6.3c.2-.2.3-.5.3-.7s-.1-.5-.3-.7c-.2-.2-.4-.3-.7-.3h-11c-.3 0-.5.1-.7.3-.2.2-.3.5-.3.7s.1.5.3.7z\"\/><\/svg><\/span><\/span><\/span><\/a><\/span><\/div>\n<nav><ul class='ez-toc-list ez-toc-list-level-1 ' ><li class='ez-toc-page-1 ez-toc-heading-level-3'><a class=\"ez-toc-link ez-toc-heading-1\" href=\"https:\/\/mpvane.com\/en\/san-pham\/bo-5-canh-quat-bang-carbon-d-v-xlf-200-250-90132500005wn124-250\/#1_Thong_so_ky_thuat\" >1. Th\u00f4ng s\u1ed1 k\u1ef9 thu\u1eadt:<\/a><\/li><li class='ez-toc-page-1 ez-toc-heading-level-3'><a class=\"ez-toc-link ez-toc-heading-2\" href=\"https:\/\/mpvane.com\/en\/san-pham\/bo-5-canh-quat-bang-carbon-d-v-xlf-200-250-90132500005wn124-250\/#2_Ung_dung\" >2. \u1ee8ng d\u1ee5ng:<\/a><\/li><li class='ez-toc-page-1 ez-toc-heading-level-3'><a class=\"ez-toc-link ez-toc-heading-3\" href=\"https:\/\/mpvane.com\/en\/san-pham\/bo-5-canh-quat-bang-carbon-d-v-xlf-200-250-90132500005wn124-250\/#3_Cong_dung\" >3. C\u00f4ng d\u1ee5ng:<\/a><\/li><li class='ez-toc-page-1 ez-toc-heading-level-3'><a class=\"ez-toc-link ez-toc-heading-4\" href=\"https:\/\/mpvane.com\/en\/san-pham\/bo-5-canh-quat-bang-carbon-d-v-xlf-200-250-90132500005wn124-250\/#4_Lien_he_dat_hang\" >4. Li\u00ean h\u1ec7 \u0111\u1eb7t h\u00e0ng:<\/a><\/li><\/ul><\/nav><\/div>\n\t\t<div data-elementor-type=\"wp-post\" data-elementor-id=\"7549\" class=\"elementor elementor-7549\">\n\t\t\t\t<div class=\"wd-negative-gap elementor-element elementor-element-3282dd29 e-flex e-con-boxed e-con e-parent\" data-id=\"3282dd29\" data-element_type=\"container\">\n\t\t\t\t\t<div class=\"e-con-inner\">\n\t\t\t\t<div class=\"elementor-element elementor-element-11df337a color-scheme-inherit text-left elementor-widget elementor-widget-text-editor\" data-id=\"11df337a\" data-element_type=\"widget\" data-widget_type=\"text-editor.default\">\n\t\t\t\t<div class=\"elementor-widget-container\">\n\t\t\t\t\t\t\t<div class=\"content--title\"><p class=\"ds-markdown-paragraph\"><strong>Th\u00f4ng tin chi ti\u1ebft v\u1ec1 B\u1ed9 c\u00e1nh qu\u1ea1t carbon Becker Original 90132500005 (M\u00e3 WN124-250):<\/strong><\/p><h3><span class=\"ez-toc-section\" id=\"1_Thong_so_ky_thuat\"><\/span><strong>1. Th\u00f4ng s\u1ed1 k\u1ef9 thu\u1eadt:<\/strong><span class=\"ez-toc-section-end\"><\/span><\/h3><ul><li><p class=\"ds-markdown-paragraph\"><strong>Ch\u1ea5t li\u1ec7u:<\/strong>\u00a0Carbon<\/p><\/li><li><p class=\"ds-markdown-paragraph\"><strong>S\u1ed1 l\u01b0\u1ee3ng:<\/strong>\u00a05 c\u00e1nh qu\u1ea1t\/b\u1ed9<\/p><\/li><li><p class=\"ds-markdown-paragraph\"><strong>K\u00edch th\u01b0\u1edbc:<\/strong><\/p><ul><li><p class=\"ds-markdown-paragraph\">Chi\u1ec1u d\u00e0i:\u00a0<strong>355 mm<\/strong><\/p><\/li><li><p class=\"ds-markdown-paragraph\">Chi\u1ec1u r\u1ed9ng\/cao:\u00a0<strong>64 mm<\/strong><\/p><\/li><li><p class=\"ds-markdown-paragraph\">\u0110\u1ed9 d\u00e0y:\u00a0<strong>5 mm<\/strong><\/p><\/li><\/ul><\/li><li><p class=\"ds-markdown-paragraph\"><strong>M\u1ee9c \u0111\u1ed9 m\u00f2n t\u1ed1i \u0111a (theo Becker):<\/strong>\u00a0<strong>41 mm<\/strong>\u00a0(n\u00ean thay th\u1ebf khi \u0111\u1ea1t ng\u01b0\u1ee1ng n\u00e0y).<\/p><\/li><\/ul><h3><span class=\"ez-toc-section\" id=\"2_Ung_dung\"><\/span><strong>2. \u1ee8ng d\u1ee5ng:<\/strong><span class=\"ez-toc-section-end\"><\/span><\/h3><p class=\"ds-markdown-paragraph\">B\u1ed9 c\u00e1nh qu\u1ea1t \u0111\u01b0\u1ee3c thi\u1ebft k\u1ebf cho\u00a0<strong>m\u00e1y b\u01a1m ch\u00e2n kh\u00f4ng v\u00e0 m\u00e1y n\u00e9n kh\u00ed ch\u1ea1y kh\u00f4<\/strong>\u00a0c\u1ee7a Becker.<\/p><p class=\"ds-markdown-paragraph\"><strong>T\u01b0\u01a1ng th\u00edch v\u1edbi c\u00e1c d\u00f2ng m\u00e1y:<\/strong><\/p><ul><li><p class=\"ds-markdown-paragraph\"><strong>DTLF 2.360, DVXLF 2.200\/2.250, DXLF 2.200\/2.250, TLF 2.200\/2.250\/2.360, VTLF 2.250\/2.360, VXLF 2.200\/2.250\/250<\/strong>\u00a0(v\u00e0 c\u00e1c phi\u00ean b\u1ea3n Index A, K, SK, KSK).<\/p><\/li><\/ul><h3><span class=\"ez-toc-section\" id=\"3_Cong_dung\"><\/span><strong>3. C\u00f4ng d\u1ee5ng:<\/strong><span class=\"ez-toc-section-end\"><\/span><\/h3><ul><li><p class=\"ds-markdown-paragraph\">\u0110\u00f3ng vai tr\u00f2 quan tr\u1ecdng trong vi\u1ec7c t\u1ea1o l\u1ef1c h\u00fat\/n\u00e9n kh\u00ed, ch\u1ecbu m\u00e0i m\u00f2n do ma s\u00e1t li\u00ean t\u1ee5c.<\/p><\/li><li><p class=\"ds-markdown-paragraph\"><strong>L\u01b0u \u00fd:<\/strong>\u00a0C\u1ea7n ki\u1ec3m tra \u0111\u1ecbnh k\u1ef3 v\u00e0 thay th\u1ebf khi c\u00e1nh qu\u1ea1t m\u00f2n v\u01b0\u1ee3t qu\u00e1 41 mm \u0111\u1ec3 \u0111\u1ea3m b\u1ea3o hi\u1ec7u su\u1ea5t m\u00e1y.<\/p><\/li><\/ul><h3><span class=\"ez-toc-section\" id=\"4_Lien_he_dat_hang\"><\/span><strong>4. Li\u00ean h\u1ec7 \u0111\u1eb7t h\u00e0ng:<\/strong><span class=\"ez-toc-section-end\"><\/span><\/h3><ul><li><p class=\"ds-markdown-paragraph\"><strong>C\u00f4ng ty TNHH K\u1ef9 Thu\u1eadt &amp; D\u1ecbch V\u1ee5 Minh Ph\u00fa<\/strong><\/p><ul><li><p class=\"ds-markdown-paragraph\"><strong>Hotline:<\/strong>\u00a00985 459 559<\/p><\/li><li><p class=\"ds-markdown-paragraph\"><strong>Email:<\/strong>\u00a0<a href=\"https:\/\/mailto:Sales@minhphuco.vn\/\" target=\"_blank\" rel=\"noopener noreferrer\">Sales@minhphuco.vn<\/a><\/p><\/li><li><p class=\"ds-markdown-paragraph\"><strong>Zalo:<\/strong>\u00a00985 490 343 \/ 0985 843 778<\/p><\/li><\/ul><\/li><\/ul><p class=\"ds-markdown-paragraph\">\ud83d\udc49\u00a0<strong>\u01afu \u0111i\u1ec3m s\u1ea3n ph\u1ea9m:<\/strong><\/p><ul><li><p class=\"ds-markdown-paragraph\">Ch\u00ednh h\u00e3ng Becker, \u0111\u1ed9 b\u1ec1n cao, ph\u00f9 h\u1ee3p ti\u00eau chu\u1ea9n k\u1ef9 thu\u1eadt kh\u1eaft khe.<\/p><\/li><li><p class=\"ds-markdown-paragraph\">H\u1ed7 tr\u1ee3 t\u01b0 v\u1ea5n k\u1ef9 thu\u1eadt v\u00e0 b\u1ea3o h\u00e0nh t\u1eeb \u0111\u01a1n v\u1ecb ph\u00e2n ph\u1ed1i uy t\u00edn.<\/p><\/li><\/ul><p class=\"ds-markdown-paragraph\"><strong>#Ph\u1ee5_t\u00f9ng_Becker #C\u00e1nh_qu\u1ea1t_carbon #M\u00e1y_b\u01a1m_ch\u00e2n_kh\u00f4ng<\/strong><\/p><\/div>\t\t\t\t\t\t<\/div>\n\t\t\t\t<\/div>\n\t\t\t\t\t<\/div>\n\t\t\t\t<\/div>\n\t\t\t\t<\/div>\n\t\t","protected":false},"excerpt":{"rendered":"<p>S\u1ed1 l\u01b0\u1ee3ng c\u00e1nh qu\u1ea1t\/b\u1ed9: 5 C\u00e1nh<br \/>\nS\u1ed1 WN: WN124-250<br \/>\nK\u00edch th\u01b0\u1edbc chu\u1ea9n : 355-64-5 mm<br \/>\nV\u1eadt li\u1ec7u c\u00e1nh qu\u1ea1t: cacbon \/ carbon<br \/>\nModel: DTLF 2.360\/VTLF 2.360\/DXLF 200\/250\/DXLF 2.200\/2.250\/VXLF 200\/250\/VXLF 2.200\/2.250<\/p>\n","protected":false},"featured_media":7317,"comment_status":"open","ping_status":"closed","template":"","meta":{"_acf_changed":false},"product_brand":[],"product_cat":[701],"product_tag":[1245,1244,728,1243],"class_list":{"0":"post-7549","1":"product","2":"type-product","3":"status-publish","4":"has-post-thumbnail","6":"product_cat-canh-vanes-becker","7":"product_tag-355-64-5","8":"product_tag-1244","9":"product_tag-canh-than","10":"product_tag-wn124-250","12":"first","13":"instock","14":"shipping-taxable","15":"product-type-external"},"acf":[],"_links":{"self":[{"href":"https:\/\/mpvane.com\/en\/wp-json\/wp\/v2\/product\/7549","targetHints":{"allow":["GET"]}}],"collection":[{"href":"https:\/\/mpvane.com\/en\/wp-json\/wp\/v2\/product"}],"about":[{"href":"https:\/\/mpvane.com\/en\/wp-json\/wp\/v2\/types\/product"}],"replies":[{"embeddable":true,"href":"https:\/\/mpvane.com\/en\/wp-json\/wp\/v2\/comments?post=7549"}],"version-history":[{"count":4,"href":"https:\/\/mpvane.com\/en\/wp-json\/wp\/v2\/product\/7549\/revisions"}],"predecessor-version":[{"id":7554,"href":"https:\/\/mpvane.com\/en\/wp-json\/wp\/v2\/product\/7549\/revisions\/7554"}],"wp:featuredmedia":[{"embeddable":true,"href":"https:\/\/mpvane.com\/en\/wp-json\/wp\/v2\/media\/7317"}],"wp:attachment":[{"href":"https:\/\/mpvane.com\/en\/wp-json\/wp\/v2\/media?parent=7549"}],"wp:term":[{"taxonomy":"product_brand","embeddable":true,"href":"https:\/\/mpvane.com\/en\/wp-json\/wp\/v2\/product_brand?post=7549"},{"taxonomy":"product_cat","embeddable":true,"href":"https:\/\/mpvane.com\/en\/wp-json\/wp\/v2\/product_cat?post=7549"},{"taxonomy":"product_tag","embeddable":true,"href":"https:\/\/mpvane.com\/en\/wp-json\/wp\/v2\/product_tag?post=7549"}],"curies":[{"name":"wp","href":"https:\/\/api.w.org\/{rel}","templated":true}]}}