{"id":7377,"date":"2025-05-06T11:23:37","date_gmt":"2025-05-06T04:23:37","guid":{"rendered":"https:\/\/mpvane.com\/?post_type=product&#038;p=7377"},"modified":"2025-05-06T11:48:19","modified_gmt":"2025-05-06T04:48:19","slug":"bo-7canh-quat-bang-carbon-dx-x-vx-4-40-90139700007wn124-244","status":"publish","type":"product","link":"https:\/\/mpvane.com\/en\/san-pham\/bo-7canh-quat-bang-carbon-dx-x-vx-4-40-90139700007wn124-244\/","title":{"rendered":"B\u1ed9 7 c\u00e1nh qu\u1ea1t b\u1eb1ng carbon DX\/ X\/ VX 4.40 90139700007|WN124-244"},"content":{"rendered":"<div id=\"ez-toc-container\" class=\"ez-toc-v2_0_75 counter-hierarchy ez-toc-counter ez-toc-grey ez-toc-container-direction\">\n<div class=\"ez-toc-title-container\">\n<p class=\"ez-toc-title\" style=\"cursor:inherit\">Table of Contents<\/p>\n<span class=\"ez-toc-title-toggle\"><a href=\"#\" class=\"ez-toc-pull-right ez-toc-btn ez-toc-btn-xs ez-toc-btn-default ez-toc-toggle\" aria-label=\"Toggle Table of Content\"><span class=\"ez-toc-js-icon-con\"><span class=\"\"><span class=\"eztoc-hide\" style=\"display:none;\">Toggle<\/span><span class=\"ez-toc-icon-toggle-span\"><svg style=\"fill: #999;color:#999\" xmlns=\"http:\/\/www.w3.org\/2000\/svg\" class=\"list-377408\" width=\"20px\" height=\"20px\" viewBox=\"0 0 24 24\" fill=\"none\"><path d=\"M6 6H4v2h2V6zm14 0H8v2h12V6zM4 11h2v2H4v-2zm16 0H8v2h12v-2zM4 16h2v2H4v-2zm16 0H8v2h12v-2z\" fill=\"currentColor\"><\/path><\/svg><svg style=\"fill: #999;color:#999\" class=\"arrow-unsorted-368013\" xmlns=\"http:\/\/www.w3.org\/2000\/svg\" width=\"10px\" height=\"10px\" viewBox=\"0 0 24 24\" version=\"1.2\" baseProfile=\"tiny\"><path d=\"M18.2 9.3l-6.2-6.3-6.2 6.3c-.2.2-.3.4-.3.7s.1.5.3.7c.2.2.4.3.7.3h11c.3 0 .5-.1.7-.3.2-.2.3-.5.3-.7s-.1-.5-.3-.7zM5.8 14.7l6.2 6.3 6.2-6.3c.2-.2.3-.5.3-.7s-.1-.5-.3-.7c-.2-.2-.4-.3-.7-.3h-11c-.3 0-.5.1-.7.3-.2.2-.3.5-.3.7s.1.5.3.7z\"\/><\/svg><\/span><\/span><\/span><\/a><\/span><\/div>\n<nav><ul class='ez-toc-list ez-toc-list-level-1 ' ><li class='ez-toc-page-1 ez-toc-heading-level-3'><a class=\"ez-toc-link ez-toc-heading-1\" href=\"https:\/\/mpvane.com\/en\/san-pham\/bo-7canh-quat-bang-carbon-dx-x-vx-4-40-90139700007wn124-244\/#Thong_so_ky_thuat\" >Th\u00f4ng s\u1ed1 k\u1ef9 thu\u1eadt<\/a><\/li><li class='ez-toc-page-1 ez-toc-heading-level-3'><a class=\"ez-toc-link ez-toc-heading-2\" href=\"https:\/\/mpvane.com\/en\/san-pham\/bo-7canh-quat-bang-carbon-dx-x-vx-4-40-90139700007wn124-244\/#Ung_dung\" >\u1ee8ng d\u1ee5ng<\/a><\/li><li class='ez-toc-page-1 ez-toc-heading-level-3'><a class=\"ez-toc-link ez-toc-heading-3\" href=\"https:\/\/mpvane.com\/en\/san-pham\/bo-7canh-quat-bang-carbon-dx-x-vx-4-40-90139700007wn124-244\/#Cong_dung\" >C\u00f4ng d\u1ee5ng<\/a><\/li><li class='ez-toc-page-1 ez-toc-heading-level-3'><a class=\"ez-toc-link ez-toc-heading-4\" href=\"https:\/\/mpvane.com\/en\/san-pham\/bo-7canh-quat-bang-carbon-dx-x-vx-4-40-90139700007wn124-244\/#Lien_he_dat_hang\" >Li\u00ean h\u1ec7 \u0111\u1eb7t h\u00e0ng<\/a><\/li><\/ul><\/nav><\/div>\n\t\t<div data-elementor-type=\"wp-post\" data-elementor-id=\"7377\" class=\"elementor elementor-7377\">\n\t\t\t\t<div class=\"wd-negative-gap elementor-element elementor-element-3282dd29 e-flex e-con-boxed e-con e-parent\" data-id=\"3282dd29\" data-element_type=\"container\">\n\t\t\t\t\t<div class=\"e-con-inner\">\n\t\t\t\t<div class=\"elementor-element elementor-element-11df337a color-scheme-inherit text-left elementor-widget elementor-widget-text-editor\" data-id=\"11df337a\" data-element_type=\"widget\" data-widget_type=\"text-editor.default\">\n\t\t\t\t<div class=\"elementor-widget-container\">\n\t\t\t\t\t\t\t<div class=\"content--title\"><p class=\"ds-markdown-paragraph\">B\u1ed9 c\u00e1nh qu\u1ea1t carbon\u00a0<strong>Becker Original 90139700007 (m\u00e3 Becker WN124-244)<\/strong>\u00a0l\u00e0 ph\u1ee5 t\u00f9ng ch\u00ednh h\u00e3ng d\u00e0nh cho d\u00f2ng m\u00e1y b\u01a1m ch\u00e2n kh\u00f4ng v\u00e0 m\u00e1y n\u00e9n kh\u00ed Becker. D\u01b0\u1edbi \u0111\u00e2y l\u00e0 th\u00f4ng tin chi ti\u1ebft v\u1ec1 s\u1ea3n ph\u1ea9m:<\/p><h3><span class=\"ez-toc-section\" id=\"Thong_so_ky_thuat\"><\/span><strong>Th\u00f4ng s\u1ed1 k\u1ef9 thu\u1eadt<\/strong><span class=\"ez-toc-section-end\"><\/span><\/h3><ul><li><p class=\"ds-markdown-paragraph\"><strong>Ch\u1ea5t li\u1ec7u:<\/strong>\u00a0Carbon<\/p><\/li><li><p class=\"ds-markdown-paragraph\"><strong>K\u00edch th\u01b0\u1edbc:<\/strong>\u00a095 x 41 x 4 mm<\/p><\/li><li><p class=\"ds-markdown-paragraph\"><strong>S\u1ed1 l\u01b0\u1ee3ng c\u00e1nh:<\/strong>\u00a07 c\u00e1nh\/qu\u1ea1t<\/p><\/li><li><p class=\"ds-markdown-paragraph\"><strong>\u0110\u1ed9 m\u00f2n t\u1ed1i \u0111a khuy\u1ebfn c\u00e1o:<\/strong>\u00a028 mm (c\u1ea7n thay th\u1ebf khi m\u00f2n v\u01b0\u1ee3t ng\u01b0\u1ee1ng n\u00e0y)<\/p><\/li><\/ul><h3><span class=\"ez-toc-section\" id=\"Ung_dung\"><\/span><strong>\u1ee8ng d\u1ee5ng<\/strong><span class=\"ez-toc-section-end\"><\/span><\/h3><p class=\"ds-markdown-paragraph\">B\u1ed9 c\u00e1nh qu\u1ea1t ph\u00f9 h\u1ee3p cho c\u00e1c d\u00f2ng m\u00e1y b\u01a1m ch\u00e2n kh\u00f4ng Becker:<\/p><ul><li><p class=\"ds-markdown-paragraph\"><strong>Becker DX 4.40 K<\/strong>\u00a0(Index C)<\/p><\/li><li><p class=\"ds-markdown-paragraph\"><strong>Becker DX 4.40\/0-80<\/strong>\u00a0(Index C)<\/p><\/li><li><p class=\"ds-markdown-paragraph\"><strong>Becker VT 4.40\/0-90<\/strong>\u00a0(Index B &amp; C)<\/p><\/li><li><p class=\"ds-markdown-paragraph\"><strong>Becker VX 4.40<\/strong>\u00a0(Index C)<\/p><\/li><li><p class=\"ds-markdown-paragraph\"><strong>Becker X 4.40 DSK\/DV<\/strong>\u00a0(Index C)<\/p><\/li><li><p class=\"ds-markdown-paragraph\"><strong>Becker VX4.40 (\u0110\u1ed9ng c\u01a1 3 pha kh\u00f4ng \u0111\u1ed3ng b\u1ed9)<\/strong><\/p><\/li><\/ul><h3><span class=\"ez-toc-section\" id=\"Cong_dung\"><\/span><strong>C\u00f4ng d\u1ee5ng<\/strong><span class=\"ez-toc-section-end\"><\/span><\/h3><ul><li><p class=\"ds-markdown-paragraph\">D\u00f9ng cho\u00a0<strong>m\u00e1y b\u01a1m ch\u00e2n kh\u00f4ng &amp; m\u00e1y n\u00e9n kh\u00ed ch\u1ea1y kh\u00f4<\/strong>.<\/p><\/li><li><p class=\"ds-markdown-paragraph\">C\u00e1nh qu\u1ea1t carbon c\u00f3 \u0111\u1ed9 b\u1ec1n cao nh\u01b0ng s\u1ebd b\u1ecb m\u00f2n theo th\u1eddi gian, c\u1ea7n ki\u1ec3m tra \u0111\u1ecbnh k\u1ef3 v\u00e0 thay th\u1ebf khi \u0111\u1ea1t ng\u01b0\u1ee1ng m\u00f2n.<\/p><\/li><\/ul><h3><span class=\"ez-toc-section\" id=\"Lien_he_dat_hang\"><\/span><strong>Li\u00ean h\u1ec7 \u0111\u1eb7t h\u00e0ng<\/strong><span class=\"ez-toc-section-end\"><\/span><\/h3><ul><li><p class=\"ds-markdown-paragraph\"><strong>C\u00d4NG TY TNHH K\u1ef8 THU\u1eacT V\u00c0 D\u1ecaCH V\u1ee4 MINH PH\u00da<\/strong><\/p><\/li><li><p class=\"ds-markdown-paragraph\">\ud83d\udcde\u00a0<strong>Hotline:<\/strong>\u00a00985 459 559<\/p><\/li><li><p class=\"ds-markdown-paragraph\">\u2709\u00a0<strong>Email:<\/strong>\u00a0<a href=\"https:\/\/mailto:Sales@minhphuco.vn\/\" target=\"_blank\" rel=\"noopener noreferrer\">Sales@minhphuco.vn<\/a><\/p><\/li><li><p class=\"ds-markdown-paragraph\">\ud83d\udcbb\u00a0<strong>Zalo:<\/strong>\u00a00985 490 343 \/ 0985 843 778<\/p><\/li><\/ul><p class=\"ds-markdown-paragraph\">B\u1ed9 c\u00e1nh qu\u1ea1t ch\u00ednh h\u00e3ng Becker \u0111\u1ea3m b\u1ea3o\u00a0<strong>\u0111\u1ed9 b\u1ec1n, hi\u1ec7u su\u1ea5t t\u1ed1i \u01b0u<\/strong>\u00a0v\u00e0\u00a0<strong>t\u01b0\u01a1ng th\u00edch 100%<\/strong>\u00a0v\u1edbi c\u00e1c d\u00f2ng m\u00e1y li\u1ec7t k\u00ea. N\u1ebfu m\u00e1y c\u1ee7a b\u1ea1n c\u00f3 d\u1ea5u hi\u1ec7u gi\u1ea3m hi\u1ec7u n\u0103ng, h\u00e3y ki\u1ec3m tra v\u00e0 thay th\u1ebf c\u00e1nh qu\u1ea1t k\u1ecbp th\u1eddi!<\/p><p class=\"ds-markdown-paragraph\">B\u1ea1n c\u1ea7n b\u00e1o gi\u00e1 ho\u1eb7c h\u1ed7 tr\u1ee3 k\u1ef9 thu\u1eadt? G\u1ecdi ngay Minh Ph\u00fa \u0111\u1ec3 \u0111\u01b0\u1ee3c t\u01b0 v\u1ea5n nhanh! \ud83d\ude80<\/p><\/div>\t\t\t\t\t\t<\/div>\n\t\t\t\t<\/div>\n\t\t\t\t\t<\/div>\n\t\t\t\t<\/div>\n\t\t\t\t<\/div>\n\t\t","protected":false},"excerpt":{"rendered":"<p>S\u1ed1 l\u01b0\u1ee3ng c\u00e1nh qu\u1ea1t\/b\u1ed9: 7 C\u00e1nh<br \/>\nS\u1ed1 WN: WN124-244<br \/>\nK\u00edch th\u01b0\u1edbc chu\u1ea9n : 95-41-4 mm<br \/>\nV\u1eadt li\u1ec7u c\u00e1nh qu\u1ea1t: cacbon \/ carbon<br \/>\nModel: DX 4.40\/X 4.40\/VX 4.40\/VT 4.40\/0-90 Serie B\u2026<\/p>\n","protected":false},"featured_media":7109,"comment_status":"open","ping_status":"closed","template":"","meta":{"_acf_changed":false},"product_brand":[],"product_cat":[701],"product_tag":[1223,1224,728,1222],"class_list":{"0":"post-7377","1":"product","2":"type-product","3":"status-publish","4":"has-post-thumbnail","6":"product_cat-canh-vanes-becker","7":"product_tag-1223","8":"product_tag-95-41-4","9":"product_tag-canh-than","10":"product_tag-wn124-244","12":"first","13":"instock","14":"shipping-taxable","15":"product-type-external"},"acf":[],"_links":{"self":[{"href":"https:\/\/mpvane.com\/en\/wp-json\/wp\/v2\/product\/7377","targetHints":{"allow":["GET"]}}],"collection":[{"href":"https:\/\/mpvane.com\/en\/wp-json\/wp\/v2\/product"}],"about":[{"href":"https:\/\/mpvane.com\/en\/wp-json\/wp\/v2\/types\/product"}],"replies":[{"embeddable":true,"href":"https:\/\/mpvane.com\/en\/wp-json\/wp\/v2\/comments?post=7377"}],"version-history":[{"count":6,"href":"https:\/\/mpvane.com\/en\/wp-json\/wp\/v2\/product\/7377\/revisions"}],"predecessor-version":[{"id":7389,"href":"https:\/\/mpvane.com\/en\/wp-json\/wp\/v2\/product\/7377\/revisions\/7389"}],"wp:featuredmedia":[{"embeddable":true,"href":"https:\/\/mpvane.com\/en\/wp-json\/wp\/v2\/media\/7109"}],"wp:attachment":[{"href":"https:\/\/mpvane.com\/en\/wp-json\/wp\/v2\/media?parent=7377"}],"wp:term":[{"taxonomy":"product_brand","embeddable":true,"href":"https:\/\/mpvane.com\/en\/wp-json\/wp\/v2\/product_brand?post=7377"},{"taxonomy":"product_cat","embeddable":true,"href":"https:\/\/mpvane.com\/en\/wp-json\/wp\/v2\/product_cat?post=7377"},{"taxonomy":"product_tag","embeddable":true,"href":"https:\/\/mpvane.com\/en\/wp-json\/wp\/v2\/product_tag?post=7377"}],"curies":[{"name":"wp","href":"https:\/\/api.w.org\/{rel}","templated":true}]}}