{"id":7244,"date":"2025-04-29T22:13:14","date_gmt":"2025-04-29T15:13:14","guid":{"rendered":"https:\/\/mpvane.com\/?post_type=product&#038;p=7244"},"modified":"2025-05-06T21:24:20","modified_gmt":"2025-05-06T14:24:20","slug":"bo-7-canh-quat-bang-carbon-dt-vt-40-90133100007wn124-116","status":"publish","type":"product","link":"https:\/\/mpvane.com\/en\/san-pham\/bo-7-canh-quat-bang-carbon-dt-vt-40-90133100007wn124-116\/","title":{"rendered":"B\u1ed9 7 c\u00e1nh qu\u1ea1t b\u1eb1ng carbon DT\/VT 40 90133100007|WN124-116"},"content":{"rendered":"<div id=\"ez-toc-container\" class=\"ez-toc-v2_0_75 counter-hierarchy ez-toc-counter ez-toc-grey ez-toc-container-direction\">\n<div class=\"ez-toc-title-container\">\n<p class=\"ez-toc-title\" style=\"cursor:inherit\">Table of Contents<\/p>\n<span class=\"ez-toc-title-toggle\"><a href=\"#\" class=\"ez-toc-pull-right ez-toc-btn ez-toc-btn-xs ez-toc-btn-default ez-toc-toggle\" aria-label=\"Toggle Table of Content\"><span class=\"ez-toc-js-icon-con\"><span class=\"\"><span class=\"eztoc-hide\" style=\"display:none;\">Toggle<\/span><span class=\"ez-toc-icon-toggle-span\"><svg style=\"fill: #999;color:#999\" xmlns=\"http:\/\/www.w3.org\/2000\/svg\" class=\"list-377408\" width=\"20px\" height=\"20px\" viewBox=\"0 0 24 24\" fill=\"none\"><path d=\"M6 6H4v2h2V6zm14 0H8v2h12V6zM4 11h2v2H4v-2zm16 0H8v2h12v-2zM4 16h2v2H4v-2zm16 0H8v2h12v-2z\" fill=\"currentColor\"><\/path><\/svg><svg style=\"fill: #999;color:#999\" class=\"arrow-unsorted-368013\" xmlns=\"http:\/\/www.w3.org\/2000\/svg\" width=\"10px\" height=\"10px\" viewBox=\"0 0 24 24\" version=\"1.2\" baseProfile=\"tiny\"><path d=\"M18.2 9.3l-6.2-6.3-6.2 6.3c-.2.2-.3.4-.3.7s.1.5.3.7c.2.2.4.3.7.3h11c.3 0 .5-.1.7-.3.2-.2.3-.5.3-.7s-.1-.5-.3-.7zM5.8 14.7l6.2 6.3 6.2-6.3c.2-.2.3-.5.3-.7s-.1-.5-.3-.7c-.2-.2-.4-.3-.7-.3h-11c-.3 0-.5.1-.7.3-.2.2-.3.5-.3.7s.1.5.3.7z\"\/><\/svg><\/span><\/span><\/span><\/a><\/span><\/div>\n<nav><ul class='ez-toc-list ez-toc-list-level-1 ' ><li class='ez-toc-page-1 ez-toc-heading-level-3'><a class=\"ez-toc-link ez-toc-heading-1\" href=\"https:\/\/mpvane.com\/en\/san-pham\/bo-7-canh-quat-bang-carbon-dt-vt-40-90133100007wn124-116\/#Thong_so_ky_thuat\" >Th\u00f4ng s\u1ed1 k\u1ef9 thu\u1eadt:<\/a><\/li><li class='ez-toc-page-1 ez-toc-heading-level-3'><a class=\"ez-toc-link ez-toc-heading-2\" href=\"https:\/\/mpvane.com\/en\/san-pham\/bo-7-canh-quat-bang-carbon-dt-vt-40-90133100007wn124-116\/#Luu_y_khi_su_dung\" >L\u01b0u \u00fd khi s\u1eed d\u1ee5ng:<\/a><\/li><li class='ez-toc-page-1 ez-toc-heading-level-3'><a class=\"ez-toc-link ez-toc-heading-3\" href=\"https:\/\/mpvane.com\/en\/san-pham\/bo-7-canh-quat-bang-carbon-dt-vt-40-90133100007wn124-116\/#Lien_he_dat_hang\" >Li\u00ean h\u1ec7 \u0111\u1eb7t h\u00e0ng:<\/a><\/li><\/ul><\/nav><\/div>\n\t\t<div data-elementor-type=\"wp-post\" data-elementor-id=\"7244\" class=\"elementor elementor-7244\">\n\t\t\t\t<div class=\"wd-negative-gap elementor-element elementor-element-3282dd29 e-flex e-con-boxed e-con e-parent\" data-id=\"3282dd29\" data-element_type=\"container\">\n\t\t\t\t\t<div class=\"e-con-inner\">\n\t\t\t\t<div class=\"elementor-element elementor-element-11df337a color-scheme-inherit text-left elementor-widget elementor-widget-text-editor\" data-id=\"11df337a\" data-element_type=\"widget\" data-widget_type=\"text-editor.default\">\n\t\t\t\t<div class=\"elementor-widget-container\">\n\t\t\t\t\t\t\t<div class=\"content--title\"><p class=\"ds-markdown-paragraph\">B\u1ed9 c\u00e1nh qu\u1ea1t carbon\u00a0<strong>Becker Original 90133100007 (m\u00e3 WN124-116)<\/strong>\u00a0l\u00e0 ph\u1ee5 t\u00f9ng ch\u00ednh h\u00e3ng d\u00e0nh cho m\u00e1y b\u01a1m ch\u00e2n kh\u00f4ng v\u00e0 m\u00e1y n\u00e9n kh\u00f4 c\u1ee7a Becker, c\u1ee5 th\u1ec3 c\u00e1c d\u00f2ng\u00a0<strong>DT 40<\/strong>\u00a0v\u00e0\u00a0<strong>VT 40<\/strong>. D\u01b0\u1edbi \u0111\u00e2y l\u00e0 th\u00f4ng tin chi ti\u1ebft:<\/p><h3><span class=\"ez-toc-section\" id=\"Thong_so_ky_thuat\"><\/span><strong>Th\u00f4ng s\u1ed1 k\u1ef9 thu\u1eadt<\/strong>:<span class=\"ez-toc-section-end\"><\/span><\/h3><ul><li><p class=\"ds-markdown-paragraph\"><strong>Ch\u1ea5t li\u1ec7u<\/strong>: Carbon (\u0111\u1ed9 b\u1ec1n cao, ch\u1ecbu m\u00e0i m\u00f2n t\u1ed1t).<\/p><\/li><li><p class=\"ds-markdown-paragraph\"><strong>K\u00edch th\u01b0\u1edbc<\/strong>:<\/p><ul><li><p class=\"ds-markdown-paragraph\">Chi\u1ec1u d\u00e0i:\u00a0<strong>105 mm<\/strong><\/p><\/li><li><p class=\"ds-markdown-paragraph\">Chi\u1ec1u r\u1ed9ng\/cao:\u00a0<strong>39 mm<\/strong><\/p><\/li><li><p class=\"ds-markdown-paragraph\">\u0110\u1ed9 d\u00e0y:\u00a0<strong>4 mm<\/strong><\/p><\/li><\/ul><\/li><li><p class=\"ds-markdown-paragraph\"><strong>S\u1ed1 l\u01b0\u1ee3ng<\/strong>: 7 c\u00e1nh qu\u1ea1t\/b\u1ed9.<\/p><\/li><li><p class=\"ds-markdown-paragraph\"><strong>C\u00f4ng d\u1ee5ng<\/strong>: D\u00f9ng \u0111\u1ec3 thay th\u1ebf cho c\u00e1nh qu\u1ea1t b\u1ecb m\u00f2n trong b\u01a1m ch\u00e2n kh\u00f4ng\/m\u00e1y n\u00e9n kh\u00f4 Becker.<\/p><\/li><\/ul><h3><span class=\"ez-toc-section\" id=\"Luu_y_khi_su_dung\"><\/span><strong>L\u01b0u \u00fd khi s\u1eed d\u1ee5ng<\/strong>:<span class=\"ez-toc-section-end\"><\/span><\/h3><ul><li><p class=\"ds-markdown-paragraph\"><strong>\u0110\u1ed9 m\u00f2n t\u1ed1i \u0111a<\/strong>: Becker khuy\u1ebfn c\u00e1o thay m\u1edbi khi c\u00e1nh qu\u1ea1t m\u00f2n v\u01b0\u1ee3t qu\u00e1\u00a0<strong>26 mm<\/strong>\u00a0(theo h\u01b0\u1edbng d\u1eabn v\u1eadn h\u00e0nh).<\/p><\/li><li><p class=\"ds-markdown-paragraph\"><strong>\u1ee8ng d\u1ee5ng<\/strong>: Ph\u00f9 h\u1ee3p cho c\u00e1c h\u1ec7 th\u1ed1ng y\u00eau c\u1ea7u \u0111\u1ed9 k\u00edn kh\u00ed v\u00e0 hi\u1ec7u su\u1ea5t cao, th\u01b0\u1eddng d\u00f9ng trong c\u00f4ng nghi\u1ec7p, y t\u1ebf, ph\u00f2ng th\u00ed nghi\u1ec7m.<\/p><\/li><\/ul><h3><span class=\"ez-toc-section\" id=\"Lien_he_dat_hang\"><\/span><strong>Li\u00ean h\u1ec7 \u0111\u1eb7t h\u00e0ng<\/strong>:<span class=\"ez-toc-section-end\"><\/span><\/h3><ul><li><p class=\"ds-markdown-paragraph\"><strong>C\u00f4ng ty TNHH K\u1ef9 Thu\u1eadt v\u00e0 D\u1ecbch V\u1ee5 Minh Ph\u00fa<\/strong><\/p><ul><li><p class=\"ds-markdown-paragraph\">Hotline:\u00a0<strong>0985 459 559<\/strong><\/p><\/li><li><p class=\"ds-markdown-paragraph\">Email:\u00a0<strong><a href=\"https:\/\/mailto:Sales@minhphuco.vn\/\" target=\"_blank\" rel=\"noopener noreferrer\">Sales@minhphuco.vn<\/a><\/strong><\/p><\/li><li><p class=\"ds-markdown-paragraph\">Zalo:\u00a0<strong>0985 490 343<\/strong>\u00a0ho\u1eb7c\u00a0<strong>0985 843 778<\/strong><\/p><\/li><\/ul><\/li><\/ul><p class=\"ds-markdown-paragraph\">B\u1ed9 c\u00e1nh qu\u1ea1t n\u00e0y l\u00e0 linh ki\u1ec7n ch\u00ednh h\u00e3ng, \u0111\u1ea3m b\u1ea3o t\u01b0\u01a1ng th\u00edch v\u00e0 hi\u1ec7u su\u1ea5t t\u1ed1i \u01b0u cho m\u00e1y b\u01a1m Becker c\u1ee7a b\u1ea1n. N\u1ebfu c\u1ea7n h\u1ed7 tr\u1ee3 k\u1ef9 thu\u1eadt ho\u1eb7c b\u00e1o gi\u00e1, b\u1ea1n c\u00f3 th\u1ec3 li\u00ean h\u1ec7 tr\u1ef1c ti\u1ebfp v\u1edbi Minh Ph\u00fa qua c\u00e1c k\u00eanh tr\u00ean.<\/p><p class=\"ds-markdown-paragraph\">*L\u01b0u \u00fd: Ki\u1ec3m tra model m\u00e1y (DT\/VT 40) tr\u01b0\u1edbc khi \u0111\u1eb7t mua \u0111\u1ec3 \u0111\u1ea3m b\u1ea3o ph\u00f9 h\u1ee3p.*<\/p><\/div>\t\t\t\t\t\t<\/div>\n\t\t\t\t<\/div>\n\t\t\t\t\t<\/div>\n\t\t\t\t<\/div>\n\t\t\t\t<\/div>\n\t\t","protected":false},"excerpt":{"rendered":"<p>S\u1ed1 l\u01b0\u1ee3ng c\u00e1nh qu\u1ea1t\/b\u1ed9: 7 C\u00e1nh<br \/>\nS\u1ed1 WN: WN124-116<br \/>\nK\u00edch th\u01b0\u1edbc chu\u1ea9n : 105-39-4 mm<br \/>\nV\u1eadt li\u1ec7u c\u00e1nh qu\u1ea1t: cacbon \/ carbon<br \/>\nModel: DT 40\/VT 40<\/p>\n","protected":false},"featured_media":7190,"comment_status":"open","ping_status":"closed","template":"","meta":{"_acf_changed":false},"product_brand":[],"product_cat":[701],"product_tag":[1164,1163,896,1162,728],"class_list":{"0":"post-7244","1":"product","2":"type-product","3":"status-publish","4":"has-post-thumbnail","6":"product_cat-canh-vanes-becker","7":"product_tag-becker-105-39-4","8":"product_tag-becker-90133100007","9":"product_tag-becker-carbon-set","10":"product_tag-becker-wn124-116","11":"product_tag-canh-than","13":"first","14":"instock","15":"shipping-taxable","16":"product-type-external"},"acf":[],"_links":{"self":[{"href":"https:\/\/mpvane.com\/en\/wp-json\/wp\/v2\/product\/7244","targetHints":{"allow":["GET"]}}],"collection":[{"href":"https:\/\/mpvane.com\/en\/wp-json\/wp\/v2\/product"}],"about":[{"href":"https:\/\/mpvane.com\/en\/wp-json\/wp\/v2\/types\/product"}],"replies":[{"embeddable":true,"href":"https:\/\/mpvane.com\/en\/wp-json\/wp\/v2\/comments?post=7244"}],"version-history":[{"count":5,"href":"https:\/\/mpvane.com\/en\/wp-json\/wp\/v2\/product\/7244\/revisions"}],"predecessor-version":[{"id":7533,"href":"https:\/\/mpvane.com\/en\/wp-json\/wp\/v2\/product\/7244\/revisions\/7533"}],"wp:featuredmedia":[{"embeddable":true,"href":"https:\/\/mpvane.com\/en\/wp-json\/wp\/v2\/media\/7190"}],"wp:attachment":[{"href":"https:\/\/mpvane.com\/en\/wp-json\/wp\/v2\/media?parent=7244"}],"wp:term":[{"taxonomy":"product_brand","embeddable":true,"href":"https:\/\/mpvane.com\/en\/wp-json\/wp\/v2\/product_brand?post=7244"},{"taxonomy":"product_cat","embeddable":true,"href":"https:\/\/mpvane.com\/en\/wp-json\/wp\/v2\/product_cat?post=7244"},{"taxonomy":"product_tag","embeddable":true,"href":"https:\/\/mpvane.com\/en\/wp-json\/wp\/v2\/product_tag?post=7244"}],"curies":[{"name":"wp","href":"https:\/\/api.w.org\/{rel}","templated":true}]}}