{"id":7237,"date":"2025-04-29T21:47:05","date_gmt":"2025-04-29T14:47:05","guid":{"rendered":"https:\/\/mpvane.com\/?post_type=product&#038;p=7237"},"modified":"2025-05-06T21:03:53","modified_gmt":"2025-05-06T14:03:53","slug":"bo-8-canh-quat-bang-carbon-dvt-100-90131600008wn124-090","status":"publish","type":"product","link":"https:\/\/mpvane.com\/en\/san-pham\/bo-8-canh-quat-bang-carbon-dvt-100-90131600008wn124-090\/","title":{"rendered":"B\u1ed9 8 c\u00e1nh qu\u1ea1t b\u1eb1ng carbon DVT 100 90131600008|WN124-090"},"content":{"rendered":"<div id=\"ez-toc-container\" class=\"ez-toc-v2_0_75 counter-hierarchy ez-toc-counter ez-toc-grey ez-toc-container-direction\">\n<div class=\"ez-toc-title-container\">\n<p class=\"ez-toc-title\" style=\"cursor:inherit\">Table of Contents<\/p>\n<span class=\"ez-toc-title-toggle\"><a href=\"#\" class=\"ez-toc-pull-right ez-toc-btn ez-toc-btn-xs ez-toc-btn-default ez-toc-toggle\" aria-label=\"Toggle Table of Content\"><span class=\"ez-toc-js-icon-con\"><span class=\"\"><span class=\"eztoc-hide\" style=\"display:none;\">Toggle<\/span><span class=\"ez-toc-icon-toggle-span\"><svg style=\"fill: #999;color:#999\" xmlns=\"http:\/\/www.w3.org\/2000\/svg\" class=\"list-377408\" width=\"20px\" height=\"20px\" viewBox=\"0 0 24 24\" fill=\"none\"><path d=\"M6 6H4v2h2V6zm14 0H8v2h12V6zM4 11h2v2H4v-2zm16 0H8v2h12v-2zM4 16h2v2H4v-2zm16 0H8v2h12v-2z\" fill=\"currentColor\"><\/path><\/svg><svg style=\"fill: #999;color:#999\" class=\"arrow-unsorted-368013\" xmlns=\"http:\/\/www.w3.org\/2000\/svg\" width=\"10px\" height=\"10px\" viewBox=\"0 0 24 24\" version=\"1.2\" baseProfile=\"tiny\"><path d=\"M18.2 9.3l-6.2-6.3-6.2 6.3c-.2.2-.3.4-.3.7s.1.5.3.7c.2.2.4.3.7.3h11c.3 0 .5-.1.7-.3.2-.2.3-.5.3-.7s-.1-.5-.3-.7zM5.8 14.7l6.2 6.3 6.2-6.3c.2-.2.3-.5.3-.7s-.1-.5-.3-.7c-.2-.2-.4-.3-.7-.3h-11c-.3 0-.5.1-.7.3-.2.2-.3.5-.3.7s.1.5.3.7z\"\/><\/svg><\/span><\/span><\/span><\/a><\/span><\/div>\n<nav><ul class='ez-toc-list ez-toc-list-level-1 ' ><li class='ez-toc-page-1 ez-toc-heading-level-3'><a class=\"ez-toc-link ez-toc-heading-1\" href=\"https:\/\/mpvane.com\/en\/san-pham\/bo-8-canh-quat-bang-carbon-dvt-100-90131600008wn124-090\/#Thong_so_ky_thuat\" >Th\u00f4ng s\u1ed1 k\u1ef9 thu\u1eadt<\/a><\/li><li class='ez-toc-page-1 ez-toc-heading-level-3'><a class=\"ez-toc-link ez-toc-heading-2\" href=\"https:\/\/mpvane.com\/en\/san-pham\/bo-8-canh-quat-bang-carbon-dvt-100-90131600008wn124-090\/#Huong_dan_thay_the\" >H\u01b0\u1edbng d\u1eabn thay th\u1ebf<\/a><\/li><li class='ez-toc-page-1 ez-toc-heading-level-3'><a class=\"ez-toc-link ez-toc-heading-3\" href=\"https:\/\/mpvane.com\/en\/san-pham\/bo-8-canh-quat-bang-carbon-dvt-100-90131600008wn124-090\/#Lien_he_dat_hang_ho_tro\" >Li\u00ean h\u1ec7 \u0111\u1eb7t h\u00e0ng &amp; h\u1ed7 tr\u1ee3<\/a><\/li><\/ul><\/nav><\/div>\n\t\t<div data-elementor-type=\"wp-post\" data-elementor-id=\"7237\" class=\"elementor elementor-7237\">\n\t\t\t\t<div class=\"wd-negative-gap elementor-element elementor-element-3282dd29 e-flex e-con-boxed e-con e-parent\" data-id=\"3282dd29\" data-element_type=\"container\">\n\t\t\t\t\t<div class=\"e-con-inner\">\n\t\t\t\t<div class=\"elementor-element elementor-element-11df337a color-scheme-inherit text-left elementor-widget elementor-widget-text-editor\" data-id=\"11df337a\" data-element_type=\"widget\" data-widget_type=\"text-editor.default\">\n\t\t\t\t<div class=\"elementor-widget-container\">\n\t\t\t\t\t\t\t<div class=\"content--title\"><p class=\"ds-markdown-paragraph\">Th\u00f4ng tin chi ti\u1ebft v\u1ec1\u00a0<strong>B\u1ed9 8 c\u00e1nh qu\u1ea1t carbon Becker Original (DVT 100)<\/strong>\u00a0nh\u01b0 sau:<\/p><h3><span class=\"ez-toc-section\" id=\"Thong_so_ky_thuat\"><\/span><strong>Th\u00f4ng s\u1ed1 k\u1ef9 thu\u1eadt<\/strong><span class=\"ez-toc-section-end\"><\/span><\/h3><ul><li><p class=\"ds-markdown-paragraph\"><strong>M\u00e3 s\u1ea3n ph\u1ea9m (P\/N):<\/strong>\u00a090131600008<\/p><\/li><li><p class=\"ds-markdown-paragraph\"><strong>M\u00e3 Becker:<\/strong>\u00a0WN124-090<\/p><\/li><li><p class=\"ds-markdown-paragraph\"><strong>Ch\u1ea5t li\u1ec7u:<\/strong>\u00a0Carbon<\/p><\/li><li><p class=\"ds-markdown-paragraph\"><strong>K\u00edch th\u01b0\u1edbc:<\/strong><\/p><ul><li><p class=\"ds-markdown-paragraph\">Chi\u1ec1u d\u00e0i:\u00a0<strong>227 mm<\/strong><\/p><\/li><li><p class=\"ds-markdown-paragraph\">Chi\u1ec1u r\u1ed9ng\/cao:\u00a0<strong>45 mm<\/strong><\/p><\/li><li><p class=\"ds-markdown-paragraph\">\u0110\u1ed9 d\u00e0y:\u00a0<strong>4 mm<\/strong><\/p><\/li><\/ul><\/li><li><p class=\"ds-markdown-paragraph\"><strong>S\u1ed1 l\u01b0\u1ee3ng:<\/strong>\u00a08 c\u00e1nh qu\u1ea1t trong 1 b\u1ed9<\/p><\/li><li><p class=\"ds-markdown-paragraph\"><strong>\u1ee8ng d\u1ee5ng:<\/strong>\u00a0D\u00f9ng cho\u00a0<strong>m\u00e1y b\u01a1m ch\u00e2n kh\u00f4ng &amp; m\u00e1y n\u00e9n kh\u00ed ch\u1ea1y kh\u00f4<\/strong>\u00a0Becker\u00a0<strong>DVT 100<\/strong><\/p><\/li><\/ul><h3><span class=\"ez-toc-section\" id=\"Huong_dan_thay_the\"><\/span><strong>H\u01b0\u1edbng d\u1eabn thay th\u1ebf<\/strong><span class=\"ez-toc-section-end\"><\/span><\/h3><ul><li><p class=\"ds-markdown-paragraph\">C\u00e1nh qu\u1ea1t carbon c\u00f3 th\u1ec3 b\u1ecb m\u00f2n sau th\u1eddi gian s\u1eed d\u1ee5ng.<\/p><\/li><li><p class=\"ds-markdown-paragraph\"><strong>M\u1ee9c m\u00f2n t\u1ed1i \u0111a cho ph\u00e9p (theo Becker):<\/strong>\u00a0<strong>28 mm<\/strong>\u00a0(n\u1ebfu v\u01b0\u1ee3t qu\u00e1 c\u1ea7n thay m\u1edbi).<\/p><\/li><\/ul><h3><span class=\"ez-toc-section\" id=\"Lien_he_dat_hang_ho_tro\"><\/span><strong>Li\u00ean h\u1ec7 \u0111\u1eb7t h\u00e0ng &amp; h\u1ed7 tr\u1ee3<\/strong><span class=\"ez-toc-section-end\"><\/span><\/h3><p class=\"ds-markdown-paragraph\">\ud83d\udcde\u00a0<strong>Hotline:<\/strong>\u00a0<strong>0985 459 559<\/strong><br \/>\u2709\u00a0<strong>Email:<\/strong>\u00a0<strong><a href=\"https:\/\/mailto:Sales@minhphuco.vn\/\" target=\"_blank\" rel=\"noopener noreferrer\">Sales@minhphuco.vn<\/a><\/strong><br \/>\ud83d\udcf1\u00a0<strong>Zalo:<\/strong><\/p><ul><li><p class=\"ds-markdown-paragraph\"><strong>0985 490 343<\/strong><\/p><\/li><li><p class=\"ds-markdown-paragraph\"><strong>0985 843 778<\/strong><\/p><\/li><\/ul><p class=\"ds-markdown-paragraph\">\ud83c\udfe2\u00a0<strong>C\u00f4ng ty TNHH K\u1ef9 Thu\u1eadt v\u00e0 D\u1ecbch V\u1ee5 Minh Ph\u00fa<\/strong><br \/>\ud83d\udd39\u00a0<em>Chuy\u00ean cung c\u1ea5p ph\u1ee5 t\u00f9ng ch\u00ednh h\u00e3ng Becker, t\u01b0 v\u1ea5n k\u1ef9 thu\u1eadt &amp; b\u1ea3o tr\u00ec m\u00e1y b\u01a1m ch\u00e2n kh\u00f4ng.<\/em><\/p><p class=\"ds-markdown-paragraph\">B\u1ea1n c\u1ea7n h\u1ed7 tr\u1ee3 th\u00eam th\u00f4ng tin ho\u1eb7c b\u00e1o gi\u00e1 chi ti\u1ebft? H\u00e3y li\u00ean h\u1ec7 ngay v\u1edbi Minh Ph\u00fa \u0111\u1ec3 \u0111\u01b0\u1ee3c t\u01b0 v\u1ea5n nhanh nh\u1ea5t! \ud83d\ude80<\/p><\/div>\t\t\t\t\t\t<\/div>\n\t\t\t\t<\/div>\n\t\t\t\t\t<\/div>\n\t\t\t\t<\/div>\n\t\t\t\t<\/div>\n\t\t","protected":false},"excerpt":{"rendered":"<p>S\u1ed1 l\u01b0\u1ee3ng c\u00e1nh qu\u1ea1t\/b\u1ed9: 8 C\u00e1nh<br \/>\nS\u1ed1 WN: WN124-090<br \/>\nK\u00edch th\u01b0\u1edbc chu\u1ea9n : 227-45-4 mm<br \/>\nV\u1eadt li\u1ec7u c\u00e1nh qu\u1ea1t: cacbon \/ carbon<br \/>\nModel: DVT 100<\/p>\n","protected":false},"featured_media":7111,"comment_status":"open","ping_status":"closed","template":"","meta":{"_acf_changed":false},"product_brand":[],"product_cat":[701],"product_tag":[1154,1153,896,1155,728],"class_list":{"0":"post-7237","1":"product","2":"type-product","3":"status-publish","4":"has-post-thumbnail","6":"product_cat-canh-vanes-becker","7":"product_tag-becker-227-45-4","8":"product_tag-becker-90131600008","9":"product_tag-becker-carbon-set","10":"product_tag-becker-wn124-090","11":"product_tag-canh-than","13":"first","14":"instock","15":"shipping-taxable","16":"product-type-external"},"acf":[],"_links":{"self":[{"href":"https:\/\/mpvane.com\/en\/wp-json\/wp\/v2\/product\/7237","targetHints":{"allow":["GET"]}}],"collection":[{"href":"https:\/\/mpvane.com\/en\/wp-json\/wp\/v2\/product"}],"about":[{"href":"https:\/\/mpvane.com\/en\/wp-json\/wp\/v2\/types\/product"}],"replies":[{"embeddable":true,"href":"https:\/\/mpvane.com\/en\/wp-json\/wp\/v2\/comments?post=7237"}],"version-history":[{"count":5,"href":"https:\/\/mpvane.com\/en\/wp-json\/wp\/v2\/product\/7237\/revisions"}],"predecessor-version":[{"id":7520,"href":"https:\/\/mpvane.com\/en\/wp-json\/wp\/v2\/product\/7237\/revisions\/7520"}],"wp:featuredmedia":[{"embeddable":true,"href":"https:\/\/mpvane.com\/en\/wp-json\/wp\/v2\/media\/7111"}],"wp:attachment":[{"href":"https:\/\/mpvane.com\/en\/wp-json\/wp\/v2\/media?parent=7237"}],"wp:term":[{"taxonomy":"product_brand","embeddable":true,"href":"https:\/\/mpvane.com\/en\/wp-json\/wp\/v2\/product_brand?post=7237"},{"taxonomy":"product_cat","embeddable":true,"href":"https:\/\/mpvane.com\/en\/wp-json\/wp\/v2\/product_cat?post=7237"},{"taxonomy":"product_tag","embeddable":true,"href":"https:\/\/mpvane.com\/en\/wp-json\/wp\/v2\/product_tag?post=7237"}],"curies":[{"name":"wp","href":"https:\/\/api.w.org\/{rel}","templated":true}]}}