{"id":7152,"date":"2025-04-28T22:30:02","date_gmt":"2025-04-28T15:30:02","guid":{"rendered":"https:\/\/mpvane.com\/?post_type=product&#038;p=7152"},"modified":"2025-05-05T16:56:56","modified_gmt":"2025-05-05T09:56:56","slug":"bo-8-canh-quat-bang-carbon-t10-90132700008wn124-003","status":"publish","type":"product","link":"https:\/\/mpvane.com\/en\/san-pham\/bo-8-canh-quat-bang-carbon-t10-90132700008wn124-003\/","title":{"rendered":"B\u1ed9 8 c\u00e1nh qu\u1ea1t b\u1eb1ng carbon T10| 90132700008|WN124-003"},"content":{"rendered":"\t\t<div data-elementor-type=\"wp-post\" data-elementor-id=\"7152\" class=\"elementor elementor-7152\">\n\t\t\t\t<div class=\"wd-negative-gap elementor-element elementor-element-3282dd29 e-flex e-con-boxed e-con e-parent\" data-id=\"3282dd29\" data-element_type=\"container\">\n\t\t\t\t\t<div class=\"e-con-inner\">\n\t\t\t\t<div class=\"elementor-element elementor-element-11df337a color-scheme-inherit text-left elementor-widget elementor-widget-text-editor\" data-id=\"11df337a\" data-element_type=\"widget\" data-widget_type=\"text-editor.default\">\n\t\t\t\t<div class=\"elementor-widget-container\">\n\t\t\t\t\t\t\t<div class=\"content--title\"><p class=\"ds-markdown-paragraph\"><strong>Th\u00f4ng tin chi ti\u1ebft s\u1ea3n ph\u1ea9m:<\/strong><\/p><p class=\"ds-markdown-paragraph\"><strong>T\u00ean s\u1ea3n ph\u1ea9m:<\/strong>\u00a0B\u1ed9 8 c\u00e1nh qu\u1ea1t b\u1eb1ng carbon Becker T10<br \/><strong>M\u00e3 s\u1ea3n ph\u1ea9m:<\/strong><\/p><ul><li><p class=\"ds-markdown-paragraph\">Becker Original:\u00a0<strong>90132700008<\/strong><\/p><\/li><li><p class=\"ds-markdown-paragraph\">M\u00e3 Becker:\u00a0<strong>WN124-003<\/strong><\/p><\/li><\/ul><p class=\"ds-markdown-paragraph\"><strong>Th\u00f4ng s\u1ed1 k\u1ef9 thu\u1eadt:<\/strong><\/p><ul><li><p class=\"ds-markdown-paragraph\">K\u00edch th\u01b0\u1edbc:\u00a0<strong>55 mm (chi\u1ec1u d\u00e0i) \u00d7 27 mm (chi\u1ec1u r\u1ed9ng\/cao) \u00d7 3 mm (\u0111\u1ed9 d\u00e0y)<\/strong><\/p><\/li><li><p class=\"ds-markdown-paragraph\">Ch\u1ea5t li\u1ec7u:\u00a0<strong>Carbon<\/strong><\/p><\/li><li><p class=\"ds-markdown-paragraph\">S\u1ed1 l\u01b0\u1ee3ng:\u00a0<strong>8 c\u00e1nh qu\u1ea1t\/b\u1ed9<\/strong><\/p><\/li><\/ul><p class=\"ds-markdown-paragraph\"><strong>\u1ee8ng d\u1ee5ng:<\/strong><\/p><ul><li><p class=\"ds-markdown-paragraph\">D\u00f9ng cho\u00a0<strong>m\u00e1y b\u01a1m ch\u00e2n kh\u00f4ng<\/strong>\u00a0v\u00e0\u00a0<strong>m\u00e1y n\u00e9n ch\u1ea1y kh\u00f4<\/strong>\u00a0c\u1ee7a h\u00e3ng Becker:<\/p><ul><li><p class=\"ds-markdown-paragraph\">D\u00f2ng\u00a0<strong>Becker T10 Serie B<\/strong>\u00a0(VD: DT 10, VT 10&#8230;).<\/p><\/li><\/ul><\/li><li><p class=\"ds-markdown-paragraph\">C\u00f4ng d\u1ee5ng: Thay th\u1ebf khi c\u00e1nh qu\u1ea1t b\u1ecb m\u00f2n theo th\u1eddi gian, \u0111\u1ea3m b\u1ea3o hi\u1ec7u su\u1ea5t ho\u1ea1t \u0111\u1ed9ng c\u1ee7a m\u00e1y.<\/p><\/li><\/ul><p class=\"ds-markdown-paragraph\"><strong>Khuy\u1ebfn c\u00e1o c\u1ee7a h\u00e3ng Becker:<\/strong><\/p><ul><li><p class=\"ds-markdown-paragraph\">Thay th\u1ebf khi \u0111\u1ed9 m\u00f2n v\u01b0\u1ee3t qu\u00e1\u00a0<strong>chi\u1ec1u cao 18 mm<\/strong>\u00a0(t\u00ednh t\u1eeb g\u1ed1c c\u00e1nh qu\u1ea1t).<\/p><\/li><\/ul><p class=\"ds-markdown-paragraph\"><strong>Li\u00ean h\u1ec7 \u0111\u1eb7t h\u00e0ng:<\/strong><\/p><ul><li><p class=\"ds-markdown-paragraph\"><strong>C\u00f4ng ty TNHH K\u1ef9 Thu\u1eadt v\u00e0 D\u1ecbch V\u1ee5 Minh Ph\u00fa<\/strong><\/p><\/li><li><p class=\"ds-markdown-paragraph\">Hotline:\u00a0<strong>0985 459 559<\/strong><\/p><\/li><li><p class=\"ds-markdown-paragraph\">Zalo:\u00a0<strong>0985 490 343<\/strong><\/p><\/li><li><p class=\"ds-markdown-paragraph\">Email:\u00a0<strong><a href=\"https:\/\/mailto:Sales@minhphuco.vn\/\" target=\"_blank\" rel=\"noopener noreferrer\">Sales@minhphuco.vn<\/a><\/strong><\/p><\/li><\/ul><p class=\"ds-markdown-paragraph\"><strong>L\u01b0u \u00fd:<\/strong><\/p><ul><li><p class=\"ds-markdown-paragraph\">Ki\u1ec3m tra \u0111\u1ecbnh k\u1ef3 v\u00e0 thay th\u1ebf c\u00e1nh qu\u1ea1t theo h\u01b0\u1edbng d\u1eabn v\u1eadn h\u00e0nh c\u1ee7a nh\u00e0 s\u1ea3n xu\u1ea5t \u0111\u1ec3 tr\u00e1nh h\u01b0 h\u1ecfng m\u00e1y.<\/p><\/li><li><p class=\"ds-markdown-paragraph\">S\u1eed d\u1ee5ng ph\u1ee5 t\u00f9ng ch\u00ednh h\u00e3ng \u0111\u1ec3 \u0111\u1ea3m b\u1ea3o \u0111\u1ed9 b\u1ec1n v\u00e0 an to\u00e0n khi v\u1eadn h\u00e0nh.<\/p><\/li><\/ul><p class=\"ds-markdown-paragraph\">\ud83d\udc49\u00a0<em>\u0110\u1ec3 \u0111\u01b0\u1ee3c t\u01b0 v\u1ea5n k\u1ef9 thu\u1eadt ho\u1eb7c b\u00e1o gi\u00e1 chi ti\u1ebft, vui l\u00f2ng li\u00ean h\u1ec7 tr\u1ef1c ti\u1ebfp v\u1edbi Minh Ph\u00fa qua th\u00f4ng tin tr\u00ean.<\/em><\/p><\/div>\t\t\t\t\t\t<\/div>\n\t\t\t\t<\/div>\n\t\t\t\t\t<\/div>\n\t\t\t\t<\/div>\n\t\t\t\t<\/div>\n\t\t","protected":false},"excerpt":{"rendered":"<table class=\"product--properties-table\">\n<tbody>\n<tr class=\"product--properties-row\">\n<td class=\"product--properties-label is--bold\">S\u1ed1 l\u01b0\u1ee3ng c\u00e1nh qu\u1ea1t\/b\u1ed9:<\/td>\n<td class=\"product--properties-value\">8<\/td>\n<\/tr>\n<tr class=\"product--properties-row\">\n<td class=\"product--properties-label is--bold\">S\u1ed1 WN:<\/td>\n<td class=\"product--properties-value\">WN124-003<\/td>\n<\/tr>\n<tr class=\"product--properties-row\">\n<td class=\"product--properties-label is--bold\">V\u1eadt li\u1ec7u c\u00e1nh qu\u1ea1t:<\/td>\n<td class=\"product--properties-value\">cacbon<\/td>\n<\/tr>\n<tr class=\"product--properties-row\">\n<td class=\"product--properties-label is--bold\">Model:<\/td>\n<td class=\"product--properties-value\">T10,DT 10 Serie B\u2026<br \/>\nVT 10 Serie B\u2026<\/td>\n<\/tr>\n<\/tbody>\n<\/table>\n","protected":false},"featured_media":7111,"comment_status":"open","ping_status":"closed","template":"","meta":{"_acf_changed":false},"product_brand":[],"product_cat":[701],"product_tag":[895,904,896,894,728],"class_list":{"0":"post-7152","1":"product","2":"type-product","3":"status-publish","4":"has-post-thumbnail","6":"product_cat-canh-vanes-becker","7":"product_tag-becker-55-27-3-mm","8":"product_tag-becker-90132700008","9":"product_tag-becker-carbon-set","10":"product_tag-becker-wn124-003","11":"product_tag-canh-than","13":"first","14":"instock","15":"shipping-taxable","16":"product-type-external"},"acf":[],"_links":{"self":[{"href":"https:\/\/mpvane.com\/en\/wp-json\/wp\/v2\/product\/7152","targetHints":{"allow":["GET"]}}],"collection":[{"href":"https:\/\/mpvane.com\/en\/wp-json\/wp\/v2\/product"}],"about":[{"href":"https:\/\/mpvane.com\/en\/wp-json\/wp\/v2\/types\/product"}],"replies":[{"embeddable":true,"href":"https:\/\/mpvane.com\/en\/wp-json\/wp\/v2\/comments?post=7152"}],"version-history":[{"count":6,"href":"https:\/\/mpvane.com\/en\/wp-json\/wp\/v2\/product\/7152\/revisions"}],"predecessor-version":[{"id":7295,"href":"https:\/\/mpvane.com\/en\/wp-json\/wp\/v2\/product\/7152\/revisions\/7295"}],"wp:featuredmedia":[{"embeddable":true,"href":"https:\/\/mpvane.com\/en\/wp-json\/wp\/v2\/media\/7111"}],"wp:attachment":[{"href":"https:\/\/mpvane.com\/en\/wp-json\/wp\/v2\/media?parent=7152"}],"wp:term":[{"taxonomy":"product_brand","embeddable":true,"href":"https:\/\/mpvane.com\/en\/wp-json\/wp\/v2\/product_brand?post=7152"},{"taxonomy":"product_cat","embeddable":true,"href":"https:\/\/mpvane.com\/en\/wp-json\/wp\/v2\/product_cat?post=7152"},{"taxonomy":"product_tag","embeddable":true,"href":"https:\/\/mpvane.com\/en\/wp-json\/wp\/v2\/product_tag?post=7152"}],"curies":[{"name":"wp","href":"https:\/\/api.w.org\/{rel}","templated":true}]}}