{"id":7108,"date":"2025-04-25T16:21:20","date_gmt":"2025-04-25T09:21:20","guid":{"rendered":"https:\/\/mpvane.com\/?post_type=product&#038;p=7108"},"modified":"2025-05-05T16:29:41","modified_gmt":"2025-05-05T09:29:41","slug":"bo-7-canh-quat-bang-carbon-t3-10-4-10-90132700007wn124-003","status":"publish","type":"product","link":"https:\/\/mpvane.com\/en\/san-pham\/bo-7-canh-quat-bang-carbon-t3-10-4-10-90132700007wn124-003\/","title":{"rendered":"B\u1ed9 7 c\u00e1nh qu\u1ea1t b\u1eb1ng carbon T3.10\/4.10 90132700007|WN124-003"},"content":{"rendered":"\t\t<div data-elementor-type=\"wp-post\" data-elementor-id=\"7108\" class=\"elementor elementor-7108\">\n\t\t\t\t<div class=\"wd-negative-gap elementor-element elementor-element-3282dd29 e-flex e-con-boxed e-con e-parent\" data-id=\"3282dd29\" data-element_type=\"container\">\n\t\t\t\t\t<div class=\"e-con-inner\">\n\t\t\t\t<div class=\"elementor-element elementor-element-11df337a color-scheme-inherit text-left elementor-widget elementor-widget-text-editor\" data-id=\"11df337a\" data-element_type=\"widget\" data-widget_type=\"text-editor.default\">\n\t\t\t\t<div class=\"elementor-widget-container\">\n\t\t\t\t\t\t\t<div class=\"content--title\"><p class=\"ds-markdown-paragraph\"><strong>Th\u00f4ng Tin Chi Ti\u1ebft S\u1ea3n Ph\u1ea9m: B\u1ed9 C\u00e1nh Qu\u1ea1t Carbon Becker T3.10\/4.10 (M\u00e3 90132700007)<\/strong><\/p><ul><li><p class=\"ds-markdown-paragraph\"><strong>M\u00e3 s\u1ea3n ph\u1ea9m:<\/strong><\/p><ul><li><p class=\"ds-markdown-paragraph\">Becker Original:\u00a0<strong>90132700007<\/strong><\/p><\/li><li><p class=\"ds-markdown-paragraph\">M\u00e3 Becker:\u00a0<strong>WN124-003<\/strong><\/p><\/li><\/ul><\/li><li><p class=\"ds-markdown-paragraph\"><strong>K\u00edch th\u01b0\u1edbc:<\/strong><\/p><ul><li><p class=\"ds-markdown-paragraph\">Chi\u1ec1u d\u00e0i:\u00a0<strong>55 mm<\/strong><\/p><\/li><li><p class=\"ds-markdown-paragraph\">Chi\u1ec1u r\u1ed9ng\/cao:\u00a0<strong>27 mm<\/strong><\/p><\/li><li><p class=\"ds-markdown-paragraph\">\u0110\u1ed9 d\u00e0y:\u00a0<strong>3 mm<\/strong><\/p><\/li><\/ul><\/li><li><p class=\"ds-markdown-paragraph\"><strong>Th\u00e0nh ph\u1ea7n:<\/strong><\/p><ul><li><p class=\"ds-markdown-paragraph\">B\u1ed9 g\u1ed3m\u00a0<strong>7 c\u00e1nh qu\u1ea1t<\/strong>\u00a0l\u00e0m b\u1eb1ng ch\u1ea5t li\u1ec7u\u00a0<strong>Carbon<\/strong>.<\/p><\/li><\/ul><\/li><li><p class=\"ds-markdown-paragraph\"><strong>\u1ee8ng d\u1ee5ng:<\/strong><\/p><ul><li><p class=\"ds-markdown-paragraph\">D\u00f9ng cho m\u00e1y b\u01a1m ch\u00e2n kh\u00f4ng v\u00e0 m\u00e1y n\u00e9n kh\u00f4 c\u1ee7a Becker:<\/p><ul><li><p class=\"ds-markdown-paragraph\">DT 3.10, DT 4.10 (k\u1ec3 c\u1ea3 lo\u1ea1i single-phase AC)<\/p><\/li><li><p class=\"ds-markdown-paragraph\">VT 3.10, VT 4.10 (k\u1ec3 c\u1ea3 VT4.10 Single-phase motor &#8211; Order number:\u00a0<strong>G008221<\/strong>)<\/p><\/li><li><p class=\"ds-markdown-paragraph\">T 3.10, T 4.10, T 4.10 DV<\/p><\/li><\/ul><\/li><\/ul><\/li><li><p class=\"ds-markdown-paragraph\"><strong>Khuy\u1ebfn c\u00e1o thay th\u1ebf:<\/strong><\/p><ul><li><p class=\"ds-markdown-paragraph\">Khi chi\u1ec1u cao c\u00e1nh qu\u1ea1t b\u1ecb m\u00f2n d\u01b0\u1edbi\u00a0<strong>18 mm<\/strong>, c\u1ea7n thay m\u1edbi theo h\u01b0\u1edbng d\u1eabn v\u1eadn h\u00e0nh.<\/p><\/li><\/ul><\/li><li><p class=\"ds-markdown-paragraph\"><strong>Li\u00ean h\u1ec7 \u0111\u1eb7t h\u00e0ng:<\/strong><\/p><ul><li><p class=\"ds-markdown-paragraph\"><strong>C\u00f4ng ty TNHH K\u1ef9 Thu\u1eadt v\u00e0 D\u1ecbch V\u1ee5 Minh Ph\u00fa<\/strong><\/p><\/li><li><p class=\"ds-markdown-paragraph\">Hotline:\u00a0<strong>0985 459 559<\/strong><\/p><\/li><li><p class=\"ds-markdown-paragraph\">Email:\u00a0<strong><a href=\"https:\/\/mailto:Sales@minhphuco.vn\/\" target=\"_blank\" rel=\"noopener noreferrer\">Sales@minhphuco.vn<\/a><\/strong><\/p><\/li><li><p class=\"ds-markdown-paragraph\">Zalo:\u00a0<strong>0985 490 343<\/strong><\/p><\/li><\/ul><\/li><\/ul><p class=\"ds-markdown-paragraph\"><em>Ghi ch\u00fa:<\/em>\u00a0S\u1ea3n ph\u1ea9m ph\u00f9 h\u1ee3p cho b\u1ea3o tr\u00ec, thay th\u1ebf \u0111\u1ecbnh k\u1ef3 \u0111\u1ec3 \u0111\u1ea3m b\u1ea3o hi\u1ec7u su\u1ea5t m\u00e1y b\u01a1m\/compressor<\/p><\/div>\t\t\t\t\t\t<\/div>\n\t\t\t\t<\/div>\n\t\t\t\t\t<\/div>\n\t\t\t\t<\/div>\n\t\t\t\t<\/div>\n\t\t","protected":false},"excerpt":{"rendered":"<table class=\"product--properties-table\">\n<tbody>\n<tr class=\"product--properties-row\">\n<td class=\"product--properties-label is--bold\">S\u1ed1 l\u01b0\u1ee3ng c\u00e1nh qu\u1ea1t\/b\u1ed9:<\/td>\n<td class=\"product--properties-value\">7<\/td>\n<\/tr>\n<tr class=\"product--properties-row\">\n<td class=\"product--properties-label is--bold\">S\u1ed1 WN:<\/td>\n<td class=\"product--properties-value\">WN124-003<\/td>\n<\/tr>\n<tr class=\"product--properties-row\">\n<td class=\"product--properties-label is--bold\">V\u1eadt li\u1ec7u c\u00e1nh qu\u1ea1t:<\/td>\n<td class=\"product--properties-value\">cacbon<\/td>\n<\/tr>\n<tr class=\"product--properties-row\">\n<td class=\"product--properties-label is--bold\">Model:<\/td>\n<td class=\"product--properties-value\">DT 3.10\/DT 4.10<br \/>\nVT 3.10\/VT 4.10<br \/>\nT 3.10\/T 4.10\/T 4.10 DV<\/td>\n<\/tr>\n<\/tbody>\n<\/table>\n","protected":false},"featured_media":7109,"comment_status":"open","ping_status":"closed","template":"","meta":{"_acf_changed":false},"product_brand":[],"product_cat":[701],"product_tag":[895,893,896,894,728],"class_list":{"0":"post-7108","1":"product","2":"type-product","3":"status-publish","4":"has-post-thumbnail","6":"product_cat-canh-vanes-becker","7":"product_tag-becker-55-27-3-mm","8":"product_tag-becker-90132700007","9":"product_tag-becker-carbon-set","10":"product_tag-becker-wn124-003","11":"product_tag-canh-than","13":"first","14":"instock","15":"shipping-taxable","16":"product-type-external"},"acf":[],"_links":{"self":[{"href":"https:\/\/mpvane.com\/en\/wp-json\/wp\/v2\/product\/7108","targetHints":{"allow":["GET"]}}],"collection":[{"href":"https:\/\/mpvane.com\/en\/wp-json\/wp\/v2\/product"}],"about":[{"href":"https:\/\/mpvane.com\/en\/wp-json\/wp\/v2\/types\/product"}],"replies":[{"embeddable":true,"href":"https:\/\/mpvane.com\/en\/wp-json\/wp\/v2\/comments?post=7108"}],"version-history":[{"count":21,"href":"https:\/\/mpvane.com\/en\/wp-json\/wp\/v2\/product\/7108\/revisions"}],"predecessor-version":[{"id":7273,"href":"https:\/\/mpvane.com\/en\/wp-json\/wp\/v2\/product\/7108\/revisions\/7273"}],"wp:featuredmedia":[{"embeddable":true,"href":"https:\/\/mpvane.com\/en\/wp-json\/wp\/v2\/media\/7109"}],"wp:attachment":[{"href":"https:\/\/mpvane.com\/en\/wp-json\/wp\/v2\/media?parent=7108"}],"wp:term":[{"taxonomy":"product_brand","embeddable":true,"href":"https:\/\/mpvane.com\/en\/wp-json\/wp\/v2\/product_brand?post=7108"},{"taxonomy":"product_cat","embeddable":true,"href":"https:\/\/mpvane.com\/en\/wp-json\/wp\/v2\/product_cat?post=7108"},{"taxonomy":"product_tag","embeddable":true,"href":"https:\/\/mpvane.com\/en\/wp-json\/wp\/v2\/product_tag?post=7108"}],"curies":[{"name":"wp","href":"https:\/\/api.w.org\/{rel}","templated":true}]}}